{"id":2890,"date":"2025-02-05T10:47:46","date_gmt":"2025-02-05T07:47:46","guid":{"rendered":"https:\/\/tgrupcam.com\/index.php\/piaci-ajanlat\/egyetlen-uveg\/"},"modified":"2025-05-20T16:42:28","modified_gmt":"2025-05-20T13:42:28","slug":"egyetlen-uveg","status":"publish","type":"page","link":"https:\/\/tgrupcam.com\/index.php\/piaci-ajanlat\/egyetlen-uveg\/?lang=hu","title":{"rendered":"Egyetlen \u00fcveg"},"content":{"rendered":"\t\t<div data-elementor-type=\"wp-page\" data-elementor-id=\"2890\" class=\"elementor elementor-2890 elementor-21\" data-elementor-post-type=\"page\">\n\t\t\t\t<div class=\"elementor-element elementor-element-2917278c e-con-full e-flex e-con e-parent\" data-id=\"2917278c\" data-element_type=\"container\" data-e-type=\"container\" data-settings=\"{&quot;background_background&quot;:&quot;classic&quot;,&quot;shape_divider_bottom&quot;:&quot;opacity-fan&quot;}\">\n\t\t\t\t<div class=\"elementor-shape elementor-shape-bottom\" aria-hidden=\"true\" data-negative=\"false\">\n\t\t\t<svg xmlns=\"http:\/\/www.w3.org\/2000\/svg\" viewBox=\"0 0 283.5 19.6\" preserveAspectRatio=\"none\">\n\t<path class=\"elementor-shape-fill\" style=\"opacity:0.33\" d=\"M0 0L0 18.8 141.8 4.1 283.5 18.8 283.5 0z\"\/>\n\t<path class=\"elementor-shape-fill\" style=\"opacity:0.33\" d=\"M0 0L0 12.6 141.8 4 283.5 12.6 283.5 0z\"\/>\n\t<path class=\"elementor-shape-fill\" style=\"opacity:0.33\" d=\"M0 0L0 6.4 141.8 4 283.5 6.4 283.5 0z\"\/>\n\t<path class=\"elementor-shape-fill\" d=\"M0 0L0 1.2 141.8 4 283.5 1.2 283.5 0z\"\/>\n<\/svg>\t\t<\/div>\n\t\t\t\t<div class=\"elementor-element elementor-element-2103e8e1 elementor-widget elementor-widget-heading\" data-id=\"2103e8e1\" data-element_type=\"widget\" data-e-type=\"widget\" data-widget_type=\"heading.default\">\n\t\t\t\t<div class=\"elementor-widget-container\">\n\t\t\t\t\t<h2 class=\"elementor-heading-title elementor-size-default\">EGYSZERES \u00dcVEG<\/h2>\t\t\t\t<\/div>\n\t\t\t\t<\/div>\n\t\t\t\t<\/div>\n\t\t<div class=\"elementor-element elementor-element-36332671 e-flex e-con-boxed e-con e-parent\" data-id=\"36332671\" data-element_type=\"container\" data-e-type=\"container\">\n\t\t\t\t\t<div class=\"e-con-inner\">\n\t\t\t\t<div class=\"elementor-element elementor-element-52e82087 elementor-widget elementor-widget-heading\" data-id=\"52e82087\" data-element_type=\"widget\" data-e-type=\"widget\" data-widget_type=\"heading.default\">\n\t\t\t\t<div class=\"elementor-widget-container\">\n\t\t\t\t\t<h2 class=\"elementor-heading-title elementor-size-default\">AZ EGYSZERES \u00dcVEGR\u0150L<\/h2>\t\t\t\t<\/div>\n\t\t\t\t<\/div>\n\t\t\t\t<div class=\"elementor-element elementor-element-45aab914 elementor-widget elementor-widget-text-editor\" data-id=\"45aab914\" data-element_type=\"widget\" data-e-type=\"widget\" data-widget_type=\"text-editor.default\">\n\t\t\t\t<div class=\"elementor-widget-container\">\n\t\t\t\t\t\t\t\t\t<p>A <strong>T Grup Cam<\/strong>-n\u00e1l <strong>kiv\u00e1l\u00f3 min\u0151s\u00e9g\u0171, egyr\u00e9teg\u0171 \u00fcvegez\u00e9si megold\u00e1sokat<\/strong> k\u00edn\u00e1lunk sz\u00e9les k\u00f6r\u0171 <strong>\u00e9p\u00edt\u00e9szeti, ipari \u00e9s dekor\u00e1ci\u00f3s alkalmaz\u00e1sokhoz<\/strong>. <strong>Egyr\u00e9teg\u0171 \u00fcveg\u00fcnk<\/strong> k\u00fcl\u00f6nb\u00f6z\u0151 <strong>vastags\u00e1gokban, fel\u00fcletkezel\u00e9sekben \u00e9s bevonatokban<\/strong> kaphat\u00f3, rugalmass\u00e1got biztos\u00edtva a tervez\u00e9s \u00e9s a funkcionalit\u00e1s ter\u00e9n.<\/p>\n<p><strong>El\u0151ny\u00f6k:<\/strong><\/p>\n<p>\u2705 <strong>Sokoldal\u00fa alkalmaz\u00e1sok<\/strong> \u2013 Alkalmas <strong>ablakokhoz, ajt\u00f3khoz, v\u00e1laszfalakhoz \u00e9s b\u00fatorokhoz<\/strong>.<\/p>\n<p>\u2705 <strong>Testreszabhat\u00f3 opci\u00f3k<\/strong> \u2013 El\u00e9rhet\u0151 <strong>\u00e1tl\u00e1tsz\u00f3, sz\u00ednezett, matt \u00e9s bevonatos v\u00e1ltozatokban<\/strong>.<\/p>\n<p>\u2705 <strong>Nagy optikai tisztas\u00e1g<\/strong> \u2013 Biztos\u00edtja a <strong>maxim\u00e1lis \u00e1tl\u00e1tsz\u00f3s\u00e1got \u00e9s f\u00e9ny\u00e1tereszt\u00e9st<\/strong>.<\/p>\n<p>\u2705 <strong>Kompatibilis tov\u00e1bbi elj\u00e1r\u00e1sokkal<\/strong> \u2013 <strong>edzhet\u0151, lamin\u00e1lhat\u00f3 vagy digit\u00e1lisan nyomtathat\u00f3<\/strong> a fokozott teljes\u00edtm\u00e9ny \u00e9rdek\u00e9ben.<br \/>\u2705 <strong>K\u00f6lts\u00e9ghat\u00e9kony megold\u00e1s<\/strong> \u2013 Ide\u00e1lis olyan projektekhez, amelyek <strong>funkcion\u00e1lis, m\u00e9gis gazdas\u00e1gos \u00fcvegmegold\u00e1sokat<\/strong> ig\u00e9nyelnek.<\/p>\n<p><strong>Alkalmaz\u00e1si ter\u00fcletek:<\/strong><\/p>\n<ul>\n<li><strong>Lak\u00f3- \u00e9s kereskedelmi ablakok<\/strong><\/li>\n<li><strong>Bels\u0151 v\u00e1laszfalak \u00e9s irod\u00e1k<\/strong><\/li>\n<li><strong>\u00dczletkirakatok \u00e9s vitrinek<\/strong><\/li>\n<li><strong>T\u00fckr\u00f6k \u00e9s dekorat\u00edv panelek<\/strong><\/li>\n<li><strong>B\u00fatorok \u00e9s polcok<\/strong><\/li>\n<\/ul>\n<p><strong>egyetlen \u00fcveg\u00fcnk<\/strong> tov\u00e1bb feldolgozhat\u00f3, hogy megfeleljen az <strong>specifikus projektk\u00f6vetelm\u00e9nyeknek<\/strong>, biztos\u00edtva a <strong>tart\u00f3ss\u00e1got, biztons\u00e1got \u00e9s energiahat\u00e9konys\u00e1got<\/strong>.<\/p>\n\t\t\t\t\t\t\t\t<\/div>\n\t\t\t\t<\/div>\n\t\t\t\t\t<\/div>\n\t\t\t\t<\/div>\n\t\t<div class=\"elementor-element elementor-element-7fb56903 e-flex e-con-boxed e-con e-parent\" data-id=\"7fb56903\" data-element_type=\"container\" data-e-type=\"container\" data-settings=\"{&quot;background_background&quot;:&quot;classic&quot;,&quot;background_motion_fx_motion_fx_scrolling&quot;:&quot;yes&quot;,&quot;background_motion_fx_translateY_effect&quot;:&quot;yes&quot;,&quot;background_motion_fx_translateY_speed&quot;:{&quot;unit&quot;:&quot;px&quot;,&quot;size&quot;:4,&quot;sizes&quot;:[]},&quot;background_motion_fx_translateY_affectedRange&quot;:{&quot;unit&quot;:&quot;%&quot;,&quot;size&quot;:&quot;&quot;,&quot;sizes&quot;:{&quot;start&quot;:0,&quot;end&quot;:100}},&quot;background_motion_fx_devices&quot;:[&quot;desktop&quot;,&quot;tablet&quot;,&quot;mobile&quot;]}\">\n\t\t\t\t\t<div class=\"e-con-inner\">\n\t\t\t\t<div class=\"elementor-element elementor-element-231758f2 elementor-widget elementor-widget-heading\" data-id=\"231758f2\" data-element_type=\"widget\" data-e-type=\"widget\" data-widget_type=\"heading.default\">\n\t\t\t\t<div class=\"elementor-widget-container\">\n\t\t\t\t\t<h2 class=\"elementor-heading-title elementor-size-default\">Folyamatosan m\u00f3dos\u00edtjuk gy\u00e1rt\u00e1si folyamatainkat \u00e9s szok\u00e1sainkat, hogy korl\u00e1tozzuk a k\u00f6rnyezetre gyakorolt negat\u00edv hat\u00e1sokat.<\/h2>\t\t\t\t<\/div>\n\t\t\t\t<\/div>\n\t\t\t\t<div class=\"elementor-element elementor-element-2669d356 elementor-widget elementor-widget-text-editor\" data-id=\"2669d356\" data-element_type=\"widget\" data-e-type=\"widget\" data-widget_type=\"text-editor.default\">\n\t\t\t\t<div class=\"elementor-widget-container\">\n\t\t\t\t\t\t\t\t\t<p>A v\u00e1ltoz\u00e1sok el\u0151seg\u00edt\u00e9se \u00e9rdek\u00e9ben bevezett\u00fck az ISO 14001 szabv\u00e1nyt, a k\u00f6rnyezetv\u00e9delem vil\u00e1gszerte \u00e9rv\u00e9nyes ir\u00e1ny\u00edt\u00e1si rendszer\u00e9t.<\/p>\n\t\t\t\t\t\t\t\t<\/div>\n\t\t\t\t<\/div>\n\t\t\t\t<div class=\"elementor-element elementor-element-3df90953 elementor-align-center elementor-widget elementor-widget-button\" data-id=\"3df90953\" data-element_type=\"widget\" data-e-type=\"widget\" data-widget_type=\"button.default\">\n\t\t\t\t<div class=\"elementor-widget-container\">\n\t\t\t\t\t\t\t\t\t<div class=\"elementor-button-wrapper\">\n\t\t\t\t\t<a class=\"elementor-button elementor-button-link elementor-size-sm\" href=\"https:\/\/tgrupcam.com\/index.php\/contact\/\">\n\t\t\t\t\t\t<span class=\"elementor-button-content-wrapper\">\n\t\t\t\t\t\t\t\t\t<span class=\"elementor-button-text\">Kapcsolatfelv\u00e9tel<\/span>\n\t\t\t\t\t<\/span>\n\t\t\t\t\t<\/a>\n\t\t\t\t<\/div>\n\t\t\t\t\t\t\t\t<\/div>\n\t\t\t\t<\/div>\n\t\t\t\t\t<\/div>\n\t\t\t\t<\/div>\n\t\t\t\t<\/div>\n\t\t","protected":false},"excerpt":{"rendered":"<p>EGYSZERES \u00dcVEG AZ EGYSZERES \u00dcVEGR\u0150L A T Grup Cam-n\u00e1l kiv\u00e1l\u00f3 min\u0151s\u00e9g\u0171, egyr\u00e9teg\u0171 \u00fcvegez\u00e9si megold\u00e1sokat k\u00edn\u00e1lunk sz\u00e9les k\u00f6r\u0171 \u00e9p\u00edt\u00e9szeti, ipari \u00e9s dekor\u00e1ci\u00f3s alkalmaz\u00e1sokhoz. Egyr\u00e9teg\u0171 \u00fcveg\u00fcnk k\u00fcl\u00f6nb\u00f6z\u0151 vastags\u00e1gokban, fel\u00fcletkezel\u00e9sekben \u00e9s bevonatokban kaphat\u00f3, rugalmass\u00e1got biztos\u00edtva a tervez\u00e9s \u00e9s a funkcionalit\u00e1s ter\u00e9n. El\u0151ny\u00f6k: \u2705 Sokoldal\u00fa alkalmaz\u00e1sok \u2013 Alkalmas ablakokhoz, ajt\u00f3khoz, v\u00e1laszfalakhoz \u00e9s b\u00fatorokhoz. \u2705 Testreszabhat\u00f3 opci\u00f3k \u2013 El\u00e9rhet\u0151 \u00e1tl\u00e1tsz\u00f3, [&hellip;]<\/p>\n","protected":false},"author":1,"featured_media":0,"parent":2462,"menu_order":0,"comment_status":"closed","ping_status":"closed","template":"elementor_header_footer","meta":{"footnotes":""},"class_list":["post-2890","page","type-page","status-publish","hentry"],"_links":{"self":[{"href":"https:\/\/tgrupcam.com\/index.php\/wp-json\/wp\/v2\/pages\/2890","targetHints":{"allow":["GET"]}}],"collection":[{"href":"https:\/\/tgrupcam.com\/index.php\/wp-json\/wp\/v2\/pages"}],"about":[{"href":"https:\/\/tgrupcam.com\/index.php\/wp-json\/wp\/v2\/types\/page"}],"author":[{"embeddable":true,"href":"https:\/\/tgrupcam.com\/index.php\/wp-json\/wp\/v2\/users\/1"}],"replies":[{"embeddable":true,"href":"https:\/\/tgrupcam.com\/index.php\/wp-json\/wp\/v2\/comments?post=2890"}],"version-history":[{"count":0,"href":"https:\/\/tgrupcam.com\/index.php\/wp-json\/wp\/v2\/pages\/2890\/revisions"}],"up":[{"embeddable":true,"href":"https:\/\/tgrupcam.com\/index.php\/wp-json\/wp\/v2\/pages\/2462"}],"wp:attachment":[{"href":"https:\/\/tgrupcam.com\/index.php\/wp-json\/wp\/v2\/media?parent=2890"}],"curies":[{"name":"wp","href":"https:\/\/api.w.org\/{rel}","templated":true}]}}