{"id":2896,"date":"2025-02-05T10:47:46","date_gmt":"2025-02-05T07:47:46","guid":{"rendered":"https:\/\/tgrupcam.com\/index.php\/marktangebot\/einzelglas\/"},"modified":"2025-05-20T16:45:01","modified_gmt":"2025-05-20T13:45:01","slug":"einzelglas","status":"publish","type":"page","link":"https:\/\/tgrupcam.com\/index.php\/marktangebot\/einzelglas\/?lang=de","title":{"rendered":"Einzelglas"},"content":{"rendered":"\t\t<div data-elementor-type=\"wp-page\" data-elementor-id=\"2896\" class=\"elementor elementor-2896 elementor-21\" data-elementor-post-type=\"page\">\n\t\t\t\t<div class=\"elementor-element elementor-element-2917278c e-con-full e-flex e-con e-parent\" data-id=\"2917278c\" data-element_type=\"container\" data-e-type=\"container\" data-settings=\"{&quot;background_background&quot;:&quot;classic&quot;,&quot;shape_divider_bottom&quot;:&quot;opacity-fan&quot;}\">\n\t\t\t\t<div class=\"elementor-shape elementor-shape-bottom\" aria-hidden=\"true\" data-negative=\"false\">\n\t\t\t<svg xmlns=\"http:\/\/www.w3.org\/2000\/svg\" viewBox=\"0 0 283.5 19.6\" preserveAspectRatio=\"none\">\n\t<path class=\"elementor-shape-fill\" style=\"opacity:0.33\" d=\"M0 0L0 18.8 141.8 4.1 283.5 18.8 283.5 0z\"\/>\n\t<path class=\"elementor-shape-fill\" style=\"opacity:0.33\" d=\"M0 0L0 12.6 141.8 4 283.5 12.6 283.5 0z\"\/>\n\t<path class=\"elementor-shape-fill\" style=\"opacity:0.33\" d=\"M0 0L0 6.4 141.8 4 283.5 6.4 283.5 0z\"\/>\n\t<path class=\"elementor-shape-fill\" d=\"M0 0L0 1.2 141.8 4 283.5 1.2 283.5 0z\"\/>\n<\/svg>\t\t<\/div>\n\t\t\t\t<div class=\"elementor-element elementor-element-2103e8e1 elementor-widget elementor-widget-heading\" data-id=\"2103e8e1\" data-element_type=\"widget\" data-e-type=\"widget\" data-widget_type=\"heading.default\">\n\t\t\t\t<div class=\"elementor-widget-container\">\n\t\t\t\t\t<h2 class=\"elementor-heading-title elementor-size-default\">EINZELGLAS<\/h2>\t\t\t\t<\/div>\n\t\t\t\t<\/div>\n\t\t\t\t<\/div>\n\t\t<div class=\"elementor-element elementor-element-36332671 e-flex e-con-boxed e-con e-parent\" data-id=\"36332671\" data-element_type=\"container\" data-e-type=\"container\">\n\t\t\t\t\t<div class=\"e-con-inner\">\n\t\t\t\t<div class=\"elementor-element elementor-element-52e82087 elementor-widget elementor-widget-heading\" data-id=\"52e82087\" data-element_type=\"widget\" data-e-type=\"widget\" data-widget_type=\"heading.default\">\n\t\t\t\t<div class=\"elementor-widget-container\">\n\t\t\t\t\t<h2 class=\"elementor-heading-title elementor-size-default\">\u00dcBER EINZELGLAS<\/h2>\t\t\t\t<\/div>\n\t\t\t\t<\/div>\n\t\t\t\t<div class=\"elementor-element elementor-element-45aab914 elementor-widget elementor-widget-text-editor\" data-id=\"45aab914\" data-element_type=\"widget\" data-e-type=\"widget\" data-widget_type=\"text-editor.default\">\n\t\t\t\t<div class=\"elementor-widget-container\">\n\t\t\t\t\t\t\t\t\t<p>Bei <strong>T Grup Cam<\/strong> bieten wir <strong>hochwertige Einzelglasl\u00f6sungen<\/strong> f\u00fcr eine breite Palette von <strong>architektonischen, industriellen und dekorativen Anwendungen<\/strong>. Unser <strong>Einscheibenglas<\/strong> ist in verschiedenen <strong>St\u00e4rken, Ausf\u00fchrungen und Beschichtungen<\/strong> erh\u00e4ltlich und bietet Flexibilit\u00e4t in Design und Funktionalit\u00e4t.<\/p>\n<p><strong>Vorteile:<\/strong><\/p>\n<p>\u2705 <strong>Vielseitige Anwendungen<\/strong> \u2013 Geeignet f\u00fcr <strong>Fenster, T\u00fcren, Trennw\u00e4nde und M\u00f6bel<\/strong>.<br \/>\u2705 <strong>Anpassbare Optionen<\/strong> \u2013 Erh\u00e4ltlich in <strong>klaren, get\u00f6nten, mattierten und beschichteten Varianten<\/strong>.<br \/>\u2705 <strong>Hohe optische Klarheit<\/strong> \u2013 Gew\u00e4hrleistet <strong>maximale Transparenz und Lichtdurchl\u00e4ssigkeit<\/strong>.<br \/>\u2705 <strong>Kompatibel mit zus\u00e4tzlichen Verfahren<\/strong> \u2013 Kann f\u00fcr eine verbesserte Leistung <strong>geh\u00e4rtet, laminiert oder digital bedruckt<\/strong> werden.<br \/>\u2705 <strong>Kosteng\u00fcnstige L\u00f6sung<\/strong> \u2013 Ideal f\u00fcr Projekte, die <strong>Funktionale und dennoch wirtschaftliche Glasl\u00f6sungen<\/strong>.<\/p>\n<p><strong>Anwendungen:<\/strong><\/p>\n<ul>\n<li><strong>Wohn- und Gewerbefenster<\/strong><\/li>\n<li><strong>Innentrennw\u00e4nde und B\u00fcror\u00e4ume<\/strong><\/li>\n<li><strong>Schaufenster und Vitrinen<\/strong><\/li>\n<li><strong>Spiegel und Dekorplatten<\/strong><\/li>\n<li><strong>M\u00f6bel und Regale<\/strong><\/li>\n<\/ul>\n<p>Unser <strong>Einzelglas<\/strong> kann weiterverarbeitet werden, um <strong>spezifische Projektanforderungen<\/strong> zu erf\u00fcllen und so <strong>Haltbarkeit, Sicherheit und Energieeffizienz<\/strong> zu gew\u00e4hrleisten.<\/p>\n\t\t\t\t\t\t\t\t<\/div>\n\t\t\t\t<\/div>\n\t\t\t\t\t<\/div>\n\t\t\t\t<\/div>\n\t\t<div class=\"elementor-element elementor-element-7fb56903 e-flex e-con-boxed e-con e-parent\" data-id=\"7fb56903\" data-element_type=\"container\" data-e-type=\"container\" data-settings=\"{&quot;background_background&quot;:&quot;classic&quot;,&quot;background_motion_fx_motion_fx_scrolling&quot;:&quot;yes&quot;,&quot;background_motion_fx_translateY_effect&quot;:&quot;yes&quot;,&quot;background_motion_fx_translateY_speed&quot;:{&quot;unit&quot;:&quot;px&quot;,&quot;size&quot;:4,&quot;sizes&quot;:[]},&quot;background_motion_fx_translateY_affectedRange&quot;:{&quot;unit&quot;:&quot;%&quot;,&quot;size&quot;:&quot;&quot;,&quot;sizes&quot;:{&quot;start&quot;:0,&quot;end&quot;:100}},&quot;background_motion_fx_devices&quot;:[&quot;desktop&quot;,&quot;tablet&quot;,&quot;mobile&quot;]}\">\n\t\t\t\t\t<div class=\"e-con-inner\">\n\t\t\t\t<div class=\"elementor-element elementor-element-231758f2 elementor-widget elementor-widget-heading\" data-id=\"231758f2\" data-element_type=\"widget\" data-e-type=\"widget\" data-widget_type=\"heading.default\">\n\t\t\t\t<div class=\"elementor-widget-container\">\n\t\t\t\t\t<h2 class=\"elementor-heading-title elementor-size-default\">Wir modifizieren st\u00e4ndig unsere Herstellungsprozesse und \u00e4ndern unsere Gewohnheiten, um die negativen Auswirkungen auf die Umwelt zu begrenzen.<\/h2>\t\t\t\t<\/div>\n\t\t\t\t<\/div>\n\t\t\t\t<div class=\"elementor-element elementor-element-2669d356 elementor-widget elementor-widget-text-editor\" data-id=\"2669d356\" data-element_type=\"widget\" data-e-type=\"widget\" data-widget_type=\"text-editor.default\">\n\t\t\t\t<div class=\"elementor-widget-container\">\n\t\t\t\t\t\t\t\t\t<p>Um die Ver\u00e4nderungen zu erleichtern, haben wir ISO 14001 eingef\u00fchrt, das weltweite Managementsystem f\u00fcr Umweltschutz.<\/p>\n\t\t\t\t\t\t\t\t<\/div>\n\t\t\t\t<\/div>\n\t\t\t\t<div class=\"elementor-element elementor-element-3df90953 elementor-align-center elementor-widget elementor-widget-button\" data-id=\"3df90953\" data-element_type=\"widget\" data-e-type=\"widget\" data-widget_type=\"button.default\">\n\t\t\t\t<div class=\"elementor-widget-container\">\n\t\t\t\t\t\t\t\t\t<div class=\"elementor-button-wrapper\">\n\t\t\t\t\t<a class=\"elementor-button elementor-button-link elementor-size-sm\" href=\"https:\/\/tgrupcam.com\/index.php\/kontakt\/?lang=de\">\n\t\t\t\t\t\t<span class=\"elementor-button-content-wrapper\">\n\t\t\t\t\t\t\t\t\t<span class=\"elementor-button-text\">Kontaktieren Sie uns<\/span>\n\t\t\t\t\t<\/span>\n\t\t\t\t\t<\/a>\n\t\t\t\t<\/div>\n\t\t\t\t\t\t\t\t<\/div>\n\t\t\t\t<\/div>\n\t\t\t\t\t<\/div>\n\t\t\t\t<\/div>\n\t\t\t\t<\/div>\n\t\t","protected":false},"excerpt":{"rendered":"<p>EINZELGLAS \u00dcBER EINZELGLAS Bei T Grup Cam bieten wir hochwertige Einzelglasl\u00f6sungen f\u00fcr eine breite Palette von architektonischen, industriellen und dekorativen Anwendungen. Unser Einscheibenglas ist in verschiedenen St\u00e4rken, Ausf\u00fchrungen und Beschichtungen erh\u00e4ltlich und bietet Flexibilit\u00e4t in Design und Funktionalit\u00e4t. Vorteile: \u2705 Vielseitige Anwendungen \u2013 Geeignet f\u00fcr Fenster, T\u00fcren, Trennw\u00e4nde und M\u00f6bel.\u2705 Anpassbare Optionen \u2013 Erh\u00e4ltlich in [&hellip;]<\/p>\n","protected":false},"author":1,"featured_media":0,"parent":2468,"menu_order":0,"comment_status":"closed","ping_status":"closed","template":"elementor_header_footer","meta":{"footnotes":""},"class_list":["post-2896","page","type-page","status-publish","hentry"],"_links":{"self":[{"href":"https:\/\/tgrupcam.com\/index.php\/wp-json\/wp\/v2\/pages\/2896","targetHints":{"allow":["GET"]}}],"collection":[{"href":"https:\/\/tgrupcam.com\/index.php\/wp-json\/wp\/v2\/pages"}],"about":[{"href":"https:\/\/tgrupcam.com\/index.php\/wp-json\/wp\/v2\/types\/page"}],"author":[{"embeddable":true,"href":"https:\/\/tgrupcam.com\/index.php\/wp-json\/wp\/v2\/users\/1"}],"replies":[{"embeddable":true,"href":"https:\/\/tgrupcam.com\/index.php\/wp-json\/wp\/v2\/comments?post=2896"}],"version-history":[{"count":0,"href":"https:\/\/tgrupcam.com\/index.php\/wp-json\/wp\/v2\/pages\/2896\/revisions"}],"up":[{"embeddable":true,"href":"https:\/\/tgrupcam.com\/index.php\/wp-json\/wp\/v2\/pages\/2468"}],"wp:attachment":[{"href":"https:\/\/tgrupcam.com\/index.php\/wp-json\/wp\/v2\/media?parent=2896"}],"curies":[{"name":"wp","href":"https:\/\/api.w.org\/{rel}","templated":true}]}}