{"id":2918,"date":"2025-02-05T11:49:31","date_gmt":"2025-02-05T08:49:31","guid":{"rendered":"https:\/\/tgrupcam.com\/index.php\/marktangebot\/verglaste-einheiten\/sonnenschutzglas\/"},"modified":"2025-05-20T17:02:56","modified_gmt":"2025-05-20T14:02:56","slug":"sonnenschutzglas","status":"publish","type":"page","link":"https:\/\/tgrupcam.com\/index.php\/marktangebot\/verglaste-einheiten\/sonnenschutzglas\/?lang=de","title":{"rendered":"Sonnenschutzglas"},"content":{"rendered":"\t\t<div data-elementor-type=\"wp-page\" data-elementor-id=\"2918\" class=\"elementor elementor-2918 elementor-28\" data-elementor-post-type=\"page\">\n\t\t\t\t<div class=\"elementor-element elementor-element-38900bd7 e-con-full e-flex e-con e-parent\" data-id=\"38900bd7\" data-element_type=\"container\" data-e-type=\"container\" data-settings=\"{&quot;background_background&quot;:&quot;classic&quot;,&quot;shape_divider_bottom&quot;:&quot;opacity-fan&quot;}\">\n\t\t\t\t<div class=\"elementor-shape elementor-shape-bottom\" aria-hidden=\"true\" data-negative=\"false\">\n\t\t\t<svg xmlns=\"http:\/\/www.w3.org\/2000\/svg\" viewBox=\"0 0 283.5 19.6\" preserveAspectRatio=\"none\">\n\t<path class=\"elementor-shape-fill\" style=\"opacity:0.33\" d=\"M0 0L0 18.8 141.8 4.1 283.5 18.8 283.5 0z\"\/>\n\t<path class=\"elementor-shape-fill\" style=\"opacity:0.33\" d=\"M0 0L0 12.6 141.8 4 283.5 12.6 283.5 0z\"\/>\n\t<path class=\"elementor-shape-fill\" style=\"opacity:0.33\" d=\"M0 0L0 6.4 141.8 4 283.5 6.4 283.5 0z\"\/>\n\t<path class=\"elementor-shape-fill\" d=\"M0 0L0 1.2 141.8 4 283.5 1.2 283.5 0z\"\/>\n<\/svg>\t\t<\/div>\n\t\t\t\t<div class=\"elementor-element elementor-element-543b96b2 elementor-widget elementor-widget-heading\" data-id=\"543b96b2\" data-element_type=\"widget\" data-e-type=\"widget\" data-widget_type=\"heading.default\">\n\t\t\t\t<div class=\"elementor-widget-container\">\n\t\t\t\t\t<h2 class=\"elementor-heading-title elementor-size-default\">SONNENSCHUTZGLAS<\/h2>\t\t\t\t<\/div>\n\t\t\t\t<\/div>\n\t\t\t\t<\/div>\n\t\t<div class=\"elementor-element elementor-element-12a16514 e-flex e-con-boxed e-con e-parent\" data-id=\"12a16514\" data-element_type=\"container\" data-e-type=\"container\">\n\t\t\t\t\t<div class=\"e-con-inner\">\n\t\t\t\t<div class=\"elementor-element elementor-element-3e16245f elementor-widget elementor-widget-heading\" data-id=\"3e16245f\" data-element_type=\"widget\" data-e-type=\"widget\" data-widget_type=\"heading.default\">\n\t\t\t\t<div class=\"elementor-widget-container\">\n\t\t\t\t\t<h2 class=\"elementor-heading-title elementor-size-default\">\u00dcBER SONNENSCHUTZGLAS<\/h2>\t\t\t\t<\/div>\n\t\t\t\t<\/div>\n\t\t\t\t<div class=\"elementor-element elementor-element-3cda195a elementor-widget elementor-widget-text-editor\" data-id=\"3cda195a\" data-element_type=\"widget\" data-e-type=\"widget\" data-widget_type=\"text-editor.default\">\n\t\t\t\t<div class=\"elementor-widget-container\">\n\t\t\t\t\t\t\t\t\t<p>Das <strong>Sonnenschutzglas<\/strong> von <\/p>\n<p><strong>T Grup Cam<\/strong> wurde entwickelt, um die <strong>Solarw\u00e4rmegewinnung<\/strong> zu regulieren und so die <strong>Energieeffizienz und den Komfort im Innenbereich<\/strong> zu verbessern. Durch selektives Filtern des Sonnenlichts reduziert dieses fortschrittliche Glas <strong>\u00fcberm\u00e4\u00dfige W\u00e4rmeentwicklung<\/strong> und sorgt gleichzeitig f\u00fcr eine <strong>optimale Lichtdurchl\u00e4ssigkeit<\/strong>.<\/p>\n<p><strong>Vorteile:<\/strong><\/p>\n<p>\u2705 <strong>W\u00e4rmereduzierung<\/strong> \u2013 Minimiert \u00dcberhitzung durch Kontrolle der Sonnenenergieaufnahme.<br \/>\u2705 <strong>Energieeffizienz<\/strong> \u2013 Senkt die K\u00fchlkosten durch reduzierten Bedarf an Klimaanlagen.<br \/>\u2705 <strong>UV-Schutz<\/strong> \u2013 Blockiert sch\u00e4dliche UV-Strahlen und sch\u00fctzt Innenr\u00e4ume vor dem Ausbleichen.<br \/>\u2705 <strong>Mehr Komfort<\/strong> \u2013 Sorgt zu jeder Jahreszeit f\u00fcr eine stabile Innentemperatur.<br \/>\u2705 <strong>\u00c4sthetische Flexibilit\u00e4t<\/strong> \u2013 Erh\u00e4ltlich in verschiedenen T\u00f6nungen und Beschichtungen, passend zu unterschiedlichen Architekturstilen.<\/p>\n<p>Ideal f\u00fcr <strong>Fenster, Fassaden, Oberlichter und Vorhangfassaden<\/strong>. <strong>Sonnenschutzglas<\/strong> sorgt f\u00fcr eine <strong>k\u00fchlere, angenehmere und energieeffizientere Umgebung<\/strong>, ohne Kompromisse beim nat\u00fcrlichen Licht einzugehen.<\/p>\n\t\t\t\t\t\t\t\t<\/div>\n\t\t\t\t<\/div>\n\t\t\t\t<div class=\"elementor-element elementor-element-3696577e elementor-widget elementor-widget-heading\" data-id=\"3696577e\" data-element_type=\"widget\" data-e-type=\"widget\" data-widget_type=\"heading.default\">\n\t\t\t\t<div class=\"elementor-widget-container\">\n\t\t\t\t\t<h2 class=\"elementor-heading-title elementor-size-default\">VORTEILE<\/h2>\t\t\t\t<\/div>\n\t\t\t\t<\/div>\n\t\t\t\t<div class=\"elementor-element elementor-element-231b2157 elementor-position-left elementor-vertical-align-middle elementor-widget elementor-widget-image-box\" data-id=\"231b2157\" data-element_type=\"widget\" data-e-type=\"widget\" data-widget_type=\"image-box.default\">\n\t\t\t\t<div class=\"elementor-widget-container\">\n\t\t\t\t\t<div class=\"elementor-image-box-wrapper\"><figure class=\"elementor-image-box-img\"><img fetchpriority=\"high\" decoding=\"async\" width=\"1080\" height=\"1080\" src=\"https:\/\/tgrupcam.com\/wp-content\/uploads\/2025\/04\/solar-control-1.jpg\" class=\"attachment-full size-full wp-image-1919\" alt=\"\" srcset=\"https:\/\/tgrupcam.com\/wp-content\/uploads\/2025\/04\/solar-control-1.jpg 1080w, https:\/\/tgrupcam.com\/wp-content\/uploads\/2025\/04\/solar-control-1-300x300.jpg 300w, https:\/\/tgrupcam.com\/wp-content\/uploads\/2025\/04\/solar-control-1-1024x1024.jpg 1024w, https:\/\/tgrupcam.com\/wp-content\/uploads\/2025\/04\/solar-control-1-150x150.jpg 150w, https:\/\/tgrupcam.com\/wp-content\/uploads\/2025\/04\/solar-control-1-768x768.jpg 768w, https:\/\/tgrupcam.com\/wp-content\/uploads\/2025\/04\/solar-control-1-650x650.jpg 650w\" sizes=\"(max-width: 1080px) 100vw, 1080px\" \/><\/figure><div class=\"elementor-image-box-content\"><h3 class=\"elementor-image-box-title\">Optimale Temperatur in R\u00e4umen<\/h3><p class=\"elementor-image-box-description\">Optimale Innentemperatur f\u00fcr mehr Komfort und Energieeffizienz.<\/p><\/div><\/div>\t\t\t\t<\/div>\n\t\t\t\t<\/div>\n\t\t\t\t<div class=\"elementor-element elementor-element-41c482bd elementor-position-left elementor-vertical-align-middle elementor-widget elementor-widget-image-box\" data-id=\"41c482bd\" data-element_type=\"widget\" data-e-type=\"widget\" data-widget_type=\"image-box.default\">\n\t\t\t\t<div class=\"elementor-widget-container\">\n\t\t\t\t\t<div class=\"elementor-image-box-wrapper\"><figure class=\"elementor-image-box-img\"><img decoding=\"async\" width=\"1080\" height=\"1080\" src=\"https:\/\/tgrupcam.com\/wp-content\/uploads\/2025\/04\/solar-control-2.jpg\" class=\"attachment-full size-full wp-image-1930\" alt=\"\" srcset=\"https:\/\/tgrupcam.com\/wp-content\/uploads\/2025\/04\/solar-control-2.jpg 1080w, https:\/\/tgrupcam.com\/wp-content\/uploads\/2025\/04\/solar-control-2-300x300.jpg 300w, https:\/\/tgrupcam.com\/wp-content\/uploads\/2025\/04\/solar-control-2-1024x1024.jpg 1024w, https:\/\/tgrupcam.com\/wp-content\/uploads\/2025\/04\/solar-control-2-150x150.jpg 150w, https:\/\/tgrupcam.com\/wp-content\/uploads\/2025\/04\/solar-control-2-768x768.jpg 768w, https:\/\/tgrupcam.com\/wp-content\/uploads\/2025\/04\/solar-control-2-650x650.jpg 650w\" sizes=\"(max-width: 1080px) 100vw, 1080px\" \/><\/figure><div class=\"elementor-image-box-content\"><h3 class=\"elementor-image-box-title\">Reduzierung der Lichtdurchl\u00e4ssigkeit<\/h3><p class=\"elementor-image-box-description\">Steuert die Lichtdurchl\u00e4ssigkeit, um Blendung zu reduzieren und den Komfort zu erh\u00f6hen.<\/p><\/div><\/div>\t\t\t\t<\/div>\n\t\t\t\t<\/div>\n\t\t\t\t<div class=\"elementor-element elementor-element-1c2f411c elementor-position-left elementor-vertical-align-middle elementor-widget elementor-widget-image-box\" data-id=\"1c2f411c\" data-element_type=\"widget\" data-e-type=\"widget\" data-widget_type=\"image-box.default\">\n\t\t\t\t<div class=\"elementor-widget-container\">\n\t\t\t\t\t<div class=\"elementor-image-box-wrapper\"><figure class=\"elementor-image-box-img\"><img decoding=\"async\" width=\"1080\" height=\"1080\" src=\"https:\/\/tgrupcam.com\/wp-content\/uploads\/2025\/04\/solar-control-3.jpg\" class=\"attachment-full size-full wp-image-1941\" alt=\"\" srcset=\"https:\/\/tgrupcam.com\/wp-content\/uploads\/2025\/04\/solar-control-3.jpg 1080w, https:\/\/tgrupcam.com\/wp-content\/uploads\/2025\/04\/solar-control-3-300x300.jpg 300w, https:\/\/tgrupcam.com\/wp-content\/uploads\/2025\/04\/solar-control-3-1024x1024.jpg 1024w, https:\/\/tgrupcam.com\/wp-content\/uploads\/2025\/04\/solar-control-3-150x150.jpg 150w, https:\/\/tgrupcam.com\/wp-content\/uploads\/2025\/04\/solar-control-3-768x768.jpg 768w, https:\/\/tgrupcam.com\/wp-content\/uploads\/2025\/04\/solar-control-3-650x650.jpg 650w\" sizes=\"(max-width: 1080px) 100vw, 1080px\" \/><\/figure><div class=\"elementor-image-box-content\"><h3 class=\"elementor-image-box-title\">Senkung der L\u00fcftungskosten<\/h3><p class=\"elementor-image-box-description\">Senkt die Bel\u00fcftungskosten durch Minimierung des W\u00e4rmestaus im Innenbereich.<\/p><\/div><\/div>\t\t\t\t<\/div>\n\t\t\t\t<\/div>\n\t\t\t\t\t<\/div>\n\t\t\t\t<\/div>\n\t\t<div class=\"elementor-element elementor-element-191638a7 e-flex e-con-boxed e-con e-parent\" data-id=\"191638a7\" data-element_type=\"container\" data-e-type=\"container\" data-settings=\"{&quot;background_background&quot;:&quot;classic&quot;,&quot;background_motion_fx_motion_fx_scrolling&quot;:&quot;yes&quot;,&quot;background_motion_fx_translateY_effect&quot;:&quot;yes&quot;,&quot;background_motion_fx_translateY_speed&quot;:{&quot;unit&quot;:&quot;px&quot;,&quot;size&quot;:4,&quot;sizes&quot;:[]},&quot;background_motion_fx_translateY_affectedRange&quot;:{&quot;unit&quot;:&quot;%&quot;,&quot;size&quot;:&quot;&quot;,&quot;sizes&quot;:{&quot;start&quot;:0,&quot;end&quot;:100}},&quot;background_motion_fx_devices&quot;:[&quot;desktop&quot;,&quot;tablet&quot;,&quot;mobile&quot;]}\">\n\t\t\t\t\t<div class=\"e-con-inner\">\n\t\t\t\t\t<\/div>\n\t\t\t\t<\/div>\n\t\t<div class=\"elementor-element elementor-element-5c335362 e-flex e-con-boxed e-con e-parent\" data-id=\"5c335362\" data-element_type=\"container\" data-e-type=\"container\">\n\t\t\t\t\t<div class=\"e-con-inner\">\n\t\t<div class=\"elementor-element elementor-element-218c2643 e-con-full e-flex e-con e-child\" data-id=\"218c2643\" data-element_type=\"container\" data-e-type=\"container\">\n\t\t\t\t<div class=\"elementor-element elementor-element-3973cc8c elementor-widget elementor-widget-heading\" data-id=\"3973cc8c\" data-element_type=\"widget\" data-e-type=\"widget\" data-widget_type=\"heading.default\">\n\t\t\t\t<div class=\"elementor-widget-container\">\n\t\t\t\t\t<h2 class=\"elementor-heading-title elementor-size-default\">Arten von Sonnenschutzglas<\/h2>\t\t\t\t<\/div>\n\t\t\t\t<\/div>\n\t\t\t\t<div class=\"elementor-element elementor-element-765ba6e2 elementor-widget elementor-widget-text-editor\" data-id=\"765ba6e2\" data-element_type=\"widget\" data-e-type=\"widget\" data-widget_type=\"text-editor.default\">\n\t\t\t\t<div class=\"elementor-widget-container\">\n\t\t\t\t\t\t\t\t\t<p>Sonnenschutzglas kann anhand seiner <strong>optischen Eigenschaften und seiner F\u00e4higkeit zur Regulierung der Sonneneinstrahlung<\/strong> in <strong>absorbierendes und reflektierendes Glas<\/strong> eingeteilt werden. Bei <strong>T Grup Cam<\/strong> bieten wir drei verschiedene Arten von Sonnenschutzglas an, um unterschiedlichen architektonischen und funktionalen Anforderungen gerecht zu werden:<\/p>\n<p>\ud83d\udd39 <strong>Selektives Sonnenschutzglas<\/strong><br \/>Ein leistungsstarkes <strong>Floatglas<\/strong>, das <strong>flach und transparent<\/strong> ist und in den Farbt\u00f6nen <strong>neutral, blau, braun, grau oder gr\u00fcn<\/strong> erh\u00e4ltlich ist. Es verf\u00fcgt \u00fcber eine <strong>Mehrschichtbeschichtung aus Metalloxid<\/strong>, die die <strong>Sonnenreflexion, die Innend\u00e4mmung und den W\u00e4rmeschutz<\/strong> verbessert. Dieses Glas kontrolliert effektiv das Eindringen von Sonnenenergie<\/strong> und gew\u00e4hrleistet gleichzeitig eine hervorragende <strong>Lichtdurchl\u00e4ssigkeit<\/strong>. Es eignet sich f\u00fcr <strong>Doppelverglasungs-Anwendungen<\/strong>.<\/p>\n<p>\ud83d\udd39 <strong>Absorptives Sonnenschutzglas<\/strong><br \/>Ein <strong>get\u00f6ntes Floatglas<\/strong>, erh\u00e4ltlich in <strong>Blau-, Braun-, Grau- oder Gr\u00fcnt\u00f6nen<\/strong>, das die <strong>Absorption und Reduzierung der Sonnenenergie\u00fcbertragung<\/strong> erm\u00f6glicht. Es kann <strong>sowohl f\u00fcr Einfach- als auch f\u00fcr Doppelverglasungs-Anwendungen<\/strong> verwendet werden und ist somit die ideale Wahl f\u00fcr Projekte, die eine <strong>passive W\u00e4rmereduzierung<\/strong> bei gleichzeitig eleganter \u00c4sthetik erfordern.<\/p>\n<p>\ud83d\udd39 <strong>Reflektierendes Sonnenschutzglas<\/strong><br \/>Dieses <strong>Floatglas<\/strong> kombiniert <strong>neutrale oder get\u00f6nte Farben<\/strong> (Blau, Braun, Grau oder Gr\u00fcn) mit einer <strong>Metalloxidbeschichtung<\/strong> f\u00fcr eine <strong>verbesserte Sonnenreflexion<\/strong>. Es tr\u00e4gt zur <strong>Kontrolle der Lichtdurchl\u00e4ssigkeit und zur Reduzierung der W\u00e4rmeentwicklung<\/strong> bei und ist daher eine bevorzugte Option f\u00fcr <strong>Fassaden, Vorhangfassaden und Gewerbebauten<\/strong>. Je nach Beschichtungstyp eignet es sich sowohl f\u00fcr <strong>Einfach- als auch f\u00fcr Doppelverglasungen<\/strong>.<\/p>\n\t\t\t\t\t\t\t\t<\/div>\n\t\t\t\t<\/div>\n\t\t\t\t<\/div>\n\t\t\t\t\t<\/div>\n\t\t\t\t<\/div>\n\t\t<div class=\"elementor-element elementor-element-b9a954b e-flex e-con-boxed e-con e-parent\" data-id=\"b9a954b\" data-element_type=\"container\" data-e-type=\"container\" data-settings=\"{&quot;background_background&quot;:&quot;classic&quot;}\">\n\t\t\t\t\t<div class=\"e-con-inner\">\n\t\t\t\t<div class=\"elementor-element elementor-element-10d0a1a9 elementor-widget elementor-widget-heading\" data-id=\"10d0a1a9\" data-element_type=\"widget\" data-e-type=\"widget\" data-widget_type=\"heading.default\">\n\t\t\t\t<div class=\"elementor-widget-container\">\n\t\t\t\t\t<h2 class=\"elementor-heading-title elementor-size-default\">Fassadenverglasung<\/h2>\t\t\t\t<\/div>\n\t\t\t\t<\/div>\n\t\t\t\t<div class=\"elementor-element elementor-element-c4366bc elementor-widget elementor-widget-image-gallery\" data-id=\"c4366bc\" data-element_type=\"widget\" data-e-type=\"widget\" data-widget_type=\"image-gallery.default\">\n\t\t\t\t<div class=\"elementor-widget-container\">\n\t\t\t\t\t\t\t<div class=\"elementor-image-gallery\">\n\t\t\t<div id='gallery-1' class='gallery galleryid-2918 gallery-columns-6 gallery-size-thumbnail'><figure class='gallery-item'>\n\t\t\t<div class='gallery-icon portrait'>\n\t\t\t\t<a data-elementor-open-lightbox=\"yes\" data-elementor-lightbox-slideshow=\"c4366bc\" data-elementor-lightbox-title=\"columnar-transom-442x465\" data-e-action-hash=\"#elementor-action%3Aaction%3Dlightbox%26settings%3DeyJpZCI6NzY0LCJ1cmwiOiJodHRwczpcL1wvdGdydXBjYW0uY29tXC93cC1jb250ZW50XC91cGxvYWRzXC8yMDI1XC8wMlwvY29sdW1uYXItdHJhbnNvbS00NDJ4NDY1LTEucG5nIiwic2xpZGVzaG93IjoiYzQzNjZiYyJ9\" href='https:\/\/tgrupcam.com\/wp-content\/uploads\/2025\/02\/columnar-transom-442x465-1.png'><img loading=\"lazy\" decoding=\"async\" width=\"150\" height=\"150\" src=\"https:\/\/tgrupcam.com\/wp-content\/uploads\/2025\/02\/columnar-transom-442x465-1-150x150.png\" class=\"attachment-thumbnail size-thumbnail\" alt=\"\" \/><\/a>\n\t\t\t<\/div><\/figure><figure class='gallery-item'>\n\t\t\t<div class='gallery-icon portrait'>\n\t\t\t\t<a data-elementor-open-lightbox=\"yes\" data-elementor-lightbox-slideshow=\"c4366bc\" data-elementor-lightbox-title=\"vertical-line-type1-442x465\" data-e-action-hash=\"#elementor-action%3Aaction%3Dlightbox%26settings%3DeyJpZCI6Nzc1LCJ1cmwiOiJodHRwczpcL1wvdGdydXBjYW0uY29tXC93cC1jb250ZW50XC91cGxvYWRzXC8yMDI1XC8wMlwvdmVydGljYWwtbGluZS10eXBlMS00NDJ4NDY1LTEucG5nIiwic2xpZGVzaG93IjoiYzQzNjZiYyJ9\" href='https:\/\/tgrupcam.com\/wp-content\/uploads\/2025\/02\/vertical-line-type1-442x465-1.png'><img loading=\"lazy\" decoding=\"async\" width=\"150\" height=\"150\" src=\"https:\/\/tgrupcam.com\/wp-content\/uploads\/2025\/02\/vertical-line-type1-442x465-1-150x150.png\" class=\"attachment-thumbnail size-thumbnail\" alt=\"\" \/><\/a>\n\t\t\t<\/div><\/figure><figure class='gallery-item'>\n\t\t\t<div class='gallery-icon portrait'>\n\t\t\t\t<a data-elementor-open-lightbox=\"yes\" data-elementor-lightbox-slideshow=\"c4366bc\" data-elementor-lightbox-title=\"horizontal-line-type-442x465\" data-e-action-hash=\"#elementor-action%3Aaction%3Dlightbox%26settings%3DeyJpZCI6Nzg2LCJ1cmwiOiJodHRwczpcL1wvdGdydXBjYW0uY29tXC93cC1jb250ZW50XC91cGxvYWRzXC8yMDI1XC8wMlwvaG9yaXpvbnRhbC1saW5lLXR5cGUtNDQyeDQ2NS0xLnBuZyIsInNsaWRlc2hvdyI6ImM0MzY2YmMifQ%3D%3D\" href='https:\/\/tgrupcam.com\/wp-content\/uploads\/2025\/02\/horizontal-line-type-442x465-1.png'><img loading=\"lazy\" decoding=\"async\" width=\"150\" height=\"150\" src=\"https:\/\/tgrupcam.com\/wp-content\/uploads\/2025\/02\/horizontal-line-type-442x465-1-150x150.png\" class=\"attachment-thumbnail size-thumbnail\" alt=\"\" \/><\/a>\n\t\t\t<\/div><\/figure><figure class='gallery-item'>\n\t\t\t<div class='gallery-icon portrait'>\n\t\t\t\t<a data-elementor-open-lightbox=\"yes\" data-elementor-lightbox-slideshow=\"c4366bc\" data-elementor-lightbox-title=\"full-structural-glazing-444x465\" data-e-action-hash=\"#elementor-action%3Aaction%3Dlightbox%26settings%3DeyJpZCI6Nzk3LCJ1cmwiOiJodHRwczpcL1wvdGdydXBjYW0uY29tXC93cC1jb250ZW50XC91cGxvYWRzXC8yMDI1XC8wMlwvZnVsbC1zdHJ1Y3R1cmFsLWdsYXppbmctNDQ0eDQ2NS0xLnBuZyIsInNsaWRlc2hvdyI6ImM0MzY2YmMifQ%3D%3D\" href='https:\/\/tgrupcam.com\/wp-content\/uploads\/2025\/02\/full-structural-glazing-444x465-1.png'><img loading=\"lazy\" decoding=\"async\" width=\"150\" height=\"150\" src=\"https:\/\/tgrupcam.com\/wp-content\/uploads\/2025\/02\/full-structural-glazing-444x465-1-150x150.png\" class=\"attachment-thumbnail size-thumbnail\" alt=\"\" \/><\/a>\n\t\t\t<\/div><\/figure><figure class='gallery-item'>\n\t\t\t<div class='gallery-icon portrait'>\n\t\t\t\t<a data-elementor-open-lightbox=\"yes\" data-elementor-lightbox-slideshow=\"c4366bc\" data-elementor-lightbox-title=\"bolt-fixing-444x465\" data-e-action-hash=\"#elementor-action%3Aaction%3Dlightbox%26settings%3DeyJpZCI6ODA4LCJ1cmwiOiJodHRwczpcL1wvdGdydXBjYW0uY29tXC93cC1jb250ZW50XC91cGxvYWRzXC8yMDI1XC8wMlwvYm9sdC1maXhpbmctNDQ0eDQ2NS0xLnBuZyIsInNsaWRlc2hvdyI6ImM0MzY2YmMifQ%3D%3D\" href='https:\/\/tgrupcam.com\/wp-content\/uploads\/2025\/02\/bolt-fixing-444x465-1.png'><img loading=\"lazy\" decoding=\"async\" width=\"150\" height=\"150\" src=\"https:\/\/tgrupcam.com\/wp-content\/uploads\/2025\/02\/bolt-fixing-444x465-1-150x150.png\" class=\"attachment-thumbnail size-thumbnail\" alt=\"\" \/><\/a>\n\t\t\t<\/div><\/figure><figure class='gallery-item'>\n\t\t\t<div class='gallery-icon portrait'>\n\t\t\t\t<a data-elementor-open-lightbox=\"yes\" data-elementor-lightbox-slideshow=\"c4366bc\" data-elementor-lightbox-title=\"fin-glazing-444x465\" data-e-action-hash=\"#elementor-action%3Aaction%3Dlightbox%26settings%3DeyJpZCI6ODE5LCJ1cmwiOiJodHRwczpcL1wvdGdydXBjYW0uY29tXC93cC1jb250ZW50XC91cGxvYWRzXC8yMDI1XC8wMlwvZmluLWdsYXppbmctNDQ0eDQ2NS0xLnBuZyIsInNsaWRlc2hvdyI6ImM0MzY2YmMifQ%3D%3D\" href='https:\/\/tgrupcam.com\/wp-content\/uploads\/2025\/02\/fin-glazing-444x465-1.png'><img loading=\"lazy\" decoding=\"async\" width=\"150\" height=\"150\" src=\"https:\/\/tgrupcam.com\/wp-content\/uploads\/2025\/02\/fin-glazing-444x465-1-150x150.png\" class=\"attachment-thumbnail size-thumbnail\" alt=\"\" \/><\/a>\n\t\t\t<\/div><\/figure>\n\t\t<\/div>\n\t\t<\/div>\n\t\t\t\t\t\t<\/div>\n\t\t\t\t<\/div>\n\t\t\t\t<div class=\"elementor-element elementor-element-3552211 elementor-widget elementor-widget-text-editor\" data-id=\"3552211\" data-element_type=\"widget\" data-e-type=\"widget\" data-widget_type=\"text-editor.default\">\n\t\t\t\t<div class=\"elementor-widget-container\">\n\t\t\t\t\t\t\t\t\t<p>Mit <strong>un\u00fcbertroffener Gestaltungsflexibilit\u00e4t<\/strong> hat <strong>Structural Glazing<\/strong> die moderne Architektur revolutioniert. Bei <strong>T Grup Cam<\/strong> unterst\u00fctzen wir Architekten und Fassadenplaner dabei, ihre Vision einer <strong>nahtlosen, monolithischen Glasstruktur<\/strong> durch <strong>fortschrittliche Structural-Glazing-L\u00f6sungen<\/strong> zu verwirklichen. Ob mit <strong>Strukturklebetechniken<\/strong> oder <strong>Schraubsystemen<\/strong> \u2013 wir bieten innovative Glasl\u00f6sungen, die <strong>\u00c4sthetik mit hoher Leistung<\/strong> vereinen.<\/p>\n<p>Basierend auf den Konstruktionsmethoden l\u00e4sst sich Structural Glazing in <strong>vier Haupttypen<\/strong> unterteilen, die jeweils <strong>deutliche Vorteile<\/strong> f\u00fcr unterschiedliche architektonische Anwendungen bieten. Unsere Expertise stellt sicher, dass jedes Projekt von <strong>optimaler Haltbarkeit, Energieeffizienz und modernem Design<\/strong> profitiert.<\/p>\n\t\t\t\t\t\t\t\t<\/div>\n\t\t\t\t<\/div>\n\t\t\t\t\t<\/div>\n\t\t\t\t<\/div>\n\t\t<div class=\"elementor-element elementor-element-121228e3 e-flex e-con-boxed e-con e-parent\" data-id=\"121228e3\" data-element_type=\"container\" data-e-type=\"container\" data-settings=\"{&quot;background_background&quot;:&quot;classic&quot;,&quot;background_motion_fx_motion_fx_scrolling&quot;:&quot;yes&quot;,&quot;background_motion_fx_translateY_effect&quot;:&quot;yes&quot;,&quot;background_motion_fx_translateY_speed&quot;:{&quot;unit&quot;:&quot;px&quot;,&quot;size&quot;:4,&quot;sizes&quot;:[]},&quot;background_motion_fx_translateY_affectedRange&quot;:{&quot;unit&quot;:&quot;%&quot;,&quot;size&quot;:&quot;&quot;,&quot;sizes&quot;:{&quot;start&quot;:0,&quot;end&quot;:100}},&quot;background_motion_fx_devices&quot;:[&quot;desktop&quot;,&quot;tablet&quot;,&quot;mobile&quot;]}\">\n\t\t\t\t\t<div class=\"e-con-inner\">\n\t\t\t\t<div class=\"elementor-element elementor-element-369d7dbc elementor-widget elementor-widget-heading\" data-id=\"369d7dbc\" data-element_type=\"widget\" data-e-type=\"widget\" data-widget_type=\"heading.default\">\n\t\t\t\t<div class=\"elementor-widget-container\">\n\t\t\t\t\t<h2 class=\"elementor-heading-title elementor-size-default\">Wir modifizieren st\u00e4ndig unsere Herstellungsprozesse und \u00e4ndern unsere Gewohnheiten, um die negativen Auswirkungen auf die Umwelt zu begrenzen.<\/h2>\t\t\t\t<\/div>\n\t\t\t\t<\/div>\n\t\t\t\t<div class=\"elementor-element elementor-element-46e618c2 elementor-widget elementor-widget-text-editor\" data-id=\"46e618c2\" data-element_type=\"widget\" data-e-type=\"widget\" data-widget_type=\"text-editor.default\">\n\t\t\t\t<div class=\"elementor-widget-container\">\n\t\t\t\t\t\t\t\t\t<p>Um die Ver\u00e4nderungen zu erleichtern, haben wir ISO 14001 eingef\u00fchrt, das weltweite Managementsystem f\u00fcr Umweltschutz.<\/p>\n\t\t\t\t\t\t\t\t<\/div>\n\t\t\t\t<\/div>\n\t\t\t\t<div class=\"elementor-element elementor-element-1836e317 elementor-align-center elementor-widget elementor-widget-button\" data-id=\"1836e317\" data-element_type=\"widget\" data-e-type=\"widget\" data-widget_type=\"button.default\">\n\t\t\t\t<div class=\"elementor-widget-container\">\n\t\t\t\t\t\t\t\t\t<div class=\"elementor-button-wrapper\">\n\t\t\t\t\t<a class=\"elementor-button elementor-button-link elementor-size-sm\" href=\"https:\/\/tgrupcam.com\/index.php\/kontakt\/?lang=de\">\n\t\t\t\t\t\t<span class=\"elementor-button-content-wrapper\">\n\t\t\t\t\t\t\t\t\t<span class=\"elementor-button-text\">Kontaktieren Sie uns<\/span>\n\t\t\t\t\t<\/span>\n\t\t\t\t\t<\/a>\n\t\t\t\t<\/div>\n\t\t\t\t\t\t\t\t<\/div>\n\t\t\t\t<\/div>\n\t\t\t\t\t<\/div>\n\t\t\t\t<\/div>\n\t\t\t\t<\/div>\n\t\t","protected":false},"excerpt":{"rendered":"<p>SONNENSCHUTZGLAS \u00dcBER SONNENSCHUTZGLAS Das Sonnenschutzglas von T Grup Cam wurde entwickelt, um die Solarw\u00e4rmegewinnung zu regulieren und so die Energieeffizienz und den Komfort im Innenbereich zu verbessern. Durch selektives Filtern des Sonnenlichts reduziert dieses fortschrittliche Glas \u00fcberm\u00e4\u00dfige W\u00e4rmeentwicklung und sorgt gleichzeitig f\u00fcr eine optimale Lichtdurchl\u00e4ssigkeit. Vorteile: \u2705 W\u00e4rmereduzierung \u2013 Minimiert \u00dcberhitzung durch Kontrolle der Sonnenenergieaufnahme.\u2705 [&hellip;]<\/p>\n","protected":false},"author":1,"featured_media":0,"parent":2472,"menu_order":0,"comment_status":"closed","ping_status":"closed","template":"elementor_header_footer","meta":{"footnotes":""},"class_list":["post-2918","page","type-page","status-publish","hentry"],"_links":{"self":[{"href":"https:\/\/tgrupcam.com\/index.php\/wp-json\/wp\/v2\/pages\/2918","targetHints":{"allow":["GET"]}}],"collection":[{"href":"https:\/\/tgrupcam.com\/index.php\/wp-json\/wp\/v2\/pages"}],"about":[{"href":"https:\/\/tgrupcam.com\/index.php\/wp-json\/wp\/v2\/types\/page"}],"author":[{"embeddable":true,"href":"https:\/\/tgrupcam.com\/index.php\/wp-json\/wp\/v2\/users\/1"}],"replies":[{"embeddable":true,"href":"https:\/\/tgrupcam.com\/index.php\/wp-json\/wp\/v2\/comments?post=2918"}],"version-history":[{"count":0,"href":"https:\/\/tgrupcam.com\/index.php\/wp-json\/wp\/v2\/pages\/2918\/revisions"}],"up":[{"embeddable":true,"href":"https:\/\/tgrupcam.com\/index.php\/wp-json\/wp\/v2\/pages\/2472"}],"wp:attachment":[{"href":"https:\/\/tgrupcam.com\/index.php\/wp-json\/wp\/v2\/media?parent=2918"}],"curies":[{"name":"wp","href":"https:\/\/api.w.org\/{rel}","templated":true}]}}