{"id":2920,"date":"2025-02-05T11:49:31","date_gmt":"2025-02-05T08:49:31","guid":{"rendered":"https:\/\/tgrupcam.com\/index.php\/offre-de-marche\/unites-vitrees\/verre-a-controle-solaire\/"},"modified":"2025-05-20T17:05:38","modified_gmt":"2025-05-20T14:05:38","slug":"verre-a-controle-solaire","status":"publish","type":"page","link":"https:\/\/tgrupcam.com\/index.php\/offre-de-marche\/unites-vitrees\/verre-a-controle-solaire\/?lang=fr","title":{"rendered":"Verre \u00e0 contr\u00f4le solaire"},"content":{"rendered":"\t\t<div data-elementor-type=\"wp-page\" data-elementor-id=\"2920\" class=\"elementor elementor-2920 elementor-28\" data-elementor-post-type=\"page\">\n\t\t\t\t<div class=\"elementor-element elementor-element-38900bd7 e-con-full e-flex e-con e-parent\" data-id=\"38900bd7\" data-element_type=\"container\" data-e-type=\"container\" data-settings=\"{&quot;background_background&quot;:&quot;classic&quot;,&quot;shape_divider_bottom&quot;:&quot;opacity-fan&quot;}\">\n\t\t\t\t<div class=\"elementor-shape elementor-shape-bottom\" aria-hidden=\"true\" data-negative=\"false\">\n\t\t\t<svg xmlns=\"http:\/\/www.w3.org\/2000\/svg\" viewBox=\"0 0 283.5 19.6\" preserveAspectRatio=\"none\">\n\t<path class=\"elementor-shape-fill\" style=\"opacity:0.33\" d=\"M0 0L0 18.8 141.8 4.1 283.5 18.8 283.5 0z\"\/>\n\t<path class=\"elementor-shape-fill\" style=\"opacity:0.33\" d=\"M0 0L0 12.6 141.8 4 283.5 12.6 283.5 0z\"\/>\n\t<path class=\"elementor-shape-fill\" style=\"opacity:0.33\" d=\"M0 0L0 6.4 141.8 4 283.5 6.4 283.5 0z\"\/>\n\t<path class=\"elementor-shape-fill\" d=\"M0 0L0 1.2 141.8 4 283.5 1.2 283.5 0z\"\/>\n<\/svg>\t\t<\/div>\n\t\t\t\t<div class=\"elementor-element elementor-element-543b96b2 elementor-widget elementor-widget-heading\" data-id=\"543b96b2\" data-element_type=\"widget\" data-e-type=\"widget\" data-widget_type=\"heading.default\">\n\t\t\t\t<div class=\"elementor-widget-container\">\n\t\t\t\t\t<h2 class=\"elementor-heading-title elementor-size-default\">VERRE DE CONTR\u00d4LE SOLAIRE<\/h2>\t\t\t\t<\/div>\n\t\t\t\t<\/div>\n\t\t\t\t<\/div>\n\t\t<div class=\"elementor-element elementor-element-12a16514 e-flex e-con-boxed e-con e-parent\" data-id=\"12a16514\" data-element_type=\"container\" data-e-type=\"container\">\n\t\t\t\t\t<div class=\"e-con-inner\">\n\t\t\t\t<div class=\"elementor-element elementor-element-3e16245f elementor-widget elementor-widget-heading\" data-id=\"3e16245f\" data-element_type=\"widget\" data-e-type=\"widget\" data-widget_type=\"heading.default\">\n\t\t\t\t<div class=\"elementor-widget-container\">\n\t\t\t\t\t<h2 class=\"elementor-heading-title elementor-size-default\">\u00c0 PROPOS DU VERRE DE CONTR\u00d4LE SOLAIRE<\/h2>\t\t\t\t<\/div>\n\t\t\t\t<\/div>\n\t\t\t\t<div class=\"elementor-element elementor-element-3cda195a elementor-widget elementor-widget-text-editor\" data-id=\"3cda195a\" data-element_type=\"widget\" data-e-type=\"widget\" data-widget_type=\"text-editor.default\">\n\t\t\t\t<div class=\"elementor-widget-container\">\n\t\t\t\t\t\t\t\t\t<p><strong>Le verre de contr\u00f4le solaire<\/strong> de T Grup Cam est con\u00e7u pour r\u00e9guler le gain de chaleur solaire, am\u00e9liorant ainsi l&#8217;efficacit\u00e9 \u00e9nerg\u00e9tique et le confort int\u00e9rieur.<\/strong> En filtrant s\u00e9lectivement la lumi\u00e8re du soleil, ce verre avanc\u00e9 r\u00e9duit l&#8217;accumulation excessive de chaleur tout en maintenant une transmission optimale de la lumi\u00e8re naturelle.<\/p>\n<p><strong>Avantages\u00a0:<\/strong><\/p>\n<p>\u2705 <strong>R\u00e9duction de la chaleur<\/strong> \u2013 Minimise la surchauffe en contr\u00f4lant l&#8217;absorption de l&#8217;\u00e9nergie solaire.<br \/>\u2705 <strong>Efficacit\u00e9 \u00e9nerg\u00e9tique<\/strong> \u2013 R\u00e9duit les co\u00fbts de refroidissement en r\u00e9duisant le besoin de climatisation.<br \/>\u2705 <strong>Protection UV<\/strong> \u2013 Bloque les rayons UV nocifs, prot\u00e9geant ainsi les int\u00e9rieurs de la d\u00e9coloration.<br \/>\u2705 <strong>Confort accru<\/strong> \u2013 Maintient une temp\u00e9rature int\u00e9rieure stable en toutes saisons.<br \/>\u2705 <strong>Flexibilit\u00e9 esth\u00e9tique<\/strong> \u2013 Disponible en diff\u00e9rentes teintes et rev\u00eatements pour s&#8217;adapter \u00e0 diff\u00e9rents styles architecturaux.<\/p>\n<p>Id\u00e9al pour les <strong>fen\u00eatres, fa\u00e7ades, puits de lumi\u00e8re et murs-rideaux<\/strong>, <strong>Contr\u00f4le solaire Le verre garantit un environnement plus frais, plus confortable et plus \u00e9conome en \u00e9nergie sans compromettre la lumi\u00e8re naturelle.<\/p>\n\t\t\t\t\t\t\t\t<\/div>\n\t\t\t\t<\/div>\n\t\t\t\t<div class=\"elementor-element elementor-element-3696577e elementor-widget elementor-widget-heading\" data-id=\"3696577e\" data-element_type=\"widget\" data-e-type=\"widget\" data-widget_type=\"heading.default\">\n\t\t\t\t<div class=\"elementor-widget-container\">\n\t\t\t\t\t<h2 class=\"elementor-heading-title elementor-size-default\">AVANTAGES<\/h2>\t\t\t\t<\/div>\n\t\t\t\t<\/div>\n\t\t\t\t<div class=\"elementor-element elementor-element-231b2157 elementor-position-left elementor-vertical-align-middle elementor-widget elementor-widget-image-box\" data-id=\"231b2157\" data-element_type=\"widget\" data-e-type=\"widget\" data-widget_type=\"image-box.default\">\n\t\t\t\t<div class=\"elementor-widget-container\">\n\t\t\t\t\t<div class=\"elementor-image-box-wrapper\"><figure class=\"elementor-image-box-img\"><img fetchpriority=\"high\" decoding=\"async\" width=\"1080\" height=\"1080\" src=\"https:\/\/tgrupcam.com\/wp-content\/uploads\/2025\/04\/solar-control-1.jpg\" class=\"attachment-full size-full wp-image-1918\" alt=\"\" srcset=\"https:\/\/tgrupcam.com\/wp-content\/uploads\/2025\/04\/solar-control-1.jpg 1080w, https:\/\/tgrupcam.com\/wp-content\/uploads\/2025\/04\/solar-control-1-300x300.jpg 300w, https:\/\/tgrupcam.com\/wp-content\/uploads\/2025\/04\/solar-control-1-1024x1024.jpg 1024w, https:\/\/tgrupcam.com\/wp-content\/uploads\/2025\/04\/solar-control-1-150x150.jpg 150w, https:\/\/tgrupcam.com\/wp-content\/uploads\/2025\/04\/solar-control-1-768x768.jpg 768w, https:\/\/tgrupcam.com\/wp-content\/uploads\/2025\/04\/solar-control-1-650x650.jpg 650w\" sizes=\"(max-width: 1080px) 100vw, 1080px\" \/><\/figure><div class=\"elementor-image-box-content\"><h3 class=\"elementor-image-box-title\">Temp\u00e9rature optimale dans les pi\u00e8ces<\/h3><p class=\"elementor-image-box-description\">Temp\u00e9rature int\u00e9rieure optimale pour un confort et une efficacit\u00e9 \u00e9nerg\u00e9tique am\u00e9lior\u00e9s.<\/p><\/div><\/div>\t\t\t\t<\/div>\n\t\t\t\t<\/div>\n\t\t\t\t<div class=\"elementor-element elementor-element-41c482bd elementor-position-left elementor-vertical-align-middle elementor-widget elementor-widget-image-box\" data-id=\"41c482bd\" data-element_type=\"widget\" data-e-type=\"widget\" data-widget_type=\"image-box.default\">\n\t\t\t\t<div class=\"elementor-widget-container\">\n\t\t\t\t\t<div class=\"elementor-image-box-wrapper\"><figure class=\"elementor-image-box-img\"><img decoding=\"async\" width=\"1080\" height=\"1080\" src=\"https:\/\/tgrupcam.com\/wp-content\/uploads\/2025\/04\/solar-control-2.jpg\" class=\"attachment-full size-full wp-image-1929\" alt=\"\" srcset=\"https:\/\/tgrupcam.com\/wp-content\/uploads\/2025\/04\/solar-control-2.jpg 1080w, https:\/\/tgrupcam.com\/wp-content\/uploads\/2025\/04\/solar-control-2-300x300.jpg 300w, https:\/\/tgrupcam.com\/wp-content\/uploads\/2025\/04\/solar-control-2-1024x1024.jpg 1024w, https:\/\/tgrupcam.com\/wp-content\/uploads\/2025\/04\/solar-control-2-150x150.jpg 150w, https:\/\/tgrupcam.com\/wp-content\/uploads\/2025\/04\/solar-control-2-768x768.jpg 768w, https:\/\/tgrupcam.com\/wp-content\/uploads\/2025\/04\/solar-control-2-650x650.jpg 650w\" sizes=\"(max-width: 1080px) 100vw, 1080px\" \/><\/figure><div class=\"elementor-image-box-content\"><h3 class=\"elementor-image-box-title\">R\u00e9duire la transmission de la lumi\u00e8re<\/h3><p class=\"elementor-image-box-description\">Contr\u00f4le la transmission de la lumi\u00e8re pour r\u00e9duire l'\u00e9blouissement et am\u00e9liorer le confort.<\/p><\/div><\/div>\t\t\t\t<\/div>\n\t\t\t\t<\/div>\n\t\t\t\t<div class=\"elementor-element elementor-element-1c2f411c elementor-position-left elementor-vertical-align-middle elementor-widget elementor-widget-image-box\" data-id=\"1c2f411c\" data-element_type=\"widget\" data-e-type=\"widget\" data-widget_type=\"image-box.default\">\n\t\t\t\t<div class=\"elementor-widget-container\">\n\t\t\t\t\t<div class=\"elementor-image-box-wrapper\"><figure class=\"elementor-image-box-img\"><img decoding=\"async\" width=\"1080\" height=\"1080\" src=\"https:\/\/tgrupcam.com\/wp-content\/uploads\/2025\/04\/solar-control-3.jpg\" class=\"attachment-full size-full wp-image-1940\" alt=\"\" srcset=\"https:\/\/tgrupcam.com\/wp-content\/uploads\/2025\/04\/solar-control-3.jpg 1080w, https:\/\/tgrupcam.com\/wp-content\/uploads\/2025\/04\/solar-control-3-300x300.jpg 300w, https:\/\/tgrupcam.com\/wp-content\/uploads\/2025\/04\/solar-control-3-1024x1024.jpg 1024w, https:\/\/tgrupcam.com\/wp-content\/uploads\/2025\/04\/solar-control-3-150x150.jpg 150w, https:\/\/tgrupcam.com\/wp-content\/uploads\/2025\/04\/solar-control-3-768x768.jpg 768w, https:\/\/tgrupcam.com\/wp-content\/uploads\/2025\/04\/solar-control-3-650x650.jpg 650w\" sizes=\"(max-width: 1080px) 100vw, 1080px\" \/><\/figure><div class=\"elementor-image-box-content\"><h3 class=\"elementor-image-box-title\">R\u00e9duire les co\u00fbts de ventilation<\/h3><p class=\"elementor-image-box-description\">R\u00e9duit les co\u00fbts de ventilation en minimisant l\u2019accumulation de chaleur \u00e0 l\u2019int\u00e9rieur.<\/p><\/div><\/div>\t\t\t\t<\/div>\n\t\t\t\t<\/div>\n\t\t\t\t\t<\/div>\n\t\t\t\t<\/div>\n\t\t<div class=\"elementor-element elementor-element-191638a7 e-flex e-con-boxed e-con e-parent\" data-id=\"191638a7\" data-element_type=\"container\" data-e-type=\"container\" data-settings=\"{&quot;background_background&quot;:&quot;classic&quot;,&quot;background_motion_fx_motion_fx_scrolling&quot;:&quot;yes&quot;,&quot;background_motion_fx_translateY_effect&quot;:&quot;yes&quot;,&quot;background_motion_fx_translateY_speed&quot;:{&quot;unit&quot;:&quot;px&quot;,&quot;size&quot;:4,&quot;sizes&quot;:[]},&quot;background_motion_fx_translateY_affectedRange&quot;:{&quot;unit&quot;:&quot;%&quot;,&quot;size&quot;:&quot;&quot;,&quot;sizes&quot;:{&quot;start&quot;:0,&quot;end&quot;:100}},&quot;background_motion_fx_devices&quot;:[&quot;desktop&quot;,&quot;tablet&quot;,&quot;mobile&quot;]}\">\n\t\t\t\t\t<div class=\"e-con-inner\">\n\t\t\t\t\t<\/div>\n\t\t\t\t<\/div>\n\t\t<div class=\"elementor-element elementor-element-5c335362 e-flex e-con-boxed e-con e-parent\" data-id=\"5c335362\" data-element_type=\"container\" data-e-type=\"container\">\n\t\t\t\t\t<div class=\"e-con-inner\">\n\t\t<div class=\"elementor-element elementor-element-218c2643 e-con-full e-flex e-con e-child\" data-id=\"218c2643\" data-element_type=\"container\" data-e-type=\"container\">\n\t\t\t\t<div class=\"elementor-element elementor-element-3973cc8c elementor-widget elementor-widget-heading\" data-id=\"3973cc8c\" data-element_type=\"widget\" data-e-type=\"widget\" data-widget_type=\"heading.default\">\n\t\t\t\t<div class=\"elementor-widget-container\">\n\t\t\t\t\t<h2 class=\"elementor-heading-title elementor-size-default\">Types de verre de contr\u00f4le solaire<\/h2>\t\t\t\t<\/div>\n\t\t\t\t<\/div>\n\t\t\t\t<div class=\"elementor-element elementor-element-765ba6e2 elementor-widget elementor-widget-text-editor\" data-id=\"765ba6e2\" data-element_type=\"widget\" data-e-type=\"widget\" data-widget_type=\"text-editor.default\">\n\t\t\t\t<div class=\"elementor-widget-container\">\n\t\t\t\t\t\t\t\t\t<p>Le verre de contr\u00f4le solaire peut \u00eatre class\u00e9 en verre absorbant et verre r\u00e9fl\u00e9chissant, en fonction de ses propri\u00e9t\u00e9s visuelles et de sa capacit\u00e9 \u00e0 r\u00e9guler le rayonnement solaire. Chez <strong>T Grup Cam<\/strong>, nous proposons trois types distincts de verre de contr\u00f4le solaire pour r\u00e9pondre \u00e0 divers besoins architecturaux et fonctionnels\u00a0:<\/p>\n<p>\ud83d\udd39 <strong>Verre de contr\u00f4le solaire s\u00e9lectif<\/strong><br \/>Un verre flott\u00e9 haute performance, plat et transparent, disponible en teintes neutres, bleues, brunes, grises ou vertes. Il est dot\u00e9 d&#8217;un rev\u00eatement multicouche d&#8217;oxyde m\u00e9tallique qui am\u00e9liore la r\u00e9flexion solaire, l&#8217;isolation int\u00e9rieure et la protection thermique. Ce verre contr\u00f4le efficacement la p\u00e9n\u00e9tration de l&#8217;\u00e9nergie solaire tout en maintenant une excellente transmission lumineuse. Il convient aux applications de double vitrage.<\/p>\n<p>\ud83d\udd39 <strong>Verre de contr\u00f4le solaire absorbant<\/strong><br \/>Un verre flott\u00e9 teint\u00e9 disponible en teintes bleu, marron, gris ou vert, con\u00e7u pour absorber et r\u00e9duire la transmission de l&#8217;\u00e9nergie solaire. Il peut \u00eatre utilis\u00e9 dans les applications de simple et double vitrage, ce qui en fait un choix id\u00e9al pour les projets n\u00e9cessitant une r\u00e9duction passive de la chaleur tout en conservant une esth\u00e9tique \u00e9l\u00e9gante.<\/p>\n<p>\ud83d\udd39 <strong>Verre de contr\u00f4le solaire r\u00e9fl\u00e9chissant<\/strong><br \/>Ce verre flott\u00e9 associe des couleurs neutres ou teint\u00e9es (bleu, marron, gris ou vert) \u00e0 un rev\u00eatement en oxyde m\u00e9tallique pour une meilleure r\u00e9flexion solaire. Il permet de contr\u00f4ler la transmission lumineuse et de r\u00e9duire les apports de chaleur, ce qui en fait une option privil\u00e9gi\u00e9e pour les fa\u00e7ades, les murs-rideaux et les b\u00e2timents commerciaux. Selon le type de rev\u00eatement, il convient aux applications de simple et de double vitrage.<\/p>\n\t\t\t\t\t\t\t\t<\/div>\n\t\t\t\t<\/div>\n\t\t\t\t<\/div>\n\t\t\t\t\t<\/div>\n\t\t\t\t<\/div>\n\t\t<div class=\"elementor-element elementor-element-b9a954b e-flex e-con-boxed e-con e-parent\" data-id=\"b9a954b\" data-element_type=\"container\" data-e-type=\"container\" data-settings=\"{&quot;background_background&quot;:&quot;classic&quot;}\">\n\t\t\t\t\t<div class=\"e-con-inner\">\n\t\t\t\t<div class=\"elementor-element elementor-element-10d0a1a9 elementor-widget elementor-widget-heading\" data-id=\"10d0a1a9\" data-element_type=\"widget\" data-e-type=\"widget\" data-widget_type=\"heading.default\">\n\t\t\t\t<div class=\"elementor-widget-container\">\n\t\t\t\t\t<h2 class=\"elementor-heading-title elementor-size-default\">Vitrage de fa\u00e7ade<\/h2>\t\t\t\t<\/div>\n\t\t\t\t<\/div>\n\t\t\t\t<div class=\"elementor-element elementor-element-c4366bc elementor-widget elementor-widget-image-gallery\" data-id=\"c4366bc\" data-element_type=\"widget\" data-e-type=\"widget\" data-widget_type=\"image-gallery.default\">\n\t\t\t\t<div class=\"elementor-widget-container\">\n\t\t\t\t\t\t\t<div class=\"elementor-image-gallery\">\n\t\t\t<div id='gallery-1' class='gallery galleryid-2920 gallery-columns-6 gallery-size-thumbnail'><figure class='gallery-item'>\n\t\t\t<div class='gallery-icon portrait'>\n\t\t\t\t<a data-elementor-open-lightbox=\"yes\" data-elementor-lightbox-slideshow=\"c4366bc\" data-elementor-lightbox-title=\"columnar-transom-442x465\" data-e-action-hash=\"#elementor-action%3Aaction%3Dlightbox%26settings%3DeyJpZCI6NzYzLCJ1cmwiOiJodHRwczpcL1wvdGdydXBjYW0uY29tXC93cC1jb250ZW50XC91cGxvYWRzXC8yMDI1XC8wMlwvY29sdW1uYXItdHJhbnNvbS00NDJ4NDY1LTEucG5nIiwic2xpZGVzaG93IjoiYzQzNjZiYyJ9\" href='https:\/\/tgrupcam.com\/wp-content\/uploads\/2025\/02\/columnar-transom-442x465-1.png'><img loading=\"lazy\" decoding=\"async\" width=\"150\" height=\"150\" src=\"https:\/\/tgrupcam.com\/wp-content\/uploads\/2025\/02\/columnar-transom-442x465-1-150x150.png\" class=\"attachment-thumbnail size-thumbnail\" alt=\"\" \/><\/a>\n\t\t\t<\/div><\/figure><figure class='gallery-item'>\n\t\t\t<div class='gallery-icon portrait'>\n\t\t\t\t<a data-elementor-open-lightbox=\"yes\" data-elementor-lightbox-slideshow=\"c4366bc\" data-elementor-lightbox-title=\"vertical-line-type1-442x465\" data-e-action-hash=\"#elementor-action%3Aaction%3Dlightbox%26settings%3DeyJpZCI6Nzc0LCJ1cmwiOiJodHRwczpcL1wvdGdydXBjYW0uY29tXC93cC1jb250ZW50XC91cGxvYWRzXC8yMDI1XC8wMlwvdmVydGljYWwtbGluZS10eXBlMS00NDJ4NDY1LTEucG5nIiwic2xpZGVzaG93IjoiYzQzNjZiYyJ9\" href='https:\/\/tgrupcam.com\/wp-content\/uploads\/2025\/02\/vertical-line-type1-442x465-1.png'><img loading=\"lazy\" decoding=\"async\" width=\"150\" height=\"150\" src=\"https:\/\/tgrupcam.com\/wp-content\/uploads\/2025\/02\/vertical-line-type1-442x465-1-150x150.png\" class=\"attachment-thumbnail size-thumbnail\" alt=\"\" \/><\/a>\n\t\t\t<\/div><\/figure><figure class='gallery-item'>\n\t\t\t<div class='gallery-icon portrait'>\n\t\t\t\t<a data-elementor-open-lightbox=\"yes\" data-elementor-lightbox-slideshow=\"c4366bc\" data-elementor-lightbox-title=\"horizontal-line-type-442x465\" data-e-action-hash=\"#elementor-action%3Aaction%3Dlightbox%26settings%3DeyJpZCI6Nzg1LCJ1cmwiOiJodHRwczpcL1wvdGdydXBjYW0uY29tXC93cC1jb250ZW50XC91cGxvYWRzXC8yMDI1XC8wMlwvaG9yaXpvbnRhbC1saW5lLXR5cGUtNDQyeDQ2NS0xLnBuZyIsInNsaWRlc2hvdyI6ImM0MzY2YmMifQ%3D%3D\" href='https:\/\/tgrupcam.com\/wp-content\/uploads\/2025\/02\/horizontal-line-type-442x465-1.png'><img loading=\"lazy\" decoding=\"async\" width=\"150\" height=\"150\" src=\"https:\/\/tgrupcam.com\/wp-content\/uploads\/2025\/02\/horizontal-line-type-442x465-1-150x150.png\" class=\"attachment-thumbnail size-thumbnail\" alt=\"\" \/><\/a>\n\t\t\t<\/div><\/figure><figure class='gallery-item'>\n\t\t\t<div class='gallery-icon portrait'>\n\t\t\t\t<a data-elementor-open-lightbox=\"yes\" data-elementor-lightbox-slideshow=\"c4366bc\" data-elementor-lightbox-title=\"full-structural-glazing-444x465\" data-e-action-hash=\"#elementor-action%3Aaction%3Dlightbox%26settings%3DeyJpZCI6Nzk2LCJ1cmwiOiJodHRwczpcL1wvdGdydXBjYW0uY29tXC93cC1jb250ZW50XC91cGxvYWRzXC8yMDI1XC8wMlwvZnVsbC1zdHJ1Y3R1cmFsLWdsYXppbmctNDQ0eDQ2NS0xLnBuZyIsInNsaWRlc2hvdyI6ImM0MzY2YmMifQ%3D%3D\" href='https:\/\/tgrupcam.com\/wp-content\/uploads\/2025\/02\/full-structural-glazing-444x465-1.png'><img loading=\"lazy\" decoding=\"async\" width=\"150\" height=\"150\" src=\"https:\/\/tgrupcam.com\/wp-content\/uploads\/2025\/02\/full-structural-glazing-444x465-1-150x150.png\" class=\"attachment-thumbnail size-thumbnail\" alt=\"\" \/><\/a>\n\t\t\t<\/div><\/figure><figure class='gallery-item'>\n\t\t\t<div class='gallery-icon portrait'>\n\t\t\t\t<a data-elementor-open-lightbox=\"yes\" data-elementor-lightbox-slideshow=\"c4366bc\" data-elementor-lightbox-title=\"bolt-fixing-444x465\" data-e-action-hash=\"#elementor-action%3Aaction%3Dlightbox%26settings%3DeyJpZCI6ODA3LCJ1cmwiOiJodHRwczpcL1wvdGdydXBjYW0uY29tXC93cC1jb250ZW50XC91cGxvYWRzXC8yMDI1XC8wMlwvYm9sdC1maXhpbmctNDQ0eDQ2NS0xLnBuZyIsInNsaWRlc2hvdyI6ImM0MzY2YmMifQ%3D%3D\" href='https:\/\/tgrupcam.com\/wp-content\/uploads\/2025\/02\/bolt-fixing-444x465-1.png'><img loading=\"lazy\" decoding=\"async\" width=\"150\" height=\"150\" src=\"https:\/\/tgrupcam.com\/wp-content\/uploads\/2025\/02\/bolt-fixing-444x465-1-150x150.png\" class=\"attachment-thumbnail size-thumbnail\" alt=\"\" \/><\/a>\n\t\t\t<\/div><\/figure><figure class='gallery-item'>\n\t\t\t<div class='gallery-icon portrait'>\n\t\t\t\t<a data-elementor-open-lightbox=\"yes\" data-elementor-lightbox-slideshow=\"c4366bc\" data-elementor-lightbox-title=\"fin-glazing-444x465\" data-e-action-hash=\"#elementor-action%3Aaction%3Dlightbox%26settings%3DeyJpZCI6ODE4LCJ1cmwiOiJodHRwczpcL1wvdGdydXBjYW0uY29tXC93cC1jb250ZW50XC91cGxvYWRzXC8yMDI1XC8wMlwvZmluLWdsYXppbmctNDQ0eDQ2NS0xLnBuZyIsInNsaWRlc2hvdyI6ImM0MzY2YmMifQ%3D%3D\" href='https:\/\/tgrupcam.com\/wp-content\/uploads\/2025\/02\/fin-glazing-444x465-1.png'><img loading=\"lazy\" decoding=\"async\" width=\"150\" height=\"150\" src=\"https:\/\/tgrupcam.com\/wp-content\/uploads\/2025\/02\/fin-glazing-444x465-1-150x150.png\" class=\"attachment-thumbnail size-thumbnail\" alt=\"\" \/><\/a>\n\t\t\t<\/div><\/figure>\n\t\t<\/div>\n\t\t<\/div>\n\t\t\t\t\t\t<\/div>\n\t\t\t\t<\/div>\n\t\t\t\t<div class=\"elementor-element elementor-element-3552211 elementor-widget elementor-widget-text-editor\" data-id=\"3552211\" data-element_type=\"widget\" data-e-type=\"widget\" data-widget_type=\"text-editor.default\">\n\t\t\t\t<div class=\"elementor-widget-container\">\n\t\t\t\t\t\t\t\t\t<p>Gr\u00e2ce \u00e0 une <strong>flexibilit\u00e9 de conception in\u00e9gal\u00e9e<\/strong>, le <strong>vitrage structurel<\/strong> a r\u00e9volutionn\u00e9 l&#8217;architecture moderne. Chez <strong>T Grup Cam<\/strong>, nous permettons aux architectes et aux concepteurs de fa\u00e7ades de concr\u00e9tiser leur vision d&#8217;une <strong>structure en verre monolithique et homog\u00e8ne<\/strong> gr\u00e2ce \u00e0 des <strong>solutions de vitrage structurel avanc\u00e9es<\/strong>. Qu&#8217;il s&#8217;agisse de <strong>techniques de collage structurel<\/strong> ou de <strong>syst\u00e8mes de fixation par boulons<\/strong>, nous proposons des solutions de verre de pointe qui allient esth\u00e9tique et hautes performances.<\/p>\n<p>Selon les m\u00e9thodes de construction, le vitrage structurel peut \u00eatre class\u00e9 en <strong>quatre principaux types<\/strong>, chacun offrant des <strong>avantages distincts<\/strong> pour diff\u00e9rentes applications architecturales. Notre expertise garantit \u00e0 chaque projet une <strong>durabilit\u00e9 optimale, une efficacit\u00e9 \u00e9nerg\u00e9tique et un design contemporain<\/strong>.<\/p>\n\t\t\t\t\t\t\t\t<\/div>\n\t\t\t\t<\/div>\n\t\t\t\t\t<\/div>\n\t\t\t\t<\/div>\n\t\t<div class=\"elementor-element elementor-element-121228e3 e-flex e-con-boxed e-con e-parent\" data-id=\"121228e3\" data-element_type=\"container\" data-e-type=\"container\" data-settings=\"{&quot;background_background&quot;:&quot;classic&quot;,&quot;background_motion_fx_motion_fx_scrolling&quot;:&quot;yes&quot;,&quot;background_motion_fx_translateY_effect&quot;:&quot;yes&quot;,&quot;background_motion_fx_translateY_speed&quot;:{&quot;unit&quot;:&quot;px&quot;,&quot;size&quot;:4,&quot;sizes&quot;:[]},&quot;background_motion_fx_translateY_affectedRange&quot;:{&quot;unit&quot;:&quot;%&quot;,&quot;size&quot;:&quot;&quot;,&quot;sizes&quot;:{&quot;start&quot;:0,&quot;end&quot;:100}},&quot;background_motion_fx_devices&quot;:[&quot;desktop&quot;,&quot;tablet&quot;,&quot;mobile&quot;]}\">\n\t\t\t\t\t<div class=\"e-con-inner\">\n\t\t\t\t<div class=\"elementor-element elementor-element-369d7dbc elementor-widget elementor-widget-heading\" data-id=\"369d7dbc\" data-element_type=\"widget\" data-e-type=\"widget\" data-widget_type=\"heading.default\">\n\t\t\t\t<div class=\"elementor-widget-container\">\n\t\t\t\t\t<h2 class=\"elementor-heading-title elementor-size-default\">Nous modifions constamment nos processus de fabrication et changeons nos habitudes pour limiter les effets n\u00e9gatifs sur l'environnement.<\/h2>\t\t\t\t<\/div>\n\t\t\t\t<\/div>\n\t\t\t\t<div class=\"elementor-element elementor-element-46e618c2 elementor-widget elementor-widget-text-editor\" data-id=\"46e618c2\" data-element_type=\"widget\" data-e-type=\"widget\" data-widget_type=\"text-editor.default\">\n\t\t\t\t<div class=\"elementor-widget-container\">\n\t\t\t\t\t\t\t\t\t<p>Afin de faciliter les changements, nous avons adopt\u00e9 la norme ISO 14001, le syst\u00e8me mondial de gestion de la protection de l&#8217;environnement.<\/p>\n\t\t\t\t\t\t\t\t<\/div>\n\t\t\t\t<\/div>\n\t\t\t\t<div class=\"elementor-element elementor-element-1836e317 elementor-align-center elementor-widget elementor-widget-button\" data-id=\"1836e317\" data-element_type=\"widget\" data-e-type=\"widget\" data-widget_type=\"button.default\">\n\t\t\t\t<div class=\"elementor-widget-container\">\n\t\t\t\t\t\t\t\t\t<div class=\"elementor-button-wrapper\">\n\t\t\t\t\t<a class=\"elementor-button elementor-button-link elementor-size-sm\" href=\"https:\/\/tgrupcam.com\/index.php\/contact\/\">\n\t\t\t\t\t\t<span class=\"elementor-button-content-wrapper\">\n\t\t\t\t\t\t\t\t\t<span class=\"elementor-button-text\">Contactez nous<\/span>\n\t\t\t\t\t<\/span>\n\t\t\t\t\t<\/a>\n\t\t\t\t<\/div>\n\t\t\t\t\t\t\t\t<\/div>\n\t\t\t\t<\/div>\n\t\t\t\t\t<\/div>\n\t\t\t\t<\/div>\n\t\t\t\t<\/div>\n\t\t","protected":false},"excerpt":{"rendered":"<p>VERRE DE CONTR\u00d4LE SOLAIRE \u00c0 PROPOS DU VERRE DE CONTR\u00d4LE SOLAIRE Le verre de contr\u00f4le solaire de T Grup Cam est con\u00e7u pour r\u00e9guler le gain de chaleur solaire, am\u00e9liorant ainsi l&#8217;efficacit\u00e9 \u00e9nerg\u00e9tique et le confort int\u00e9rieur. En filtrant s\u00e9lectivement la lumi\u00e8re du soleil, ce verre avanc\u00e9 r\u00e9duit l&#8217;accumulation excessive de chaleur tout en maintenant [&hellip;]<\/p>\n","protected":false},"author":1,"featured_media":0,"parent":2491,"menu_order":0,"comment_status":"closed","ping_status":"closed","template":"elementor_header_footer","meta":{"footnotes":""},"class_list":["post-2920","page","type-page","status-publish","hentry"],"_links":{"self":[{"href":"https:\/\/tgrupcam.com\/index.php\/wp-json\/wp\/v2\/pages\/2920","targetHints":{"allow":["GET"]}}],"collection":[{"href":"https:\/\/tgrupcam.com\/index.php\/wp-json\/wp\/v2\/pages"}],"about":[{"href":"https:\/\/tgrupcam.com\/index.php\/wp-json\/wp\/v2\/types\/page"}],"author":[{"embeddable":true,"href":"https:\/\/tgrupcam.com\/index.php\/wp-json\/wp\/v2\/users\/1"}],"replies":[{"embeddable":true,"href":"https:\/\/tgrupcam.com\/index.php\/wp-json\/wp\/v2\/comments?post=2920"}],"version-history":[{"count":0,"href":"https:\/\/tgrupcam.com\/index.php\/wp-json\/wp\/v2\/pages\/2920\/revisions"}],"up":[{"embeddable":true,"href":"https:\/\/tgrupcam.com\/index.php\/wp-json\/wp\/v2\/pages\/2491"}],"wp:attachment":[{"href":"https:\/\/tgrupcam.com\/index.php\/wp-json\/wp\/v2\/media?parent=2920"}],"curies":[{"name":"wp","href":"https:\/\/api.w.org\/{rel}","templated":true}]}}