{"id":2928,"date":"2025-02-05T11:49:47","date_gmt":"2025-02-05T08:49:47","guid":{"rendered":"https:\/\/tgrupcam.com\/index.php\/oferta-de-piata\/unitati-vitrate\/sigurno-thaj-siguripasko-staklo\/"},"modified":"2025-06-03T17:42:21","modified_gmt":"2025-06-03T14:42:21","slug":"sigurno-thaj-siguripasko-staklo","status":"publish","type":"page","link":"https:\/\/tgrupcam.com\/index.php\/oferta-de-piata\/unitati-vitrate\/sigurno-thaj-siguripasko-staklo\/?lang=ro","title":{"rendered":"Sigurno thaj siguripasko staklo"},"content":{"rendered":"\t\t<div data-elementor-type=\"wp-page\" data-elementor-id=\"2928\" class=\"elementor elementor-2928 elementor-30\" data-elementor-post-type=\"page\">\n\t\t\t\t<div class=\"elementor-element elementor-element-377b1b2f e-con-full e-flex e-con e-parent\" data-id=\"377b1b2f\" data-element_type=\"container\" data-e-type=\"container\" data-settings=\"{&quot;background_background&quot;:&quot;classic&quot;,&quot;shape_divider_bottom&quot;:&quot;opacity-fan&quot;}\">\n\t\t\t\t<div class=\"elementor-shape elementor-shape-bottom\" aria-hidden=\"true\" data-negative=\"false\">\n\t\t\t<svg xmlns=\"http:\/\/www.w3.org\/2000\/svg\" viewBox=\"0 0 283.5 19.6\" preserveAspectRatio=\"none\">\n\t<path class=\"elementor-shape-fill\" style=\"opacity:0.33\" d=\"M0 0L0 18.8 141.8 4.1 283.5 18.8 283.5 0z\"\/>\n\t<path class=\"elementor-shape-fill\" style=\"opacity:0.33\" d=\"M0 0L0 12.6 141.8 4 283.5 12.6 283.5 0z\"\/>\n\t<path class=\"elementor-shape-fill\" style=\"opacity:0.33\" d=\"M0 0L0 6.4 141.8 4 283.5 6.4 283.5 0z\"\/>\n\t<path class=\"elementor-shape-fill\" d=\"M0 0L0 1.2 141.8 4 283.5 1.2 283.5 0z\"\/>\n<\/svg>\t\t<\/div>\n\t\t\t\t<div class=\"elementor-element elementor-element-1fe9b905 elementor-widget elementor-widget-heading\" data-id=\"1fe9b905\" data-element_type=\"widget\" data-e-type=\"widget\" data-widget_type=\"heading.default\">\n\t\t\t\t<div class=\"elementor-widget-container\">\n\t\t\t\t\t<h2 class=\"elementor-heading-title elementor-size-default\">\u0106I\u0106IPE THAJ SEGURITETO STAKLO<\/h2>\t\t\t\t<\/div>\n\t\t\t\t<\/div>\n\t\t\t\t<\/div>\n\t\t<div class=\"elementor-element elementor-element-1ee06cb1 e-flex e-con-boxed e-con e-parent\" data-id=\"1ee06cb1\" data-element_type=\"container\" data-e-type=\"container\">\n\t\t\t\t\t<div class=\"e-con-inner\">\n\t\t\t\t<div class=\"elementor-element elementor-element-dda2ea1 elementor-widget elementor-widget-heading\" data-id=\"dda2ea1\" data-element_type=\"widget\" data-e-type=\"widget\" data-widget_type=\"heading.default\">\n\t\t\t\t<div class=\"elementor-widget-container\">\n\t\t\t\t\t<h2 class=\"elementor-heading-title elementor-size-default\">PAL-O SEGURIPE THAJ SEGURITETO GLASO<\/h2>\t\t\t\t<\/div>\n\t\t\t\t<\/div>\n\t\t\t\t<div class=\"elementor-element elementor-element-6f208a60 elementor-widget elementor-widget-text-editor\" data-id=\"6f208a60\" data-element_type=\"widget\" data-e-type=\"widget\" data-widget_type=\"text-editor.default\">\n\t\t\t\t<div class=\"elementor-widget-container\">\n\t\t\t\t\t\t\t\t\t<p>Ko <strong>T Grup Cam<\/strong>, amen das <strong>baro-performanso Safety and Security Glass<\/strong> kerdo te del <strong>maksimalno protekcia<\/strong> thaj te arakhel <strong>optikani klariteta thaj estetikano apelacia<\/strong>. Amare avansime solucie vash o staklo vazden e <strong>sekuritato, o duryaripe, thaj o resistenca<\/strong> mamuj o pharipe, o phagipe, thaj e avrune daravimata.<\/p>\n<p><strong>Beneficie:<\/strong><\/p>\n<p>\u2705 <strong>Impact Rezistenca<\/strong> \u2013 Kerdo te inkrel zorale pharipa, te tiknjarel o riziko vash o phagipe <strong>Ster. Protekcia<\/strong> \u2013 Te si phagerdo, o staklo a\u010dhol pe than, te na avel phare kotora.<br \/>\u2705 <strong>Corripe &amp; Vandalizmosko Rezistenca<\/strong> \u2013 Vazdel e sekuritato vash khera, ofisura, thaj komercialno khera.<br \/>\u2705 <strong>Bullet &amp; Explosion Resistance<\/strong> \u2013 Si la\u0107hi an\u03b8-e specializirime konfiguracie va\u015b <strong>bari-sekurit\u00e0taqe ambi\u00e8ntur\u01ce<\/strong>.<br \/>\u2705 <strong>Fire &amp; Rezist\u00e8nca karing i toplina<\/strong> \u2013 La\u0107harel i sekuriteta an\u03b8-o \u0107\u00e0so e jagqo kana \u0107hivel pes maj palal i toplina thaj i jag.<\/p>\n<p><strong>Aplik\u00e0cie:<\/strong><\/p>\n<ul>\n<li><strong>Komercialno &amp; Rezidencialno khera<\/strong><\/li>\n<li><strong>Butikura &amp; Showrooms<\/strong><\/li>\n<li><strong>Bankura &amp; Finansi\u00e0lo Institucie<\/strong><\/li>\n<li><strong>Publikane Khera &amp; Aeroportura<\/strong><\/li>\n<li><strong>Luxusno khera &amp; Zone e bare-sekuritaki<\/strong><\/li>\n<\/ul>\n<p>Amaro <strong>Sekuritato thaj Sekuritaki Staklo<\/strong> si kerdo e maj neve tehnologiasa, so siguril <strong>optimalno zor, protekcia thaj lungo trajo<\/strong> vash diferentno arxitekturake thaj industriake aplikacie.<\/p>\n\t\t\t\t\t\t\t\t<\/div>\n\t\t\t\t<\/div>\n\t\t\t\t<div class=\"elementor-element elementor-element-3399396c elementor-widget elementor-widget-heading\" data-id=\"3399396c\" data-element_type=\"widget\" data-e-type=\"widget\" data-widget_type=\"heading.default\">\n\t\t\t\t<div class=\"elementor-widget-container\">\n\t\t\t\t\t<h2 class=\"elementor-heading-title elementor-size-default\">AVANTAJE<\/h2>\t\t\t\t<\/div>\n\t\t\t\t<\/div>\n\t\t\t\t<div class=\"elementor-element elementor-element-758b11b6 elementor-position-left elementor-vertical-align-middle elementor-widget elementor-widget-image-box\" data-id=\"758b11b6\" data-element_type=\"widget\" data-e-type=\"widget\" data-widget_type=\"image-box.default\">\n\t\t\t\t<div class=\"elementor-widget-container\">\n\t\t\t\t\t<div class=\"elementor-image-box-wrapper\"><figure class=\"elementor-image-box-img\"><img fetchpriority=\"high\" decoding=\"async\" width=\"1080\" height=\"1080\" src=\"https:\/\/tgrupcam.com\/wp-content\/uploads\/2025\/04\/safety-security-1.jpg\" class=\"attachment-full size-full wp-image-1891\" alt=\"\" srcset=\"https:\/\/tgrupcam.com\/wp-content\/uploads\/2025\/04\/safety-security-1.jpg 1080w, https:\/\/tgrupcam.com\/wp-content\/uploads\/2025\/04\/safety-security-1-300x300.jpg 300w, https:\/\/tgrupcam.com\/wp-content\/uploads\/2025\/04\/safety-security-1-1024x1024.jpg 1024w, https:\/\/tgrupcam.com\/wp-content\/uploads\/2025\/04\/safety-security-1-150x150.jpg 150w, https:\/\/tgrupcam.com\/wp-content\/uploads\/2025\/04\/safety-security-1-768x768.jpg 768w, https:\/\/tgrupcam.com\/wp-content\/uploads\/2025\/04\/safety-security-1-650x650.jpg 650w\" sizes=\"(max-width: 1080px) 100vw, 1080px\" \/><\/figure><div class=\"elementor-image-box-content\"><h3 class=\"elementor-image-box-title\">Temporarno protekcia mamuj zumavimata te phagen andre<\/h3><p class=\"elementor-image-box-description\">Del skurto-vr\u00e0maqo maripe mamuj zorasa andre \u017aanglipe thaj zumavimata te phagen andre.<\/p><\/div><\/div>\t\t\t\t<\/div>\n\t\t\t\t<\/div>\n\t\t\t\t<div class=\"elementor-element elementor-element-11ab5bec elementor-position-left elementor-vertical-align-middle elementor-widget elementor-widget-image-box\" data-id=\"11ab5bec\" data-element_type=\"widget\" data-e-type=\"widget\" data-widget_type=\"image-box.default\">\n\t\t\t\t<div class=\"elementor-widget-container\">\n\t\t\t\t\t<div class=\"elementor-image-box-wrapper\"><figure class=\"elementor-image-box-img\"><img decoding=\"async\" width=\"1080\" height=\"1080\" src=\"https:\/\/tgrupcam.com\/wp-content\/uploads\/2025\/04\/safety-security-2.jpg\" class=\"attachment-full size-full wp-image-1902\" alt=\"\" srcset=\"https:\/\/tgrupcam.com\/wp-content\/uploads\/2025\/04\/safety-security-2.jpg 1080w, https:\/\/tgrupcam.com\/wp-content\/uploads\/2025\/04\/safety-security-2-300x300.jpg 300w, https:\/\/tgrupcam.com\/wp-content\/uploads\/2025\/04\/safety-security-2-1024x1024.jpg 1024w, https:\/\/tgrupcam.com\/wp-content\/uploads\/2025\/04\/safety-security-2-150x150.jpg 150w, https:\/\/tgrupcam.com\/wp-content\/uploads\/2025\/04\/safety-security-2-768x768.jpg 768w, https:\/\/tgrupcam.com\/wp-content\/uploads\/2025\/04\/safety-security-2-650x650.jpg 650w\" sizes=\"(max-width: 1080px) 100vw, 1080px\" \/><\/figure><div class=\"elementor-image-box-content\"><h3 class=\"elementor-image-box-title\">Protekcia mamuj dukh katar o phagipe e staklosko<\/h3><p class=\"elementor-image-box-description\">Preventirinel e dukha kana inkrel o phagerdo staklo pe than kana perel.<\/p><\/div><\/div>\t\t\t\t<\/div>\n\t\t\t\t<\/div>\n\t\t\t\t<div class=\"elementor-element elementor-element-1920f0fa elementor-position-left elementor-vertical-align-middle elementor-widget elementor-widget-image-box\" data-id=\"1920f0fa\" data-element_type=\"widget\" data-e-type=\"widget\" data-widget_type=\"image-box.default\">\n\t\t\t\t<div class=\"elementor-widget-container\">\n\t\t\t\t\t<div class=\"elementor-image-box-wrapper\"><figure class=\"elementor-image-box-img\"><img decoding=\"async\" width=\"1080\" height=\"1080\" src=\"https:\/\/tgrupcam.com\/wp-content\/uploads\/2025\/04\/safety-security-3.jpg\" class=\"attachment-full size-full wp-image-1913\" alt=\"\" srcset=\"https:\/\/tgrupcam.com\/wp-content\/uploads\/2025\/04\/safety-security-3.jpg 1080w, https:\/\/tgrupcam.com\/wp-content\/uploads\/2025\/04\/safety-security-3-300x300.jpg 300w, https:\/\/tgrupcam.com\/wp-content\/uploads\/2025\/04\/safety-security-3-1024x1024.jpg 1024w, https:\/\/tgrupcam.com\/wp-content\/uploads\/2025\/04\/safety-security-3-150x150.jpg 150w, https:\/\/tgrupcam.com\/wp-content\/uploads\/2025\/04\/safety-security-3-768x768.jpg 768w, https:\/\/tgrupcam.com\/wp-content\/uploads\/2025\/04\/safety-security-3-650x650.jpg 650w\" sizes=\"(max-width: 1080px) 100vw, 1080px\" \/><\/figure><div class=\"elementor-image-box-content\"><h3 class=\"elementor-image-box-title\">Redukcia e rizikosqi pal-e \u0107orre<\/h3><p class=\"elementor-image-box-description\">Minimizirinel o riziko e phagipnasko, sigurindoj duryaripe thaj sekuritato.<\/p><\/div><\/div>\t\t\t\t<\/div>\n\t\t\t\t<\/div>\n\t\t\t\t\t<\/div>\n\t\t\t\t<\/div>\n\t\t<div class=\"elementor-element elementor-element-54c57c0 e-flex e-con-boxed e-con e-parent\" data-id=\"54c57c0\" data-element_type=\"container\" data-e-type=\"container\" data-settings=\"{&quot;background_background&quot;:&quot;classic&quot;,&quot;background_motion_fx_motion_fx_scrolling&quot;:&quot;yes&quot;,&quot;background_motion_fx_translateY_effect&quot;:&quot;yes&quot;,&quot;background_motion_fx_translateY_speed&quot;:{&quot;unit&quot;:&quot;px&quot;,&quot;size&quot;:4,&quot;sizes&quot;:[]},&quot;background_motion_fx_translateY_affectedRange&quot;:{&quot;unit&quot;:&quot;%&quot;,&quot;size&quot;:&quot;&quot;,&quot;sizes&quot;:{&quot;start&quot;:0,&quot;end&quot;:100}},&quot;background_motion_fx_devices&quot;:[&quot;desktop&quot;,&quot;tablet&quot;,&quot;mobile&quot;]}\">\n\t\t\t\t\t<div class=\"e-con-inner\">\n\t\t\t\t\t<\/div>\n\t\t\t\t<\/div>\n\t\t<div class=\"elementor-element elementor-element-1eaed3f0 e-flex e-con-boxed e-con e-parent\" data-id=\"1eaed3f0\" data-element_type=\"container\" data-e-type=\"container\">\n\t\t\t\t\t<div class=\"e-con-inner\">\n\t\t\t\t<div class=\"elementor-element elementor-element-1d4963c elementor-widget elementor-widget-heading\" data-id=\"1d4963c\" data-element_type=\"widget\" data-e-type=\"widget\" data-widget_type=\"heading.default\">\n\t\t\t\t<div class=\"elementor-widget-container\">\n\t\t\t\t\t<h2 class=\"elementor-heading-title elementor-size-default\">SO SHAJ TE OFERAS<\/h2>\t\t\t\t<\/div>\n\t\t\t\t<\/div>\n\t\t\t\t<div class=\"elementor-element elementor-element-3a69523b elementor-widget elementor-widget-text-editor\" data-id=\"3a69523b\" data-element_type=\"widget\" data-e-type=\"widget\" data-widget_type=\"text-editor.default\">\n\t\t\t\t<div class=\"elementor-widget-container\">\n\t\t\t\t\t\t\t\t\t<div class=\"av-special-heading av-hw04q6v-fb180a63cc7c2eb75c4bab16d5a09ad6 av-special-heading-h3 blockquote modern-quote avia-builder-el-15 el_after_av_heading el_before_av_block_block3 class=\"av-special-heading-tag \">Glazirime jekhimata e sekuritaki thaj sekuritaki staklo<\/h3>\n<\/div>\n<section class=\"av_textblock_section av-hcr6b7b-5e77a793c1746bca6dd663218f5b43ae \">\n<div class=\"block_block=\" class=\"mobiletable\">\n<table class=\"table-td-padding td\">\n<tbody>\n<tr>\n<td><strong>Typo<br \/>glass unit<br \/>T\u00a0[mm]<\/strong><\/td>\n<td><strong>Light transmission<br \/>LT [%]<\/strong><\/td>\n<td><strong>Light \/LR reflection [%]<\/strong><\/td>\n<td><strong>Totalno<br \/>energia<br \/>transmisia<br \/>g [%]<\/strong><\/td>\n<td><strong>Koefo e transferosko e toplinaqo. [%]<\/strong><\/td>\n<td><strong>Security class<br \/>RO 356<\/strong><\/td>\n<td><strong>Security class<br \/>RO 12600<\/strong><\/td>\n<\/tr>\n<tr>\n<td>33.1\/16Ar\/4T<\/td>\n<td>78<\/td>\n<td>12<\/td>\n<td>59<\/td>\n<td>1,1<\/td>\n<td>7,7<\/td>\n<td>\u2013<\/td>\n<td> >2\/B\/2<\/td>\n<\/tr>\n<tr>\n<td>33.1\/16Ar\/33.1T<\/td>\n<td>78<\/td>\n<td>12<\/td>\n<td>59<\/td>\n<td>1,1<\/td>\n<td>3,4<\/td>\n<td>\u2013<\/td>\n<td>2\/B <\/td>\n<\/tr>\n<tr>\n<td>44.2\/16Ar\/4T<\/td>\n<td>78<\/td>\n<td>12<\/td>\n<td>58<\/td>\n<td>1,1<\/td>\n<td>2,4<\/td>\n<td>P2A<\/td>\n<td>1\/B\/1<\/t><\/p>\n<td>1 tr><\/p>\n<tr>\n<td>44.2\/16Ar\/6T<\/td>\n<td>78<\/td>\n<td>12<\/td>\n<td>58<\/td>\n<td>1,1<\/td>\n<td>2,3<\/td>\n<td>P2A<\/td>\n<td>1\/B\/1<\/td>\n<\/tr>\n<tr>\n<td>44.2\/16Ar\/44.2T<\/td>\n<td>78<\/td>\n<td>12<\/td>\n<td>58<\/td>\n<td>1,1<\/td>\n<td>0,5<\/td>\n<td>P2A<\/td>\n<td>1\/B\/1<\/td>\n<\/tr>\n<td> 44.4\/16Ar\/4T<\/td>\n<td>78<\/td>\n<td>12<\/td>\n<td>56<\/td>\n<td>1,1<\/td>\n<td>0,0<\/td>\n<td>P4A<\/td>\n<td>1\/B\/1<\/td>\n<\/tr>\n<tr>\n<td>44.16 Ar\/6T<\/td>\n<td>78<\/td>\n<td>12<\/td>\n<td>56<\/td>\n<td>1,1<\/td>\n<td>0,0<\/td>\n<td>P4A<\/td>\n<td>1\/B\/1<\/td>\n<\/tr>\n<tr>\n<td>44.4\/16Ar\/444. T<\/td>\n<td>78<\/td>\n<td>12<\/td>\n<td>56<\/td>\n<td>1,1<\/td>\n<td>0,0<\/td>\n<td>P4A<\/td>\n<td>1\/B\/1<\/td>\n<\/tr>\n<\/tbody>\n<\/table>\n<\/div>\n<p>T \u2013 Thermofloat<\/p>\n<\/div>\n<\/section>\n\t\t\t\t\t\t\t\t<\/div>\n\t\t\t\t<\/div>\n\t\t\t\t\t<\/div>\n\t\t\t\t<\/div>\n\t\t<div class=\"elementor-element elementor-element-5c6f3dc4 e-flex e-con-boxed e-con e-parent\" data-id=\"5c6f3dc4\" data-element_type=\"container\" data-e-type=\"container\" data-settings=\"{&quot;background_background&quot;:&quot;classic&quot;,&quot;background_motion_fx_motion_fx_scrolling&quot;:&quot;yes&quot;,&quot;background_motion_fx_translateY_effect&quot;:&quot;yes&quot;,&quot;background_motion_fx_translateY_speed&quot;:{&quot;unit&quot;:&quot;px&quot;,&quot;size&quot;:4,&quot;sizes&quot;:[]},&quot;background_motion_fx_translateY_affectedRange&quot;:{&quot;unit&quot;:&quot;%&quot;,&quot;size&quot;:&quot;&quot;,&quot;sizes&quot;:{&quot;start&quot;:0,&quot;end&quot;:100}},&quot;background_motion_fx_devices&quot;:[&quot;desktop&quot;,&quot;tablet&quot;,&quot;mobile&quot;]}\">\n\t\t\t\t\t<div class=\"e-con-inner\">\n\t\t\t\t<div class=\"elementor-element elementor-element-3740cab5 elementor-widget elementor-widget-heading\" data-id=\"3740cab5\" data-element_type=\"widget\" data-e-type=\"widget\" data-widget_type=\"heading.default\">\n\t\t\t\t<div class=\"elementor-widget-container\">\n\t\t\t\t\t<h2 class=\"elementor-heading-title elementor-size-default\">Ne modific\u0103m constant procesele de produc\u021bie \u0219i ne schimb\u0103m obiceiurile pentru a limita efectul negativ asupra mediului.<\/h2>\t\t\t\t<\/div>\n\t\t\t\t<\/div>\n\t\t\t\t<div class=\"elementor-element elementor-element-6fe00010 elementor-widget elementor-widget-text-editor\" data-id=\"6fe00010\" data-element_type=\"widget\" data-e-type=\"widget\" data-widget_type=\"text-editor.default\">\n\t\t\t\t<div class=\"elementor-widget-container\">\n\t\t\t\t\t\t\t\t\t<p>Te \u015baj te keras maj lokhes e paruvimata, ame adoptisaras o ISO 14001, o sistemo va\u015b o arakhipen e enviromentosqo an\u03b8-i sasti lumja.<\/p>\n\t\t\t\t\t\t\t\t<\/div>\n\t\t\t\t<\/div>\n\t\t\t\t<div class=\"elementor-element elementor-element-6f817977 elementor-align-center elementor-widget elementor-widget-button\" data-id=\"6f817977\" data-element_type=\"widget\" data-e-type=\"widget\" data-widget_type=\"button.default\">\n\t\t\t\t<div class=\"elementor-widget-container\">\n\t\t\t\t\t\t\t\t\t<div class=\"elementor-button-wrapper\">\n\t\t\t\t\t<a class=\"elementor-button elementor-button-link elementor-size-sm\" href=\"https:\/\/tgrupcam.com\/index.php\/kontakto\/?lang=ro\">\n\t\t\t\t\t\t<span class=\"elementor-button-content-wrapper\">\n\t\t\t\t\t\t\t\t\t<span class=\"elementor-button-text\">Contacta\u021bi-ne<\/span>\n\t\t\t\t\t<\/span>\n\t\t\t\t\t<\/a>\n\t\t\t\t<\/div>\n\t\t\t\t\t\t\t\t<\/div>\n\t\t\t\t<\/div>\n\t\t\t\t\t<\/div>\n\t\t\t\t<\/div>\n\t\t\t\t<\/div>\n\t\t","protected":false},"excerpt":{"rendered":"<p>\u0106I\u0106IPE THAJ SEGURITETO STAKLO PAL-O SEGURIPE THAJ SEGURITETO GLASO Ko T Grup Cam, amen das baro-performanso Safety and Security Glass kerdo te del maksimalno protekcia thaj te arakhel optikani klariteta thaj estetikano apelacia. Amare avansime solucie vash o staklo vazden e sekuritato, o duryaripe, thaj o resistenca mamuj o pharipe, o phagipe, thaj e avrune [&hellip;]<\/p>\n","protected":false},"author":1,"featured_media":0,"parent":2457,"menu_order":0,"comment_status":"closed","ping_status":"closed","template":"elementor_header_footer","meta":{"footnotes":""},"class_list":["post-2928","page","type-page","status-publish","hentry"],"_links":{"self":[{"href":"https:\/\/tgrupcam.com\/index.php\/wp-json\/wp\/v2\/pages\/2928","targetHints":{"allow":["GET"]}}],"collection":[{"href":"https:\/\/tgrupcam.com\/index.php\/wp-json\/wp\/v2\/pages"}],"about":[{"href":"https:\/\/tgrupcam.com\/index.php\/wp-json\/wp\/v2\/types\/page"}],"author":[{"embeddable":true,"href":"https:\/\/tgrupcam.com\/index.php\/wp-json\/wp\/v2\/users\/1"}],"replies":[{"embeddable":true,"href":"https:\/\/tgrupcam.com\/index.php\/wp-json\/wp\/v2\/comments?post=2928"}],"version-history":[{"count":0,"href":"https:\/\/tgrupcam.com\/index.php\/wp-json\/wp\/v2\/pages\/2928\/revisions"}],"up":[{"embeddable":true,"href":"https:\/\/tgrupcam.com\/index.php\/wp-json\/wp\/v2\/pages\/2457"}],"wp:attachment":[{"href":"https:\/\/tgrupcam.com\/index.php\/wp-json\/wp\/v2\/media?parent=2928"}],"curies":[{"name":"wp","href":"https:\/\/api.w.org\/{rel}","templated":true}]}}