{"id":2932,"date":"2025-02-05T11:49:47","date_gmt":"2025-02-05T08:49:47","guid":{"rendered":"https:\/\/tgrupcam.com\/index.php\/piaci-ajanlat\/uvegezett-egysegek\/biztonsagi-uveg\/"},"modified":"2025-06-03T17:42:52","modified_gmt":"2025-06-03T14:42:52","slug":"biztonsagi-uveg","status":"publish","type":"page","link":"https:\/\/tgrupcam.com\/index.php\/piaci-ajanlat\/uvegezett-egysegek\/biztonsagi-uveg\/?lang=hu","title":{"rendered":"Biztons\u00e1gi \u00fcveg"},"content":{"rendered":"\t\t<div data-elementor-type=\"wp-page\" data-elementor-id=\"2932\" class=\"elementor elementor-2932 elementor-30\" data-elementor-post-type=\"page\">\n\t\t\t\t<div class=\"elementor-element elementor-element-377b1b2f e-con-full e-flex e-con e-parent\" data-id=\"377b1b2f\" data-element_type=\"container\" data-e-type=\"container\" data-settings=\"{&quot;background_background&quot;:&quot;classic&quot;,&quot;shape_divider_bottom&quot;:&quot;opacity-fan&quot;}\">\n\t\t\t\t<div class=\"elementor-shape elementor-shape-bottom\" aria-hidden=\"true\" data-negative=\"false\">\n\t\t\t<svg xmlns=\"http:\/\/www.w3.org\/2000\/svg\" viewBox=\"0 0 283.5 19.6\" preserveAspectRatio=\"none\">\n\t<path class=\"elementor-shape-fill\" style=\"opacity:0.33\" d=\"M0 0L0 18.8 141.8 4.1 283.5 18.8 283.5 0z\"\/>\n\t<path class=\"elementor-shape-fill\" style=\"opacity:0.33\" d=\"M0 0L0 12.6 141.8 4 283.5 12.6 283.5 0z\"\/>\n\t<path class=\"elementor-shape-fill\" style=\"opacity:0.33\" d=\"M0 0L0 6.4 141.8 4 283.5 6.4 283.5 0z\"\/>\n\t<path class=\"elementor-shape-fill\" d=\"M0 0L0 1.2 141.8 4 283.5 1.2 283.5 0z\"\/>\n<\/svg>\t\t<\/div>\n\t\t\t\t<div class=\"elementor-element elementor-element-1fe9b905 elementor-widget elementor-widget-heading\" data-id=\"1fe9b905\" data-element_type=\"widget\" data-e-type=\"widget\" data-widget_type=\"heading.default\">\n\t\t\t\t<div class=\"elementor-widget-container\">\n\t\t\t\t\t<h2 class=\"elementor-heading-title elementor-size-default\">SAFETY AND SECURITY GLASS<\/h2>\t\t\t\t<\/div>\n\t\t\t\t<\/div>\n\t\t\t\t<\/div>\n\t\t<div class=\"elementor-element elementor-element-1ee06cb1 e-flex e-con-boxed e-con e-parent\" data-id=\"1ee06cb1\" data-element_type=\"container\" data-e-type=\"container\">\n\t\t\t\t\t<div class=\"e-con-inner\">\n\t\t\t\t<div class=\"elementor-element elementor-element-dda2ea1 elementor-widget elementor-widget-heading\" data-id=\"dda2ea1\" data-element_type=\"widget\" data-e-type=\"widget\" data-widget_type=\"heading.default\">\n\t\t\t\t<div class=\"elementor-widget-container\">\n\t\t\t\t\t<h2 class=\"elementor-heading-title elementor-size-default\">A BIZTONS\u00c1GI \u00dcVEGR\u0150L<\/h2>\t\t\t\t<\/div>\n\t\t\t\t<\/div>\n\t\t\t\t<div class=\"elementor-element elementor-element-6f208a60 elementor-widget elementor-widget-text-editor\" data-id=\"6f208a60\" data-element_type=\"widget\" data-e-type=\"widget\" data-widget_type=\"text-editor.default\">\n\t\t\t\t<div class=\"elementor-widget-container\">\n\t\t\t\t\t\t\t\t\t<p>A <strong>T Grup Cam<\/strong>-n\u00e1l <strong>nagy teljes\u00edtm\u00e9ny\u0171 biztons\u00e1gi \u00e9s v\u00e9d\u0151\u00fcvegeket<\/strong> k\u00edn\u00e1lunk, amelyek <strong>maxim\u00e1lis v\u00e9delmet<\/strong> ny\u00fajtanak, mik\u00f6zben meg\u0151rzik az <strong>optikai tisztas\u00e1got \u00e9s az eszt\u00e9tikai vonzer\u0151t<\/strong>. Fejlett \u00fcvegmegold\u00e1saink fokozz\u00e1k a <strong>biztons\u00e1got, a tart\u00f3ss\u00e1got \u00e9s az ellen\u00e1ll\u00e1st<\/strong> az \u00fct\u00e9sekkel, t\u00f6r\u00e9ssel \u00e9s k\u00fcls\u0151 fenyeget\u00e9sekkel szemben.<\/p>\n<p><strong>El\u0151ny\u00f6k:<\/strong><\/p>\n<p>\u2705 <strong>\u00dct\u00e9s\u00e1ll\u00f3s\u00e1g<\/strong> \u2013 \u00dagy tervezt\u00e9k, hogy ellen\u00e1lljon az er\u0151s \u00fct\u00e9seknek, cs\u00f6kkentve a t\u00f6r\u00e9s kock\u00e1zat\u00e1t.<\/p>\n<p>\u2705 <strong>T\u00f6r\u00e9sv\u00e9delem<\/strong> \u2013 T\u00f6r\u00e9s eset\u00e9n az \u00fcveg a hely\u00e9n marad, megakad\u00e1lyozva a vesz\u00e9lyes szil\u00e1nkokat.<\/p>\n<p>\u2705 <strong>Bet\u00f6r\u00e9s- \u00e9s vandalizmus\u00e1ll\u00f3s\u00e1g<\/strong> \u2013 N\u00f6veli az otthonok, irod\u00e1k \u00e9s kereskedelmi \u00e9p\u00fcletek biztons\u00e1g\u00e1t.<\/p>\n<p>\u2705 <strong>Goly\u00f3- \u00e9s robban\u00e1s\u00e1ll\u00f3s\u00e1g<\/strong> \u2013 Speci\u00e1lis konfigur\u00e1ci\u00f3kban kaphat\u00f3 <strong>magas biztons\u00e1gi k\u00f6rnyezetekhez<\/strong>.<\/p>\n<p>\u2705 <strong>T\u0171z- \u00e9s H\u0151\u00e1ll\u00f3s\u00e1g<\/strong> \u2013 T\u0171z eset\u00e9n jav\u00edtja a biztons\u00e1got a h\u0151 \u00e9s a l\u00e1ngok behatol\u00e1s\u00e1nak k\u00e9sleltet\u00e9s\u00e9vel.<\/p>\n<p><strong>Alkalmaz\u00e1si ter\u00fcletek:<\/strong><\/p>\n<ul>\n<li><strong>Kereskedelmi \u00e9s lak\u00f3\u00e9p\u00fcletek<\/strong><\/li>\n<li><strong>Kiskereskedelmi \u00fczletek \u00e9s bemutat\u00f3termek<\/strong><\/li>\n<li><strong>Bankok \u00e9s p\u00e9nzint\u00e9zetek<\/strong><\/li>\n<li><strong>K\u00f6z\u00e9p\u00fcletek \u00e9s rep\u00fcl\u0151terek<\/strong><\/li>\n<li><strong>Luxusotthonok \u00e9s fokozott biztons\u00e1gi z\u00f3n\u00e1k<\/strong><\/li>\n<\/ul>\n<p><strong>Biztons\u00e1gi \u00fcvegeink<\/strong> a leg\u00fajabb technol\u00f3gi\u00e1val k\u00e9sz\u00fclnek, biztos\u00edtva az <strong>optim\u00e1lis szil\u00e1rds\u00e1got, v\u00e9delmet \u00e9s hossz\u00fa \u00e9lettartamot<\/strong> a k\u00fcl\u00f6nf\u00e9le \u00e9p\u00edt\u00e9szeti \u00e9s ipari alkalmaz\u00e1sokhoz.<\/p>\n\t\t\t\t\t\t\t\t<\/div>\n\t\t\t\t<\/div>\n\t\t\t\t<div class=\"elementor-element elementor-element-3399396c elementor-widget elementor-widget-heading\" data-id=\"3399396c\" data-element_type=\"widget\" data-e-type=\"widget\" data-widget_type=\"heading.default\">\n\t\t\t\t<div class=\"elementor-widget-container\">\n\t\t\t\t\t<h2 class=\"elementor-heading-title elementor-size-default\">EL\u0150NY\u00d6K<\/h2>\t\t\t\t<\/div>\n\t\t\t\t<\/div>\n\t\t\t\t<div class=\"elementor-element elementor-element-758b11b6 elementor-position-left elementor-vertical-align-middle elementor-widget elementor-widget-image-box\" data-id=\"758b11b6\" data-element_type=\"widget\" data-e-type=\"widget\" data-widget_type=\"image-box.default\">\n\t\t\t\t<div class=\"elementor-widget-container\">\n\t\t\t\t\t<div class=\"elementor-image-box-wrapper\"><figure class=\"elementor-image-box-img\"><img fetchpriority=\"high\" decoding=\"async\" width=\"1080\" height=\"1080\" src=\"https:\/\/tgrupcam.com\/wp-content\/uploads\/2025\/04\/safety-security-1.jpg\" class=\"attachment-full size-full wp-image-1889\" alt=\"\" srcset=\"https:\/\/tgrupcam.com\/wp-content\/uploads\/2025\/04\/safety-security-1.jpg 1080w, https:\/\/tgrupcam.com\/wp-content\/uploads\/2025\/04\/safety-security-1-300x300.jpg 300w, https:\/\/tgrupcam.com\/wp-content\/uploads\/2025\/04\/safety-security-1-1024x1024.jpg 1024w, https:\/\/tgrupcam.com\/wp-content\/uploads\/2025\/04\/safety-security-1-150x150.jpg 150w, https:\/\/tgrupcam.com\/wp-content\/uploads\/2025\/04\/safety-security-1-768x768.jpg 768w, https:\/\/tgrupcam.com\/wp-content\/uploads\/2025\/04\/safety-security-1-650x650.jpg 650w\" sizes=\"(max-width: 1080px) 100vw, 1080px\" \/><\/figure><div class=\"elementor-image-box-content\"><h3 class=\"elementor-image-box-title\">Ideiglenes v\u00e9delem bet\u00f6r\u00e9si k\u00eds\u00e9rletek ellen<\/h3><p class=\"elementor-image-box-description\">R\u00f6vid t\u00e1v\u00fa v\u00e9delmet ny\u00fajt az er\u0151szakos behatol\u00e1ssal \u00e9s bet\u00f6r\u00e9si k\u00eds\u00e9rletekkel szemben.<\/p><\/div><\/div>\t\t\t\t<\/div>\n\t\t\t\t<\/div>\n\t\t\t\t<div class=\"elementor-element elementor-element-11ab5bec elementor-position-left elementor-vertical-align-middle elementor-widget elementor-widget-image-box\" data-id=\"11ab5bec\" data-element_type=\"widget\" data-e-type=\"widget\" data-widget_type=\"image-box.default\">\n\t\t\t\t<div class=\"elementor-widget-container\">\n\t\t\t\t\t<div class=\"elementor-image-box-wrapper\"><figure class=\"elementor-image-box-img\"><img decoding=\"async\" width=\"1080\" height=\"1080\" src=\"https:\/\/tgrupcam.com\/wp-content\/uploads\/2025\/04\/safety-security-2.jpg\" class=\"attachment-full size-full wp-image-1900\" alt=\"\" srcset=\"https:\/\/tgrupcam.com\/wp-content\/uploads\/2025\/04\/safety-security-2.jpg 1080w, https:\/\/tgrupcam.com\/wp-content\/uploads\/2025\/04\/safety-security-2-300x300.jpg 300w, https:\/\/tgrupcam.com\/wp-content\/uploads\/2025\/04\/safety-security-2-1024x1024.jpg 1024w, https:\/\/tgrupcam.com\/wp-content\/uploads\/2025\/04\/safety-security-2-150x150.jpg 150w, https:\/\/tgrupcam.com\/wp-content\/uploads\/2025\/04\/safety-security-2-768x768.jpg 768w, https:\/\/tgrupcam.com\/wp-content\/uploads\/2025\/04\/safety-security-2-650x650.jpg 650w\" sizes=\"(max-width: 1080px) 100vw, 1080px\" \/><\/figure><div class=\"elementor-image-box-content\"><h3 class=\"elementor-image-box-title\">V\u00e9delem az \u00fcvegt\u00f6r\u00e9s okozta s\u00e9r\u00fcl\u00e9sek ellen<\/h3><p class=\"elementor-image-box-description\">Megel\u0151zi a s\u00e9r\u00fcl\u00e9seket az\u00e1ltal, hogy \u00fct\u00e9s eset\u00e9n a hely\u00e9n tartja az \u00f6sszet\u00f6rt \u00fcveget.<\/p><\/div><\/div>\t\t\t\t<\/div>\n\t\t\t\t<\/div>\n\t\t\t\t<div class=\"elementor-element elementor-element-1920f0fa elementor-position-left elementor-vertical-align-middle elementor-widget elementor-widget-image-box\" data-id=\"1920f0fa\" data-element_type=\"widget\" data-e-type=\"widget\" data-widget_type=\"image-box.default\">\n\t\t\t\t<div class=\"elementor-widget-container\">\n\t\t\t\t\t<div class=\"elementor-image-box-wrapper\"><figure class=\"elementor-image-box-img\"><img decoding=\"async\" width=\"1080\" height=\"1080\" src=\"https:\/\/tgrupcam.com\/wp-content\/uploads\/2025\/04\/safety-security-3.jpg\" class=\"attachment-full size-full wp-image-1911\" alt=\"\" srcset=\"https:\/\/tgrupcam.com\/wp-content\/uploads\/2025\/04\/safety-security-3.jpg 1080w, https:\/\/tgrupcam.com\/wp-content\/uploads\/2025\/04\/safety-security-3-300x300.jpg 300w, https:\/\/tgrupcam.com\/wp-content\/uploads\/2025\/04\/safety-security-3-1024x1024.jpg 1024w, https:\/\/tgrupcam.com\/wp-content\/uploads\/2025\/04\/safety-security-3-150x150.jpg 150w, https:\/\/tgrupcam.com\/wp-content\/uploads\/2025\/04\/safety-security-3-768x768.jpg 768w, https:\/\/tgrupcam.com\/wp-content\/uploads\/2025\/04\/safety-security-3-650x650.jpg 650w\" sizes=\"(max-width: 1080px) 100vw, 1080px\" \/><\/figure><div class=\"elementor-image-box-content\"><h3 class=\"elementor-image-box-title\">Reped\u00e9sek kock\u00e1zat\u00e1nak cs\u00f6kkent\u00e9se<\/h3><p class=\"elementor-image-box-description\">Minimaliz\u00e1lja a reped\u00e9sek kock\u00e1zat\u00e1t, biztos\u00edtva a tart\u00f3ss\u00e1got \u00e9s a biztons\u00e1got.<\/p><\/div><\/div>\t\t\t\t<\/div>\n\t\t\t\t<\/div>\n\t\t\t\t\t<\/div>\n\t\t\t\t<\/div>\n\t\t<div class=\"elementor-element elementor-element-54c57c0 e-flex e-con-boxed e-con e-parent\" data-id=\"54c57c0\" data-element_type=\"container\" data-e-type=\"container\" data-settings=\"{&quot;background_background&quot;:&quot;classic&quot;,&quot;background_motion_fx_motion_fx_scrolling&quot;:&quot;yes&quot;,&quot;background_motion_fx_translateY_effect&quot;:&quot;yes&quot;,&quot;background_motion_fx_translateY_speed&quot;:{&quot;unit&quot;:&quot;px&quot;,&quot;size&quot;:4,&quot;sizes&quot;:[]},&quot;background_motion_fx_translateY_affectedRange&quot;:{&quot;unit&quot;:&quot;%&quot;,&quot;size&quot;:&quot;&quot;,&quot;sizes&quot;:{&quot;start&quot;:0,&quot;end&quot;:100}},&quot;background_motion_fx_devices&quot;:[&quot;desktop&quot;,&quot;tablet&quot;,&quot;mobile&quot;]}\">\n\t\t\t\t\t<div class=\"e-con-inner\">\n\t\t\t\t\t<\/div>\n\t\t\t\t<\/div>\n\t\t<div class=\"elementor-element elementor-element-1eaed3f0 e-flex e-con-boxed e-con e-parent\" data-id=\"1eaed3f0\" data-element_type=\"container\" data-e-type=\"container\">\n\t\t\t\t\t<div class=\"e-con-inner\">\n\t\t\t\t<div class=\"elementor-element elementor-element-1d4963c elementor-widget elementor-widget-heading\" data-id=\"1d4963c\" data-element_type=\"widget\" data-e-type=\"widget\" data-widget_type=\"heading.default\">\n\t\t\t\t<div class=\"elementor-widget-container\">\n\t\t\t\t\t<h2 class=\"elementor-heading-title elementor-size-default\">Amit k\u00edn\u00e1lunk<\/h2>\t\t\t\t<\/div>\n\t\t\t\t<\/div>\n\t\t\t\t<div class=\"elementor-element elementor-element-3a69523b elementor-widget elementor-widget-text-editor\" data-id=\"3a69523b\" data-element_type=\"widget\" data-e-type=\"widget\" data-widget_type=\"text-editor.default\">\n\t\t\t\t<div class=\"elementor-widget-container\">\n\t\t\t\t\t\t\t\t\t<div class=\"av-special-heading av-hw04q6v-fb180a63cc7c2eb75c4bab16d5a09ad6 av-special-heading-h3 blockquote modern-quote avia-builder-el-15 el_after_av_heading el_before_av_textblock \">\n<h3 class=\"av-special-heading-tag \">Biztons\u00e1gi \u00fcvegez\u00e9s\u0171 \u00fcvegez\u00e9sek<\/h3>\n<\/div>\n<p><\/p>\n<section class=\"av_textblock_section av-hcr6b7b-5e77a793c1746bca6dd663218f5b43ae \">\n<div class=\"avia_textblock\">\n<div class=\"mobiletable\">\n<table class=\"table-td-padding td\">\n<tbody>\n<tr>\n<td><strong>\u00dcveg t\u00edpusa m\u00e9rt\u00e9kegys\u00e9g<br \/>\nT\u00a0[mm]<\/strong><\/td>\n<td><strong>F\u00e9ny\u00e1tereszt\u00e9s<br \/>\nLT [%]<\/strong><\/td>\n<td><strong>F\u00e9nyvisszaver\u0151d\u00e9s<br \/>\nLR [%]<\/strong><\/td>\n<td><strong>Teljes<br \/>\nenergia\u00e1tereszt\u00e9s<br \/>\ng [%]<\/strong><\/td>\n<td><strong>H\u0151\u00e1tad\u00e1si egy\u00fctthat\u00f3<br \/>\nU<sub>g<\/sub><br \/>\n[W\/m<sup>2<\/sup>K]<\/strong><\/td>\n<td><strong>UV-\u00e1tereszt\u00e9s [%]<\/strong><\/td>\n<td><strong>Biztons\u00e1gi oszt\u00e1ly<br \/>\nEN 356<\/strong><\/td>\n<td><strong>Biztons\u00e1gi oszt\u00e1ly<br \/>\nEN 12600<\/strong><\/td>\n<\/tr>\n<tr>\n<td>33,1\/16Ar\/4T<\/td>\n<td>78<\/td>\n<td>12<\/td>\n<td>59<\/td>\n<td>1,1<\/td>\n<td>7,7<\/td>\n<td>\u2013<\/td>\n<td>2\/\u00c1tm\u00e9r\u0151s\/2<\/td>\n<\/tr>\n<tr>\n<td>33,1\/16Ar\/33,1T<\/td>\n<td>78<\/td>\n<td>12<\/td>\n<td>59<\/td>\n<td>1,1<\/td>\n<td>3,4<\/td>\n<td>\u2013<\/td>\n<td>2\/\u00c1tm\u00e9r\u0151s\/2&lt; \/td&gt;<\/td>\n<\/tr>\n<tr>\n<td>44,2\/16Ar\/4T<\/td>\n<td>78<\/td>\n<td>12<\/td>\n<td>58<\/td>\n<td>1,1<\/td>\n<td>2,4<\/td>\n<td>P2A<\/td>\n<td>1\/B\/1<\/td>\n<\/tr>\n<tr>\n<td>44,2\/16Ar\/6T<\/td>\n<td>78<\/td>\n<td>12<\/td>\n<td>58<\/td>\n<td>1,1<\/td>\n<td>2,3<\/td>\n<td>P2A<\/td>\n<td>1\/B\/1<\/td>\n<\/tr>\n<tr>\n<td>44,2\/16Ar\/44,2T<\/td>\n<td>78<\/td>\n<td>12<\/td>\n<td>58<\/td>\n<td>1,1<\/td>\n<td>0,5<\/td>\n<td>P2A<\/td>\n<td>1\/B\/1<\/td>\n<\/tr>\n<tr>\n<td>44,4\/16Ar\/4T<\/td>\n<td>78<\/td>\n<td>12<\/td>\n<td>56<\/td>\n<td>1,1<\/td>\n<td>0,0<\/td>\n<td>P4A<\/td>\n<td>1\/B\/1<\/td>\n<\/tr>\n<tr>\n<td>44,4\/ 16Ar\/6T<\/td>\n<td>78<\/td>\n<td>12<\/td>\n<td>56<\/td>\n<td>1,1<\/td>\n<td>0,0<\/td>\n<td>P4A<\/td>\n<td>1\/B\/1<\/td>\n<\/tr>\n<tr>\n<td>44,4\/16Ar\/44,4T<\/td>\n<td>78<\/td>\n<td>12<\/td>\n<td>56<\/td>\n<td>1,1<\/td>\n<td>0,0<\/td>\n<td>P4A<\/td>\n<td>1\/B\/1<\/td>\n<\/tr>\n<\/tbody>\n<\/table>\n<\/div>\n<p>T \u2013 Thermofloat<\/p>\n<\/div>\n<\/section>\n\t\t\t\t\t\t\t\t<\/div>\n\t\t\t\t<\/div>\n\t\t\t\t\t<\/div>\n\t\t\t\t<\/div>\n\t\t<div class=\"elementor-element elementor-element-5c6f3dc4 e-flex e-con-boxed e-con e-parent\" data-id=\"5c6f3dc4\" data-element_type=\"container\" data-e-type=\"container\" data-settings=\"{&quot;background_background&quot;:&quot;classic&quot;,&quot;background_motion_fx_motion_fx_scrolling&quot;:&quot;yes&quot;,&quot;background_motion_fx_translateY_effect&quot;:&quot;yes&quot;,&quot;background_motion_fx_translateY_speed&quot;:{&quot;unit&quot;:&quot;px&quot;,&quot;size&quot;:4,&quot;sizes&quot;:[]},&quot;background_motion_fx_translateY_affectedRange&quot;:{&quot;unit&quot;:&quot;%&quot;,&quot;size&quot;:&quot;&quot;,&quot;sizes&quot;:{&quot;start&quot;:0,&quot;end&quot;:100}},&quot;background_motion_fx_devices&quot;:[&quot;desktop&quot;,&quot;tablet&quot;,&quot;mobile&quot;]}\">\n\t\t\t\t\t<div class=\"e-con-inner\">\n\t\t\t\t<div class=\"elementor-element elementor-element-3740cab5 elementor-widget elementor-widget-heading\" data-id=\"3740cab5\" data-element_type=\"widget\" data-e-type=\"widget\" data-widget_type=\"heading.default\">\n\t\t\t\t<div class=\"elementor-widget-container\">\n\t\t\t\t\t<h2 class=\"elementor-heading-title elementor-size-default\">Folyamatosan m\u00f3dos\u00edtjuk gy\u00e1rt\u00e1si folyamatainkat \u00e9s szok\u00e1sainkat, hogy korl\u00e1tozzuk a k\u00f6rnyezetre gyakorolt negat\u00edv hat\u00e1sokat.<\/h2>\t\t\t\t<\/div>\n\t\t\t\t<\/div>\n\t\t\t\t<div class=\"elementor-element elementor-element-6fe00010 elementor-widget elementor-widget-text-editor\" data-id=\"6fe00010\" data-element_type=\"widget\" data-e-type=\"widget\" data-widget_type=\"text-editor.default\">\n\t\t\t\t<div class=\"elementor-widget-container\">\n\t\t\t\t\t\t\t\t\t<p>A v\u00e1ltoz\u00e1sok el\u0151seg\u00edt\u00e9se \u00e9rdek\u00e9ben bevezett\u00fck az ISO 14001 szabv\u00e1nyt, a k\u00f6rnyezetv\u00e9delem vil\u00e1gszerte \u00e9rv\u00e9nyes ir\u00e1ny\u00edt\u00e1si rendszer\u00e9t.<\/p>\n\t\t\t\t\t\t\t\t<\/div>\n\t\t\t\t<\/div>\n\t\t\t\t<div class=\"elementor-element elementor-element-6f817977 elementor-align-center elementor-widget elementor-widget-button\" data-id=\"6f817977\" data-element_type=\"widget\" data-e-type=\"widget\" data-widget_type=\"button.default\">\n\t\t\t\t<div class=\"elementor-widget-container\">\n\t\t\t\t\t\t\t\t\t<div class=\"elementor-button-wrapper\">\n\t\t\t\t\t<a class=\"elementor-button elementor-button-link elementor-size-sm\" href=\"https:\/\/tgrupcam.com\/index.php\/kapcsolat\/?lang=hu\">\n\t\t\t\t\t\t<span class=\"elementor-button-content-wrapper\">\n\t\t\t\t\t\t\t\t\t<span class=\"elementor-button-text\">Kapcsolatfelv\u00e9tel<\/span>\n\t\t\t\t\t<\/span>\n\t\t\t\t\t<\/a>\n\t\t\t\t<\/div>\n\t\t\t\t\t\t\t\t<\/div>\n\t\t\t\t<\/div>\n\t\t\t\t\t<\/div>\n\t\t\t\t<\/div>\n\t\t\t\t<\/div>\n\t\t","protected":false},"excerpt":{"rendered":"<p>SAFETY AND SECURITY GLASS A BIZTONS\u00c1GI \u00dcVEGR\u0150L A T Grup Cam-n\u00e1l nagy teljes\u00edtm\u00e9ny\u0171 biztons\u00e1gi \u00e9s v\u00e9d\u0151\u00fcvegeket k\u00edn\u00e1lunk, amelyek maxim\u00e1lis v\u00e9delmet ny\u00fajtanak, mik\u00f6zben meg\u0151rzik az optikai tisztas\u00e1got \u00e9s az eszt\u00e9tikai vonzer\u0151t. Fejlett \u00fcvegmegold\u00e1saink fokozz\u00e1k a biztons\u00e1got, a tart\u00f3ss\u00e1got \u00e9s az ellen\u00e1ll\u00e1st az \u00fct\u00e9sekkel, t\u00f6r\u00e9ssel \u00e9s k\u00fcls\u0151 fenyeget\u00e9sekkel szemben. El\u0151ny\u00f6k: \u2705 \u00dct\u00e9s\u00e1ll\u00f3s\u00e1g \u2013 \u00dagy tervezt\u00e9k, hogy ellen\u00e1lljon [&hellip;]<\/p>\n","protected":false},"author":1,"featured_media":0,"parent":2459,"menu_order":0,"comment_status":"closed","ping_status":"closed","template":"elementor_header_footer","meta":{"footnotes":""},"class_list":["post-2932","page","type-page","status-publish","hentry"],"_links":{"self":[{"href":"https:\/\/tgrupcam.com\/index.php\/wp-json\/wp\/v2\/pages\/2932","targetHints":{"allow":["GET"]}}],"collection":[{"href":"https:\/\/tgrupcam.com\/index.php\/wp-json\/wp\/v2\/pages"}],"about":[{"href":"https:\/\/tgrupcam.com\/index.php\/wp-json\/wp\/v2\/types\/page"}],"author":[{"embeddable":true,"href":"https:\/\/tgrupcam.com\/index.php\/wp-json\/wp\/v2\/users\/1"}],"replies":[{"embeddable":true,"href":"https:\/\/tgrupcam.com\/index.php\/wp-json\/wp\/v2\/comments?post=2932"}],"version-history":[{"count":0,"href":"https:\/\/tgrupcam.com\/index.php\/wp-json\/wp\/v2\/pages\/2932\/revisions"}],"up":[{"embeddable":true,"href":"https:\/\/tgrupcam.com\/index.php\/wp-json\/wp\/v2\/pages\/2459"}],"wp:attachment":[{"href":"https:\/\/tgrupcam.com\/index.php\/wp-json\/wp\/v2\/media?parent=2932"}],"curies":[{"name":"wp","href":"https:\/\/api.w.org\/{rel}","templated":true}]}}