{"id":2938,"date":"2025-02-05T11:49:47","date_gmt":"2025-02-05T08:49:47","guid":{"rendered":"https:\/\/tgrupcam.com\/index.php\/marktangebot\/verglaste-einheiten\/sicherheitsglas\/"},"modified":"2025-06-03T17:43:49","modified_gmt":"2025-06-03T14:43:49","slug":"sicherheitsglas","status":"publish","type":"page","link":"https:\/\/tgrupcam.com\/index.php\/marktangebot\/verglaste-einheiten\/sicherheitsglas\/?lang=de","title":{"rendered":"Sicherheitsglas"},"content":{"rendered":"\t\t<div data-elementor-type=\"wp-page\" data-elementor-id=\"2938\" class=\"elementor elementor-2938 elementor-30\" data-elementor-post-type=\"page\">\n\t\t\t\t<div class=\"elementor-element elementor-element-377b1b2f e-con-full e-flex e-con e-parent\" data-id=\"377b1b2f\" data-element_type=\"container\" data-e-type=\"container\" data-settings=\"{&quot;background_background&quot;:&quot;classic&quot;,&quot;shape_divider_bottom&quot;:&quot;opacity-fan&quot;}\">\n\t\t\t\t<div class=\"elementor-shape elementor-shape-bottom\" aria-hidden=\"true\" data-negative=\"false\">\n\t\t\t<svg xmlns=\"http:\/\/www.w3.org\/2000\/svg\" viewBox=\"0 0 283.5 19.6\" preserveAspectRatio=\"none\">\n\t<path class=\"elementor-shape-fill\" style=\"opacity:0.33\" d=\"M0 0L0 18.8 141.8 4.1 283.5 18.8 283.5 0z\"\/>\n\t<path class=\"elementor-shape-fill\" style=\"opacity:0.33\" d=\"M0 0L0 12.6 141.8 4 283.5 12.6 283.5 0z\"\/>\n\t<path class=\"elementor-shape-fill\" style=\"opacity:0.33\" d=\"M0 0L0 6.4 141.8 4 283.5 6.4 283.5 0z\"\/>\n\t<path class=\"elementor-shape-fill\" d=\"M0 0L0 1.2 141.8 4 283.5 1.2 283.5 0z\"\/>\n<\/svg>\t\t<\/div>\n\t\t\t\t<div class=\"elementor-element elementor-element-1fe9b905 elementor-widget elementor-widget-heading\" data-id=\"1fe9b905\" data-element_type=\"widget\" data-e-type=\"widget\" data-widget_type=\"heading.default\">\n\t\t\t\t<div class=\"elementor-widget-container\">\n\t\t\t\t\t<h2 class=\"elementor-heading-title elementor-size-default\">SICHERHEITSGLAS<\/h2>\t\t\t\t<\/div>\n\t\t\t\t<\/div>\n\t\t\t\t<\/div>\n\t\t<div class=\"elementor-element elementor-element-1ee06cb1 e-flex e-con-boxed e-con e-parent\" data-id=\"1ee06cb1\" data-element_type=\"container\" data-e-type=\"container\">\n\t\t\t\t\t<div class=\"e-con-inner\">\n\t\t\t\t<div class=\"elementor-element elementor-element-dda2ea1 elementor-widget elementor-widget-heading\" data-id=\"dda2ea1\" data-element_type=\"widget\" data-e-type=\"widget\" data-widget_type=\"heading.default\">\n\t\t\t\t<div class=\"elementor-widget-container\">\n\t\t\t\t\t<h2 class=\"elementor-heading-title elementor-size-default\">\u00dcBER SICHERHEITSGLAS<\/h2>\t\t\t\t<\/div>\n\t\t\t\t<\/div>\n\t\t\t\t<div class=\"elementor-element elementor-element-6f208a60 elementor-widget elementor-widget-text-editor\" data-id=\"6f208a60\" data-element_type=\"widget\" data-e-type=\"widget\" data-widget_type=\"text-editor.default\">\n\t\t\t\t<div class=\"elementor-widget-container\">\n\t\t\t\t\t\t\t\t\t<p>Bei <strong>T Grup Cam<\/strong> bieten wir <strong>hochleistungsf\u00e4higes Sicherheitsglas<\/strong>, das <strong>maximalen Schutz<\/strong> bietet und gleichzeitig <strong>optische Klarheit und \u00c4sthetik<\/strong> bewahrt. Unsere fortschrittlichen Glasl\u00f6sungen verbessern <strong>Sicherheit, Haltbarkeit und Widerstandsf\u00e4higkeit<\/strong> gegen St\u00f6\u00dfe, Bruch und \u00e4u\u00dfere Einfl\u00fcsse.<\/p>\n<p><strong>Vorteile:<\/strong><\/p>\n<p>\u2705 <strong>Sto\u00dffestigkeit<\/strong> \u2013 H\u00e4lt starken St\u00f6\u00dfen stand und reduziert so das Bruchrisiko.<br \/>\u2705 <strong>Splitterschutz<\/strong> \u2013 Bei Bruch bleibt das Glas an Ort und Stelle und verhindert so gef\u00e4hrliche Splitter.<br \/>\u2705 <strong>Einbruch- und Vandalismusschutz<\/strong> \u2013 Erh\u00f6ht die Sicherheit f\u00fcr Privathaushalte, B\u00fcros und Gewerbegeb\u00e4ude.<br \/>\u2705 <strong>Kugel- und Explosionshemmend<\/strong> \u2013 Erh\u00e4ltlich in speziellen Konfigurationen f\u00fcr <strong>Hochsicherheitsumgebungen<\/strong>.<br \/>\u2705 <strong>Feuer- und Hitzebest\u00e4ndigkeit<\/strong> \u2013 Verbessert die Sicherheit im Brandfall durch Verz\u00f6gerung des Eindringens von Hitze und Flammen.<\/p>\n<p><strong>Anwendungen:<\/strong><\/p>\n<ul>\n<li><strong>Gewerbe- und Wohngeb\u00e4ude<\/strong><\/li>\n<li><strong>Einzelhandelsgesch\u00e4fte und Ausstellungsr\u00e4ume<\/strong><\/li>\n<li><strong>Banken und Finanzinstitute<\/strong><\/li>\n<li><strong>\u00d6ffentliche Geb\u00e4ude und Flugh\u00e4fen<\/strong><\/li>\n<li><strong>Luxusimmobilien und Hochsicherheitszonen<\/strong><\/li>\n<\/ul>\n<p>Unser <strong>Sicherheits- und Schutzglas<\/strong> wird mit der neuesten Technologie hergestellt und gew\u00e4hrleistet <strong>optimale Festigkeit, Schutz und Langlebigkeit<\/strong> f\u00fcr vielf\u00e4ltige architektonische und industrielle Anwendungen.<\/p>\n\t\t\t\t\t\t\t\t<\/div>\n\t\t\t\t<\/div>\n\t\t\t\t<div class=\"elementor-element elementor-element-3399396c elementor-widget elementor-widget-heading\" data-id=\"3399396c\" data-element_type=\"widget\" data-e-type=\"widget\" data-widget_type=\"heading.default\">\n\t\t\t\t<div class=\"elementor-widget-container\">\n\t\t\t\t\t<h2 class=\"elementor-heading-title elementor-size-default\">VORTEILE<\/h2>\t\t\t\t<\/div>\n\t\t\t\t<\/div>\n\t\t\t\t<div class=\"elementor-element elementor-element-758b11b6 elementor-position-left elementor-vertical-align-middle elementor-widget elementor-widget-image-box\" data-id=\"758b11b6\" data-element_type=\"widget\" data-e-type=\"widget\" data-widget_type=\"image-box.default\">\n\t\t\t\t<div class=\"elementor-widget-container\">\n\t\t\t\t\t<div class=\"elementor-image-box-wrapper\"><figure class=\"elementor-image-box-img\"><img fetchpriority=\"high\" decoding=\"async\" width=\"1080\" height=\"1080\" src=\"https:\/\/tgrupcam.com\/wp-content\/uploads\/2025\/04\/safety-security-1.jpg\" class=\"attachment-full size-full wp-image-1886\" alt=\"\" srcset=\"https:\/\/tgrupcam.com\/wp-content\/uploads\/2025\/04\/safety-security-1.jpg 1080w, https:\/\/tgrupcam.com\/wp-content\/uploads\/2025\/04\/safety-security-1-300x300.jpg 300w, https:\/\/tgrupcam.com\/wp-content\/uploads\/2025\/04\/safety-security-1-1024x1024.jpg 1024w, https:\/\/tgrupcam.com\/wp-content\/uploads\/2025\/04\/safety-security-1-150x150.jpg 150w, https:\/\/tgrupcam.com\/wp-content\/uploads\/2025\/04\/safety-security-1-768x768.jpg 768w, https:\/\/tgrupcam.com\/wp-content\/uploads\/2025\/04\/safety-security-1-650x650.jpg 650w\" sizes=\"(max-width: 1080px) 100vw, 1080px\" \/><\/figure><div class=\"elementor-image-box-content\"><h3 class=\"elementor-image-box-title\">Tempor\u00e4rer Schutz vor Einbruchsversuchen<\/h3><p class=\"elementor-image-box-description\">Bietet kurzfristigen Widerstand gegen gewaltsames Eindringen und Einbruchversuche.<\/p><\/div><\/div>\t\t\t\t<\/div>\n\t\t\t\t<\/div>\n\t\t\t\t<div class=\"elementor-element elementor-element-11ab5bec elementor-position-left elementor-vertical-align-middle elementor-widget elementor-widget-image-box\" data-id=\"11ab5bec\" data-element_type=\"widget\" data-e-type=\"widget\" data-widget_type=\"image-box.default\">\n\t\t\t\t<div class=\"elementor-widget-container\">\n\t\t\t\t\t<div class=\"elementor-image-box-wrapper\"><figure class=\"elementor-image-box-img\"><img decoding=\"async\" width=\"1080\" height=\"1080\" src=\"https:\/\/tgrupcam.com\/wp-content\/uploads\/2025\/04\/safety-security-2.jpg\" class=\"attachment-full size-full wp-image-1897\" alt=\"\" srcset=\"https:\/\/tgrupcam.com\/wp-content\/uploads\/2025\/04\/safety-security-2.jpg 1080w, https:\/\/tgrupcam.com\/wp-content\/uploads\/2025\/04\/safety-security-2-300x300.jpg 300w, https:\/\/tgrupcam.com\/wp-content\/uploads\/2025\/04\/safety-security-2-1024x1024.jpg 1024w, https:\/\/tgrupcam.com\/wp-content\/uploads\/2025\/04\/safety-security-2-150x150.jpg 150w, https:\/\/tgrupcam.com\/wp-content\/uploads\/2025\/04\/safety-security-2-768x768.jpg 768w, https:\/\/tgrupcam.com\/wp-content\/uploads\/2025\/04\/safety-security-2-650x650.jpg 650w\" sizes=\"(max-width: 1080px) 100vw, 1080px\" \/><\/figure><div class=\"elementor-image-box-content\"><h3 class=\"elementor-image-box-title\">Schutz vor Verletzungen durch Glasbruch<\/h3><p class=\"elementor-image-box-description\">Verhindert Verletzungen, indem es zersplittertes Glas beim Aufprall an Ort und Stelle h\u00e4lt.<\/p><\/div><\/div>\t\t\t\t<\/div>\n\t\t\t\t<\/div>\n\t\t\t\t<div class=\"elementor-element elementor-element-1920f0fa elementor-position-left elementor-vertical-align-middle elementor-widget elementor-widget-image-box\" data-id=\"1920f0fa\" data-element_type=\"widget\" data-e-type=\"widget\" data-widget_type=\"image-box.default\">\n\t\t\t\t<div class=\"elementor-widget-container\">\n\t\t\t\t\t<div class=\"elementor-image-box-wrapper\"><figure class=\"elementor-image-box-img\"><img decoding=\"async\" width=\"1080\" height=\"1080\" src=\"https:\/\/tgrupcam.com\/wp-content\/uploads\/2025\/04\/safety-security-3.jpg\" class=\"attachment-full size-full wp-image-1908\" alt=\"\" srcset=\"https:\/\/tgrupcam.com\/wp-content\/uploads\/2025\/04\/safety-security-3.jpg 1080w, https:\/\/tgrupcam.com\/wp-content\/uploads\/2025\/04\/safety-security-3-300x300.jpg 300w, https:\/\/tgrupcam.com\/wp-content\/uploads\/2025\/04\/safety-security-3-1024x1024.jpg 1024w, https:\/\/tgrupcam.com\/wp-content\/uploads\/2025\/04\/safety-security-3-150x150.jpg 150w, https:\/\/tgrupcam.com\/wp-content\/uploads\/2025\/04\/safety-security-3-768x768.jpg 768w, https:\/\/tgrupcam.com\/wp-content\/uploads\/2025\/04\/safety-security-3-650x650.jpg 650w\" sizes=\"(max-width: 1080px) 100vw, 1080px\" \/><\/figure><div class=\"elementor-image-box-content\"><h3 class=\"elementor-image-box-title\">Reduzierung des Rissrisikos<\/h3><p class=\"elementor-image-box-description\">Reduzierung des Rissrisikos. Minimiert das Rissrisiko und gew\u00e4hrleistet Haltbarkeit und Sicherheit.<\/p><\/div><\/div>\t\t\t\t<\/div>\n\t\t\t\t<\/div>\n\t\t\t\t\t<\/div>\n\t\t\t\t<\/div>\n\t\t<div class=\"elementor-element elementor-element-54c57c0 e-flex e-con-boxed e-con e-parent\" data-id=\"54c57c0\" data-element_type=\"container\" data-e-type=\"container\" data-settings=\"{&quot;background_background&quot;:&quot;classic&quot;,&quot;background_motion_fx_motion_fx_scrolling&quot;:&quot;yes&quot;,&quot;background_motion_fx_translateY_effect&quot;:&quot;yes&quot;,&quot;background_motion_fx_translateY_speed&quot;:{&quot;unit&quot;:&quot;px&quot;,&quot;size&quot;:4,&quot;sizes&quot;:[]},&quot;background_motion_fx_translateY_affectedRange&quot;:{&quot;unit&quot;:&quot;%&quot;,&quot;size&quot;:&quot;&quot;,&quot;sizes&quot;:{&quot;start&quot;:0,&quot;end&quot;:100}},&quot;background_motion_fx_devices&quot;:[&quot;desktop&quot;,&quot;tablet&quot;,&quot;mobile&quot;]}\">\n\t\t\t\t\t<div class=\"e-con-inner\">\n\t\t\t\t\t<\/div>\n\t\t\t\t<\/div>\n\t\t<div class=\"elementor-element elementor-element-1eaed3f0 e-flex e-con-boxed e-con e-parent\" data-id=\"1eaed3f0\" data-element_type=\"container\" data-e-type=\"container\">\n\t\t\t\t\t<div class=\"e-con-inner\">\n\t\t\t\t<div class=\"elementor-element elementor-element-1d4963c elementor-widget elementor-widget-heading\" data-id=\"1d4963c\" data-element_type=\"widget\" data-e-type=\"widget\" data-widget_type=\"heading.default\">\n\t\t\t\t<div class=\"elementor-widget-container\">\n\t\t\t\t\t<h2 class=\"elementor-heading-title elementor-size-default\">WAS WIR ANBIETEN K\u00d6NNEN<\/h2>\t\t\t\t<\/div>\n\t\t\t\t<\/div>\n\t\t\t\t<div class=\"elementor-element elementor-element-3a69523b elementor-widget elementor-widget-text-editor\" data-id=\"3a69523b\" data-element_type=\"widget\" data-e-type=\"widget\" data-widget_type=\"text-editor.default\">\n\t\t\t\t<div class=\"elementor-widget-container\">\n\t\t\t\t\t\t\t\t\t<div class=\"av-special-heading av-hw04q6v-fb180a63cc7c2eb75c4bab16d5a09ad6 av-special-heading-h3 blockquote modern-quote avia-builder-el-15 el_after_av_heading el_before_av_textblock \">\n<h3 class=\"av-special-heading-tag \">Verglasungen mit Sicherheitsglas<\/h3>\n<\/div>\n<section class=\"av_textblock_section av-hcr6b7b-5e77a793c1746bca6dd663218f5b43ae \">\n<div class=\"avia_textblock\">\n<div class=\"mobiletable\">\n<table class=\"table-td-padding td\">\n<tbody>\n<tr>\n<td><strong>Art der<br \/>Verglasung<br \/>T\u00a0[mm]<\/strong><\/td>\n<td><strong>Lichttransmission<br \/>LT [%]<\/strong><\/td>\n<td><strong>Lichtreflexion<br \/>LR [%]<\/strong><\/td>\n<td><strong>Gesamtenergietransmission<br \/>g [%]<\/strong><\/td>\n<td><strong>W\u00e4rme\u00fcbergangskoeffizient<br \/>U<sub>g<\/sub><br \/>[W\/m<sup>2<\/sup>K]<\/strong><\/td>\n<td><strong>UV-Transmission [%]<\/strong><\/td>\n<td><strong>Sicherheitsklasse<br \/>EN 356<\/strong><\/td>\n<td><strong>Sicherheitsklasse<br \/>EN 12600<\/strong><\/td>\n<\/tr>\n<tr>\n<td>33.1\/16Ar\/4T<\/td>\n<td>78<\/td>\n<td>12<\/td>\n<td>59<\/td>\n<td>1,1<\/td>\n<td>7,7<\/td>\n<td>\u2013<\/td>\n<td>2\/B\/2<\/td>\n<\/tr>\n<tr>\n<td>33.1\/16Ar\/33.1T<\/td>\n<td>78<\/td>\n<td>12<\/td>\n<td>59<\/td>\n<td>1,1<\/td>\n<td>3,4<\/td>\n<td>\u2013<\/td>\n<td>2\/B\/2 <\/td>\n<\/tr>\n<tr>\n<td>44,2\/16Ar\/4T<\/td>\n<td>78<\/td>\n<td>12<\/td>\n<td>58<\/td>\n<td>1,1<\/td>\n<td>2,4<\/td>\n<td>P2A<\/td>\n<td>1\/B\/1<\/td>\n<\/tr>\n<tr>\n<td>44,2\/16Ar\/6T<\/td>\n<td>78<\/td>\n<td>12<\/td>\n<td>58<\/td>\n<td>1,1<\/td>\n<td>2,3<\/td>\n<td>P2A<\/td>\n<td>1\/B\/1<\/td>\n<\/tr>\n<tr>\n<td>44,2\/16Ar\/44,2T<\/td>\n<td>78<\/td>\n<td>12<\/td>\n<td>58<\/td>\n<td>1,1<\/td>\n<td>0,5<\/td>\n<td>P2A<\/td>\n<td>1\/B\/1<\/td>\n<\/tr>\n<tr>\n<td>44,4\/16Ar\/4T<\/td>\n<td>78<\/td>\n<td>12<\/td>\n<td>56<\/td>\n<td>1,1<\/td>\n<td>0,0<\/td>\n<td>P4A<\/td>\n<td>1\/B\/1<\/td>\n<\/tr>\n<tr>\n<td>44,4\/16 Ar\/6T<\/td>\n<td>78<\/td>\n<td>12<\/td>\n<td>56<\/td>\n<td>1,1<\/td>\n<td>0,0<\/td>\n<td>P4A<\/td>\n<td>1\/B\/1<\/td>\n<\/tr>\n<tr>\n<td>44.4\/16Ar\/44.4T<\/td>\n<td>78<\/td>\n<td>12<\/td>\n<td>56<\/td>\n<td>1,1<\/td>\n<td>0,0<\/td>\n<td>P4A<\/td>\n<td>1\/B\/1<\/td>\n<\/tr>\n<\/tbody>\n<\/table>\n<\/div>\n<p>T \u2013 Thermofloat<\/p>\n<\/div>\n<\/section>\n\t\t\t\t\t\t\t\t<\/div>\n\t\t\t\t<\/div>\n\t\t\t\t\t<\/div>\n\t\t\t\t<\/div>\n\t\t<div class=\"elementor-element elementor-element-5c6f3dc4 e-flex e-con-boxed e-con e-parent\" data-id=\"5c6f3dc4\" data-element_type=\"container\" data-e-type=\"container\" data-settings=\"{&quot;background_background&quot;:&quot;classic&quot;,&quot;background_motion_fx_motion_fx_scrolling&quot;:&quot;yes&quot;,&quot;background_motion_fx_translateY_effect&quot;:&quot;yes&quot;,&quot;background_motion_fx_translateY_speed&quot;:{&quot;unit&quot;:&quot;px&quot;,&quot;size&quot;:4,&quot;sizes&quot;:[]},&quot;background_motion_fx_translateY_affectedRange&quot;:{&quot;unit&quot;:&quot;%&quot;,&quot;size&quot;:&quot;&quot;,&quot;sizes&quot;:{&quot;start&quot;:0,&quot;end&quot;:100}},&quot;background_motion_fx_devices&quot;:[&quot;desktop&quot;,&quot;tablet&quot;,&quot;mobile&quot;]}\">\n\t\t\t\t\t<div class=\"e-con-inner\">\n\t\t\t\t<div class=\"elementor-element elementor-element-3740cab5 elementor-widget elementor-widget-heading\" data-id=\"3740cab5\" data-element_type=\"widget\" data-e-type=\"widget\" data-widget_type=\"heading.default\">\n\t\t\t\t<div class=\"elementor-widget-container\">\n\t\t\t\t\t<h2 class=\"elementor-heading-title elementor-size-default\">Wir modifizieren st\u00e4ndig unsere Herstellungsprozesse und \u00e4ndern unsere Gewohnheiten, um die negativen Auswirkungen auf die Umwelt zu begrenzen.<\/h2>\t\t\t\t<\/div>\n\t\t\t\t<\/div>\n\t\t\t\t<div class=\"elementor-element elementor-element-6fe00010 elementor-widget elementor-widget-text-editor\" data-id=\"6fe00010\" data-element_type=\"widget\" data-e-type=\"widget\" data-widget_type=\"text-editor.default\">\n\t\t\t\t<div class=\"elementor-widget-container\">\n\t\t\t\t\t\t\t\t\t<p>Um die Ver\u00e4nderungen zu erleichtern, haben wir ISO 14001 eingef\u00fchrt, das weltweite Managementsystem f\u00fcr Umweltschutz.<\/p>\n\t\t\t\t\t\t\t\t<\/div>\n\t\t\t\t<\/div>\n\t\t\t\t<div class=\"elementor-element elementor-element-6f817977 elementor-align-center elementor-widget elementor-widget-button\" data-id=\"6f817977\" data-element_type=\"widget\" data-e-type=\"widget\" data-widget_type=\"button.default\">\n\t\t\t\t<div class=\"elementor-widget-container\">\n\t\t\t\t\t\t\t\t\t<div class=\"elementor-button-wrapper\">\n\t\t\t\t\t<a class=\"elementor-button elementor-button-link elementor-size-sm\" href=\"https:\/\/tgrupcam.com\/index.php\/kontakt\/?lang=de\">\n\t\t\t\t\t\t<span class=\"elementor-button-content-wrapper\">\n\t\t\t\t\t\t\t\t\t<span class=\"elementor-button-text\">Kontaktieren Sie uns<\/span>\n\t\t\t\t\t<\/span>\n\t\t\t\t\t<\/a>\n\t\t\t\t<\/div>\n\t\t\t\t\t\t\t\t<\/div>\n\t\t\t\t<\/div>\n\t\t\t\t\t<\/div>\n\t\t\t\t<\/div>\n\t\t\t\t<\/div>\n\t\t","protected":false},"excerpt":{"rendered":"<p>SICHERHEITSGLAS \u00dcBER SICHERHEITSGLAS Bei T Grup Cam bieten wir hochleistungsf\u00e4higes Sicherheitsglas, das maximalen Schutz bietet und gleichzeitig optische Klarheit und \u00c4sthetik bewahrt. Unsere fortschrittlichen Glasl\u00f6sungen verbessern Sicherheit, Haltbarkeit und Widerstandsf\u00e4higkeit gegen St\u00f6\u00dfe, Bruch und \u00e4u\u00dfere Einfl\u00fcsse. Vorteile: \u2705 Sto\u00dffestigkeit \u2013 H\u00e4lt starken St\u00f6\u00dfen stand und reduziert so das Bruchrisiko.\u2705 Splitterschutz \u2013 Bei Bruch bleibt das [&hellip;]<\/p>\n","protected":false},"author":1,"featured_media":0,"parent":2472,"menu_order":0,"comment_status":"closed","ping_status":"closed","template":"elementor_header_footer","meta":{"footnotes":""},"class_list":["post-2938","page","type-page","status-publish","hentry"],"_links":{"self":[{"href":"https:\/\/tgrupcam.com\/index.php\/wp-json\/wp\/v2\/pages\/2938","targetHints":{"allow":["GET"]}}],"collection":[{"href":"https:\/\/tgrupcam.com\/index.php\/wp-json\/wp\/v2\/pages"}],"about":[{"href":"https:\/\/tgrupcam.com\/index.php\/wp-json\/wp\/v2\/types\/page"}],"author":[{"embeddable":true,"href":"https:\/\/tgrupcam.com\/index.php\/wp-json\/wp\/v2\/users\/1"}],"replies":[{"embeddable":true,"href":"https:\/\/tgrupcam.com\/index.php\/wp-json\/wp\/v2\/comments?post=2938"}],"version-history":[{"count":0,"href":"https:\/\/tgrupcam.com\/index.php\/wp-json\/wp\/v2\/pages\/2938\/revisions"}],"up":[{"embeddable":true,"href":"https:\/\/tgrupcam.com\/index.php\/wp-json\/wp\/v2\/pages\/2472"}],"wp:attachment":[{"href":"https:\/\/tgrupcam.com\/index.php\/wp-json\/wp\/v2\/media?parent=2938"}],"curies":[{"name":"wp","href":"https:\/\/api.w.org\/{rel}","templated":true}]}}