{"id":2940,"date":"2025-02-05T11:49:47","date_gmt":"2025-02-05T08:49:47","guid":{"rendered":"https:\/\/tgrupcam.com\/index.php\/offre-de-marche\/unites-vitrees\/verre-de-securite-et-de-surete\/"},"modified":"2025-06-03T17:44:02","modified_gmt":"2025-06-03T14:44:02","slug":"verre-de-securite-et-de-surete","status":"publish","type":"page","link":"https:\/\/tgrupcam.com\/index.php\/offre-de-marche\/unites-vitrees\/verre-de-securite-et-de-surete\/?lang=fr","title":{"rendered":"Verre de s\u00e9curit\u00e9 et de s\u00fbret\u00e9"},"content":{"rendered":"\t\t<div data-elementor-type=\"wp-page\" data-elementor-id=\"2940\" class=\"elementor elementor-2940 elementor-30\" data-elementor-post-type=\"page\">\n\t\t\t\t<div class=\"elementor-element elementor-element-377b1b2f e-con-full e-flex e-con e-parent\" data-id=\"377b1b2f\" data-element_type=\"container\" data-e-type=\"container\" data-settings=\"{&quot;background_background&quot;:&quot;classic&quot;,&quot;shape_divider_bottom&quot;:&quot;opacity-fan&quot;}\">\n\t\t\t\t<div class=\"elementor-shape elementor-shape-bottom\" aria-hidden=\"true\" data-negative=\"false\">\n\t\t\t<svg xmlns=\"http:\/\/www.w3.org\/2000\/svg\" viewBox=\"0 0 283.5 19.6\" preserveAspectRatio=\"none\">\n\t<path class=\"elementor-shape-fill\" style=\"opacity:0.33\" d=\"M0 0L0 18.8 141.8 4.1 283.5 18.8 283.5 0z\"\/>\n\t<path class=\"elementor-shape-fill\" style=\"opacity:0.33\" d=\"M0 0L0 12.6 141.8 4 283.5 12.6 283.5 0z\"\/>\n\t<path class=\"elementor-shape-fill\" style=\"opacity:0.33\" d=\"M0 0L0 6.4 141.8 4 283.5 6.4 283.5 0z\"\/>\n\t<path class=\"elementor-shape-fill\" d=\"M0 0L0 1.2 141.8 4 283.5 1.2 283.5 0z\"\/>\n<\/svg>\t\t<\/div>\n\t\t\t\t<div class=\"elementor-element elementor-element-1fe9b905 elementor-widget elementor-widget-heading\" data-id=\"1fe9b905\" data-element_type=\"widget\" data-e-type=\"widget\" data-widget_type=\"heading.default\">\n\t\t\t\t<div class=\"elementor-widget-container\">\n\t\t\t\t\t<h2 class=\"elementor-heading-title elementor-size-default\">VERRE DE S\u00c9CURIT\u00c9 ET DE S\u00c9CURIT\u00c9<\/h2>\t\t\t\t<\/div>\n\t\t\t\t<\/div>\n\t\t\t\t<\/div>\n\t\t<div class=\"elementor-element elementor-element-1ee06cb1 e-flex e-con-boxed e-con e-parent\" data-id=\"1ee06cb1\" data-element_type=\"container\" data-e-type=\"container\">\n\t\t\t\t\t<div class=\"e-con-inner\">\n\t\t\t\t<div class=\"elementor-element elementor-element-dda2ea1 elementor-widget elementor-widget-heading\" data-id=\"dda2ea1\" data-element_type=\"widget\" data-e-type=\"widget\" data-widget_type=\"heading.default\">\n\t\t\t\t<div class=\"elementor-widget-container\">\n\t\t\t\t\t<h2 class=\"elementor-heading-title elementor-size-default\">\u00c0 PROPOS DU VERRE DE S\u00c9CURIT\u00c9 ET DE S\u00c9CURIT\u00c9<\/h2>\t\t\t\t<\/div>\n\t\t\t\t<\/div>\n\t\t\t\t<div class=\"elementor-element elementor-element-6f208a60 elementor-widget elementor-widget-text-editor\" data-id=\"6f208a60\" data-element_type=\"widget\" data-e-type=\"widget\" data-widget_type=\"text-editor.default\">\n\t\t\t\t<div class=\"elementor-widget-container\">\n\t\t\t\t\t\t\t\t\t<p>Chez <strong>T Grup Cam<\/strong>, nous fournissons du <strong>verre de s\u00e9curit\u00e9 et de s\u00fbret\u00e9 haute performance<\/strong> con\u00e7u pour offrir une <strong>protection maximale<\/strong> tout en pr\u00e9servant une <strong>clart\u00e9 optique et un attrait esth\u00e9tique<\/strong>. Nos solutions de verre avanc\u00e9es am\u00e9liorent la <strong>s\u00e9curit\u00e9, la durabilit\u00e9 et la r\u00e9sistance<\/strong> aux chocs, \u00e0 la casse et aux menaces externes.<\/p>\n<p><strong>Avantages\u00a0:<\/strong><\/p>\n<p>\u2705 <strong>R\u00e9sistance aux chocs<\/strong> \u2013 Con\u00e7u pour r\u00e9sister aux impacts violents, r\u00e9duisant ainsi le risque de casse.<br \/>\u2705 <strong>Protection contre les \u00e9clats<\/strong> \u2013 En cas de bris, le verre reste en place, emp\u00eachant les \u00e9clats dangereux.<br \/>\u2705 <strong>R\u00e9sistance au cambriolage et au vandalisme<\/strong> \u2013 Am\u00e9liore la s\u00e9curit\u00e9 des maisons, des bureaux et des b\u00e2timents commerciaux.<br \/>\u2705 <strong>Bullet &amp; R\u00e9sistance aux explosions &#8211; Disponible en configurations sp\u00e9cialis\u00e9es pour les environnements \u00e0 haute s\u00e9curit\u00e9.<br \/>\u2705 R\u00e9sistance au feu et \u00e0 la chaleur &#8211; Am\u00e9liore la s\u00e9curit\u00e9 en cas d&#8217;incendie en retardant la p\u00e9n\u00e9tration de la chaleur et des flammes.<\/p>\n<p><strong>Applications\u00a0:<\/strong><\/p>\n<ul>\n<li><strong>B\u00e2timents commerciaux et r\u00e9sidentiels<\/strong><\/li>\n<li><strong>Magasins de d\u00e9tail et salles d&#8217;exposition<\/strong><\/li>\n<li><strong>Banques et institutions financi\u00e8res<\/strong><\/li>\n<li><strong>B\u00e2timents publics et a\u00e9roports<\/strong><\/li>\n<li><strong>Maisons de luxe et zones de haute s\u00e9curit\u00e9<\/strong><\/li>\n<\/ul>\n<p>Notre <strong>verre de s\u00e9curit\u00e9<\/strong> est fabriqu\u00e9 avec les derni\u00e8res technologies, garantissant une <strong>r\u00e9sistance, une protection et une long\u00e9vit\u00e9 optimales<\/strong> pour diverses applications architecturales et industrielles.<\/p>\n\t\t\t\t\t\t\t\t<\/div>\n\t\t\t\t<\/div>\n\t\t\t\t<div class=\"elementor-element elementor-element-3399396c elementor-widget elementor-widget-heading\" data-id=\"3399396c\" data-element_type=\"widget\" data-e-type=\"widget\" data-widget_type=\"heading.default\">\n\t\t\t\t<div class=\"elementor-widget-container\">\n\t\t\t\t\t<h2 class=\"elementor-heading-title elementor-size-default\">AVANTAGES<\/h2>\t\t\t\t<\/div>\n\t\t\t\t<\/div>\n\t\t\t\t<div class=\"elementor-element elementor-element-758b11b6 elementor-position-left elementor-vertical-align-middle elementor-widget elementor-widget-image-box\" data-id=\"758b11b6\" data-element_type=\"widget\" data-e-type=\"widget\" data-widget_type=\"image-box.default\">\n\t\t\t\t<div class=\"elementor-widget-container\">\n\t\t\t\t\t<div class=\"elementor-image-box-wrapper\"><figure class=\"elementor-image-box-img\"><img fetchpriority=\"high\" decoding=\"async\" width=\"1080\" height=\"1080\" src=\"https:\/\/tgrupcam.com\/wp-content\/uploads\/2025\/04\/safety-security-1.jpg\" class=\"attachment-full size-full wp-image-1885\" alt=\"\" srcset=\"https:\/\/tgrupcam.com\/wp-content\/uploads\/2025\/04\/safety-security-1.jpg 1080w, https:\/\/tgrupcam.com\/wp-content\/uploads\/2025\/04\/safety-security-1-300x300.jpg 300w, https:\/\/tgrupcam.com\/wp-content\/uploads\/2025\/04\/safety-security-1-1024x1024.jpg 1024w, https:\/\/tgrupcam.com\/wp-content\/uploads\/2025\/04\/safety-security-1-150x150.jpg 150w, https:\/\/tgrupcam.com\/wp-content\/uploads\/2025\/04\/safety-security-1-768x768.jpg 768w, https:\/\/tgrupcam.com\/wp-content\/uploads\/2025\/04\/safety-security-1-650x650.jpg 650w\" sizes=\"(max-width: 1080px) 100vw, 1080px\" \/><\/figure><div class=\"elementor-image-box-content\"><h3 class=\"elementor-image-box-title\">Protection temporaire contre les tentatives d'effraction<\/h3><p class=\"elementor-image-box-description\">Offre une r\u00e9sistance \u00e0 court terme contre les tentatives d'effraction et d'entr\u00e9e forc\u00e9e.<\/p><\/div><\/div>\t\t\t\t<\/div>\n\t\t\t\t<\/div>\n\t\t\t\t<div class=\"elementor-element elementor-element-11ab5bec elementor-position-left elementor-vertical-align-middle elementor-widget elementor-widget-image-box\" data-id=\"11ab5bec\" data-element_type=\"widget\" data-e-type=\"widget\" data-widget_type=\"image-box.default\">\n\t\t\t\t<div class=\"elementor-widget-container\">\n\t\t\t\t\t<div class=\"elementor-image-box-wrapper\"><figure class=\"elementor-image-box-img\"><img decoding=\"async\" width=\"1080\" height=\"1080\" src=\"https:\/\/tgrupcam.com\/wp-content\/uploads\/2025\/04\/safety-security-2.jpg\" class=\"attachment-full size-full wp-image-1896\" alt=\"\" srcset=\"https:\/\/tgrupcam.com\/wp-content\/uploads\/2025\/04\/safety-security-2.jpg 1080w, https:\/\/tgrupcam.com\/wp-content\/uploads\/2025\/04\/safety-security-2-300x300.jpg 300w, https:\/\/tgrupcam.com\/wp-content\/uploads\/2025\/04\/safety-security-2-1024x1024.jpg 1024w, https:\/\/tgrupcam.com\/wp-content\/uploads\/2025\/04\/safety-security-2-150x150.jpg 150w, https:\/\/tgrupcam.com\/wp-content\/uploads\/2025\/04\/safety-security-2-768x768.jpg 768w, https:\/\/tgrupcam.com\/wp-content\/uploads\/2025\/04\/safety-security-2-650x650.jpg 650w\" sizes=\"(max-width: 1080px) 100vw, 1080px\" \/><\/figure><div class=\"elementor-image-box-content\"><h3 class=\"elementor-image-box-title\">Protection contre les blessures caus\u00e9es par le bris de verre<\/h3><p class=\"elementor-image-box-description\">Pr\u00e9vient les blessures en maintenant le verre bris\u00e9 en place lors de l'impact.<\/p><\/div><\/div>\t\t\t\t<\/div>\n\t\t\t\t<\/div>\n\t\t\t\t<div class=\"elementor-element elementor-element-1920f0fa elementor-position-left elementor-vertical-align-middle elementor-widget elementor-widget-image-box\" data-id=\"1920f0fa\" data-element_type=\"widget\" data-e-type=\"widget\" data-widget_type=\"image-box.default\">\n\t\t\t\t<div class=\"elementor-widget-container\">\n\t\t\t\t\t<div class=\"elementor-image-box-wrapper\"><figure class=\"elementor-image-box-img\"><img decoding=\"async\" width=\"1080\" height=\"1080\" src=\"https:\/\/tgrupcam.com\/wp-content\/uploads\/2025\/04\/safety-security-3.jpg\" class=\"attachment-full size-full wp-image-1907\" alt=\"\" srcset=\"https:\/\/tgrupcam.com\/wp-content\/uploads\/2025\/04\/safety-security-3.jpg 1080w, https:\/\/tgrupcam.com\/wp-content\/uploads\/2025\/04\/safety-security-3-300x300.jpg 300w, https:\/\/tgrupcam.com\/wp-content\/uploads\/2025\/04\/safety-security-3-1024x1024.jpg 1024w, https:\/\/tgrupcam.com\/wp-content\/uploads\/2025\/04\/safety-security-3-150x150.jpg 150w, https:\/\/tgrupcam.com\/wp-content\/uploads\/2025\/04\/safety-security-3-768x768.jpg 768w, https:\/\/tgrupcam.com\/wp-content\/uploads\/2025\/04\/safety-security-3-650x650.jpg 650w\" sizes=\"(max-width: 1080px) 100vw, 1080px\" \/><\/figure><div class=\"elementor-image-box-content\"><h3 class=\"elementor-image-box-title\">R\u00e9duction des risques de fissures<\/h3><p class=\"elementor-image-box-description\">Minimise le risque de fissures, assurant durabilit\u00e9 et s\u00e9curit\u00e9.<\/p><\/div><\/div>\t\t\t\t<\/div>\n\t\t\t\t<\/div>\n\t\t\t\t\t<\/div>\n\t\t\t\t<\/div>\n\t\t<div class=\"elementor-element elementor-element-54c57c0 e-flex e-con-boxed e-con e-parent\" data-id=\"54c57c0\" data-element_type=\"container\" data-e-type=\"container\" data-settings=\"{&quot;background_background&quot;:&quot;classic&quot;,&quot;background_motion_fx_motion_fx_scrolling&quot;:&quot;yes&quot;,&quot;background_motion_fx_translateY_effect&quot;:&quot;yes&quot;,&quot;background_motion_fx_translateY_speed&quot;:{&quot;unit&quot;:&quot;px&quot;,&quot;size&quot;:4,&quot;sizes&quot;:[]},&quot;background_motion_fx_translateY_affectedRange&quot;:{&quot;unit&quot;:&quot;%&quot;,&quot;size&quot;:&quot;&quot;,&quot;sizes&quot;:{&quot;start&quot;:0,&quot;end&quot;:100}},&quot;background_motion_fx_devices&quot;:[&quot;desktop&quot;,&quot;tablet&quot;,&quot;mobile&quot;]}\">\n\t\t\t\t\t<div class=\"e-con-inner\">\n\t\t\t\t\t<\/div>\n\t\t\t\t<\/div>\n\t\t<div class=\"elementor-element elementor-element-1eaed3f0 e-flex e-con-boxed e-con e-parent\" data-id=\"1eaed3f0\" data-element_type=\"container\" data-e-type=\"container\">\n\t\t\t\t\t<div class=\"e-con-inner\">\n\t\t\t\t<div class=\"elementor-element elementor-element-1d4963c elementor-widget elementor-widget-heading\" data-id=\"1d4963c\" data-element_type=\"widget\" data-e-type=\"widget\" data-widget_type=\"heading.default\">\n\t\t\t\t<div class=\"elementor-widget-container\">\n\t\t\t\t\t<h2 class=\"elementor-heading-title elementor-size-default\">CE QUE NOUS POUVONS OFFRIR<\/h2>\t\t\t\t<\/div>\n\t\t\t\t<\/div>\n\t\t\t\t<div class=\"elementor-element elementor-element-3a69523b elementor-widget elementor-widget-text-editor\" data-id=\"3a69523b\" data-element_type=\"widget\" data-e-type=\"widget\" data-widget_type=\"text-editor.default\">\n\t\t\t\t<div class=\"elementor-widget-container\">\n\t\t\t\t\t\t\t\t\t<div class=\"av-special-heading av-hw04q6v-fb180a63cc7c2eb75c4bab16d5a09ad6 av-special-heading-h3 blockquote modern-quote avia-builder-el-15 el_after_av_heading el_before_av_textblock \">\n<h3 class=\"av-special-heading-tag \">Unit\u00e9s vitr\u00e9es avec verre de s\u00e9curit\u00e9<\/h3>\n<\/div>\n<section class=\"av_textblock_section av-hcr6b7b-5e77a793c1746bca6dd663218f5b43ae \">\n<div class=\"avia_textblock\">\n<div class=\"mobiletable\">\n<table class=\"table-td-padding td\">\n<tbody>\n<tr>\n<td><strong>Type de<br \/>vitrage<br \/>T\u00a0[mm]<\/strong><\/td>\n<td><strong>Transmission lumineuse<br \/>LT [%]<\/strong><\/td>\n<td><strong>R\u00e9flexion lumineuse<br \/>LR [%]<\/strong><\/td>\n<td><strong>Transmission<br \/>d&#8217;\u00e9nergie<br \/>totale<br \/>g [%]<\/strong><\/td>\n<td><strong>Coeff.<br \/>de transfert thermique<br \/>U<sub>g<\/sub><br \/>[W\/m<sup>2<\/sup>K]<\/strong><\/td>\n<td><strong>Transmission UV [%]<\/strong><\/td>\n<td><strong>Classe de s\u00e9curit\u00e9<br \/>EN 356<\/strong><\/td>\n<td><strong>Classe de s\u00e9curit\u00e9<br \/>EN 12600<\/strong><\/td>\n<\/tr>\n<tr>\n<td>33.1\/16Ar\/4T<\/td>\n<td>78<\/td>\n<td>12<\/td>\n<td>59<\/td>\n<td>1,1<\/td>\n<td>7,7<\/td>\n<td>\u2013<\/td>\n<td>2\/B\/2<\/td>\n<\/tr>\n<tr>\n<td>33.1\/16Ar\/33.1T<\/td>\n<td>78<\/td>\n<td>12<\/td>\n<td>59<\/td>\n<td>1,1<\/td>\n<td>3,4<\/td>\n<td>\u2013<\/td>\n<td>2\/B\/2 <\/td>\n<\/tr>\n<tr>\n<td>44,2\/16Ar\/4T<\/td>\n<td>78<\/td>\n<td>12<\/td>\n<td>58<\/td>\n<td>1,1<\/td>\n<td>2,4<\/td>\n<td>P2A<\/td>\n<td>1\/B\/1<\/td>\n<\/tr>\n<tr>\n<td>44,2\/16Ar\/6T<\/td>\n<td>78<\/td>\n<td>12<\/td>\n<td>58<\/td>\n<td>1,1<\/td>\n<td>2,3<\/td>\n<td>P2A<\/td>\n<td>1\/B\/1<\/td>\n<\/tr>\n<tr>\n<td>44,2\/16Ar\/44,2T<\/td>\n<td>78<\/td>\n<td>12<\/td>\n<td>58<\/td>\n<td>1,1<\/td>\n<td>0,5<\/td>\n<td>P2A<\/td>\n<td>1\/B\/1<\/td>\n<\/tr>\n<tr>\n<td>44,4\/16Ar\/4T<\/td>\n<td>78<\/td>\n<td>12<\/td>\n<td>56<\/td>\n<td>1,1<\/td>\n<td>0,0<\/td>\n<td>P4A<\/td>\n<td>1\/B\/1<\/td>\n<\/tr>\n<tr>\n<td>44,4\/16 Ar\/6T<\/td>\n<td>78<\/td>\n<td>12<\/td>\n<td>56<\/td>\n<td>1,1<\/td>\n<td>0,0<\/td>\n<td>P4A<\/td>\n<td>1\/B\/1<\/td>\n<\/tr>\n<tr>\n<td>44,4\/16Ar\/44,4T<\/td>\n<td>78<\/td>\n<td>12<\/td>\n<td>56<\/td>\n<td>1,1<\/td>\n<td>0,0<\/td>\n<td>P4A<\/td>\n<td>1\/B\/1<\/td>\n<\/tr>\n<\/tbody>\n<\/table>\n<\/div>\n<p>T \u2013 Thermoflotteur<\/p>\n<\/div>\n<\/section>\n\t\t\t\t\t\t\t\t<\/div>\n\t\t\t\t<\/div>\n\t\t\t\t\t<\/div>\n\t\t\t\t<\/div>\n\t\t<div class=\"elementor-element elementor-element-5c6f3dc4 e-flex e-con-boxed e-con e-parent\" data-id=\"5c6f3dc4\" data-element_type=\"container\" data-e-type=\"container\" data-settings=\"{&quot;background_background&quot;:&quot;classic&quot;,&quot;background_motion_fx_motion_fx_scrolling&quot;:&quot;yes&quot;,&quot;background_motion_fx_translateY_effect&quot;:&quot;yes&quot;,&quot;background_motion_fx_translateY_speed&quot;:{&quot;unit&quot;:&quot;px&quot;,&quot;size&quot;:4,&quot;sizes&quot;:[]},&quot;background_motion_fx_translateY_affectedRange&quot;:{&quot;unit&quot;:&quot;%&quot;,&quot;size&quot;:&quot;&quot;,&quot;sizes&quot;:{&quot;start&quot;:0,&quot;end&quot;:100}},&quot;background_motion_fx_devices&quot;:[&quot;desktop&quot;,&quot;tablet&quot;,&quot;mobile&quot;]}\">\n\t\t\t\t\t<div class=\"e-con-inner\">\n\t\t\t\t<div class=\"elementor-element elementor-element-3740cab5 elementor-widget elementor-widget-heading\" data-id=\"3740cab5\" data-element_type=\"widget\" data-e-type=\"widget\" data-widget_type=\"heading.default\">\n\t\t\t\t<div class=\"elementor-widget-container\">\n\t\t\t\t\t<h2 class=\"elementor-heading-title elementor-size-default\">Nous modifions constamment nos processus de fabrication et changeons nos habitudes pour limiter les effets n\u00e9gatifs sur l'environnement.<\/h2>\t\t\t\t<\/div>\n\t\t\t\t<\/div>\n\t\t\t\t<div class=\"elementor-element elementor-element-6fe00010 elementor-widget elementor-widget-text-editor\" data-id=\"6fe00010\" data-element_type=\"widget\" data-e-type=\"widget\" data-widget_type=\"text-editor.default\">\n\t\t\t\t<div class=\"elementor-widget-container\">\n\t\t\t\t\t\t\t\t\t<p>Afin de faciliter les changements, nous avons adopt\u00e9 la norme ISO 14001, le syst\u00e8me mondial de gestion de la protection de l&#8217;environnement.<\/p>\n\t\t\t\t\t\t\t\t<\/div>\n\t\t\t\t<\/div>\n\t\t\t\t<div class=\"elementor-element elementor-element-6f817977 elementor-align-center elementor-widget elementor-widget-button\" data-id=\"6f817977\" data-element_type=\"widget\" data-e-type=\"widget\" data-widget_type=\"button.default\">\n\t\t\t\t<div class=\"elementor-widget-container\">\n\t\t\t\t\t\t\t\t\t<div class=\"elementor-button-wrapper\">\n\t\t\t\t\t<a class=\"elementor-button elementor-button-link elementor-size-sm\" href=\"https:\/\/tgrupcam.com\/index.php\/contact\/?lang=fr\">\n\t\t\t\t\t\t<span class=\"elementor-button-content-wrapper\">\n\t\t\t\t\t\t\t\t\t<span class=\"elementor-button-text\">Contactez nous<\/span>\n\t\t\t\t\t<\/span>\n\t\t\t\t\t<\/a>\n\t\t\t\t<\/div>\n\t\t\t\t\t\t\t\t<\/div>\n\t\t\t\t<\/div>\n\t\t\t\t\t<\/div>\n\t\t\t\t<\/div>\n\t\t\t\t<\/div>\n\t\t","protected":false},"excerpt":{"rendered":"<p>VERRE DE S\u00c9CURIT\u00c9 ET DE S\u00c9CURIT\u00c9 \u00c0 PROPOS DU VERRE DE S\u00c9CURIT\u00c9 ET DE S\u00c9CURIT\u00c9 Chez T Grup Cam, nous fournissons du verre de s\u00e9curit\u00e9 et de s\u00fbret\u00e9 haute performance con\u00e7u pour offrir une protection maximale tout en pr\u00e9servant une clart\u00e9 optique et un attrait esth\u00e9tique. Nos solutions de verre avanc\u00e9es am\u00e9liorent la s\u00e9curit\u00e9, la [&hellip;]<\/p>\n","protected":false},"author":1,"featured_media":0,"parent":2491,"menu_order":0,"comment_status":"closed","ping_status":"closed","template":"elementor_header_footer","meta":{"footnotes":""},"class_list":["post-2940","page","type-page","status-publish","hentry"],"_links":{"self":[{"href":"https:\/\/tgrupcam.com\/index.php\/wp-json\/wp\/v2\/pages\/2940","targetHints":{"allow":["GET"]}}],"collection":[{"href":"https:\/\/tgrupcam.com\/index.php\/wp-json\/wp\/v2\/pages"}],"about":[{"href":"https:\/\/tgrupcam.com\/index.php\/wp-json\/wp\/v2\/types\/page"}],"author":[{"embeddable":true,"href":"https:\/\/tgrupcam.com\/index.php\/wp-json\/wp\/v2\/users\/1"}],"replies":[{"embeddable":true,"href":"https:\/\/tgrupcam.com\/index.php\/wp-json\/wp\/v2\/comments?post=2940"}],"version-history":[{"count":0,"href":"https:\/\/tgrupcam.com\/index.php\/wp-json\/wp\/v2\/pages\/2940\/revisions"}],"up":[{"embeddable":true,"href":"https:\/\/tgrupcam.com\/index.php\/wp-json\/wp\/v2\/pages\/2491"}],"wp:attachment":[{"href":"https:\/\/tgrupcam.com\/index.php\/wp-json\/wp\/v2\/media?parent=2940"}],"curies":[{"name":"wp","href":"https:\/\/api.w.org\/{rel}","templated":true}]}}