{"id":2948,"date":"2025-02-05T11:48:47","date_gmt":"2025-02-05T08:48:47","guid":{"rendered":"https:\/\/tgrupcam.com\/index.php\/oferta-de-piata\/unitati-vitrate\/staklo-tikno-emisiako\/"},"modified":"2025-06-03T17:45:29","modified_gmt":"2025-06-03T14:45:29","slug":"staklo-tikno-emisiako","status":"publish","type":"page","link":"https:\/\/tgrupcam.com\/index.php\/oferta-de-piata\/unitati-vitrate\/staklo-tikno-emisiako\/?lang=ro","title":{"rendered":"Staklo tikno emisiako"},"content":{"rendered":"\t\t<div data-elementor-type=\"wp-page\" data-elementor-id=\"2948\" class=\"elementor elementor-2948 elementor-24\" data-elementor-post-type=\"page\">\n\t\t\t\t<div class=\"elementor-element elementor-element-c1800a5 e-con-full e-flex e-con e-parent\" data-id=\"c1800a5\" data-element_type=\"container\" data-e-type=\"container\" data-settings=\"{&quot;background_background&quot;:&quot;classic&quot;,&quot;shape_divider_bottom&quot;:&quot;opacity-fan&quot;}\">\n\t\t\t\t<div class=\"elementor-shape elementor-shape-bottom\" aria-hidden=\"true\" data-negative=\"false\">\n\t\t\t<svg xmlns=\"http:\/\/www.w3.org\/2000\/svg\" viewBox=\"0 0 283.5 19.6\" preserveAspectRatio=\"none\">\n\t<path class=\"elementor-shape-fill\" style=\"opacity:0.33\" d=\"M0 0L0 18.8 141.8 4.1 283.5 18.8 283.5 0z\"\/>\n\t<path class=\"elementor-shape-fill\" style=\"opacity:0.33\" d=\"M0 0L0 12.6 141.8 4 283.5 12.6 283.5 0z\"\/>\n\t<path class=\"elementor-shape-fill\" style=\"opacity:0.33\" d=\"M0 0L0 6.4 141.8 4 283.5 6.4 283.5 0z\"\/>\n\t<path class=\"elementor-shape-fill\" d=\"M0 0L0 1.2 141.8 4 283.5 1.2 283.5 0z\"\/>\n<\/svg>\t\t<\/div>\n\t\t\t\t<div class=\"elementor-element elementor-element-bbd4e26 elementor-widget elementor-widget-heading\" data-id=\"bbd4e26\" data-element_type=\"widget\" data-e-type=\"widget\" data-widget_type=\"heading.default\">\n\t\t\t\t<div class=\"elementor-widget-container\">\n\t\t\t\t\t<h2 class=\"elementor-heading-title elementor-size-default\">Staklo tikno emisiako<\/h2>\t\t\t\t<\/div>\n\t\t\t\t<\/div>\n\t\t\t\t<\/div>\n\t\t<div class=\"elementor-element elementor-element-6b63f22 e-flex e-con-boxed e-con e-parent\" data-id=\"6b63f22\" data-element_type=\"container\" data-e-type=\"container\">\n\t\t\t\t\t<div class=\"e-con-inner\">\n\t\t\t\t<div class=\"elementor-element elementor-element-b245c7f elementor-widget elementor-widget-heading\" data-id=\"b245c7f\" data-element_type=\"widget\" data-e-type=\"widget\" data-widget_type=\"heading.default\">\n\t\t\t\t<div class=\"elementor-widget-container\">\n\t\t\t\t\t<h2 class=\"elementor-heading-title elementor-size-default\">PAL-O \u0106I\u0106E EMISIAQO \u0106A\u0106O<\/h2>\t\t\t\t<\/div>\n\t\t\t\t<\/div>\n\t\t\t\t<div class=\"elementor-element elementor-element-95bbaf8 elementor-widget elementor-widget-text-editor\" data-id=\"95bbaf8\" data-element_type=\"widget\" data-e-type=\"widget\" data-widget_type=\"text-editor.default\">\n\t\t\t\t<div class=\"elementor-widget-container\">\n\t\t\t\t\t\t\t\t\t<p><strong>T Grup Cam<\/strong>&#8216;s <strong>Low Emission Glass (Low-E Glass)<\/strong> si kerdo te vazdel e <strong>energiaki efikasnost, termikani izolacia thaj o komforto andruno<\/strong> ande moderne khera. Akava baro-performanco staklo si les jekh <strong>mikroskopikane tikno, transparentno kovlipe<\/strong> savo kerel minimalno transfero e toplinako thaj mukhel e naturalno lumia te nakhel.<\/p>\n<p><strong>La\u010dhipa:<\/strong><\/p>\n<p>\u2705 <strong>Efikasno energia<\/strong> \u2013 Redukisarel o xasaripe e toplinako ano jiv thaj ciknjarel o xasaripe e toplinako ano milaj, tiknjarel e energia konsumo.<br \/>\u2705 <strong>Termikani Izolacia<\/strong> \u2013 Vazdel o komforto andar o kher kana arakhel pes stabilno temperatura.<br \/>\u2705 <strong>UV Protekcia<\/strong> \u2013 Blokuil e nasvale UV-stralura, a\u017autil te na xasaren pes e meble thaj e andrune kotora.<br \/>\u2705<strong>O Klariteto<\/strong> transmisia bi te kerel kompromiso e vizibilitetosko.<br \/>\u2705 <strong>Eco-Friendly Solution<\/strong> \u2013 Kontribuil e sastipaskere praktike vash o vazdipe e redukciako e karbonesko.<\/p>\n\t\t\t\t\t\t\t\t<\/div>\n\t\t\t\t<\/div>\n\t\t\t\t<div class=\"elementor-element elementor-element-9e1ab63 elementor-widget elementor-widget-heading\" data-id=\"9e1ab63\" data-element_type=\"widget\" data-e-type=\"widget\" data-widget_type=\"heading.default\">\n\t\t\t\t<div class=\"elementor-widget-container\">\n\t\t\t\t\t<h2 class=\"elementor-heading-title elementor-size-default\">AVANTAJE<\/h2>\t\t\t\t<\/div>\n\t\t\t\t<\/div>\n\t\t\t\t<div class=\"elementor-element elementor-element-1a367bf elementor-position-left elementor-vertical-align-middle elementor-widget elementor-widget-image-box\" data-id=\"1a367bf\" data-element_type=\"widget\" data-e-type=\"widget\" data-widget_type=\"image-box.default\">\n\t\t\t\t<div class=\"elementor-widget-container\">\n\t\t\t\t\t<div class=\"elementor-image-box-wrapper\"><figure class=\"elementor-image-box-img\"><img fetchpriority=\"high\" decoding=\"async\" width=\"1080\" height=\"1080\" src=\"https:\/\/tgrupcam.com\/wp-content\/uploads\/2025\/04\/low-emission-glass-1.jpg\" class=\"attachment-full size-full wp-image-1858\" alt=\"\" srcset=\"https:\/\/tgrupcam.com\/wp-content\/uploads\/2025\/04\/low-emission-glass-1.jpg 1080w, https:\/\/tgrupcam.com\/wp-content\/uploads\/2025\/04\/low-emission-glass-1-300x300.jpg 300w, https:\/\/tgrupcam.com\/wp-content\/uploads\/2025\/04\/low-emission-glass-1-1024x1024.jpg 1024w, https:\/\/tgrupcam.com\/wp-content\/uploads\/2025\/04\/low-emission-glass-1-150x150.jpg 150w, https:\/\/tgrupcam.com\/wp-content\/uploads\/2025\/04\/low-emission-glass-1-768x768.jpg 768w, https:\/\/tgrupcam.com\/wp-content\/uploads\/2025\/04\/low-emission-glass-1-650x650.jpg 650w\" sizes=\"(max-width: 1080px) 100vw, 1080px\" \/><\/figure><div class=\"elementor-image-box-content\"><h3 class=\"elementor-image-box-title\">Optimalno temperatura ande sobe<\/h3><p class=\"elementor-image-box-description\">Optimalno temperatura andar o kher va\u015b maj la\u0107ho komforto thaj efikasno energia.<\/p><\/div><\/div>\t\t\t\t<\/div>\n\t\t\t\t<\/div>\n\t\t\t\t<div class=\"elementor-element elementor-element-0d52518 elementor-position-left elementor-vertical-align-middle elementor-widget elementor-widget-image-box\" data-id=\"0d52518\" data-element_type=\"widget\" data-e-type=\"widget\" data-widget_type=\"image-box.default\">\n\t\t\t\t<div class=\"elementor-widget-container\">\n\t\t\t\t\t<div class=\"elementor-image-box-wrapper\"><figure class=\"elementor-image-box-img\"><img decoding=\"async\" width=\"1080\" height=\"1080\" src=\"https:\/\/tgrupcam.com\/wp-content\/uploads\/2025\/04\/low-emission-glass-2.jpg\" class=\"attachment-full size-full wp-image-1869\" alt=\"\" srcset=\"https:\/\/tgrupcam.com\/wp-content\/uploads\/2025\/04\/low-emission-glass-2.jpg 1080w, https:\/\/tgrupcam.com\/wp-content\/uploads\/2025\/04\/low-emission-glass-2-300x300.jpg 300w, https:\/\/tgrupcam.com\/wp-content\/uploads\/2025\/04\/low-emission-glass-2-1024x1024.jpg 1024w, https:\/\/tgrupcam.com\/wp-content\/uploads\/2025\/04\/low-emission-glass-2-150x150.jpg 150w, https:\/\/tgrupcam.com\/wp-content\/uploads\/2025\/04\/low-emission-glass-2-768x768.jpg 768w, https:\/\/tgrupcam.com\/wp-content\/uploads\/2025\/04\/low-emission-glass-2-650x650.jpg 650w\" sizes=\"(max-width: 1080px) 100vw, 1080px\" \/><\/figure><div class=\"elementor-image-box-content\"><h3 class=\"elementor-image-box-title\">Ucho nivelo e transmisiako e lumiako<\/h3><p class=\"elementor-image-box-description\">Siguril o maj baro naturalno svetlo thaj arakhel e klariteta thaj efikasnost.<\/p><\/div><\/div>\t\t\t\t<\/div>\n\t\t\t\t<\/div>\n\t\t\t\t<div class=\"elementor-element elementor-element-2cd45d9 elementor-position-left elementor-vertical-align-middle elementor-widget elementor-widget-image-box\" data-id=\"2cd45d9\" data-element_type=\"widget\" data-e-type=\"widget\" data-widget_type=\"image-box.default\">\n\t\t\t\t<div class=\"elementor-widget-container\">\n\t\t\t\t\t<div class=\"elementor-image-box-wrapper\"><figure class=\"elementor-image-box-img\"><img decoding=\"async\" width=\"1080\" height=\"1080\" src=\"https:\/\/tgrupcam.com\/wp-content\/uploads\/2025\/04\/low-emission-glass-3.jpg\" class=\"attachment-full size-full wp-image-1880\" alt=\"\" srcset=\"https:\/\/tgrupcam.com\/wp-content\/uploads\/2025\/04\/low-emission-glass-3.jpg 1080w, https:\/\/tgrupcam.com\/wp-content\/uploads\/2025\/04\/low-emission-glass-3-300x300.jpg 300w, https:\/\/tgrupcam.com\/wp-content\/uploads\/2025\/04\/low-emission-glass-3-1024x1024.jpg 1024w, https:\/\/tgrupcam.com\/wp-content\/uploads\/2025\/04\/low-emission-glass-3-150x150.jpg 150w, https:\/\/tgrupcam.com\/wp-content\/uploads\/2025\/04\/low-emission-glass-3-768x768.jpg 768w, https:\/\/tgrupcam.com\/wp-content\/uploads\/2025\/04\/low-emission-glass-3-650x650.jpg 650w\" sizes=\"(max-width: 1080px) 100vw, 1080px\" \/><\/figure><div class=\"elementor-image-box-content\"><h3 class=\"elementor-image-box-title\">Te ciknjarel pes o kosto e toplinaqo<\/h3><p class=\"elementor-image-box-description\">Minimizeaz\u0103 pierderile de c\u0103ldur\u0103, reduc\u00e2nd consumul de energie \u0219i costurile de \u00eenc\u0103lzire.<\/p><\/div><\/div>\t\t\t\t<\/div>\n\t\t\t\t<\/div>\n\t\t\t\t\t<\/div>\n\t\t\t\t<\/div>\n\t\t<div class=\"elementor-element elementor-element-20f3f51 e-flex e-con-boxed e-con e-parent\" data-id=\"20f3f51\" data-element_type=\"container\" data-e-type=\"container\" data-settings=\"{&quot;background_background&quot;:&quot;classic&quot;,&quot;background_motion_fx_motion_fx_scrolling&quot;:&quot;yes&quot;,&quot;background_motion_fx_translateY_effect&quot;:&quot;yes&quot;,&quot;background_motion_fx_translateY_speed&quot;:{&quot;unit&quot;:&quot;px&quot;,&quot;size&quot;:4,&quot;sizes&quot;:[]},&quot;background_motion_fx_translateY_affectedRange&quot;:{&quot;unit&quot;:&quot;%&quot;,&quot;size&quot;:&quot;&quot;,&quot;sizes&quot;:{&quot;start&quot;:0,&quot;end&quot;:100}},&quot;background_motion_fx_devices&quot;:[&quot;desktop&quot;,&quot;tablet&quot;,&quot;mobile&quot;]}\">\n\t\t\t\t\t<div class=\"e-con-inner\">\n\t\t\t\t\t<\/div>\n\t\t\t\t<\/div>\n\t\t<div class=\"elementor-element elementor-element-03f8b6e e-flex e-con-boxed e-con e-parent\" data-id=\"03f8b6e\" data-element_type=\"container\" data-e-type=\"container\">\n\t\t\t\t\t<div class=\"e-con-inner\">\n\t\t<div class=\"elementor-element elementor-element-9ff8d85 e-con-full e-flex e-con e-child\" data-id=\"9ff8d85\" data-element_type=\"container\" data-e-type=\"container\">\n\t\t\t\t<div class=\"elementor-element elementor-element-8d346b3 elementor-widget elementor-widget-heading\" data-id=\"8d346b3\" data-element_type=\"widget\" data-e-type=\"widget\" data-widget_type=\"heading.default\">\n\t\t\t\t<div class=\"elementor-widget-container\">\n\t\t\t\t\t<h2 class=\"elementor-heading-title elementor-size-default\">Ano jivend<\/h2>\t\t\t\t<\/div>\n\t\t\t\t<\/div>\n\t\t\t\t<div class=\"elementor-element elementor-element-7c978cc elementor-widget elementor-widget-text-editor\" data-id=\"7c978cc\" data-element_type=\"widget\" data-e-type=\"widget\" data-widget_type=\"text-editor.default\">\n\t\t\t\t<div class=\"elementor-widget-container\">\n\t\t\t\t\t\t\t\t\t<p>I termikani protekcia si i primarno funkcia e glazurake jekhimatenqi savi si lab\u0103rdi an\u03b8-e <strong>fen\u00e8stre, fas\u00e0de thaj perdenqe zidura<\/strong>. Ko <strong>T Grup Cam<\/strong>, amen sajekh keras <strong>avanzado Low Emission Glass (Low-E Glass)<\/strong> ano kolabor\u00e0cia amare pat\u01d0vale furnitoriencar. Amaro baro-performansosko staklo del jekh <strong>eksepcionalno tikno koeficiento e transferosko e toplinako (Ug = 0.4 W\/m2K)<\/strong>, komparabilno e izolaciake nivelurenca e solidno zidoske. Phenen la\u0107hes e tato balvalenqe pa\u015bal tumare \u015bere\u2014amaro inovativno staklo siguril <strong>maximalno komforto and-o kher<\/strong> vi an\u03b8-e maj tato \u0107hona.<\/p>\n<p>Va\u015b kodola save roden te <strong>redukisaren e ko\u015btur\u0103 va\u015b o tato an\u03b8-o jivend<\/strong> utilizindos <strong>solarno toplinaqe \u015bajutnimata<\/strong> katar o kham, arakhindoj amari izol\u00e0cia, specialo dizajnime <strong>e stakloske jekhimata save izolirinen e toplina<\/strong> den jekh vazdino <strong>koef\u00ecciento e solarno toplinaqo (g = 73%)<\/strong>. Akava \u015baj te kerel maj but naturalo tato te del andre tumaro than bi te kerel kompromiso e energiaki efikasnosta.<\/p>\n\t\t\t\t\t\t\t\t<\/div>\n\t\t\t\t<\/div>\n\t\t\t\t<\/div>\n\t\t<div class=\"elementor-element elementor-element-e7abccf e-con-full e-flex e-con e-child\" data-id=\"e7abccf\" data-element_type=\"container\" data-e-type=\"container\">\n\t\t\t\t<div class=\"elementor-element elementor-element-48ff9fd elementor-widget elementor-widget-heading\" data-id=\"48ff9fd\" data-element_type=\"widget\" data-e-type=\"widget\" data-widget_type=\"heading.default\">\n\t\t\t\t<div class=\"elementor-widget-container\">\n\t\t\t\t\t<h2 class=\"elementor-heading-title elementor-size-default\">Ano milaj<\/h2>\t\t\t\t<\/div>\n\t\t\t\t<\/div>\n\t\t\t\t<div class=\"elementor-element elementor-element-b542b77 elementor-widget elementor-widget-text-editor\" data-id=\"b542b77\" data-element_type=\"widget\" data-e-type=\"widget\" data-widget_type=\"text-editor.default\">\n\t\t\t\t<div class=\"elementor-widget-container\">\n\t\t\t\t\t\t\t\t\t<p>Ko vakti e milajesko, o kham del avri but maj but termikani energia sar ko jiv, so kerel <strong>but tato andrune khera<\/strong>, maj anglal kotar o transfero e toplinako prekal o phanle. I efektivitatea e protekciaqi mamuj o but tato si mesurime katar o <strong>solarno toplinaqo koef\u00ecciento (g-value)<\/strong>\u2014so maj tikno si o valuto, so maj la\u0107hi si i protekcia.<\/p>\n<p>Ko <strong>T Grup Cam<\/strong>, amen das <strong>baro-perform\u00e0nto toplina-izol\u00e0ciaqo staklo<\/strong> savo a\u017autil te ciknjarel pes o bi-toplinado<\/strong> <strong>g-value of 37%<\/strong>, efektivno redukindoj o but tato ando kher. Maj anglal sas rezervirime va\u015b bare <strong>fasadake aplik\u00e0cie<\/strong>, kadaja avansime t\u00e8knologia si akana disponibilo va\u015b <strong>rezidencialne khera thaj komercialne thana<\/strong>.<\/p>\n<p>Kana alosaren amaro <strong>solarno kontrolno staklo<\/strong>, \u015baj te <strong>vazden o term\u00e0lo komforto and-o kher thaj te tiknjaren e ko\u015btur\u0103 va\u015b o \u015bukaripen<\/strong>. Si importanto te ovel pe gindo kaj <strong>e koshti vash o klimatiziribe si generalno maj bare kotar o koshti vash o tato<\/strong>, so kerel e efikasno glazurakere solucie te oven kritikano investicia vash o arakhipnaskoro energiako.<\/p>\n\t\t\t\t\t\t\t\t<\/div>\n\t\t\t\t<\/div>\n\t\t\t\t<\/div>\n\t\t\t\t\t<\/div>\n\t\t\t\t<\/div>\n\t\t<div class=\"elementor-element elementor-element-91e626a e-flex e-con-boxed e-con e-parent\" data-id=\"91e626a\" data-element_type=\"container\" data-e-type=\"container\" data-settings=\"{&quot;background_background&quot;:&quot;classic&quot;}\">\n\t\t\t\t\t<div class=\"e-con-inner\">\n\t\t\t\t<div class=\"elementor-element elementor-element-45661c3 elementor-widget elementor-widget-heading\" data-id=\"45661c3\" data-element_type=\"widget\" data-e-type=\"widget\" data-widget_type=\"heading.default\">\n\t\t\t\t<div class=\"elementor-widget-container\">\n\t\t\t\t\t<h2 class=\"elementor-heading-title elementor-size-default\">O spektro e param\u00e8trurenqo e \u015bu\u017ae \u015bu\u015benqo so si dino<\/h2>\t\t\t\t<\/div>\n\t\t\t\t<\/div>\n\t\t\t\t<div class=\"elementor-element elementor-element-c868c7c elementor-widget elementor-widget-text-editor\" data-id=\"c868c7c\" data-element_type=\"widget\" data-e-type=\"widget\" data-widget_type=\"text-editor.default\">\n\t\t\t\t<div class=\"elementor-widget-container\">\n\t\t\t\t\t\t\t\t\t<table border=\"0\" cellspacing=\"0\" cellpadding=\"0\">\n<tbody>\n<tr>\n<td><strong>Ug EN 673 [W\/m<sup>2<\/sup>K]<\/strong><\/td>\n<td><strong>g [%]<\/strong><\/td>\n<td><strong>Lt [%]<\/strong><\/td>\n<\/td>\n<\/td>\n<p><, 1,3<\/td>\n<td>37-73<\/td>\n<td>55-82<\/td>\n<\/tr>\n<\/tbody>\n<\/table>\n\t\t\t\t\t\t\t\t<\/div>\n\t\t\t\t<\/div>\n\t\t\t\t\t<\/div>\n\t\t\t\t<\/div>\n\t\t<div class=\"elementor-element elementor-element-3e1ec8a e-flex e-con-boxed e-con e-parent\" data-id=\"3e1ec8a\" data-element_type=\"container\" data-e-type=\"container\">\n\t\t\t\t\t<div class=\"e-con-inner\">\n\t\t\t\t<div class=\"elementor-element elementor-element-f747a2c elementor-widget elementor-widget-heading\" data-id=\"f747a2c\" data-element_type=\"widget\" data-e-type=\"widget\" data-widget_type=\"heading.default\">\n\t\t\t\t<div class=\"elementor-widget-container\">\n\t\t\t\t\t<h2 class=\"elementor-heading-title elementor-size-default\">SO SHAJ TE OFERAS<\/h2>\t\t\t\t<\/div>\n\t\t\t\t<\/div>\n\t\t\t\t<div class=\"elementor-element elementor-element-5c1a6a1 elementor-widget elementor-widget-text-editor\" data-id=\"5c1a6a1\" data-element_type=\"widget\" data-e-type=\"widget\" data-widget_type=\"text-editor.default\">\n\t\t\t\t<div class=\"elementor-widget-container\">\n\t\t\t\t\t\t\t\t\t<table class=\"tabela-pion-inner-border\" width=\"523\" cellspacing=\"0\" cellpadding=\"0\">\n<tbody>\n<tr>\n<td><strong>Design [mm] T-thermofloat<\/strong><\/td>\n<td><strong>LT [%]<\/strong><\/td>\n<td><strong>LR [%] [%]<\/strong><\/td>\n<td><strong>U<sub>g<\/sub>\u00a0EN 673<\/strong><center><strong>[W\/ m<sup>2<\/sup>K]<\/strong><\/center><\/td>\n<\/tr>\n<tr>\n<td>4T 1,0\/12Kr\/4\/12Kr\/4T 10d, rowspan=&#8221;5&#8243;><\/p>\n<div>58-73<\/div>\n<\/td>\n<td rowspan=\"5\">\n<div>18-32<\/div>\n<\/td>\n<td rowspan=\"5\">\n<div>37-50<\/div>\n<\/td>\n<td>\n<div>0,4<\/div>\n<\/td>\n<\/td>\n<td>\n<td>< 1,0\/10Kr\/4\/10Kr\/4T 1,0<\/td>\n<td>\n<div>0,5<\/div>\n<\/td>\n<\/tr>\n<tr>\n<td>4T 1,0\/16Ar\/4\/16Ar\/4T 1,0<\/td>\n<td>\n<div>0,5<\/div>\n<\/td>\n<td>\n<td><d>< 1,0\/12Ar\/4\/14Ar\/4T 1,0<\/td>\n<td>\n<div>0,6<\/div>\n<\/td>\n<\/tr>\n<tr>\n<td>4T 1,0\/10Ar\/4\/12Ar\/4T 1,0<\/td>\n<td>\n<div>0,7<\/div>\n<\/td>\n<td>\n<td>\n<td>\n<td>< 1,1\/12Kr\/4\/12Kr\/4T 1,1<\/td>\n<td rowspan=\"7\">73-75<\/td>\n<td rowspan=\"7\">14-17<\/td>\n<td rowspan=\"7\">52-55<\/td>\n<td>\n<div>0,5<\/t><d><\/p>\n<td>\n<td>\n<td>\n<td><t 1,1\/18Ar\/4\/18Ar\/4T 1,1<\/td>\n<td>\n<div>0,5<\/div>\n<\/td>\n<\/tr>\n<tr>\n<td>4T 1,1\/10Kr\/4\/10Kr\/4T 1,1<\/td>\n<td>\n<div>0,6<\/div>\n<\/td>\n<td>\n<tr><d>< 1,1\/16Ar\/4\/16Ar\/4T 1,1<\/td>\n<td>\n<div>0,6<\/div>\n<\/td>\n<\/tr>\n<tr>\n<td>4T 1,1\/14Ar\/4\/14Ar\/4T 1,1<\/td>\n<td>\n<div>0,6<\/div>\n<\/td>\n<td>\n<td>\n<td>\n<td>< 1,1\/12Ar\/4\/12Ar\/4T 1,1<\/td>\n<td>\n<div>0,7<\/div>\n<\/td>\n<\/tr>\n<tr>\n<td>4T 1,1\/10Ar\/4\/10Ar\/4T 1,1<\/td>\n<td>\n<div>0,8<\/div>\n<\/td>\n<td>\n<td><\/4T\/4T\/4T 1,0<\/td>\n<td rowspan=\"2\">\n<div>71-81<\/div>\n<\/td>\n<td rowspan=\"2\">\n<div>14-22<\/div>\n<\/td>\n<td rowspan=\"2\">\n<div>50-61<\/div>\n<\/td>\n<td>\n<div>1,0<\/div>\n<\/td>\n<\/tr>\n<tr>\n<td>4\/10-14Kr\/4T 1,0<\/td>\n<td>\n<div>1,0<\/div>\n<\/td>\n<\/tr>\n<tr>\n<tr><\/14Kr\/4\/4\/4 rowspan=\"2\"><\/p>\n<div>81-82<\/div>\n<\/td>\n<td rowspan=\"2\">\n<div>12-13<\/div>\n<\/td>\n<td rowspan=\"2\">\n<div>63-66<\/div>\n<\/td>\n<td>\n<div>1,0<\/div>\n<\/td>\n<p><rt><\/td>\n<td><\/td>\n<\/td>\n<p><\/44\/4\/44 1,1<\/td>\n<td>\n<div>1,1<\/div>\n<\/td>\n<\/tr>\n<\/tbody>\n<\/table>\n\t\t\t\t\t\t\t\t<\/div>\n\t\t\t\t<\/div>\n\t\t\t\t\t<\/div>\n\t\t\t\t<\/div>\n\t\t<div class=\"elementor-element elementor-element-4f90ef5 e-flex e-con-boxed e-con e-parent\" data-id=\"4f90ef5\" data-element_type=\"container\" data-e-type=\"container\" data-settings=\"{&quot;background_background&quot;:&quot;classic&quot;,&quot;background_motion_fx_motion_fx_scrolling&quot;:&quot;yes&quot;,&quot;background_motion_fx_translateY_effect&quot;:&quot;yes&quot;,&quot;background_motion_fx_translateY_speed&quot;:{&quot;unit&quot;:&quot;px&quot;,&quot;size&quot;:4,&quot;sizes&quot;:[]},&quot;background_motion_fx_translateY_affectedRange&quot;:{&quot;unit&quot;:&quot;%&quot;,&quot;size&quot;:&quot;&quot;,&quot;sizes&quot;:{&quot;start&quot;:0,&quot;end&quot;:100}},&quot;background_motion_fx_devices&quot;:[&quot;desktop&quot;,&quot;tablet&quot;,&quot;mobile&quot;]}\">\n\t\t\t\t\t<div class=\"e-con-inner\">\n\t\t\t\t<div class=\"elementor-element elementor-element-570499b elementor-widget elementor-widget-heading\" data-id=\"570499b\" data-element_type=\"widget\" data-e-type=\"widget\" data-widget_type=\"heading.default\">\n\t\t\t\t<div class=\"elementor-widget-container\">\n\t\t\t\t\t<h2 class=\"elementor-heading-title elementor-size-default\">Ne modific\u0103m constant procesele de produc\u021bie \u0219i ne schimb\u0103m obiceiurile pentru a limita efectul negativ asupra mediului.<\/h2>\t\t\t\t<\/div>\n\t\t\t\t<\/div>\n\t\t\t\t<div class=\"elementor-element elementor-element-b826612 elementor-widget elementor-widget-text-editor\" data-id=\"b826612\" data-element_type=\"widget\" data-e-type=\"widget\" data-widget_type=\"text-editor.default\">\n\t\t\t\t<div class=\"elementor-widget-container\">\n\t\t\t\t\t\t\t\t\t<p>Te \u015baj te keras maj lokhes e paruvimata, ame adoptisaras o ISO 14001, o sistemo va\u015b o arakhipen e enviromentosqo an\u03b8-i sasti lumja.<\/p>\n\t\t\t\t\t\t\t\t<\/div>\n\t\t\t\t<\/div>\n\t\t\t\t<div class=\"elementor-element elementor-element-d353f96 elementor-align-center elementor-widget elementor-widget-button\" data-id=\"d353f96\" data-element_type=\"widget\" data-e-type=\"widget\" data-widget_type=\"button.default\">\n\t\t\t\t<div class=\"elementor-widget-container\">\n\t\t\t\t\t\t\t\t\t<div class=\"elementor-button-wrapper\">\n\t\t\t\t\t<a class=\"elementor-button elementor-button-link elementor-size-sm\" href=\"https:\/\/tgrupcam.com\/index.php\/kontakto\/?lang=ro\">\n\t\t\t\t\t\t<span class=\"elementor-button-content-wrapper\">\n\t\t\t\t\t\t\t\t\t<span class=\"elementor-button-text\">Contacta\u021bi-ne<\/span>\n\t\t\t\t\t<\/span>\n\t\t\t\t\t<\/a>\n\t\t\t\t<\/div>\n\t\t\t\t\t\t\t\t<\/div>\n\t\t\t\t<\/div>\n\t\t\t\t\t<\/div>\n\t\t\t\t<\/div>\n\t\t\t\t<\/div>\n\t\t","protected":false},"excerpt":{"rendered":"<p>Staklo tikno emisiako PAL-O \u0106I\u0106E EMISIAQO \u0106A\u0106O T Grup Cam&#8216;s Low Emission Glass (Low-E Glass) si kerdo te vazdel e energiaki efikasnost, termikani izolacia thaj o komforto andruno ande moderne khera. Akava baro-performanco staklo si les jekh mikroskopikane tikno, transparentno kovlipe savo kerel minimalno transfero e toplinako thaj mukhel e naturalno lumia te nakhel. La\u010dhipa: [&hellip;]<\/p>\n","protected":false},"author":1,"featured_media":0,"parent":2457,"menu_order":0,"comment_status":"closed","ping_status":"closed","template":"elementor_header_footer","meta":{"footnotes":""},"class_list":["post-2948","page","type-page","status-publish","hentry"],"_links":{"self":[{"href":"https:\/\/tgrupcam.com\/index.php\/wp-json\/wp\/v2\/pages\/2948","targetHints":{"allow":["GET"]}}],"collection":[{"href":"https:\/\/tgrupcam.com\/index.php\/wp-json\/wp\/v2\/pages"}],"about":[{"href":"https:\/\/tgrupcam.com\/index.php\/wp-json\/wp\/v2\/types\/page"}],"author":[{"embeddable":true,"href":"https:\/\/tgrupcam.com\/index.php\/wp-json\/wp\/v2\/users\/1"}],"replies":[{"embeddable":true,"href":"https:\/\/tgrupcam.com\/index.php\/wp-json\/wp\/v2\/comments?post=2948"}],"version-history":[{"count":0,"href":"https:\/\/tgrupcam.com\/index.php\/wp-json\/wp\/v2\/pages\/2948\/revisions"}],"up":[{"embeddable":true,"href":"https:\/\/tgrupcam.com\/index.php\/wp-json\/wp\/v2\/pages\/2457"}],"wp:attachment":[{"href":"https:\/\/tgrupcam.com\/index.php\/wp-json\/wp\/v2\/media?parent=2948"}],"curies":[{"name":"wp","href":"https:\/\/api.w.org\/{rel}","templated":true}]}}