{"id":2950,"date":"2025-02-05T11:48:47","date_gmt":"2025-02-05T08:48:47","guid":{"rendered":"https:\/\/tgrupcam.com\/index.php\/offerta-di-mercato\/unita-vetrate\/vetro-a-bassa-emissione\/"},"modified":"2025-06-03T17:45:44","modified_gmt":"2025-06-03T14:45:44","slug":"vetro-a-bassa-emissione","status":"publish","type":"page","link":"https:\/\/tgrupcam.com\/index.php\/offerta-di-mercato\/unita-vetrate\/vetro-a-bassa-emissione\/?lang=it","title":{"rendered":"Vetro a bassa emissione"},"content":{"rendered":"\t\t<div data-elementor-type=\"wp-page\" data-elementor-id=\"2950\" class=\"elementor elementor-2950 elementor-24\" data-elementor-post-type=\"page\">\n\t\t\t\t<div class=\"elementor-element elementor-element-c1800a5 e-con-full e-flex e-con e-parent\" data-id=\"c1800a5\" data-element_type=\"container\" data-e-type=\"container\" data-settings=\"{&quot;background_background&quot;:&quot;classic&quot;,&quot;shape_divider_bottom&quot;:&quot;opacity-fan&quot;}\">\n\t\t\t\t<div class=\"elementor-shape elementor-shape-bottom\" aria-hidden=\"true\" data-negative=\"false\">\n\t\t\t<svg xmlns=\"http:\/\/www.w3.org\/2000\/svg\" viewBox=\"0 0 283.5 19.6\" preserveAspectRatio=\"none\">\n\t<path class=\"elementor-shape-fill\" style=\"opacity:0.33\" d=\"M0 0L0 18.8 141.8 4.1 283.5 18.8 283.5 0z\"\/>\n\t<path class=\"elementor-shape-fill\" style=\"opacity:0.33\" d=\"M0 0L0 12.6 141.8 4 283.5 12.6 283.5 0z\"\/>\n\t<path class=\"elementor-shape-fill\" style=\"opacity:0.33\" d=\"M0 0L0 6.4 141.8 4 283.5 6.4 283.5 0z\"\/>\n\t<path class=\"elementor-shape-fill\" d=\"M0 0L0 1.2 141.8 4 283.5 1.2 283.5 0z\"\/>\n<\/svg>\t\t<\/div>\n\t\t\t\t<div class=\"elementor-element elementor-element-bbd4e26 elementor-widget elementor-widget-heading\" data-id=\"bbd4e26\" data-element_type=\"widget\" data-e-type=\"widget\" data-widget_type=\"heading.default\">\n\t\t\t\t<div class=\"elementor-widget-container\">\n\t\t\t\t\t<h2 class=\"elementor-heading-title elementor-size-default\">VETRO A BASSA EMISSIONE<\/h2>\t\t\t\t<\/div>\n\t\t\t\t<\/div>\n\t\t\t\t<\/div>\n\t\t<div class=\"elementor-element elementor-element-6b63f22 e-flex e-con-boxed e-con e-parent\" data-id=\"6b63f22\" data-element_type=\"container\" data-e-type=\"container\">\n\t\t\t\t\t<div class=\"e-con-inner\">\n\t\t\t\t<div class=\"elementor-element elementor-element-b245c7f elementor-widget elementor-widget-heading\" data-id=\"b245c7f\" data-element_type=\"widget\" data-e-type=\"widget\" data-widget_type=\"heading.default\">\n\t\t\t\t<div class=\"elementor-widget-container\">\n\t\t\t\t\t<h2 class=\"elementor-heading-title elementor-size-default\">INFORMAZIONI SUL VETRO A BASSA EMISSIONE<\/h2>\t\t\t\t<\/div>\n\t\t\t\t<\/div>\n\t\t\t\t<div class=\"elementor-element elementor-element-95bbaf8 elementor-widget elementor-widget-text-editor\" data-id=\"95bbaf8\" data-element_type=\"widget\" data-e-type=\"widget\" data-widget_type=\"text-editor.default\">\n\t\t\t\t<div class=\"elementor-widget-container\">\n\t\t\t\t\t\t\t\t\t<p><strong>Il vetro a bassa emissione (vetro Low-E) di T Grup Cam<\/strong> \u00e8 progettato per migliorare l&#8217;efficienza energetica, l&#8217;isolamento termico e il comfort interno negli edifici moderni. Questo vetro ad alte prestazioni presenta un rivestimento trasparente microscopicamente sottile che riduce al minimo il trasferimento di calore, consentendo al contempo il passaggio della luce naturale.<\/p>\n<p><strong>Vantaggi:<\/strong><\/p>\n<p>\u2705 <strong>Efficienza energetica<\/strong>: riduce la dispersione di calore in inverno e minimizza l&#8217;accumulo di calore in estate, riducendo il consumo di energia.<br \/>\u2705 <strong>Isolamento termico<\/strong>: migliora il comfort interno mantenendo temperature stabili.<br \/>\u2705 <strong>Protezione UV<\/strong>: blocca i dannosi raggi UV, contribuendo a prevenire lo scolorimento di mobili e interni.<br \/>\u2705 <strong>Chiarezza ottica<\/strong>: mantiene un&#8217;elevata trasmissione della luce senza compromettere la visibilit\u00e0.<br \/>\u2705 <strong>Soluzione ecologica<\/strong>: contribuisce a pratiche edilizie sostenibili riducendo l&#8217;impronta di carbonio.<\/p>\n\t\t\t\t\t\t\t\t<\/div>\n\t\t\t\t<\/div>\n\t\t\t\t<div class=\"elementor-element elementor-element-9e1ab63 elementor-widget elementor-widget-heading\" data-id=\"9e1ab63\" data-element_type=\"widget\" data-e-type=\"widget\" data-widget_type=\"heading.default\">\n\t\t\t\t<div class=\"elementor-widget-container\">\n\t\t\t\t\t<h2 class=\"elementor-heading-title elementor-size-default\">VANTAGGI<\/h2>\t\t\t\t<\/div>\n\t\t\t\t<\/div>\n\t\t\t\t<div class=\"elementor-element elementor-element-1a367bf elementor-position-left elementor-vertical-align-middle elementor-widget elementor-widget-image-box\" data-id=\"1a367bf\" data-element_type=\"widget\" data-e-type=\"widget\" data-widget_type=\"image-box.default\">\n\t\t\t\t<div class=\"elementor-widget-container\">\n\t\t\t\t\t<div class=\"elementor-image-box-wrapper\"><figure class=\"elementor-image-box-img\"><img fetchpriority=\"high\" decoding=\"async\" width=\"1080\" height=\"1080\" src=\"https:\/\/tgrupcam.com\/wp-content\/uploads\/2025\/04\/low-emission-glass-1.jpg\" class=\"attachment-full size-full wp-image-1857\" alt=\"\" srcset=\"https:\/\/tgrupcam.com\/wp-content\/uploads\/2025\/04\/low-emission-glass-1.jpg 1080w, https:\/\/tgrupcam.com\/wp-content\/uploads\/2025\/04\/low-emission-glass-1-300x300.jpg 300w, https:\/\/tgrupcam.com\/wp-content\/uploads\/2025\/04\/low-emission-glass-1-1024x1024.jpg 1024w, https:\/\/tgrupcam.com\/wp-content\/uploads\/2025\/04\/low-emission-glass-1-150x150.jpg 150w, https:\/\/tgrupcam.com\/wp-content\/uploads\/2025\/04\/low-emission-glass-1-768x768.jpg 768w, https:\/\/tgrupcam.com\/wp-content\/uploads\/2025\/04\/low-emission-glass-1-650x650.jpg 650w\" sizes=\"(max-width: 1080px) 100vw, 1080px\" \/><\/figure><div class=\"elementor-image-box-content\"><h3 class=\"elementor-image-box-title\">Temperatura ottimale nelle stanze<\/h3><p class=\"elementor-image-box-description\">Temperatura interna ottimale per maggiore comfort ed efficienza energetica.<\/p><\/div><\/div>\t\t\t\t<\/div>\n\t\t\t\t<\/div>\n\t\t\t\t<div class=\"elementor-element elementor-element-0d52518 elementor-position-left elementor-vertical-align-middle elementor-widget elementor-widget-image-box\" data-id=\"0d52518\" data-element_type=\"widget\" data-e-type=\"widget\" data-widget_type=\"image-box.default\">\n\t\t\t\t<div class=\"elementor-widget-container\">\n\t\t\t\t\t<div class=\"elementor-image-box-wrapper\"><figure class=\"elementor-image-box-img\"><img decoding=\"async\" width=\"1080\" height=\"1080\" src=\"https:\/\/tgrupcam.com\/wp-content\/uploads\/2025\/04\/low-emission-glass-2.jpg\" class=\"attachment-full size-full wp-image-1868\" alt=\"\" srcset=\"https:\/\/tgrupcam.com\/wp-content\/uploads\/2025\/04\/low-emission-glass-2.jpg 1080w, https:\/\/tgrupcam.com\/wp-content\/uploads\/2025\/04\/low-emission-glass-2-300x300.jpg 300w, https:\/\/tgrupcam.com\/wp-content\/uploads\/2025\/04\/low-emission-glass-2-1024x1024.jpg 1024w, https:\/\/tgrupcam.com\/wp-content\/uploads\/2025\/04\/low-emission-glass-2-150x150.jpg 150w, https:\/\/tgrupcam.com\/wp-content\/uploads\/2025\/04\/low-emission-glass-2-768x768.jpg 768w, https:\/\/tgrupcam.com\/wp-content\/uploads\/2025\/04\/low-emission-glass-2-650x650.jpg 650w\" sizes=\"(max-width: 1080px) 100vw, 1080px\" \/><\/figure><div class=\"elementor-image-box-content\"><h3 class=\"elementor-image-box-title\">Elevato livello di trasmissione della luce<\/h3><p class=\"elementor-image-box-description\">Garantisce la massima luce naturale mantenendo chiarezza ed efficienza.<\/p><\/div><\/div>\t\t\t\t<\/div>\n\t\t\t\t<\/div>\n\t\t\t\t<div class=\"elementor-element elementor-element-2cd45d9 elementor-position-left elementor-vertical-align-middle elementor-widget elementor-widget-image-box\" data-id=\"2cd45d9\" data-element_type=\"widget\" data-e-type=\"widget\" data-widget_type=\"image-box.default\">\n\t\t\t\t<div class=\"elementor-widget-container\">\n\t\t\t\t\t<div class=\"elementor-image-box-wrapper\"><figure class=\"elementor-image-box-img\"><img decoding=\"async\" width=\"1080\" height=\"1080\" src=\"https:\/\/tgrupcam.com\/wp-content\/uploads\/2025\/04\/low-emission-glass-3.jpg\" class=\"attachment-full size-full wp-image-1879\" alt=\"\" srcset=\"https:\/\/tgrupcam.com\/wp-content\/uploads\/2025\/04\/low-emission-glass-3.jpg 1080w, https:\/\/tgrupcam.com\/wp-content\/uploads\/2025\/04\/low-emission-glass-3-300x300.jpg 300w, https:\/\/tgrupcam.com\/wp-content\/uploads\/2025\/04\/low-emission-glass-3-1024x1024.jpg 1024w, https:\/\/tgrupcam.com\/wp-content\/uploads\/2025\/04\/low-emission-glass-3-150x150.jpg 150w, https:\/\/tgrupcam.com\/wp-content\/uploads\/2025\/04\/low-emission-glass-3-768x768.jpg 768w, https:\/\/tgrupcam.com\/wp-content\/uploads\/2025\/04\/low-emission-glass-3-650x650.jpg 650w\" sizes=\"(max-width: 1080px) 100vw, 1080px\" \/><\/figure><div class=\"elementor-image-box-content\"><h3 class=\"elementor-image-box-title\">Ridurre i costi del riscaldamento<\/h3><p class=\"elementor-image-box-description\">Riduce al minimo la perdita di calore, riducendo il consumo di energia e i costi di riscaldamento.<\/p><\/div><\/div>\t\t\t\t<\/div>\n\t\t\t\t<\/div>\n\t\t\t\t\t<\/div>\n\t\t\t\t<\/div>\n\t\t<div class=\"elementor-element elementor-element-20f3f51 e-flex e-con-boxed e-con e-parent\" data-id=\"20f3f51\" data-element_type=\"container\" data-e-type=\"container\" data-settings=\"{&quot;background_background&quot;:&quot;classic&quot;,&quot;background_motion_fx_motion_fx_scrolling&quot;:&quot;yes&quot;,&quot;background_motion_fx_translateY_effect&quot;:&quot;yes&quot;,&quot;background_motion_fx_translateY_speed&quot;:{&quot;unit&quot;:&quot;px&quot;,&quot;size&quot;:4,&quot;sizes&quot;:[]},&quot;background_motion_fx_translateY_affectedRange&quot;:{&quot;unit&quot;:&quot;%&quot;,&quot;size&quot;:&quot;&quot;,&quot;sizes&quot;:{&quot;start&quot;:0,&quot;end&quot;:100}},&quot;background_motion_fx_devices&quot;:[&quot;desktop&quot;,&quot;tablet&quot;,&quot;mobile&quot;]}\">\n\t\t\t\t\t<div class=\"e-con-inner\">\n\t\t\t\t\t<\/div>\n\t\t\t\t<\/div>\n\t\t<div class=\"elementor-element elementor-element-03f8b6e e-flex e-con-boxed e-con e-parent\" data-id=\"03f8b6e\" data-element_type=\"container\" data-e-type=\"container\">\n\t\t\t\t\t<div class=\"e-con-inner\">\n\t\t<div class=\"elementor-element elementor-element-9ff8d85 e-con-full e-flex e-con e-child\" data-id=\"9ff8d85\" data-element_type=\"container\" data-e-type=\"container\">\n\t\t\t\t<div class=\"elementor-element elementor-element-8d346b3 elementor-widget elementor-widget-heading\" data-id=\"8d346b3\" data-element_type=\"widget\" data-e-type=\"widget\" data-widget_type=\"heading.default\">\n\t\t\t\t<div class=\"elementor-widget-container\">\n\t\t\t\t\t<h2 class=\"elementor-heading-title elementor-size-default\">In inverno<\/h2>\t\t\t\t<\/div>\n\t\t\t\t<\/div>\n\t\t\t\t<div class=\"elementor-element elementor-element-7c978cc elementor-widget elementor-widget-text-editor\" data-id=\"7c978cc\" data-element_type=\"widget\" data-e-type=\"widget\" data-widget_type=\"text-editor.default\">\n\t\t\t\t<div class=\"elementor-widget-container\">\n\t\t\t\t\t\t\t\t\t<p>La protezione termica \u00e8 la funzione principale delle vetrate utilizzate in finestre, facciate e facciate continue. Noi di <strong>T Grup Cam<\/strong> sviluppiamo costantemente <strong>vetri a bassa emissione (vetri Low-E)<\/strong> all&#8217;avanguardia in collaborazione con i nostri fornitori di fiducia. I nostri vetri ad alte prestazioni offrono un <strong>coefficiente di scambio termico eccezionalmente basso (Ug = 0,4 W\/m\u00b2K)<\/strong>, paragonabile ai livelli di isolamento delle pareti solide. Dite addio alle correnti d&#8217;aria fredda vicino alle finestre: i nostri vetri innovativi garantiscono il <strong>massimo comfort interno<\/strong> anche nei mesi pi\u00f9 freddi.<\/p>\n<p>Per chi desidera <strong>ridurre i costi di riscaldamento in inverno<\/strong> sfruttando l&#8217;<strong>apporto termico solare<\/strong> mantenendo al contempo un isolamento eccellente, i nostri <strong>vetri termoisolanti<\/strong> appositamente progettati offrono un <strong>coefficiente di apporto termico solare<\/strong> aumentato (g = 73%)<\/strong>. Ci\u00f2 consente a una maggiore quantit\u00e0 di calore naturale di penetrare nel tuo spazio senza compromettere l&#8217;efficienza energetica.<\/p>\n\t\t\t\t\t\t\t\t<\/div>\n\t\t\t\t<\/div>\n\t\t\t\t<\/div>\n\t\t<div class=\"elementor-element elementor-element-e7abccf e-con-full e-flex e-con e-child\" data-id=\"e7abccf\" data-element_type=\"container\" data-e-type=\"container\">\n\t\t\t\t<div class=\"elementor-element elementor-element-48ff9fd elementor-widget elementor-widget-heading\" data-id=\"48ff9fd\" data-element_type=\"widget\" data-e-type=\"widget\" data-widget_type=\"heading.default\">\n\t\t\t\t<div class=\"elementor-widget-container\">\n\t\t\t\t\t<h2 class=\"elementor-heading-title elementor-size-default\">In estate<\/h2>\t\t\t\t<\/div>\n\t\t\t\t<\/div>\n\t\t\t\t<div class=\"elementor-element elementor-element-b542b77 elementor-widget elementor-widget-text-editor\" data-id=\"b542b77\" data-element_type=\"widget\" data-e-type=\"widget\" data-widget_type=\"text-editor.default\">\n\t\t\t\t<div class=\"elementor-widget-container\">\n\t\t\t\t\t\t\t\t\t<p>In estate, il sole emette molta pi\u00f9 energia termica che in inverno, causando un surriscaldamento all&#8217;interno degli edifici, principalmente a causa del trasferimento di calore attraverso le finestre. L&#8217;efficacia della protezione contro il surriscaldamento \u00e8 misurata dal <strong>coefficiente di guadagno termico solare (valore g)<\/strong>: pi\u00f9 basso \u00e8 il valore, migliore \u00e8 la protezione.<\/p>\n<p>Noi di <strong>T Grup Cam<\/strong> offriamo <strong>vetri termoisolanti ad alte prestazioni<\/strong> che contribuiscono a ridurre al minimo l&#8217;<strong>aumento di calore indesiderato<\/strong> con un <strong>valore g<\/strong> del 37%<\/strong>, riducendo efficacemente il surriscaldamento interno. Precedentemente riservata ad applicazioni di facciate di grandi dimensioni, questa tecnologia avanzata \u00e8 ora disponibile per <strong>edifici residenziali e spazi commerciali<\/strong>.<\/p>\n<p>Scegliendo i nostri <strong>vetri a controllo solare<\/strong>, puoi <strong>migliorare il comfort termico interno riducendo al contempo i costi di raffreddamento<\/strong>. \u00c8 fondamentale notare che le spese per l&#8217;aria condizionata sono generalmente pi\u00f9 elevate di quelle per il riscaldamento, rendendo le soluzioni di vetratura efficienti un investimento fondamentale per il risparmio energetico.<\/p>\n\t\t\t\t\t\t\t\t<\/div>\n\t\t\t\t<\/div>\n\t\t\t\t<\/div>\n\t\t\t\t\t<\/div>\n\t\t\t\t<\/div>\n\t\t<div class=\"elementor-element elementor-element-91e626a e-flex e-con-boxed e-con e-parent\" data-id=\"91e626a\" data-element_type=\"container\" data-e-type=\"container\" data-settings=\"{&quot;background_background&quot;:&quot;classic&quot;}\">\n\t\t\t\t\t<div class=\"e-con-inner\">\n\t\t\t\t<div class=\"elementor-element elementor-element-45661c3 elementor-widget elementor-widget-heading\" data-id=\"45661c3\" data-element_type=\"widget\" data-e-type=\"widget\" data-widget_type=\"heading.default\">\n\t\t\t\t<div class=\"elementor-widget-container\">\n\t\t\t\t\t<h2 class=\"elementor-heading-title elementor-size-default\">Gamma di parametri dei vetri offerti<\/h2>\t\t\t\t<\/div>\n\t\t\t\t<\/div>\n\t\t\t\t<div class=\"elementor-element elementor-element-c868c7c elementor-widget elementor-widget-text-editor\" data-id=\"c868c7c\" data-element_type=\"widget\" data-e-type=\"widget\" data-widget_type=\"text-editor.default\">\n\t\t\t\t<div class=\"elementor-widget-container\">\n\t\t\t\t\t\t\t\t\t<table border=\"0\" cellspacing=\"0\" cellpadding=\"0\">\n<tbody>\n<tr>\n<td><strong>Ug EN 673 [W\/m<sup>2<\/sup>K]<\/strong><\/td>\n<td><strong>g [%]<\/strong><\/td>\n<td><strong>Lt [%]<\/strong><\/td>\n<\/tr>\n<tr>\n<td>0,4 \u2013 1,3<\/td>\n<td>37-73<\/td>\n<td>55-82<\/td>\n<\/tr>\n<\/tbody>\n<\/table>\n\t\t\t\t\t\t\t\t<\/div>\n\t\t\t\t<\/div>\n\t\t\t\t\t<\/div>\n\t\t\t\t<\/div>\n\t\t<div class=\"elementor-element elementor-element-3e1ec8a e-flex e-con-boxed e-con e-parent\" data-id=\"3e1ec8a\" data-element_type=\"container\" data-e-type=\"container\">\n\t\t\t\t\t<div class=\"e-con-inner\">\n\t\t\t\t<div class=\"elementor-element elementor-element-f747a2c elementor-widget elementor-widget-heading\" data-id=\"f747a2c\" data-element_type=\"widget\" data-e-type=\"widget\" data-widget_type=\"heading.default\">\n\t\t\t\t<div class=\"elementor-widget-container\">\n\t\t\t\t\t<h2 class=\"elementor-heading-title elementor-size-default\">COSA POSSIAMO OFFRIRE<\/h2>\t\t\t\t<\/div>\n\t\t\t\t<\/div>\n\t\t\t\t<div class=\"elementor-element elementor-element-5c1a6a1 elementor-widget elementor-widget-text-editor\" data-id=\"5c1a6a1\" data-element_type=\"widget\" data-e-type=\"widget\" data-widget_type=\"text-editor.default\">\n\t\t\t\t<div class=\"elementor-widget-container\">\n\t\t\t\t\t\t\t\t\t<table class=\"tabela-pion-inner-border\" width=\"523\" cellspacing=\"0\" cellpadding=\"0\">\n<tbody>\n<tr>\n<td><strong>Progetto [mm] T-thermofloat<\/strong><\/td>\n<td><strong>LT [%]<\/strong><\/td>\n<td><strong>LR [%]<\/strong><\/td>\n<td><strong>g [%]<\/strong><\/td>\n<td><strong>U<sub>g<\/sub>\u00a0EN 673<\/strong><center><strong>[W\/ m<sup>2<\/sup>K]<\/strong><\/center><\/td>\n<\/tr>\n<tr>\n<td>4T 1,0\/12Kr\/4\/12Kr\/4T 1,0<\/td>\n<td rowspan=\"5\">\n<div>58-73<\/div>\n<\/td>\n<td rowspan=\"5\">\n<div>18-32<\/div>\n<\/td>\n<td rowspan=\"5\">\n<div>37-50<\/div>\n<\/td>\n<td>\n<div>0,4<\/div>\n<\/td>\n<\/tr>\n<tr>\n<td>4T 1,0\/10Kr\/4\/10Kr\/4T 1,0<\/td>\n<td>\n<div>0,5<\/div>\n<\/td>\n<\/tr>\n<tr>\n<td>4T 1,0\/16Ar\/4\/16Ar\/4T 1,0<\/td>\n<td>\n<div>0,5<\/div>\n<\/td>\n<\/tr>\n<tr>\n<td>4T 1,0\/12Ar\/4\/14Ar\/4T 1,0<\/td>\n<td>\n<div>0,6<\/div>\n<\/td>\n<\/tr>\n<tr>\n<td>4T 1,0\/10Ar\/4\/12Ar\/4T 1,0<\/td>\n<td>\n<div>0,7<\/div>\n<\/td>\n<\/tr>\n<tr>\n<td>4T 1,1\/12Kr\/4\/12Kr\/4T 1,1<\/td>\n<td rowspan=\"7\">73-75<\/td>\n<td rowspan=\"7\">14-17<\/td>\n<td rowspan=\"7\">52-55<\/td>\n<td>\n<div>0,5<\/div>\n<\/td>\n<\/tr>\n<tr>\n<td>4T 1,1\/18Ar\/4\/18Ar\/4T 1,1<\/td>\n<td>\n<div>0,5<\/div>\n<\/td>\n<\/tr>\n<tr>\n<td>4T 1,1\/10Kr\/4\/10Kr\/4T 1,1<\/td>\n<td>\n<div>0,6<\/div>\n<\/td>\n<\/tr>\n<tr>\n<td>4T 1,1\/16Ar\/4\/16Ar\/4T 1,1<\/td>\n<td>\n<div>0,6<\/div>\n<\/td>\n<\/tr>\n<tr>\n<td>4T 1,1\/14Ar\/4\/14Ar\/4T 1,1<\/td>\n<td>\n<div>0,6<\/div>\n<\/td>\n<\/tr>\n<tr>\n<td>4T 1,1\/12Ar\/4\/12Ar\/4T 1,1<\/td>\n<td>\n<div>0,7<\/div>\n<\/td>\n<\/tr>\n<tr>\n<td>4T 1,1\/10Ar\/4\/10Ar\/4T 1,1<\/td>\n<td>\n<div>0,8<\/div>\n<\/td>\n<\/tr>\n<tr>\n<td>4\/16Ar\/4T 1,0<\/td>\n<td rowspan=\"2\">\n<div>71-81<\/div>\n<\/td>\n<td rowspan=\"2\">\n<div>14-22<\/div>\n<\/td>\n<td rowspan=\"2\">\n<div>50-61<\/div>\n<\/td>\n<td>\n<div>1,0<\/div>\n<\/td>\n<\/tr>\n<tr>\n<td>4\/10-14Kr\/4T 1,0<\/td>\n<td>\n<div>1,0<\/div>\n<\/td>\n<\/tr>\n<tr>\n<td>4\/10Kr\/4T 1,1<\/td>\n<td rowspan=\"2\">\n<div>81-82<\/div>\n<\/td>\n<td rowspan=\"2\">\n<div>12-13<\/div>\n<\/td>\n<td rowspan=\"2\">\n<div>63-66<\/div>\n<\/td>\n<td>\n<div>1,0<\/div>\n<\/td>\n<\/tr>\n<tr>\n<td>4\/15-20Ar\/4T 1,1<\/td>\n<td>\n<div>1,1<\/div>\n<\/td>\n<\/tr>\n<\/tbody>\n<\/table>\n\t\t\t\t\t\t\t\t<\/div>\n\t\t\t\t<\/div>\n\t\t\t\t\t<\/div>\n\t\t\t\t<\/div>\n\t\t<div class=\"elementor-element elementor-element-4f90ef5 e-flex e-con-boxed e-con e-parent\" data-id=\"4f90ef5\" data-element_type=\"container\" data-e-type=\"container\" data-settings=\"{&quot;background_background&quot;:&quot;classic&quot;,&quot;background_motion_fx_motion_fx_scrolling&quot;:&quot;yes&quot;,&quot;background_motion_fx_translateY_effect&quot;:&quot;yes&quot;,&quot;background_motion_fx_translateY_speed&quot;:{&quot;unit&quot;:&quot;px&quot;,&quot;size&quot;:4,&quot;sizes&quot;:[]},&quot;background_motion_fx_translateY_affectedRange&quot;:{&quot;unit&quot;:&quot;%&quot;,&quot;size&quot;:&quot;&quot;,&quot;sizes&quot;:{&quot;start&quot;:0,&quot;end&quot;:100}},&quot;background_motion_fx_devices&quot;:[&quot;desktop&quot;,&quot;tablet&quot;,&quot;mobile&quot;]}\">\n\t\t\t\t\t<div class=\"e-con-inner\">\n\t\t\t\t<div class=\"elementor-element elementor-element-570499b elementor-widget elementor-widget-heading\" data-id=\"570499b\" data-element_type=\"widget\" data-e-type=\"widget\" data-widget_type=\"heading.default\">\n\t\t\t\t<div class=\"elementor-widget-container\">\n\t\t\t\t\t<h2 class=\"elementor-heading-title elementor-size-default\">Modifichiamo costantemente i nostri processi produttivi e cambiamo le nostre abitudini per limitare gli effetti negativi sull'ambiente.<\/h2>\t\t\t\t<\/div>\n\t\t\t\t<\/div>\n\t\t\t\t<div class=\"elementor-element elementor-element-b826612 elementor-widget elementor-widget-text-editor\" data-id=\"b826612\" data-element_type=\"widget\" data-e-type=\"widget\" data-widget_type=\"text-editor.default\">\n\t\t\t\t<div class=\"elementor-widget-container\">\n\t\t\t\t\t\t\t\t\t<p>Per agevolare i cambiamenti, abbiamo adottato ISO 14001, il sistema di gestione mondiale per la protezione ambientale.<\/p>\n\t\t\t\t\t\t\t\t<\/div>\n\t\t\t\t<\/div>\n\t\t\t\t<div class=\"elementor-element elementor-element-d353f96 elementor-align-center elementor-widget elementor-widget-button\" data-id=\"d353f96\" data-element_type=\"widget\" data-e-type=\"widget\" data-widget_type=\"button.default\">\n\t\t\t\t<div class=\"elementor-widget-container\">\n\t\t\t\t\t\t\t\t\t<div class=\"elementor-button-wrapper\">\n\t\t\t\t\t<a class=\"elementor-button elementor-button-link elementor-size-sm\" href=\"https:\/\/tgrupcam.com\/index.php\/contatto\/?lang=it\">\n\t\t\t\t\t\t<span class=\"elementor-button-content-wrapper\">\n\t\t\t\t\t\t\t\t\t<span class=\"elementor-button-text\">Contattaci<\/span>\n\t\t\t\t\t<\/span>\n\t\t\t\t\t<\/a>\n\t\t\t\t<\/div>\n\t\t\t\t\t\t\t\t<\/div>\n\t\t\t\t<\/div>\n\t\t\t\t\t<\/div>\n\t\t\t\t<\/div>\n\t\t\t\t<\/div>\n\t\t","protected":false},"excerpt":{"rendered":"<p>VETRO A BASSA EMISSIONE INFORMAZIONI SUL VETRO A BASSA EMISSIONE Il vetro a bassa emissione (vetro Low-E) di T Grup Cam \u00e8 progettato per migliorare l&#8217;efficienza energetica, l&#8217;isolamento termico e il comfort interno negli edifici moderni. Questo vetro ad alte prestazioni presenta un rivestimento trasparente microscopicamente sottile che riduce al minimo il trasferimento di calore, [&hellip;]<\/p>\n","protected":false},"author":1,"featured_media":0,"parent":2467,"menu_order":0,"comment_status":"closed","ping_status":"closed","template":"elementor_header_footer","meta":{"footnotes":""},"class_list":["post-2950","page","type-page","status-publish","hentry"],"_links":{"self":[{"href":"https:\/\/tgrupcam.com\/index.php\/wp-json\/wp\/v2\/pages\/2950","targetHints":{"allow":["GET"]}}],"collection":[{"href":"https:\/\/tgrupcam.com\/index.php\/wp-json\/wp\/v2\/pages"}],"about":[{"href":"https:\/\/tgrupcam.com\/index.php\/wp-json\/wp\/v2\/types\/page"}],"author":[{"embeddable":true,"href":"https:\/\/tgrupcam.com\/index.php\/wp-json\/wp\/v2\/users\/1"}],"replies":[{"embeddable":true,"href":"https:\/\/tgrupcam.com\/index.php\/wp-json\/wp\/v2\/comments?post=2950"}],"version-history":[{"count":0,"href":"https:\/\/tgrupcam.com\/index.php\/wp-json\/wp\/v2\/pages\/2950\/revisions"}],"up":[{"embeddable":true,"href":"https:\/\/tgrupcam.com\/index.php\/wp-json\/wp\/v2\/pages\/2467"}],"wp:attachment":[{"href":"https:\/\/tgrupcam.com\/index.php\/wp-json\/wp\/v2\/media?parent=2950"}],"curies":[{"name":"wp","href":"https:\/\/api.w.org\/{rel}","templated":true}]}}