{"id":2952,"date":"2025-02-05T11:48:47","date_gmt":"2025-02-05T08:48:47","guid":{"rendered":"https:\/\/tgrupcam.com\/index.php\/piaci-ajanlat\/uvegezett-egysegek\/alacsony-kibocsatasu-uveg\/"},"modified":"2025-06-03T17:46:09","modified_gmt":"2025-06-03T14:46:09","slug":"alacsony-kibocsatasu-uveg","status":"publish","type":"page","link":"https:\/\/tgrupcam.com\/index.php\/piaci-ajanlat\/uvegezett-egysegek\/alacsony-kibocsatasu-uveg\/?lang=hu","title":{"rendered":"Alacsony kibocs\u00e1t\u00e1s\u00fa \u00fcveg"},"content":{"rendered":"\t\t<div data-elementor-type=\"wp-page\" data-elementor-id=\"2952\" class=\"elementor elementor-2952 elementor-24\" data-elementor-post-type=\"page\">\n\t\t\t\t<div class=\"elementor-element elementor-element-c1800a5 e-con-full e-flex e-con e-parent\" data-id=\"c1800a5\" data-element_type=\"container\" data-e-type=\"container\" data-settings=\"{&quot;background_background&quot;:&quot;classic&quot;,&quot;shape_divider_bottom&quot;:&quot;opacity-fan&quot;}\">\n\t\t\t\t<div class=\"elementor-shape elementor-shape-bottom\" aria-hidden=\"true\" data-negative=\"false\">\n\t\t\t<svg xmlns=\"http:\/\/www.w3.org\/2000\/svg\" viewBox=\"0 0 283.5 19.6\" preserveAspectRatio=\"none\">\n\t<path class=\"elementor-shape-fill\" style=\"opacity:0.33\" d=\"M0 0L0 18.8 141.8 4.1 283.5 18.8 283.5 0z\"\/>\n\t<path class=\"elementor-shape-fill\" style=\"opacity:0.33\" d=\"M0 0L0 12.6 141.8 4 283.5 12.6 283.5 0z\"\/>\n\t<path class=\"elementor-shape-fill\" style=\"opacity:0.33\" d=\"M0 0L0 6.4 141.8 4 283.5 6.4 283.5 0z\"\/>\n\t<path class=\"elementor-shape-fill\" d=\"M0 0L0 1.2 141.8 4 283.5 1.2 283.5 0z\"\/>\n<\/svg>\t\t<\/div>\n\t\t\t\t<div class=\"elementor-element elementor-element-bbd4e26 elementor-widget elementor-widget-heading\" data-id=\"bbd4e26\" data-element_type=\"widget\" data-e-type=\"widget\" data-widget_type=\"heading.default\">\n\t\t\t\t<div class=\"elementor-widget-container\">\n\t\t\t\t\t<h2 class=\"elementor-heading-title elementor-size-default\">Alacsony kibocs\u00e1t\u00e1s\u00fa \u00fcveg<\/h2>\t\t\t\t<\/div>\n\t\t\t\t<\/div>\n\t\t\t\t<\/div>\n\t\t<div class=\"elementor-element elementor-element-6b63f22 e-flex e-con-boxed e-con e-parent\" data-id=\"6b63f22\" data-element_type=\"container\" data-e-type=\"container\">\n\t\t\t\t\t<div class=\"e-con-inner\">\n\t\t\t\t<div class=\"elementor-element elementor-element-b245c7f elementor-widget elementor-widget-heading\" data-id=\"b245c7f\" data-element_type=\"widget\" data-e-type=\"widget\" data-widget_type=\"heading.default\">\n\t\t\t\t<div class=\"elementor-widget-container\">\n\t\t\t\t\t<h2 class=\"elementor-heading-title elementor-size-default\">AZ ALACSONY KIBOCS\u00c1T\u00c1S\u00da \u00dcVEGEKR\u0150L<\/h2>\t\t\t\t<\/div>\n\t\t\t\t<\/div>\n\t\t\t\t<div class=\"elementor-element elementor-element-95bbaf8 elementor-widget elementor-widget-text-editor\" data-id=\"95bbaf8\" data-element_type=\"widget\" data-e-type=\"widget\" data-widget_type=\"text-editor.default\">\n\t\t\t\t<div class=\"elementor-widget-container\">\n\t\t\t\t\t\t\t\t\t<p>A <\/p>\n<p><strong>T Grup Cam<\/strong> <strong>alacsony kibocs\u00e1t\u00e1s\u00fa \u00fcveg\u00e9t (Low-E Glass)<\/strong> \u00fagy tervezt\u00e9k, hogy jav\u00edtsa az <strong>energiahat\u00e9konys\u00e1got, a h\u0151szigetel\u00e9st \u00e9s a belt\u00e9ri komfortot<\/strong> a modern \u00e9p\u00fcletekben. Ez a nagy teljes\u00edtm\u00e9ny\u0171 \u00fcveg **mikroszkopikusan v\u00e9kony, \u00e1tl\u00e1tsz\u00f3 bevonattal** rendelkezik, amely minimaliz\u00e1lja a h\u0151\u00e1tad\u00e1st, mik\u00f6zben \u00e1tengedi a term\u00e9szetes f\u00e9nyt.**<\/p>\n<p><strong>El\u0151ny\u00f6k:**<\/strong><\/p>\n<p>\u2705 <strong>Energiahat\u00e9konys\u00e1g** \u2013 Cs\u00f6kkenti a h\u0151vesztes\u00e9get t\u00e9len \u00e9s minimaliz\u00e1lja a h\u0151n\u00f6veked\u00e9st ny\u00e1ron, ez\u00e1ltal cs\u00f6kkentve az energiafogyaszt\u00e1st.**<br \/>\u2705 <strong>H\u0151szigetel\u00e9s** \u2013 N\u00f6veli a belt\u00e9ri komfortot a stabil h\u0151m\u00e9rs\u00e9klet fenntart\u00e1s\u00e1val.**<br \/>\u2705 <strong>UV-v\u00e9delem** \u2013 Blokkolja a k\u00e1ros UV-sugarakat, seg\u00edtve megel\u0151zni a b\u00fatorok \u00e9s a bels\u0151 terek fakul\u00e1s\u00e1t.**<br \/>\u2705 <strong>Optikai tisztas\u00e1g** \u2013 Magas f\u00e9ny\u00e1tereszt\u0151 k\u00e9pess\u00e9get biztos\u00edt a l\u00e1that\u00f3s\u00e1g fel\u00e1ldoz\u00e1sa n\u00e9lk\u00fcl.**<br \/>\u2705 <strong>K\u00f6rnyezetbar\u00e1t megold\u00e1s** \u2013 Hozz\u00e1j\u00e1rul a fenntarthat\u00f3 \u00e9p\u00edt\u00e9si gyakorlathoz a sz\u00e9nl\u00e1bnyom cs\u00f6kkent\u00e9s\u00e9vel.<\/p>\n\t\t\t\t\t\t\t\t<\/div>\n\t\t\t\t<\/div>\n\t\t\t\t<div class=\"elementor-element elementor-element-9e1ab63 elementor-widget elementor-widget-heading\" data-id=\"9e1ab63\" data-element_type=\"widget\" data-e-type=\"widget\" data-widget_type=\"heading.default\">\n\t\t\t\t<div class=\"elementor-widget-container\">\n\t\t\t\t\t<h2 class=\"elementor-heading-title elementor-size-default\">EL\u0150NY\u00d6K<\/h2>\t\t\t\t<\/div>\n\t\t\t\t<\/div>\n\t\t\t\t<div class=\"elementor-element elementor-element-1a367bf elementor-position-left elementor-vertical-align-middle elementor-widget elementor-widget-image-box\" data-id=\"1a367bf\" data-element_type=\"widget\" data-e-type=\"widget\" data-widget_type=\"image-box.default\">\n\t\t\t\t<div class=\"elementor-widget-container\">\n\t\t\t\t\t<div class=\"elementor-image-box-wrapper\"><figure class=\"elementor-image-box-img\"><img fetchpriority=\"high\" decoding=\"async\" width=\"1080\" height=\"1080\" src=\"https:\/\/tgrupcam.com\/wp-content\/uploads\/2025\/04\/low-emission-glass-1.jpg\" class=\"attachment-full size-full wp-image-1856\" alt=\"\" srcset=\"https:\/\/tgrupcam.com\/wp-content\/uploads\/2025\/04\/low-emission-glass-1.jpg 1080w, https:\/\/tgrupcam.com\/wp-content\/uploads\/2025\/04\/low-emission-glass-1-300x300.jpg 300w, https:\/\/tgrupcam.com\/wp-content\/uploads\/2025\/04\/low-emission-glass-1-1024x1024.jpg 1024w, https:\/\/tgrupcam.com\/wp-content\/uploads\/2025\/04\/low-emission-glass-1-150x150.jpg 150w, https:\/\/tgrupcam.com\/wp-content\/uploads\/2025\/04\/low-emission-glass-1-768x768.jpg 768w, https:\/\/tgrupcam.com\/wp-content\/uploads\/2025\/04\/low-emission-glass-1-650x650.jpg 650w\" sizes=\"(max-width: 1080px) 100vw, 1080px\" \/><\/figure><div class=\"elementor-image-box-content\"><h3 class=\"elementor-image-box-title\">Optim\u00e1lis h\u0151m\u00e9rs\u00e9klet a szob\u00e1kban<\/h3><p class=\"elementor-image-box-description\">Optim\u00e1lis belt\u00e9ri h\u0151m\u00e9rs\u00e9klet a fokozott k\u00e9nyelem \u00e9s energiahat\u00e9konys\u00e1g \u00e9rdek\u00e9ben.<\/p><\/div><\/div>\t\t\t\t<\/div>\n\t\t\t\t<\/div>\n\t\t\t\t<div class=\"elementor-element elementor-element-0d52518 elementor-position-left elementor-vertical-align-middle elementor-widget elementor-widget-image-box\" data-id=\"0d52518\" data-element_type=\"widget\" data-e-type=\"widget\" data-widget_type=\"image-box.default\">\n\t\t\t\t<div class=\"elementor-widget-container\">\n\t\t\t\t\t<div class=\"elementor-image-box-wrapper\"><figure class=\"elementor-image-box-img\"><img decoding=\"async\" width=\"1080\" height=\"1080\" src=\"https:\/\/tgrupcam.com\/wp-content\/uploads\/2025\/04\/low-emission-glass-2.jpg\" class=\"attachment-full size-full wp-image-1867\" alt=\"\" srcset=\"https:\/\/tgrupcam.com\/wp-content\/uploads\/2025\/04\/low-emission-glass-2.jpg 1080w, https:\/\/tgrupcam.com\/wp-content\/uploads\/2025\/04\/low-emission-glass-2-300x300.jpg 300w, https:\/\/tgrupcam.com\/wp-content\/uploads\/2025\/04\/low-emission-glass-2-1024x1024.jpg 1024w, https:\/\/tgrupcam.com\/wp-content\/uploads\/2025\/04\/low-emission-glass-2-150x150.jpg 150w, https:\/\/tgrupcam.com\/wp-content\/uploads\/2025\/04\/low-emission-glass-2-768x768.jpg 768w, https:\/\/tgrupcam.com\/wp-content\/uploads\/2025\/04\/low-emission-glass-2-650x650.jpg 650w\" sizes=\"(max-width: 1080px) 100vw, 1080px\" \/><\/figure><div class=\"elementor-image-box-content\"><h3 class=\"elementor-image-box-title\">Magas szint\u0171 f\u00e9ny\u00e1tereszt\u00e9s<\/h3><p class=\"elementor-image-box-description\">Biztos\u00edtja a maxim\u00e1lis term\u00e9szetes f\u00e9nyt, mik\u00f6zben meg\u0151rzi a tisztas\u00e1got \u00e9s a hat\u00e9konys\u00e1got.<\/p><\/div><\/div>\t\t\t\t<\/div>\n\t\t\t\t<\/div>\n\t\t\t\t<div class=\"elementor-element elementor-element-2cd45d9 elementor-position-left elementor-vertical-align-middle elementor-widget elementor-widget-image-box\" data-id=\"2cd45d9\" data-element_type=\"widget\" data-e-type=\"widget\" data-widget_type=\"image-box.default\">\n\t\t\t\t<div class=\"elementor-widget-container\">\n\t\t\t\t\t<div class=\"elementor-image-box-wrapper\"><figure class=\"elementor-image-box-img\"><img decoding=\"async\" width=\"1080\" height=\"1080\" src=\"https:\/\/tgrupcam.com\/wp-content\/uploads\/2025\/04\/low-emission-glass-3.jpg\" class=\"attachment-full size-full wp-image-1878\" alt=\"\" srcset=\"https:\/\/tgrupcam.com\/wp-content\/uploads\/2025\/04\/low-emission-glass-3.jpg 1080w, https:\/\/tgrupcam.com\/wp-content\/uploads\/2025\/04\/low-emission-glass-3-300x300.jpg 300w, https:\/\/tgrupcam.com\/wp-content\/uploads\/2025\/04\/low-emission-glass-3-1024x1024.jpg 1024w, https:\/\/tgrupcam.com\/wp-content\/uploads\/2025\/04\/low-emission-glass-3-150x150.jpg 150w, https:\/\/tgrupcam.com\/wp-content\/uploads\/2025\/04\/low-emission-glass-3-768x768.jpg 768w, https:\/\/tgrupcam.com\/wp-content\/uploads\/2025\/04\/low-emission-glass-3-650x650.jpg 650w\" sizes=\"(max-width: 1080px) 100vw, 1080px\" \/><\/figure><div class=\"elementor-image-box-content\"><h3 class=\"elementor-image-box-title\">A f\u0171t\u00e9s k\u00f6lts\u00e9geinek cs\u00f6kkent\u00e9se<\/h3><p class=\"elementor-image-box-description\">Minimaliz\u00e1lja a h\u0151vesztes\u00e9get, cs\u00f6kkenti az energiafogyaszt\u00e1st \u00e9s a f\u0171t\u00e9si k\u00f6lts\u00e9geket.<\/p><\/div><\/div>\t\t\t\t<\/div>\n\t\t\t\t<\/div>\n\t\t\t\t\t<\/div>\n\t\t\t\t<\/div>\n\t\t<div class=\"elementor-element elementor-element-20f3f51 e-flex e-con-boxed e-con e-parent\" data-id=\"20f3f51\" data-element_type=\"container\" data-e-type=\"container\" data-settings=\"{&quot;background_background&quot;:&quot;classic&quot;,&quot;background_motion_fx_motion_fx_scrolling&quot;:&quot;yes&quot;,&quot;background_motion_fx_translateY_effect&quot;:&quot;yes&quot;,&quot;background_motion_fx_translateY_speed&quot;:{&quot;unit&quot;:&quot;px&quot;,&quot;size&quot;:4,&quot;sizes&quot;:[]},&quot;background_motion_fx_translateY_affectedRange&quot;:{&quot;unit&quot;:&quot;%&quot;,&quot;size&quot;:&quot;&quot;,&quot;sizes&quot;:{&quot;start&quot;:0,&quot;end&quot;:100}},&quot;background_motion_fx_devices&quot;:[&quot;desktop&quot;,&quot;tablet&quot;,&quot;mobile&quot;]}\">\n\t\t\t\t\t<div class=\"e-con-inner\">\n\t\t\t\t\t<\/div>\n\t\t\t\t<\/div>\n\t\t<div class=\"elementor-element elementor-element-03f8b6e e-flex e-con-boxed e-con e-parent\" data-id=\"03f8b6e\" data-element_type=\"container\" data-e-type=\"container\">\n\t\t\t\t\t<div class=\"e-con-inner\">\n\t\t<div class=\"elementor-element elementor-element-9ff8d85 e-con-full e-flex e-con e-child\" data-id=\"9ff8d85\" data-element_type=\"container\" data-e-type=\"container\">\n\t\t\t\t<div class=\"elementor-element elementor-element-8d346b3 elementor-widget elementor-widget-heading\" data-id=\"8d346b3\" data-element_type=\"widget\" data-e-type=\"widget\" data-widget_type=\"heading.default\">\n\t\t\t\t<div class=\"elementor-widget-container\">\n\t\t\t\t\t<h2 class=\"elementor-heading-title elementor-size-default\">T\u00e9len<\/h2>\t\t\t\t<\/div>\n\t\t\t\t<\/div>\n\t\t\t\t<div class=\"elementor-element elementor-element-7c978cc elementor-widget elementor-widget-text-editor\" data-id=\"7c978cc\" data-element_type=\"widget\" data-e-type=\"widget\" data-widget_type=\"text-editor.default\">\n\t\t\t\t<div class=\"elementor-widget-container\">\n\t\t\t\t\t\t\t\t\t<p>A h\u0151v\u00e9delem az ablakokban, homlokzatokban \u00e9s f\u00fcgg\u00f6nyfalakban haszn\u00e1lt \u00fcvegez\u00e9s els\u0151dleges funkci\u00f3ja. A <strong>T Grup Cam<\/strong>-n\u00e1l folyamatosan fejlesztj\u00fck a <strong>fejlett alacsony kibocs\u00e1t\u00e1s\u00fa \u00fcvegeket (Low-E Glass)<\/strong> megb\u00edzhat\u00f3 besz\u00e1ll\u00edt\u00f3inkkal egy\u00fcttm\u0171k\u00f6dve. Nagy teljes\u00edtm\u00e9ny\u0171 \u00fcvegeink <strong>kiv\u00e9telesen alacsony h\u0151\u00e1tad\u00e1si egy\u00fctthat\u00f3t (Ug = 0,4 W\/m\u00b2K)<\/strong> k\u00edn\u00e1lnak, amely \u00f6sszehasonl\u00edthat\u00f3 a t\u00f6m\u00f6r falak szigetel\u00e9si szintj\u00e9vel. B\u00facs\u00fat inthet a hideg huzatnak az ablakai k\u00f6zel\u00e9ben \u2013 innovat\u00edv \u00fcvegeink <strong>maxim\u00e1lis belt\u00e9ri k\u00e9nyelmet<\/strong> biztos\u00edtanak m\u00e9g a leghidegebb h\u00f3napokban is.<\/p>\n<p>Azok sz\u00e1m\u00e1ra, akik <strong>t\u00e9len cs\u00f6kkenteni szeretn\u00e9k a f\u0171t\u00e9si k\u00f6lts\u00e9geket<\/strong> a napf\u00e9nyb\u0151l sz\u00e1rmaz\u00f3 <strong>h\u0151nyeres\u00e9g<\/strong> kihaszn\u00e1l\u00e1s\u00e1val, mik\u00f6zben kiv\u00e1l\u00f3 szigetel\u00e9st biztos\u00edtanak, speci\u00e1lisan tervezett <strong>h\u0151szigetel\u0151 \u00fcvegeink<\/strong> megn\u00f6velt <strong>napenergia-nyeres\u00e9g-egy\u00fctthat\u00f3t (g = 73%)<\/strong> k\u00edn\u00e1lnak. Ez lehet\u0151v\u00e9 teszi, hogy t\u00f6bb term\u00e9szetes meleg jusson be a t\u00e9rbe az energiahat\u00e9konys\u00e1g fel\u00e1ldoz\u00e1sa n\u00e9lk\u00fcl.<\/p>\n\t\t\t\t\t\t\t\t<\/div>\n\t\t\t\t<\/div>\n\t\t\t\t<\/div>\n\t\t<div class=\"elementor-element elementor-element-e7abccf e-con-full e-flex e-con e-child\" data-id=\"e7abccf\" data-element_type=\"container\" data-e-type=\"container\">\n\t\t\t\t<div class=\"elementor-element elementor-element-48ff9fd elementor-widget elementor-widget-heading\" data-id=\"48ff9fd\" data-element_type=\"widget\" data-e-type=\"widget\" data-widget_type=\"heading.default\">\n\t\t\t\t<div class=\"elementor-widget-container\">\n\t\t\t\t\t<h2 class=\"elementor-heading-title elementor-size-default\">Ny\u00e1ron<\/h2>\t\t\t\t<\/div>\n\t\t\t\t<\/div>\n\t\t\t\t<div class=\"elementor-element elementor-element-b542b77 elementor-widget elementor-widget-text-editor\" data-id=\"b542b77\" data-element_type=\"widget\" data-e-type=\"widget\" data-widget_type=\"text-editor.default\">\n\t\t\t\t<div class=\"elementor-widget-container\">\n\t\t\t\t\t\t\t\t\t<p>Ny\u00e1ron a nap l\u00e9nyegesen t\u00f6bb h\u0151energi\u00e1t bocs\u00e1t ki, mint t\u00e9len, ami <strong>az \u00e9p\u00fcletek t\u00falmeleged\u00e9s\u00e9hez<\/strong> vezet, els\u0151sorban az ablakokon kereszt\u00fcli h\u0151\u00e1tad\u00e1s miatt. A t\u00falmeleged\u00e9s elleni v\u00e9delem hat\u00e9konys\u00e1g\u00e1t a <strong>napenergia-nyeres\u00e9g egy\u00fctthat\u00f3val (g-\u00e9rt\u00e9k)<\/strong> m\u00e9rik \u2013 min\u00e9l alacsonyabb az \u00e9rt\u00e9k, ann\u00e1l jobb a v\u00e9delem.<\/p>\n<p>A <strong>T Grup Cam<\/strong>-n\u00e1l <strong>nagy teljes\u00edtm\u00e9ny\u0171 h\u0151szigetel\u0151 \u00fcveget<\/strong> k\u00edn\u00e1lunk, amely 37%-os <strong>g-\u00e9rt\u00e9k\u00e9vel<\/strong> seg\u00edt minimaliz\u00e1lni a <strong>nem k\u00edv\u00e1nt h\u0151nyeres\u00e9get<\/strong>, hat\u00e9konyan cs\u00f6kkentve a belt\u00e9ri t\u00falmeleged\u00e9st. Kor\u00e1bban nagym\u00e9ret\u0171 <strong>homlokzati alkalmaz\u00e1sokhoz<\/strong> volt fenntartva, ez a fejlett technol\u00f3gia mostant\u00f3l <strong>lak\u00f3\u00e9p\u00fcletekben \u00e9s kereskedelmi helyis\u00e9gekben<\/strong> is el\u00e9rhet\u0151.<\/p>\n<p>A <strong>n\u00e1triumv\u00e9d\u0151 \u00fcveg\u00fcnk<\/strong> kiv\u00e1laszt\u00e1s\u00e1val <strong>n\u00f6velheti a belt\u00e9ri h\u0151komfortot, mik\u00f6zben cs\u00f6kkenti a h\u0171t\u00e9si k\u00f6lts\u00e9geket<\/strong>. Fontos megjegyezni, hogy <strong>a l\u00e9gkondicion\u00e1l\u00e1s k\u00f6lts\u00e9gei \u00e1ltal\u00e1ban magasabbak, mint a f\u0171t\u00e9si k\u00f6lts\u00e9gek<\/strong>, \u00edgy a hat\u00e9kony \u00fcvegez\u00e9si megold\u00e1sok kulcsfontoss\u00e1g\u00fa befektet\u00e9snek sz\u00e1m\u00edtanak az energiamegtakar\u00edt\u00e1s szempontj\u00e1b\u00f3l.<\/p>\n\t\t\t\t\t\t\t\t<\/div>\n\t\t\t\t<\/div>\n\t\t\t\t<\/div>\n\t\t\t\t\t<\/div>\n\t\t\t\t<\/div>\n\t\t<div class=\"elementor-element elementor-element-91e626a e-flex e-con-boxed e-con e-parent\" data-id=\"91e626a\" data-element_type=\"container\" data-e-type=\"container\" data-settings=\"{&quot;background_background&quot;:&quot;classic&quot;}\">\n\t\t\t\t\t<div class=\"e-con-inner\">\n\t\t\t\t<div class=\"elementor-element elementor-element-45661c3 elementor-widget elementor-widget-heading\" data-id=\"45661c3\" data-element_type=\"widget\" data-e-type=\"widget\" data-widget_type=\"heading.default\">\n\t\t\t\t<div class=\"elementor-widget-container\">\n\t\t\t\t\t<h2 class=\"elementor-heading-title elementor-size-default\">Az \u00fcvegt\u00e1bl\u00e1k param\u00e9tereinek sk\u00e1l\u00e1ja<\/h2>\t\t\t\t<\/div>\n\t\t\t\t<\/div>\n\t\t\t\t<div class=\"elementor-element elementor-element-c868c7c elementor-widget elementor-widget-text-editor\" data-id=\"c868c7c\" data-element_type=\"widget\" data-e-type=\"widget\" data-widget_type=\"text-editor.default\">\n\t\t\t\t<div class=\"elementor-widget-container\">\n\t\t\t\t\t\t\t\t\t<table border=\"0\" cellspacing=\"0\" cellpadding=\"0\">\n<tbody>\n<tr>\n<td><strong>Ug EN 673 [W\/m<sup>2<\/sup>K]<\/strong><\/td>\n<td><strong>g [%]<\/strong><\/td>\n<td><strong>Lt [%]<\/strong><\/td>\n<\/tr>\n<tr>\n<td>0,4 \u2013 1,3<\/td>\n<td>37-73<\/td>\n<td>55-82<\/td>\n<\/tr>\n<\/tbody>\n<\/table>\n\t\t\t\t\t\t\t\t<\/div>\n\t\t\t\t<\/div>\n\t\t\t\t\t<\/div>\n\t\t\t\t<\/div>\n\t\t<div class=\"elementor-element elementor-element-3e1ec8a e-flex e-con-boxed e-con e-parent\" data-id=\"3e1ec8a\" data-element_type=\"container\" data-e-type=\"container\">\n\t\t\t\t\t<div class=\"e-con-inner\">\n\t\t\t\t<div class=\"elementor-element elementor-element-f747a2c elementor-widget elementor-widget-heading\" data-id=\"f747a2c\" data-element_type=\"widget\" data-e-type=\"widget\" data-widget_type=\"heading.default\">\n\t\t\t\t<div class=\"elementor-widget-container\">\n\t\t\t\t\t<h2 class=\"elementor-heading-title elementor-size-default\">Amit k\u00edn\u00e1lunk<\/h2>\t\t\t\t<\/div>\n\t\t\t\t<\/div>\n\t\t\t\t<div class=\"elementor-element elementor-element-5c1a6a1 elementor-widget elementor-widget-text-editor\" data-id=\"5c1a6a1\" data-element_type=\"widget\" data-e-type=\"widget\" data-widget_type=\"text-editor.default\">\n\t\t\t\t<div class=\"elementor-widget-container\">\n\t\t\t\t\t\t\t\t\t<table class=\"tabela-pion-inner-border\" width=\"523\" cellspacing=\"0\" cellpadding=\"0\">\n<tbody>\n<tr>\n<td><strong>Kivitel [mm] T-thermofloat<\/strong><\/td>\n<td><strong>LT [%]<\/strong><\/td>\n<td><strong>LR [%]<\/strong><\/td>\n<td><strong>g [%]<\/strong><\/td>\n<td><strong>U<sub>g<\/sub>\u00a0EN 673<\/strong><center><strong>[W\/ m<sup>2<\/sup>K]<\/strong><\/center><\/td>\n<\/tr>\n<tr>\n<td>4T 1,0\/12Kr\/4\/12Kr\/4T 1,0<\/td>\n<td rowspan=\"5\">\n<div>58-73<\/div>\n<\/td>\n<td rowspan=\"5\">\n<div>18-32<\/div>\n<\/td>\n<td rowspan=\"5\">\n<div>37-50<\/div>\n<\/td>\n<td>\n<div>0,4<\/div>\n<\/td>\n<\/tr>\n<tr>\n<td>4T 1,0\/10Kr\/4\/10Kr\/4T 1,0<\/td>\n<td>\n<div>0,5<\/div>\n<\/td>\n<\/tr>\n<p><4T 1,0\/16Ar\/4\/16Ar\/4T 1,0<\/td>\n<td>\n<div>0,5<\/div>\n<\/td>\n<\/tr>\n<tr>\n<td>4T 1,0\/12Ar\/4\/14Ar\/4T 1,0<\/td>\n<td>\n<div>0,6<\/div>\n<td><\/tr4T 1,0\/10Ar\/4\/12Ar\/4T 1,0<\/td>\n<td>\n<div>0,7<\/div>\n<\/td>\n<\/tr>\n<tr>\n<td>4T 1,1\/12Kr\/4\/12Kr\/4T 1,1<\/td>\n<td rowspan=\"7\">73-75<\/td>\n<td rowspan=\"7\">14-17<\/td>\n<td rowspan=\"7\">52-55<\/td>\n<td>\n<div>0,5<\/div>\n<\/td>\n<\/tr>\n<tr>\n<td>4T 1,1\/18Ar\/4\/18Ar\/4T 1,1<\/td>\n<td>\n<div>0,5<\/div>\n<\/td>\n<\/tr>\n<tr>\n<td>4T 1,1\/10Kr\/4\/10Kr\/4T 1,1<\/td>\n<td>\n<div>0,6<\/div>\n<\/td>\n<\/tr>\n<tr>\n<td>4T 1,1\/16Ar\/4\/16Ar\/4T 1,1<\/td>\n<td>\n<div>0,6<\/div>\n<\/td>\n<\/tr>\n<tr>\n<td>4T 1,1\/14Ar\/4\/14Ar\/4T 1,1<\/td>\n<td>\n<div>0,6<\/div>\n<\/td>\n<\/tr4T 1,1\/12Ar\/4\/12Ar\/4T 1,1<\/td>\n<td>\n<div>0,7<\/div>\n<\/td>\n<\/tr>\n<tr>\n<td>4T 1,1\/10Ar\/4\/10Ar\/4T 1,1<\/td>\n<td>\n<div>0,8<\/div>\n<\/td>\n<\/tr4T4><1> 1,0<\/td>\n<td rowspan=\"2\">\n<div>71-81<\/div>\n<\/td>\n<td rowspan=\"2\">\n<div>14-22<\/div>\n<\/td>\n<td rowspan=\"2\">\n<div>50-61<\/div>\n<\/td>\n<td>\n<div>1,0<\/div>\n<\/td>\n<\/tr>\n<tr>\n<td>4\/10-14Kr\/4T 1,0<\/td>\n<td>\n<div>1,0<\/div>\n<\/td>\n<\/tr>\n<tr>\n<td>4\/10Kr\/4T 1,1<\/td>\n<td rowspan=\"2\">\n<div>81-82<\/div>\n<\/td>\n<td rowspan=\"2\">\n<div>12-13<\/td>\n<p><\/t rowspan=\"2\"><\/p>\n<div>63-66<\/div>\n<\/td>\n<td>\n<div>1,0<\/div>\n<\/td>\n<\/tr>\n<tr>\n<td>4\/15-20Ar\/4T 1,1<\/td>\n<td>\n<div>1,1<\/div>\n<\/td>\n<\/tr>\n<\/tbody>\n<\/table>\n\t\t\t\t\t\t\t\t<\/div>\n\t\t\t\t<\/div>\n\t\t\t\t\t<\/div>\n\t\t\t\t<\/div>\n\t\t<div class=\"elementor-element elementor-element-4f90ef5 e-flex e-con-boxed e-con e-parent\" data-id=\"4f90ef5\" data-element_type=\"container\" data-e-type=\"container\" data-settings=\"{&quot;background_background&quot;:&quot;classic&quot;,&quot;background_motion_fx_motion_fx_scrolling&quot;:&quot;yes&quot;,&quot;background_motion_fx_translateY_effect&quot;:&quot;yes&quot;,&quot;background_motion_fx_translateY_speed&quot;:{&quot;unit&quot;:&quot;px&quot;,&quot;size&quot;:4,&quot;sizes&quot;:[]},&quot;background_motion_fx_translateY_affectedRange&quot;:{&quot;unit&quot;:&quot;%&quot;,&quot;size&quot;:&quot;&quot;,&quot;sizes&quot;:{&quot;start&quot;:0,&quot;end&quot;:100}},&quot;background_motion_fx_devices&quot;:[&quot;desktop&quot;,&quot;tablet&quot;,&quot;mobile&quot;]}\">\n\t\t\t\t\t<div class=\"e-con-inner\">\n\t\t\t\t<div class=\"elementor-element elementor-element-570499b elementor-widget elementor-widget-heading\" data-id=\"570499b\" data-element_type=\"widget\" data-e-type=\"widget\" data-widget_type=\"heading.default\">\n\t\t\t\t<div class=\"elementor-widget-container\">\n\t\t\t\t\t<h2 class=\"elementor-heading-title elementor-size-default\">Folyamatosan m\u00f3dos\u00edtjuk gy\u00e1rt\u00e1si folyamatainkat \u00e9s szok\u00e1sainkat, hogy korl\u00e1tozzuk a k\u00f6rnyezetre gyakorolt negat\u00edv hat\u00e1sokat.<\/h2>\t\t\t\t<\/div>\n\t\t\t\t<\/div>\n\t\t\t\t<div class=\"elementor-element elementor-element-b826612 elementor-widget elementor-widget-text-editor\" data-id=\"b826612\" data-element_type=\"widget\" data-e-type=\"widget\" data-widget_type=\"text-editor.default\">\n\t\t\t\t<div class=\"elementor-widget-container\">\n\t\t\t\t\t\t\t\t\t<p>A v\u00e1ltoz\u00e1sok el\u0151seg\u00edt\u00e9se \u00e9rdek\u00e9ben bevezett\u00fck az ISO 14001 szabv\u00e1nyt, a k\u00f6rnyezetv\u00e9delem vil\u00e1gszerte \u00e9rv\u00e9nyes ir\u00e1ny\u00edt\u00e1si rendszer\u00e9t.<\/p>\n\t\t\t\t\t\t\t\t<\/div>\n\t\t\t\t<\/div>\n\t\t\t\t<div class=\"elementor-element elementor-element-d353f96 elementor-align-center elementor-widget elementor-widget-button\" data-id=\"d353f96\" data-element_type=\"widget\" data-e-type=\"widget\" data-widget_type=\"button.default\">\n\t\t\t\t<div class=\"elementor-widget-container\">\n\t\t\t\t\t\t\t\t\t<div class=\"elementor-button-wrapper\">\n\t\t\t\t\t<a class=\"elementor-button elementor-button-link elementor-size-sm\" href=\"https:\/\/tgrupcam.com\/index.php\/kapcsolat\/?lang=hu\">\n\t\t\t\t\t\t<span class=\"elementor-button-content-wrapper\">\n\t\t\t\t\t\t\t\t\t<span class=\"elementor-button-text\">Kapcsolatfelv\u00e9tel<\/span>\n\t\t\t\t\t<\/span>\n\t\t\t\t\t<\/a>\n\t\t\t\t<\/div>\n\t\t\t\t\t\t\t\t<\/div>\n\t\t\t\t<\/div>\n\t\t\t\t\t<\/div>\n\t\t\t\t<\/div>\n\t\t\t\t<\/div>\n\t\t","protected":false},"excerpt":{"rendered":"<p>Alacsony kibocs\u00e1t\u00e1s\u00fa \u00fcveg AZ ALACSONY KIBOCS\u00c1T\u00c1S\u00da \u00dcVEGEKR\u0150L A T Grup Cam alacsony kibocs\u00e1t\u00e1s\u00fa \u00fcveg\u00e9t (Low-E Glass) \u00fagy tervezt\u00e9k, hogy jav\u00edtsa az energiahat\u00e9konys\u00e1got, a h\u0151szigetel\u00e9st \u00e9s a belt\u00e9ri komfortot a modern \u00e9p\u00fcletekben. Ez a nagy teljes\u00edtm\u00e9ny\u0171 \u00fcveg **mikroszkopikusan v\u00e9kony, \u00e1tl\u00e1tsz\u00f3 bevonattal** rendelkezik, amely minimaliz\u00e1lja a h\u0151\u00e1tad\u00e1st, mik\u00f6zben \u00e1tengedi a term\u00e9szetes f\u00e9nyt.** El\u0151ny\u00f6k:** \u2705 Energiahat\u00e9konys\u00e1g** \u2013 Cs\u00f6kkenti [&hellip;]<\/p>\n","protected":false},"author":1,"featured_media":0,"parent":2459,"menu_order":0,"comment_status":"closed","ping_status":"closed","template":"elementor_header_footer","meta":{"footnotes":""},"class_list":["post-2952","page","type-page","status-publish","hentry"],"_links":{"self":[{"href":"https:\/\/tgrupcam.com\/index.php\/wp-json\/wp\/v2\/pages\/2952","targetHints":{"allow":["GET"]}}],"collection":[{"href":"https:\/\/tgrupcam.com\/index.php\/wp-json\/wp\/v2\/pages"}],"about":[{"href":"https:\/\/tgrupcam.com\/index.php\/wp-json\/wp\/v2\/types\/page"}],"author":[{"embeddable":true,"href":"https:\/\/tgrupcam.com\/index.php\/wp-json\/wp\/v2\/users\/1"}],"replies":[{"embeddable":true,"href":"https:\/\/tgrupcam.com\/index.php\/wp-json\/wp\/v2\/comments?post=2952"}],"version-history":[{"count":0,"href":"https:\/\/tgrupcam.com\/index.php\/wp-json\/wp\/v2\/pages\/2952\/revisions"}],"up":[{"embeddable":true,"href":"https:\/\/tgrupcam.com\/index.php\/wp-json\/wp\/v2\/pages\/2459"}],"wp:attachment":[{"href":"https:\/\/tgrupcam.com\/index.php\/wp-json\/wp\/v2\/media?parent=2952"}],"curies":[{"name":"wp","href":"https:\/\/api.w.org\/{rel}","templated":true}]}}