{"id":2958,"date":"2025-02-05T11:48:47","date_gmt":"2025-02-05T08:48:47","guid":{"rendered":"https:\/\/tgrupcam.com\/index.php\/marktangebot\/verglaste-einheiten\/emissionsarmes-glas\/"},"modified":"2025-06-03T17:47:01","modified_gmt":"2025-06-03T14:47:01","slug":"emissionsarmes-glas","status":"publish","type":"page","link":"https:\/\/tgrupcam.com\/index.php\/marktangebot\/verglaste-einheiten\/emissionsarmes-glas\/?lang=de","title":{"rendered":"Emissionsarmes Glas"},"content":{"rendered":"\t\t<div data-elementor-type=\"wp-page\" data-elementor-id=\"2958\" class=\"elementor elementor-2958 elementor-24\" data-elementor-post-type=\"page\">\n\t\t\t\t<div class=\"elementor-element elementor-element-c1800a5 e-con-full e-flex e-con e-parent\" data-id=\"c1800a5\" data-element_type=\"container\" data-e-type=\"container\" data-settings=\"{&quot;background_background&quot;:&quot;classic&quot;,&quot;shape_divider_bottom&quot;:&quot;opacity-fan&quot;}\">\n\t\t\t\t<div class=\"elementor-shape elementor-shape-bottom\" aria-hidden=\"true\" data-negative=\"false\">\n\t\t\t<svg xmlns=\"http:\/\/www.w3.org\/2000\/svg\" viewBox=\"0 0 283.5 19.6\" preserveAspectRatio=\"none\">\n\t<path class=\"elementor-shape-fill\" style=\"opacity:0.33\" d=\"M0 0L0 18.8 141.8 4.1 283.5 18.8 283.5 0z\"\/>\n\t<path class=\"elementor-shape-fill\" style=\"opacity:0.33\" d=\"M0 0L0 12.6 141.8 4 283.5 12.6 283.5 0z\"\/>\n\t<path class=\"elementor-shape-fill\" style=\"opacity:0.33\" d=\"M0 0L0 6.4 141.8 4 283.5 6.4 283.5 0z\"\/>\n\t<path class=\"elementor-shape-fill\" d=\"M0 0L0 1.2 141.8 4 283.5 1.2 283.5 0z\"\/>\n<\/svg>\t\t<\/div>\n\t\t\t\t<div class=\"elementor-element elementor-element-bbd4e26 elementor-widget elementor-widget-heading\" data-id=\"bbd4e26\" data-element_type=\"widget\" data-e-type=\"widget\" data-widget_type=\"heading.default\">\n\t\t\t\t<div class=\"elementor-widget-container\">\n\t\t\t\t\t<h2 class=\"elementor-heading-title elementor-size-default\">EMISSIONSARMES GLAS<\/h2>\t\t\t\t<\/div>\n\t\t\t\t<\/div>\n\t\t\t\t<\/div>\n\t\t<div class=\"elementor-element elementor-element-6b63f22 e-flex e-con-boxed e-con e-parent\" data-id=\"6b63f22\" data-element_type=\"container\" data-e-type=\"container\">\n\t\t\t\t\t<div class=\"e-con-inner\">\n\t\t\t\t<div class=\"elementor-element elementor-element-b245c7f elementor-widget elementor-widget-heading\" data-id=\"b245c7f\" data-element_type=\"widget\" data-e-type=\"widget\" data-widget_type=\"heading.default\">\n\t\t\t\t<div class=\"elementor-widget-container\">\n\t\t\t\t\t<h2 class=\"elementor-heading-title elementor-size-default\">\u00dcBER GLAS MIT NIEDRIGER EMISSION<\/h2>\t\t\t\t<\/div>\n\t\t\t\t<\/div>\n\t\t\t\t<div class=\"elementor-element elementor-element-95bbaf8 elementor-widget elementor-widget-text-editor\" data-id=\"95bbaf8\" data-element_type=\"widget\" data-e-type=\"widget\" data-widget_type=\"text-editor.default\">\n\t\t\t\t<div class=\"elementor-widget-container\">\n\t\t\t\t\t\t\t\t\t<p>Das <strong>Low Emission Glass (Low-E Glass)<\/strong> von <\/p>\n<p><strong>T Grup Cam<\/strong> wurde entwickelt, um die <strong>Energieeffizienz, W\u00e4rmed\u00e4mmung und den Wohnkomfort<\/strong> in modernen Geb\u00e4uden zu verbessern. Dieses Hochleistungsglas verf\u00fcgt \u00fcber eine <strong>mikroskopisch d\u00fcnne, transparente Beschichtung<\/strong>, die die W\u00e4rme\u00fcbertragung minimiert und gleichzeitig nat\u00fcrliches Licht durchl\u00e4sst.<\/p>\n<p><strong>Vorteile:<\/strong><\/p>\n<p>\u2705 <strong>Energieeffizienz<\/strong> \u2013 Reduziert den W\u00e4rmeverlust im Winter und minimiert die W\u00e4rmeaufnahme im Sommer, wodurch der Energieverbrauch gesenkt wird.<br \/>\u2705 <strong>W\u00e4rmed\u00e4mmung<\/strong> \u2013 Verbessert den Komfort im Innenbereich durch Aufrechterhaltung stabiler Temperaturen.<br \/>\u2705 <strong>UV-Schutz<\/strong> \u2013 Blockiert sch\u00e4dliche UV-Strahlen und hilft so, das Ausbleichen von M\u00f6beln und Inneneinrichtungen zu verhindern.<br \/>\u2705 <strong>Optische Klarheit<\/strong> \u2013 Erh\u00e4lt eine hohe Lichtdurchl\u00e4ssigkeit, ohne die Sicht zu beeintr\u00e4chtigen.<br \/>\u2705 <strong>Umweltfreundliche L\u00f6sung<\/strong> \u2013 Tr\u00e4gt zu nachhaltigen Baupraktiken bei, indem der CO2-Fu\u00dfabdruck reduziert wird.<\/p>\n\t\t\t\t\t\t\t\t<\/div>\n\t\t\t\t<\/div>\n\t\t\t\t<div class=\"elementor-element elementor-element-9e1ab63 elementor-widget elementor-widget-heading\" data-id=\"9e1ab63\" data-element_type=\"widget\" data-e-type=\"widget\" data-widget_type=\"heading.default\">\n\t\t\t\t<div class=\"elementor-widget-container\">\n\t\t\t\t\t<h2 class=\"elementor-heading-title elementor-size-default\">VORTEILE<\/h2>\t\t\t\t<\/div>\n\t\t\t\t<\/div>\n\t\t\t\t<div class=\"elementor-element elementor-element-1a367bf elementor-position-left elementor-vertical-align-middle elementor-widget elementor-widget-image-box\" data-id=\"1a367bf\" data-element_type=\"widget\" data-e-type=\"widget\" data-widget_type=\"image-box.default\">\n\t\t\t\t<div class=\"elementor-widget-container\">\n\t\t\t\t\t<div class=\"elementor-image-box-wrapper\"><figure class=\"elementor-image-box-img\"><img fetchpriority=\"high\" decoding=\"async\" width=\"1080\" height=\"1080\" src=\"https:\/\/tgrupcam.com\/wp-content\/uploads\/2025\/04\/low-emission-glass-1.jpg\" class=\"attachment-full size-full wp-image-1853\" alt=\"\" srcset=\"https:\/\/tgrupcam.com\/wp-content\/uploads\/2025\/04\/low-emission-glass-1.jpg 1080w, https:\/\/tgrupcam.com\/wp-content\/uploads\/2025\/04\/low-emission-glass-1-300x300.jpg 300w, https:\/\/tgrupcam.com\/wp-content\/uploads\/2025\/04\/low-emission-glass-1-1024x1024.jpg 1024w, https:\/\/tgrupcam.com\/wp-content\/uploads\/2025\/04\/low-emission-glass-1-150x150.jpg 150w, https:\/\/tgrupcam.com\/wp-content\/uploads\/2025\/04\/low-emission-glass-1-768x768.jpg 768w, https:\/\/tgrupcam.com\/wp-content\/uploads\/2025\/04\/low-emission-glass-1-650x650.jpg 650w\" sizes=\"(max-width: 1080px) 100vw, 1080px\" \/><\/figure><div class=\"elementor-image-box-content\"><h3 class=\"elementor-image-box-title\">Optimale Temperatur in R\u00e4umen<\/h3><p class=\"elementor-image-box-description\">Optimale Innentemperatur f\u00fcr mehr Komfort und Energieeffizienz.<\/p><\/div><\/div>\t\t\t\t<\/div>\n\t\t\t\t<\/div>\n\t\t\t\t<div class=\"elementor-element elementor-element-0d52518 elementor-position-left elementor-vertical-align-middle elementor-widget elementor-widget-image-box\" data-id=\"0d52518\" data-element_type=\"widget\" data-e-type=\"widget\" data-widget_type=\"image-box.default\">\n\t\t\t\t<div class=\"elementor-widget-container\">\n\t\t\t\t\t<div class=\"elementor-image-box-wrapper\"><figure class=\"elementor-image-box-img\"><img decoding=\"async\" width=\"1080\" height=\"1080\" src=\"https:\/\/tgrupcam.com\/wp-content\/uploads\/2025\/04\/low-emission-glass-2.jpg\" class=\"attachment-full size-full wp-image-1864\" alt=\"\" srcset=\"https:\/\/tgrupcam.com\/wp-content\/uploads\/2025\/04\/low-emission-glass-2.jpg 1080w, https:\/\/tgrupcam.com\/wp-content\/uploads\/2025\/04\/low-emission-glass-2-300x300.jpg 300w, https:\/\/tgrupcam.com\/wp-content\/uploads\/2025\/04\/low-emission-glass-2-1024x1024.jpg 1024w, https:\/\/tgrupcam.com\/wp-content\/uploads\/2025\/04\/low-emission-glass-2-150x150.jpg 150w, https:\/\/tgrupcam.com\/wp-content\/uploads\/2025\/04\/low-emission-glass-2-768x768.jpg 768w, https:\/\/tgrupcam.com\/wp-content\/uploads\/2025\/04\/low-emission-glass-2-650x650.jpg 650w\" sizes=\"(max-width: 1080px) 100vw, 1080px\" \/><\/figure><div class=\"elementor-image-box-content\"><h3 class=\"elementor-image-box-title\">Hohe Lichtdurchl\u00e4ssigkeit<\/h3><p class=\"elementor-image-box-description\">Sorgt f\u00fcr maximales nat\u00fcrliches Licht bei gleichzeitiger Wahrung von Klarheit und Effizienz.<\/p><\/div><\/div>\t\t\t\t<\/div>\n\t\t\t\t<\/div>\n\t\t\t\t<div class=\"elementor-element elementor-element-2cd45d9 elementor-position-left elementor-vertical-align-middle elementor-widget elementor-widget-image-box\" data-id=\"2cd45d9\" data-element_type=\"widget\" data-e-type=\"widget\" data-widget_type=\"image-box.default\">\n\t\t\t\t<div class=\"elementor-widget-container\">\n\t\t\t\t\t<div class=\"elementor-image-box-wrapper\"><figure class=\"elementor-image-box-img\"><img decoding=\"async\" width=\"1080\" height=\"1080\" src=\"https:\/\/tgrupcam.com\/wp-content\/uploads\/2025\/04\/low-emission-glass-3.jpg\" class=\"attachment-full size-full wp-image-1875\" alt=\"\" srcset=\"https:\/\/tgrupcam.com\/wp-content\/uploads\/2025\/04\/low-emission-glass-3.jpg 1080w, https:\/\/tgrupcam.com\/wp-content\/uploads\/2025\/04\/low-emission-glass-3-300x300.jpg 300w, https:\/\/tgrupcam.com\/wp-content\/uploads\/2025\/04\/low-emission-glass-3-1024x1024.jpg 1024w, https:\/\/tgrupcam.com\/wp-content\/uploads\/2025\/04\/low-emission-glass-3-150x150.jpg 150w, https:\/\/tgrupcam.com\/wp-content\/uploads\/2025\/04\/low-emission-glass-3-768x768.jpg 768w, https:\/\/tgrupcam.com\/wp-content\/uploads\/2025\/04\/low-emission-glass-3-650x650.jpg 650w\" sizes=\"(max-width: 1080px) 100vw, 1080px\" \/><\/figure><div class=\"elementor-image-box-content\"><h3 class=\"elementor-image-box-title\">Reduzierung der Heizkosten<\/h3><p class=\"elementor-image-box-description\">Minimiert W\u00e4rmeverluste, senkt den Energieverbrauch und die Heizkosten.<\/p><\/div><\/div>\t\t\t\t<\/div>\n\t\t\t\t<\/div>\n\t\t\t\t\t<\/div>\n\t\t\t\t<\/div>\n\t\t<div class=\"elementor-element elementor-element-20f3f51 e-flex e-con-boxed e-con e-parent\" data-id=\"20f3f51\" data-element_type=\"container\" data-e-type=\"container\" data-settings=\"{&quot;background_background&quot;:&quot;classic&quot;,&quot;background_motion_fx_motion_fx_scrolling&quot;:&quot;yes&quot;,&quot;background_motion_fx_translateY_effect&quot;:&quot;yes&quot;,&quot;background_motion_fx_translateY_speed&quot;:{&quot;unit&quot;:&quot;px&quot;,&quot;size&quot;:4,&quot;sizes&quot;:[]},&quot;background_motion_fx_translateY_affectedRange&quot;:{&quot;unit&quot;:&quot;%&quot;,&quot;size&quot;:&quot;&quot;,&quot;sizes&quot;:{&quot;start&quot;:0,&quot;end&quot;:100}},&quot;background_motion_fx_devices&quot;:[&quot;desktop&quot;,&quot;tablet&quot;,&quot;mobile&quot;]}\">\n\t\t\t\t\t<div class=\"e-con-inner\">\n\t\t\t\t\t<\/div>\n\t\t\t\t<\/div>\n\t\t<div class=\"elementor-element elementor-element-03f8b6e e-flex e-con-boxed e-con e-parent\" data-id=\"03f8b6e\" data-element_type=\"container\" data-e-type=\"container\">\n\t\t\t\t\t<div class=\"e-con-inner\">\n\t\t<div class=\"elementor-element elementor-element-9ff8d85 e-con-full e-flex e-con e-child\" data-id=\"9ff8d85\" data-element_type=\"container\" data-e-type=\"container\">\n\t\t\t\t<div class=\"elementor-element elementor-element-8d346b3 elementor-widget elementor-widget-heading\" data-id=\"8d346b3\" data-element_type=\"widget\" data-e-type=\"widget\" data-widget_type=\"heading.default\">\n\t\t\t\t<div class=\"elementor-widget-container\">\n\t\t\t\t\t<h2 class=\"elementor-heading-title elementor-size-default\">Im Winter<\/h2>\t\t\t\t<\/div>\n\t\t\t\t<\/div>\n\t\t\t\t<div class=\"elementor-element elementor-element-7c978cc elementor-widget elementor-widget-text-editor\" data-id=\"7c978cc\" data-element_type=\"widget\" data-e-type=\"widget\" data-widget_type=\"text-editor.default\">\n\t\t\t\t<div class=\"elementor-widget-container\">\n\t\t\t\t\t\t\t\t\t<p>W\u00e4rmeschutz ist die Hauptfunktion von Verglasungen in Fenstern, Fassaden und Vorhangfassaden. Bei T Grup Cam entwickeln wir in Zusammenarbeit mit unseren bew\u00e4hrten Lieferanten kontinuierlich fortschrittliches Low-Emissionsglas (Low-E-Glas). Unser Hochleistungsglas bietet einen au\u00dfergew\u00f6hnlich niedrigen W\u00e4rmedurchgangskoeffizienten (Ug = 0,4 W\/m\u00b2K), vergleichbar mit der D\u00e4mmung von Massivw\u00e4nden. Schluss mit kalter Zugluft an Ihren Fenstern \u2013 unser innovatives Glas sorgt selbst in den k\u00e4ltesten Monaten f\u00fcr maximalen Wohnkomfort. F\u00fcr alle, die im Winter Heizkosten senken und gleichzeitig die W\u00e4rme aus dem Sonnenlicht nutzen und gleichzeitig eine hervorragende D\u00e4mmung gew\u00e4hrleisten m\u00f6chten, bieten unsere speziell entwickelten W\u00e4rmed\u00e4mmgl\u00e4ser einen erh\u00f6hten solaren W\u00e4rmedurchgangskoeffizienten (g = 73 %). Dadurch gelangt mehr nat\u00fcrliche W\u00e4rme in Ihren Raum, ohne dass die Energieeffizienz darunter leidet.<\/p>\n\t\t\t\t\t\t\t\t<\/div>\n\t\t\t\t<\/div>\n\t\t\t\t<\/div>\n\t\t<div class=\"elementor-element elementor-element-e7abccf e-con-full e-flex e-con e-child\" data-id=\"e7abccf\" data-element_type=\"container\" data-e-type=\"container\">\n\t\t\t\t<div class=\"elementor-element elementor-element-48ff9fd elementor-widget elementor-widget-heading\" data-id=\"48ff9fd\" data-element_type=\"widget\" data-e-type=\"widget\" data-widget_type=\"heading.default\">\n\t\t\t\t<div class=\"elementor-widget-container\">\n\t\t\t\t\t<h2 class=\"elementor-heading-title elementor-size-default\">Im Sommer<\/h2>\t\t\t\t<\/div>\n\t\t\t\t<\/div>\n\t\t\t\t<div class=\"elementor-element elementor-element-b542b77 elementor-widget elementor-widget-text-editor\" data-id=\"b542b77\" data-element_type=\"widget\" data-e-type=\"widget\" data-widget_type=\"text-editor.default\">\n\t\t\t\t<div class=\"elementor-widget-container\">\n\t\t\t\t\t\t\t\t\t<p>Im Sommer strahlt die Sonne deutlich mehr W\u00e4rmeenergie ab als im Winter. Dies f\u00fchrt zu einer <strong>\u00dcberhitzung in Geb\u00e4uden<\/strong>, haupts\u00e4chlich aufgrund des W\u00e4rmedurchgangs durch Fenster. Die Wirksamkeit des \u00dcberhitzungsschutzes wird anhand des <strong>solaren W\u00e4rmedurchgangskoeffizienten (g-Wert)<\/strong> gemessen \u2013 je niedriger der Wert, desto besser der Schutz.<\/p>\n<p>Bei <strong>T Grup Cam<\/strong> bieten wir <strong>Hochleistungs-W\u00e4rmed\u00e4mmglas<\/strong> an, das mit einem <strong>g-Wert von 37 %<\/strong> die <strong>unerw\u00fcnschte W\u00e4rmezufuhr<\/strong> minimiert und so die \u00dcberhitzung von Innenr\u00e4umen effektiv reduziert. Diese fortschrittliche Technologie, die bisher nur f\u00fcr gro\u00dfe <strong>Fassadenanwendungen<\/strong> eingesetzt wurde, ist jetzt auch f\u00fcr <strong>Wohngeb\u00e4ude und Gewerbefl\u00e4chen<\/strong> verf\u00fcgbar.<\/p>\n<p>Mit unserem <strong>Sonnenschutzglas<\/strong> <strong>erh\u00f6hen Sie den thermischen Komfort in Innenr\u00e4umen und senken gleichzeitig die K\u00fchlkosten<\/strong>. Es ist wichtig zu beachten, dass die <strong>Kosten f\u00fcr eine Klimaanlage im Allgemeinen h\u00f6her sind als die Heizkosten<\/strong>, weshalb effiziente Verglasungsl\u00f6sungen eine entscheidende Investition zur Energieeinsparung darstellen.<\/p>\n\t\t\t\t\t\t\t\t<\/div>\n\t\t\t\t<\/div>\n\t\t\t\t<\/div>\n\t\t\t\t\t<\/div>\n\t\t\t\t<\/div>\n\t\t<div class=\"elementor-element elementor-element-91e626a e-flex e-con-boxed e-con e-parent\" data-id=\"91e626a\" data-element_type=\"container\" data-e-type=\"container\" data-settings=\"{&quot;background_background&quot;:&quot;classic&quot;}\">\n\t\t\t\t\t<div class=\"e-con-inner\">\n\t\t\t\t<div class=\"elementor-element elementor-element-45661c3 elementor-widget elementor-widget-heading\" data-id=\"45661c3\" data-element_type=\"widget\" data-e-type=\"widget\" data-widget_type=\"heading.default\">\n\t\t\t\t<div class=\"elementor-widget-container\">\n\t\t\t\t\t<h2 class=\"elementor-heading-title elementor-size-default\">Parameterspektrum der angebotenen Glasscheiben<\/h2>\t\t\t\t<\/div>\n\t\t\t\t<\/div>\n\t\t\t\t<div class=\"elementor-element elementor-element-c868c7c elementor-widget elementor-widget-text-editor\" data-id=\"c868c7c\" data-element_type=\"widget\" data-e-type=\"widget\" data-widget_type=\"text-editor.default\">\n\t\t\t\t<div class=\"elementor-widget-container\">\n\t\t\t\t\t\t\t\t\t<table border=\"0\" cellspacing=\"0\" cellpadding=\"0\">\n<tbody>\n<tr>\n<td><strong>Ug EN 673 [W\/m<sup>2<\/sup>K]<\/strong><\/td>\n<td><strong>g [%]<\/strong><\/td>\n<td><strong>Lt [%]<\/strong><\/td>\n<\/tr>\n<tr>\n<td>0,4 \u2013 1,3<\/td>\n<td>37-73<\/td>\n<td>55-82<\/td>\n<\/tr>\n<\/tbody>\n<\/table>\n\t\t\t\t\t\t\t\t<\/div>\n\t\t\t\t<\/div>\n\t\t\t\t\t<\/div>\n\t\t\t\t<\/div>\n\t\t<div class=\"elementor-element elementor-element-3e1ec8a e-flex e-con-boxed e-con e-parent\" data-id=\"3e1ec8a\" data-element_type=\"container\" data-e-type=\"container\">\n\t\t\t\t\t<div class=\"e-con-inner\">\n\t\t\t\t<div class=\"elementor-element elementor-element-f747a2c elementor-widget elementor-widget-heading\" data-id=\"f747a2c\" data-element_type=\"widget\" data-e-type=\"widget\" data-widget_type=\"heading.default\">\n\t\t\t\t<div class=\"elementor-widget-container\">\n\t\t\t\t\t<h2 class=\"elementor-heading-title elementor-size-default\">WAS WIR ANBIETEN K\u00d6NNEN<\/h2>\t\t\t\t<\/div>\n\t\t\t\t<\/div>\n\t\t\t\t<div class=\"elementor-element elementor-element-5c1a6a1 elementor-widget elementor-widget-text-editor\" data-id=\"5c1a6a1\" data-element_type=\"widget\" data-e-type=\"widget\" data-widget_type=\"text-editor.default\">\n\t\t\t\t<div class=\"elementor-widget-container\">\n\t\t\t\t\t\t\t\t\t<table class=\"tabela-pion-inner-border\" width=\"523\" cellspacing=\"0\" cellpadding=\"0\">\n<tbody>\n<tr>\n<td><strong>Ausf\u00fchrung [mm] T-Thermofloat<\/strong><\/td>\n<td><strong>LT [%]<\/strong><\/td>\n<td><strong>LR [%]<\/strong><\/td>\n<td><strong>g [%]<\/strong><\/td>\n<td><strong>U<sub>g<\/sub>\u00a0EN 673<\/strong><center><strong>[W\/ m<sup>2<\/sup>K]<\/strong><\/center><\/td>\n<\/tr>\n<tr>\n<td>4T 1,0\/12Kr\/4\/12Kr\/4T 1,0<\/td>\n<td rowspan=\"5\">\n<div>58-73<\/div>\n<\/td>\n<td rowspan=\"5\">\n<div>18-32<\/div>\n<\/td>\n<td rowspan=\"5\">\n<div>37-50<\/div>\n<\/td>\n<td>\n<div>0,4<\/div>\n<\/td>\n<\/tr>\n<tr>\n<td>4T 1,0\/10Kr\/4\/10Kr\/4T 1,0<\/td>\n<td>\n<div>0,5<\/div>\n<\/td>\n<\/tr>\n<tr>\n<td>4T 1,0\/16Ar\/4\/16Ar\/4T 1,0<\/td>\n<td>\n<div>0,5<\/div>\n<\/td>\n<\/tr>\n<tr>\n<td>4T 1,0\/12Ar\/4\/14Ar\/4T 1,0<\/td>\n<td>\n<div>0,6<\/div>\n<\/td>\n<\/tr>\n<tr>\n<td>4T 1,0\/10Ar\/4\/12Ar\/4T 1,0<\/td>\n<td>\n<div>0,7<\/div>\n<\/td>\n<\/tr>\n<tr>\n<td>4T 1,1\/12Kr\/4\/12Kr\/4T 1,1<\/td>\n<td rowspan=\"7\">73-75<\/td>\n<td rowspan=\"7\">14-17<\/td>\n<td rowspan=\"7\">52-55<\/td>\n<td>\n<div>0,5<\/div>\n<\/td>\n<\/tr>\n<tr>\n<td>4T 1,1\/18Ar\/4\/18Ar\/4T 1,1<\/td>\n<td>\n<div>0,5<\/div>\n<\/td>\n<\/tr>\n<tr>\n<td>4T 1,1\/10Kr\/4\/10Kr\/4T 1,1<\/td>\n<td>\n<div>0,6<\/div>\n<\/td>\n<\/tr>\n<tr>\n<td>4T 1,1\/16Ar\/4\/16Ar\/4T 1,1<\/td>\n<td>\n<div>0,6<\/div>\n<\/td>\n<\/tr>\n<tr>\n<td>4T 1,1\/14Ar\/4\/14Ar\/4T 1,1<\/td>\n<td>\n<div>0,6<\/div>\n<\/td>\n<\/tr>\n<tr>\n<td>4T 1,1\/12Ar\/4\/12Ar\/4T 1,1<\/td>\n<td>\n<div>0,7<\/div>\n<\/td>\n<\/tr>\n<tr>\n<td>4T 1,1\/10Ar\/4\/10Ar\/4T 1,1<\/td>\n<td>\n<div>0,8<\/div>\n<\/td>\n<\/tr>\n<tr>\n<td>4\/16Ar\/4T 1,0<\/td>\n<td rowspan=\"2\">\n<div>71-81<\/div>\n<\/td>\n<td rowspan=\"2\">\n<div>14-22<\/div>\n<\/td>\n<td rowspan=\"2\">\n<div>50-61<\/div>\n<\/td>\n<td>\n<div>1,0<\/div>\n<\/td>\n<\/tr>\n<tr>\n<td>4\/10-14Kr\/4T 1,0<\/td>\n<td>\n<div>1,0<\/div>\n<\/td>\n<\/tr>\n<tr>\n<td>4\/10Kr\/4T 1,1<\/td>\n<td rowspan=\"2\">\n<div>81-82<\/div>\n<\/td>\n<td rowspan=\"2\">\n<div>12-13<\/div>\n<\/td>\n<td rowspan=\"2\">\n<div>63-66<\/div>\n<\/td>\n<td>\n<div>1,0<\/div>\n<\/td>\n<\/tr>\n<tr>\n<td>4\/15-20Ar\/4T 1,1<\/td>\n<td>\n<div>1,1<\/div>\n<\/td>\n<\/tr>\n<\/tbody>\n<\/table>\n\t\t\t\t\t\t\t\t<\/div>\n\t\t\t\t<\/div>\n\t\t\t\t\t<\/div>\n\t\t\t\t<\/div>\n\t\t<div class=\"elementor-element elementor-element-4f90ef5 e-flex e-con-boxed e-con e-parent\" data-id=\"4f90ef5\" data-element_type=\"container\" data-e-type=\"container\" data-settings=\"{&quot;background_background&quot;:&quot;classic&quot;,&quot;background_motion_fx_motion_fx_scrolling&quot;:&quot;yes&quot;,&quot;background_motion_fx_translateY_effect&quot;:&quot;yes&quot;,&quot;background_motion_fx_translateY_speed&quot;:{&quot;unit&quot;:&quot;px&quot;,&quot;size&quot;:4,&quot;sizes&quot;:[]},&quot;background_motion_fx_translateY_affectedRange&quot;:{&quot;unit&quot;:&quot;%&quot;,&quot;size&quot;:&quot;&quot;,&quot;sizes&quot;:{&quot;start&quot;:0,&quot;end&quot;:100}},&quot;background_motion_fx_devices&quot;:[&quot;desktop&quot;,&quot;tablet&quot;,&quot;mobile&quot;]}\">\n\t\t\t\t\t<div class=\"e-con-inner\">\n\t\t\t\t<div class=\"elementor-element elementor-element-570499b elementor-widget elementor-widget-heading\" data-id=\"570499b\" data-element_type=\"widget\" data-e-type=\"widget\" data-widget_type=\"heading.default\">\n\t\t\t\t<div class=\"elementor-widget-container\">\n\t\t\t\t\t<h2 class=\"elementor-heading-title elementor-size-default\">Wir modifizieren st\u00e4ndig unsere Herstellungsprozesse und \u00e4ndern unsere Gewohnheiten, um die negativen Auswirkungen auf die Umwelt zu begrenzen.<\/h2>\t\t\t\t<\/div>\n\t\t\t\t<\/div>\n\t\t\t\t<div class=\"elementor-element elementor-element-b826612 elementor-widget elementor-widget-text-editor\" data-id=\"b826612\" data-element_type=\"widget\" data-e-type=\"widget\" data-widget_type=\"text-editor.default\">\n\t\t\t\t<div class=\"elementor-widget-container\">\n\t\t\t\t\t\t\t\t\t<p>Um die Ver\u00e4nderungen zu erleichtern, haben wir ISO 14001 eingef\u00fchrt, das weltweite Managementsystem f\u00fcr Umweltschutz.<\/p>\n\t\t\t\t\t\t\t\t<\/div>\n\t\t\t\t<\/div>\n\t\t\t\t<div class=\"elementor-element elementor-element-d353f96 elementor-align-center elementor-widget elementor-widget-button\" data-id=\"d353f96\" data-element_type=\"widget\" data-e-type=\"widget\" data-widget_type=\"button.default\">\n\t\t\t\t<div class=\"elementor-widget-container\">\n\t\t\t\t\t\t\t\t\t<div class=\"elementor-button-wrapper\">\n\t\t\t\t\t<a class=\"elementor-button elementor-button-link elementor-size-sm\" href=\"https:\/\/tgrupcam.com\/index.php\/kontakt\/?lang=de\">\n\t\t\t\t\t\t<span class=\"elementor-button-content-wrapper\">\n\t\t\t\t\t\t\t\t\t<span class=\"elementor-button-text\">Kontaktieren Sie uns<\/span>\n\t\t\t\t\t<\/span>\n\t\t\t\t\t<\/a>\n\t\t\t\t<\/div>\n\t\t\t\t\t\t\t\t<\/div>\n\t\t\t\t<\/div>\n\t\t\t\t\t<\/div>\n\t\t\t\t<\/div>\n\t\t\t\t<\/div>\n\t\t","protected":false},"excerpt":{"rendered":"<p>EMISSIONSARMES GLAS \u00dcBER GLAS MIT NIEDRIGER EMISSION Das Low Emission Glass (Low-E Glass) von T Grup Cam wurde entwickelt, um die Energieeffizienz, W\u00e4rmed\u00e4mmung und den Wohnkomfort in modernen Geb\u00e4uden zu verbessern. Dieses Hochleistungsglas verf\u00fcgt \u00fcber eine mikroskopisch d\u00fcnne, transparente Beschichtung, die die W\u00e4rme\u00fcbertragung minimiert und gleichzeitig nat\u00fcrliches Licht durchl\u00e4sst. Vorteile: \u2705 Energieeffizienz \u2013 Reduziert den [&hellip;]<\/p>\n","protected":false},"author":1,"featured_media":0,"parent":2472,"menu_order":0,"comment_status":"closed","ping_status":"closed","template":"elementor_header_footer","meta":{"footnotes":""},"class_list":["post-2958","page","type-page","status-publish","hentry"],"_links":{"self":[{"href":"https:\/\/tgrupcam.com\/index.php\/wp-json\/wp\/v2\/pages\/2958","targetHints":{"allow":["GET"]}}],"collection":[{"href":"https:\/\/tgrupcam.com\/index.php\/wp-json\/wp\/v2\/pages"}],"about":[{"href":"https:\/\/tgrupcam.com\/index.php\/wp-json\/wp\/v2\/types\/page"}],"author":[{"embeddable":true,"href":"https:\/\/tgrupcam.com\/index.php\/wp-json\/wp\/v2\/users\/1"}],"replies":[{"embeddable":true,"href":"https:\/\/tgrupcam.com\/index.php\/wp-json\/wp\/v2\/comments?post=2958"}],"version-history":[{"count":0,"href":"https:\/\/tgrupcam.com\/index.php\/wp-json\/wp\/v2\/pages\/2958\/revisions"}],"up":[{"embeddable":true,"href":"https:\/\/tgrupcam.com\/index.php\/wp-json\/wp\/v2\/pages\/2472"}],"wp:attachment":[{"href":"https:\/\/tgrupcam.com\/index.php\/wp-json\/wp\/v2\/media?parent=2958"}],"curies":[{"name":"wp","href":"https:\/\/api.w.org\/{rel}","templated":true}]}}