{"id":3034,"date":"2025-02-05T10:45:19","date_gmt":"2025-02-05T07:45:19","guid":{"rendered":"https:\/\/tgrupcam.com\/index.php\/khere\/"},"modified":"2025-06-11T17:25:52","modified_gmt":"2025-06-11T14:25:52","slug":"khere","status":"publish","type":"page","link":"https:\/\/tgrupcam.com\/index.php\/khere\/?lang=ro","title":{"rendered":"Khere"},"content":{"rendered":"\t\t<div data-elementor-type=\"wp-page\" data-elementor-id=\"3034\" class=\"elementor elementor-3034 elementor-9\" data-elementor-post-type=\"page\">\n\t\t\t\t<div class=\"elementor-element elementor-element-58f1855 e-flex e-con-boxed e-con e-parent\" data-id=\"58f1855\" data-element_type=\"container\" data-e-type=\"container\" data-settings=\"{&quot;background_background&quot;:&quot;slideshow&quot;,&quot;background_slideshow_gallery&quot;:[{&quot;id&quot;:152,&quot;url&quot;:&quot;https:\\\/\\\/tgrupcam.com\\\/wp-content\\\/uploads\\\/2025\\\/02\\\/brown-concrete-building-with-large-windows-1600x1068-1.jpg&quot;},{&quot;id&quot;:184,&quot;url&quot;:&quot;https:\\\/\\\/tgrupcam.com\\\/wp-content\\\/uploads\\\/2025\\\/02\\\/glass-facade-sunny-day-2400x1600-1.jpg&quot;},{&quot;id&quot;:119,&quot;url&quot;:&quot;https:\\\/\\\/tgrupcam.com\\\/wp-content\\\/uploads\\\/2025\\\/02\\\/modern-construction-2400x1600-1.jpg&quot;},{&quot;id&quot;:118,&quot;url&quot;:&quot;https:\\\/\\\/tgrupcam.com\\\/wp-content\\\/uploads\\\/2025\\\/02\\\/stairs-modern-building-2424x1956-1.jpg&quot;}],&quot;background_slideshow_loop&quot;:&quot;yes&quot;,&quot;background_slideshow_slide_duration&quot;:5000,&quot;background_slideshow_slide_transition&quot;:&quot;fade&quot;,&quot;background_slideshow_transition_duration&quot;:500}\">\n\t\t\t\t\t<div class=\"e-con-inner\">\n\t\t\t\t\t<\/div>\n\t\t\t\t<\/div>\n\t\t<div class=\"elementor-element elementor-element-ed8745e e-flex e-con-boxed e-con e-parent\" data-id=\"ed8745e\" data-element_type=\"container\" data-e-type=\"container\">\n\t\t\t\t\t<div class=\"e-con-inner\">\n\t\t\t\t<div class=\"elementor-element elementor-element-cc17f22 elementor-widget elementor-widget-heading\" data-id=\"cc17f22\" data-element_type=\"widget\" data-e-type=\"widget\" data-widget_type=\"heading.default\">\n\t\t\t\t<div class=\"elementor-widget-container\">\n\t\t\t\t\t<h2 class=\"elementor-heading-title elementor-size-default\">Precizia ando Staklo, Excelencia ando Serviso.<\/h2>\t\t\t\t<\/div>\n\t\t\t\t<\/div>\n\t\t\t\t\t<\/div>\n\t\t\t\t<\/div>\n\t\t<div class=\"elementor-element elementor-element-f3aa8c1 e-flex e-con-boxed e-con e-parent\" data-id=\"f3aa8c1\" data-element_type=\"container\" data-e-type=\"container\">\n\t\t\t\t\t<div class=\"e-con-inner\">\n\t\t<div class=\"elementor-element elementor-element-57ba5ed e-con-full e-flex e-con e-child\" data-id=\"57ba5ed\" data-element_type=\"container\" data-e-type=\"container\">\n\t\t\t\t<div class=\"elementor-element elementor-element-c575831 elementor-position-top elementor-widget elementor-widget-image-box\" data-id=\"c575831\" data-element_type=\"widget\" data-e-type=\"widget\" data-widget_type=\"image-box.default\">\n\t\t\t\t<div class=\"elementor-widget-container\">\n\t\t\t\t\t<div class=\"elementor-image-box-wrapper\"><figure class=\"elementor-image-box-img\"><img decoding=\"async\" src=\"https:\/\/tgrupcam.com\/wp-content\/uploads\/elementor\/thumbs\/modern-building-made-crystal-1920x1080-1-r4tyrexsbxh0xh6swtfcfwg2wyeq2tund2ei63jxrg.jpg\" title=\"modern-building-made-crystal-1920&#215;1080\" alt=\"modern-building-made-crystal-1920x1080\" loading=\"lazy\" \/><\/figure><div class=\"elementor-image-box-content\"><h3 class=\"elementor-image-box-title\">Glazuime jekhimata<\/h3><p class=\"elementor-image-box-description\">Akustikane glazurime jekhimata - Staklo bi-kule - Staklo rezistentno jag - Glazuime jekhimata e tato rigasa - Staklo tikno emisiako - Ornamentalno staklo - Sigurno thaj sekuritaki staklo - Solarno kontrolno staklo - Dividerura e \u015beresqe<\/p><\/div><\/div>\t\t\t\t<\/div>\n\t\t\t\t<\/div>\n\t\t\t\t<\/div>\n\t\t<div class=\"elementor-element elementor-element-0aefdf5 e-con-full e-flex e-con e-child\" data-id=\"0aefdf5\" data-element_type=\"container\" data-e-type=\"container\">\n\t\t\t\t<div class=\"elementor-element elementor-element-bf36a83 elementor-position-top elementor-widget elementor-widget-image-box\" data-id=\"bf36a83\" data-element_type=\"widget\" data-e-type=\"widget\" data-widget_type=\"image-box.default\">\n\t\t\t\t<div class=\"elementor-widget-container\">\n\t\t\t\t\t<div class=\"elementor-image-box-wrapper\"><figure class=\"elementor-image-box-img\"><img decoding=\"async\" src=\"https:\/\/tgrupcam.com\/wp-content\/uploads\/elementor\/thumbs\/skyscraper-modern-office-buildings-city-Large-r4tyrexsbxh0xh6swtfcfwg2wyeq2tund2ei63jxrg.jpg\" title=\"skyscraper-modern-office-buildings-city (Large)\" alt=\"skyscraper-modern-office-buildings-city (Large)\" loading=\"lazy\" \/><\/figure><div class=\"elementor-image-box-content\"><h3 class=\"elementor-image-box-title\">Specialno staklo<\/h3><p class=\"elementor-image-box-description\">Zuralo staklo - Staklo savo si la\u010dho va\u015b e \u010dirikle -Digitalno Printo -Kortura -Borimata - HST - Laminirime Staklo - Ma\u015bin\u00e0cia e kanturenqi- Printo e \u015beresqo e \u015beresqo - Spandrels<\/p><\/div><\/div>\t\t\t\t<\/div>\n\t\t\t\t<\/div>\n\t\t\t\t<\/div>\n\t\t<div class=\"elementor-element elementor-element-0ade359 e-con-full e-flex e-con e-child\" data-id=\"0ade359\" data-element_type=\"container\" data-e-type=\"container\">\n\t\t\t\t<div class=\"elementor-element elementor-element-e4fc47c elementor-position-top elementor-widget elementor-widget-image-box\" data-id=\"e4fc47c\" data-element_type=\"widget\" data-e-type=\"widget\" data-widget_type=\"image-box.default\">\n\t\t\t\t<div class=\"elementor-widget-container\">\n\t\t\t\t\t<div class=\"elementor-image-box-wrapper\"><figure class=\"elementor-image-box-img\"><img decoding=\"async\" src=\"https:\/\/tgrupcam.com\/wp-content\/uploads\/elementor\/thumbs\/arrangement-large-glass-slices-glass-window-manufacturing-factory-Large-r4tyrexsbxh0xh6swtfcfwg2wyeq2tund2ei63jxrg.jpg\" title=\"arrangement of large glass slices in a glass window manufacturing factory\" alt=\"arrangement of large glass slices in a glass window manufacturing factory\" loading=\"lazy\" \/><\/figure><div class=\"elementor-image-box-content\"><h3 class=\"elementor-image-box-title\">Jekh staklo<\/h3><p class=\"elementor-image-box-description\">Amen arakhas jekh staklo la\u0107he kvalitetosqo katar e anglune globalne furnitori sar so si AGC, Guardian Sunguard, Pilkington, Saint-Gobain, thaj \u015ei\u015fecam, sigurindoj maj la\u0107ho performanso thaj pat\u01d0vipen.<\/p><\/div><\/div>\t\t\t\t<\/div>\n\t\t\t\t<\/div>\n\t\t\t\t<\/div>\n\t\t\t\t\t<\/div>\n\t\t\t\t<\/div>\n\t\t<div class=\"elementor-element elementor-element-2fc6fe9 e-flex e-con-boxed e-con e-parent\" data-id=\"2fc6fe9\" data-element_type=\"container\" data-e-type=\"container\" data-settings=\"{&quot;background_background&quot;:&quot;classic&quot;}\">\n\t\t\t\t\t<div class=\"e-con-inner\">\n\t\t\t\t<div class=\"elementor-element elementor-element-c55154f elementor-widget elementor-widget-heading\" data-id=\"c55154f\" data-element_type=\"widget\" data-e-type=\"widget\" data-widget_type=\"heading.default\">\n\t\t\t\t<div class=\"elementor-widget-container\">\n\t\t\t\t\t<h2 class=\"elementor-heading-title elementor-size-default\">Fasadako staklo<\/h2>\t\t\t\t<\/div>\n\t\t\t\t<\/div>\n\t\t\t\t<div class=\"elementor-element elementor-element-c59ad45 elementor-widget elementor-widget-image-gallery\" data-id=\"c59ad45\" data-element_type=\"widget\" data-e-type=\"widget\" data-widget_type=\"image-gallery.default\">\n\t\t\t\t<div class=\"elementor-widget-container\">\n\t\t\t\t\t\t\t<div class=\"elementor-image-gallery\">\n\t\t\t<div id='gallery-1' class='gallery galleryid-3034 gallery-columns-6 gallery-size-thumbnail'><figure class='gallery-item'>\n\t\t\t<div class='gallery-icon portrait'>\n\t\t\t\t<a data-elementor-open-lightbox=\"yes\" data-elementor-lightbox-slideshow=\"c59ad45\" data-elementor-lightbox-title=\"columnar-transom-442x465\" data-e-action-hash=\"#elementor-action%3Aaction%3Dlightbox%26settings%3DeyJpZCI6MTI1LCJ1cmwiOiJodHRwczpcL1wvdGdydXBjYW0uY29tXC93cC1jb250ZW50XC91cGxvYWRzXC8yMDI1XC8wMlwvY29sdW1uYXItdHJhbnNvbS00NDJ4NDY1LTEucG5nIiwic2xpZGVzaG93IjoiYzU5YWQ0NSJ9\" href='https:\/\/tgrupcam.com\/wp-content\/uploads\/2025\/02\/columnar-transom-442x465-1.png'><img decoding=\"async\" width=\"150\" height=\"150\" src=\"https:\/\/tgrupcam.com\/wp-content\/uploads\/2025\/02\/columnar-transom-442x465-1-150x150.png\" class=\"attachment-thumbnail size-thumbnail\" alt=\"\" \/><\/a>\n\t\t\t<\/div><\/figure><figure class='gallery-item'>\n\t\t\t<div class='gallery-icon portrait'>\n\t\t\t\t<a data-elementor-open-lightbox=\"yes\" data-elementor-lightbox-slideshow=\"c59ad45\" data-elementor-lightbox-title=\"vertical-line-type1-442x465\" data-e-action-hash=\"#elementor-action%3Aaction%3Dlightbox%26settings%3DeyJpZCI6MTI2LCJ1cmwiOiJodHRwczpcL1wvdGdydXBjYW0uY29tXC93cC1jb250ZW50XC91cGxvYWRzXC8yMDI1XC8wMlwvdmVydGljYWwtbGluZS10eXBlMS00NDJ4NDY1LTEucG5nIiwic2xpZGVzaG93IjoiYzU5YWQ0NSJ9\" href='https:\/\/tgrupcam.com\/wp-content\/uploads\/2025\/02\/vertical-line-type1-442x465-1.png'><img decoding=\"async\" width=\"150\" height=\"150\" src=\"https:\/\/tgrupcam.com\/wp-content\/uploads\/2025\/02\/vertical-line-type1-442x465-1-150x150.png\" class=\"attachment-thumbnail size-thumbnail\" alt=\"\" \/><\/a>\n\t\t\t<\/div><\/figure><figure class='gallery-item'>\n\t\t\t<div class='gallery-icon portrait'>\n\t\t\t\t<a data-elementor-open-lightbox=\"yes\" data-elementor-lightbox-slideshow=\"c59ad45\" data-elementor-lightbox-title=\"horizontal-line-type-442x465\" data-e-action-hash=\"#elementor-action%3Aaction%3Dlightbox%26settings%3DeyJpZCI6MTI3LCJ1cmwiOiJodHRwczpcL1wvdGdydXBjYW0uY29tXC93cC1jb250ZW50XC91cGxvYWRzXC8yMDI1XC8wMlwvaG9yaXpvbnRhbC1saW5lLXR5cGUtNDQyeDQ2NS0xLnBuZyIsInNsaWRlc2hvdyI6ImM1OWFkNDUifQ%3D%3D\" href='https:\/\/tgrupcam.com\/wp-content\/uploads\/2025\/02\/horizontal-line-type-442x465-1.png'><img decoding=\"async\" width=\"150\" height=\"150\" src=\"https:\/\/tgrupcam.com\/wp-content\/uploads\/2025\/02\/horizontal-line-type-442x465-1-150x150.png\" class=\"attachment-thumbnail size-thumbnail\" alt=\"\" \/><\/a>\n\t\t\t<\/div><\/figure><figure class='gallery-item'>\n\t\t\t<div class='gallery-icon portrait'>\n\t\t\t\t<a data-elementor-open-lightbox=\"yes\" data-elementor-lightbox-slideshow=\"c59ad45\" data-elementor-lightbox-title=\"full-structural-glazing-444x465\" data-e-action-hash=\"#elementor-action%3Aaction%3Dlightbox%26settings%3DeyJpZCI6MTI4LCJ1cmwiOiJodHRwczpcL1wvdGdydXBjYW0uY29tXC93cC1jb250ZW50XC91cGxvYWRzXC8yMDI1XC8wMlwvZnVsbC1zdHJ1Y3R1cmFsLWdsYXppbmctNDQ0eDQ2NS0xLnBuZyIsInNsaWRlc2hvdyI6ImM1OWFkNDUifQ%3D%3D\" href='https:\/\/tgrupcam.com\/wp-content\/uploads\/2025\/02\/full-structural-glazing-444x465-1.png'><img loading=\"lazy\" decoding=\"async\" width=\"150\" height=\"150\" src=\"https:\/\/tgrupcam.com\/wp-content\/uploads\/2025\/02\/full-structural-glazing-444x465-1-150x150.png\" class=\"attachment-thumbnail size-thumbnail\" alt=\"\" \/><\/a>\n\t\t\t<\/div><\/figure><figure class='gallery-item'>\n\t\t\t<div class='gallery-icon portrait'>\n\t\t\t\t<a data-elementor-open-lightbox=\"yes\" data-elementor-lightbox-slideshow=\"c59ad45\" data-elementor-lightbox-title=\"bolt-fixing-444x465\" data-e-action-hash=\"#elementor-action%3Aaction%3Dlightbox%26settings%3DeyJpZCI6MTI5LCJ1cmwiOiJodHRwczpcL1wvdGdydXBjYW0uY29tXC93cC1jb250ZW50XC91cGxvYWRzXC8yMDI1XC8wMlwvYm9sdC1maXhpbmctNDQ0eDQ2NS0xLnBuZyIsInNsaWRlc2hvdyI6ImM1OWFkNDUifQ%3D%3D\" href='https:\/\/tgrupcam.com\/wp-content\/uploads\/2025\/02\/bolt-fixing-444x465-1.png'><img loading=\"lazy\" decoding=\"async\" width=\"150\" height=\"150\" src=\"https:\/\/tgrupcam.com\/wp-content\/uploads\/2025\/02\/bolt-fixing-444x465-1-150x150.png\" class=\"attachment-thumbnail size-thumbnail\" alt=\"\" \/><\/a>\n\t\t\t<\/div><\/figure><figure class='gallery-item'>\n\t\t\t<div class='gallery-icon portrait'>\n\t\t\t\t<a data-elementor-open-lightbox=\"yes\" data-elementor-lightbox-slideshow=\"c59ad45\" data-elementor-lightbox-title=\"fin-glazing-444x465\" data-e-action-hash=\"#elementor-action%3Aaction%3Dlightbox%26settings%3DeyJpZCI6MTMwLCJ1cmwiOiJodHRwczpcL1wvdGdydXBjYW0uY29tXC93cC1jb250ZW50XC91cGxvYWRzXC8yMDI1XC8wMlwvZmluLWdsYXppbmctNDQ0eDQ2NS0xLnBuZyIsInNsaWRlc2hvdyI6ImM1OWFkNDUifQ%3D%3D\" href='https:\/\/tgrupcam.com\/wp-content\/uploads\/2025\/02\/fin-glazing-444x465-1.png'><img loading=\"lazy\" decoding=\"async\" width=\"150\" height=\"150\" src=\"https:\/\/tgrupcam.com\/wp-content\/uploads\/2025\/02\/fin-glazing-444x465-1-150x150.png\" class=\"attachment-thumbnail size-thumbnail\" alt=\"\" \/><\/a>\n\t\t\t<\/div><\/figure>\n\t\t<\/div>\n\t\t<\/div>\n\t\t\t\t\t\t<\/div>\n\t\t\t\t<\/div>\n\t\t\t\t<div class=\"elementor-element elementor-element-d07b9ba elementor-widget elementor-widget-text-editor\" data-id=\"d07b9ba\" data-element_type=\"widget\" data-e-type=\"widget\" data-widget_type=\"text-editor.default\">\n\t\t\t\t<div class=\"elementor-widget-container\">\n\t\t\t\t\t\t\t\t\t<p>E <strong>bi-paralelno fleksibilno dizajno<\/strong>, <strong>strukturalno staklo<\/strong> kerdas revolucia ki moderno arxitektura. Ko <strong>T Grup Cam<\/strong>, amen das zor e arxit\u00e8kturenqe thaj e fasadaqe dizajnerenqe te resen piri vizia va\u015b jekh <strong>bi-\u015bukar, monolit\u00eckani staklosqi struktura<\/strong> prekal <strong>avansime struktur\u00e0lo glazuraqe solucie<\/strong>. Te si ke hasnisaras <strong>struktur\u00e0lo phanglimaske t\u00e8knike<\/strong> vaj <strong>bolt-fixed sistemur\u0103<\/strong>, ame das solucie va\u015b \u015bukar \u015berutne save \u0107hiven e <strong>estetika e bare performanca\u00e7a<\/strong>.<\/p>\n<p>Bazirime pe konstrukciaqe metode, o struktur\u00e0lo \u015bukaripen \u015baj te avel klasifikuime an\u03b8-e <strong>\u015btar bare tipuria<\/strong>, savi del<\/strong>diferentno avanta\u0292o arxitekturake aplikacie. Amari ekspert\u00ecza siguril ke svako proj\u00e8kto lel la\u0107hipen katar <strong>optimalo dur\u01ceripen, efikasno energia thaj akanutno dizajno<\/strong>.<\/p>\n\t\t\t\t\t\t\t\t<\/div>\n\t\t\t\t<\/div>\n\t\t\t\t\t<\/div>\n\t\t\t\t<\/div>\n\t\t<div class=\"elementor-element elementor-element-c03ee2c e-flex e-con-boxed e-con e-parent\" data-id=\"c03ee2c\" data-element_type=\"container\" data-e-type=\"container\">\n\t\t\t\t\t<div class=\"e-con-inner\">\n\t\t\t\t<div class=\"elementor-element elementor-element-3c0c6dc elementor-widget elementor-widget-heading\" data-id=\"3c0c6dc\" data-element_type=\"widget\" data-e-type=\"widget\" data-widget_type=\"heading.default\">\n\t\t\t\t<div class=\"elementor-widget-container\">\n\t\t\t\t\t<h2 class=\"elementor-heading-title elementor-size-default\">Precizia ando Staklo, Excelencia ando Serviso.<\/h2>\t\t\t\t<\/div>\n\t\t\t\t<\/div>\n\t\t\t\t\t<\/div>\n\t\t\t\t<\/div>\n\t\t<div class=\"elementor-element elementor-element-bcc7cf5 e-flex e-con-boxed e-con e-parent\" data-id=\"bcc7cf5\" data-element_type=\"container\" data-e-type=\"container\">\n\t\t\t\t\t<div class=\"e-con-inner\">\n\t\t<div class=\"elementor-element elementor-element-2ed2d7f e-con-full e-flex e-con e-child\" data-id=\"2ed2d7f\" data-element_type=\"container\" data-e-type=\"container\">\n\t\t\t\t<div class=\"elementor-element elementor-element-6cd3138 elementor-position-top elementor-widget elementor-widget-image-box\" data-id=\"6cd3138\" data-element_type=\"widget\" data-e-type=\"widget\" data-widget_type=\"image-box.default\">\n\t\t\t\t<div class=\"elementor-widget-container\">\n\t\t\t\t\t<div class=\"elementor-image-box-wrapper\"><figure class=\"elementor-image-box-img\"><a href=\"https:\/\/tgrupcam.com\/index.php\/yacht-glass\/?lang=ro\" tabindex=\"-1\"><img decoding=\"async\" src=\"https:\/\/tgrupcam.com\/wp-content\/uploads\/elementor\/thumbs\/luxury-big-yacht-stay-sea-around-island-background-sky-Large-r6gzimar3q5y9jg3027i741j0wzxz9mpldliwfa65o.jpg\" title=\"Luxury big yacht stay in the sea around the island on a background of the sky\" alt=\"Luxury big yacht stay in the sea around the island on a background of the sky\" loading=\"lazy\" \/><\/a><\/figure><div class=\"elementor-image-box-content\"><h3 class=\"elementor-image-box-title\"><a href=\"https:\/\/tgrupcam.com\/index.php\/yacht-glass\/?lang=ro\">Yacht Glass<\/a><\/h3><p class=\"elementor-image-box-description\">Klikisar te arakhes i inform\u00e0cia.<\/p><\/div><\/div>\t\t\t\t<\/div>\n\t\t\t\t<\/div>\n\t\t\t\t<\/div>\n\t\t<div class=\"elementor-element elementor-element-d8b85a2 e-con-full e-flex e-con e-child\" data-id=\"d8b85a2\" data-element_type=\"container\" data-e-type=\"container\">\n\t\t\t\t<div class=\"elementor-element elementor-element-e7046fe elementor-position-top elementor-widget elementor-widget-image-box\" data-id=\"e7046fe\" data-element_type=\"widget\" data-e-type=\"widget\" data-widget_type=\"image-box.default\">\n\t\t\t\t<div class=\"elementor-widget-container\">\n\t\t\t\t\t<div class=\"elementor-image-box-wrapper\"><figure class=\"elementor-image-box-img\"><a href=\"https:\/\/tgrupcam.com\/index.php\/staklo-bi-balengo\/?lang=ro\" tabindex=\"-1\"><img decoding=\"async\" src=\"https:\/\/tgrupcam.com\/wp-content\/uploads\/elementor\/thumbs\/IMG-20250610-WA0007-r73i7w8l4ulw3q7dhk2j8b555ahjlt5jj2yywtzdm4.jpg\" title=\"IMG-20250610-WA0007\" alt=\"IMG-20250610-WA0007\" loading=\"lazy\" \/><\/a><\/figure><div class=\"elementor-image-box-content\"><h3 class=\"elementor-image-box-title\"><a href=\"https:\/\/tgrupcam.com\/index.php\/staklo-bi-balengo\/?lang=ro\">Staklo bi-balengo va\u015b e ma\u015bine<\/a><\/h3><p class=\"elementor-image-box-description\">Klikisar te arakhes i inform\u00e0cia.<\/p><\/div><\/div>\t\t\t\t<\/div>\n\t\t\t\t<\/div>\n\t\t\t\t<\/div>\n\t\t<div class=\"elementor-element elementor-element-c79693d e-con-full e-flex e-con e-child\" data-id=\"c79693d\" data-element_type=\"container\" data-e-type=\"container\">\n\t\t\t\t<div class=\"elementor-element elementor-element-1840bbf elementor-position-top elementor-widget elementor-widget-image-box\" data-id=\"1840bbf\" data-element_type=\"widget\" data-e-type=\"widget\" data-widget_type=\"image-box.default\">\n\t\t\t\t<div class=\"elementor-widget-container\">\n\t\t\t\t\t<div class=\"elementor-image-box-wrapper\"><figure class=\"elementor-image-box-img\"><a href=\"https:\/\/tgrupcam.com\/index.php\/railing-glass-balustrade\/?lang=ro\" tabindex=\"-1\"><img decoding=\"async\" src=\"https:\/\/tgrupcam.com\/wp-content\/uploads\/elementor\/thumbs\/interior-design-modern-building-Large-r6gzm2dg5uvsu2fuvju9c8qdfs0e7bba2fpm8y67cc.jpg\" title=\"Interior design of modern building\" alt=\"Modern interior design of office building. Empty lobby of condominium building. Two-level house design concept\" loading=\"lazy\" \/><\/a><\/figure><div class=\"elementor-image-box-content\"><h3 class=\"elementor-image-box-title\"><a href=\"https:\/\/tgrupcam.com\/index.php\/railing-glass-balustrade\/?lang=ro\">Railing Glass - Balustrade<\/a><\/h3><p class=\"elementor-image-box-description\">Klikisar te arakhes i inform\u00e0cia.<\/p><\/div><\/div>\t\t\t\t<\/div>\n\t\t\t\t<\/div>\n\t\t\t\t<\/div>\n\t\t\t\t\t<\/div>\n\t\t\t\t<\/div>\n\t\t<div class=\"elementor-element elementor-element-fe549b6 e-flex e-con-boxed e-con e-parent\" data-id=\"fe549b6\" data-element_type=\"container\" data-e-type=\"container\" data-settings=\"{&quot;background_background&quot;:&quot;classic&quot;}\">\n\t\t\t\t\t<div class=\"e-con-inner\">\n\t\t<div class=\"elementor-element elementor-element-619d480 e-con-full e-flex e-con e-child\" data-id=\"619d480\" data-element_type=\"container\" data-e-type=\"container\">\n\t\t\t\t<div class=\"elementor-element elementor-element-79f3ad2 elementor-widget elementor-widget-heading\" data-id=\"79f3ad2\" data-element_type=\"widget\" data-e-type=\"widget\" data-widget_type=\"heading.default\">\n\t\t\t\t<div class=\"elementor-widget-container\">\n\t\t\t\t\t<h2 class=\"elementor-heading-title elementor-size-default\">Pa\u0107avdo staklo, bi\u0107haldo an\u03b8-i sasti lumja.<\/h2>\t\t\t\t<\/div>\n\t\t\t\t<\/div>\n\t\t\t\t<div class=\"elementor-element elementor-element-d6c5657 elementor-widget elementor-widget-text-editor\" data-id=\"d6c5657\" data-element_type=\"widget\" data-e-type=\"widget\" data-widget_type=\"text-editor.default\">\n\t\t\t\t<div class=\"elementor-widget-container\">\n\t\t\t\t\t\t\t\t\t<p data-start=\"0\" data-end=\"310\">Ko T Grup Cam, amen gordosa exportisaras amare la\u0107he kvalitetosqe \u015bukar solucie an\u03b8-e maj but de 25 thema an\u03b8-i Evropa, Nordutni Am\u00e8rika, o Ma\u015bkarutno Oriento thaj i Afrika. Amaro anga\u017emano vash e precizia, o pat\u01d0vipen thaj o serviso fokusirime pe kli\u00e8ntur\u01ce kerdas amen jekh pat\u01d0valo partnero an\u03b8-e thema sar:<\/p>\n<p data-start=\"312\" data-end=\"692\">\ud83c\uddfa\ud83c\uddf8 Amerika\u2003\u2003\u2003\ud83c\udde8\ud83c\udde6 Kanada\u2003\u2003\ud83c\udde9\u2007\u2007\u2007\ud83c\udcf1 Njamco Holandia\u2003\u2003\ud83c\udde7\ud83c\uddea Belgia<br data-start=\"389\" data-end=\"392\" \/>\ud83c\udde7\ud83c\uddec Bulgaria\u2003\u2003\ud83c\uddf7\ud83c\uddf4 Rumunia\u2003\u2003\ud83c\udded\ud83c\uddfa Ungriko\u2003\u2003\ud83c\udde7\ud83c\uddea thaj Bonia Hercegovina\u2003\u2003\ud83c\uddee\ud83c\uddf1 Israel<br data-start=\"475\" data-end=\"478\" data-is-only-node=\"\" \/>\ud83c\uddf3\ud83c\uddf4 Norvegia\u2003\u2003\ud83c\uddee\ud83c\uddf9 Italia\u2003\u2003\ud83c\uddeb\u2007\ud83c\uddf7\ud83c\uddf7 Francia\ud83c\uddec\ud83c\uddf7 Grecia\u2003\u2003\ud83c\uddf7\ud83c\uddfa Rusia<br data-start=\"540\" data-end=\"543\" \/>\ud83c\uddf1\ud83c\uddfe Libya\u2003\u2003\ud83c\uddf8\ud83c\uddf3 Senegal\u2003\u2003\ud83c\udde8\ud83c\udde9 Demokratikani Republika Kongo\u2003\ud83c\udde6\ud83c\udde9 data-start=&#8221;620&#8243; data-end=&#8221;623&#8243; \/>\ud83c\uddec\ud83c\uddea Georgia\u2003\u2003\ud83c\uddfd\ud83c\uddf0 Kosovo\u2003\u2003\ud83c\udded\ud83c\uddf7 Hrvatska\u2003\u2003\ud83c\uddf1\ud83c\uddfa Luxemburg\u2003\u2003\ud83c\uddf7\ud83c\uddf8Serbia<\/p>\n<\/p=\"623 data\" data-end=\"915\" data-is-last-node=\"\" data-is-only-node=\"\">Katar e arxitekturake fasade d\u017ei ko avansime industrialno stakloske aplikacie, amen das solucie e stakloske kerdine, dureder thaj inovativno save resle e ma\u0161karthemutne standardura thaj nakhen e a\u017autimata\u2014kothe \u200b\u200bkaj san ki lumia.<\/p>\n\t\t\t\t\t\t\t\t<\/div>\n\t\t\t\t<\/div>\n\t\t\t\t<\/div>\n\t\t\t\t\t<\/div>\n\t\t\t\t<\/div>\n\t\t<div class=\"elementor-element elementor-element-78da821 e-flex e-con-boxed e-con e-parent\" data-id=\"78da821\" data-element_type=\"container\" data-e-type=\"container\" data-settings=\"{&quot;background_background&quot;:&quot;classic&quot;,&quot;background_motion_fx_motion_fx_scrolling&quot;:&quot;yes&quot;,&quot;background_motion_fx_translateY_effect&quot;:&quot;yes&quot;,&quot;background_motion_fx_translateY_speed&quot;:{&quot;unit&quot;:&quot;px&quot;,&quot;size&quot;:4,&quot;sizes&quot;:[]},&quot;background_motion_fx_translateY_affectedRange&quot;:{&quot;unit&quot;:&quot;%&quot;,&quot;size&quot;:&quot;&quot;,&quot;sizes&quot;:{&quot;start&quot;:0,&quot;end&quot;:100}},&quot;background_motion_fx_devices&quot;:[&quot;desktop&quot;,&quot;tablet&quot;,&quot;mobile&quot;]}\">\n\t\t\t\t\t<div class=\"e-con-inner\">\n\t\t\t\t<div class=\"elementor-element elementor-element-cb48ca9 elementor-widget elementor-widget-heading\" data-id=\"cb48ca9\" data-element_type=\"widget\" data-e-type=\"widget\" data-widget_type=\"heading.default\">\n\t\t\t\t<div class=\"elementor-widget-container\">\n\t\t\t\t\t<h2 class=\"elementor-heading-title elementor-size-default\">Ne modific\u0103m constant procesele de produc\u021bie \u0219i ne schimb\u0103m obiceiurile pentru a limita efectul negativ asupra mediului.<\/h2>\t\t\t\t<\/div>\n\t\t\t\t<\/div>\n\t\t\t\t<div class=\"elementor-element elementor-element-294fab3 elementor-widget elementor-widget-text-editor\" data-id=\"294fab3\" data-element_type=\"widget\" data-e-type=\"widget\" data-widget_type=\"text-editor.default\">\n\t\t\t\t<div class=\"elementor-widget-container\">\n\t\t\t\t\t\t\t\t\t<p>Te \u015baj te keras maj lokhes e paruvimata, amen adoptisaras o ISO 14001, o lumjako sistemo va\u015b o mana\u017amento va\u015b e protekcia e enviromentosqi.<\/p>\n\t\t\t\t\t\t\t\t<\/div>\n\t\t\t\t<\/div>\n\t\t\t\t<div class=\"elementor-element elementor-element-daa5667 elementor-align-center elementor-widget elementor-widget-button\" data-id=\"daa5667\" data-element_type=\"widget\" data-e-type=\"widget\" data-widget_type=\"button.default\">\n\t\t\t\t<div class=\"elementor-widget-container\">\n\t\t\t\t\t\t\t\t\t<div class=\"elementor-button-wrapper\">\n\t\t\t\t\t<a class=\"elementor-button elementor-button-link elementor-size-sm\" href=\"https:\/\/tgrupcam.com\/index.php\/kontakto\/?lang=ro\">\n\t\t\t\t\t\t<span class=\"elementor-button-content-wrapper\">\n\t\t\t\t\t\t\t\t\t<span class=\"elementor-button-text\">Contacta\u021bi-ne<\/span>\n\t\t\t\t\t<\/span>\n\t\t\t\t\t<\/a>\n\t\t\t\t<\/div>\n\t\t\t\t\t\t\t\t<\/div>\n\t\t\t\t<\/div>\n\t\t\t\t\t<\/div>\n\t\t\t\t<\/div>\n\t\t\t\t<\/div>\n\t\t","protected":false},"excerpt":{"rendered":"<p>Precizia ando Staklo, Excelencia ando Serviso. Glazuime jekhimata Akustikane glazurime jekhimata &#8211; Staklo bi-kule &#8211; Staklo rezistentno jag &#8211; Glazuime jekhimata e tato rigasa &#8211; Staklo tikno emisiako &#8211; Ornamentalno staklo &#8211; Sigurno thaj sekuritaki staklo &#8211; Solarno kontrolno staklo &#8211; Dividerura e \u015beresqe Specialno staklo Zuralo staklo &#8211; Staklo savo si la\u010dho va\u015b e [&hellip;]<\/p>\n","protected":false},"author":1,"featured_media":0,"parent":0,"menu_order":0,"comment_status":"closed","ping_status":"closed","template":"elementor_header_footer","meta":{"footnotes":""},"class_list":["post-3034","page","type-page","status-publish","hentry"],"_links":{"self":[{"href":"https:\/\/tgrupcam.com\/index.php\/wp-json\/wp\/v2\/pages\/3034","targetHints":{"allow":["GET"]}}],"collection":[{"href":"https:\/\/tgrupcam.com\/index.php\/wp-json\/wp\/v2\/pages"}],"about":[{"href":"https:\/\/tgrupcam.com\/index.php\/wp-json\/wp\/v2\/types\/page"}],"author":[{"embeddable":true,"href":"https:\/\/tgrupcam.com\/index.php\/wp-json\/wp\/v2\/users\/1"}],"replies":[{"embeddable":true,"href":"https:\/\/tgrupcam.com\/index.php\/wp-json\/wp\/v2\/comments?post=3034"}],"version-history":[{"count":0,"href":"https:\/\/tgrupcam.com\/index.php\/wp-json\/wp\/v2\/pages\/3034\/revisions"}],"wp:attachment":[{"href":"https:\/\/tgrupcam.com\/index.php\/wp-json\/wp\/v2\/media?parent=3034"}],"curies":[{"name":"wp","href":"https:\/\/api.w.org\/{rel}","templated":true}]}}