{"id":3036,"date":"2025-02-05T10:45:19","date_gmt":"2025-02-05T07:45:19","guid":{"rendered":"https:\/\/tgrupcam.com\/index.php\/casa\/"},"modified":"2025-06-11T17:25:21","modified_gmt":"2025-06-11T14:25:21","slug":"casa","status":"publish","type":"page","link":"https:\/\/tgrupcam.com\/index.php\/casa\/?lang=it","title":{"rendered":"Casa"},"content":{"rendered":"\t\t<div data-elementor-type=\"wp-page\" data-elementor-id=\"3036\" class=\"elementor elementor-3036 elementor-9\" data-elementor-post-type=\"page\">\n\t\t\t\t<div class=\"elementor-element elementor-element-58f1855 e-flex e-con-boxed e-con e-parent\" data-id=\"58f1855\" data-element_type=\"container\" data-e-type=\"container\" data-settings=\"{&quot;background_background&quot;:&quot;slideshow&quot;,&quot;background_slideshow_gallery&quot;:[{&quot;id&quot;:152,&quot;url&quot;:&quot;https:\\\/\\\/tgrupcam.com\\\/wp-content\\\/uploads\\\/2025\\\/02\\\/brown-concrete-building-with-large-windows-1600x1068-1.jpg&quot;},{&quot;id&quot;:184,&quot;url&quot;:&quot;https:\\\/\\\/tgrupcam.com\\\/wp-content\\\/uploads\\\/2025\\\/02\\\/glass-facade-sunny-day-2400x1600-1.jpg&quot;},{&quot;id&quot;:119,&quot;url&quot;:&quot;https:\\\/\\\/tgrupcam.com\\\/wp-content\\\/uploads\\\/2025\\\/02\\\/modern-construction-2400x1600-1.jpg&quot;},{&quot;id&quot;:118,&quot;url&quot;:&quot;https:\\\/\\\/tgrupcam.com\\\/wp-content\\\/uploads\\\/2025\\\/02\\\/stairs-modern-building-2424x1956-1.jpg&quot;}],&quot;background_slideshow_loop&quot;:&quot;yes&quot;,&quot;background_slideshow_slide_duration&quot;:5000,&quot;background_slideshow_slide_transition&quot;:&quot;fade&quot;,&quot;background_slideshow_transition_duration&quot;:500}\">\n\t\t\t\t\t<div class=\"e-con-inner\">\n\t\t\t\t\t<\/div>\n\t\t\t\t<\/div>\n\t\t<div class=\"elementor-element elementor-element-ed8745e e-flex e-con-boxed e-con e-parent\" data-id=\"ed8745e\" data-element_type=\"container\" data-e-type=\"container\">\n\t\t\t\t\t<div class=\"e-con-inner\">\n\t\t\t\t<div class=\"elementor-element elementor-element-cc17f22 elementor-widget elementor-widget-heading\" data-id=\"cc17f22\" data-element_type=\"widget\" data-e-type=\"widget\" data-widget_type=\"heading.default\">\n\t\t\t\t<div class=\"elementor-widget-container\">\n\t\t\t\t\t<h2 class=\"elementor-heading-title elementor-size-default\">Precisione nel vetro, eccellenza nel servizio.<\/h2>\t\t\t\t<\/div>\n\t\t\t\t<\/div>\n\t\t\t\t\t<\/div>\n\t\t\t\t<\/div>\n\t\t<div class=\"elementor-element elementor-element-f3aa8c1 e-flex e-con-boxed e-con e-parent\" data-id=\"f3aa8c1\" data-element_type=\"container\" data-e-type=\"container\">\n\t\t\t\t\t<div class=\"e-con-inner\">\n\t\t<div class=\"elementor-element elementor-element-57ba5ed e-con-full e-flex e-con e-child\" data-id=\"57ba5ed\" data-element_type=\"container\" data-e-type=\"container\">\n\t\t\t\t<div class=\"elementor-element elementor-element-c575831 elementor-position-top elementor-widget elementor-widget-image-box\" data-id=\"c575831\" data-element_type=\"widget\" data-e-type=\"widget\" data-widget_type=\"image-box.default\">\n\t\t\t\t<div class=\"elementor-widget-container\">\n\t\t\t\t\t<div class=\"elementor-image-box-wrapper\"><figure class=\"elementor-image-box-img\"><img decoding=\"async\" src=\"https:\/\/tgrupcam.com\/wp-content\/uploads\/elementor\/thumbs\/modern-building-made-crystal-1920x1080-1-r4tyrexsbxh0xh6swtfcfwg2wyeq2tund2ei63jxrg.jpg\" title=\"modern-building-made-crystal-1920&#215;1080\" alt=\"modern-building-made-crystal-1920x1080\" loading=\"lazy\" \/><\/figure><div class=\"elementor-image-box-content\"><h3 class=\"elementor-image-box-title\">Unit\u00e0 vetrate<\/h3><p class=\"elementor-image-box-description\">Vetri acustici - Vetri antiproiettile - Vetri resistenti al fuoco - Vetri con bordo caldo - Vetri a bassa emissione - Vetri ornamentali - Vetri di sicurezza - Vetri a controllo solare - Divisori per finestre<\/p><\/div><\/div>\t\t\t\t<\/div>\n\t\t\t\t<\/div>\n\t\t\t\t<\/div>\n\t\t<div class=\"elementor-element elementor-element-0aefdf5 e-con-full e-flex e-con e-child\" data-id=\"0aefdf5\" data-element_type=\"container\" data-e-type=\"container\">\n\t\t\t\t<div class=\"elementor-element elementor-element-bf36a83 elementor-position-top elementor-widget elementor-widget-image-box\" data-id=\"bf36a83\" data-element_type=\"widget\" data-e-type=\"widget\" data-widget_type=\"image-box.default\">\n\t\t\t\t<div class=\"elementor-widget-container\">\n\t\t\t\t\t<div class=\"elementor-image-box-wrapper\"><figure class=\"elementor-image-box-img\"><img decoding=\"async\" src=\"https:\/\/tgrupcam.com\/wp-content\/uploads\/elementor\/thumbs\/skyscraper-modern-office-buildings-city-Large-r4tyrexsbxh0xh6swtfcfwg2wyeq2tund2ei63jxrg.jpg\" title=\"skyscraper-modern-office-buildings-city (Large)\" alt=\"skyscraper-modern-office-buildings-city (Large)\" loading=\"lazy\" \/><\/figure><div class=\"elementor-image-box-content\"><h3 class=\"elementor-image-box-title\">Vetro speciale<\/h3><p class=\"elementor-image-box-description\">Vetro temperato - Vetro per uccelli - Stampa digitale - Tagli - Forature - HST - Vetro laminato - Lavorazione dei bordi - Serigrafia - Spandrels<\/p><\/div><\/div>\t\t\t\t<\/div>\n\t\t\t\t<\/div>\n\t\t\t\t<\/div>\n\t\t<div class=\"elementor-element elementor-element-0ade359 e-con-full e-flex e-con e-child\" data-id=\"0ade359\" data-element_type=\"container\" data-e-type=\"container\">\n\t\t\t\t<div class=\"elementor-element elementor-element-e4fc47c elementor-position-top elementor-widget elementor-widget-image-box\" data-id=\"e4fc47c\" data-element_type=\"widget\" data-e-type=\"widget\" data-widget_type=\"image-box.default\">\n\t\t\t\t<div class=\"elementor-widget-container\">\n\t\t\t\t\t<div class=\"elementor-image-box-wrapper\"><figure class=\"elementor-image-box-img\"><img decoding=\"async\" src=\"https:\/\/tgrupcam.com\/wp-content\/uploads\/elementor\/thumbs\/arrangement-large-glass-slices-glass-window-manufacturing-factory-Large-r4tyrexsbxh0xh6swtfcfwg2wyeq2tund2ei63jxrg.jpg\" title=\"arrangement of large glass slices in a glass window manufacturing factory\" alt=\"arrangement of large glass slices in a glass window manufacturing factory\" loading=\"lazy\" \/><\/figure><div class=\"elementor-image-box-content\"><h3 class=\"elementor-image-box-title\">Vetro singolo<\/h3><p class=\"elementor-image-box-description\">Ci riforniamo di vetro singolo di alta qualit\u00e0 dai principali fornitori mondiali quali AGC, Guardian Sunguard, Pilkington, Saint-Gobain e \u015ei\u015fecam, garantendo prestazioni e affidabilit\u00e0 superiori.<\/p><\/div><\/div>\t\t\t\t<\/div>\n\t\t\t\t<\/div>\n\t\t\t\t<\/div>\n\t\t\t\t\t<\/div>\n\t\t\t\t<\/div>\n\t\t<div class=\"elementor-element elementor-element-2fc6fe9 e-flex e-con-boxed e-con e-parent\" data-id=\"2fc6fe9\" data-element_type=\"container\" data-e-type=\"container\" data-settings=\"{&quot;background_background&quot;:&quot;classic&quot;}\">\n\t\t\t\t\t<div class=\"e-con-inner\">\n\t\t\t\t<div class=\"elementor-element elementor-element-c55154f elementor-widget elementor-widget-heading\" data-id=\"c55154f\" data-element_type=\"widget\" data-e-type=\"widget\" data-widget_type=\"heading.default\">\n\t\t\t\t<div class=\"elementor-widget-container\">\n\t\t\t\t\t<h2 class=\"elementor-heading-title elementor-size-default\">Vetrate per facciate<\/h2>\t\t\t\t<\/div>\n\t\t\t\t<\/div>\n\t\t\t\t<div class=\"elementor-element elementor-element-c59ad45 elementor-widget elementor-widget-image-gallery\" data-id=\"c59ad45\" data-element_type=\"widget\" data-e-type=\"widget\" data-widget_type=\"image-gallery.default\">\n\t\t\t\t<div class=\"elementor-widget-container\">\n\t\t\t\t\t\t\t<div class=\"elementor-image-gallery\">\n\t\t\t<div id='gallery-1' class='gallery galleryid-3036 gallery-columns-6 gallery-size-thumbnail'><figure class='gallery-item'>\n\t\t\t<div class='gallery-icon portrait'>\n\t\t\t\t<a data-elementor-open-lightbox=\"yes\" data-elementor-lightbox-slideshow=\"c59ad45\" data-elementor-lightbox-title=\"columnar-transom-442x465\" data-e-action-hash=\"#elementor-action%3Aaction%3Dlightbox%26settings%3DeyJpZCI6MTI1LCJ1cmwiOiJodHRwczpcL1wvdGdydXBjYW0uY29tXC93cC1jb250ZW50XC91cGxvYWRzXC8yMDI1XC8wMlwvY29sdW1uYXItdHJhbnNvbS00NDJ4NDY1LTEucG5nIiwic2xpZGVzaG93IjoiYzU5YWQ0NSJ9\" href='https:\/\/tgrupcam.com\/wp-content\/uploads\/2025\/02\/columnar-transom-442x465-1.png'><img decoding=\"async\" width=\"150\" height=\"150\" src=\"https:\/\/tgrupcam.com\/wp-content\/uploads\/2025\/02\/columnar-transom-442x465-1-150x150.png\" class=\"attachment-thumbnail size-thumbnail\" alt=\"\" \/><\/a>\n\t\t\t<\/div><\/figure><figure class='gallery-item'>\n\t\t\t<div class='gallery-icon portrait'>\n\t\t\t\t<a data-elementor-open-lightbox=\"yes\" data-elementor-lightbox-slideshow=\"c59ad45\" data-elementor-lightbox-title=\"vertical-line-type1-442x465\" data-e-action-hash=\"#elementor-action%3Aaction%3Dlightbox%26settings%3DeyJpZCI6MTI2LCJ1cmwiOiJodHRwczpcL1wvdGdydXBjYW0uY29tXC93cC1jb250ZW50XC91cGxvYWRzXC8yMDI1XC8wMlwvdmVydGljYWwtbGluZS10eXBlMS00NDJ4NDY1LTEucG5nIiwic2xpZGVzaG93IjoiYzU5YWQ0NSJ9\" href='https:\/\/tgrupcam.com\/wp-content\/uploads\/2025\/02\/vertical-line-type1-442x465-1.png'><img decoding=\"async\" width=\"150\" height=\"150\" src=\"https:\/\/tgrupcam.com\/wp-content\/uploads\/2025\/02\/vertical-line-type1-442x465-1-150x150.png\" class=\"attachment-thumbnail size-thumbnail\" alt=\"\" \/><\/a>\n\t\t\t<\/div><\/figure><figure class='gallery-item'>\n\t\t\t<div class='gallery-icon portrait'>\n\t\t\t\t<a data-elementor-open-lightbox=\"yes\" data-elementor-lightbox-slideshow=\"c59ad45\" data-elementor-lightbox-title=\"horizontal-line-type-442x465\" data-e-action-hash=\"#elementor-action%3Aaction%3Dlightbox%26settings%3DeyJpZCI6MTI3LCJ1cmwiOiJodHRwczpcL1wvdGdydXBjYW0uY29tXC93cC1jb250ZW50XC91cGxvYWRzXC8yMDI1XC8wMlwvaG9yaXpvbnRhbC1saW5lLXR5cGUtNDQyeDQ2NS0xLnBuZyIsInNsaWRlc2hvdyI6ImM1OWFkNDUifQ%3D%3D\" href='https:\/\/tgrupcam.com\/wp-content\/uploads\/2025\/02\/horizontal-line-type-442x465-1.png'><img decoding=\"async\" width=\"150\" height=\"150\" src=\"https:\/\/tgrupcam.com\/wp-content\/uploads\/2025\/02\/horizontal-line-type-442x465-1-150x150.png\" class=\"attachment-thumbnail size-thumbnail\" alt=\"\" \/><\/a>\n\t\t\t<\/div><\/figure><figure class='gallery-item'>\n\t\t\t<div class='gallery-icon portrait'>\n\t\t\t\t<a data-elementor-open-lightbox=\"yes\" data-elementor-lightbox-slideshow=\"c59ad45\" data-elementor-lightbox-title=\"full-structural-glazing-444x465\" data-e-action-hash=\"#elementor-action%3Aaction%3Dlightbox%26settings%3DeyJpZCI6MTI4LCJ1cmwiOiJodHRwczpcL1wvdGdydXBjYW0uY29tXC93cC1jb250ZW50XC91cGxvYWRzXC8yMDI1XC8wMlwvZnVsbC1zdHJ1Y3R1cmFsLWdsYXppbmctNDQ0eDQ2NS0xLnBuZyIsInNsaWRlc2hvdyI6ImM1OWFkNDUifQ%3D%3D\" href='https:\/\/tgrupcam.com\/wp-content\/uploads\/2025\/02\/full-structural-glazing-444x465-1.png'><img loading=\"lazy\" decoding=\"async\" width=\"150\" height=\"150\" src=\"https:\/\/tgrupcam.com\/wp-content\/uploads\/2025\/02\/full-structural-glazing-444x465-1-150x150.png\" class=\"attachment-thumbnail size-thumbnail\" alt=\"\" \/><\/a>\n\t\t\t<\/div><\/figure><figure class='gallery-item'>\n\t\t\t<div class='gallery-icon portrait'>\n\t\t\t\t<a data-elementor-open-lightbox=\"yes\" data-elementor-lightbox-slideshow=\"c59ad45\" data-elementor-lightbox-title=\"bolt-fixing-444x465\" data-e-action-hash=\"#elementor-action%3Aaction%3Dlightbox%26settings%3DeyJpZCI6MTI5LCJ1cmwiOiJodHRwczpcL1wvdGdydXBjYW0uY29tXC93cC1jb250ZW50XC91cGxvYWRzXC8yMDI1XC8wMlwvYm9sdC1maXhpbmctNDQ0eDQ2NS0xLnBuZyIsInNsaWRlc2hvdyI6ImM1OWFkNDUifQ%3D%3D\" href='https:\/\/tgrupcam.com\/wp-content\/uploads\/2025\/02\/bolt-fixing-444x465-1.png'><img loading=\"lazy\" decoding=\"async\" width=\"150\" height=\"150\" src=\"https:\/\/tgrupcam.com\/wp-content\/uploads\/2025\/02\/bolt-fixing-444x465-1-150x150.png\" class=\"attachment-thumbnail size-thumbnail\" alt=\"\" \/><\/a>\n\t\t\t<\/div><\/figure><figure class='gallery-item'>\n\t\t\t<div class='gallery-icon portrait'>\n\t\t\t\t<a data-elementor-open-lightbox=\"yes\" data-elementor-lightbox-slideshow=\"c59ad45\" data-elementor-lightbox-title=\"fin-glazing-444x465\" data-e-action-hash=\"#elementor-action%3Aaction%3Dlightbox%26settings%3DeyJpZCI6MTMwLCJ1cmwiOiJodHRwczpcL1wvdGdydXBjYW0uY29tXC93cC1jb250ZW50XC91cGxvYWRzXC8yMDI1XC8wMlwvZmluLWdsYXppbmctNDQ0eDQ2NS0xLnBuZyIsInNsaWRlc2hvdyI6ImM1OWFkNDUifQ%3D%3D\" href='https:\/\/tgrupcam.com\/wp-content\/uploads\/2025\/02\/fin-glazing-444x465-1.png'><img loading=\"lazy\" decoding=\"async\" width=\"150\" height=\"150\" src=\"https:\/\/tgrupcam.com\/wp-content\/uploads\/2025\/02\/fin-glazing-444x465-1-150x150.png\" class=\"attachment-thumbnail size-thumbnail\" alt=\"\" \/><\/a>\n\t\t\t<\/div><\/figure>\n\t\t<\/div>\n\t\t<\/div>\n\t\t\t\t\t\t<\/div>\n\t\t\t\t<\/div>\n\t\t\t\t<div class=\"elementor-element elementor-element-d07b9ba elementor-widget elementor-widget-text-editor\" data-id=\"d07b9ba\" data-element_type=\"widget\" data-e-type=\"widget\" data-widget_type=\"text-editor.default\">\n\t\t\t\t<div class=\"elementor-widget-container\">\n\t\t\t\t\t\t\t\t\t<p>Con una flessibilit\u00e0 di progettazione senza pari, le vetrate strutturali hanno rivoluzionato l&#8217;architettura moderna. Noi di <strong>T Grup Cam<\/strong> aiutiamo architetti e progettisti di facciate a realizzare la loro visione di una struttura in vetro monolitica e continua attraverso soluzioni avanzate di vetrate strutturali. Che si tratti di tecniche di incollaggio strutturale o di sistemi di fissaggio a bulloni, forniamo soluzioni in vetro all&#8217;avanguardia che uniscono estetica e prestazioni elevate.<\/p>\n<p>In base ai metodi di costruzione, le vetrate strutturali possono essere classificate in quattro tipologie principali, ognuna delle quali offre vantaggi distinti per diverse applicazioni architettoniche. La nostra competenza garantisce che ogni progetto benefici di durata ottimale, efficienza energetica e design contemporaneo.<\/p>\n\t\t\t\t\t\t\t\t<\/div>\n\t\t\t\t<\/div>\n\t\t\t\t\t<\/div>\n\t\t\t\t<\/div>\n\t\t<div class=\"elementor-element elementor-element-c03ee2c e-flex e-con-boxed e-con e-parent\" data-id=\"c03ee2c\" data-element_type=\"container\" data-e-type=\"container\">\n\t\t\t\t\t<div class=\"e-con-inner\">\n\t\t\t\t<div class=\"elementor-element elementor-element-3c0c6dc elementor-widget elementor-widget-heading\" data-id=\"3c0c6dc\" data-element_type=\"widget\" data-e-type=\"widget\" data-widget_type=\"heading.default\">\n\t\t\t\t<div class=\"elementor-widget-container\">\n\t\t\t\t\t<h2 class=\"elementor-heading-title elementor-size-default\">Precisione nel vetro, eccellenza nel servizio.<\/h2>\t\t\t\t<\/div>\n\t\t\t\t<\/div>\n\t\t\t\t\t<\/div>\n\t\t\t\t<\/div>\n\t\t<div class=\"elementor-element elementor-element-bcc7cf5 e-flex e-con-boxed e-con e-parent\" data-id=\"bcc7cf5\" data-element_type=\"container\" data-e-type=\"container\">\n\t\t\t\t\t<div class=\"e-con-inner\">\n\t\t<div class=\"elementor-element elementor-element-2ed2d7f e-con-full e-flex e-con e-child\" data-id=\"2ed2d7f\" data-element_type=\"container\" data-e-type=\"container\">\n\t\t\t\t<div class=\"elementor-element elementor-element-6cd3138 elementor-position-top elementor-widget elementor-widget-image-box\" data-id=\"6cd3138\" data-element_type=\"widget\" data-e-type=\"widget\" data-widget_type=\"image-box.default\">\n\t\t\t\t<div class=\"elementor-widget-container\">\n\t\t\t\t\t<div class=\"elementor-image-box-wrapper\"><figure class=\"elementor-image-box-img\"><a href=\"https:\/\/tgrupcam.com\/index.php\/vetro-per-yacht\/?lang=it\" tabindex=\"-1\"><img decoding=\"async\" src=\"https:\/\/tgrupcam.com\/wp-content\/uploads\/elementor\/thumbs\/luxury-big-yacht-stay-sea-around-island-background-sky-Large-r6gzimar3q5y9jg3027i741j0wzxz9mpldliwfa65o.jpg\" title=\"Luxury big yacht stay in the sea around the island on a background of the sky\" alt=\"Luxury big yacht stay in the sea around the island on a background of the sky\" loading=\"lazy\" \/><\/a><\/figure><div class=\"elementor-image-box-content\"><h3 class=\"elementor-image-box-title\"><a href=\"https:\/\/tgrupcam.com\/index.php\/vetro-per-yacht\/?lang=it\">Vetro per yacht<\/a><\/h3><p class=\"elementor-image-box-description\">Click for the information.<\/p><\/div><\/div>\t\t\t\t<\/div>\n\t\t\t\t<\/div>\n\t\t\t\t<\/div>\n\t\t<div class=\"elementor-element elementor-element-d8b85a2 e-con-full e-flex e-con e-child\" data-id=\"d8b85a2\" data-element_type=\"container\" data-e-type=\"container\">\n\t\t\t\t<div class=\"elementor-element elementor-element-e7046fe elementor-position-top elementor-widget elementor-widget-image-box\" data-id=\"e7046fe\" data-element_type=\"widget\" data-e-type=\"widget\" data-widget_type=\"image-box.default\">\n\t\t\t\t<div class=\"elementor-widget-container\">\n\t\t\t\t\t<div class=\"elementor-image-box-wrapper\"><figure class=\"elementor-image-box-img\"><a href=\"https:\/\/tgrupcam.com\/index.php\/vetro-antiproiettile\/?lang=it\" tabindex=\"-1\"><img decoding=\"async\" src=\"https:\/\/tgrupcam.com\/wp-content\/uploads\/elementor\/thumbs\/IMG-20250610-WA0007-r73i7w8l4ulw3q7dhk2j8b555ahjlt5jj2yywtzdm4.jpg\" title=\"IMG-20250610-WA0007\" alt=\"IMG-20250610-WA0007\" loading=\"lazy\" \/><\/a><\/figure><div class=\"elementor-image-box-content\"><h3 class=\"elementor-image-box-title\"><a href=\"https:\/\/tgrupcam.com\/index.php\/vetro-antiproiettile\/?lang=it\">Vetro antiproiettile per l'automotive<\/a><\/h3><p class=\"elementor-image-box-description\">Clicca per avere informazioni.<\/p><\/div><\/div>\t\t\t\t<\/div>\n\t\t\t\t<\/div>\n\t\t\t\t<\/div>\n\t\t<div class=\"elementor-element elementor-element-c79693d e-con-full e-flex e-con e-child\" data-id=\"c79693d\" data-element_type=\"container\" data-e-type=\"container\">\n\t\t\t\t<div class=\"elementor-element elementor-element-1840bbf elementor-position-top elementor-widget elementor-widget-image-box\" data-id=\"1840bbf\" data-element_type=\"widget\" data-e-type=\"widget\" data-widget_type=\"image-box.default\">\n\t\t\t\t<div class=\"elementor-widget-container\">\n\t\t\t\t\t<div class=\"elementor-image-box-wrapper\"><figure class=\"elementor-image-box-img\"><a href=\"https:\/\/tgrupcam.com\/index.php\/ringhiera-in-vetro-balaustra\/?lang=it\" tabindex=\"-1\"><img decoding=\"async\" src=\"https:\/\/tgrupcam.com\/wp-content\/uploads\/elementor\/thumbs\/interior-design-modern-building-Large-r6gzm2dg5uvsu2fuvju9c8qdfs0e7bba2fpm8y67cc.jpg\" title=\"Interior design of modern building\" alt=\"Modern interior design of office building. Empty lobby of condominium building. Two-level house design concept\" loading=\"lazy\" \/><\/a><\/figure><div class=\"elementor-image-box-content\"><h3 class=\"elementor-image-box-title\"><a href=\"https:\/\/tgrupcam.com\/index.php\/ringhiera-in-vetro-balaustra\/?lang=it\">Ringhiera in vetro - Balaustra<\/a><\/h3><p class=\"elementor-image-box-description\">Clicca per avere informazioni.<\/p><\/div><\/div>\t\t\t\t<\/div>\n\t\t\t\t<\/div>\n\t\t\t\t<\/div>\n\t\t\t\t\t<\/div>\n\t\t\t\t<\/div>\n\t\t<div class=\"elementor-element elementor-element-fe549b6 e-flex e-con-boxed e-con e-parent\" data-id=\"fe549b6\" data-element_type=\"container\" data-e-type=\"container\" data-settings=\"{&quot;background_background&quot;:&quot;classic&quot;}\">\n\t\t\t\t\t<div class=\"e-con-inner\">\n\t\t<div class=\"elementor-element elementor-element-619d480 e-con-full e-flex e-con e-child\" data-id=\"619d480\" data-element_type=\"container\" data-e-type=\"container\">\n\t\t\t\t<div class=\"elementor-element elementor-element-79f3ad2 elementor-widget elementor-widget-heading\" data-id=\"79f3ad2\" data-element_type=\"widget\" data-e-type=\"widget\" data-widget_type=\"heading.default\">\n\t\t\t\t<div class=\"elementor-widget-container\">\n\t\t\t\t\t<h2 class=\"elementor-heading-title elementor-size-default\">Vetro affidabile, consegnato in tutto il mondo.<\/h2>\t\t\t\t<\/div>\n\t\t\t\t<\/div>\n\t\t\t\t<div class=\"elementor-element elementor-element-d6c5657 elementor-widget elementor-widget-text-editor\" data-id=\"d6c5657\" data-element_type=\"widget\" data-e-type=\"widget\" data-widget_type=\"text-editor.default\">\n\t\t\t\t<div class=\"elementor-widget-container\">\n\t\t\t\t\t\t\t\t\t<p data-start=\"0\" data-end=\"310\">Noi di T Grup Cam esportiamo con orgoglio le nostre soluzioni in vetro di alta qualit\u00e0 in oltre 25 paesi in Europa, Nord America, Medio Oriente e Africa. Il nostro impegno per la precisione, l&#8217;affidabilit\u00e0 e un servizio incentrato sul cliente ci ha resi un partner di fiducia in paesi come:<\/p>\n<p data-start=\"312\" data-end=\"692\">\ud83c\uddfa\ud83c\uddf8 Stati Uniti\u2003\u2003\ud83c\udde8\ud83c\udde6 Canada\u2003\u2003\ud83c\udde9\ud83c\uddea Germania\u2003\u2003\ud83c\uddf3\ud83c\uddf1 Paesi Bassi\u2003\u2003\ud83c\udde7\ud83c\uddea Belgio<br data-start=\"389\" data-end=\"392\" \/>\ud83c\udde7\ud83c\uddec Bulgaria\u2003\u2003\ud83c\uddf7\ud83c\uddf4 Romania\u2003\u2003\ud83c\udded\ud83c\uddfa Ungheria\u2003\u2003\ud83c\udde7\ud83c\udde6 Bosnia ed Erzegovina\u2003\u2003\ud83c\uddee\ud83c\uddf1 Israele<br data-start=\"475\" data-end=\"478\" data-is-only-node=\"\" \/>\ud83c\uddf3\ud83c\uddf4 Norvegia\u2003\u2003\ud83c\uddee\ud83c\uddf9 Italia\u2003\u2003\ud83c\uddeb\ud83c\uddf7 Francia\u2003\u2003\ud83c\uddec\ud83c\uddf7 Grecia\u2003\u2003\ud83c\uddf7\ud83c\uddfa Russia<br data-start=\"540\" data-end=\"543\" \/>\ud83c\uddf1\ud83c\uddfe Libia\u2003\u2003\ud83c\uddf8\ud83c\uddf3 Senegal\u2003\u2003\ud83c\udde8\ud83c\udde9 Repubblica Democratica del Congo\u2003\u2003\ud83c\udde6\ud83c\uddea Dubai (EAU)<br data-start=\"620\" data-end=\"623\" \/>\ud83c\uddec\ud83c\uddea Georgia\u2003\u2003\ud83c\uddfd\ud83c\uddf0 Kosovo\u2003\u2003\ud83c\udded\ud83c\uddf7 Croazia\u2003\u2003\ud83c\uddf1\ud83c\uddfa Lussemburgo\u2003\u2003\ud83c\uddf7\ud83c\uddf8 Serbia<\/p>\n<p data-start=\"694\" data-end=\"915\" data-is-last-node=\"\" data-is-only-node=\"\">Dalle facciate architettoniche alle applicazioni avanzate in vetro industriale, forniamo soluzioni di vetrate personalizzate, durevoli e innovative che soddisfano gli standard internazionali e superano le aspettative, ovunque vi troviate nel mondo.<\/p>\n\t\t\t\t\t\t\t\t<\/div>\n\t\t\t\t<\/div>\n\t\t\t\t<\/div>\n\t\t\t\t\t<\/div>\n\t\t\t\t<\/div>\n\t\t<div class=\"elementor-element elementor-element-78da821 e-flex e-con-boxed e-con e-parent\" data-id=\"78da821\" data-element_type=\"container\" data-e-type=\"container\" data-settings=\"{&quot;background_background&quot;:&quot;classic&quot;,&quot;background_motion_fx_motion_fx_scrolling&quot;:&quot;yes&quot;,&quot;background_motion_fx_translateY_effect&quot;:&quot;yes&quot;,&quot;background_motion_fx_translateY_speed&quot;:{&quot;unit&quot;:&quot;px&quot;,&quot;size&quot;:4,&quot;sizes&quot;:[]},&quot;background_motion_fx_translateY_affectedRange&quot;:{&quot;unit&quot;:&quot;%&quot;,&quot;size&quot;:&quot;&quot;,&quot;sizes&quot;:{&quot;start&quot;:0,&quot;end&quot;:100}},&quot;background_motion_fx_devices&quot;:[&quot;desktop&quot;,&quot;tablet&quot;,&quot;mobile&quot;]}\">\n\t\t\t\t\t<div class=\"e-con-inner\">\n\t\t\t\t<div class=\"elementor-element elementor-element-cb48ca9 elementor-widget elementor-widget-heading\" data-id=\"cb48ca9\" data-element_type=\"widget\" data-e-type=\"widget\" data-widget_type=\"heading.default\">\n\t\t\t\t<div class=\"elementor-widget-container\">\n\t\t\t\t\t<h2 class=\"elementor-heading-title elementor-size-default\">Modifichiamo costantemente i nostri processi produttivi e cambiamo le nostre abitudini per limitare gli effetti negativi sull'ambiente.<\/h2>\t\t\t\t<\/div>\n\t\t\t\t<\/div>\n\t\t\t\t<div class=\"elementor-element elementor-element-294fab3 elementor-widget elementor-widget-text-editor\" data-id=\"294fab3\" data-element_type=\"widget\" data-e-type=\"widget\" data-widget_type=\"text-editor.default\">\n\t\t\t\t<div class=\"elementor-widget-container\">\n\t\t\t\t\t\t\t\t\t<p>Per agevolare i cambiamenti, abbiamo adottato ISO 14001, il sistema di gestione mondiale per la protezione ambientale.<\/p>\n\t\t\t\t\t\t\t\t<\/div>\n\t\t\t\t<\/div>\n\t\t\t\t<div class=\"elementor-element elementor-element-daa5667 elementor-align-center elementor-widget elementor-widget-button\" data-id=\"daa5667\" data-element_type=\"widget\" data-e-type=\"widget\" data-widget_type=\"button.default\">\n\t\t\t\t<div class=\"elementor-widget-container\">\n\t\t\t\t\t\t\t\t\t<div class=\"elementor-button-wrapper\">\n\t\t\t\t\t<a class=\"elementor-button elementor-button-link elementor-size-sm\" href=\"https:\/\/tgrupcam.com\/index.php\/contatto\/?lang=it\">\n\t\t\t\t\t\t<span class=\"elementor-button-content-wrapper\">\n\t\t\t\t\t\t\t\t\t<span class=\"elementor-button-text\">Contattaci<\/span>\n\t\t\t\t\t<\/span>\n\t\t\t\t\t<\/a>\n\t\t\t\t<\/div>\n\t\t\t\t\t\t\t\t<\/div>\n\t\t\t\t<\/div>\n\t\t\t\t\t<\/div>\n\t\t\t\t<\/div>\n\t\t\t\t<\/div>\n\t\t","protected":false},"excerpt":{"rendered":"<p>Precisione nel vetro, eccellenza nel servizio. Unit\u00e0 vetrate Vetri acustici &#8211; Vetri antiproiettile &#8211; Vetri resistenti al fuoco &#8211; Vetri con bordo caldo &#8211; Vetri a bassa emissione &#8211; Vetri ornamentali &#8211; Vetri di sicurezza &#8211; Vetri a controllo solare &#8211; Divisori per finestre Vetro speciale Vetro temperato &#8211; Vetro per uccelli &#8211; Stampa digitale [&hellip;]<\/p>\n","protected":false},"author":1,"featured_media":0,"parent":0,"menu_order":0,"comment_status":"closed","ping_status":"closed","template":"elementor_header_footer","meta":{"footnotes":""},"class_list":["post-3036","page","type-page","status-publish","hentry"],"_links":{"self":[{"href":"https:\/\/tgrupcam.com\/index.php\/wp-json\/wp\/v2\/pages\/3036","targetHints":{"allow":["GET"]}}],"collection":[{"href":"https:\/\/tgrupcam.com\/index.php\/wp-json\/wp\/v2\/pages"}],"about":[{"href":"https:\/\/tgrupcam.com\/index.php\/wp-json\/wp\/v2\/types\/page"}],"author":[{"embeddable":true,"href":"https:\/\/tgrupcam.com\/index.php\/wp-json\/wp\/v2\/users\/1"}],"replies":[{"embeddable":true,"href":"https:\/\/tgrupcam.com\/index.php\/wp-json\/wp\/v2\/comments?post=3036"}],"version-history":[{"count":0,"href":"https:\/\/tgrupcam.com\/index.php\/wp-json\/wp\/v2\/pages\/3036\/revisions"}],"wp:attachment":[{"href":"https:\/\/tgrupcam.com\/index.php\/wp-json\/wp\/v2\/media?parent=3036"}],"curies":[{"name":"wp","href":"https:\/\/api.w.org\/{rel}","templated":true}]}}