{"id":3044,"date":"2025-02-05T10:45:19","date_gmt":"2025-02-05T07:45:19","guid":{"rendered":"https:\/\/tgrupcam.com\/index.php\/heim\/"},"modified":"2025-06-11T17:22:20","modified_gmt":"2025-06-11T14:22:20","slug":"heim","status":"publish","type":"page","link":"https:\/\/tgrupcam.com\/index.php\/heim\/?lang=de","title":{"rendered":"Heim"},"content":{"rendered":"\t\t<div data-elementor-type=\"wp-page\" data-elementor-id=\"3044\" class=\"elementor elementor-3044 elementor-9\" data-elementor-post-type=\"page\">\n\t\t\t\t<div class=\"elementor-element elementor-element-58f1855 e-flex e-con-boxed e-con e-parent\" data-id=\"58f1855\" data-element_type=\"container\" data-e-type=\"container\" data-settings=\"{&quot;background_background&quot;:&quot;slideshow&quot;,&quot;background_slideshow_gallery&quot;:[{&quot;id&quot;:152,&quot;url&quot;:&quot;https:\\\/\\\/tgrupcam.com\\\/wp-content\\\/uploads\\\/2025\\\/02\\\/brown-concrete-building-with-large-windows-1600x1068-1.jpg&quot;},{&quot;id&quot;:184,&quot;url&quot;:&quot;https:\\\/\\\/tgrupcam.com\\\/wp-content\\\/uploads\\\/2025\\\/02\\\/glass-facade-sunny-day-2400x1600-1.jpg&quot;},{&quot;id&quot;:119,&quot;url&quot;:&quot;https:\\\/\\\/tgrupcam.com\\\/wp-content\\\/uploads\\\/2025\\\/02\\\/modern-construction-2400x1600-1.jpg&quot;},{&quot;id&quot;:118,&quot;url&quot;:&quot;https:\\\/\\\/tgrupcam.com\\\/wp-content\\\/uploads\\\/2025\\\/02\\\/stairs-modern-building-2424x1956-1.jpg&quot;}],&quot;background_slideshow_loop&quot;:&quot;yes&quot;,&quot;background_slideshow_slide_duration&quot;:5000,&quot;background_slideshow_slide_transition&quot;:&quot;fade&quot;,&quot;background_slideshow_transition_duration&quot;:500}\">\n\t\t\t\t\t<div class=\"e-con-inner\">\n\t\t\t\t\t<\/div>\n\t\t\t\t<\/div>\n\t\t<div class=\"elementor-element elementor-element-ed8745e e-flex e-con-boxed e-con e-parent\" data-id=\"ed8745e\" data-element_type=\"container\" data-e-type=\"container\">\n\t\t\t\t\t<div class=\"e-con-inner\">\n\t\t\t\t<div class=\"elementor-element elementor-element-cc17f22 elementor-widget elementor-widget-heading\" data-id=\"cc17f22\" data-element_type=\"widget\" data-e-type=\"widget\" data-widget_type=\"heading.default\">\n\t\t\t\t<div class=\"elementor-widget-container\">\n\t\t\t\t\t<h2 class=\"elementor-heading-title elementor-size-default\">Pr\u00e4zision in Glas, exzellenter Service.<\/h2>\t\t\t\t<\/div>\n\t\t\t\t<\/div>\n\t\t\t\t\t<\/div>\n\t\t\t\t<\/div>\n\t\t<div class=\"elementor-element elementor-element-f3aa8c1 e-flex e-con-boxed e-con e-parent\" data-id=\"f3aa8c1\" data-element_type=\"container\" data-e-type=\"container\">\n\t\t\t\t\t<div class=\"e-con-inner\">\n\t\t<div class=\"elementor-element elementor-element-57ba5ed e-con-full e-flex e-con e-child\" data-id=\"57ba5ed\" data-element_type=\"container\" data-e-type=\"container\">\n\t\t\t\t<div class=\"elementor-element elementor-element-c575831 elementor-position-top elementor-widget elementor-widget-image-box\" data-id=\"c575831\" data-element_type=\"widget\" data-e-type=\"widget\" data-widget_type=\"image-box.default\">\n\t\t\t\t<div class=\"elementor-widget-container\">\n\t\t\t\t\t<div class=\"elementor-image-box-wrapper\"><figure class=\"elementor-image-box-img\"><img decoding=\"async\" src=\"https:\/\/tgrupcam.com\/wp-content\/uploads\/elementor\/thumbs\/modern-building-made-crystal-1920x1080-1-r4tyrexsbxh0xh6swtfcfwg2wyeq2tund2ei63jxrg.jpg\" title=\"modern-building-made-crystal-1920&#215;1080\" alt=\"modern-building-made-crystal-1920x1080\" loading=\"lazy\" \/><\/figure><div class=\"elementor-image-box-content\"><h3 class=\"elementor-image-box-title\">Verglaste Einheiten<\/h3><p class=\"elementor-image-box-description\">Akustische Verglasungen - Panzerglas - Feuerfestes Glas - Verglasungen mit warmer Kante - Niedrigemissionsglas - Ornamentglas - Sicherheitsglas - Sonnenschutzglas - Fenstertrennw\u00e4nde<\/p><\/div><\/div>\t\t\t\t<\/div>\n\t\t\t\t<\/div>\n\t\t\t\t<\/div>\n\t\t<div class=\"elementor-element elementor-element-0aefdf5 e-con-full e-flex e-con e-child\" data-id=\"0aefdf5\" data-element_type=\"container\" data-e-type=\"container\">\n\t\t\t\t<div class=\"elementor-element elementor-element-bf36a83 elementor-position-top elementor-widget elementor-widget-image-box\" data-id=\"bf36a83\" data-element_type=\"widget\" data-e-type=\"widget\" data-widget_type=\"image-box.default\">\n\t\t\t\t<div class=\"elementor-widget-container\">\n\t\t\t\t\t<div class=\"elementor-image-box-wrapper\"><figure class=\"elementor-image-box-img\"><img decoding=\"async\" src=\"https:\/\/tgrupcam.com\/wp-content\/uploads\/elementor\/thumbs\/skyscraper-modern-office-buildings-city-Large-r4tyrexsbxh0xh6swtfcfwg2wyeq2tund2ei63jxrg.jpg\" title=\"skyscraper-modern-office-buildings-city (Large)\" alt=\"skyscraper-modern-office-buildings-city (Large)\" loading=\"lazy\" \/><\/figure><div class=\"elementor-image-box-content\"><h3 class=\"elementor-image-box-title\">Spezialglas<\/h3><p class=\"elementor-image-box-description\">Geh\u00e4rtetes Glas \u2013 Vogelfreundliches Glas \u2013 Digitaldruck \u2013 Zuschnitte \u2013 Bohrungen \u2013 HST \u2013 Verbundglas \u2013 Kantenbearbeitung \u2013 Siebdruck \u2013 Br\u00fcstungen<\/p><\/div><\/div>\t\t\t\t<\/div>\n\t\t\t\t<\/div>\n\t\t\t\t<\/div>\n\t\t<div class=\"elementor-element elementor-element-0ade359 e-con-full e-flex e-con e-child\" data-id=\"0ade359\" data-element_type=\"container\" data-e-type=\"container\">\n\t\t\t\t<div class=\"elementor-element elementor-element-e4fc47c elementor-position-top elementor-widget elementor-widget-image-box\" data-id=\"e4fc47c\" data-element_type=\"widget\" data-e-type=\"widget\" data-widget_type=\"image-box.default\">\n\t\t\t\t<div class=\"elementor-widget-container\">\n\t\t\t\t\t<div class=\"elementor-image-box-wrapper\"><figure class=\"elementor-image-box-img\"><img decoding=\"async\" src=\"https:\/\/tgrupcam.com\/wp-content\/uploads\/elementor\/thumbs\/arrangement-large-glass-slices-glass-window-manufacturing-factory-Large-r4tyrexsbxh0xh6swtfcfwg2wyeq2tund2ei63jxrg.jpg\" title=\"arrangement of large glass slices in a glass window manufacturing factory\" alt=\"arrangement of large glass slices in a glass window manufacturing factory\" loading=\"lazy\" \/><\/figure><div class=\"elementor-image-box-content\"><h3 class=\"elementor-image-box-title\">Einzelglas<\/h3><p class=\"elementor-image-box-description\">Wir beziehen hochwertiges Einzelglas von f\u00fchrenden globalen Lieferanten wie AGC, Guardian Sunguard, Pilkington, Saint-Gobain und \u015ei\u015fecam und gew\u00e4hrleisten so \u00fcberragende Leistung und Zuverl\u00e4ssigkeit.<\/p><\/div><\/div>\t\t\t\t<\/div>\n\t\t\t\t<\/div>\n\t\t\t\t<\/div>\n\t\t\t\t\t<\/div>\n\t\t\t\t<\/div>\n\t\t<div class=\"elementor-element elementor-element-2fc6fe9 e-flex e-con-boxed e-con e-parent\" data-id=\"2fc6fe9\" data-element_type=\"container\" data-e-type=\"container\" data-settings=\"{&quot;background_background&quot;:&quot;classic&quot;}\">\n\t\t\t\t\t<div class=\"e-con-inner\">\n\t\t\t\t<div class=\"elementor-element elementor-element-c55154f elementor-widget elementor-widget-heading\" data-id=\"c55154f\" data-element_type=\"widget\" data-e-type=\"widget\" data-widget_type=\"heading.default\">\n\t\t\t\t<div class=\"elementor-widget-container\">\n\t\t\t\t\t<h2 class=\"elementor-heading-title elementor-size-default\">Fassadenverglasung<\/h2>\t\t\t\t<\/div>\n\t\t\t\t<\/div>\n\t\t\t\t<div class=\"elementor-element elementor-element-c59ad45 elementor-widget elementor-widget-image-gallery\" data-id=\"c59ad45\" data-element_type=\"widget\" data-e-type=\"widget\" data-widget_type=\"image-gallery.default\">\n\t\t\t\t<div class=\"elementor-widget-container\">\n\t\t\t\t\t\t\t<div class=\"elementor-image-gallery\">\n\t\t\t<div id='gallery-1' class='gallery galleryid-3044 gallery-columns-6 gallery-size-thumbnail'><figure class='gallery-item'>\n\t\t\t<div class='gallery-icon portrait'>\n\t\t\t\t<a data-elementor-open-lightbox=\"yes\" data-elementor-lightbox-slideshow=\"c59ad45\" data-elementor-lightbox-title=\"columnar-transom-442x465\" data-e-action-hash=\"#elementor-action%3Aaction%3Dlightbox%26settings%3DeyJpZCI6MTI1LCJ1cmwiOiJodHRwczpcL1wvdGdydXBjYW0uY29tXC93cC1jb250ZW50XC91cGxvYWRzXC8yMDI1XC8wMlwvY29sdW1uYXItdHJhbnNvbS00NDJ4NDY1LTEucG5nIiwic2xpZGVzaG93IjoiYzU5YWQ0NSJ9\" href='https:\/\/tgrupcam.com\/wp-content\/uploads\/2025\/02\/columnar-transom-442x465-1.png'><img decoding=\"async\" width=\"150\" height=\"150\" src=\"https:\/\/tgrupcam.com\/wp-content\/uploads\/2025\/02\/columnar-transom-442x465-1-150x150.png\" class=\"attachment-thumbnail size-thumbnail\" alt=\"\" \/><\/a>\n\t\t\t<\/div><\/figure><figure class='gallery-item'>\n\t\t\t<div class='gallery-icon portrait'>\n\t\t\t\t<a data-elementor-open-lightbox=\"yes\" data-elementor-lightbox-slideshow=\"c59ad45\" data-elementor-lightbox-title=\"vertical-line-type1-442x465\" data-e-action-hash=\"#elementor-action%3Aaction%3Dlightbox%26settings%3DeyJpZCI6MTI2LCJ1cmwiOiJodHRwczpcL1wvdGdydXBjYW0uY29tXC93cC1jb250ZW50XC91cGxvYWRzXC8yMDI1XC8wMlwvdmVydGljYWwtbGluZS10eXBlMS00NDJ4NDY1LTEucG5nIiwic2xpZGVzaG93IjoiYzU5YWQ0NSJ9\" href='https:\/\/tgrupcam.com\/wp-content\/uploads\/2025\/02\/vertical-line-type1-442x465-1.png'><img decoding=\"async\" width=\"150\" height=\"150\" src=\"https:\/\/tgrupcam.com\/wp-content\/uploads\/2025\/02\/vertical-line-type1-442x465-1-150x150.png\" class=\"attachment-thumbnail size-thumbnail\" alt=\"\" \/><\/a>\n\t\t\t<\/div><\/figure><figure class='gallery-item'>\n\t\t\t<div class='gallery-icon portrait'>\n\t\t\t\t<a data-elementor-open-lightbox=\"yes\" data-elementor-lightbox-slideshow=\"c59ad45\" data-elementor-lightbox-title=\"horizontal-line-type-442x465\" data-e-action-hash=\"#elementor-action%3Aaction%3Dlightbox%26settings%3DeyJpZCI6MTI3LCJ1cmwiOiJodHRwczpcL1wvdGdydXBjYW0uY29tXC93cC1jb250ZW50XC91cGxvYWRzXC8yMDI1XC8wMlwvaG9yaXpvbnRhbC1saW5lLXR5cGUtNDQyeDQ2NS0xLnBuZyIsInNsaWRlc2hvdyI6ImM1OWFkNDUifQ%3D%3D\" href='https:\/\/tgrupcam.com\/wp-content\/uploads\/2025\/02\/horizontal-line-type-442x465-1.png'><img decoding=\"async\" width=\"150\" height=\"150\" src=\"https:\/\/tgrupcam.com\/wp-content\/uploads\/2025\/02\/horizontal-line-type-442x465-1-150x150.png\" class=\"attachment-thumbnail size-thumbnail\" alt=\"\" \/><\/a>\n\t\t\t<\/div><\/figure><figure class='gallery-item'>\n\t\t\t<div class='gallery-icon portrait'>\n\t\t\t\t<a data-elementor-open-lightbox=\"yes\" data-elementor-lightbox-slideshow=\"c59ad45\" data-elementor-lightbox-title=\"full-structural-glazing-444x465\" data-e-action-hash=\"#elementor-action%3Aaction%3Dlightbox%26settings%3DeyJpZCI6MTI4LCJ1cmwiOiJodHRwczpcL1wvdGdydXBjYW0uY29tXC93cC1jb250ZW50XC91cGxvYWRzXC8yMDI1XC8wMlwvZnVsbC1zdHJ1Y3R1cmFsLWdsYXppbmctNDQ0eDQ2NS0xLnBuZyIsInNsaWRlc2hvdyI6ImM1OWFkNDUifQ%3D%3D\" href='https:\/\/tgrupcam.com\/wp-content\/uploads\/2025\/02\/full-structural-glazing-444x465-1.png'><img loading=\"lazy\" decoding=\"async\" width=\"150\" height=\"150\" src=\"https:\/\/tgrupcam.com\/wp-content\/uploads\/2025\/02\/full-structural-glazing-444x465-1-150x150.png\" class=\"attachment-thumbnail size-thumbnail\" alt=\"\" \/><\/a>\n\t\t\t<\/div><\/figure><figure class='gallery-item'>\n\t\t\t<div class='gallery-icon portrait'>\n\t\t\t\t<a data-elementor-open-lightbox=\"yes\" data-elementor-lightbox-slideshow=\"c59ad45\" data-elementor-lightbox-title=\"bolt-fixing-444x465\" data-e-action-hash=\"#elementor-action%3Aaction%3Dlightbox%26settings%3DeyJpZCI6MTI5LCJ1cmwiOiJodHRwczpcL1wvdGdydXBjYW0uY29tXC93cC1jb250ZW50XC91cGxvYWRzXC8yMDI1XC8wMlwvYm9sdC1maXhpbmctNDQ0eDQ2NS0xLnBuZyIsInNsaWRlc2hvdyI6ImM1OWFkNDUifQ%3D%3D\" href='https:\/\/tgrupcam.com\/wp-content\/uploads\/2025\/02\/bolt-fixing-444x465-1.png'><img loading=\"lazy\" decoding=\"async\" width=\"150\" height=\"150\" src=\"https:\/\/tgrupcam.com\/wp-content\/uploads\/2025\/02\/bolt-fixing-444x465-1-150x150.png\" class=\"attachment-thumbnail size-thumbnail\" alt=\"\" \/><\/a>\n\t\t\t<\/div><\/figure><figure class='gallery-item'>\n\t\t\t<div class='gallery-icon portrait'>\n\t\t\t\t<a data-elementor-open-lightbox=\"yes\" data-elementor-lightbox-slideshow=\"c59ad45\" data-elementor-lightbox-title=\"fin-glazing-444x465\" data-e-action-hash=\"#elementor-action%3Aaction%3Dlightbox%26settings%3DeyJpZCI6MTMwLCJ1cmwiOiJodHRwczpcL1wvdGdydXBjYW0uY29tXC93cC1jb250ZW50XC91cGxvYWRzXC8yMDI1XC8wMlwvZmluLWdsYXppbmctNDQ0eDQ2NS0xLnBuZyIsInNsaWRlc2hvdyI6ImM1OWFkNDUifQ%3D%3D\" href='https:\/\/tgrupcam.com\/wp-content\/uploads\/2025\/02\/fin-glazing-444x465-1.png'><img loading=\"lazy\" decoding=\"async\" width=\"150\" height=\"150\" src=\"https:\/\/tgrupcam.com\/wp-content\/uploads\/2025\/02\/fin-glazing-444x465-1-150x150.png\" class=\"attachment-thumbnail size-thumbnail\" alt=\"\" \/><\/a>\n\t\t\t<\/div><\/figure>\n\t\t<\/div>\n\t\t<\/div>\n\t\t\t\t\t\t<\/div>\n\t\t\t\t<\/div>\n\t\t\t\t<div class=\"elementor-element elementor-element-d07b9ba elementor-widget elementor-widget-text-editor\" data-id=\"d07b9ba\" data-element_type=\"widget\" data-e-type=\"widget\" data-widget_type=\"text-editor.default\">\n\t\t\t\t<div class=\"elementor-widget-container\">\n\t\t\t\t\t\t\t\t\t<p>Mit <strong>un\u00fcbertroffener Gestaltungsflexibilit\u00e4t<\/strong> hat <strong>Structural Glazing<\/strong> die moderne Architektur revolutioniert. Bei <strong>T Grup Cam<\/strong> unterst\u00fctzen wir Architekten und Fassadenplaner dabei, ihre Vision einer <strong>nahtlosen, monolithischen Glasstruktur<\/strong> durch <strong>fortschrittliche Structural-Glazing-L\u00f6sungen<\/strong> zu verwirklichen. Ob mit <strong>Strukturklebetechniken<\/strong> oder <strong>Schraubsystemen<\/strong> \u2013 wir bieten innovative Glasl\u00f6sungen, die <strong>\u00c4sthetik mit hoher Leistung<\/strong> vereinen.<\/p>\n<p>Basierend auf den Konstruktionsmethoden l\u00e4sst sich Structural Glazing in <strong>vier Haupttypen<\/strong> unterteilen, die jeweils <strong>deutliche Vorteile<\/strong> f\u00fcr unterschiedliche architektonische Anwendungen bieten. Unsere Expertise stellt sicher, dass jedes Projekt von <strong>optimaler Haltbarkeit, Energieeffizienz und modernem Design<\/strong> profitiert.<\/p>\n\t\t\t\t\t\t\t\t<\/div>\n\t\t\t\t<\/div>\n\t\t\t\t\t<\/div>\n\t\t\t\t<\/div>\n\t\t<div class=\"elementor-element elementor-element-c03ee2c e-flex e-con-boxed e-con e-parent\" data-id=\"c03ee2c\" data-element_type=\"container\" data-e-type=\"container\">\n\t\t\t\t\t<div class=\"e-con-inner\">\n\t\t\t\t<div class=\"elementor-element elementor-element-3c0c6dc elementor-widget elementor-widget-heading\" data-id=\"3c0c6dc\" data-element_type=\"widget\" data-e-type=\"widget\" data-widget_type=\"heading.default\">\n\t\t\t\t<div class=\"elementor-widget-container\">\n\t\t\t\t\t<h2 class=\"elementor-heading-title elementor-size-default\">Pr\u00e4zision in Glas, exzellenter Service.<\/h2>\t\t\t\t<\/div>\n\t\t\t\t<\/div>\n\t\t\t\t\t<\/div>\n\t\t\t\t<\/div>\n\t\t<div class=\"elementor-element elementor-element-bcc7cf5 e-flex e-con-boxed e-con e-parent\" data-id=\"bcc7cf5\" data-element_type=\"container\" data-e-type=\"container\">\n\t\t\t\t\t<div class=\"e-con-inner\">\n\t\t<div class=\"elementor-element elementor-element-2ed2d7f e-con-full e-flex e-con e-child\" data-id=\"2ed2d7f\" data-element_type=\"container\" data-e-type=\"container\">\n\t\t\t\t<div class=\"elementor-element elementor-element-6cd3138 elementor-position-top elementor-widget elementor-widget-image-box\" data-id=\"6cd3138\" data-element_type=\"widget\" data-e-type=\"widget\" data-widget_type=\"image-box.default\">\n\t\t\t\t<div class=\"elementor-widget-container\">\n\t\t\t\t\t<div class=\"elementor-image-box-wrapper\"><figure class=\"elementor-image-box-img\"><a href=\"https:\/\/tgrupcam.com\/index.php\/yachtglas\/?lang=de\" tabindex=\"-1\"><img decoding=\"async\" src=\"https:\/\/tgrupcam.com\/wp-content\/uploads\/elementor\/thumbs\/luxury-big-yacht-stay-sea-around-island-background-sky-Large-r6gzimar3q5y9jg3027i741j0wzxz9mpldliwfa65o.jpg\" title=\"Luxury big yacht stay in the sea around the island on a background of the sky\" alt=\"Luxury big yacht stay in the sea around the island on a background of the sky\" loading=\"lazy\" \/><\/a><\/figure><div class=\"elementor-image-box-content\"><h3 class=\"elementor-image-box-title\"><a href=\"https:\/\/tgrupcam.com\/index.php\/yachtglas\/?lang=de\">Yachtglas<\/a><\/h3><p class=\"elementor-image-box-description\">Klicken Sie hier f\u00fcr die Informationen.<\/p><\/div><\/div>\t\t\t\t<\/div>\n\t\t\t\t<\/div>\n\t\t\t\t<\/div>\n\t\t<div class=\"elementor-element elementor-element-d8b85a2 e-con-full e-flex e-con e-child\" data-id=\"d8b85a2\" data-element_type=\"container\" data-e-type=\"container\">\n\t\t\t\t<div class=\"elementor-element elementor-element-e7046fe elementor-position-top elementor-widget elementor-widget-image-box\" data-id=\"e7046fe\" data-element_type=\"widget\" data-e-type=\"widget\" data-widget_type=\"image-box.default\">\n\t\t\t\t<div class=\"elementor-widget-container\">\n\t\t\t\t\t<div class=\"elementor-image-box-wrapper\"><figure class=\"elementor-image-box-img\"><a href=\"https:\/\/tgrupcam.com\/index.php\/panzerglas\/?lang=de\" tabindex=\"-1\"><img decoding=\"async\" src=\"https:\/\/tgrupcam.com\/wp-content\/uploads\/elementor\/thumbs\/IMG-20250610-WA0007-r73i7w8l4ulw3q7dhk2j8b555ahjlt5jj2yywtzdm4.jpg\" title=\"IMG-20250610-WA0007\" alt=\"IMG-20250610-WA0007\" loading=\"lazy\" \/><\/a><\/figure><div class=\"elementor-image-box-content\"><h3 class=\"elementor-image-box-title\"><a href=\"https:\/\/tgrupcam.com\/index.php\/panzerglas\/?lang=de\">Panzerglas f\u00fcr die Automobilindustrie<\/a><\/h3><p class=\"elementor-image-box-description\">Klicken Sie hier f\u00fcr die Informationen.<\/p><\/div><\/div>\t\t\t\t<\/div>\n\t\t\t\t<\/div>\n\t\t\t\t<\/div>\n\t\t<div class=\"elementor-element elementor-element-c79693d e-con-full e-flex e-con e-child\" data-id=\"c79693d\" data-element_type=\"container\" data-e-type=\"container\">\n\t\t\t\t<div class=\"elementor-element elementor-element-1840bbf elementor-position-top elementor-widget elementor-widget-image-box\" data-id=\"1840bbf\" data-element_type=\"widget\" data-e-type=\"widget\" data-widget_type=\"image-box.default\">\n\t\t\t\t<div class=\"elementor-widget-container\">\n\t\t\t\t\t<div class=\"elementor-image-box-wrapper\"><figure class=\"elementor-image-box-img\"><a href=\"https:\/\/tgrupcam.com\/index.php\/gelaenderglas-balustrade\/?lang=de\" tabindex=\"-1\"><img decoding=\"async\" src=\"https:\/\/tgrupcam.com\/wp-content\/uploads\/elementor\/thumbs\/interior-design-modern-building-Large-r6gzm2dg5uvsu2fuvju9c8qdfs0e7bba2fpm8y67cc.jpg\" title=\"Interior design of modern building\" alt=\"Modern interior design of office building. Empty lobby of condominium building. Two-level house design concept\" loading=\"lazy\" \/><\/a><\/figure><div class=\"elementor-image-box-content\"><h3 class=\"elementor-image-box-title\"><a href=\"https:\/\/tgrupcam.com\/index.php\/gelaenderglas-balustrade\/?lang=de\">Gel\u00e4nderglas - Balustrade<\/a><\/h3><p class=\"elementor-image-box-description\">Klicken Sie hier f\u00fcr die Informationen.<\/p><\/div><\/div>\t\t\t\t<\/div>\n\t\t\t\t<\/div>\n\t\t\t\t<\/div>\n\t\t\t\t\t<\/div>\n\t\t\t\t<\/div>\n\t\t<div class=\"elementor-element elementor-element-fe549b6 e-flex e-con-boxed e-con e-parent\" data-id=\"fe549b6\" data-element_type=\"container\" data-e-type=\"container\" data-settings=\"{&quot;background_background&quot;:&quot;classic&quot;}\">\n\t\t\t\t\t<div class=\"e-con-inner\">\n\t\t<div class=\"elementor-element elementor-element-619d480 e-con-full e-flex e-con e-child\" data-id=\"619d480\" data-element_type=\"container\" data-e-type=\"container\">\n\t\t\t\t<div class=\"elementor-element elementor-element-79f3ad2 elementor-widget elementor-widget-heading\" data-id=\"79f3ad2\" data-element_type=\"widget\" data-e-type=\"widget\" data-widget_type=\"heading.default\">\n\t\t\t\t<div class=\"elementor-widget-container\">\n\t\t\t\t\t<h2 class=\"elementor-heading-title elementor-size-default\">Vertrauensw\u00fcrdiges Glas, weltweite Lieferung.<\/h2>\t\t\t\t<\/div>\n\t\t\t\t<\/div>\n\t\t\t\t<div class=\"elementor-element elementor-element-d6c5657 elementor-widget elementor-widget-text-editor\" data-id=\"d6c5657\" data-element_type=\"widget\" data-e-type=\"widget\" data-widget_type=\"text-editor.default\">\n\t\t\t\t<div class=\"elementor-widget-container\">\n\t\t\t\t\t\t\t\t\t<p data-start=\"0\" data-end=\"310\">Bei T Grup Cam exportieren wir mit Stolz unsere hochwertigen Glasl\u00f6sungen in \u00fcber 25 L\u00e4nder in Europa, Nordamerika, dem Nahen Osten und Afrika. Unser Engagement f\u00fcr Pr\u00e4zision, Zuverl\u00e4ssigkeit und kundenorientierten Service hat uns zu einem vertrauensw\u00fcrdigen Partner in L\u00e4ndern wie diesen gemacht:<\/p>\n<p data-start=\"312\" data-end=\"692\">\ud83c\uddfa\ud83c\uddf8 Vereinigte Staaten\u2003\u2003\ud83c\udde8\ud83c\udde6 Kanada\u2003\u2003\ud83c\udde9\ud83c\uddea Deutschland\u2003\u2003\ud83c\uddf3\ud83c\uddf1 Niederlande\u2003\u2003\ud83c\udde7\ud83c\uddea Belgien<br data-start=\"389\" data-end=\"392\" \/>\ud83c\udde7\ud83c\uddec Bulgarien\u2003\u2003\ud83c\uddf7\ud83c\uddf4 Rum\u00e4nien\u2003\u2003\ud83c\udded\ud83c\uddfa Ungarn\u2003\u2003\ud83c\udde7\ud83c\udde6 Bosnien und Herzegowina\u2003\u2003\ud83c\uddee\ud83c\uddf1 Israel<br data-start=\"475\" data-end=\"478\" data-is-only-node=\"\" \/>\ud83c\uddf3\ud83c\uddf4 Norwegen\u2003\u2003\ud83c\uddee\ud83c\uddf9 Italien\u2003\u2003\ud83c\uddeb\ud83c\uddf7 Frankreich\u2003\u2003\ud83c\uddec\ud83c\uddf7 Griechenland\u2003\u2003\ud83c\uddf7\ud83c\uddfa Russland<br data-start=\"540\" data-end=\"543\" \/>\ud83c\uddf1\ud83c\uddfe Libyen\u2003\u2003\ud83c\uddf8\ud83c\uddf3 Senegal\u2003\u2003\ud83c\udde8\ud83c\udde9 Demokratische Republik Kongo\u2003\u2003\ud83c\udde6\ud83c\uddea Dubai (VAE)<br data-start=\"620\" data-end=\"623\" \/>\ud83c\uddec\ud83c\uddea Georgien\u2003\u2003\ud83c\uddfd\ud83c\uddf0 Kosovo\u2003\u2003\ud83c\udded\ud83c\uddf7 Kroatien\u2003\u2003\ud83c\uddf1\ud83c\uddfa Luxemburg\u2003\u2003\ud83c\uddf7\ud83c\uddf8 Serbien<\/p>\n<p data-start=\"694\" data-end=\"915\" data-is-last-node=\"\" data-is-only-node=\"\">Von architektonischen Fassaden bis hin zu fortschrittlichen industriellen Glasanwendungen liefern wir ma\u00dfgeschneiderte, langlebige und innovative Verglasungsl\u00f6sungen, die internationale Standards erf\u00fcllen und Erwartungen \u00fcbertreffen \u2013 wo auch immer Sie sich auf der Welt befinden.<\/p>\n\t\t\t\t\t\t\t\t<\/div>\n\t\t\t\t<\/div>\n\t\t\t\t<\/div>\n\t\t\t\t\t<\/div>\n\t\t\t\t<\/div>\n\t\t<div class=\"elementor-element elementor-element-78da821 e-flex e-con-boxed e-con e-parent\" data-id=\"78da821\" data-element_type=\"container\" data-e-type=\"container\" data-settings=\"{&quot;background_background&quot;:&quot;classic&quot;,&quot;background_motion_fx_motion_fx_scrolling&quot;:&quot;yes&quot;,&quot;background_motion_fx_translateY_effect&quot;:&quot;yes&quot;,&quot;background_motion_fx_translateY_speed&quot;:{&quot;unit&quot;:&quot;px&quot;,&quot;size&quot;:4,&quot;sizes&quot;:[]},&quot;background_motion_fx_translateY_affectedRange&quot;:{&quot;unit&quot;:&quot;%&quot;,&quot;size&quot;:&quot;&quot;,&quot;sizes&quot;:{&quot;start&quot;:0,&quot;end&quot;:100}},&quot;background_motion_fx_devices&quot;:[&quot;desktop&quot;,&quot;tablet&quot;,&quot;mobile&quot;]}\">\n\t\t\t\t\t<div class=\"e-con-inner\">\n\t\t\t\t<div class=\"elementor-element elementor-element-cb48ca9 elementor-widget elementor-widget-heading\" data-id=\"cb48ca9\" data-element_type=\"widget\" data-e-type=\"widget\" data-widget_type=\"heading.default\">\n\t\t\t\t<div class=\"elementor-widget-container\">\n\t\t\t\t\t<h2 class=\"elementor-heading-title elementor-size-default\">Wir modifizieren st\u00e4ndig unsere Herstellungsprozesse und \u00e4ndern unsere Gewohnheiten, um die negativen Auswirkungen auf die Umwelt zu begrenzen.<\/h2>\t\t\t\t<\/div>\n\t\t\t\t<\/div>\n\t\t\t\t<div class=\"elementor-element elementor-element-294fab3 elementor-widget elementor-widget-text-editor\" data-id=\"294fab3\" data-element_type=\"widget\" data-e-type=\"widget\" data-widget_type=\"text-editor.default\">\n\t\t\t\t<div class=\"elementor-widget-container\">\n\t\t\t\t\t\t\t\t\t<p>Um die Ver\u00e4nderungen zu erleichtern, haben wir ISO 14001 eingef\u00fchrt, das weltweite Managementsystem f\u00fcr Umweltschutz.<\/p>\n\t\t\t\t\t\t\t\t<\/div>\n\t\t\t\t<\/div>\n\t\t\t\t<div class=\"elementor-element elementor-element-daa5667 elementor-align-center elementor-widget elementor-widget-button\" data-id=\"daa5667\" data-element_type=\"widget\" data-e-type=\"widget\" data-widget_type=\"button.default\">\n\t\t\t\t<div class=\"elementor-widget-container\">\n\t\t\t\t\t\t\t\t\t<div class=\"elementor-button-wrapper\">\n\t\t\t\t\t<a class=\"elementor-button elementor-button-link elementor-size-sm\" href=\"https:\/\/tgrupcam.com\/index.php\/kontakt\/?lang=de\">\n\t\t\t\t\t\t<span class=\"elementor-button-content-wrapper\">\n\t\t\t\t\t\t\t\t\t<span class=\"elementor-button-text\">Kontaktieren Sie uns<\/span>\n\t\t\t\t\t<\/span>\n\t\t\t\t\t<\/a>\n\t\t\t\t<\/div>\n\t\t\t\t\t\t\t\t<\/div>\n\t\t\t\t<\/div>\n\t\t\t\t\t<\/div>\n\t\t\t\t<\/div>\n\t\t\t\t<\/div>\n\t\t","protected":false},"excerpt":{"rendered":"<p>Pr\u00e4zision in Glas, exzellenter Service. Verglaste Einheiten Akustische Verglasungen &#8211; Panzerglas &#8211; Feuerfestes Glas &#8211; Verglasungen mit warmer Kante &#8211; Niedrigemissionsglas &#8211; Ornamentglas &#8211; Sicherheitsglas &#8211; Sonnenschutzglas &#8211; Fenstertrennw\u00e4nde Spezialglas Geh\u00e4rtetes Glas \u2013 Vogelfreundliches Glas \u2013 Digitaldruck \u2013 Zuschnitte \u2013 Bohrungen \u2013 HST \u2013 Verbundglas \u2013 Kantenbearbeitung \u2013 Siebdruck \u2013 Br\u00fcstungen Einzelglas Wir beziehen hochwertiges [&hellip;]<\/p>\n","protected":false},"author":1,"featured_media":0,"parent":0,"menu_order":0,"comment_status":"closed","ping_status":"closed","template":"elementor_header_footer","meta":{"footnotes":""},"class_list":["post-3044","page","type-page","status-publish","hentry"],"_links":{"self":[{"href":"https:\/\/tgrupcam.com\/index.php\/wp-json\/wp\/v2\/pages\/3044","targetHints":{"allow":["GET"]}}],"collection":[{"href":"https:\/\/tgrupcam.com\/index.php\/wp-json\/wp\/v2\/pages"}],"about":[{"href":"https:\/\/tgrupcam.com\/index.php\/wp-json\/wp\/v2\/types\/page"}],"author":[{"embeddable":true,"href":"https:\/\/tgrupcam.com\/index.php\/wp-json\/wp\/v2\/users\/1"}],"replies":[{"embeddable":true,"href":"https:\/\/tgrupcam.com\/index.php\/wp-json\/wp\/v2\/comments?post=3044"}],"version-history":[{"count":0,"href":"https:\/\/tgrupcam.com\/index.php\/wp-json\/wp\/v2\/pages\/3044\/revisions"}],"wp:attachment":[{"href":"https:\/\/tgrupcam.com\/index.php\/wp-json\/wp\/v2\/media?parent=3044"}],"curies":[{"name":"wp","href":"https:\/\/api.w.org\/{rel}","templated":true}]}}