{"id":3046,"date":"2025-02-05T10:45:19","date_gmt":"2025-02-05T07:45:19","guid":{"rendered":"https:\/\/tgrupcam.com\/index.php\/maison\/"},"modified":"2025-06-11T17:21:34","modified_gmt":"2025-06-11T14:21:34","slug":"maison","status":"publish","type":"page","link":"https:\/\/tgrupcam.com\/index.php\/maison\/?lang=fr","title":{"rendered":"Maison"},"content":{"rendered":"\t\t<div data-elementor-type=\"wp-page\" data-elementor-id=\"3046\" class=\"elementor elementor-3046 elementor-9\" data-elementor-post-type=\"page\">\n\t\t\t\t<div class=\"elementor-element elementor-element-58f1855 e-flex e-con-boxed e-con e-parent\" data-id=\"58f1855\" data-element_type=\"container\" data-e-type=\"container\" data-settings=\"{&quot;background_background&quot;:&quot;slideshow&quot;,&quot;background_slideshow_gallery&quot;:[{&quot;id&quot;:152,&quot;url&quot;:&quot;https:\\\/\\\/tgrupcam.com\\\/wp-content\\\/uploads\\\/2025\\\/02\\\/brown-concrete-building-with-large-windows-1600x1068-1.jpg&quot;},{&quot;id&quot;:184,&quot;url&quot;:&quot;https:\\\/\\\/tgrupcam.com\\\/wp-content\\\/uploads\\\/2025\\\/02\\\/glass-facade-sunny-day-2400x1600-1.jpg&quot;},{&quot;id&quot;:119,&quot;url&quot;:&quot;https:\\\/\\\/tgrupcam.com\\\/wp-content\\\/uploads\\\/2025\\\/02\\\/modern-construction-2400x1600-1.jpg&quot;},{&quot;id&quot;:118,&quot;url&quot;:&quot;https:\\\/\\\/tgrupcam.com\\\/wp-content\\\/uploads\\\/2025\\\/02\\\/stairs-modern-building-2424x1956-1.jpg&quot;}],&quot;background_slideshow_loop&quot;:&quot;yes&quot;,&quot;background_slideshow_slide_duration&quot;:5000,&quot;background_slideshow_slide_transition&quot;:&quot;fade&quot;,&quot;background_slideshow_transition_duration&quot;:500}\">\n\t\t\t\t\t<div class=\"e-con-inner\">\n\t\t\t\t\t<\/div>\n\t\t\t\t<\/div>\n\t\t<div class=\"elementor-element elementor-element-ed8745e e-flex e-con-boxed e-con e-parent\" data-id=\"ed8745e\" data-element_type=\"container\" data-e-type=\"container\">\n\t\t\t\t\t<div class=\"e-con-inner\">\n\t\t\t\t<div class=\"elementor-element elementor-element-cc17f22 elementor-widget elementor-widget-heading\" data-id=\"cc17f22\" data-element_type=\"widget\" data-e-type=\"widget\" data-widget_type=\"heading.default\">\n\t\t\t\t<div class=\"elementor-widget-container\">\n\t\t\t\t\t<h2 class=\"elementor-heading-title elementor-size-default\">Pr\u00e9cision dans le verre, excellence dans le service.<\/h2>\t\t\t\t<\/div>\n\t\t\t\t<\/div>\n\t\t\t\t\t<\/div>\n\t\t\t\t<\/div>\n\t\t<div class=\"elementor-element elementor-element-f3aa8c1 e-flex e-con-boxed e-con e-parent\" data-id=\"f3aa8c1\" data-element_type=\"container\" data-e-type=\"container\">\n\t\t\t\t\t<div class=\"e-con-inner\">\n\t\t<div class=\"elementor-element elementor-element-57ba5ed e-con-full e-flex e-con e-child\" data-id=\"57ba5ed\" data-element_type=\"container\" data-e-type=\"container\">\n\t\t\t\t<div class=\"elementor-element elementor-element-c575831 elementor-position-top elementor-widget elementor-widget-image-box\" data-id=\"c575831\" data-element_type=\"widget\" data-e-type=\"widget\" data-widget_type=\"image-box.default\">\n\t\t\t\t<div class=\"elementor-widget-container\">\n\t\t\t\t\t<div class=\"elementor-image-box-wrapper\"><figure class=\"elementor-image-box-img\"><img decoding=\"async\" src=\"https:\/\/tgrupcam.com\/wp-content\/uploads\/elementor\/thumbs\/modern-building-made-crystal-1920x1080-1-r4tyrexsbxh0xh6swtfcfwg2wyeq2tund2ei63jxrg.jpg\" title=\"modern-building-made-crystal-1920&#215;1080\" alt=\"modern-building-made-crystal-1920x1080\" loading=\"lazy\" \/><\/figure><div class=\"elementor-image-box-content\"><h3 class=\"elementor-image-box-title\">Unit\u00e9s vitr\u00e9es<\/h3><p class=\"elementor-image-box-description\">Vitrages acoustiques - Vitrage pare-balles - Vitrage r\u00e9sistant au feu - Vitrages \u00e0 bords chauds - Vitrage \u00e0 faible \u00e9mission - Vitrage d\u00e9coratif - Vitrage de s\u00e9curit\u00e9 - Vitrage \u00e0 contr\u00f4le solaire - Cloisons de s\u00e9paration<\/p><\/div><\/div>\t\t\t\t<\/div>\n\t\t\t\t<\/div>\n\t\t\t\t<\/div>\n\t\t<div class=\"elementor-element elementor-element-0aefdf5 e-con-full e-flex e-con e-child\" data-id=\"0aefdf5\" data-element_type=\"container\" data-e-type=\"container\">\n\t\t\t\t<div class=\"elementor-element elementor-element-bf36a83 elementor-position-top elementor-widget elementor-widget-image-box\" data-id=\"bf36a83\" data-element_type=\"widget\" data-e-type=\"widget\" data-widget_type=\"image-box.default\">\n\t\t\t\t<div class=\"elementor-widget-container\">\n\t\t\t\t\t<div class=\"elementor-image-box-wrapper\"><figure class=\"elementor-image-box-img\"><img decoding=\"async\" src=\"https:\/\/tgrupcam.com\/wp-content\/uploads\/elementor\/thumbs\/skyscraper-modern-office-buildings-city-Large-r4tyrexsbxh0xh6swtfcfwg2wyeq2tund2ei63jxrg.jpg\" title=\"skyscraper-modern-office-buildings-city (Large)\" alt=\"skyscraper-modern-office-buildings-city (Large)\" loading=\"lazy\" \/><\/figure><div class=\"elementor-image-box-content\"><h3 class=\"elementor-image-box-title\">Verre sp\u00e9cial<\/h3><p class=\"elementor-image-box-description\">Verre tremp\u00e9 - Verre respectueux des oiseaux - Impression num\u00e9rique - D\u00e9coupes - Per\u00e7ages - HST - Verre feuillet\u00e9 - Usinage des bords - S\u00e9rigraphie - All\u00e8ges<\/p><\/div><\/div>\t\t\t\t<\/div>\n\t\t\t\t<\/div>\n\t\t\t\t<\/div>\n\t\t<div class=\"elementor-element elementor-element-0ade359 e-con-full e-flex e-con e-child\" data-id=\"0ade359\" data-element_type=\"container\" data-e-type=\"container\">\n\t\t\t\t<div class=\"elementor-element elementor-element-e4fc47c elementor-position-top elementor-widget elementor-widget-image-box\" data-id=\"e4fc47c\" data-element_type=\"widget\" data-e-type=\"widget\" data-widget_type=\"image-box.default\">\n\t\t\t\t<div class=\"elementor-widget-container\">\n\t\t\t\t\t<div class=\"elementor-image-box-wrapper\"><figure class=\"elementor-image-box-img\"><img decoding=\"async\" src=\"https:\/\/tgrupcam.com\/wp-content\/uploads\/elementor\/thumbs\/arrangement-large-glass-slices-glass-window-manufacturing-factory-Large-r4tyrexsbxh0xh6swtfcfwg2wyeq2tund2ei63jxrg.jpg\" title=\"arrangement of large glass slices in a glass window manufacturing factory\" alt=\"arrangement of large glass slices in a glass window manufacturing factory\" loading=\"lazy\" \/><\/figure><div class=\"elementor-image-box-content\"><h3 class=\"elementor-image-box-title\">Verre simple<\/h3><p class=\"elementor-image-box-description\">Nous nous approvisionnons en verre simple de haute qualit\u00e9 aupr\u00e8s de fournisseurs mondiaux de premier plan tels que AGC, Guardian Sunguard, Pilkington, Saint-Gobain et \u015ei\u015fecam, garantissant des performances et une fiabilit\u00e9 sup\u00e9rieures.<\/p><\/div><\/div>\t\t\t\t<\/div>\n\t\t\t\t<\/div>\n\t\t\t\t<\/div>\n\t\t\t\t\t<\/div>\n\t\t\t\t<\/div>\n\t\t<div class=\"elementor-element elementor-element-2fc6fe9 e-flex e-con-boxed e-con e-parent\" data-id=\"2fc6fe9\" data-element_type=\"container\" data-e-type=\"container\" data-settings=\"{&quot;background_background&quot;:&quot;classic&quot;}\">\n\t\t\t\t\t<div class=\"e-con-inner\">\n\t\t\t\t<div class=\"elementor-element elementor-element-c55154f elementor-widget elementor-widget-heading\" data-id=\"c55154f\" data-element_type=\"widget\" data-e-type=\"widget\" data-widget_type=\"heading.default\">\n\t\t\t\t<div class=\"elementor-widget-container\">\n\t\t\t\t\t<h2 class=\"elementor-heading-title elementor-size-default\">Vitrage de fa\u00e7ade<\/h2>\t\t\t\t<\/div>\n\t\t\t\t<\/div>\n\t\t\t\t<div class=\"elementor-element elementor-element-c59ad45 elementor-widget elementor-widget-image-gallery\" data-id=\"c59ad45\" data-element_type=\"widget\" data-e-type=\"widget\" data-widget_type=\"image-gallery.default\">\n\t\t\t\t<div class=\"elementor-widget-container\">\n\t\t\t\t\t\t\t<div class=\"elementor-image-gallery\">\n\t\t\t<div id='gallery-1' class='gallery galleryid-3046 gallery-columns-6 gallery-size-thumbnail'><figure class='gallery-item'>\n\t\t\t<div class='gallery-icon portrait'>\n\t\t\t\t<a data-elementor-open-lightbox=\"yes\" data-elementor-lightbox-slideshow=\"c59ad45\" data-elementor-lightbox-title=\"columnar-transom-442x465\" data-e-action-hash=\"#elementor-action%3Aaction%3Dlightbox%26settings%3DeyJpZCI6MTI1LCJ1cmwiOiJodHRwczpcL1wvdGdydXBjYW0uY29tXC93cC1jb250ZW50XC91cGxvYWRzXC8yMDI1XC8wMlwvY29sdW1uYXItdHJhbnNvbS00NDJ4NDY1LTEucG5nIiwic2xpZGVzaG93IjoiYzU5YWQ0NSJ9\" href='https:\/\/tgrupcam.com\/wp-content\/uploads\/2025\/02\/columnar-transom-442x465-1.png'><img decoding=\"async\" width=\"150\" height=\"150\" src=\"https:\/\/tgrupcam.com\/wp-content\/uploads\/2025\/02\/columnar-transom-442x465-1-150x150.png\" class=\"attachment-thumbnail size-thumbnail\" alt=\"\" \/><\/a>\n\t\t\t<\/div><\/figure><figure class='gallery-item'>\n\t\t\t<div class='gallery-icon portrait'>\n\t\t\t\t<a data-elementor-open-lightbox=\"yes\" data-elementor-lightbox-slideshow=\"c59ad45\" data-elementor-lightbox-title=\"vertical-line-type1-442x465\" data-e-action-hash=\"#elementor-action%3Aaction%3Dlightbox%26settings%3DeyJpZCI6MTI2LCJ1cmwiOiJodHRwczpcL1wvdGdydXBjYW0uY29tXC93cC1jb250ZW50XC91cGxvYWRzXC8yMDI1XC8wMlwvdmVydGljYWwtbGluZS10eXBlMS00NDJ4NDY1LTEucG5nIiwic2xpZGVzaG93IjoiYzU5YWQ0NSJ9\" href='https:\/\/tgrupcam.com\/wp-content\/uploads\/2025\/02\/vertical-line-type1-442x465-1.png'><img decoding=\"async\" width=\"150\" height=\"150\" src=\"https:\/\/tgrupcam.com\/wp-content\/uploads\/2025\/02\/vertical-line-type1-442x465-1-150x150.png\" class=\"attachment-thumbnail size-thumbnail\" alt=\"\" \/><\/a>\n\t\t\t<\/div><\/figure><figure class='gallery-item'>\n\t\t\t<div class='gallery-icon portrait'>\n\t\t\t\t<a data-elementor-open-lightbox=\"yes\" data-elementor-lightbox-slideshow=\"c59ad45\" data-elementor-lightbox-title=\"horizontal-line-type-442x465\" data-e-action-hash=\"#elementor-action%3Aaction%3Dlightbox%26settings%3DeyJpZCI6MTI3LCJ1cmwiOiJodHRwczpcL1wvdGdydXBjYW0uY29tXC93cC1jb250ZW50XC91cGxvYWRzXC8yMDI1XC8wMlwvaG9yaXpvbnRhbC1saW5lLXR5cGUtNDQyeDQ2NS0xLnBuZyIsInNsaWRlc2hvdyI6ImM1OWFkNDUifQ%3D%3D\" href='https:\/\/tgrupcam.com\/wp-content\/uploads\/2025\/02\/horizontal-line-type-442x465-1.png'><img decoding=\"async\" width=\"150\" height=\"150\" src=\"https:\/\/tgrupcam.com\/wp-content\/uploads\/2025\/02\/horizontal-line-type-442x465-1-150x150.png\" class=\"attachment-thumbnail size-thumbnail\" alt=\"\" \/><\/a>\n\t\t\t<\/div><\/figure><figure class='gallery-item'>\n\t\t\t<div class='gallery-icon portrait'>\n\t\t\t\t<a data-elementor-open-lightbox=\"yes\" data-elementor-lightbox-slideshow=\"c59ad45\" data-elementor-lightbox-title=\"full-structural-glazing-444x465\" data-e-action-hash=\"#elementor-action%3Aaction%3Dlightbox%26settings%3DeyJpZCI6MTI4LCJ1cmwiOiJodHRwczpcL1wvdGdydXBjYW0uY29tXC93cC1jb250ZW50XC91cGxvYWRzXC8yMDI1XC8wMlwvZnVsbC1zdHJ1Y3R1cmFsLWdsYXppbmctNDQ0eDQ2NS0xLnBuZyIsInNsaWRlc2hvdyI6ImM1OWFkNDUifQ%3D%3D\" href='https:\/\/tgrupcam.com\/wp-content\/uploads\/2025\/02\/full-structural-glazing-444x465-1.png'><img loading=\"lazy\" decoding=\"async\" width=\"150\" height=\"150\" src=\"https:\/\/tgrupcam.com\/wp-content\/uploads\/2025\/02\/full-structural-glazing-444x465-1-150x150.png\" class=\"attachment-thumbnail size-thumbnail\" alt=\"\" \/><\/a>\n\t\t\t<\/div><\/figure><figure class='gallery-item'>\n\t\t\t<div class='gallery-icon portrait'>\n\t\t\t\t<a data-elementor-open-lightbox=\"yes\" data-elementor-lightbox-slideshow=\"c59ad45\" data-elementor-lightbox-title=\"bolt-fixing-444x465\" data-e-action-hash=\"#elementor-action%3Aaction%3Dlightbox%26settings%3DeyJpZCI6MTI5LCJ1cmwiOiJodHRwczpcL1wvdGdydXBjYW0uY29tXC93cC1jb250ZW50XC91cGxvYWRzXC8yMDI1XC8wMlwvYm9sdC1maXhpbmctNDQ0eDQ2NS0xLnBuZyIsInNsaWRlc2hvdyI6ImM1OWFkNDUifQ%3D%3D\" href='https:\/\/tgrupcam.com\/wp-content\/uploads\/2025\/02\/bolt-fixing-444x465-1.png'><img loading=\"lazy\" decoding=\"async\" width=\"150\" height=\"150\" src=\"https:\/\/tgrupcam.com\/wp-content\/uploads\/2025\/02\/bolt-fixing-444x465-1-150x150.png\" class=\"attachment-thumbnail size-thumbnail\" alt=\"\" \/><\/a>\n\t\t\t<\/div><\/figure><figure class='gallery-item'>\n\t\t\t<div class='gallery-icon portrait'>\n\t\t\t\t<a data-elementor-open-lightbox=\"yes\" data-elementor-lightbox-slideshow=\"c59ad45\" data-elementor-lightbox-title=\"fin-glazing-444x465\" data-e-action-hash=\"#elementor-action%3Aaction%3Dlightbox%26settings%3DeyJpZCI6MTMwLCJ1cmwiOiJodHRwczpcL1wvdGdydXBjYW0uY29tXC93cC1jb250ZW50XC91cGxvYWRzXC8yMDI1XC8wMlwvZmluLWdsYXppbmctNDQ0eDQ2NS0xLnBuZyIsInNsaWRlc2hvdyI6ImM1OWFkNDUifQ%3D%3D\" href='https:\/\/tgrupcam.com\/wp-content\/uploads\/2025\/02\/fin-glazing-444x465-1.png'><img loading=\"lazy\" decoding=\"async\" width=\"150\" height=\"150\" src=\"https:\/\/tgrupcam.com\/wp-content\/uploads\/2025\/02\/fin-glazing-444x465-1-150x150.png\" class=\"attachment-thumbnail size-thumbnail\" alt=\"\" \/><\/a>\n\t\t\t<\/div><\/figure>\n\t\t<\/div>\n\t\t<\/div>\n\t\t\t\t\t\t<\/div>\n\t\t\t\t<\/div>\n\t\t\t\t<div class=\"elementor-element elementor-element-d07b9ba elementor-widget elementor-widget-text-editor\" data-id=\"d07b9ba\" data-element_type=\"widget\" data-e-type=\"widget\" data-widget_type=\"text-editor.default\">\n\t\t\t\t<div class=\"elementor-widget-container\">\n\t\t\t\t\t\t\t\t\t<p>Gr\u00e2ce \u00e0 une <strong>flexibilit\u00e9 de conception in\u00e9gal\u00e9e<\/strong>, le <strong>vitrage structurel<\/strong> a r\u00e9volutionn\u00e9 l&#8217;architecture moderne. Chez <strong>T Grup Cam<\/strong>, nous permettons aux architectes et aux concepteurs de fa\u00e7ades de concr\u00e9tiser leur vision d&#8217;une <strong>structure en verre monolithique et homog\u00e8ne<\/strong> gr\u00e2ce \u00e0 des <strong>solutions de vitrage structurel avanc\u00e9es<\/strong>. Qu&#8217;il s&#8217;agisse de <strong>techniques de collage structurel<\/strong> ou de <strong>syst\u00e8mes de fixation par boulons<\/strong>, nous proposons des solutions de verre de pointe qui allient esth\u00e9tique et hautes performances.<\/p>\n<p>Selon les m\u00e9thodes de construction, le vitrage structurel peut \u00eatre class\u00e9 en <strong>quatre principaux types<\/strong>, chacun offrant des <strong>avantages distincts<\/strong> pour diff\u00e9rentes applications architecturales. Notre expertise garantit \u00e0 chaque projet une <strong>durabilit\u00e9 optimale, une efficacit\u00e9 \u00e9nerg\u00e9tique et un design contemporain<\/strong>.<\/p>\n\t\t\t\t\t\t\t\t<\/div>\n\t\t\t\t<\/div>\n\t\t\t\t\t<\/div>\n\t\t\t\t<\/div>\n\t\t<div class=\"elementor-element elementor-element-c03ee2c e-flex e-con-boxed e-con e-parent\" data-id=\"c03ee2c\" data-element_type=\"container\" data-e-type=\"container\">\n\t\t\t\t\t<div class=\"e-con-inner\">\n\t\t\t\t<div class=\"elementor-element elementor-element-3c0c6dc elementor-widget elementor-widget-heading\" data-id=\"3c0c6dc\" data-element_type=\"widget\" data-e-type=\"widget\" data-widget_type=\"heading.default\">\n\t\t\t\t<div class=\"elementor-widget-container\">\n\t\t\t\t\t<h2 class=\"elementor-heading-title elementor-size-default\">Pr\u00e9cision dans le verre, excellence dans le service.<\/h2>\t\t\t\t<\/div>\n\t\t\t\t<\/div>\n\t\t\t\t\t<\/div>\n\t\t\t\t<\/div>\n\t\t<div class=\"elementor-element elementor-element-bcc7cf5 e-flex e-con-boxed e-con e-parent\" data-id=\"bcc7cf5\" data-element_type=\"container\" data-e-type=\"container\">\n\t\t\t\t\t<div class=\"e-con-inner\">\n\t\t<div class=\"elementor-element elementor-element-2ed2d7f e-con-full e-flex e-con e-child\" data-id=\"2ed2d7f\" data-element_type=\"container\" data-e-type=\"container\">\n\t\t\t\t<div class=\"elementor-element elementor-element-6cd3138 elementor-position-top elementor-widget elementor-widget-image-box\" data-id=\"6cd3138\" data-element_type=\"widget\" data-e-type=\"widget\" data-widget_type=\"image-box.default\">\n\t\t\t\t<div class=\"elementor-widget-container\">\n\t\t\t\t\t<div class=\"elementor-image-box-wrapper\"><figure class=\"elementor-image-box-img\"><a href=\"https:\/\/tgrupcam.com\/index.php\/verre-de-yacht\/?lang=fr\" tabindex=\"-1\"><img decoding=\"async\" src=\"https:\/\/tgrupcam.com\/wp-content\/uploads\/elementor\/thumbs\/luxury-big-yacht-stay-sea-around-island-background-sky-Large-r6gzimar3q5y9jg3027i741j0wzxz9mpldliwfa65o.jpg\" title=\"Luxury big yacht stay in the sea around the island on a background of the sky\" alt=\"Luxury big yacht stay in the sea around the island on a background of the sky\" loading=\"lazy\" \/><\/a><\/figure><div class=\"elementor-image-box-content\"><h3 class=\"elementor-image-box-title\"><a href=\"https:\/\/tgrupcam.com\/index.php\/verre-de-yacht\/?lang=fr\">Verre de yacht<\/a><\/h3><p class=\"elementor-image-box-description\">Cliquez pour l'information.<\/p><\/div><\/div>\t\t\t\t<\/div>\n\t\t\t\t<\/div>\n\t\t\t\t<\/div>\n\t\t<div class=\"elementor-element elementor-element-d8b85a2 e-con-full e-flex e-con e-child\" data-id=\"d8b85a2\" data-element_type=\"container\" data-e-type=\"container\">\n\t\t\t\t<div class=\"elementor-element elementor-element-e7046fe elementor-position-top elementor-widget elementor-widget-image-box\" data-id=\"e7046fe\" data-element_type=\"widget\" data-e-type=\"widget\" data-widget_type=\"image-box.default\">\n\t\t\t\t<div class=\"elementor-widget-container\">\n\t\t\t\t\t<div class=\"elementor-image-box-wrapper\"><figure class=\"elementor-image-box-img\"><a href=\"https:\/\/tgrupcam.com\/index.php\/verre-pare-balles\/?lang=fr\" tabindex=\"-1\"><img decoding=\"async\" src=\"https:\/\/tgrupcam.com\/wp-content\/uploads\/elementor\/thumbs\/IMG-20250610-WA0007-r73i7w8l4ulw3q7dhk2j8b555ahjlt5jj2yywtzdm4.jpg\" title=\"IMG-20250610-WA0007\" alt=\"IMG-20250610-WA0007\" loading=\"lazy\" \/><\/a><\/figure><div class=\"elementor-image-box-content\"><h3 class=\"elementor-image-box-title\"><a href=\"https:\/\/tgrupcam.com\/index.php\/verre-pare-balles\/?lang=fr\">Verre pare-balles pour automobile<\/a><\/h3><p class=\"elementor-image-box-description\">Cliquez pour l'information.<\/p><\/div><\/div>\t\t\t\t<\/div>\n\t\t\t\t<\/div>\n\t\t\t\t<\/div>\n\t\t<div class=\"elementor-element elementor-element-c79693d e-con-full e-flex e-con e-child\" data-id=\"c79693d\" data-element_type=\"container\" data-e-type=\"container\">\n\t\t\t\t<div class=\"elementor-element elementor-element-1840bbf elementor-position-top elementor-widget elementor-widget-image-box\" data-id=\"1840bbf\" data-element_type=\"widget\" data-e-type=\"widget\" data-widget_type=\"image-box.default\">\n\t\t\t\t<div class=\"elementor-widget-container\">\n\t\t\t\t\t<div class=\"elementor-image-box-wrapper\"><figure class=\"elementor-image-box-img\"><a href=\"https:\/\/tgrupcam.com\/index.php\/garde-corps-en-verre-balustrade\/?lang=fr\" tabindex=\"-1\"><img decoding=\"async\" src=\"https:\/\/tgrupcam.com\/wp-content\/uploads\/elementor\/thumbs\/interior-design-modern-building-Large-r6gzm2dg5uvsu2fuvju9c8qdfs0e7bba2fpm8y67cc.jpg\" title=\"Interior design of modern building\" alt=\"Modern interior design of office building. Empty lobby of condominium building. Two-level house design concept\" loading=\"lazy\" \/><\/a><\/figure><div class=\"elementor-image-box-content\"><h3 class=\"elementor-image-box-title\"><a href=\"https:\/\/tgrupcam.com\/index.php\/garde-corps-en-verre-balustrade\/?lang=fr\">Garde-corps en verre - Balustrade<\/a><\/h3><p class=\"elementor-image-box-description\">Cliquez pour l'information.<\/p><\/div><\/div>\t\t\t\t<\/div>\n\t\t\t\t<\/div>\n\t\t\t\t<\/div>\n\t\t\t\t\t<\/div>\n\t\t\t\t<\/div>\n\t\t<div class=\"elementor-element elementor-element-fe549b6 e-flex e-con-boxed e-con e-parent\" data-id=\"fe549b6\" data-element_type=\"container\" data-e-type=\"container\" data-settings=\"{&quot;background_background&quot;:&quot;classic&quot;}\">\n\t\t\t\t\t<div class=\"e-con-inner\">\n\t\t<div class=\"elementor-element elementor-element-619d480 e-con-full e-flex e-con e-child\" data-id=\"619d480\" data-element_type=\"container\" data-e-type=\"container\">\n\t\t\t\t<div class=\"elementor-element elementor-element-79f3ad2 elementor-widget elementor-widget-heading\" data-id=\"79f3ad2\" data-element_type=\"widget\" data-e-type=\"widget\" data-widget_type=\"heading.default\">\n\t\t\t\t<div class=\"elementor-widget-container\">\n\t\t\t\t\t<h2 class=\"elementor-heading-title elementor-size-default\">Verre de confiance, livr\u00e9 dans le monde entier.<\/h2>\t\t\t\t<\/div>\n\t\t\t\t<\/div>\n\t\t\t\t<div class=\"elementor-element elementor-element-d6c5657 elementor-widget elementor-widget-text-editor\" data-id=\"d6c5657\" data-element_type=\"widget\" data-e-type=\"widget\" data-widget_type=\"text-editor.default\">\n\t\t\t\t<div class=\"elementor-widget-container\">\n\t\t\t\t\t\t\t\t\t<p data-start=\"0\" data-end=\"310\">Chez T Grup Cam, nous exportons fi\u00e8rement nos solutions de verre de haute qualit\u00e9 dans plus de 25 pays d&#8217;Europe, d&#8217;Am\u00e9rique du Nord, du Moyen-Orient et d&#8217;Afrique. Notre engagement envers la pr\u00e9cision, la fiabilit\u00e9 et un service ax\u00e9 sur le client a fait de nous un partenaire de confiance dans des pays tels que\u00a0:<\/p>\n<p data-start=\"312\" data-end=\"692\">\ud83c\uddfa\ud83c\uddf8 \u00c9tats-Unis\u2003\u2003\ud83c\udde8\ud83c\udde6 Canada\u2003\u2003\ud83c\udde9\ud83c\uddea Allemagne\u2003\u2003\ud83c\uddf3\ud83c\uddf1 Pays-Bas\u2003\u2003\ud83c\udde7\ud83c\uddea Belgique<br data-start=\"389\" data-end=\"392\" \/>\ud83c\udde7\ud83c\uddec Bulgarie\u2003\u2003\ud83c\uddf7\ud83c\uddf4 Roumanie\u2003\u2003\ud83c\udded\ud83c\uddfa Hongrie\u2003\u2003\ud83c\udde7\ud83c\udde6 Bosnie-Herz\u00e9govine\u2003\u2003\ud83c\uddee\ud83c\uddf1 Isra\u00ebl<br data-start=\"475\" data-end=\"478\" data-is-only-node=\"\" \/>\ud83c\uddf3\ud83c\uddf4 Norv\u00e8ge\u2003\u2003\ud83c\uddee\ud83c\uddf9 Italie\u2003\u2003\ud83c\uddeb\ud83c\uddf7 France\u2003\u2003\ud83c\uddec\ud83c\uddf7 Gr\u00e8ce\u2003\u2003\ud83c\uddf7\ud83c\uddfa Russie<br data-start=\"540\" data-end=\"543\" \/>\ud83c\uddf1\ud83c\uddfe Libye\u2003\u2003\ud83c\uddf8\ud83c\uddf3 S\u00e9n\u00e9gal\u2003\u2003\ud83c\udde8\ud83c\udde9 R\u00e9publique d\u00e9mocratique du Congo\u2003\u2003\ud83c\udde6\ud83c\uddea Duba\u00ef (EAU)<br data-start=\"620\" data-end=\"623\" \/>\ud83c\uddec\ud83c\uddea G\u00e9orgie\u2003\u2003\ud83c\uddfd\ud83c\uddf0 Kosovo\u2003\u2003\ud83c\udded\ud83c\uddf7 Croatie\u2003\u2003\ud83c\uddf1\ud83c\uddfa Luxembourg\u2003\u2003\ud83c\uddf7\ud83c\uddf8 Serbie<\/p>\n<p data-start=\"694\" data-end=\"915\" data-is-last-node=\"\" data-is-only-node=\"\">Des fa\u00e7ades architecturales aux applications de verre industriel avanc\u00e9es, nous proposons des solutions de vitrage sur mesure, durables et innovantes qui r\u00e9pondent aux normes internationales et d\u00e9passent les attentes, o\u00f9 que vous soyez dans le monde.<\/p>\n\t\t\t\t\t\t\t\t<\/div>\n\t\t\t\t<\/div>\n\t\t\t\t<\/div>\n\t\t\t\t\t<\/div>\n\t\t\t\t<\/div>\n\t\t<div class=\"elementor-element elementor-element-78da821 e-flex e-con-boxed e-con e-parent\" data-id=\"78da821\" data-element_type=\"container\" data-e-type=\"container\" data-settings=\"{&quot;background_background&quot;:&quot;classic&quot;,&quot;background_motion_fx_motion_fx_scrolling&quot;:&quot;yes&quot;,&quot;background_motion_fx_translateY_effect&quot;:&quot;yes&quot;,&quot;background_motion_fx_translateY_speed&quot;:{&quot;unit&quot;:&quot;px&quot;,&quot;size&quot;:4,&quot;sizes&quot;:[]},&quot;background_motion_fx_translateY_affectedRange&quot;:{&quot;unit&quot;:&quot;%&quot;,&quot;size&quot;:&quot;&quot;,&quot;sizes&quot;:{&quot;start&quot;:0,&quot;end&quot;:100}},&quot;background_motion_fx_devices&quot;:[&quot;desktop&quot;,&quot;tablet&quot;,&quot;mobile&quot;]}\">\n\t\t\t\t\t<div class=\"e-con-inner\">\n\t\t\t\t<div class=\"elementor-element elementor-element-cb48ca9 elementor-widget elementor-widget-heading\" data-id=\"cb48ca9\" data-element_type=\"widget\" data-e-type=\"widget\" data-widget_type=\"heading.default\">\n\t\t\t\t<div class=\"elementor-widget-container\">\n\t\t\t\t\t<h2 class=\"elementor-heading-title elementor-size-default\">Nous modifions constamment nos processus de fabrication et changeons nos habitudes pour limiter les effets n\u00e9gatifs sur l'environnement.<\/h2>\t\t\t\t<\/div>\n\t\t\t\t<\/div>\n\t\t\t\t<div class=\"elementor-element elementor-element-294fab3 elementor-widget elementor-widget-text-editor\" data-id=\"294fab3\" data-element_type=\"widget\" data-e-type=\"widget\" data-widget_type=\"text-editor.default\">\n\t\t\t\t<div class=\"elementor-widget-container\">\n\t\t\t\t\t\t\t\t\t<p>Afin de faciliter les changements, nous avons adopt\u00e9 la norme ISO 14001, le syst\u00e8me mondial de gestion de la protection de l&#8217;environnement.<\/p>\n\t\t\t\t\t\t\t\t<\/div>\n\t\t\t\t<\/div>\n\t\t\t\t<div class=\"elementor-element elementor-element-daa5667 elementor-align-center elementor-widget elementor-widget-button\" data-id=\"daa5667\" data-element_type=\"widget\" data-e-type=\"widget\" data-widget_type=\"button.default\">\n\t\t\t\t<div class=\"elementor-widget-container\">\n\t\t\t\t\t\t\t\t\t<div class=\"elementor-button-wrapper\">\n\t\t\t\t\t<a class=\"elementor-button elementor-button-link elementor-size-sm\" href=\"https:\/\/tgrupcam.com\/index.php\/contact\/?lang=fr\">\n\t\t\t\t\t\t<span class=\"elementor-button-content-wrapper\">\n\t\t\t\t\t\t\t\t\t<span class=\"elementor-button-text\">Contactez nous<\/span>\n\t\t\t\t\t<\/span>\n\t\t\t\t\t<\/a>\n\t\t\t\t<\/div>\n\t\t\t\t\t\t\t\t<\/div>\n\t\t\t\t<\/div>\n\t\t\t\t\t<\/div>\n\t\t\t\t<\/div>\n\t\t\t\t<\/div>\n\t\t","protected":false},"excerpt":{"rendered":"<p>Pr\u00e9cision dans le verre, excellence dans le service. Unit\u00e9s vitr\u00e9es Vitrages acoustiques &#8211; Vitrage pare-balles &#8211; Vitrage r\u00e9sistant au feu &#8211; Vitrages \u00e0 bords chauds &#8211; Vitrage \u00e0 faible \u00e9mission &#8211; Vitrage d\u00e9coratif &#8211; Vitrage de s\u00e9curit\u00e9 &#8211; Vitrage \u00e0 contr\u00f4le solaire &#8211; Cloisons de s\u00e9paration Verre sp\u00e9cial Verre tremp\u00e9 &#8211; Verre respectueux des oiseaux [&hellip;]<\/p>\n","protected":false},"author":1,"featured_media":0,"parent":0,"menu_order":0,"comment_status":"closed","ping_status":"closed","template":"elementor_header_footer","meta":{"footnotes":""},"class_list":["post-3046","page","type-page","status-publish","hentry"],"_links":{"self":[{"href":"https:\/\/tgrupcam.com\/index.php\/wp-json\/wp\/v2\/pages\/3046","targetHints":{"allow":["GET"]}}],"collection":[{"href":"https:\/\/tgrupcam.com\/index.php\/wp-json\/wp\/v2\/pages"}],"about":[{"href":"https:\/\/tgrupcam.com\/index.php\/wp-json\/wp\/v2\/types\/page"}],"author":[{"embeddable":true,"href":"https:\/\/tgrupcam.com\/index.php\/wp-json\/wp\/v2\/users\/1"}],"replies":[{"embeddable":true,"href":"https:\/\/tgrupcam.com\/index.php\/wp-json\/wp\/v2\/comments?post=3046"}],"version-history":[{"count":0,"href":"https:\/\/tgrupcam.com\/index.php\/wp-json\/wp\/v2\/pages\/3046\/revisions"}],"wp:attachment":[{"href":"https:\/\/tgrupcam.com\/index.php\/wp-json\/wp\/v2\/media?parent=3046"}],"curies":[{"name":"wp","href":"https:\/\/api.w.org\/{rel}","templated":true}]}}