{"id":3054,"date":"2025-02-05T10:45:50","date_gmt":"2025-02-05T07:45:50","guid":{"rendered":"https:\/\/tgrupcam.com\/index.php\/pa-amende\/"},"modified":"2025-05-20T22:24:15","modified_gmt":"2025-05-20T19:24:15","slug":"pa-amende","status":"publish","type":"page","link":"https:\/\/tgrupcam.com\/index.php\/pa-amende\/?lang=ro","title":{"rendered":"Pa amende"},"content":{"rendered":"\t\t<div data-elementor-type=\"wp-page\" data-elementor-id=\"3054\" class=\"elementor elementor-3054 elementor-11\" data-elementor-post-type=\"page\">\n\t\t\t\t<div class=\"elementor-element elementor-element-dd3eed5 e-con-full e-flex e-con e-parent\" data-id=\"dd3eed5\" data-element_type=\"container\" data-e-type=\"container\" data-settings=\"{&quot;background_background&quot;:&quot;classic&quot;,&quot;shape_divider_bottom&quot;:&quot;opacity-fan&quot;}\">\n\t\t\t\t<div class=\"elementor-shape elementor-shape-bottom\" aria-hidden=\"true\" data-negative=\"false\">\n\t\t\t<svg xmlns=\"http:\/\/www.w3.org\/2000\/svg\" viewBox=\"0 0 283.5 19.6\" preserveAspectRatio=\"none\">\n\t<path class=\"elementor-shape-fill\" style=\"opacity:0.33\" d=\"M0 0L0 18.8 141.8 4.1 283.5 18.8 283.5 0z\"\/>\n\t<path class=\"elementor-shape-fill\" style=\"opacity:0.33\" d=\"M0 0L0 12.6 141.8 4 283.5 12.6 283.5 0z\"\/>\n\t<path class=\"elementor-shape-fill\" style=\"opacity:0.33\" d=\"M0 0L0 6.4 141.8 4 283.5 6.4 283.5 0z\"\/>\n\t<path class=\"elementor-shape-fill\" d=\"M0 0L0 1.2 141.8 4 283.5 1.2 283.5 0z\"\/>\n<\/svg>\t\t<\/div>\n\t\t\t\t<div class=\"elementor-element elementor-element-ed8da45 elementor-widget elementor-widget-heading\" data-id=\"ed8da45\" data-element_type=\"widget\" data-e-type=\"widget\" data-widget_type=\"heading.default\">\n\t\t\t\t<div class=\"elementor-widget-container\">\n\t\t\t\t\t<h2 class=\"elementor-heading-title elementor-size-default\">PA AMENDE<\/h2>\t\t\t\t<\/div>\n\t\t\t\t<\/div>\n\t\t\t\t<\/div>\n\t\t<div class=\"elementor-element elementor-element-c384680 e-flex e-con-boxed e-con e-parent\" data-id=\"c384680\" data-element_type=\"container\" data-e-type=\"container\">\n\t\t\t\t\t<div class=\"e-con-inner\">\n\t\t<div class=\"elementor-element elementor-element-8012b96 e-con-full e-flex e-con e-child\" data-id=\"8012b96\" data-element_type=\"container\" data-e-type=\"container\">\n\t\t\t\t<div class=\"elementor-element elementor-element-226bcee elementor-widget elementor-widget-heading\" data-id=\"226bcee\" data-element_type=\"widget\" data-e-type=\"widget\" data-widget_type=\"heading.default\">\n\t\t\t\t<div class=\"elementor-widget-container\">\n\t\t\t\t\t<h2 class=\"elementor-heading-title elementor-size-default\">PA AMENDE<\/h2>\t\t\t\t<\/div>\n\t\t\t\t<\/div>\n\t\t\t\t<div class=\"elementor-element elementor-element-29242a2 elementor-widget elementor-widget-text-editor\" data-id=\"29242a2\" data-element_type=\"widget\" data-e-type=\"widget\" data-widget_type=\"text-editor.default\">\n\t\t\t\t<div class=\"elementor-widget-container\">\n\t\t\t\t\t\t\t\t\t<p data-start=\"33\" data-end=\"264\">Ko <strong data-start=\"36\" data-end=\"80\">T Grup Cam,<\/strong>\u00a0amen sam maj but desar numaj jekh <strong data-start=\"106\" data-end=\"128\">staklosko fabrikanto<\/strong>\u2014ame sam jekh <strong data-start=\"183\" data-end=\"158\">soluciako partneri<\/strong> dedikuime te del <strong data-start=\"183\" data-end=\"226\">baro-kvaliteto, personalizirime stakloske produktura<\/strong> e <strong data-start=\"234\" data-end=\"261\">kliento-angluno drom<\/strong>p-start data<\/strong>p=66&#8243; data-end=&#8221;526&#8243;>Servisarindoj e <strong data-start=\"278\" data-end=\"391\">fenestra, vudar, fasada, du\u015besqo sektoro, balustrade solucie, andruno staklo, thaj ofisoske particiaqe sistemur\u0103<\/strong>, ame das <strong data-start=\"404\" data-end=\"429\">detail<\/strong>solucie save si kerdine va\u015b e specifikane dizajnime solucie amare kli\u00e8ntur\u01ce saven si len <strong data-start=\"486\" data-end=\"523\">preciz\u00eca, \u015bukaripen thaj pat\u01d0vipen<\/strong>.<\/p>\n<p data-start=\"528\" data-end=\"1026\">Ame sam specializirime an\u03b8-e <strong data-start=\"545\" data-end=\"664\">tikne-emisiaqe \u015bukar, \u015bukar \u015bukar \u015bukar \u015bukar \u015bukar \u015bukar \u015bukar laminirime staklo, thaj solucie vash staklo kerdo pe mangipe<\/strong>, sigurindoj kaj sako projekto ka lel o <strong data-start=\"707\" data-end=\"755\">o maj lacho produkto vash leske unikalune mangipya<\/strong>. Amare avansime procesura \u015bajutnimata si <strong data-start=\"802\" data-end=\"910\">digitalno printisaripe, serigrafo, ma\u015bin\u00e0cia e kanturenqi, \u0107hivipen, thaj aver specializirime tretmanur\u0103 va\u015b o staklo<\/strong>, so del amen \u015bajsaripen te das pherdo personalizirime solucie<\/strong>va\u015b arxitekturake, komercialne, thaj rezidencialne aplikacie.<\/p>\n<p data-start=\"1028\" data-end=\"1447\">Keren buti ki <strong data-start=\"1041\" data-end=\"1069\">duj ki Turkia vi ki Bulgaria<\/strong>, amen garantuinas <strong data-start=\"1041\"-1081\", produkcia thaj bi-problemo ma\u015bkarthemutno bi\u0107haldipen<\/strong>, sigurindoj ke amare kli\u00e8ntur\u00e3 len <strong data-start=\"1186\" data-end=\"1217\">pat\u01d0valo thaj vaxt-serviso<\/strong> sako drom. Amare produktur\u0103 thaj servisur\u0103 si ande relacia e <strong data-start=\"1268\" data-end=\"1344\">Evropake (EN), Amerikane (ASTM), Britanikane (BS), thaj Izraelikane (SI) standardurenqe<\/strong>, sigurindoj ke amen arakhas e <strong data-start=\"1372\" data-end=\"1405\">maj bare \u015bajutnimata<\/strong> ande industria ande sekuritato, ande performanso<\/strong>.<\/p>\n\t\t\t\t\t\t\t\t<\/div>\n\t\t\t\t<\/div>\n\t\t\t\t<\/div>\n\t\t<div class=\"elementor-element elementor-element-320a52e e-con-full e-flex e-con e-child\" data-id=\"320a52e\" data-element_type=\"container\" data-e-type=\"container\">\n\t\t\t\t<div class=\"elementor-element elementor-element-05d61da elementor-widget elementor-widget-image\" data-id=\"05d61da\" data-element_type=\"widget\" data-e-type=\"widget\" data-widget_type=\"image.default\">\n\t\t\t\t<div class=\"elementor-widget-container\">\n\t\t\t\t\t\t\t\t\t\t\t\t\t\t\t<img fetchpriority=\"high\" decoding=\"async\" width=\"767\" height=\"1024\" src=\"https:\/\/tgrupcam.com\/wp-content\/uploads\/2025\/03\/low-angle-view-skylight-against-blue-sky-767x1024.jpg\" class=\"attachment-large size-large wp-image-1528\" alt=\"\" srcset=\"https:\/\/tgrupcam.com\/wp-content\/uploads\/2025\/03\/low-angle-view-skylight-against-blue-sky-767x1024.jpg 767w, https:\/\/tgrupcam.com\/wp-content\/uploads\/2025\/03\/low-angle-view-skylight-against-blue-sky-225x300.jpg 225w, https:\/\/tgrupcam.com\/wp-content\/uploads\/2025\/03\/low-angle-view-skylight-against-blue-sky-768x1025.jpg 768w, https:\/\/tgrupcam.com\/wp-content\/uploads\/2025\/03\/low-angle-view-skylight-against-blue-sky-1151x1536.jpg 1151w, https:\/\/tgrupcam.com\/wp-content\/uploads\/2025\/03\/low-angle-view-skylight-against-blue-sky-1535x2048.jpg 1535w, https:\/\/tgrupcam.com\/wp-content\/uploads\/2025\/03\/low-angle-view-skylight-against-blue-sky-scaled.jpg 1919w\" sizes=\"(max-width: 767px) 100vw, 767px\" \/>\t\t\t\t\t\t\t\t\t\t\t\t\t\t\t<\/div>\n\t\t\t\t<\/div>\n\t\t\t\t<\/div>\n\t\t\t\t\t<\/div>\n\t\t\t\t<\/div>\n\t\t<div class=\"elementor-element elementor-element-e014031 e-flex e-con-boxed e-con e-parent\" data-id=\"e014031\" data-element_type=\"container\" data-e-type=\"container\" data-settings=\"{&quot;background_background&quot;:&quot;classic&quot;,&quot;shape_divider_bottom&quot;:&quot;opacity-tilt&quot;}\">\n\t\t\t\t\t<div class=\"e-con-inner\">\n\t\t\t\t<div class=\"elementor-shape elementor-shape-bottom\" aria-hidden=\"true\" data-negative=\"false\">\n\t\t\t<svg xmlns=\"http:\/\/www.w3.org\/2000\/svg\" viewBox=\"0 0 2600 131.1\" preserveAspectRatio=\"none\">\n\t<path class=\"elementor-shape-fill\" d=\"M0 0L2600 0 2600 69.1 0 0z\"\/>\n\t<path class=\"elementor-shape-fill\" style=\"opacity:0.5\" d=\"M0 0L2600 0 2600 69.1 0 69.1z\"\/>\n\t<path class=\"elementor-shape-fill\" style=\"opacity:0.25\" d=\"M2600 0L0 0 0 130.1 2600 69.1z\"\/>\n<\/svg>\t\t<\/div>\n\t\t<div class=\"elementor-element elementor-element-8ee0ab9 e-con-full e-flex e-con e-child\" data-id=\"8ee0ab9\" data-element_type=\"container\" data-e-type=\"container\">\n\t\t\t\t<div class=\"elementor-element elementor-element-aeddf5a elementor-widget elementor-widget-heading\" data-id=\"aeddf5a\" data-element_type=\"widget\" data-e-type=\"widget\" data-widget_type=\"heading.default\">\n\t\t\t\t<div class=\"elementor-widget-container\">\n\t\t\t\t\t<h2 class=\"elementor-heading-title elementor-size-default\">AMARI MISIJA<\/h2>\t\t\t\t<\/div>\n\t\t\t\t<\/div>\n\t\t\t\t<div class=\"elementor-element elementor-element-9f78070 elementor-widget elementor-widget-text-editor\" data-id=\"9f78070\" data-element_type=\"widget\" data-e-type=\"widget\" data-widget_type=\"text-editor.default\">\n\t\t\t\t<div class=\"elementor-widget-container\">\n\t\t\t\t\t\t\t\t\t<p>Ko <strong data-start=\"25\" data-end=\"39\">T Grup Cam<\/strong>, amari misia si te das <strong data-start=\"67\" data-end=\"127\" data-is-only-node=\"\">baro-kvaliteto thaj personalizirime stakloske solucie<\/strong> save resle e evoluciake trubujimata e data-start-esko <strong\"16\" data-end=\"263\">f\u00f6nstro, vudar, fasada, duxoski kabina, balustrada, andruno staklo, thaj ofisoske particie industrie<\/strong>. Amen sam anga\u017auime te das <strong data-start=\"296\" data-end=\"347\">preciz\u00eca, dur\u01ceripen thaj estetikani la\u0107hipen<\/strong>, te sigurisaras <strong data-start=\"358\" data-end=\"406\">sigo, pat\u01d0valo thaj fokusirime pe kli\u00e8ntur\u01ce<\/strong>. Kana keras kolabor\u00e0cia e <strong data-start=\"430\" data-end=\"528\">anglune globalne furnitoriencar sar so si AGC, Guardian Sunguard, Pilkington, Saint-Gobain, thaj \u015ei\u015fecam<\/strong>, amen garantuisaras produktur\u0103 save astaren <strong data-start=\"567\" data-end=\"567\" data-end=\"528\">, amerikano (ENTM3), European Britanikane (BS), thaj Izraelikane (SI) standardura<\/strong>, save den suporto e sastipasko thaj efikasno arxitekturake aplikacienqe an\u03b8-i sasti lumja.<\/p>\n\t\t\t\t\t\t\t\t<\/div>\n\t\t\t\t<\/div>\n\t\t\t\t<\/div>\n\t\t<div class=\"elementor-element elementor-element-057004d e-con-full e-flex e-con e-child\" data-id=\"057004d\" data-element_type=\"container\" data-e-type=\"container\">\n\t\t\t\t<div class=\"elementor-element elementor-element-1ca9c79 elementor-widget elementor-widget-heading\" data-id=\"1ca9c79\" data-element_type=\"widget\" data-e-type=\"widget\" data-widget_type=\"heading.default\">\n\t\t\t\t<div class=\"elementor-widget-container\">\n\t\t\t\t\t<h2 class=\"elementor-heading-title elementor-size-default\">AMARI VIZIA<\/h2>\t\t\t\t<\/div>\n\t\t\t\t<\/div>\n\t\t\t\t<div class=\"elementor-element elementor-element-78a9838 elementor-widget elementor-widget-text-editor\" data-id=\"78a9838\" data-element_type=\"widget\" data-e-type=\"widget\" data-widget_type=\"text-editor.default\">\n\t\t\t\t<div class=\"elementor-widget-container\">\n\t\t\t\t\t\t\t\t\t<p>Amari vizia si te avas jekh <strong data-start=\"766\" data-end=\"796\">globalno pind\u017eardo lidero<\/strong> ande stakloski industria, pind\u017eardo pala amaro <strong data-start=\"834\" data-end=\"906\" data-is-only-node=\"\">anga\u017emano pala kvaliteto, sastipasko, sastipasko thaj teknologijako progreso<\/strong>. Amen kamas te <strong data-start=\"931\" data-end=\"970\">te vazdas amaro inovativno produktosko spektro<\/strong>, integrindoj <strong data-start=\"984\" data-end=\"1101\">avansime tehnike vash o procesiribe e staklosko sar so si o digitalno printipe, o printipe e sedako, o ma\u0161inipe e kanturengo, o boripe e rigako<\/strong> thaj te shaj te slu\u017eina e moderne mangipnaske arhitekt\u00f9ra. Sa o fokuso pe <strong data-start=\"1171\" data-end=\"1210\">transporto &amp; te keras buti e solucienqe<\/strong>, amen zumavas te sigurisaras <strong data-start=\"1232\" data-end=\"1305\">bi-problemosqo ma\u015bkarthemutno bi\u0107haldipen thaj eksepcionalo satisf\u00e0kcia e kli\u00e8ntosqi<\/strong>, zurarindoj amari pozicia sar o <strong data-start=\"1339\" data-end=\"1405\">pat\u01d0valo partnero va\u015b e solucie e \u015bukar performancaqe an\u03b8-i sasti lumja<\/strong>.<\/p>\n\t\t\t\t\t\t\t\t<\/div>\n\t\t\t\t<\/div>\n\t\t\t\t<\/div>\n\t\t\t\t\t<\/div>\n\t\t\t\t<\/div>\n\t\t<div class=\"elementor-element elementor-element-624f5b0 e-flex e-con-boxed e-con e-parent\" data-id=\"624f5b0\" data-element_type=\"container\" data-e-type=\"container\" data-settings=\"{&quot;background_background&quot;:&quot;classic&quot;}\">\n\t\t\t\t\t<div class=\"e-con-inner\">\n\t\t\t\t<div class=\"elementor-element elementor-element-0ae2ff8 elementor-widget elementor-widget-heading\" data-id=\"0ae2ff8\" data-element_type=\"widget\" data-e-type=\"widget\" data-widget_type=\"heading.default\">\n\t\t\t\t<div class=\"elementor-widget-container\">\n\t\t\t\t\t<h2 class=\"elementor-heading-title elementor-size-default\">AMARE VALORI<\/h2>\t\t\t\t<\/div>\n\t\t\t\t<\/div>\n\t\t\t\t<div class=\"elementor-element elementor-element-780315a elementor-widget elementor-widget-text-editor\" data-id=\"780315a\" data-element_type=\"widget\" data-e-type=\"widget\" data-widget_type=\"text-editor.default\">\n\t\t\t\t<div class=\"elementor-widget-container\">\n\t\t\t\t\t\t\t\t\t<p data-start=\"1449\" data-end=\"1490\">Ko <strong data-start=\"1452\" data-end=\"1466\">T Grup Cam<\/strong>, amen sam anga\u017auime te:<\/p>\n<p data-start=\"1492\" data-end=\"2315\">\u2705-start=strong data-end=&#8221;1490&#8243; data-end=&#8221;1523&#8243;>Customer-Centric Approach<\/strong> \u2013 Te ha\u0107aren tumare trubujimata thaj te den <strong data-start=\"1566\" data-end=\"1594\">stakloske solucie<\/strong> save perfektno maladjon tumare proj\u00e8ktosa.<br data-start=\"1627\" data-end=\"163\" \/strong>\u2705data-start=&#8221;1566&#8243; data-end=&#8221;1659&#8243;>Sigo &amp; Pa\u0107avdo Serviso<\/strong> \u2013 Sigurindoj <strong data-start=\"1671\" data-end=\"1706\">produkcia thaj bi\u0107haldipen<\/strong> pe vrama<\/strong> fokusirime pe <strong data-start=\"1723\" data-end=\"1751\">efikasnost thaj preciznost<\/strong>.<br data-start=\"1752\"-end=\"1751\" <strong> data-start=&#8221;1757&#8243; data-end=&#8221;1790&#8243;>Baro-Kvaliteto &amp; Sastipe<\/strong> \u2013 Utiliziribe e <strong data-start=\"1803\" data-end=\"1834\">state-of-the-art teknologia<\/strong> te del pes o maj <strong data-start=\"1855\" data-end=\"1894\">avansime, dureder, thaj eko-prijatelsko<\/strong> solucie e stakloske data<brr. data-end=\"1914\" \/>\u2705 <strong data-start=\"1916\" data-end=\"1955\">Transporto &amp; Solucie va\u015b o la\u0107haripen<\/strong> \u2013 Te sigurisaras <strong data-start=\"1967\" data-end=\"2012\">sigurno, efikasno thaj bi-phagardo bi\u0107haldipen<\/strong> e logistikane thaj paketipnasqe standardurenqe save si maj anglune an\u03b8-i industria.<br data-start=\"2069\" data-end=\"2072\" \/\u2705\u2705start=\" data-end=\"2117\">O \u015berdipen e Ma\u015bkarthemutne Standardenqo<\/strong> \u2013 Sa amare produktur\u0103 \u015bunen pes e <strong data-start=\"2151\" data-end=\"2195\">\u015bukar regulacie va\u015b o kvaliteto thaj i sekuritato<\/strong> katar e <strong data-start=\"2199\" data-end=\"2238\">i Evropa, o Israel, o UK, thaj o siguripen<\/strong> e globalno konstrukciake thaj glazurake trubuimatenca.<\/p>\n<p data-start=\"2317\" data-end=\"2531\">Te trubul tut <strong data-start=\"2334\" data-end=\"2383\">personalizirime staklo vash baro projekto e fasadako<\/strong> vaj <strong data-start=\"2387\"-2444\" specializirime solucie vash andruno staklo aplikacie<\/strong>, <strong data-start=\"2446\" data-end=\"2460\">T Grup Cam<\/strong> si tumaro <strong data-start=\"2469\" data-end=\"2488\">patyivalo partnero<\/strong> vash o kvaliteto, ekspertiza thaj reliabiliteto.<\/p>\n\t\t\t\t\t\t\t\t<\/div>\n\t\t\t\t<\/div>\n\t\t\t\t\t<\/div>\n\t\t\t\t<\/div>\n\t\t<div class=\"elementor-element elementor-element-6682a49 e-flex e-con-boxed e-con e-parent\" data-id=\"6682a49\" data-element_type=\"container\" data-e-type=\"container\">\n\t\t\t\t\t<div class=\"e-con-inner\">\n\t\t\t\t<div class=\"elementor-element elementor-element-37f5c40 elementor-widget elementor-widget-heading\" data-id=\"37f5c40\" data-element_type=\"widget\" data-e-type=\"widget\" data-widget_type=\"heading.default\">\n\t\t\t\t<div class=\"elementor-widget-container\">\n\t\t\t\t\t<h2 class=\"elementor-heading-title elementor-size-default\">NEVIMATA<\/h2>\t\t\t\t<\/div>\n\t\t\t\t<\/div>\n\t\t\t\t\t<\/div>\n\t\t\t\t<\/div>\n\t\t\t\t<\/div>\n\t\t","protected":false},"excerpt":{"rendered":"<p>PA AMENDE PA AMENDE Ko T Grup Cam,\u00a0amen sam maj but desar numaj jekh staklosko fabrikanto\u2014ame sam jekh soluciako partneri dedikuime te del baro-kvaliteto, personalizirime stakloske produktura e kliento-angluno dromp-start datap=66&#8243; data-end=&#8221;526&#8243;>Servisarindoj e fenestra, vudar, fasada, du\u015besqo sektoro, balustrade solucie, andruno staklo, thaj ofisoske particiaqe sistemur\u0103, ame das detailsolucie save si kerdine va\u015b e specifikane [&hellip;]<\/p>\n","protected":false},"author":1,"featured_media":0,"parent":0,"menu_order":0,"comment_status":"closed","ping_status":"closed","template":"elementor_header_footer","meta":{"footnotes":""},"class_list":["post-3054","page","type-page","status-publish","hentry"],"_links":{"self":[{"href":"https:\/\/tgrupcam.com\/index.php\/wp-json\/wp\/v2\/pages\/3054","targetHints":{"allow":["GET"]}}],"collection":[{"href":"https:\/\/tgrupcam.com\/index.php\/wp-json\/wp\/v2\/pages"}],"about":[{"href":"https:\/\/tgrupcam.com\/index.php\/wp-json\/wp\/v2\/types\/page"}],"author":[{"embeddable":true,"href":"https:\/\/tgrupcam.com\/index.php\/wp-json\/wp\/v2\/users\/1"}],"replies":[{"embeddable":true,"href":"https:\/\/tgrupcam.com\/index.php\/wp-json\/wp\/v2\/comments?post=3054"}],"version-history":[{"count":0,"href":"https:\/\/tgrupcam.com\/index.php\/wp-json\/wp\/v2\/pages\/3054\/revisions"}],"wp:attachment":[{"href":"https:\/\/tgrupcam.com\/index.php\/wp-json\/wp\/v2\/media?parent=3054"}],"curies":[{"name":"wp","href":"https:\/\/api.w.org\/{rel}","templated":true}]}}