{"id":3058,"date":"2025-02-05T10:45:50","date_gmt":"2025-02-05T07:45:50","guid":{"rendered":"https:\/\/tgrupcam.com\/index.php\/rolunk\/"},"modified":"2025-05-20T22:26:29","modified_gmt":"2025-05-20T19:26:29","slug":"rolunk","status":"publish","type":"page","link":"https:\/\/tgrupcam.com\/index.php\/rolunk\/?lang=hu","title":{"rendered":"R\u00f3lunk"},"content":{"rendered":"\t\t<div data-elementor-type=\"wp-page\" data-elementor-id=\"3058\" class=\"elementor elementor-3058 elementor-11\" data-elementor-post-type=\"page\">\n\t\t\t\t<div class=\"elementor-element elementor-element-dd3eed5 e-con-full e-flex e-con e-parent\" data-id=\"dd3eed5\" data-element_type=\"container\" data-e-type=\"container\" data-settings=\"{&quot;background_background&quot;:&quot;classic&quot;,&quot;shape_divider_bottom&quot;:&quot;opacity-fan&quot;}\">\n\t\t\t\t<div class=\"elementor-shape elementor-shape-bottom\" aria-hidden=\"true\" data-negative=\"false\">\n\t\t\t<svg xmlns=\"http:\/\/www.w3.org\/2000\/svg\" viewBox=\"0 0 283.5 19.6\" preserveAspectRatio=\"none\">\n\t<path class=\"elementor-shape-fill\" style=\"opacity:0.33\" d=\"M0 0L0 18.8 141.8 4.1 283.5 18.8 283.5 0z\"\/>\n\t<path class=\"elementor-shape-fill\" style=\"opacity:0.33\" d=\"M0 0L0 12.6 141.8 4 283.5 12.6 283.5 0z\"\/>\n\t<path class=\"elementor-shape-fill\" style=\"opacity:0.33\" d=\"M0 0L0 6.4 141.8 4 283.5 6.4 283.5 0z\"\/>\n\t<path class=\"elementor-shape-fill\" d=\"M0 0L0 1.2 141.8 4 283.5 1.2 283.5 0z\"\/>\n<\/svg>\t\t<\/div>\n\t\t\t\t<div class=\"elementor-element elementor-element-ed8da45 elementor-widget elementor-widget-heading\" data-id=\"ed8da45\" data-element_type=\"widget\" data-e-type=\"widget\" data-widget_type=\"heading.default\">\n\t\t\t\t<div class=\"elementor-widget-container\">\n\t\t\t\t\t<h2 class=\"elementor-heading-title elementor-size-default\">R\u00d3LUNK<\/h2>\t\t\t\t<\/div>\n\t\t\t\t<\/div>\n\t\t\t\t<\/div>\n\t\t<div class=\"elementor-element elementor-element-c384680 e-flex e-con-boxed e-con e-parent\" data-id=\"c384680\" data-element_type=\"container\" data-e-type=\"container\">\n\t\t\t\t\t<div class=\"e-con-inner\">\n\t\t<div class=\"elementor-element elementor-element-8012b96 e-con-full e-flex e-con e-child\" data-id=\"8012b96\" data-element_type=\"container\" data-e-type=\"container\">\n\t\t\t\t<div class=\"elementor-element elementor-element-226bcee elementor-widget elementor-widget-heading\" data-id=\"226bcee\" data-element_type=\"widget\" data-e-type=\"widget\" data-widget_type=\"heading.default\">\n\t\t\t\t<div class=\"elementor-widget-container\">\n\t\t\t\t\t<h2 class=\"elementor-heading-title elementor-size-default\">R\u00d3LUNK<\/h2>\t\t\t\t<\/div>\n\t\t\t\t<\/div>\n\t\t\t\t<div class=\"elementor-element elementor-element-29242a2 elementor-widget elementor-widget-text-editor\" data-id=\"29242a2\" data-element_type=\"widget\" data-e-type=\"widget\" data-widget_type=\"text-editor.default\">\n\t\t\t\t<div class=\"elementor-widget-container\">\n\t\t\t\t\t\t\t\t\t<p data-start=\"33\" data-end=\"264\">A <strong data-start=\"36\" data-end=\"80\">T Grup Cam-n\u00e1l<\/strong>\u00a0t\u00f6bb vagyunk, mint egy <strong data-start=\"106\" data-end=\"128\">\u00fcveggy\u00e1rt\u00f3<\/strong> \u2013 egy <strong data-start=\"138\" data-end=\"158\">megold\u00e1spartner<\/strong> vagyunk, amely elk\u00f6telezett a <strong data-start=\"183\" data-end=\"226\">kiv\u00e1l\u00f3 min\u0151s\u00e9g\u0171, egyedi \u00fcvegterm\u00e9kek<\/strong> sz\u00e1ll\u00edt\u00e1sa ir\u00e1nt, <strong data-start=\"234\" data-end=\"261\">\u00fcgyf\u00e9lk\u00f6zpont\u00fa megk\u00f6zel\u00edt\u00e9ssel<\/strong>.<\/p>\n<p data-start=\"266\" data-end=\"526\">Az <strong data-start=\"278\" data-end=\"391\">ablak-, ajt\u00f3-, homlokzat-, zuhanykabin-szektor, korl\u00e1tmegold\u00e1sok, belt\u00e9ri \u00fcveg- \u00e9s irodai v\u00e1laszfalrendszerek<\/strong> kiszolg\u00e1l\u00e1s\u00e1ra <strong data-start=\"404\" data-end=\"429\">egyedi megold\u00e1sok<\/strong>, amelyeket \u00fcgyfeleink speci\u00e1lis ig\u00e9nyeinek kiel\u00e9g\u00edt\u00e9s\u00e9re tervezt\u00fcnk <strong data-start=\"486\" data-end=\"523\">pontoss\u00e1ggal, gyorsas\u00e1ggal \u00e9s megb\u00edzhat\u00f3s\u00e1ggal<\/strong>.<\/p>\n<p data-start=\"528\" data-end=\"1026\">Szakter\u00fclet\u00fcnk az <strong data-start=\"545\" data-end=\"664\">alacsony kibocs\u00e1t\u00e1s\u00fa \u00fcveg, goly\u00f3\u00e1ll\u00f3 \u00fcveg, t\u0171z\u00e1ll\u00f3 \u00fcveg, lamin\u00e1lt \u00fcveg \u00e9s egyedi feldolgozott \u00fcvegmegold\u00e1sok<\/strong>, biztos\u00edtva, hogy minden projekt a <strong data-start=\"707\" data-end=\"755\">legjobb term\u00e9ket kapja meg az egyedi ig\u00e9nyeihez<\/strong>. Fejlett feldolgoz\u00e1si k\u00e9pess\u00e9geink k\u00f6z\u00e9 tartozik a <strong data-start=\"802\" data-end=\"910\">digit\u00e1lis nyomtat\u00e1s, szitanyom\u00e1s, \u00e9lmegmunk\u00e1l\u00e1s, f\u00far\u00e1s \u00e9s egy\u00e9b speci\u00e1lis \u00fcvegkezel\u00e9sek<\/strong>, amelyek lehet\u0151v\u00e9 teszik sz\u00e1munkra, hogy <strong data-start=\"927\" data-end=\"963\">teljesen testreszabott megold\u00e1sokat k\u00edn\u00e1ljunk<\/strong> \u00e9p\u00edt\u00e9szeti, kereskedelmi \u00e9s lakoss\u00e1gi alkalmaz\u00e1sokhoz.<\/p>\n<p data-start=\"1028\" data-end=\"1447\">T\u00f6r\u00f6korsz\u00e1gban \u00e9s Bulg\u00e1ri\u00e1ban egyar\u00e1nt<\/strong> m\u0171k\u00f6dve garant\u00e1ljuk a <strong data-start=\"1041\" data-end=\"1069\">gyors, hat\u00e9kony gy\u00e1rt\u00e1st \u00e9s z\u00f6kken\u0151mentes nemzetk\u00f6zi sz\u00e1ll\u00edt\u00e1st<\/strong>, biztos\u00edtva, hogy \u00fcgyfeleink minden alkalommal <strong data-start=\"1186\" data-end=\"1217\">megb\u00edzhat\u00f3 \u00e9s id\u0151ben t\u00f6rt\u00e9n\u0151 szolg\u00e1ltat\u00e1st<\/strong> kapjanak. Term\u00e9keink \u00e9s szolg\u00e1ltat\u00e1saink megfelelnek az <strong data-start=\"1268\" data-end=\"1344\">eur\u00f3pai (EN), amerikai (ASTM), brit (BS) \u00e9s izraeli (SI) szabv\u00e1nyoknak<\/strong>, biztos\u00edtva, hogy megfelelj\u00fcnk a <strong data-start=\"1372\" data-end=\"1405\">legmagasabb ipar\u00e1gi k\u00f6vetelm\u00e9nyeknek<\/strong> a biztons\u00e1g, a tart\u00f3ss\u00e1g \u00e9s a teljes\u00edtm\u00e9ny ter\u00e9n.<\/p>\n\t\t\t\t\t\t\t\t<\/div>\n\t\t\t\t<\/div>\n\t\t\t\t<\/div>\n\t\t<div class=\"elementor-element elementor-element-320a52e e-con-full e-flex e-con e-child\" data-id=\"320a52e\" data-element_type=\"container\" data-e-type=\"container\">\n\t\t\t\t<div class=\"elementor-element elementor-element-05d61da elementor-widget elementor-widget-image\" data-id=\"05d61da\" data-element_type=\"widget\" data-e-type=\"widget\" data-widget_type=\"image.default\">\n\t\t\t\t<div class=\"elementor-widget-container\">\n\t\t\t\t\t\t\t\t\t\t\t\t\t\t\t<img fetchpriority=\"high\" decoding=\"async\" width=\"767\" height=\"1024\" src=\"https:\/\/tgrupcam.com\/wp-content\/uploads\/2025\/03\/low-angle-view-skylight-against-blue-sky-767x1024.jpg\" class=\"attachment-large size-large wp-image-1526\" alt=\"\" srcset=\"https:\/\/tgrupcam.com\/wp-content\/uploads\/2025\/03\/low-angle-view-skylight-against-blue-sky-767x1024.jpg 767w, https:\/\/tgrupcam.com\/wp-content\/uploads\/2025\/03\/low-angle-view-skylight-against-blue-sky-225x300.jpg 225w, https:\/\/tgrupcam.com\/wp-content\/uploads\/2025\/03\/low-angle-view-skylight-against-blue-sky-768x1025.jpg 768w, https:\/\/tgrupcam.com\/wp-content\/uploads\/2025\/03\/low-angle-view-skylight-against-blue-sky-1151x1536.jpg 1151w, https:\/\/tgrupcam.com\/wp-content\/uploads\/2025\/03\/low-angle-view-skylight-against-blue-sky-1535x2048.jpg 1535w, https:\/\/tgrupcam.com\/wp-content\/uploads\/2025\/03\/low-angle-view-skylight-against-blue-sky-scaled.jpg 1919w\" sizes=\"(max-width: 767px) 100vw, 767px\" \/>\t\t\t\t\t\t\t\t\t\t\t\t\t\t\t<\/div>\n\t\t\t\t<\/div>\n\t\t\t\t<\/div>\n\t\t\t\t\t<\/div>\n\t\t\t\t<\/div>\n\t\t<div class=\"elementor-element elementor-element-e014031 e-flex e-con-boxed e-con e-parent\" data-id=\"e014031\" data-element_type=\"container\" data-e-type=\"container\" data-settings=\"{&quot;background_background&quot;:&quot;classic&quot;,&quot;shape_divider_bottom&quot;:&quot;opacity-tilt&quot;}\">\n\t\t\t\t\t<div class=\"e-con-inner\">\n\t\t\t\t<div class=\"elementor-shape elementor-shape-bottom\" aria-hidden=\"true\" data-negative=\"false\">\n\t\t\t<svg xmlns=\"http:\/\/www.w3.org\/2000\/svg\" viewBox=\"0 0 2600 131.1\" preserveAspectRatio=\"none\">\n\t<path class=\"elementor-shape-fill\" d=\"M0 0L2600 0 2600 69.1 0 0z\"\/>\n\t<path class=\"elementor-shape-fill\" style=\"opacity:0.5\" d=\"M0 0L2600 0 2600 69.1 0 69.1z\"\/>\n\t<path class=\"elementor-shape-fill\" style=\"opacity:0.25\" d=\"M2600 0L0 0 0 130.1 2600 69.1z\"\/>\n<\/svg>\t\t<\/div>\n\t\t<div class=\"elementor-element elementor-element-8ee0ab9 e-con-full e-flex e-con e-child\" data-id=\"8ee0ab9\" data-element_type=\"container\" data-e-type=\"container\">\n\t\t\t\t<div class=\"elementor-element elementor-element-aeddf5a elementor-widget elementor-widget-heading\" data-id=\"aeddf5a\" data-element_type=\"widget\" data-e-type=\"widget\" data-widget_type=\"heading.default\">\n\t\t\t\t<div class=\"elementor-widget-container\">\n\t\t\t\t\t<h2 class=\"elementor-heading-title elementor-size-default\">K\u00dcLDET\u00c9S\u00dcNK<\/h2>\t\t\t\t<\/div>\n\t\t\t\t<\/div>\n\t\t\t\t<div class=\"elementor-element elementor-element-9f78070 elementor-widget elementor-widget-text-editor\" data-id=\"9f78070\" data-element_type=\"widget\" data-e-type=\"widget\" data-widget_type=\"text-editor.default\">\n\t\t\t\t<div class=\"elementor-widget-container\">\n\t\t\t\t\t\t\t\t\t<p>A <strong data-start=\"25\" data-end=\"39\">T Grup Cam<\/strong> k\u00fcldet\u00e9se, hogy <strong data-start=\"67\" data-end=\"127\" data-is-only-node=\"\">kiv\u00e1l\u00f3 min\u0151s\u00e9g\u0171 \u00e9s szem\u00e9lyre szabott \u00fcvegmegold\u00e1sokat<\/strong> ny\u00fajtson, amelyek megfelelnek az <strong data-start=\"164\" data-end=\"263\">ablak-, ajt\u00f3-, homlokzat-, zuhanykabin-, korl\u00e1t-, belt\u00e9ri \u00fcveg- \u00e9s irodai v\u00e1laszfal-ipar\u00e1gak<\/strong> folyamatosan v\u00e1ltoz\u00f3 ig\u00e9nyeinek. Elk\u00f6telezettek vagyunk a <strong data-start=\"296\" data-end=\"347\">pontoss\u00e1g, tart\u00f3ss\u00e1g \u00e9s eszt\u00e9tikai kiv\u00e1l\u00f3s\u00e1g<\/strong> biztos\u00edt\u00e1sa mellett, biztos\u00edtva a <strong data-start=\"358\" data-end=\"406\">gyors, megb\u00edzhat\u00f3 \u00e9s \u00fcgyf\u00e9lk\u00f6zpont\u00fa szolg\u00e1ltat\u00e1st<\/strong>. Azzal, hogy olyan vezet\u0151 glob\u00e1lis besz\u00e1ll\u00edt\u00f3kkal m\u0171k\u00f6d\u00fcnk egy\u00fctt, mint az AGC, a Guardian Sunguard, a Pilkington, a Saint-Gobain \u00e9s a \u015ei\u015fecam, garant\u00e1ljuk, hogy term\u00e9keink megfelelnek az <strong data-start=\"567\" data-end=\"643\">eur\u00f3pai (EN), amerikai (ASTM), brit (BS) \u00e9s izraeli (SI) szabv\u00e1nyoknak, t\u00e1mogatva a fenntarthat\u00f3 \u00e9s hat\u00e9kony \u00e9p\u00edt\u00e9szeti alkalmaz\u00e1sokat vil\u00e1gszerte.<\/p>\n\t\t\t\t\t\t\t\t<\/div>\n\t\t\t\t<\/div>\n\t\t\t\t<\/div>\n\t\t<div class=\"elementor-element elementor-element-057004d e-con-full e-flex e-con e-child\" data-id=\"057004d\" data-element_type=\"container\" data-e-type=\"container\">\n\t\t\t\t<div class=\"elementor-element elementor-element-1ca9c79 elementor-widget elementor-widget-heading\" data-id=\"1ca9c79\" data-element_type=\"widget\" data-e-type=\"widget\" data-widget_type=\"heading.default\">\n\t\t\t\t<div class=\"elementor-widget-container\">\n\t\t\t\t\t<h2 class=\"elementor-heading-title elementor-size-default\">V\u00cdZI\u00d3NK<\/h2>\t\t\t\t<\/div>\n\t\t\t\t<\/div>\n\t\t\t\t<div class=\"elementor-element elementor-element-78a9838 elementor-widget elementor-widget-text-editor\" data-id=\"78a9838\" data-element_type=\"widget\" data-e-type=\"widget\" data-widget_type=\"text-editor.default\">\n\t\t\t\t<div class=\"elementor-widget-container\">\n\t\t\t\t\t\t\t\t\t<p>J\u00f6v\u0151k\u00e9p\u00fcnk, hogy <strong data-start=\"766\" data-end=\"796\">glob\u00e1lisan elismert vezet\u0151<\/strong> v\u00e1llalat legy\u00fcnk az \u00fcvegiparban, amely a <strong data-start=\"834\" data-end=\"906\" data-is-only-node=\"\">min\u0151s\u00e9g, fenntarthat\u00f3s\u00e1g \u00e9s technol\u00f3giai fejl\u0151d\u00e9s ir\u00e1nti elk\u00f6telezetts\u00e9g\u00fcnkr\u0151l<\/strong> ismert. C\u00e9lunk, hogy folyamatosan <strong data-start=\"931\" data-end=\"970\">b\u0151v\u00edts\u00fck innovat\u00edv term\u00e9kk\u00edn\u00e1latunkat<\/strong>, integr\u00e1lva a <strong data-start=\"984\" data-end=\"1101\">fejlett \u00fcvegfeldolgoz\u00e1si technik\u00e1kat, mint p\u00e9ld\u00e1ul a digit\u00e1lis nyomtat\u00e1s, a szitanyom\u00e1s, az \u00e9lmegmunk\u00e1l\u00e1s \u00e9s a f\u00far\u00e1s<\/strong>, hogy kiel\u00e9g\u00edts\u00fck a modern \u00e9p\u00edt\u00e9szet sokr\u00e9t\u0171 ig\u00e9nyeit. A hangs\u00faly a <strong data-start=\"1171\" data-end=\"1210\">sz\u00e1ll\u00edt\u00e1son \u00e9s&#8230; anyagmozgat\u00e1si megold\u00e1sok<\/strong> ter\u00e9n arra t\u00f6reksz\u00fcnk, hogy biztos\u00edtsuk a <strong data-start=\"1232\" data-end=\"1305\">z\u00f6kken\u0151mentes nemzetk\u00f6zi sz\u00e1ll\u00edt\u00e1st \u00e9s a kiv\u00e9teles \u00fcgyf\u00e9l-el\u00e9gedetts\u00e9get<\/strong>, meger\u0151s\u00edtve poz\u00edci\u00f3nkat, mint a <strong data-start=\"1339\" data-end=\"1405\">megb\u00edzhat\u00f3 partner a nagy teljes\u00edtm\u00e9ny\u0171 \u00fcvegmegold\u00e1sok ter\u00e9n vil\u00e1gszerte<\/strong>.<\/p>\n\t\t\t\t\t\t\t\t<\/div>\n\t\t\t\t<\/div>\n\t\t\t\t<\/div>\n\t\t\t\t\t<\/div>\n\t\t\t\t<\/div>\n\t\t<div class=\"elementor-element elementor-element-624f5b0 e-flex e-con-boxed e-con e-parent\" data-id=\"624f5b0\" data-element_type=\"container\" data-e-type=\"container\" data-settings=\"{&quot;background_background&quot;:&quot;classic&quot;}\">\n\t\t\t\t\t<div class=\"e-con-inner\">\n\t\t\t\t<div class=\"elementor-element elementor-element-0ae2ff8 elementor-widget elementor-widget-heading\" data-id=\"0ae2ff8\" data-element_type=\"widget\" data-e-type=\"widget\" data-widget_type=\"heading.default\">\n\t\t\t\t<div class=\"elementor-widget-container\">\n\t\t\t\t\t<h2 class=\"elementor-heading-title elementor-size-default\">\u00c9RT\u00c9KEINK<\/h2>\t\t\t\t<\/div>\n\t\t\t\t<\/div>\n\t\t\t\t<div class=\"elementor-element elementor-element-780315a elementor-widget elementor-widget-text-editor\" data-id=\"780315a\" data-element_type=\"widget\" data-e-type=\"widget\" data-widget_type=\"text-editor.default\">\n\t\t\t\t<div class=\"elementor-widget-container\">\n\t\t\t\t\t\t\t\t\t<p data-start=\"1449\" data-end=\"1490\">A <strong data-start=\"1452\" data-end=\"1466\">T Grup Cam<\/strong>-n\u00e1l elk\u00f6telezettek vagyunk a k\u00f6vetkez\u0151k ir\u00e1nt:<\/p>\n<p data-start=\"1492\" data-end=\"2315\">\u2705 <strong data-start=\"1494\" data-end=\"1523\">\u00dcgyf\u00e9lk\u00f6zpont\u00fa megk\u00f6zel\u00edt\u00e9s<\/strong> \u2013 Meg\u00e9rtj\u00fck az \u00d6n ig\u00e9nyeit, \u00e9s <strong data-start=\"1566\" data-end=\"1594\">testreszabott \u00fcvegmegold\u00e1sokat<\/strong> sz\u00e1ll\u00edtunk, amelyek t\u00f6k\u00e9letesen illeszkednek a projektj\u00e9hez.<br data-start=\"1627\" data-end=\"1630\" \/>\u2705 <strong data-start=\"1632\" data-end=\"1659\">Gyors \u00e9s Megb\u00edzhat\u00f3 szolg\u00e1ltat\u00e1s<\/strong> \u2013 <strong data-start=\"1671\" data-end=\"1706\">id\u0151ben t\u00f6rt\u00e9n\u0151 gy\u00e1rt\u00e1s \u00e9s sz\u00e1ll\u00edt\u00e1s<\/strong> biztos\u00edt\u00e1sa, a <strong data-start=\"1723\" data-end=\"1751\">hat\u00e9konys\u00e1gra \u00e9s pontoss\u00e1gra<\/strong> \u00f6sszpontos\u00edtva.<br data-start=\"1752\" data-end=\"1755\" \/>\u2705 <strong data-start=\"1757\" data-end=\"1790\">Kiv\u00e1l\u00f3 min\u0151s\u00e9g \u00e9s Fenntarthat\u00f3s\u00e1g<\/strong> \u2013 A <strong data-start=\"1803\" data-end=\"1834\">legmodernebb technol\u00f3gia<\/strong> alkalmaz\u00e1s\u00e1val a leg<strong data-start=\"1855\" data-end=\"1894\">legfejlettebb, tart\u00f3sabb \u00e9s k\u00f6rnyezetbar\u00e1t<\/strong> \u00fcvegmegold\u00e1sokat k\u00edn\u00e1ljuk.<br data-start=\"1911\" data-end=\"1914\" \/>\u2705 <strong data-start=\"1916\" data-end=\"1955\">K\u00f6zleked\u00e9s \u00e9s Anyagmozgat\u00e1si megold\u00e1sok<\/strong> \u2013 <strong data-start=\"1967\" data-end=\"2012\">biztons\u00e1gos, hat\u00e9kony \u00e9s s\u00e9r\u00fcl\u00e9smentes sz\u00e1ll\u00edt\u00e1st<\/strong> biztos\u00edtunk az ipar\u00e1gvezet\u0151 logisztikai \u00e9s csomagol\u00e1si szabv\u00e1nyoknak k\u00f6sz\u00f6nhet\u0151en.<br data-start=\"2069\" data-end=\"2072\" \/>\u2705 <strong data-start=\"2074\" data-end=\"2117\">Nemzetk\u00f6zi szabv\u00e1nyoknak val\u00f3 megfelel\u00e9s<\/strong> \u2013 Minden term\u00e9k\u00fcnk megfelel <strong data-start=\"2151\" data-end=\"2195\">szigor\u00fa min\u0151s\u00e9gi \u00e9s biztons\u00e1gi el\u0151\u00edr\u00e1sainak<\/strong> <strong data-start=\"2199\" data-end=\"2238\">Eur\u00f3pa, az USA, az Egyes\u00fclt Kir\u00e1lys\u00e1g \u00e9s Izrael<\/strong> orsz\u00e1gaiban, biztos\u00edtva a glob\u00e1lis \u00e9p\u00edt\u00e9si \u00e9s \u00fcvegez\u00e9si k\u00f6vetelm\u00e9nyekkel val\u00f3 kompatibilit\u00e1st.<\/p>\n<p data-start=\"2317\" data-end=\"2531\">Ak\u00e1r <strong data-start=\"2334\" data-end=\"2383\">egyedi \u00fcvegre van sz\u00fcks\u00e9ge nagyszab\u00e1s\u00fa homlokzati projekthez<\/strong> vagy <strong data-start=\"2387\" data-end=\"2444\">speci\u00e1lis \u00fcvegmegold\u00e1sokat k\u00edn\u00e1lunk belt\u00e9ri alkalmaz\u00e1sokhoz<\/strong>, a <strong data-start=\"2446\" data-end=\"2460\">T Grup Cam<\/strong> az \u00d6n <strong data-start=\"2469\" data-end=\"2488\">megb\u00edzhat\u00f3 partnere<\/strong> a min\u0151s\u00e9g, a szak\u00e9rtelem \u00e9s a megb\u00edzhat\u00f3s\u00e1g ter\u00e9n.<\/p>\n\t\t\t\t\t\t\t\t<\/div>\n\t\t\t\t<\/div>\n\t\t\t\t\t<\/div>\n\t\t\t\t<\/div>\n\t\t<div class=\"elementor-element elementor-element-6682a49 e-flex e-con-boxed e-con e-parent\" data-id=\"6682a49\" data-element_type=\"container\" data-e-type=\"container\">\n\t\t\t\t\t<div class=\"e-con-inner\">\n\t\t\t\t<div class=\"elementor-element elementor-element-37f5c40 elementor-widget elementor-widget-heading\" data-id=\"37f5c40\" data-element_type=\"widget\" data-e-type=\"widget\" data-widget_type=\"heading.default\">\n\t\t\t\t<div class=\"elementor-widget-container\">\n\t\t\t\t\t<h2 class=\"elementor-heading-title elementor-size-default\">H\u00cdR<\/h2>\t\t\t\t<\/div>\n\t\t\t\t<\/div>\n\t\t\t\t\t<\/div>\n\t\t\t\t<\/div>\n\t\t\t\t<\/div>\n\t\t","protected":false},"excerpt":{"rendered":"<p>R\u00d3LUNK R\u00d3LUNK A T Grup Cam-n\u00e1l\u00a0t\u00f6bb vagyunk, mint egy \u00fcveggy\u00e1rt\u00f3 \u2013 egy megold\u00e1spartner vagyunk, amely elk\u00f6telezett a kiv\u00e1l\u00f3 min\u0151s\u00e9g\u0171, egyedi \u00fcvegterm\u00e9kek sz\u00e1ll\u00edt\u00e1sa ir\u00e1nt, \u00fcgyf\u00e9lk\u00f6zpont\u00fa megk\u00f6zel\u00edt\u00e9ssel. Az ablak-, ajt\u00f3-, homlokzat-, zuhanykabin-szektor, korl\u00e1tmegold\u00e1sok, belt\u00e9ri \u00fcveg- \u00e9s irodai v\u00e1laszfalrendszerek kiszolg\u00e1l\u00e1s\u00e1ra egyedi megold\u00e1sok, amelyeket \u00fcgyfeleink speci\u00e1lis ig\u00e9nyeinek kiel\u00e9g\u00edt\u00e9s\u00e9re tervezt\u00fcnk pontoss\u00e1ggal, gyorsas\u00e1ggal \u00e9s megb\u00edzhat\u00f3s\u00e1ggal. Szakter\u00fclet\u00fcnk az alacsony kibocs\u00e1t\u00e1s\u00fa \u00fcveg, goly\u00f3\u00e1ll\u00f3 [&hellip;]<\/p>\n","protected":false},"author":1,"featured_media":0,"parent":0,"menu_order":0,"comment_status":"closed","ping_status":"closed","template":"elementor_header_footer","meta":{"footnotes":""},"class_list":["post-3058","page","type-page","status-publish","hentry"],"_links":{"self":[{"href":"https:\/\/tgrupcam.com\/index.php\/wp-json\/wp\/v2\/pages\/3058","targetHints":{"allow":["GET"]}}],"collection":[{"href":"https:\/\/tgrupcam.com\/index.php\/wp-json\/wp\/v2\/pages"}],"about":[{"href":"https:\/\/tgrupcam.com\/index.php\/wp-json\/wp\/v2\/types\/page"}],"author":[{"embeddable":true,"href":"https:\/\/tgrupcam.com\/index.php\/wp-json\/wp\/v2\/users\/1"}],"replies":[{"embeddable":true,"href":"https:\/\/tgrupcam.com\/index.php\/wp-json\/wp\/v2\/comments?post=3058"}],"version-history":[{"count":0,"href":"https:\/\/tgrupcam.com\/index.php\/wp-json\/wp\/v2\/pages\/3058\/revisions"}],"wp:attachment":[{"href":"https:\/\/tgrupcam.com\/index.php\/wp-json\/wp\/v2\/media?parent=3058"}],"curies":[{"name":"wp","href":"https:\/\/api.w.org\/{rel}","templated":true}]}}