{"id":3584,"date":"2025-05-28T12:55:31","date_gmt":"2025-05-28T09:55:31","guid":{"rendered":"https:\/\/tgrupcam.com\/?page_id=3584"},"modified":"2025-05-28T12:56:32","modified_gmt":"2025-05-28T09:56:32","slug":"chemical-toughening","status":"publish","type":"page","link":"https:\/\/tgrupcam.com\/index.php\/chemical-toughening\/","title":{"rendered":"Chemical Toughening"},"content":{"rendered":"\t\t<div data-elementor-type=\"wp-page\" data-elementor-id=\"3584\" class=\"elementor elementor-3584\" data-elementor-post-type=\"page\">\n\t\t\t\t<div class=\"elementor-element elementor-element-79c9af8 e-con-full e-flex e-con e-parent\" data-id=\"79c9af8\" data-element_type=\"container\" data-e-type=\"container\" data-settings=\"{&quot;background_background&quot;:&quot;classic&quot;,&quot;shape_divider_bottom&quot;:&quot;opacity-fan&quot;}\">\n\t\t\t\t<div class=\"elementor-shape elementor-shape-bottom\" aria-hidden=\"true\" data-negative=\"false\">\n\t\t\t<svg xmlns=\"http:\/\/www.w3.org\/2000\/svg\" viewBox=\"0 0 283.5 19.6\" preserveAspectRatio=\"none\">\n\t<path class=\"elementor-shape-fill\" style=\"opacity:0.33\" d=\"M0 0L0 18.8 141.8 4.1 283.5 18.8 283.5 0z\"\/>\n\t<path class=\"elementor-shape-fill\" style=\"opacity:0.33\" d=\"M0 0L0 12.6 141.8 4 283.5 12.6 283.5 0z\"\/>\n\t<path class=\"elementor-shape-fill\" style=\"opacity:0.33\" d=\"M0 0L0 6.4 141.8 4 283.5 6.4 283.5 0z\"\/>\n\t<path class=\"elementor-shape-fill\" d=\"M0 0L0 1.2 141.8 4 283.5 1.2 283.5 0z\"\/>\n<\/svg>\t\t<\/div>\n\t\t\t\t<div class=\"elementor-element elementor-element-d85c1e5 elementor-widget elementor-widget-heading\" data-id=\"d85c1e5\" data-element_type=\"widget\" data-e-type=\"widget\" data-widget_type=\"heading.default\">\n\t\t\t\t<div class=\"elementor-widget-container\">\n\t\t\t\t\t<h2 class=\"elementor-heading-title elementor-size-default\">Chemical Toughening<\/h2>\t\t\t\t<\/div>\n\t\t\t\t<\/div>\n\t\t\t\t<\/div>\n\t\t<div class=\"elementor-element elementor-element-2cc499d e-flex e-con-boxed e-con e-parent\" data-id=\"2cc499d\" data-element_type=\"container\" data-e-type=\"container\">\n\t\t\t\t\t<div class=\"e-con-inner\">\n\t\t\t\t<div class=\"elementor-element elementor-element-4eeebef elementor-widget elementor-widget-heading\" data-id=\"4eeebef\" data-element_type=\"widget\" data-e-type=\"widget\" data-widget_type=\"heading.default\">\n\t\t\t\t<div class=\"elementor-widget-container\">\n\t\t\t\t\t<h2 class=\"elementor-heading-title elementor-size-default\">Chemical Toughening\n<\/h2>\t\t\t\t<\/div>\n\t\t\t\t<\/div>\n\t\t\t\t<div class=\"elementor-element elementor-element-96ca51e elementor-widget elementor-widget-text-editor\" data-id=\"96ca51e\" data-element_type=\"widget\" data-e-type=\"widget\" data-widget_type=\"text-editor.default\">\n\t\t\t\t<div class=\"elementor-widget-container\">\n\t\t\t\t\t\t\t\t\t<p data-start=\"53\" data-end=\"469\">At <strong data-start=\"56\" data-end=\"70\">T Grup Cam<\/strong>, we are dedicated to delivering <strong data-start=\"103\" data-end=\"132\">exceptional glass quality<\/strong> that meets the high expectations of our clients across architectural, automotive, marine, and high-performance design industries. Our <strong data-start=\"267\" data-end=\"301\">chemical toughening technology<\/strong> offers a premium solution for projects that demand <strong data-start=\"353\" data-end=\"408\">superior optical clarity, strength, and reliability<\/strong> beyond the capabilities of traditional thermal toughening.<\/p><p data-start=\"471\" data-end=\"719\">Unlike thermally toughened glass, which may show <strong data-start=\"520\" data-end=\"571\">distortions, local shading, or color variations<\/strong>, our <strong data-start=\"577\" data-end=\"607\">chemically toughened glass<\/strong> maintains <strong data-start=\"618\" data-end=\"648\">perfect visual consistency<\/strong>\u2014ideal for applications where <strong data-start=\"678\" data-end=\"700\">optical perfection<\/strong> is non-negotiable.<\/p>\t\t\t\t\t\t\t\t<\/div>\n\t\t\t\t<\/div>\n\t\t\t\t\t<\/div>\n\t\t\t\t<\/div>\n\t\t<div class=\"elementor-element elementor-element-cf186d8 e-flex e-con-boxed e-con e-parent\" data-id=\"cf186d8\" data-element_type=\"container\" data-e-type=\"container\" data-settings=\"{&quot;background_background&quot;:&quot;classic&quot;}\">\n\t\t\t\t\t<div class=\"e-con-inner\">\n\t\t\t\t<div class=\"elementor-element elementor-element-46d732c elementor-widget elementor-widget-heading\" data-id=\"46d732c\" data-element_type=\"widget\" data-e-type=\"widget\" data-widget_type=\"heading.default\">\n\t\t\t\t<div class=\"elementor-widget-container\">\n\t\t\t\t\t<h2 class=\"elementor-heading-title elementor-size-default\">What is Chemical Toughening?<\/h2>\t\t\t\t<\/div>\n\t\t\t\t<\/div>\n\t\t\t\t<div class=\"elementor-element elementor-element-3e76596 elementor-widget elementor-widget-text-editor\" data-id=\"3e76596\" data-element_type=\"widget\" data-e-type=\"widget\" data-widget_type=\"text-editor.default\">\n\t\t\t\t<div class=\"elementor-widget-container\">\n\t\t\t\t\t\t\t\t\t<p data-start=\"766\" data-end=\"1092\"><strong data-start=\"766\" data-end=\"789\">Chemical toughening<\/strong> is an advanced glass strengthening process based on <strong data-start=\"842\" data-end=\"858\">ion exchange<\/strong>, enhancing both the <strong data-start=\"879\" data-end=\"899\">surface strength<\/strong> and <strong data-start=\"904\" data-end=\"926\">thermal resistance<\/strong> of the glass without altering its appearance. This makes it ideal for <strong data-start=\"997\" data-end=\"1091\">aesthetic architectural applications, electronic displays, and specialized glazing systems<\/strong>.<\/p><p data-start=\"1094\" data-end=\"1117\"><strong data-start=\"1099\" data-end=\"1115\">How It Works<\/strong><\/p><ol data-start=\"1118\" data-end=\"1933\"><li data-start=\"1118\" data-end=\"1211\"><p data-start=\"1121\" data-end=\"1211\"><strong data-start=\"1121\" data-end=\"1136\">Preparation<\/strong> \u2013 The glass is meticulously cleaned to ensure an uncontaminated surface.<\/p><\/li><li data-start=\"1212\" data-end=\"1523\"><p data-start=\"1215\" data-end=\"1322\"><strong data-start=\"1215\" data-end=\"1231\">Ion Exchange<\/strong> \u2013 Glass is immersed in a <strong data-start=\"1257\" data-end=\"1297\">high-purity potassium nitrate (KNO\u2083)<\/strong> bath at <strong data-start=\"1306\" data-end=\"1319\">380\u2013450\u00b0C<\/strong>.<\/p><ul data-start=\"1326\" data-end=\"1523\"><li data-start=\"1326\" data-end=\"1428\"><p data-start=\"1328\" data-end=\"1428\"><strong data-start=\"1328\" data-end=\"1357\">Smaller sodium ions (Na\u207a)<\/strong> in the glass surface are <strong data-start=\"1383\" data-end=\"1425\">replaced by larger potassium ions (K\u207a)<\/strong>.<\/p><\/li><li data-start=\"1432\" data-end=\"1523\"><p data-start=\"1434\" data-end=\"1523\">This exchange creates <strong data-start=\"1456\" data-end=\"1478\">compressive stress<\/strong> on the surface layer, increasing strength.<\/p><\/li><\/ul><\/li><li data-start=\"1524\" data-end=\"1679\"><p data-start=\"1527\" data-end=\"1679\"><strong data-start=\"1527\" data-end=\"1553\">Stress Layer Formation<\/strong> \u2013 The ion exchange forms a toughened layer up to <strong data-start=\"1603\" data-end=\"1623\">100 microns deep<\/strong>, greatly enhancing resistance to cracking and impact.<\/p><\/li><li data-start=\"1680\" data-end=\"1786\"><p data-start=\"1683\" data-end=\"1786\"><strong data-start=\"1683\" data-end=\"1705\">Controlled Cooling<\/strong> \u2013 The glass is gradually cooled to maintain the integrity of the stress layer.<\/p><\/li><li data-start=\"1787\" data-end=\"1933\"><p data-start=\"1790\" data-end=\"1933\"><strong data-start=\"1790\" data-end=\"1810\">Final Inspection<\/strong> \u2013 Each pane unde<\/p><\/li><\/ol>\t\t\t\t\t\t\t\t<\/div>\n\t\t\t\t<\/div>\n\t\t\t\t\t<\/div>\n\t\t\t\t<\/div>\n\t\t<div class=\"elementor-element elementor-element-8e4fd01 e-flex e-con-boxed e-con e-parent\" data-id=\"8e4fd01\" data-element_type=\"container\" data-e-type=\"container\">\n\t\t\t\t\t<div class=\"e-con-inner\">\n\t\t\t\t<div class=\"elementor-element elementor-element-c87e9f2 elementor-widget elementor-widget-heading\" data-id=\"c87e9f2\" data-element_type=\"widget\" data-e-type=\"widget\" data-widget_type=\"heading.default\">\n\t\t\t\t<div class=\"elementor-widget-container\">\n\t\t\t\t\t<h2 class=\"elementor-heading-title elementor-size-default\">Why Choose Chemical Toughening?<\/h2>\t\t\t\t<\/div>\n\t\t\t\t<\/div>\n\t\t\t\t<div class=\"elementor-element elementor-element-1ad67cb elementor-widget elementor-widget-text-editor\" data-id=\"1ad67cb\" data-element_type=\"widget\" data-e-type=\"widget\" data-widget_type=\"text-editor.default\">\n\t\t\t\t<div class=\"elementor-widget-container\">\n\t\t\t\t\t\t\t\t\t<p data-start=\"53\" data-end=\"469\">\u2705 <strong data-start=\"1985\" data-end=\"2013\">Superior Optical Clarity<\/strong> \u2013 No warping, color change, or roller wave distortions like in thermal toughening.<br data-start=\"2096\" data-end=\"2099\" \/>\u2705 <strong data-start=\"2101\" data-end=\"2130\">Enhanced Surface Strength<\/strong> \u2013 Greater resistance to scratching, impact, and mechanical stress.<br data-start=\"2197\" data-end=\"2200\" \/>\u2705 <strong data-start=\"2202\" data-end=\"2239\">Improved Thermal Shock Resistance<\/strong> \u2013 Ideal for environments with temperature fluctuations.<br data-start=\"2295\" data-end=\"2298\" \/>\u2705 <strong data-start=\"2300\" data-end=\"2320\">Safety Advantage<\/strong> \u2013 Breaks into less hazardous, granular fragments.<br data-start=\"2370\" data-end=\"2373\" \/>\u2705 <strong data-start=\"2375\" data-end=\"2413\">Perfect for Thin &amp; Specialty Glass<\/strong> \u2013 Enables toughening of glass as thin as <strong data-start=\"2455\" data-end=\"2463\">2 mm<\/strong>, which is not possible with thermal processes.<\/p>\t\t\t\t\t\t\t\t<\/div>\n\t\t\t\t<\/div>\n\t\t\t\t\t<\/div>\n\t\t\t\t<\/div>\n\t\t<div class=\"elementor-element elementor-element-2ae6d74 e-flex e-con-boxed e-con e-parent\" data-id=\"2ae6d74\" data-element_type=\"container\" data-e-type=\"container\" data-settings=\"{&quot;background_background&quot;:&quot;classic&quot;}\">\n\t\t\t\t\t<div class=\"e-con-inner\">\n\t\t\t\t<div class=\"elementor-element elementor-element-5f0bd9c elementor-widget elementor-widget-heading\" data-id=\"5f0bd9c\" data-element_type=\"widget\" data-e-type=\"widget\" data-widget_type=\"heading.default\">\n\t\t\t\t<div class=\"elementor-widget-container\">\n\t\t\t\t\t<h2 class=\"elementor-heading-title elementor-size-default\">Custom Chemical Toughening for Custom Sizes<\/h2>\t\t\t\t<\/div>\n\t\t\t\t<\/div>\n\t\t\t\t<div class=\"elementor-element elementor-element-259ae8a elementor-widget elementor-widget-text-editor\" data-id=\"259ae8a\" data-element_type=\"widget\" data-e-type=\"widget\" data-widget_type=\"text-editor.default\">\n\t\t\t\t<div class=\"elementor-widget-container\">\n\t\t\t\t\t\t\t\t\t<p data-start=\"766\" data-end=\"1092\">We proudly offer <strong data-start=\"2605\" data-end=\"2654\">chemical toughening as a personalized service<\/strong> for <strong data-start=\"2659\" data-end=\"2689\">customer-owned glass (COG)<\/strong>. Our in-house <strong data-start=\"2704\" data-end=\"2745\">state-of-the-art chemical bath system<\/strong> can accommodate glass sizes up to <strong data-start=\"2780\" data-end=\"2802\">8.00 x 3.21 meters<\/strong>, making us one of the few providers in the region capable of <strong data-start=\"2864\" data-end=\"2909\">handling large-format and specialty glass<\/strong> with <strong data-start=\"2915\" data-end=\"2940\">world-class precision<\/strong>.<\/p>\t\t\t\t\t\t\t\t<\/div>\n\t\t\t\t<\/div>\n\t\t\t\t\t<\/div>\n\t\t\t\t<\/div>\n\t\t<div class=\"elementor-element elementor-element-2181cc8 e-flex e-con-boxed e-con e-parent\" data-id=\"2181cc8\" data-element_type=\"container\" data-e-type=\"container\">\n\t\t\t\t\t<div class=\"e-con-inner\">\n\t\t<div class=\"elementor-element elementor-element-e8bbdb3 e-con-full e-flex e-con e-child\" data-id=\"e8bbdb3\" data-element_type=\"container\" data-e-type=\"container\">\n\t\t\t\t<div class=\"elementor-element elementor-element-e435af1 elementor-widget elementor-widget-heading\" data-id=\"e435af1\" data-element_type=\"widget\" data-e-type=\"widget\" data-widget_type=\"heading.default\">\n\t\t\t\t<div class=\"elementor-widget-container\">\n\t\t\t\t\t<h2 class=\"elementor-heading-title elementor-size-default\">Applications<\/h2>\t\t\t\t<\/div>\n\t\t\t\t<\/div>\n\t\t\t\t<div class=\"elementor-element elementor-element-ad043d1 elementor-widget elementor-widget-text-editor\" data-id=\"ad043d1\" data-element_type=\"widget\" data-e-type=\"widget\" data-widget_type=\"text-editor.default\">\n\t\t\t\t<div class=\"elementor-widget-container\">\n\t\t\t\t\t\t\t\t\t<ul><li data-start=\"2971\" data-end=\"3009\"><p data-start=\"2973\" data-end=\"3009\">High-end <strong data-start=\"2982\" data-end=\"3007\">architectural fa\u00e7ades<\/strong><\/p><\/li><li data-start=\"3010\" data-end=\"3052\"><p data-start=\"3012\" data-end=\"3052\"><strong data-start=\"3012\" data-end=\"3027\">Balustrades<\/strong> and structural glazing<\/p><\/li><li data-start=\"3053\" data-end=\"3085\"><p data-start=\"3055\" data-end=\"3085\"><strong data-start=\"3055\" data-end=\"3083\">Marine and yacht windows<\/strong><\/p><\/li><li data-start=\"3086\" data-end=\"3146\"><p data-start=\"3088\" data-end=\"3146\"><strong data-start=\"3088\" data-end=\"3109\">Shower enclosures<\/strong> and <strong data-start=\"3114\" data-end=\"3144\">curved glass installations<\/strong><\/p><\/li><li data-start=\"3147\" data-end=\"3211\"><p data-start=\"3149\" data-end=\"3211\"><strong data-start=\"3149\" data-end=\"3165\">Touchscreens<\/strong>, electronics, and high-value display panels<\/p><\/li><li data-start=\"3212\" data-end=\"3268\"><p data-start=\"3214\" data-end=\"3268\"><strong data-start=\"3214\" data-end=\"3233\">Furniture glass<\/strong>, tables, and decorative elements<\/p><\/li><\/ul>\t\t\t\t\t\t\t\t<\/div>\n\t\t\t\t<\/div>\n\t\t\t\t<\/div>\n\t\t<div class=\"elementor-element elementor-element-c451f41 e-con-full e-flex e-con e-child\" data-id=\"c451f41\" data-element_type=\"container\" data-e-type=\"container\">\n\t\t\t\t<div class=\"elementor-element elementor-element-68f83dc elementor-widget elementor-widget-image\" data-id=\"68f83dc\" data-element_type=\"widget\" data-e-type=\"widget\" data-widget_type=\"image.default\">\n\t\t\t\t<div class=\"elementor-widget-container\">\n\t\t\t\t\t\t\t\t\t\t\t\t\t\t\t<img fetchpriority=\"high\" decoding=\"async\" width=\"500\" height=\"437\" src=\"https:\/\/tgrupcam.com\/wp-content\/uploads\/2025\/05\/csm_Chemical-Toughening-Ion-Exchange-Illustration_623dc1b8f8.png\" class=\"attachment-large size-large wp-image-3585\" alt=\"\" srcset=\"https:\/\/tgrupcam.com\/wp-content\/uploads\/2025\/05\/csm_Chemical-Toughening-Ion-Exchange-Illustration_623dc1b8f8.png 500w, https:\/\/tgrupcam.com\/wp-content\/uploads\/2025\/05\/csm_Chemical-Toughening-Ion-Exchange-Illustration_623dc1b8f8-300x262.png 300w\" sizes=\"(max-width: 500px) 100vw, 500px\" \/>\t\t\t\t\t\t\t\t\t\t\t\t\t\t\t<\/div>\n\t\t\t\t<\/div>\n\t\t\t\t<\/div>\n\t\t\t\t\t<\/div>\n\t\t\t\t<\/div>\n\t\t<div class=\"elementor-element elementor-element-2b0d3e2 e-flex e-con-boxed e-con e-parent\" data-id=\"2b0d3e2\" data-element_type=\"container\" data-e-type=\"container\" data-settings=\"{&quot;background_background&quot;:&quot;classic&quot;}\">\n\t\t\t\t\t<div class=\"e-con-inner\">\n\t\t\t\t<div class=\"elementor-element elementor-element-3145ea1 elementor-widget elementor-widget-heading\" data-id=\"3145ea1\" data-element_type=\"widget\" data-e-type=\"widget\" data-widget_type=\"heading.default\">\n\t\t\t\t<div class=\"elementor-widget-container\">\n\t\t\t\t\t<h2 class=\"elementor-heading-title elementor-size-default\">Why T Grup Cam?<\/h2>\t\t\t\t<\/div>\n\t\t\t\t<\/div>\n\t\t\t\t<div class=\"elementor-element elementor-element-5331489 elementor-widget elementor-widget-text-editor\" data-id=\"5331489\" data-element_type=\"widget\" data-e-type=\"widget\" data-widget_type=\"text-editor.default\">\n\t\t\t\t<div class=\"elementor-widget-container\">\n\t\t\t\t\t\t\t\t\t<p data-start=\"3301\" data-end=\"3629\">With our <strong data-start=\"3310\" data-end=\"3325\">expert team<\/strong>, advanced in-house technology, and commitment to international standards, <strong data-start=\"3400\" data-end=\"3414\">T Grup Cam<\/strong> is your trusted partner in <strong data-start=\"3442\" data-end=\"3482\">custom chemical toughening solutions<\/strong>. We serve clients across <strong data-start=\"3508\" data-end=\"3555\">Turkey, Europe, the UK, the USA, and Israel<\/strong>, providing <strong data-start=\"3567\" data-end=\"3609\">precision, reliability, and innovation<\/strong> in every project.<\/p><p data-start=\"3631\" data-end=\"3931\" data-is-last-node=\"\" data-is-only-node=\"\">\ud83d\udce9 <strong data-start=\"3634\" data-end=\"3704\">To learn more or request a quote for chemical toughening services:<\/strong><br data-start=\"3704\" data-end=\"3707\" \/>\ud83d\udcde +90 531 430 79 77 | +90 531 430 79 57 | +90 532 404 48 09<br data-start=\"3767\" data-end=\"3770\" \/>\ud83d\udccd <strong data-start=\"3773\" data-end=\"3784\">Turkey:<\/strong> Ak\u00e7aburgaz Mah. 1575. Sk. 4 Ca Blok No: 4ca \u0130\u00e7 Kap\u0131 No: 3 Esenyurt\/\u0130stanbul<br data-start=\"3860\" data-end=\"3863\" \/>\ud83d\udccd <strong data-start=\"3866\" data-end=\"3879\">Bulgaria:<\/strong> T Grup Cam Eood, Stoyan Zaimof 13, Haskovo\/BULGARIA<\/p>\t\t\t\t\t\t\t\t<\/div>\n\t\t\t\t<\/div>\n\t\t\t\t\t<\/div>\n\t\t\t\t<\/div>\n\t\t\t\t<\/div>\n\t\t","protected":false},"excerpt":{"rendered":"<p>Chemical Toughening Chemical Toughening At T Grup Cam, we are dedicated to delivering exceptional glass quality that meets the high expectations of our clients across architectural, automotive, marine, and high-performance design industries. Our chemical toughening technology offers a premium solution for projects that demand superior optical clarity, strength, and reliability beyond the capabilities of traditional [&hellip;]<\/p>\n","protected":false},"author":1,"featured_media":0,"parent":0,"menu_order":0,"comment_status":"closed","ping_status":"closed","template":"elementor_header_footer","meta":{"footnotes":""},"class_list":["post-3584","page","type-page","status-publish","hentry"],"_links":{"self":[{"href":"https:\/\/tgrupcam.com\/index.php\/wp-json\/wp\/v2\/pages\/3584","targetHints":{"allow":["GET"]}}],"collection":[{"href":"https:\/\/tgrupcam.com\/index.php\/wp-json\/wp\/v2\/pages"}],"about":[{"href":"https:\/\/tgrupcam.com\/index.php\/wp-json\/wp\/v2\/types\/page"}],"author":[{"embeddable":true,"href":"https:\/\/tgrupcam.com\/index.php\/wp-json\/wp\/v2\/users\/1"}],"replies":[{"embeddable":true,"href":"https:\/\/tgrupcam.com\/index.php\/wp-json\/wp\/v2\/comments?post=3584"}],"version-history":[{"count":0,"href":"https:\/\/tgrupcam.com\/index.php\/wp-json\/wp\/v2\/pages\/3584\/revisions"}],"wp:attachment":[{"href":"https:\/\/tgrupcam.com\/index.php\/wp-json\/wp\/v2\/media?parent=3584"}],"curies":[{"name":"wp","href":"https:\/\/api.w.org\/{rel}","templated":true}]}}