{"id":3657,"date":"2025-05-28T13:36:11","date_gmt":"2025-05-28T10:36:11","guid":{"rendered":"https:\/\/tgrupcam.com\/?page_id=3657"},"modified":"2025-05-28T13:36:44","modified_gmt":"2025-05-28T10:36:44","slug":"nij-0108-01","status":"publish","type":"page","link":"https:\/\/tgrupcam.com\/index.php\/nij-0108-01\/","title":{"rendered":"NIJ 0108.01"},"content":{"rendered":"\t\t<div data-elementor-type=\"wp-page\" data-elementor-id=\"3657\" class=\"elementor elementor-3657\" data-elementor-post-type=\"page\">\n\t\t\t\t<div class=\"elementor-element elementor-element-79c9af8 e-con-full e-flex e-con e-parent\" data-id=\"79c9af8\" data-element_type=\"container\" data-e-type=\"container\" data-settings=\"{&quot;background_background&quot;:&quot;classic&quot;,&quot;shape_divider_bottom&quot;:&quot;opacity-fan&quot;}\">\n\t\t\t\t<div class=\"elementor-shape elementor-shape-bottom\" aria-hidden=\"true\" data-negative=\"false\">\n\t\t\t<svg xmlns=\"http:\/\/www.w3.org\/2000\/svg\" viewBox=\"0 0 283.5 19.6\" preserveAspectRatio=\"none\">\n\t<path class=\"elementor-shape-fill\" style=\"opacity:0.33\" d=\"M0 0L0 18.8 141.8 4.1 283.5 18.8 283.5 0z\"\/>\n\t<path class=\"elementor-shape-fill\" style=\"opacity:0.33\" d=\"M0 0L0 12.6 141.8 4 283.5 12.6 283.5 0z\"\/>\n\t<path class=\"elementor-shape-fill\" style=\"opacity:0.33\" d=\"M0 0L0 6.4 141.8 4 283.5 6.4 283.5 0z\"\/>\n\t<path class=\"elementor-shape-fill\" d=\"M0 0L0 1.2 141.8 4 283.5 1.2 283.5 0z\"\/>\n<\/svg>\t\t<\/div>\n\t\t\t\t<div class=\"elementor-element elementor-element-d85c1e5 elementor-widget elementor-widget-heading\" data-id=\"d85c1e5\" data-element_type=\"widget\" data-e-type=\"widget\" data-widget_type=\"heading.default\">\n\t\t\t\t<div class=\"elementor-widget-container\">\n\t\t\t\t\t<h2 class=\"elementor-heading-title elementor-size-default\">NIJ 0108.01<\/h2>\t\t\t\t<\/div>\n\t\t\t\t<\/div>\n\t\t\t\t<\/div>\n\t\t<div class=\"elementor-element elementor-element-2cc499d e-flex e-con-boxed e-con e-parent\" data-id=\"2cc499d\" data-element_type=\"container\" data-e-type=\"container\">\n\t\t\t\t\t<div class=\"e-con-inner\">\n\t\t\t\t<div class=\"elementor-element elementor-element-4eeebef elementor-widget elementor-widget-heading\" data-id=\"4eeebef\" data-element_type=\"widget\" data-e-type=\"widget\" data-widget_type=\"heading.default\">\n\t\t\t\t<div class=\"elementor-widget-container\">\n\t\t\t\t\t<h2 class=\"elementor-heading-title elementor-size-default\">NIJ 0108.01<\/h2>\t\t\t\t<\/div>\n\t\t\t\t<\/div>\n\t\t\t\t<div class=\"elementor-element elementor-element-4e0388f elementor-widget elementor-widget-text-editor\" data-id=\"4e0388f\" data-element_type=\"widget\" data-e-type=\"widget\" data-widget_type=\"text-editor.default\">\n\t\t\t\t<div class=\"elementor-widget-container\">\n\t\t\t\t\t\t\t\t\t<table class=\"cart cms-woo-cartform shop_table\" border=\"1\" cellspacing=\"1\" cellpadding=\"1\"><tbody><tr><td>Z\u0131rh<\/td><td colspan=\"3\">Test De\u011fi\u015fkenleri<\/td><td colspan=\"2\">Performans gereklilikleri<\/td><\/tr><tr><td>Tip<\/td><td>Test M\u00fchimmat\u0131<\/td><td>Nominal Mermi K\u00fctlesi<\/td><td>\u00d6nerilen Namlu Uzunlu\u011fu<\/td><td>Gerekli Mermi H\u0131z\u0131<\/td><td>Z\u0131rh \u00f6rne\u011fi ba\u015f\u0131na gerekli Adil \u0130sabetler<\/td><\/tr><tr><td rowspan=\"4\">I<\/td><td rowspan=\"2\">22 LRHV Lead<\/td><td>2.6 g<\/td><td>15- 16.5 cm<\/td><td>320 \u00b1 12 m\/s<\/td><td rowspan=\"2\">5<\/td><\/tr><tr><td>40 gr<\/td><td>6 &#8211; 6.5 in<\/td><td>1050 \u00b1 40 ft\/s<\/td><\/tr><tr><td rowspan=\"2\">38 Special RN Lead<\/td><td>10.2 g<\/td><td>15- 16.5 cm<\/td><td>259 \u00b1 15 m\/s<\/td><td rowspan=\"2\">5<\/td><\/tr><tr><td>158 gr<\/td><td>6 &#8211; 6.5 in<\/td><td>850 \u00b1 50 ft\/s<\/td><\/tr><tr><td rowspan=\"4\">II-A<\/td><td rowspan=\"2\">357 Magnum JSP<\/td><td>102 g<\/td><td>10 &#8211; 12 cm<\/td><td>381 \u00b1 15 m\/s<\/td><td rowspan=\"2\">5<\/td><\/tr><tr><td>158 gr<\/td><td>4 &#8211; 4.75 in<\/td><td>1250 \u00b1 50 ft\/s<\/td><\/tr><tr><td rowspan=\"2\">9 mm FMJ<\/td><td>2.6 g<\/td><td>15- 16.5 cm<\/td><td>332 \u00b1 12 m\/s<\/td><td rowspan=\"2\">5<\/td><\/tr><tr><td>40 gr<\/td><td>6 &#8211; 6.5 in<\/td><td>1090 \u00b1 40 ft\/s<\/td><\/tr><tr><td rowspan=\"4\">II<\/td><td rowspan=\"2\">357 Magnum JSP<\/td><td>10.2 g<\/td><td>15 &#8211; 16.5 cm<\/td><td>425 \u00b1 15 m\/s<\/td><td rowspan=\"2\">5<\/td><\/tr><tr><td>158 gr<\/td><td>6 &#8211; 6.5 in<\/td><td>1395 \u00b1 50 ft\/s<\/td><\/tr><tr><td rowspan=\"2\">9 mm FMJ<\/td><td>8.0 g<\/td><td>10 &#8211; 12 cm<\/td><td>358 \u00b1 12 m\/s<\/td><td rowspan=\"2\">5<\/td><\/tr><tr><td>124 gr<\/td><td>4 &#8211; 4.75 in<\/td><td>1175 \u00b1 40 ft\/s<\/td><\/tr><tr><td rowspan=\"4\">III-A<\/td><td rowspan=\"2\">44 Magnum Lead SWC Gas Checked<\/td><td>15.55 g<\/td><td>14 &#8211; 16cm<\/td><td>426 \u00b1 15 m\/s<\/td><td rowspan=\"2\">5<\/td><\/tr><tr><td>240 gr<\/td><td>5.5 &#8211; 6.25in<\/td><td>1400 \u00b1 50 ft\/s<\/td><\/tr><tr><td rowspan=\"2\">9 mm FMJ<\/td><td>8.0 g<\/td><td>24 &#8211; 26 cm<\/td><td>426 \u00b1 15 m\/s<\/td><td rowspan=\"2\">5<\/td><\/tr><tr><td>124 gr<\/td><td>9.5 &#8211; 10.25 in<\/td><td>1400 \u00b1 50 ft\/s<\/td><\/tr><tr><td rowspan=\"2\">III<\/td><td rowspan=\"2\">7.62 mm (308 Winchester) FMJ<\/td><td>9.7 g<\/td><td>56 cm<\/td><td>838 \u00b1 15 m\/s<\/td><td rowspan=\"2\">5<\/td><\/tr><tr><td>150 gr<\/td><td>22 in<\/td><td>2750 \u00b1 50 ft\/s<\/td><\/tr><tr><td rowspan=\"2\">IV<\/td><td rowspan=\"2\">30-06 AP<\/td><td>10.8 g<\/td><td>56 cm<\/td><td>868 \u00b1 15 m\/s<\/td><td rowspan=\"2\">5<\/td><\/tr><\/tbody><\/table>\t\t\t\t\t\t\t\t<\/div>\n\t\t\t\t<\/div>\n\t\t\t\t\t<\/div>\n\t\t\t\t<\/div>\n\t\t\t\t<\/div>\n\t\t","protected":false},"excerpt":{"rendered":"<p>NIJ 0108.01 NIJ 0108.01 Z\u0131rh Test De\u011fi\u015fkenleri Performans gereklilikleri Tip Test M\u00fchimmat\u0131 Nominal Mermi K\u00fctlesi \u00d6nerilen Namlu Uzunlu\u011fu Gerekli Mermi H\u0131z\u0131 Z\u0131rh \u00f6rne\u011fi ba\u015f\u0131na gerekli Adil \u0130sabetler I 22 LRHV Lead 2.6 g 15- 16.5 cm 320 \u00b1 12 m\/s 5 40 gr 6 &#8211; 6.5 in 1050 \u00b1 40 ft\/s 38 Special RN Lead [&hellip;]<\/p>\n","protected":false},"author":1,"featured_media":0,"parent":0,"menu_order":0,"comment_status":"closed","ping_status":"closed","template":"elementor_header_footer","meta":{"footnotes":""},"class_list":["post-3657","page","type-page","status-publish","hentry"],"_links":{"self":[{"href":"https:\/\/tgrupcam.com\/index.php\/wp-json\/wp\/v2\/pages\/3657","targetHints":{"allow":["GET"]}}],"collection":[{"href":"https:\/\/tgrupcam.com\/index.php\/wp-json\/wp\/v2\/pages"}],"about":[{"href":"https:\/\/tgrupcam.com\/index.php\/wp-json\/wp\/v2\/types\/page"}],"author":[{"embeddable":true,"href":"https:\/\/tgrupcam.com\/index.php\/wp-json\/wp\/v2\/users\/1"}],"replies":[{"embeddable":true,"href":"https:\/\/tgrupcam.com\/index.php\/wp-json\/wp\/v2\/comments?post=3657"}],"version-history":[{"count":0,"href":"https:\/\/tgrupcam.com\/index.php\/wp-json\/wp\/v2\/pages\/3657\/revisions"}],"wp:attachment":[{"href":"https:\/\/tgrupcam.com\/index.php\/wp-json\/wp\/v2\/media?parent=3657"}],"curies":[{"name":"wp","href":"https:\/\/api.w.org\/{rel}","templated":true}]}}