{"id":4850,"date":"2025-05-28T13:05:15","date_gmt":"2025-05-28T10:05:15","guid":{"rendered":"https:\/\/tgrupcam.com\/index.php\/deniz-uygulamalari-icin-isitilabilir-pencereler\/"},"modified":"2025-06-03T17:49:16","modified_gmt":"2025-06-03T14:49:16","slug":"deniz-uygulamalari-icin-isitilabilir-pencereler","status":"publish","type":"page","link":"https:\/\/tgrupcam.com\/index.php\/deniz-uygulamalari-icin-isitilabilir-pencereler\/?lang=tr","title":{"rendered":"Deniz Uygulamalar\u0131 \u0130\u00e7in Is\u0131t\u0131labilir Pencereler"},"content":{"rendered":"\t\t<div data-elementor-type=\"wp-page\" data-elementor-id=\"4850\" class=\"elementor elementor-4850 elementor-3600\" data-elementor-post-type=\"page\">\n\t\t\t\t<div class=\"elementor-element elementor-element-79c9af8 e-con-full e-flex e-con e-parent\" data-id=\"79c9af8\" data-element_type=\"container\" data-e-type=\"container\" data-settings=\"{&quot;background_background&quot;:&quot;classic&quot;,&quot;shape_divider_bottom&quot;:&quot;opacity-fan&quot;}\">\n\t\t\t\t<div class=\"elementor-shape elementor-shape-bottom\" aria-hidden=\"true\" data-negative=\"false\">\n\t\t\t<svg xmlns=\"http:\/\/www.w3.org\/2000\/svg\" viewBox=\"0 0 283.5 19.6\" preserveAspectRatio=\"none\">\n\t<path class=\"elementor-shape-fill\" style=\"opacity:0.33\" d=\"M0 0L0 18.8 141.8 4.1 283.5 18.8 283.5 0z\"\/>\n\t<path class=\"elementor-shape-fill\" style=\"opacity:0.33\" d=\"M0 0L0 12.6 141.8 4 283.5 12.6 283.5 0z\"\/>\n\t<path class=\"elementor-shape-fill\" style=\"opacity:0.33\" d=\"M0 0L0 6.4 141.8 4 283.5 6.4 283.5 0z\"\/>\n\t<path class=\"elementor-shape-fill\" d=\"M0 0L0 1.2 141.8 4 283.5 1.2 283.5 0z\"\/>\n<\/svg>\t\t<\/div>\n\t\t\t\t<div class=\"elementor-element elementor-element-d85c1e5 elementor-widget elementor-widget-heading\" data-id=\"d85c1e5\" data-element_type=\"widget\" data-e-type=\"widget\" data-widget_type=\"heading.default\">\n\t\t\t\t<div class=\"elementor-widget-container\">\n\t\t\t\t\t<h2 class=\"elementor-heading-title elementor-size-default\">Deniz Uygulamalar\u0131 \u0130\u00e7in Is\u0131t\u0131labilir Pencereler<\/h2>\t\t\t\t<\/div>\n\t\t\t\t<\/div>\n\t\t\t\t<\/div>\n\t\t<div class=\"elementor-element elementor-element-2cc499d e-flex e-con-boxed e-con e-parent\" data-id=\"2cc499d\" data-element_type=\"container\" data-e-type=\"container\">\n\t\t\t\t\t<div class=\"e-con-inner\">\n\t\t\t\t<div class=\"elementor-element elementor-element-4eeebef elementor-widget elementor-widget-heading\" data-id=\"4eeebef\" data-element_type=\"widget\" data-e-type=\"widget\" data-widget_type=\"heading.default\">\n\t\t\t\t<div class=\"elementor-widget-container\">\n\t\t\t\t\t<h2 class=\"elementor-heading-title elementor-size-default\">Deniz Uygulamalar\u0131 \u0130\u00e7in Is\u0131t\u0131labilir Pencereler<\/h2>\t\t\t\t<\/div>\n\t\t\t\t<\/div>\n\t\t\t\t<div class=\"elementor-element elementor-element-96ca51e elementor-widget elementor-widget-text-editor\" data-id=\"96ca51e\" data-element_type=\"widget\" data-e-type=\"widget\" data-widget_type=\"text-editor.default\">\n\t\t\t\t<div class=\"elementor-widget-container\">\n\t\t\t\t\t\t\t\t\t<p data-start=\"65\" data-end=\"440\"><strong data-start=\"68\" data-end=\"82\">T Grup Cam<\/strong> olarak, <strong data-start=\"103\" data-end=\"158\">deniz ortamlar\u0131nda, \u00f6zellikle <strong data-start=\"210\" data-end=\"251\">sis, don ve donma s\u0131cakl\u0131klar\u0131<\/strong> gibi zorlu hava ko\u015fullar\u0131nda net g\u00f6r\u00fc\u015f\u00fcn kritik \u00f6neme sahip oldu\u011funu biliyoruz. <strong data-start=\"257\" data-end=\"285\">Is\u0131t\u0131labilir cam \u00e7\u00f6z\u00fcmlerimiz<\/strong>, \u00f6zellikle <strong data-start=\"314\" data-end=\"347\">deniz ve yat uygulamalar\u0131<\/strong> i\u00e7in geli\u015ftirilmi\u015f olup, iklim ne olursa olsun denizde <strong data-start=\"355\" data-end=\"383\">kesintisiz g\u00f6r\u00fc\u015f<\/strong> ve <strong data-start=\"388\" data-end=\"406\">optimum g\u00fcvenlik<\/strong> sunar.<\/strong><\/p>\n<p><\/p>\n<p data-start=\"442\" data-end=\"489\"><strong data-start=\"446\" data-end=\"487\">Is\u0131t\u0131labilir Cam\u0131m\u0131z\u0131 Benzersiz K\u0131lan Nedir?<\/strong><\/p>\n<p><\/p>\n<p data-start=\"490\" data-end=\"855\">Is\u0131t\u0131labilir cam\u0131m\u0131z, <strong data-start=\"518\" data-end=\"543\">entegre teknolojiye<\/strong> sahiptir ve bu da <strong data-start=\"562\" data-end=\"592\"><strong data-start=\"600\" data-end=\"611\">dakika<\/strong> i\u00e7inde h\u0131zl\u0131 bir \u015fekilde \u00e7\u00f6z\u00fcl\u00fcr ve bu\u011fu giderilir \u2014 hatta <strong data-start=\"651\" data-end=\"660\">-10\u00b0C<\/strong>&#8216;ye kadar d\u00fc\u015fen a\u015f\u0131r\u0131 s\u0131cakl\u0131klarda bile. Y\u00fczey \u0131s\u0131tma sistemlerinin aksine, \u0131s\u0131tma fonksiyonu do\u011frudan <strong data-start=\"742\" data-end=\"761\">cam \u200b\u200byap\u0131s\u0131na<\/strong> yerle\u015ftirilmi\u015ftir, <strong data-start=\"773\" data-end=\"799\">e\u015fit \u0131s\u0131 da\u011f\u0131l\u0131m\u0131<\/strong> sa\u011flar ve pencerenin <strong data-start=\"819\" data-end=\"840\">estetik berrakl\u0131\u011f\u0131n\u0131<\/strong> korur.<\/strong><\/p>\n<p><\/p>\n<p data-start=\"857\" data-end=\"1193\">\u0130ki y\u00fcksek performansl\u0131 se\u00e7enek aras\u0131ndan se\u00e7im yapabilirsiniz:<br data-start=\"909\" data-end=\"912\" \/>\ud83d\udd39 <strong data-start=\"915\" data-end=\"942\">G\u00f6r\u00fcnmez Is\u0131tma Telleri<\/strong> \u2013 H\u0131zl\u0131 ve d\u00fczg\u00fcn \u0131s\u0131 da\u011f\u0131l\u0131m\u0131 i\u00e7in cam\u0131n i\u00e7ine yerle\u015ftirilmi\u015f ultra ince iletken teller.<br data-start=\"1039\" data-end=\"1042\" \/>\ud83d\udd39 <strong data-start=\"1045\" data-end=\"1077\">G\u00f6r\u00fcnmez \u0130letken Kaplama<\/strong> \u2013 Herhangi bir g\u00f6r\u00fcn\u00fcr eleman olmadan tam y\u00fczey \u0131s\u0131tmas\u0131 sa\u011flayan tamamen \u015feffaf, d\u00fc\u015f\u00fck profilli bir \u00e7\u00f6z\u00fcm.<\/p>\n<p><\/p>\n<p data-start=\"1195\" data-end=\"1332\">Her iki se\u00e7enek de <strong data-start=\"1233\" data-end=\"1264\">h\u0131zl\u0131 buz \u00e7\u00f6zme ve bu\u011fu giderme<\/strong> sa\u011flamak i\u00e7in tasarlanm\u0131\u015ft\u0131r ve t\u00fcm hava ko\u015fullar\u0131nda navigasyon g\u00fcvenli\u011fini ve konforunu art\u0131r\u0131r.<\/p>\n\t\t\t\t\t\t\t\t<\/div>\n\t\t\t\t<\/div>\n\t\t\t\t\t<\/div>\n\t\t\t\t<\/div>\n\t\t<div class=\"elementor-element elementor-element-8e4fd01 e-flex e-con-boxed e-con e-parent\" data-id=\"8e4fd01\" data-element_type=\"container\" data-e-type=\"container\">\n\t\t\t\t\t<div class=\"e-con-inner\">\n\t\t\t\t<div class=\"elementor-element elementor-element-c87e9f2 elementor-widget elementor-widget-heading\" data-id=\"c87e9f2\" data-element_type=\"widget\" data-e-type=\"widget\" data-widget_type=\"heading.default\">\n\t\t\t\t<div class=\"elementor-widget-container\">\n\t\t\t\t\t<h2 class=\"elementor-heading-title elementor-size-default\">TEKL\u0130F EDEB\u0130L\u0130R\u0130Z<\/h2>\t\t\t\t<\/div>\n\t\t\t\t<\/div>\n\t\t\t\t<div class=\"elementor-element elementor-element-1ad67cb elementor-widget elementor-widget-text-editor\" data-id=\"1ad67cb\" data-element_type=\"widget\" data-e-type=\"widget\" data-widget_type=\"text-editor.default\">\n\t\t\t\t<div class=\"elementor-widget-container\">\n\t\t\t\t\t\t\t\t\t<table cellspacing=\"0\" cellpadding=\"0\">\n<tbody>\n<tr>\n<th>Maksimum Boyutlar<\/th>\n<th>Voltaj<\/th>\n<th>G\u00fc\u00e7 Yo\u011funlu\u011fu<\/th>\n<\/tr>\n<tr>\n<td>8000x3210mm<\/td>\n<td>12 volttan 440 volta<br \/>\n(Tek faz veya 3 faz)<\/td>\n<td>1W\/dm2&#8217;den 55W\/dm2&#8217;ye<\/td>\n<\/tr>\n<\/tbody>\n<\/table>\n\t\t\t\t\t\t\t\t<\/div>\n\t\t\t\t<\/div>\n\t\t\t\t\t<\/div>\n\t\t\t\t<\/div>\n\t\t<div class=\"elementor-element elementor-element-2b0d3e2 e-flex e-con-boxed e-con e-parent\" data-id=\"2b0d3e2\" data-element_type=\"container\" data-e-type=\"container\" data-settings=\"{&quot;background_background&quot;:&quot;classic&quot;}\">\n\t\t\t\t\t<div class=\"e-con-inner\">\n\t\t\t\t<div class=\"elementor-element elementor-element-3145ea1 elementor-widget elementor-widget-heading\" data-id=\"3145ea1\" data-element_type=\"widget\" data-e-type=\"widget\" data-widget_type=\"heading.default\">\n\t\t\t\t<div class=\"elementor-widget-container\">\n\t\t\t\t\t<h2 class=\"elementor-heading-title elementor-size-default\">Neden T Grup Cam?<\/h2>\t\t\t\t<\/div>\n\t\t\t\t<\/div>\n\t\t\t\t<div class=\"elementor-element elementor-element-5331489 elementor-widget elementor-widget-text-editor\" data-id=\"5331489\" data-element_type=\"widget\" data-e-type=\"widget\" data-widget_type=\"text-editor.default\">\n\t\t\t\t<div class=\"elementor-widget-container\">\n\t\t\t\t\t\t\t\t\t<p data-start=\"3301\" data-end=\"3629\"><strong data-start=\"3310\" data-end=\"3325\">Uzman ekibimiz<\/strong>, geli\u015fmi\u015f \u015firket i\u00e7i teknolojimiz ve uluslararas\u0131 standartlara olan ba\u011fl\u0131l\u0131\u011f\u0131m\u0131zla <strong data-start=\"3400\" data-end=\"3414\">T Grup Cam<\/strong>, <strong data-start=\"3442\" data-end=\"3482\">\u00f6zel kimyasal sertle\u015ftirme \u00e7\u00f6z\u00fcmlerinde<\/strong> g\u00fcvenilir orta\u011f\u0131n\u0131zd\u0131r. <strong data-start=\"3508\" data-end=\"3555\">T\u00fcrkiye, Avrupa, \u0130ngiltere, ABD ve \u0130srail<\/strong> genelindeki m\u00fc\u015fterilerimize hizmet veriyoruz ve her projede <strong data-start=\"3567\" data-end=\"3609\">hassasiyet, g\u00fcvenilirlik ve yenilik<\/strong> sa\u011fl\u0131yoruz.<\/p>\n<p><\/p>\n<p data-start=\"3631\" data-end=\"3931\" data-is-last-node=\"\" data-is-only-node=\"\">\ud83d\udce9 <strong data-start=\"3634\" data-end=\"3704\">Kimyasal sertle\u015ftirme hizmetleri hakk\u0131nda daha fazla bilgi edinmek veya teklif talep etmek i\u00e7in:<\/strong><br data-start=\"3704\" data-end=\"3707\" \/>\ud83d\udcde +90 531 430 79 77 | +90 531 430 79 57 | +90 532 404 48 09<br data-start=\"3767\" data-end=\"3770\" \/>\ud83d\udccd <strong data-start=\"3773\" data-end=\"3784\">T\u00fcrkiye:<\/strong> Ak\u00e7aburgaz Mah. 1575. Sk. 4 Ca Blok No: 4ca \u0130\u00e7 Kap\u0131 No: 3 Esenyurt\/\u0130stanbul<br data-start=\"3860\" data-end=\"3863\" \/>\ud83d\udccd <strong data-start=\"3866\" data-end=\"3879\">Bulgaristan:<\/strong> T Grup Cam Eood, Stoyan Zaimof 13, Haskovo\/BULGAR\u0130STAN<\/p>\n\t\t\t\t\t\t\t\t<\/div>\n\t\t\t\t<\/div>\n\t\t\t\t\t<\/div>\n\t\t\t\t<\/div>\n\t\t\t\t<\/div>\n\t\t","protected":false},"excerpt":{"rendered":"<p>Deniz Uygulamalar\u0131 \u0130\u00e7in Is\u0131t\u0131labilir Pencereler Deniz Uygulamalar\u0131 \u0130\u00e7in Is\u0131t\u0131labilir Pencereler T Grup Cam olarak, deniz ortamlar\u0131nda, \u00f6zellikle sis, don ve donma s\u0131cakl\u0131klar\u0131 gibi zorlu hava ko\u015fullar\u0131nda net g\u00f6r\u00fc\u015f\u00fcn kritik \u00f6neme sahip oldu\u011funu biliyoruz. Is\u0131t\u0131labilir cam \u00e7\u00f6z\u00fcmlerimiz, \u00f6zellikle deniz ve yat uygulamalar\u0131 i\u00e7in geli\u015ftirilmi\u015f olup, iklim ne olursa olsun denizde kesintisiz g\u00f6r\u00fc\u015f ve optimum g\u00fcvenlik sunar. [&hellip;]<\/p>\n","protected":false},"author":1,"featured_media":0,"parent":0,"menu_order":0,"comment_status":"closed","ping_status":"closed","template":"elementor_header_footer","meta":{"footnotes":""},"class_list":["post-4850","page","type-page","status-publish","hentry"],"_links":{"self":[{"href":"https:\/\/tgrupcam.com\/index.php\/wp-json\/wp\/v2\/pages\/4850","targetHints":{"allow":["GET"]}}],"collection":[{"href":"https:\/\/tgrupcam.com\/index.php\/wp-json\/wp\/v2\/pages"}],"about":[{"href":"https:\/\/tgrupcam.com\/index.php\/wp-json\/wp\/v2\/types\/page"}],"author":[{"embeddable":true,"href":"https:\/\/tgrupcam.com\/index.php\/wp-json\/wp\/v2\/users\/1"}],"replies":[{"embeddable":true,"href":"https:\/\/tgrupcam.com\/index.php\/wp-json\/wp\/v2\/comments?post=4850"}],"version-history":[{"count":0,"href":"https:\/\/tgrupcam.com\/index.php\/wp-json\/wp\/v2\/pages\/4850\/revisions"}],"wp:attachment":[{"href":"https:\/\/tgrupcam.com\/index.php\/wp-json\/wp\/v2\/media?parent=4850"}],"curies":[{"name":"wp","href":"https:\/\/api.w.org\/{rel}","templated":true}]}}