{"id":4852,"date":"2025-05-28T13:05:15","date_gmt":"2025-05-28T10:05:15","guid":{"rendered":"https:\/\/tgrupcam.com\/index.php\/%d0%be%d0%b1%d0%be%d0%b3%d1%80%d0%b5%d0%b2%d0%b0%d0%b5%d0%bc%d1%8b%d0%b5-%d0%be%d0%ba%d0%bd%d0%b0-%d0%b4%d0%bb%d1%8f-%d0%bc%d0%be%d1%80%d1%81%d0%ba%d0%be%d0%b3%d0%be-%d0%bf%d1%80%d0%b8%d0%bc%d0%b5\/"},"modified":"2025-07-22T10:46:42","modified_gmt":"2025-07-22T07:46:42","slug":"heated-windows-for-sea-use","status":"publish","type":"page","link":"https:\/\/tgrupcam.com\/index.php\/heated-windows-for-sea-use\/?lang=ru","title":{"rendered":"\u041e\u0431\u043e\u0433\u0440\u0435\u0432\u0430\u0435\u043c\u044b\u0435 \u043e\u043a\u043d\u0430 \u0434\u043b\u044f \u043c\u043e\u0440\u0441\u043a\u043e\u0433\u043e \u043f\u0440\u0438\u043c\u0435\u043d\u0435\u043d\u0438\u044f"},"content":{"rendered":"\t\t<div data-elementor-type=\"wp-page\" data-elementor-id=\"4852\" class=\"elementor elementor-4852 elementor-3600\" data-elementor-post-type=\"page\">\n\t\t\t\t<div class=\"elementor-element elementor-element-79c9af8 e-con-full e-flex e-con e-parent\" data-id=\"79c9af8\" data-element_type=\"container\" data-e-type=\"container\" data-settings=\"{&quot;background_background&quot;:&quot;classic&quot;,&quot;shape_divider_bottom&quot;:&quot;opacity-fan&quot;}\">\n\t\t\t\t<div class=\"elementor-shape elementor-shape-bottom\" aria-hidden=\"true\" data-negative=\"false\">\n\t\t\t<svg xmlns=\"http:\/\/www.w3.org\/2000\/svg\" viewBox=\"0 0 283.5 19.6\" preserveAspectRatio=\"none\">\n\t<path class=\"elementor-shape-fill\" style=\"opacity:0.33\" d=\"M0 0L0 18.8 141.8 4.1 283.5 18.8 283.5 0z\"\/>\n\t<path class=\"elementor-shape-fill\" style=\"opacity:0.33\" d=\"M0 0L0 12.6 141.8 4 283.5 12.6 283.5 0z\"\/>\n\t<path class=\"elementor-shape-fill\" style=\"opacity:0.33\" d=\"M0 0L0 6.4 141.8 4 283.5 6.4 283.5 0z\"\/>\n\t<path class=\"elementor-shape-fill\" d=\"M0 0L0 1.2 141.8 4 283.5 1.2 283.5 0z\"\/>\n<\/svg>\t\t<\/div>\n\t\t\t\t<div class=\"elementor-element elementor-element-d85c1e5 elementor-widget elementor-widget-heading\" data-id=\"d85c1e5\" data-element_type=\"widget\" data-e-type=\"widget\" data-widget_type=\"heading.default\">\n\t\t\t\t<div class=\"elementor-widget-container\">\n\t\t\t\t\t<h2 class=\"elementor-heading-title elementor-size-default\">\u041e\u0431\u043e\u0433\u0440\u0435\u0432\u0430\u0435\u043c\u044b\u0435 \u043e\u043a\u043d\u0430 \u0434\u043b\u044f \u043c\u043e\u0440\u0441\u043a\u043e\u0433\u043e \u043f\u0440\u0438\u043c\u0435\u043d\u0435\u043d\u0438\u044f<\/h2>\t\t\t\t<\/div>\n\t\t\t\t<\/div>\n\t\t\t\t<\/div>\n\t\t<div class=\"elementor-element elementor-element-2cc499d e-flex e-con-boxed e-con e-parent\" data-id=\"2cc499d\" data-element_type=\"container\" data-e-type=\"container\">\n\t\t\t\t\t<div class=\"e-con-inner\">\n\t\t\t\t<div class=\"elementor-element elementor-element-4eeebef elementor-widget elementor-widget-heading\" data-id=\"4eeebef\" data-element_type=\"widget\" data-e-type=\"widget\" data-widget_type=\"heading.default\">\n\t\t\t\t<div class=\"elementor-widget-container\">\n\t\t\t\t\t<h2 class=\"elementor-heading-title elementor-size-default\">\u041e\u0431\u043e\u0433\u0440\u0435\u0432\u0430\u0435\u043c\u044b\u0435 \u043e\u043a\u043d\u0430 \u0434\u043b\u044f \u043c\u043e\u0440\u0441\u043a\u043e\u0433\u043e \u043f\u0440\u0438\u043c\u0435\u043d\u0435\u043d\u0438\u044f<\/h2>\t\t\t\t<\/div>\n\t\t\t\t<\/div>\n\t\t\t\t<div class=\"elementor-element elementor-element-96ca51e elementor-widget elementor-widget-text-editor\" data-id=\"96ca51e\" data-element_type=\"widget\" data-e-type=\"widget\" data-widget_type=\"text-editor.default\">\n\t\t\t\t<div class=\"elementor-widget-container\">\n\t\t\t\t\t\t\t\t\t<p data-start=\"65\" data-end=\"440\">\u0412 <strong data-start=\"68\" data-end=\"82\">T Grup Cam<\/strong> \u043c\u044b \u043f\u043e\u043d\u0438\u043c\u0430\u0435\u043c, \u0447\u0442\u043e <strong data-start=\"103\" data-end=\"158\">\u0445\u043e\u0440\u043e\u0448\u0430\u044f \u0432\u0438\u0434\u0438\u043c\u043e\u0441\u0442\u044c \u0438\u043c\u0435\u0435\u0442 \u0440\u0435\u0448\u0430\u044e\u0449\u0435\u0435 \u0437\u043d\u0430\u0447\u0435\u043d\u0438\u0435 \u0432 \u043c\u043e\u0440\u0441\u043a\u043e\u0439 \u0441\u0440\u0435\u0434\u0435<\/strong>, \u043e\u0441\u043e\u0431\u0435\u043d\u043d\u043e \u0432 \u0441\u0443\u0440\u043e\u0432\u044b\u0445 \u043f\u043e\u0433\u043e\u0434\u043d\u044b\u0445 \u0443\u0441\u043b\u043e\u0432\u0438\u044f\u0445, \u0442\u0430\u043a\u0438\u0445 \u043a\u0430\u043a <strong data-start=\"210\" data-end=\"251\">\u0442\u0443\u043c\u0430\u043d, \u0438\u043d\u0435\u0439 \u0438 \u043e\u0442\u0440\u0438\u0446\u0430\u0442\u0435\u043b\u044c\u043d\u044b\u0435 \u0442\u0435\u043c\u043f\u0435\u0440\u0430\u0442\u0443\u0440\u044b<\/strong>. \u041d\u0430\u0448\u0438 <strong data-start=\"257\" data-end=\"285\">\u0440\u0435\u0448\u0435\u043d\u0438\u044f \u0434\u043b\u044f \u043e\u0431\u043e\u0433\u0440\u0435\u0432\u0430\u0435\u043c\u043e\u0433\u043e \u0441\u0442\u0435\u043a\u043b\u0430<\/strong>, \u0440\u0430\u0437\u0440\u0430\u0431\u043e\u0442\u0430\u043d\u043d\u044b\u0435 \u0441\u043f\u0435\u0446\u0438\u0430\u043b\u044c\u043d\u043e \u0434\u043b\u044f <strong data-start=\"314\" data-end=\"347\">\u043c\u043e\u0440\u0441\u043a\u0438\u0445 \u0438 \u044f\u0445\u0442\u0435\u043d\u043d\u044b\u0445 \u043f\u0440\u0438\u043c\u0435\u043d\u0435\u043d\u0438\u0439<\/strong>, \u043e\u0431\u0435\u0441\u043f\u0435\u0447\u0438\u0432\u0430\u044e\u0442 <strong data-start=\"355\" data-end=\"383\">\u043d\u0435\u043f\u0440\u0435\u0440\u044b\u0432\u043d\u0443\u044e \u0432\u0438\u0434\u0438\u043c\u043e\u0441\u0442\u044c<\/strong> \u0438 <strong data-start=\"388\" data-end=\"406\">\u043e\u043f\u0442\u0438\u043c\u0430\u043b\u044c\u043d\u0443\u044e \u0431\u0435\u0437\u043e\u043f\u0430\u0441\u043d\u043e\u0441\u0442\u044c<\/strong> \u043d\u0430 \u043c\u043e\u0440\u0435 \u2014 \u043d\u0435\u0437\u0430\u0432\u0438\u0441\u0438\u043c\u043e \u043e\u0442 \u043a\u043b\u0438\u043c\u0430\u0442\u0430.<\/p>\n<p><\/p>\n<p data-start=\"442\" data-end=\"489\"><strong data-start=\"446\" data-end=\"487\">\u0427\u0442\u043e \u0434\u0435\u043b\u0430\u0435\u0442 \u043d\u0430\u0448\u0435 \u043e\u0431\u043e\u0433\u0440\u0435\u0432\u0430\u0435\u043c\u043e\u0435 \u0441\u0442\u0435\u043a\u043b\u043e \u0443\u043d\u0438\u043a\u0430\u043b\u044c\u043d\u044b\u043c?<\/strong><\/p>\n<p><\/p>\n<p data-start=\"490\" data-end=\"855\">\u041d\u0430\u0448\u0435 \u043e\u0431\u043e\u0433\u0440\u0435\u0432\u0430\u0435\u043c\u043e\u0435 \u0441\u0442\u0435\u043a\u043b\u043e \u043e\u0442\u043b\u0438\u0447\u0430\u0435\u0442\u0441\u044f <strong data-start=\"518\" data-end=\"543\">\u0438\u043d\u0442\u0435\u0433\u0440\u0438\u0440\u043e\u0432\u0430\u043d\u043d\u043e\u0439 \u0442\u0435\u0445\u043d\u043e\u043b\u043e\u0433\u0438\u0435\u0439<\/strong>, \u043a\u043e\u0442\u043e\u0440\u0430\u044f \u043f\u043e\u0437\u0432\u043e\u043b\u044f\u0435\u0442 \u0435\u043c\u0443 <strong data-start=\"562\" data-end=\"592\">\u0431\u044b\u0441\u0442\u0440\u043e \u0440\u0430\u0437\u043c\u043e\u0440\u0430\u0436\u0438\u0432\u0430\u0435\u0442 \u0438 \u0443\u0441\u0442\u0440\u0430\u043d\u044f\u0435\u0442 \u0437\u0430\u043f\u043e\u0442\u0435\u0432\u0430\u043d\u0438\u0435<\/strong> \u0432 \u0442\u0435\u0447\u0435\u043d\u0438\u0435 <strong data-start=\"600\" data-end=\"611\">\u043c\u0438\u043d\u0443\u0442<\/strong> \u2014 \u0434\u0430\u0436\u0435 \u043f\u0440\u0438 \u044d\u043a\u0441\u0442\u0440\u0435\u043c\u0430\u043b\u044c\u043d\u044b\u0445 \u0442\u0435\u043c\u043f\u0435\u0440\u0430\u0442\u0443\u0440\u0430\u0445 \u0434\u043e <strong data-start=\"651\" data-end=\"660\">-10\u00b0C<\/strong>. \u0412 \u043e\u0442\u043b\u0438\u0447\u0438\u0435 \u043e\u0442 \u0441\u0438\u0441\u0442\u0435\u043c \u043f\u043e\u0432\u0435\u0440\u0445\u043d\u043e\u0441\u0442\u043d\u043e\u0433\u043e \u043e\u0442\u043e\u043f\u043b\u0435\u043d\u0438\u044f, \u0444\u0443\u043d\u043a\u0446\u0438\u044f \u043d\u0430\u0433\u0440\u0435\u0432\u0430 \u0432\u0441\u0442\u0440\u043e\u0435\u043d\u0430 \u043d\u0435\u043f\u043e\u0441\u0440\u0435\u0434\u0441\u0442\u0432\u0435\u043d\u043d\u043e \u0432 <strong data-start=\"742\" data-end=\"761\">\u0441\u0442\u0440\u0443\u043a\u0442\u0443\u0440\u0443 \u0441\u0442\u0435\u043a\u043b\u0430<\/strong>, \u043e\u0431\u0435\u0441\u043f\u0435\u0447\u0438\u0432\u0430\u044f <strong data-start=\"773\" data-end=\"799\">\u0440\u0430\u0432\u043d\u043e\u043c\u0435\u0440\u043d\u043e\u0435 \u0440\u0430\u0441\u043f\u0440\u0435\u0434\u0435\u043b\u0435\u043d\u0438\u0435 \u0442\u0435\u043f\u043b\u0430<\/strong> \u0438 \u0441\u043e\u0445\u0440\u0430\u043d\u044f\u044f <strong data-start=\"819\" data-end=\"840\">\u044d\u0441\u0442\u0435\u0442\u0438\u0447\u0435\u0441\u043a\u0443\u044e \u044f\u0441\u043d\u043e\u0441\u0442\u044c<\/strong> \u043e\u043a\u043d\u0430.<\/p>\n<p><\/p>\n<p data-start=\"857\" data-end=\"1193\">\u0412\u044b \u043c\u043e\u0436\u0435\u0442\u0435 \u0432\u044b\u0431\u0440\u0430\u0442\u044c \u043e\u0434\u0438\u043d \u0438\u0437 \u0434\u0432\u0443\u0445 \u0432\u044b\u0441\u043e\u043a\u043e\u043f\u0440\u043e\u0438\u0437\u0432\u043e\u0434\u0438\u0442\u0435\u043b\u044c\u043d\u044b\u0445 \u0432\u0430\u0440\u0438\u0430\u043d\u0442\u043e\u0432:<br data-start=\"909\" data-end=\"912\" \/>\ud83d\udd39 <strong data-start=\"915\" data-end=\"942\">\u041d\u0435\u0432\u0438\u0434\u0438\u043c\u044b\u0435 \u043d\u0430\u0433\u0440\u0435\u0432\u0430\u0442\u0435\u043b\u044c\u043d\u044b\u0435 \u043f\u0440\u043e\u0432\u043e\u0434\u0430<\/strong> \u2014 \u0441\u0432\u0435\u0440\u0445\u0442\u043e\u043d\u043a\u0438\u0435 \u0442\u043e\u043a\u043e\u043f\u0440\u043e\u0432\u043e\u0434\u044f\u0449\u0438\u0435 \u043f\u0440\u043e\u0432\u043e\u0434\u0430, \u0432\u0441\u0442\u0440\u043e\u0435\u043d\u043d\u044b\u0435 \u0432 \u0441\u0442\u0435\u043a\u043b\u043e \u0434\u043b\u044f \u0431\u044b\u0441\u0442\u0440\u043e\u0433\u043e \u0438 \u0440\u0430\u0432\u043d\u043e\u043c\u0435\u0440\u043d\u043e\u0433\u043e \u0440\u0430\u0441\u043f\u0440\u0435\u0434\u0435\u043b\u0435\u043d\u0438\u044f \u0442\u0435\u043f\u043b\u0430.<br data-start=\"1039\" data-end=\"1042\" \/>\ud83d\udd39 <strong data-start=\"1045\" data-end=\"1077\">\u041d\u0435\u0432\u0438\u0434\u0438\u043c\u043e\u0435 \u043f\u0440\u043e\u0432\u043e\u0434\u044f\u0449\u0435\u0435 \u043f\u043e\u043a\u0440\u044b\u0442\u0438\u0435<\/strong> \u2014 \u043f\u043e\u043b\u043d\u043e\u0441\u0442\u044c\u044e \u043f\u0440\u043e\u0437\u0440\u0430\u0447\u043d\u043e\u0435, \u043d\u0438\u0437\u043a\u043e\u043f\u0440\u043e\u0444\u0438\u043b\u044c\u043d\u043e\u0435 \u0440\u0435\u0448\u0435\u043d\u0438\u0435, \u043e\u0431\u0435\u0441\u043f\u0435\u0447\u0438\u0432\u0430\u044e\u0449\u0435\u0435 \u043e\u0431\u043e\u0433\u0440\u0435\u0432 \u0432\u0441\u0435\u0439 \u043f\u043e\u0432\u0435\u0440\u0445\u043d\u043e\u0441\u0442\u0438 \u0431\u0435\u0437 \u043a\u0430\u043a\u0438\u0445-\u043b\u0438\u0431\u043e \u0432\u0438\u0434\u0438\u043c\u044b\u0445 \u044d\u043b\u0435\u043c\u0435\u043d\u0442\u043e\u0432.<\/p>\n<p><\/p>\n<p data-start=\"1195\" data-end=\"1332\">\u041e\u0431\u0430 \u0432\u0430\u0440\u0438\u0430\u043d\u0442\u0430 \u0440\u0430\u0437\u0440\u0430\u0431\u043e\u0442\u0430\u043d\u044b \u0434\u043b\u044f \u043e\u0431\u0435\u0441\u043f\u0435\u0447\u0435\u043d\u0438\u044f <strong data-start=\"1233\" data-end=\"1264\">\u0431\u044b\u0441\u0442\u0440\u043e\u0433\u043e \u0443\u0434\u0430\u043b\u0435\u043d\u0438\u044f \u043b\u044c\u0434\u0430 \u0438 \u0437\u0430\u043f\u043e\u0442\u0435\u0432\u0430\u043d\u0438\u044f<\/strong>, \u0447\u0442\u043e \u043f\u043e\u0432\u044b\u0448\u0430\u0435\u0442 \u0431\u0435\u0437\u043e\u043f\u0430\u0441\u043d\u043e\u0441\u0442\u044c \u0438 \u043a\u043e\u043c\u0444\u043e\u0440\u0442 \u043d\u0430\u0432\u0438\u0433\u0430\u0446\u0438\u0438 \u0432 \u043b\u044e\u0431\u044b\u0445 \u043f\u043e\u0433\u043e\u0434\u043d\u044b\u0445 \u0443\u0441\u043b\u043e\u0432\u0438\u044f\u0445.<\/p>\n\t\t\t\t\t\t\t\t<\/div>\n\t\t\t\t<\/div>\n\t\t\t\t\t<\/div>\n\t\t\t\t<\/div>\n\t\t<div class=\"elementor-element elementor-element-8e4fd01 e-flex e-con-boxed e-con e-parent\" data-id=\"8e4fd01\" data-element_type=\"container\" data-e-type=\"container\">\n\t\t\t\t\t<div class=\"e-con-inner\">\n\t\t\t\t<div class=\"elementor-element elementor-element-c87e9f2 elementor-widget elementor-widget-heading\" data-id=\"c87e9f2\" data-element_type=\"widget\" data-e-type=\"widget\" data-widget_type=\"heading.default\">\n\t\t\t\t<div class=\"elementor-widget-container\">\n\t\t\t\t\t<h2 class=\"elementor-heading-title elementor-size-default\">\u041c\u042b \u041c\u041e\u0416\u0415\u041c \u041f\u0420\u0415\u0414\u041b\u041e\u0416\u0418\u0422\u042c<\/h2>\t\t\t\t<\/div>\n\t\t\t\t<\/div>\n\t\t\t\t<div class=\"elementor-element elementor-element-1ad67cb elementor-widget elementor-widget-text-editor\" data-id=\"1ad67cb\" data-element_type=\"widget\" data-e-type=\"widget\" data-widget_type=\"text-editor.default\">\n\t\t\t\t<div class=\"elementor-widget-container\">\n\t\t\t\t\t\t\t\t\t<table cellspacing=\"0\" cellpadding=\"0\">\n<tbody>\n<tr>\n<th>\u041c\u0430\u043a\u0441\u0438\u043c\u0430\u043b\u044c\u043d\u044b\u0435 \u0440\u0430\u0437\u043c\u0435\u0440\u044b<\/th>\n<th>\u041d\u0430\u043f\u0440\u044f\u0436\u0435\u043d\u0438\u0435<\/th>\n<th>\u0423\u0434\u0435\u043b\u044c\u043d\u0430\u044f \u043c\u043e\u0449\u043d\u043e\u0441\u0442\u044c<\/th>\n<\/tr>\n<tr>\n<td>8000&#215;3210 \u043c\u043c<\/td>\n<td>\u043e\u0442 12 \u0434\u043e 440 \u0432\u043e\u043b\u044c\u0442<br \/>\n(\u041e\u0434\u043d\u043e\u0444\u0430\u0437\u043d\u044b\u0439 \u0438\u043b\u0438 3 \u0444\u0430\u0437\u044b)<\/td>\n<td>\u043e\u0442 1 \u0412\u0442\/\u0434\u043c2 \u0434\u043e 55 \u0412\u0442\/\u0434\u043c2<\/td>\n<\/tr>\n<\/tbody>\n<\/table>\n\t\t\t\t\t\t\t\t<\/div>\n\t\t\t\t<\/div>\n\t\t\t\t\t<\/div>\n\t\t\t\t<\/div>\n\t\t<div class=\"elementor-element elementor-element-2b0d3e2 e-flex e-con-boxed e-con e-parent\" data-id=\"2b0d3e2\" data-element_type=\"container\" data-e-type=\"container\" data-settings=\"{&quot;background_background&quot;:&quot;classic&quot;}\">\n\t\t\t\t\t<div class=\"e-con-inner\">\n\t\t\t\t<div class=\"elementor-element elementor-element-3145ea1 elementor-widget elementor-widget-heading\" data-id=\"3145ea1\" data-element_type=\"widget\" data-e-type=\"widget\" data-widget_type=\"heading.default\">\n\t\t\t\t<div class=\"elementor-widget-container\">\n\t\t\t\t\t<h2 class=\"elementor-heading-title elementor-size-default\">\u041f\u043e\u0447\u0435\u043c\u0443 T Grup Cam?<\/h2>\t\t\t\t<\/div>\n\t\t\t\t<\/div>\n\t\t\t\t<div class=\"elementor-element elementor-element-5331489 elementor-widget elementor-widget-text-editor\" data-id=\"5331489\" data-element_type=\"widget\" data-e-type=\"widget\" data-widget_type=\"text-editor.default\">\n\t\t\t\t<div class=\"elementor-widget-container\">\n\t\t\t\t\t\t\t\t\t<p data-start=\"3301\" data-end=\"3629\">\u0411\u043b\u0430\u0433\u043e\u0434\u0430\u0440\u044f \u043d\u0430\u0448\u0435\u0439 <strong data-start=\"3310\" data-end=\"3325\">\u043a\u043e\u043c\u0430\u043d\u0434\u0435 \u044d\u043a\u0441\u043f\u0435\u0440\u0442\u043e\u0432<\/strong>, \u043f\u0435\u0440\u0435\u0434\u043e\u0432\u044b\u043c \u0432\u043d\u0443\u0442\u0440\u0435\u043d\u043d\u0438\u043c \u0442\u0435\u0445\u043d\u043e\u043b\u043e\u0433\u0438\u044f\u043c \u0438 \u043f\u0440\u0438\u0432\u0435\u0440\u0436\u0435\u043d\u043d\u043e\u0441\u0442\u0438 \u043c\u0435\u0436\u0434\u0443\u043d\u0430\u0440\u043e\u0434\u043d\u044b\u043c \u0441\u0442\u0430\u043d\u0434\u0430\u0440\u0442\u0430\u043c, <strong data-start=\"3400\" data-end=\"3414\">T Grup Cam<\/strong> \u044f\u0432\u043b\u044f\u0435\u0442\u0441\u044f \u0432\u0430\u0448\u0438\u043c \u043d\u0430\u0434\u0435\u0436\u043d\u044b\u043c \u043f\u0430\u0440\u0442\u043d\u0435\u0440\u043e\u043c \u0432 <strong data-start=\"3442\" data-end=\"3482\">\u0438\u043d\u0434\u0438\u0432\u0438\u0434\u0443\u0430\u043b\u044c\u043d\u044b\u0445 \u0440\u0435\u0448\u0435\u043d\u0438\u044f\u0445 \u043f\u043e \u0445\u0438\u043c\u0438\u0447\u0435\u0441\u043a\u043e\u0439 \u0437\u0430\u043a\u0430\u043b\u043a\u0435<\/strong>. \u041c\u044b \u043e\u0431\u0441\u043b\u0443\u0436\u0438\u0432\u0430\u0435\u043c \u043a\u043b\u0438\u0435\u043d\u0442\u043e\u0432 \u043f\u043e \u0432\u0441\u0435\u0439 <strong data-start=\"3508\" data-end=\"3555\">\u0422\u0443\u0440\u0446\u0438\u0438, \u0415\u0432\u0440\u043e\u043f\u0435, \u0412\u0435\u043b\u0438\u043a\u043e\u0431\u0440\u0438\u0442\u0430\u043d\u0438\u0438, \u0421\u0428\u0410 \u0438 \u0418\u0437\u0440\u0430\u0438\u043b\u044e<\/strong>, \u043e\u0431\u0435\u0441\u043f\u0435\u0447\u0438\u0432\u0430\u044f <strong data-start=\"3567\" data-end=\"3609\">\u0442\u043e\u0447\u043d\u043e\u0441\u0442\u044c, \u043d\u0430\u0434\u0435\u0436\u043d\u043e\u0441\u0442\u044c \u0438 \u0438\u043d\u043d\u043e\u0432\u0430\u0446\u0438\u0438<\/strong> \u0432 \u043a\u0430\u0436\u0434\u043e\u043c \u043f\u0440\u043e\u0435\u043a\u0442\u0435.<\/p>\n<p><\/p>\n<p data-start=\"3631\" data-end=\"3931\" data-is-last-node=\"\" data-is-only-node=\"\">\ud83d\udce9 <strong data-start=\"3634\" data-end=\"3704\">\u0427\u0442\u043e\u0431\u044b \u0443\u0437\u043d\u0430\u0442\u044c \u0431\u043e\u043b\u044c\u0448\u0435 \u0438\u043b\u0438 \u0437\u0430\u043f\u0440\u043e\u0441\u0438\u0442\u044c \u0440\u0430\u0441\u0446\u0435\u043d\u043a\u0438 \u043d\u0430 \u0443\u0441\u043b\u0443\u0433\u0438 \u043f\u043e \u0445\u0438\u043c\u0438\u0447\u0435\u0441\u043a\u043e\u0439 \u0437\u0430\u043a\u0430\u043b\u043a\u0435:<\/strong><br data-start=\"3704\" data-end=\"3707\" \/>\ud83d\udcde +90 531 430 79 77 | +90 531 430 79 57 | +90 532 404 48 09<br data-start=\"3767\" data-end=\"3770\" \/>\ud83d\udccd <strong data-start=\"3773\" data-end=\"3784\">\u0422\u0443\u0440\u0446\u0438\u044f:<\/strong> Ak\u00e7aburgaz Mah. 1575. \u0421\u043a. 4 Ca Blok No: 4ca \u0130\u00e7 Kap\u0131 No: 3 Esenyurt\/\u0130stanbul<br data-start=\"3860\" data-end=\"3863\" \/>\ud83d\udccd <strong data-start=\"3866\" data-end=\"3879\">\u0411\u043e\u043b\u0433\u0430\u0440\u0438\u044f:<\/strong> T Grup Cam Eood, \u0421\u0442\u043e\u044f\u043d \u0417\u0430\u0438\u043c\u043e\u0444 13, \u0425\u0430\u0441\u043a\u043e\u0432\u043e\/\u0411\u041e\u041b\u0413\u0410\u0420\u0418\u042f<\/p>\n\t\t\t\t\t\t\t\t<\/div>\n\t\t\t\t<\/div>\n\t\t\t\t\t<\/div>\n\t\t\t\t<\/div>\n\t\t\t\t<\/div>\n\t\t","protected":false},"excerpt":{"rendered":"<p>\u041e\u0431\u043e\u0433\u0440\u0435\u0432\u0430\u0435\u043c\u044b\u0435 \u043e\u043a\u043d\u0430 \u0434\u043b\u044f \u043c\u043e\u0440\u0441\u043a\u043e\u0433\u043e \u043f\u0440\u0438\u043c\u0435\u043d\u0435\u043d\u0438\u044f \u041e\u0431\u043e\u0433\u0440\u0435\u0432\u0430\u0435\u043c\u044b\u0435 \u043e\u043a\u043d\u0430 \u0434\u043b\u044f \u043c\u043e\u0440\u0441\u043a\u043e\u0433\u043e \u043f\u0440\u0438\u043c\u0435\u043d\u0435\u043d\u0438\u044f \u0412 T Grup Cam \u043c\u044b \u043f\u043e\u043d\u0438\u043c\u0430\u0435\u043c, \u0447\u0442\u043e \u0445\u043e\u0440\u043e\u0448\u0430\u044f \u0432\u0438\u0434\u0438\u043c\u043e\u0441\u0442\u044c \u0438\u043c\u0435\u0435\u0442 \u0440\u0435\u0448\u0430\u044e\u0449\u0435\u0435 \u0437\u043d\u0430\u0447\u0435\u043d\u0438\u0435 \u0432 \u043c\u043e\u0440\u0441\u043a\u043e\u0439 \u0441\u0440\u0435\u0434\u0435, \u043e\u0441\u043e\u0431\u0435\u043d\u043d\u043e \u0432 \u0441\u0443\u0440\u043e\u0432\u044b\u0445 \u043f\u043e\u0433\u043e\u0434\u043d\u044b\u0445 \u0443\u0441\u043b\u043e\u0432\u0438\u044f\u0445, \u0442\u0430\u043a\u0438\u0445 \u043a\u0430\u043a \u0442\u0443\u043c\u0430\u043d, \u0438\u043d\u0435\u0439 \u0438 \u043e\u0442\u0440\u0438\u0446\u0430\u0442\u0435\u043b\u044c\u043d\u044b\u0435 \u0442\u0435\u043c\u043f\u0435\u0440\u0430\u0442\u0443\u0440\u044b. \u041d\u0430\u0448\u0438 \u0440\u0435\u0448\u0435\u043d\u0438\u044f \u0434\u043b\u044f \u043e\u0431\u043e\u0433\u0440\u0435\u0432\u0430\u0435\u043c\u043e\u0433\u043e \u0441\u0442\u0435\u043a\u043b\u0430, \u0440\u0430\u0437\u0440\u0430\u0431\u043e\u0442\u0430\u043d\u043d\u044b\u0435 \u0441\u043f\u0435\u0446\u0438\u0430\u043b\u044c\u043d\u043e \u0434\u043b\u044f \u043c\u043e\u0440\u0441\u043a\u0438\u0445 \u0438 \u044f\u0445\u0442\u0435\u043d\u043d\u044b\u0445 \u043f\u0440\u0438\u043c\u0435\u043d\u0435\u043d\u0438\u0439, \u043e\u0431\u0435\u0441\u043f\u0435\u0447\u0438\u0432\u0430\u044e\u0442 \u043d\u0435\u043f\u0440\u0435\u0440\u044b\u0432\u043d\u0443\u044e \u0432\u0438\u0434\u0438\u043c\u043e\u0441\u0442\u044c \u0438 \u043e\u043f\u0442\u0438\u043c\u0430\u043b\u044c\u043d\u0443\u044e \u0431\u0435\u0437\u043e\u043f\u0430\u0441\u043d\u043e\u0441\u0442\u044c [&hellip;]<\/p>\n","protected":false},"author":1,"featured_media":0,"parent":0,"menu_order":0,"comment_status":"closed","ping_status":"closed","template":"elementor_header_footer","meta":{"footnotes":""},"class_list":["post-4852","page","type-page","status-publish","hentry"],"_links":{"self":[{"href":"https:\/\/tgrupcam.com\/index.php\/wp-json\/wp\/v2\/pages\/4852","targetHints":{"allow":["GET"]}}],"collection":[{"href":"https:\/\/tgrupcam.com\/index.php\/wp-json\/wp\/v2\/pages"}],"about":[{"href":"https:\/\/tgrupcam.com\/index.php\/wp-json\/wp\/v2\/types\/page"}],"author":[{"embeddable":true,"href":"https:\/\/tgrupcam.com\/index.php\/wp-json\/wp\/v2\/users\/1"}],"replies":[{"embeddable":true,"href":"https:\/\/tgrupcam.com\/index.php\/wp-json\/wp\/v2\/comments?post=4852"}],"version-history":[{"count":1,"href":"https:\/\/tgrupcam.com\/index.php\/wp-json\/wp\/v2\/pages\/4852\/revisions"}],"predecessor-version":[{"id":6573,"href":"https:\/\/tgrupcam.com\/index.php\/wp-json\/wp\/v2\/pages\/4852\/revisions\/6573"}],"wp:attachment":[{"href":"https:\/\/tgrupcam.com\/index.php\/wp-json\/wp\/v2\/media?parent=4852"}],"curies":[{"name":"wp","href":"https:\/\/api.w.org\/{rel}","templated":true}]}}