{"id":4854,"date":"2025-05-28T13:05:15","date_gmt":"2025-05-28T10:05:15","guid":{"rendered":"https:\/\/tgrupcam.com\/index.php\/phendura-save-saj-te-aven-tato-vas-e-maripnaske-aplikacie\/"},"modified":"2025-06-03T17:52:21","modified_gmt":"2025-06-03T14:52:21","slug":"phendura-save-saj-te-aven-tato-vas-e-maripnaske-aplikacie","status":"publish","type":"page","link":"https:\/\/tgrupcam.com\/index.php\/phendura-save-saj-te-aven-tato-vas-e-maripnaske-aplikacie\/?lang=ro","title":{"rendered":"Phendura save \u015baj te aven tato va\u015b e maripnaske aplikacie"},"content":{"rendered":"\t\t<div data-elementor-type=\"wp-page\" data-elementor-id=\"4854\" class=\"elementor elementor-4854 elementor-3600\" data-elementor-post-type=\"page\">\n\t\t\t\t<div class=\"elementor-element elementor-element-79c9af8 e-con-full e-flex e-con e-parent\" data-id=\"79c9af8\" data-element_type=\"container\" data-e-type=\"container\" data-settings=\"{&quot;background_background&quot;:&quot;classic&quot;,&quot;shape_divider_bottom&quot;:&quot;opacity-fan&quot;}\">\n\t\t\t\t<div class=\"elementor-shape elementor-shape-bottom\" aria-hidden=\"true\" data-negative=\"false\">\n\t\t\t<svg xmlns=\"http:\/\/www.w3.org\/2000\/svg\" viewBox=\"0 0 283.5 19.6\" preserveAspectRatio=\"none\">\n\t<path class=\"elementor-shape-fill\" style=\"opacity:0.33\" d=\"M0 0L0 18.8 141.8 4.1 283.5 18.8 283.5 0z\"\/>\n\t<path class=\"elementor-shape-fill\" style=\"opacity:0.33\" d=\"M0 0L0 12.6 141.8 4 283.5 12.6 283.5 0z\"\/>\n\t<path class=\"elementor-shape-fill\" style=\"opacity:0.33\" d=\"M0 0L0 6.4 141.8 4 283.5 6.4 283.5 0z\"\/>\n\t<path class=\"elementor-shape-fill\" d=\"M0 0L0 1.2 141.8 4 283.5 1.2 283.5 0z\"\/>\n<\/svg>\t\t<\/div>\n\t\t\t\t<div class=\"elementor-element elementor-element-d85c1e5 elementor-widget elementor-widget-heading\" data-id=\"d85c1e5\" data-element_type=\"widget\" data-e-type=\"widget\" data-widget_type=\"heading.default\">\n\t\t\t\t<div class=\"elementor-widget-container\">\n\t\t\t\t\t<h2 class=\"elementor-heading-title elementor-size-default\">Phendura save \u015baj te aven tato va\u015b e maripnaske aplikacie<\/h2>\t\t\t\t<\/div>\n\t\t\t\t<\/div>\n\t\t\t\t<\/div>\n\t\t<div class=\"elementor-element elementor-element-2cc499d e-flex e-con-boxed e-con e-parent\" data-id=\"2cc499d\" data-element_type=\"container\" data-e-type=\"container\">\n\t\t\t\t\t<div class=\"e-con-inner\">\n\t\t\t\t<div class=\"elementor-element elementor-element-4eeebef elementor-widget elementor-widget-heading\" data-id=\"4eeebef\" data-element_type=\"widget\" data-e-type=\"widget\" data-widget_type=\"heading.default\">\n\t\t\t\t<div class=\"elementor-widget-container\">\n\t\t\t\t\t<h2 class=\"elementor-heading-title elementor-size-default\">Phendura save \u015baj te aven tato va\u015b e maripnaske aplikacie<\/h2>\t\t\t\t<\/div>\n\t\t\t\t<\/div>\n\t\t\t\t<div class=\"elementor-element elementor-element-96ca51e elementor-widget elementor-widget-text-editor\" data-id=\"96ca51e\" data-element_type=\"widget\" data-e-type=\"widget\" data-widget_type=\"text-editor.default\">\n\t\t\t\t<div class=\"elementor-widget-container\">\n\t\t\t\t\t\t\t\t\t<p data-start=\"65\" data-end=\"440\">Ko <strong data-start=\"68\" data-end=\"82\">T Grup Cam<\/strong>, amen ha\u0107aras kaj <strong data-start=\"103\" data-end=\"158\">klaro dikhipe si kritikano ano maripnaske ambientia<\/strong>, maj but ano phare kondicie sar so si data-start=&#8221;210&#8243; data-end=&#8221;251&#8243;&gt;temperature e balvalenqi, e balvalenqi thaj e balvalenqi. Amare <strong data-start=\"257\" data-end=\"285\">solucie vash o tato staklo<\/strong>, kerdine specijalno vash e <strong data-start=\"314\" data-end=\"347\">maripnaske thaj jahtake aplikacie<\/strong>, den <strong data-start=\"355\" data-end=\"383\">bi-interrupciaki vizibiliteta thaj <strong> data-start=&#8221;388&#8243; data-end=&#8221;406&#8243;&gt;optimalno sekuritato<\/strong> ano moro \u2014 bizo dikhipe e klimako.<\/strong><\/p>\n<p>So kerel amaro tato staklo te avel unikalno?<\/p>\n<p data-start=\"490\" data-end=\"855\">Amaro staklo savo \u015baj te tatol si les <strong data-start=\"518\" data-end=\"543\">integrime teknologia<\/strong> savi del les \u015bajsaripen te <strong data-start=\"562\" data-end=\"592\">sigo te \u0107hivel pes thaj te \u0107hivel pes e \u015bukar<\/strong> e data-start=&#8221;06&#8243; data-end=&#8221;611&#8243;&gt;minutes \u2014 vi ko ekstremno temperature d\u017ei ko <strong data-start=\"651\" data-end=\"660\">-10\u00b0C<\/strong>. Na sar e sistemura va\u015b o tatovipen e phuv\u0103qo, i funkcia va\u015b o tatovipen si kerdini direkto an\u03b8-i <strong data-start=\"742\" data-end=\"761\">stakloski struktura<\/strong>, so del <strong data-start=\"773\" data-end=\"799\">jekh toplinaqi distrib\u00f9cia<\/strong> thaj garavel e <strong data-start=\"742\" data-end=\"799\">aticno data; klariteto<\/strong> e \u015beresqo.<\/p>\n<p><\/p>\n<p data-start=\"857\" data-end=\"1193\">Tu \u015baj te alosares ma\u015bkar duj opcie la\u0107he performancaqe:<br data-start=\"909\" data-end=\"912\" \/>\ud83d\udd39 <strong data-start=\"915\" data-end=\"942\">Invisible Heating Wires&lt;\/&gt;l \u2013invisible Heating Wires&lt;\/&gt;l \u2013 zuralo phandlo and-o Utra staklo va\u015b jekh \u015bukar thaj jekhutno distrib\u00f9cia e toplinaqi.<br data-start=\"1039\" data-end=\"1042\" \/>\ud83d\udd39 <strong data-start=\"1045\" data-end=\"1077\">Na-dikhlino Konduktivo Kovlipe<\/strong> \u2013 Jekh pherdo transparentno, tikno-profilo solucia savi del pherdo-surfaca bi te dikhel pes varesavo elemento.<\/strong><\/p>\n<p><\/p>\n<p data-start=\"1195\" data-end=\"1332\">Duj opcie si kerdine te sigurin <strong data-start=\"1233\" data-end=\"1264\">sigo de-icing thaj demisting<\/strong>, te la\u010dharel pes e navigaciaki sekuritato thaj komforto ande sa e vremeske kondicie.<\/p>\n\t\t\t\t\t\t\t\t<\/div>\n\t\t\t\t<\/div>\n\t\t\t\t\t<\/div>\n\t\t\t\t<\/div>\n\t\t<div class=\"elementor-element elementor-element-8e4fd01 e-flex e-con-boxed e-con e-parent\" data-id=\"8e4fd01\" data-element_type=\"container\" data-e-type=\"container\">\n\t\t\t\t\t<div class=\"e-con-inner\">\n\t\t\t\t<div class=\"elementor-element elementor-element-c87e9f2 elementor-widget elementor-widget-heading\" data-id=\"c87e9f2\" data-element_type=\"widget\" data-e-type=\"widget\" data-widget_type=\"heading.default\">\n\t\t\t\t<div class=\"elementor-widget-container\">\n\t\t\t\t\t<h2 class=\"elementor-heading-title elementor-size-default\">AME SHAJ TE OFERAS<\/h2>\t\t\t\t<\/div>\n\t\t\t\t<\/div>\n\t\t\t\t<div class=\"elementor-element elementor-element-1ad67cb elementor-widget elementor-widget-text-editor\" data-id=\"1ad67cb\" data-element_type=\"widget\" data-e-type=\"widget\" data-widget_type=\"text-editor.default\">\n\t\t\t\t<div class=\"elementor-widget-container\">\n\t\t\t\t\t\t\t\t\t<p>katar 12 volti \u017ai ka 440 volti<br \/>(Jekh faza vaj trin faza)katar 1W\/dm2 \u017ai ka 55W\/dm2<\/p>\n<table cellspacing=\"0\" cellpadding=\"0\">\n<tbody>\n<tr>\n<th>Maximalno Dimenzije<\/th>\n<th>Voltage<\/th>\n<th>Power Density<\/th>\n<\/tr>\n<tr>\n<td>8000x3210mm<\/td>\n<\/tr>\n<\/tbody>\n<\/table>\n\t\t\t\t\t\t\t\t<\/div>\n\t\t\t\t<\/div>\n\t\t\t\t\t<\/div>\n\t\t\t\t<\/div>\n\t\t<div class=\"elementor-element elementor-element-2b0d3e2 e-flex e-con-boxed e-con e-parent\" data-id=\"2b0d3e2\" data-element_type=\"container\" data-e-type=\"container\" data-settings=\"{&quot;background_background&quot;:&quot;classic&quot;}\">\n\t\t\t\t\t<div class=\"e-con-inner\">\n\t\t\t\t<div class=\"elementor-element elementor-element-3145ea1 elementor-widget elementor-widget-heading\" data-id=\"3145ea1\" data-element_type=\"widget\" data-e-type=\"widget\" data-widget_type=\"heading.default\">\n\t\t\t\t<div class=\"elementor-widget-container\">\n\t\t\t\t\t<h2 class=\"elementor-heading-title elementor-size-default\">Sostar T Grup Cam?<\/h2>\t\t\t\t<\/div>\n\t\t\t\t<\/div>\n\t\t\t\t<div class=\"elementor-element elementor-element-5331489 elementor-widget elementor-widget-text-editor\" data-id=\"5331489\" data-element_type=\"widget\" data-e-type=\"widget\" data-widget_type=\"text-editor.default\">\n\t\t\t\t<div class=\"elementor-widget-container\">\n\t\t\t\t\t\t\t\t\t<p data-start=\"3301\" data-end=\"3629\">Amare <strong data-start=\"3310\" data-end=\"3325\">ekspertoski ekipa<\/strong>, avansime andruni teknologia, thaj anga\u017emano karing e ma\u0161karthemutne standardura, <strong data-start=\"3400\" data-end=\"341\">T Grup si pat\u01d0valo partnero<\/strong> data-start=&#8221;3442&#8243; data-end=&#8221;3482&#8243;&gt;personalizirime solucie vash o zuralipe e kemikaliengo. Amen keras buti e kli\u00e8nturenqe an\u03b8-i <strong data-start=\"3508\" data-end=\"3555\">Turkia, Evropa, o UK, o USA, thaj o Israel<\/strong>, thaj das <strong data-start=\"3567\" data-end=\"3609\">precizia, reli\u00e0bilit\u00e8ta thaj inovacia<\/strong> an\u03b8-e svako proj\u00e8kto.<\/p>\n<p><\/p>\n<p data-start=\"3631\" data-end=\"3931\" data-is-last-node=\"\" data-is-only-node=\"\">\ud83d\udce9 <strong data-start=\"3634\" data-end=\"3704\">Te sikl\u01d2ves maj but vaj te manges jekh citato va\u015b e servisur\u0103 va\u015b o \u015bukaripen e ximikane:<\/strong><b>start=&#8221; data-end=&#8221;3707&#8243; \/&gt;\ud83d\udcde +90 531 430 79 77 | +90 531 430 79 57 | +90 532 404 48 09<br data-start=\"3767\" data-end=\"3770\" \/>\ud83d\udccd <strong data-start=\"3773\" data-end=\"3784\">Turcia:<\/strong> Ak\u00e7aburgaz Mah. 1575. Sk. 4 Ca Blok No: 4ca \u0130\u00e7 Kap\u0131 No: 3 Esenyurt\/\u0130stanbul<br data-start=\"3860\" data-end=\"3863\" \/>\ud83d\udccd <strong data-start=\"3866\" data-end=\"3879\">Bulgaria:<\/strong> T Grup Cam Eood, Stoim Zaim, 13 Haskovo\/BULGARIA<\/b><\/p>\n\t\t\t\t\t\t\t\t<\/div>\n\t\t\t\t<\/div>\n\t\t\t\t\t<\/div>\n\t\t\t\t<\/div>\n\t\t\t\t<\/div>\n\t\t","protected":false},"excerpt":{"rendered":"<p>Phendura save \u015baj te aven tato va\u015b e maripnaske aplikacie Phendura save \u015baj te aven tato va\u015b e maripnaske aplikacie Ko T Grup Cam, amen ha\u0107aras kaj klaro dikhipe si kritikano ano maripnaske ambientia, maj but ano phare kondicie sar so si data-start=&#8221;210&#8243; data-end=&#8221;251&#8243;&gt;temperature e balvalenqi, e balvalenqi thaj e balvalenqi. Amare solucie vash o [&hellip;]<\/p>\n","protected":false},"author":1,"featured_media":0,"parent":0,"menu_order":0,"comment_status":"closed","ping_status":"closed","template":"elementor_header_footer","meta":{"footnotes":""},"class_list":["post-4854","page","type-page","status-publish","hentry"],"_links":{"self":[{"href":"https:\/\/tgrupcam.com\/index.php\/wp-json\/wp\/v2\/pages\/4854","targetHints":{"allow":["GET"]}}],"collection":[{"href":"https:\/\/tgrupcam.com\/index.php\/wp-json\/wp\/v2\/pages"}],"about":[{"href":"https:\/\/tgrupcam.com\/index.php\/wp-json\/wp\/v2\/types\/page"}],"author":[{"embeddable":true,"href":"https:\/\/tgrupcam.com\/index.php\/wp-json\/wp\/v2\/users\/1"}],"replies":[{"embeddable":true,"href":"https:\/\/tgrupcam.com\/index.php\/wp-json\/wp\/v2\/comments?post=4854"}],"version-history":[{"count":0,"href":"https:\/\/tgrupcam.com\/index.php\/wp-json\/wp\/v2\/pages\/4854\/revisions"}],"wp:attachment":[{"href":"https:\/\/tgrupcam.com\/index.php\/wp-json\/wp\/v2\/media?parent=4854"}],"curies":[{"name":"wp","href":"https:\/\/api.w.org\/{rel}","templated":true}]}}