{"id":4856,"date":"2025-05-28T13:05:15","date_gmt":"2025-05-28T10:05:15","guid":{"rendered":"https:\/\/tgrupcam.com\/index.php\/finestre-riscaldabili-per-applicazioni-marine\/"},"modified":"2025-06-03T17:53:27","modified_gmt":"2025-06-03T14:53:27","slug":"finestre-riscaldabili-per-applicazioni-marine","status":"publish","type":"page","link":"https:\/\/tgrupcam.com\/index.php\/finestre-riscaldabili-per-applicazioni-marine\/?lang=it","title":{"rendered":"Finestre riscaldabili per applicazioni marine"},"content":{"rendered":"\t\t<div data-elementor-type=\"wp-page\" data-elementor-id=\"4856\" class=\"elementor elementor-4856 elementor-3600\" data-elementor-post-type=\"page\">\n\t\t\t\t<div class=\"elementor-element elementor-element-79c9af8 e-con-full e-flex e-con e-parent\" data-id=\"79c9af8\" data-element_type=\"container\" data-e-type=\"container\" data-settings=\"{&quot;background_background&quot;:&quot;classic&quot;,&quot;shape_divider_bottom&quot;:&quot;opacity-fan&quot;}\">\n\t\t\t\t<div class=\"elementor-shape elementor-shape-bottom\" aria-hidden=\"true\" data-negative=\"false\">\n\t\t\t<svg xmlns=\"http:\/\/www.w3.org\/2000\/svg\" viewBox=\"0 0 283.5 19.6\" preserveAspectRatio=\"none\">\n\t<path class=\"elementor-shape-fill\" style=\"opacity:0.33\" d=\"M0 0L0 18.8 141.8 4.1 283.5 18.8 283.5 0z\"\/>\n\t<path class=\"elementor-shape-fill\" style=\"opacity:0.33\" d=\"M0 0L0 12.6 141.8 4 283.5 12.6 283.5 0z\"\/>\n\t<path class=\"elementor-shape-fill\" style=\"opacity:0.33\" d=\"M0 0L0 6.4 141.8 4 283.5 6.4 283.5 0z\"\/>\n\t<path class=\"elementor-shape-fill\" d=\"M0 0L0 1.2 141.8 4 283.5 1.2 283.5 0z\"\/>\n<\/svg>\t\t<\/div>\n\t\t\t\t<div class=\"elementor-element elementor-element-d85c1e5 elementor-widget elementor-widget-heading\" data-id=\"d85c1e5\" data-element_type=\"widget\" data-e-type=\"widget\" data-widget_type=\"heading.default\">\n\t\t\t\t<div class=\"elementor-widget-container\">\n\t\t\t\t\t<h2 class=\"elementor-heading-title elementor-size-default\">Finestre riscaldabili per applicazioni marine<\/h2>\t\t\t\t<\/div>\n\t\t\t\t<\/div>\n\t\t\t\t<\/div>\n\t\t<div class=\"elementor-element elementor-element-2cc499d e-flex e-con-boxed e-con e-parent\" data-id=\"2cc499d\" data-element_type=\"container\" data-e-type=\"container\">\n\t\t\t\t\t<div class=\"e-con-inner\">\n\t\t\t\t<div class=\"elementor-element elementor-element-4eeebef elementor-widget elementor-widget-heading\" data-id=\"4eeebef\" data-element_type=\"widget\" data-e-type=\"widget\" data-widget_type=\"heading.default\">\n\t\t\t\t<div class=\"elementor-widget-container\">\n\t\t\t\t\t<h2 class=\"elementor-heading-title elementor-size-default\">Finestre riscaldabili per applicazioni marine<\/h2>\t\t\t\t<\/div>\n\t\t\t\t<\/div>\n\t\t\t\t<div class=\"elementor-element elementor-element-96ca51e elementor-widget elementor-widget-text-editor\" data-id=\"96ca51e\" data-element_type=\"widget\" data-e-type=\"widget\" data-widget_type=\"text-editor.default\">\n\t\t\t\t<div class=\"elementor-widget-container\">\n\t\t\t\t\t\t\t\t\t<p data-start=\"65\" data-end=\"440\">Noi di <strong data-start=\"68\" data-end=\"82\">T Grup Cam<\/strong> sappiamo che <strong data-start=\"103\" data-end=\"158\">una visibilit\u00e0 ottimale \u00e8 fondamentale negli ambienti marini<\/strong>, soprattutto in condizioni meteorologiche avverse come <strong data-start=\"210\" data-end=\"251\">nebbia, gelo e temperature gelide<\/strong>. Le nostre <strong data-start=\"257\" data-end=\"285\">soluzioni in vetro riscaldabile<\/strong>, sviluppate specificamente per <strong data-start=\"314\" data-end=\"347\">applicazioni navali e per yacht<\/strong>, offrono <strong data-start=\"355\" data-end=\"383\">visibilit\u00e0 ininterrotta<\/strong> e <strong data-start=\"388\" data-end=\"406\">sicurezza ottimale<\/strong> in mare, indipendentemente dalle condizioni climatiche.<\/p>\n<p><\/p>\n<p data-start=\"442\" data-end=\"489\"><strong data-start=\"446\" data-end=\"487\">Cosa rende unico il nostro vetro riscaldabile?<\/strong><\/p>\n<p><\/p>\n<p data-start=\"490\" data-end=\"855\">Il nostro vetro riscaldabile \u00e8 dotato di <strong data-start=\"518\" data-end=\"543\">tecnologia integrata<\/strong> che consente di <strong data-start=\"562\" data-end=\"592\">sbrinamento e disappannamento rapidi<\/strong> in <strong data-start=\"600\" data-end=\"611\">minuti<\/strong>, anche a temperature estreme fino a <strong data-start=\"651\" data-end=\"660\">-10\u00b0C<\/strong>. A differenza dei sistemi di riscaldamento a superficie, la funzione di riscaldamento \u00e8 integrata direttamente nella <strong data-start=\"742\" data-end=\"761\">struttura del vetro<\/strong>, garantendo una <strong data-start=\"773\" data-end=\"799\">distribuzione uniforme del calore<\/strong> e preservando la <strong data-start=\"819\" data-end=\"840\">chiarezza estetica<\/strong> della finestra.<\/p>\n<p><\/p>\n<p data-start=\"857\" data-end=\"1193\">\u00c8 possibile scegliere tra due opzioni ad alte prestazioni:<br data-start=\"909\" data-end=\"912\" \/>\ud83d\udd39 <strong data-start=\"915\" data-end=\"942\">Fili riscaldanti invisibili<\/strong>: fili conduttivi ultrasottili integrati nel vetro per una distribuzione del calore rapida e uniforme.<br data-start=\"1039\" data-end=\"1042\" \/>\ud83d\udd39 <strong data-start=\"1045\" data-end=\"1077\">Rivestimento conduttivo invisibile<\/strong>: una soluzione completamente trasparente e a basso profilo che riscalda l&#8217;intera superficie senza elementi visibili.<\/p>\n<p><\/p>\n<p data-start=\"1195\" data-end=\"1332\">Entrambe le opzioni sono progettate per garantire <strong data-start=\"1233\" data-end=\"1264\">un rapido sbrinamento e disappannamento<\/strong>, migliorando la sicurezza e il comfort della navigazione in tutte le condizioni atmosferiche.<\/p>\n\t\t\t\t\t\t\t\t<\/div>\n\t\t\t\t<\/div>\n\t\t\t\t\t<\/div>\n\t\t\t\t<\/div>\n\t\t<div class=\"elementor-element elementor-element-8e4fd01 e-flex e-con-boxed e-con e-parent\" data-id=\"8e4fd01\" data-element_type=\"container\" data-e-type=\"container\">\n\t\t\t\t\t<div class=\"e-con-inner\">\n\t\t\t\t<div class=\"elementor-element elementor-element-c87e9f2 elementor-widget elementor-widget-heading\" data-id=\"c87e9f2\" data-element_type=\"widget\" data-e-type=\"widget\" data-widget_type=\"heading.default\">\n\t\t\t\t<div class=\"elementor-widget-container\">\n\t\t\t\t\t<h2 class=\"elementor-heading-title elementor-size-default\">POSSIAMO OFFRIRE<\/h2>\t\t\t\t<\/div>\n\t\t\t\t<\/div>\n\t\t\t\t<div class=\"elementor-element elementor-element-1ad67cb elementor-widget elementor-widget-text-editor\" data-id=\"1ad67cb\" data-element_type=\"widget\" data-e-type=\"widget\" data-widget_type=\"text-editor.default\">\n\t\t\t\t<div class=\"elementor-widget-container\">\n\t\t\t\t\t\t\t\t\t<table cellspacing=\"0\" cellpadding=\"0\">\n<tbody>\n<tr>\n<th>Dimensioni massime<\/th>\n<th>Tensione<\/th>\n<th>Densit\u00e0 di potenza<\/th>\n<\/tr>\n<tr>\n<td>8000x3210mm<\/td>\n<td>da 12 volt a 440 volt<br \/>\n(Monofase o trifase)<\/td>\n<td>da 1 W\/dm\u00b2 a 55 W\/dm\u00b2<\/td>\n<\/tr>\n<\/tbody>\n<\/table>\n\t\t\t\t\t\t\t\t<\/div>\n\t\t\t\t<\/div>\n\t\t\t\t\t<\/div>\n\t\t\t\t<\/div>\n\t\t<div class=\"elementor-element elementor-element-2b0d3e2 e-flex e-con-boxed e-con e-parent\" data-id=\"2b0d3e2\" data-element_type=\"container\" data-e-type=\"container\" data-settings=\"{&quot;background_background&quot;:&quot;classic&quot;}\">\n\t\t\t\t\t<div class=\"e-con-inner\">\n\t\t\t\t<div class=\"elementor-element elementor-element-3145ea1 elementor-widget elementor-widget-heading\" data-id=\"3145ea1\" data-element_type=\"widget\" data-e-type=\"widget\" data-widget_type=\"heading.default\">\n\t\t\t\t<div class=\"elementor-widget-container\">\n\t\t\t\t\t<h2 class=\"elementor-heading-title elementor-size-default\">Perch\u00e9 T Grup Cam?<\/h2>\t\t\t\t<\/div>\n\t\t\t\t<\/div>\n\t\t\t\t<div class=\"elementor-element elementor-element-5331489 elementor-widget elementor-widget-text-editor\" data-id=\"5331489\" data-element_type=\"widget\" data-e-type=\"widget\" data-widget_type=\"text-editor.default\">\n\t\t\t\t<div class=\"elementor-widget-container\">\n\t\t\t\t\t\t\t\t\t<p data-start=\"3301\" data-end=\"3629\">Grazie al nostro <strong data-start=\"3310\" data-end=\"3325\">team di esperti<\/strong>, alla tecnologia interna avanzata e all&#8217;impegno verso gli standard internazionali, <strong data-start=\"3400\" data-end=\"3414\">T Grup Cam<\/strong> \u00e8 il partner di fiducia per le <strong data-start=\"3442\" data-end=\"3482\">soluzioni personalizzate di tempra chimica<\/strong>. Serviamo clienti in Turchia, Europa, Regno Unito, Stati Uniti e Israele, offrendo precisione, affidabilit\u00e0 e innovazione in ogni progetto.<\/p>\n<p><\/p>\n<p data-start=\"3631\" data-end=\"3931\" data-is-last-node=\"\" data-is-only-node=\"\">\ud83d\udce9 <strong data-start=\"3634\" data-end=\"3704\">Per saperne di pi\u00f9 o richiedere un preventivo per i servizi di tempra chimica:<\/strong><br data-start=\"3704\" data-end=\"3707\" \/>\ud83d\udcde +90 531 430 79 77 | +90 531 430 79 57 | +90 532 404 48 09<br data-start=\"3767\" data-end=\"3770\" \/>\ud83d\udccd <strong data-start=\"3773\" data-end=\"3784\">Turchia:<\/strong> Ak\u00e7aburgaz Mah. 1575. Sk. 4 Ca Blok No: 4ca \u0130\u00e7 Kap\u0131 No: 3 Esenyurt\/\u0130stanbul<br data-start=\"3860\" data-end=\"3863\" \/>\ud83d\udccd <strong data-start=\"3866\" data-end=\"3879\">Bulgaria:<\/strong> T Grup Cam Eood, Stoyan Zaimof 13, Haskovo\/BULGARIA<\/p>\n\t\t\t\t\t\t\t\t<\/div>\n\t\t\t\t<\/div>\n\t\t\t\t\t<\/div>\n\t\t\t\t<\/div>\n\t\t\t\t<\/div>\n\t\t","protected":false},"excerpt":{"rendered":"<p>Finestre riscaldabili per applicazioni marine Finestre riscaldabili per applicazioni marine Noi di T Grup Cam sappiamo che una visibilit\u00e0 ottimale \u00e8 fondamentale negli ambienti marini, soprattutto in condizioni meteorologiche avverse come nebbia, gelo e temperature gelide. Le nostre soluzioni in vetro riscaldabile, sviluppate specificamente per applicazioni navali e per yacht, offrono visibilit\u00e0 ininterrotta e sicurezza [&hellip;]<\/p>\n","protected":false},"author":1,"featured_media":0,"parent":0,"menu_order":0,"comment_status":"closed","ping_status":"closed","template":"elementor_header_footer","meta":{"footnotes":""},"class_list":["post-4856","page","type-page","status-publish","hentry"],"_links":{"self":[{"href":"https:\/\/tgrupcam.com\/index.php\/wp-json\/wp\/v2\/pages\/4856","targetHints":{"allow":["GET"]}}],"collection":[{"href":"https:\/\/tgrupcam.com\/index.php\/wp-json\/wp\/v2\/pages"}],"about":[{"href":"https:\/\/tgrupcam.com\/index.php\/wp-json\/wp\/v2\/types\/page"}],"author":[{"embeddable":true,"href":"https:\/\/tgrupcam.com\/index.php\/wp-json\/wp\/v2\/users\/1"}],"replies":[{"embeddable":true,"href":"https:\/\/tgrupcam.com\/index.php\/wp-json\/wp\/v2\/comments?post=4856"}],"version-history":[{"count":0,"href":"https:\/\/tgrupcam.com\/index.php\/wp-json\/wp\/v2\/pages\/4856\/revisions"}],"wp:attachment":[{"href":"https:\/\/tgrupcam.com\/index.php\/wp-json\/wp\/v2\/media?parent=4856"}],"curies":[{"name":"wp","href":"https:\/\/api.w.org\/{rel}","templated":true}]}}