{"id":4858,"date":"2025-05-28T13:05:15","date_gmt":"2025-05-28T10:05:15","guid":{"rendered":"https:\/\/tgrupcam.com\/index.php\/futheto-ablakok-hajozasi-alkalmazasokhoz\/"},"modified":"2025-06-03T17:54:30","modified_gmt":"2025-06-03T14:54:30","slug":"futheto-ablakok-hajozasi-alkalmazasokhoz","status":"publish","type":"page","link":"https:\/\/tgrupcam.com\/index.php\/futheto-ablakok-hajozasi-alkalmazasokhoz\/?lang=hu","title":{"rendered":"F\u0171thet\u0151 ablakok haj\u00f3z\u00e1si alkalmaz\u00e1sokhoz"},"content":{"rendered":"\t\t<div data-elementor-type=\"wp-page\" data-elementor-id=\"4858\" class=\"elementor elementor-4858 elementor-3600\" data-elementor-post-type=\"page\">\n\t\t\t\t<div class=\"elementor-element elementor-element-79c9af8 e-con-full e-flex e-con e-parent\" data-id=\"79c9af8\" data-element_type=\"container\" data-e-type=\"container\" data-settings=\"{&quot;background_background&quot;:&quot;classic&quot;,&quot;shape_divider_bottom&quot;:&quot;opacity-fan&quot;}\">\n\t\t\t\t<div class=\"elementor-shape elementor-shape-bottom\" aria-hidden=\"true\" data-negative=\"false\">\n\t\t\t<svg xmlns=\"http:\/\/www.w3.org\/2000\/svg\" viewBox=\"0 0 283.5 19.6\" preserveAspectRatio=\"none\">\n\t<path class=\"elementor-shape-fill\" style=\"opacity:0.33\" d=\"M0 0L0 18.8 141.8 4.1 283.5 18.8 283.5 0z\"\/>\n\t<path class=\"elementor-shape-fill\" style=\"opacity:0.33\" d=\"M0 0L0 12.6 141.8 4 283.5 12.6 283.5 0z\"\/>\n\t<path class=\"elementor-shape-fill\" style=\"opacity:0.33\" d=\"M0 0L0 6.4 141.8 4 283.5 6.4 283.5 0z\"\/>\n\t<path class=\"elementor-shape-fill\" d=\"M0 0L0 1.2 141.8 4 283.5 1.2 283.5 0z\"\/>\n<\/svg>\t\t<\/div>\n\t\t\t\t<div class=\"elementor-element elementor-element-d85c1e5 elementor-widget elementor-widget-heading\" data-id=\"d85c1e5\" data-element_type=\"widget\" data-e-type=\"widget\" data-widget_type=\"heading.default\">\n\t\t\t\t<div class=\"elementor-widget-container\">\n\t\t\t\t\t<h2 class=\"elementor-heading-title elementor-size-default\">F\u0171thet\u0151 ablakok haj\u00f3z\u00e1si alkalmaz\u00e1sokhoz<\/h2>\t\t\t\t<\/div>\n\t\t\t\t<\/div>\n\t\t\t\t<\/div>\n\t\t<div class=\"elementor-element elementor-element-2cc499d e-flex e-con-boxed e-con e-parent\" data-id=\"2cc499d\" data-element_type=\"container\" data-e-type=\"container\">\n\t\t\t\t\t<div class=\"e-con-inner\">\n\t\t\t\t<div class=\"elementor-element elementor-element-4eeebef elementor-widget elementor-widget-heading\" data-id=\"4eeebef\" data-element_type=\"widget\" data-e-type=\"widget\" data-widget_type=\"heading.default\">\n\t\t\t\t<div class=\"elementor-widget-container\">\n\t\t\t\t\t<h2 class=\"elementor-heading-title elementor-size-default\">F\u0171thet\u0151 ablakok haj\u00f3z\u00e1si alkalmaz\u00e1sokhoz<\/h2>\t\t\t\t<\/div>\n\t\t\t\t<\/div>\n\t\t\t\t<div class=\"elementor-element elementor-element-96ca51e elementor-widget elementor-widget-text-editor\" data-id=\"96ca51e\" data-element_type=\"widget\" data-e-type=\"widget\" data-widget_type=\"text-editor.default\">\n\t\t\t\t<div class=\"elementor-widget-container\">\n\t\t\t\t\t\t\t\t\t<p data-start=\"65\" data-end=\"440\">A <strong data-start=\"68\" data-end=\"82\">T Grup Cam<\/strong>-n\u00e1l meg\u00e9rtj\u00fck, hogy <strong data-start=\"103\" data-end=\"158\">a tiszta l\u00e1t\u00e1si viszonyok kritikus fontoss\u00e1g\u00faak a tengeri k\u00f6rnyezetben<\/strong>, k\u00fcl\u00f6n\u00f6sen zord id\u0151j\u00e1r\u00e1si k\u00f6r\u00fclm\u00e9nyek k\u00f6z\u00f6tt, p\u00e9ld\u00e1ul <strong data-start=\"210\" data-end=\"251\">k\u00f6dben, fagyban \u00e9s fagypont alatt<\/strong>. <strong data-start=\"257\" data-end=\"285\">f\u0171thet\u0151 \u00fcvegmegold\u00e1saink<\/strong>, melyeket kifejezetten <strong data-start=\"314\" data-end=\"347\">tengeri \u00e9s jachtos alkalmaz\u00e1sokhoz<\/strong> fejlesztett\u00fcnk ki, <strong data-start=\"355\" data-end=\"383\">megszak\u00edt\u00e1s n\u00e9lk\u00fcli kil\u00e1t\u00e1st<\/strong> \u00e9s <strong data-start=\"388\" data-end=\"406\">optim\u00e1lis biztons\u00e1got<\/strong> k\u00edn\u00e1lnak a tengeren \u2013 az \u00e9ghajlatt\u00f3l f\u00fcggetlen\u00fcl.<\/p>\n<p><\/p>\n<p data-start=\"442\" data-end=\"489\"><strong data-start=\"446\" data-end=\"487\">Mi teszi egyediv\u00e9 f\u0171thet\u0151 \u00fcveg\u00fcnket?<\/strong><\/p>\n<p><\/p>\n<p data-start=\"490\" data-end=\"855\">F\u0171thet\u0151 \u00fcveg\u00fcnk <strong data-start=\"518\" data-end=\"543\">integr\u00e1lt technol\u00f3gi\u00e1val<\/strong> rendelkezik, amely lehet\u0151v\u00e9 teszi a <strong data-start=\"562\" data-end=\"592\">gyors leolvaszt\u00e1st \u00e9s p\u00e1ramentes\u00edt<\/strong> <strong data-start=\"600\" data-end=\"611\">percen<\/strong> bel\u00fcl \u2014 ak\u00e1r extr\u00e9m h\u0151m\u00e9rs\u00e9kleten is, <strong data-start=\"651\" data-end=\"660\">-10\u00b0C<\/strong>-ig. A fel\u00fcletf\u0171t\u00e9si rendszerekkel ellent\u00e9tben a f\u0171t\u00e9si funkci\u00f3 k\u00f6zvetlen\u00fcl az <strong data-start=\"742\" data-end=\"761\">\u00fcvegszerkezetbe<\/strong> van be\u00e9p\u00edtve, \u00edgy <strong data-start=\"773\" data-end=\"799\">egyenletes h\u0151eloszl\u00e1st<\/strong> biztos\u00edt, \u00e9s meg\u0151rzi az ablak <strong data-start=\"819\" data-end=\"840\">eszt\u00e9tikai tisztas\u00e1g\u00e1t<\/strong>.<\/p>\n<p><\/p>\n<p data-start=\"857\" data-end=\"1193\">K\u00e9t nagy teljes\u00edtm\u00e9ny\u0171 opci\u00f3 k\u00f6z\u00fcl v\u00e1laszthat:<br data-start=\"909\" data-end=\"912\" \/>\ud83d\udd39 <strong data-start=\"915\" data-end=\"942\">L\u00e1thatatlan f\u0171t\u0151sz\u00e1lak<\/strong> \u2013 Ultrav\u00e9kony vezet\u0151sz\u00e1lak az \u00fcvegbe \u00e1gyazva a gyors \u00e9s egyenletes h\u0151eloszl\u00e1s \u00e9rdek\u00e9ben.<br data-start=\"1039\" data-end=\"1042\" \/>\ud83d\udd39 <strong data-start=\"1045\" data-end=\"1077\">L\u00e1thatatlan vezet\u0151k\u00e9pes Bevonat<\/strong> \u2013 Teljesen \u00e1tl\u00e1tsz\u00f3, alacsony profil\u00fa megold\u00e1s, amely teljes fel\u00fclet\u0171 f\u0171t\u00e9st biztos\u00edt l\u00e1that\u00f3 elemek n\u00e9lk\u00fcl.<\/p>\n<p><\/p>\n<p data-start=\"1195\" data-end=\"1332\">Mindk\u00e9t opci\u00f3t \u00fagy tervezt\u00e9k, hogy biztos\u00edts\u00e1k a <strong data-start=\"1233\" data-end=\"1264\">gyors j\u00e9g- \u00e9s p\u00e1ramentes\u00edt\u00e9st<\/strong>, jav\u00edtva a navig\u00e1ci\u00f3 biztons\u00e1g\u00e1t \u00e9s k\u00e9nyelm\u00e9t minden id\u0151j\u00e1r\u00e1si k\u00f6r\u00fclm\u00e9ny k\u00f6z\u00f6tt.<\/p>\n\t\t\t\t\t\t\t\t<\/div>\n\t\t\t\t<\/div>\n\t\t\t\t\t<\/div>\n\t\t\t\t<\/div>\n\t\t<div class=\"elementor-element elementor-element-8e4fd01 e-flex e-con-boxed e-con e-parent\" data-id=\"8e4fd01\" data-element_type=\"container\" data-e-type=\"container\">\n\t\t\t\t\t<div class=\"e-con-inner\">\n\t\t\t\t<div class=\"elementor-element elementor-element-c87e9f2 elementor-widget elementor-widget-heading\" data-id=\"c87e9f2\" data-element_type=\"widget\" data-e-type=\"widget\" data-widget_type=\"heading.default\">\n\t\t\t\t<div class=\"elementor-widget-container\">\n\t\t\t\t\t<h2 class=\"elementor-heading-title elementor-size-default\">AJ\u00c1NLJUK<\/h2>\t\t\t\t<\/div>\n\t\t\t\t<\/div>\n\t\t\t\t<div class=\"elementor-element elementor-element-1ad67cb elementor-widget elementor-widget-text-editor\" data-id=\"1ad67cb\" data-element_type=\"widget\" data-e-type=\"widget\" data-widget_type=\"text-editor.default\">\n\t\t\t\t<div class=\"elementor-widget-container\">\n\t\t\t\t\t\t\t\t\t<table cellspacing=\"0\" cellpadding=\"0\">\n<tbody>\n<tr>\n<th>Maxim\u00e1lis m\u00e9retek<\/th>\n<th>Fesz\u00fclts\u00e9g<\/th>\n<th>Teljes\u00edtm\u00e9nys\u0171r\u0171s\u00e9g<\/th>\n<\/tr>\n<tr>\n<td>8000x3210mm<\/td>\n<td>12 voltt\u00f3l 440 voltig<br \/>\n(Egyf\u00e1zis\u00fa vagy 3 f\u00e1zis\u00fa)<\/td>\n<td>1 W\/dm2-t\u0151l 55 W\/dm2-ig<\/td>\n<\/tr>\n<\/tbody>\n<\/table>\n\t\t\t\t\t\t\t\t<\/div>\n\t\t\t\t<\/div>\n\t\t\t\t\t<\/div>\n\t\t\t\t<\/div>\n\t\t<div class=\"elementor-element elementor-element-2b0d3e2 e-flex e-con-boxed e-con e-parent\" data-id=\"2b0d3e2\" data-element_type=\"container\" data-e-type=\"container\" data-settings=\"{&quot;background_background&quot;:&quot;classic&quot;}\">\n\t\t\t\t\t<div class=\"e-con-inner\">\n\t\t\t\t<div class=\"elementor-element elementor-element-3145ea1 elementor-widget elementor-widget-heading\" data-id=\"3145ea1\" data-element_type=\"widget\" data-e-type=\"widget\" data-widget_type=\"heading.default\">\n\t\t\t\t<div class=\"elementor-widget-container\">\n\t\t\t\t\t<h2 class=\"elementor-heading-title elementor-size-default\">Mi\u00e9rt a T Grup Cam?<\/h2>\t\t\t\t<\/div>\n\t\t\t\t<\/div>\n\t\t\t\t<div class=\"elementor-element elementor-element-5331489 elementor-widget elementor-widget-text-editor\" data-id=\"5331489\" data-element_type=\"widget\" data-e-type=\"widget\" data-widget_type=\"text-editor.default\">\n\t\t\t\t<div class=\"elementor-widget-container\">\n\t\t\t\t\t\t\t\t\t<p data-start=\"3301\" data-end=\"3629\">Szak\u00e9rt\u0151i csapatunkkal, <strong data-start=\"3310\" data-end=\"3325\">fejlett bels\u0151 technol\u00f3gi\u00e1nkkal \u00e9s a nemzetk\u00f6zi szabv\u00e1nyok ir\u00e1nti elk\u00f6telezetts\u00e9g\u00fcnkkel a <strong data-start=\"3400\" data-end=\"3414\">T Grup Cam<\/strong> az \u00d6n megb\u00edzhat\u00f3 partnere az <strong data-start=\"3442\" data-end=\"3482\">egyedi k\u00e9miai edz\u00e9si megold\u00e1sokban<\/strong>. \u00dcgyfeleinket <strong data-start=\"3508\" data-end=\"3555\">T\u00f6r\u00f6korsz\u00e1gban, Eur\u00f3p\u00e1ban, az Egyes\u00fclt Kir\u00e1lys\u00e1gban, az USA-ban \u00e9s Izraelben<\/strong> szolg\u00e1ljuk ki, <strong data-start=\"3567\" data-end=\"3609\">pontoss\u00e1got, megb\u00edzhat\u00f3s\u00e1got \u00e9s innov\u00e1ci\u00f3t<\/strong> biztos\u00edtva minden projektben.<\/strong><\/p>\n<p><\/p>\n<p data-start=\"3631\" data-end=\"3931\" data-is-last-node=\"\" data-is-only-node=\"\">\ud83d\udce9 <strong data-start=\"3634\" data-end=\"3704\">Tov\u00e1bbi inform\u00e1ci\u00f3k\u00e9rt vagy k\u00e9miai edz\u00e9si szolg\u00e1ltat\u00e1sokra vonatkoz\u00f3 \u00e1raj\u00e1nlatk\u00e9r\u00e9s\u00e9rt:<\/strong><br data-start=\"3704\" data-end=\"3707\" \/>\ud83d\udcde +90 531 430 79 77 | +90 531 430 79 57 | +90 532 404 48 09<br data-start=\"3767\" data-end=\"3770\" \/>\ud83d\udccd <strong data-start=\"3773\" data-end=\"3784\">T\u00f6r\u00f6korsz\u00e1g:<\/strong> Ak\u00e7aburgaz Mah. 1575. Sk. 4 Ca Blok No: 4ca \u0130\u00e7 Kap\u0131 No: 3 Esenyurt\/\u0130stanbul<br data-start=\"3860\" data-end=\"3863\" \/>\ud83d\udccd <strong data-start=\"3866\" data-end=\"3879\">Bulg\u00e1ria:<\/strong> T Grup Cam Eood, Haskovof IAR1AR3<\/p>\n\t\t\t\t\t\t\t\t<\/div>\n\t\t\t\t<\/div>\n\t\t\t\t\t<\/div>\n\t\t\t\t<\/div>\n\t\t\t\t<\/div>\n\t\t","protected":false},"excerpt":{"rendered":"<p>F\u0171thet\u0151 ablakok haj\u00f3z\u00e1si alkalmaz\u00e1sokhoz F\u0171thet\u0151 ablakok haj\u00f3z\u00e1si alkalmaz\u00e1sokhoz A T Grup Cam-n\u00e1l meg\u00e9rtj\u00fck, hogy a tiszta l\u00e1t\u00e1si viszonyok kritikus fontoss\u00e1g\u00faak a tengeri k\u00f6rnyezetben, k\u00fcl\u00f6n\u00f6sen zord id\u0151j\u00e1r\u00e1si k\u00f6r\u00fclm\u00e9nyek k\u00f6z\u00f6tt, p\u00e9ld\u00e1ul k\u00f6dben, fagyban \u00e9s fagypont alatt. f\u0171thet\u0151 \u00fcvegmegold\u00e1saink, melyeket kifejezetten tengeri \u00e9s jachtos alkalmaz\u00e1sokhoz fejlesztett\u00fcnk ki, megszak\u00edt\u00e1s n\u00e9lk\u00fcli kil\u00e1t\u00e1st \u00e9s optim\u00e1lis biztons\u00e1got k\u00edn\u00e1lnak a tengeren \u2013 az [&hellip;]<\/p>\n","protected":false},"author":1,"featured_media":0,"parent":0,"menu_order":0,"comment_status":"closed","ping_status":"closed","template":"elementor_header_footer","meta":{"footnotes":""},"class_list":["post-4858","page","type-page","status-publish","hentry"],"_links":{"self":[{"href":"https:\/\/tgrupcam.com\/index.php\/wp-json\/wp\/v2\/pages\/4858","targetHints":{"allow":["GET"]}}],"collection":[{"href":"https:\/\/tgrupcam.com\/index.php\/wp-json\/wp\/v2\/pages"}],"about":[{"href":"https:\/\/tgrupcam.com\/index.php\/wp-json\/wp\/v2\/types\/page"}],"author":[{"embeddable":true,"href":"https:\/\/tgrupcam.com\/index.php\/wp-json\/wp\/v2\/users\/1"}],"replies":[{"embeddable":true,"href":"https:\/\/tgrupcam.com\/index.php\/wp-json\/wp\/v2\/comments?post=4858"}],"version-history":[{"count":0,"href":"https:\/\/tgrupcam.com\/index.php\/wp-json\/wp\/v2\/pages\/4858\/revisions"}],"wp:attachment":[{"href":"https:\/\/tgrupcam.com\/index.php\/wp-json\/wp\/v2\/media?parent=4858"}],"curies":[{"name":"wp","href":"https:\/\/api.w.org\/{rel}","templated":true}]}}