{"id":4862,"date":"2025-05-28T13:05:15","date_gmt":"2025-05-28T10:05:15","guid":{"rendered":"https:\/\/tgrupcam.com\/index.php\/%ce%b8%ce%b5%cf%81%ce%bc%ce%b1%ce%b9%ce%bd%cf%8c%ce%bc%ce%b5%ce%bd%ce%b1-%cf%80%ce%b1%cf%81%ce%ac%ce%b8%cf%85%cf%81%ce%b1-%ce%b3%ce%b9%ce%b1-%ce%bd%ce%b1%cf%85%cf%84%ce%b9%ce%bb%ce%b9%ce%b1%ce%ba\/"},"modified":"2025-07-22T10:44:59","modified_gmt":"2025-07-22T07:44:59","slug":"heated-windows-for-marine-applications","status":"publish","type":"page","link":"https:\/\/tgrupcam.com\/index.php\/heated-windows-for-marine-applications\/?lang=el","title":{"rendered":"\u0398\u03b5\u03c1\u03bc\u03b1\u03b9\u03bd\u03cc\u03bc\u03b5\u03bd\u03b1 \u03c0\u03b1\u03c1\u03ac\u03b8\u03c5\u03c1\u03b1 \u03b3\u03b9\u03b1 \u03bd\u03b1\u03c5\u03c4\u03b9\u03bb\u03b9\u03b1\u03ba\u03ad\u03c2 \u03b5\u03c6\u03b1\u03c1\u03bc\u03bf\u03b3\u03ad\u03c2"},"content":{"rendered":"\t\t<div data-elementor-type=\"wp-page\" data-elementor-id=\"4862\" class=\"elementor elementor-4862 elementor-3600\" data-elementor-post-type=\"page\">\n\t\t\t\t<div class=\"elementor-element elementor-element-79c9af8 e-con-full e-flex e-con e-parent\" data-id=\"79c9af8\" data-element_type=\"container\" data-e-type=\"container\" data-settings=\"{&quot;background_background&quot;:&quot;classic&quot;,&quot;shape_divider_bottom&quot;:&quot;opacity-fan&quot;}\">\n\t\t\t\t<div class=\"elementor-shape elementor-shape-bottom\" aria-hidden=\"true\" data-negative=\"false\">\n\t\t\t<svg xmlns=\"http:\/\/www.w3.org\/2000\/svg\" viewBox=\"0 0 283.5 19.6\" preserveAspectRatio=\"none\">\n\t<path class=\"elementor-shape-fill\" style=\"opacity:0.33\" d=\"M0 0L0 18.8 141.8 4.1 283.5 18.8 283.5 0z\"\/>\n\t<path class=\"elementor-shape-fill\" style=\"opacity:0.33\" d=\"M0 0L0 12.6 141.8 4 283.5 12.6 283.5 0z\"\/>\n\t<path class=\"elementor-shape-fill\" style=\"opacity:0.33\" d=\"M0 0L0 6.4 141.8 4 283.5 6.4 283.5 0z\"\/>\n\t<path class=\"elementor-shape-fill\" d=\"M0 0L0 1.2 141.8 4 283.5 1.2 283.5 0z\"\/>\n<\/svg>\t\t<\/div>\n\t\t\t\t<div class=\"elementor-element elementor-element-d85c1e5 elementor-widget elementor-widget-heading\" data-id=\"d85c1e5\" data-element_type=\"widget\" data-e-type=\"widget\" data-widget_type=\"heading.default\">\n\t\t\t\t<div class=\"elementor-widget-container\">\n\t\t\t\t\t<h2 class=\"elementor-heading-title elementor-size-default\">\u0398\u03b5\u03c1\u03bc\u03b1\u03b9\u03bd\u03cc\u03bc\u03b5\u03bd\u03b1 \u03c0\u03b1\u03c1\u03ac\u03b8\u03c5\u03c1\u03b1 \u03b3\u03b9\u03b1 \u03bd\u03b1\u03c5\u03c4\u03b9\u03bb\u03b9\u03b1\u03ba\u03ad\u03c2 \u03b5\u03c6\u03b1\u03c1\u03bc\u03bf\u03b3\u03ad\u03c2<\/h2>\t\t\t\t<\/div>\n\t\t\t\t<\/div>\n\t\t\t\t<\/div>\n\t\t<div class=\"elementor-element elementor-element-2cc499d e-flex e-con-boxed e-con e-parent\" data-id=\"2cc499d\" data-element_type=\"container\" data-e-type=\"container\">\n\t\t\t\t\t<div class=\"e-con-inner\">\n\t\t\t\t<div class=\"elementor-element elementor-element-4eeebef elementor-widget elementor-widget-heading\" data-id=\"4eeebef\" data-element_type=\"widget\" data-e-type=\"widget\" data-widget_type=\"heading.default\">\n\t\t\t\t<div class=\"elementor-widget-container\">\n\t\t\t\t\t<h2 class=\"elementor-heading-title elementor-size-default\">\u0398\u03b5\u03c1\u03bc\u03b1\u03b9\u03bd\u03cc\u03bc\u03b5\u03bd\u03b1 \u03c0\u03b1\u03c1\u03ac\u03b8\u03c5\u03c1\u03b1 \u03b3\u03b9\u03b1 \u03bd\u03b1\u03c5\u03c4\u03b9\u03bb\u03b9\u03b1\u03ba\u03ad\u03c2 \u03b5\u03c6\u03b1\u03c1\u03bc\u03bf\u03b3\u03ad\u03c2<\/h2>\t\t\t\t<\/div>\n\t\t\t\t<\/div>\n\t\t\t\t<div class=\"elementor-element elementor-element-96ca51e elementor-widget elementor-widget-text-editor\" data-id=\"96ca51e\" data-element_type=\"widget\" data-e-type=\"widget\" data-widget_type=\"text-editor.default\">\n\t\t\t\t<div class=\"elementor-widget-container\">\n\t\t\t\t\t\t\t\t\t<p data-start=\"65\" data-end=\"440\">\u03a3\u03c4\u03b7\u03bd <strong data-start=\"68\" data-end=\"82\">T Grup Cam<\/strong>, \u03ba\u03b1\u03c4\u03b1\u03bd\u03bf\u03bf\u03cd\u03bc\u03b5 \u03cc\u03c4\u03b9 \u03b7 <strong data-start=\"103\" data-end=\"158\">\u03ba\u03b1\u03bb\u03ae \u03bf\u03c1\u03b1\u03c4\u03cc\u03c4\u03b7\u03c4\u03b1 \u03b5\u03af\u03bd\u03b1\u03b9 \u03ba\u03c1\u03af\u03c3\u03b9\u03bc\u03b7 \u03c3\u03b5 \u03b8\u03b1\u03bb\u03ac\u03c3\u03c3\u03b9\u03b1 \u03c0\u03b5\u03c1\u03b9\u03b2\u03ac\u03bb\u03bb\u03bf\u03bd\u03c4\u03b1<\/strong>, \u03b5\u03b9\u03b4\u03b9\u03ba\u03ac \u03c5\u03c0\u03cc \u03b1\u03bd\u03c4\u03af\u03be\u03bf\u03b5\u03c2 \u03ba\u03b1\u03b9\u03c1\u03b9\u03ba\u03ad\u03c2 \u03c3\u03c5\u03bd\u03b8\u03ae\u03ba\u03b5\u03c2 \u03cc\u03c0\u03c9\u03c2 <strong data-start=\"210\" data-end=\"251\">\u03bf\u03bc\u03af\u03c7\u03bb\u03b7, \u03c0\u03b1\u03b3\u03b5\u03c4\u03cc\u03c2 \u03ba\u03b1\u03b9 \u03b8\u03b5\u03c1\u03bc\u03bf\u03ba\u03c1\u03b1\u03c3\u03af\u03b5\u03c2 \u03bc\u03b7\u03b4\u03ad\u03bd<\/strong>. \u039f\u03b9 <strong data-start=\"257\" data-end=\"285\">\u03bb\u03cd\u03c3\u03b5\u03b9\u03c2 \u03b8\u03b5\u03c1\u03bc\u03b1\u03b9\u03bd\u03cc\u03bc\u03b5\u03bd\u03bf\u03c5 \u03b3\u03c5\u03b1\u03bb\u03b9\u03bf\u03cd<\/strong> \u03bc\u03b1\u03c2, \u03c0\u03bf\u03c5 \u03ad\u03c7\u03bf\u03c5\u03bd \u03b1\u03bd\u03b1\u03c0\u03c4\u03c5\u03c7\u03b8\u03b5\u03af \u03b5\u03b9\u03b4\u03b9\u03ba\u03ac \u03b3\u03b9\u03b1 <strong data-start=\"314\" data-end=\"347\">\u03b5\u03c6\u03b1\u03c1\u03bc\u03bf\u03b3\u03ad\u03c2 \u03c3\u03b5 \u03b8\u03b1\u03bb\u03ac\u03c3\u03c3\u03b9\u03b5\u03c2 \u03ba\u03b1\u03b9 \u03b3\u03b9\u03bf\u03c4<\/strong> \u03b5\u03c6\u03b1\u03c1\u03bc\u03bf\u03b3\u03ad\u03c2, \u03c0\u03c1\u03bf\u03c3\u03c6\u03ad\u03c1\u03bf\u03c5\u03bd <strong data-start=\"355\" data-end=\"383\">\u03b1\u03b4\u03b9\u03ac\u03bb\u03b5\u03b9\u03c0\u03c4\u03b7 \u03bf\u03c1\u03b1\u03c4\u03cc\u03c4\u03b7\u03c4\u03b1<\/strong> \u03ba\u03b1\u03b9 <strong data-start=\"388\" data-end=\"406\">\u03b2\u03ad\u03bb\u03c4\u03b9\u03c3\u03c4\u03b7 \u03b1\u03c3\u03c6\u03ac\u03bb\u03b5\u03b9\u03b1<\/strong> \u03c3\u03c4\u03b7 \u03b8\u03ac\u03bb\u03b1\u03c3\u03c3\u03b1 \u2014 \u03b1\u03bd\u03b5\u03be\u03ac\u03c1\u03c4\u03b7\u03c4\u03b1 \u03b1\u03c0\u03cc \u03c4\u03bf \u03ba\u03bb\u03af\u03bc\u03b1.<\/p>\n<p data-start=\"442\" data-end=\"489\"><strong data-start=\"446\" data-end=\"487\">\u03a4\u03b9 \u03ba\u03ac\u03bd\u03b5\u03b9 \u03c4\u03bf \u03b8\u03b5\u03c1\u03bc\u03b1\u03b9\u03bd\u03cc\u03bc\u03b5\u03bd\u03bf \u03b3\u03c5\u03b1\u03bb\u03af \u03bc\u03b1\u03c2 \u03bc\u03bf\u03bd\u03b1\u03b4\u03b9\u03ba\u03cc;<\/strong><\/p>\n<p data-start=\"490\" data-end=\"855\">\u03a4\u03bf \u03b8\u03b5\u03c1\u03bc\u03b1\u03b9\u03bd\u03cc\u03bc\u03b5\u03bd\u03bf \u03b3\u03c5\u03b1\u03bb\u03af \u03bc\u03b1\u03c2 \u03b4\u03b9\u03b1\u03b8\u03ad\u03c4\u03b5\u03b9 <strong data-start=\"518\" data-end=\"543\">\u03b5\u03bd\u03c3\u03c9\u03bc\u03b1\u03c4\u03c9\u03bc\u03ad\u03bd\u03b7 \u03c4\u03b5\u03c7\u03bd\u03bf\u03bb\u03bf\u03b3\u03af\u03b1<\/strong> \u03c0\u03bf\u03c5 \u03c4\u03bf\u03c5 \u03b5\u03c0\u03b9\u03c4\u03c1\u03ad\u03c0\u03b5\u03b9 \u03bd\u03b1 <strong data-start=\"562\" data-end=\"592\">\u03b3\u03c1\u03ae\u03b3\u03bf\u03c1\u03b7 \u03b1\u03c0\u03cc\u03c8\u03c5\u03be\u03b7 \u03ba\u03b1\u03b9 \u03be\u03b5\u03b8\u03ac\u03bc\u03c0\u03c9\u03bc\u03b1<\/strong> \u03b5\u03bd\u03c4\u03cc\u03c2 <strong data-start=\"600\" data-end=\"611\">\u03bb\u03b5\u03c0\u03c4\u03ce\u03bd<\/strong> \u2014 \u03b1\u03ba\u03cc\u03bc\u03b7 \u03ba\u03b1\u03b9 \u03c3\u03b5 \u03b1\u03ba\u03c1\u03b1\u03af\u03b5\u03c2 \u03b8\u03b5\u03c1\u03bc\u03bf\u03ba\u03c1\u03b1\u03c3\u03af\u03b5\u03c2 \u03ad\u03c9\u03c2 <strong data-start=\"651\" data-end=\"660\">-10\u00b0C<\/strong>. \u03a3\u03b5 \u03b1\u03bd\u03c4\u03af\u03b8\u03b5\u03c3\u03b7 \u03bc\u03b5 \u03c4\u03b1 \u03c3\u03c5\u03c3\u03c4\u03ae\u03bc\u03b1\u03c4\u03b1 \u03b5\u03c0\u03b9\u03c6\u03b1\u03bd\u03b5\u03b9\u03b1\u03ba\u03ae\u03c2 \u03b8\u03ad\u03c1\u03bc\u03b1\u03bd\u03c3\u03b7\u03c2, \u03b7 \u03bb\u03b5\u03b9\u03c4\u03bf\u03c5\u03c1\u03b3\u03af\u03b1 \u03b8\u03ad\u03c1\u03bc\u03b1\u03bd\u03c3\u03b7\u03c2 \u03b5\u03af\u03bd\u03b1\u03b9 \u03b5\u03bd\u03c3\u03c9\u03bc\u03b1\u03c4\u03c9\u03bc\u03ad\u03bd\u03b7 \u03b1\u03c0\u03b5\u03c5\u03b8\u03b5\u03af\u03b1\u03c2 \u03c3\u03c4\u03b7 <strong data-start=\"742\" data-end=\"761\">\u03b3\u03c5\u03ac\u03bb\u03b9\u03bd\u03b7 \u03b4\u03bf\u03bc\u03ae<\/strong>, \u03c0\u03b1\u03c1\u03ad\u03c7\u03bf\u03bd\u03c4\u03b1\u03c2 <strong data-start=\"773\" data-end=\"799\">\u03bf\u03bc\u03bf\u03b9\u03cc\u03bc\u03bf\u03c1\u03c6\u03b7 \u03ba\u03b1\u03c4\u03b1\u03bd\u03bf\u03bc\u03ae \u03b8\u03b5\u03c1\u03bc\u03cc\u03c4\u03b7\u03c4\u03b1\u03c2<\/strong> \u03ba\u03b1\u03b9 \u03b4\u03b9\u03b1\u03c4\u03b7\u03c1\u03ce\u03bd\u03c4\u03b1\u03c2 \u03c4\u03b7\u03bd <strong data-start=\"819\" data-end=\"840\">\u03b1\u03b9\u03c3\u03b8\u03b7\u03c4\u03b9\u03ba\u03ae \u03ba\u03b1\u03b8\u03b1\u03c1\u03cc\u03c4\u03b7\u03c4\u03b1<\/strong> \u03c4\u03bf\u03c5 \u03c0\u03b1\u03c1\u03b1\u03b8\u03cd\u03c1\u03bf\u03c5.<\/p>\n<p data-start=\"857\" data-end=\"1193\">\u039c\u03c0\u03bf\u03c1\u03b5\u03af\u03c4\u03b5 \u03bd\u03b1 \u03b5\u03c0\u03b9\u03bb\u03ad\u03be\u03b5\u03c4\u03b5 \u03b1\u03bd\u03ac\u03bc\u03b5\u03c3\u03b1 \u03c3\u03b5 \u03b4\u03cd\u03bf \u03b5\u03c0\u03b9\u03bb\u03bf\u03b3\u03ad\u03c2 \u03c5\u03c8\u03b7\u03bb\u03ae\u03c2 \u03b1\u03c0\u03cc\u03b4\u03bf\u03c3\u03b7\u03c2:<br data-start=\"909\" data-end=\"912\" \/>\ud83d\udd39 <strong data-start=\"915\" data-end=\"942\">\u0391\u03cc\u03c1\u03b1\u03c4\u03b1 \u0398\u03b5\u03c1\u03bc\u03b1\u03bd\u03c4\u03b9\u03ba\u03ac \u03a3\u03cd\u03c1\u03bc\u03b1\u03c4\u03b1<\/strong> \u2013 \u0395\u03be\u03b1\u03b9\u03c1\u03b5\u03c4\u03b9\u03ba\u03ac \u03bb\u03b5\u03c0\u03c4\u03ac \u03b1\u03b3\u03ce\u03b3\u03b9\u03bc\u03b1 \u03c3\u03cd\u03c1\u03bc\u03b1\u03c4\u03b1 \u03b5\u03bd\u03c3\u03c9\u03bc\u03b1\u03c4\u03c9\u03bc\u03ad\u03bd\u03b1 \u03c3\u03c4\u03bf \u03b3\u03c5\u03b1\u03bb\u03af \u03b3\u03b9\u03b1 \u03b3\u03c1\u03ae\u03b3\u03bf\u03c1\u03b7 \u03ba\u03b1\u03b9 \u03bf\u03bc\u03bf\u03b9\u03cc\u03bc\u03bf\u03c1\u03c6\u03b7 \u03ba\u03b1\u03c4\u03b1\u03bd\u03bf\u03bc\u03ae \u03b8\u03b5\u03c1\u03bc\u03cc\u03c4\u03b7\u03c4\u03b1\u03c2.<br data-start=\"1039\" data-end=\"1042\" \/>\ud83d\udd39 <strong data-start=\"1045\" data-end=\"1077\">\u0391\u03cc\u03c1\u03b1\u03c4\u03b7 \u0391\u03b3\u03ce\u03b3\u03b9\u03bc\u03b7 \u0395\u03c0\u03af\u03c3\u03c4\u03c1\u03c9\u03c3\u03b7<\/strong> \u2013 \u039c\u03b9\u03b1 \u03b5\u03bd\u03c4\u03b5\u03bb\u03ce\u03c2 \u03b4\u03b9\u03b1\u03c6\u03b1\u03bd\u03ae\u03c2, \u03c7\u03b1\u03bc\u03b7\u03bb\u03bf\u03cd \u03c0\u03c1\u03bf\u03c6\u03af\u03bb \u03bb\u03cd\u03c3\u03b7 \u03c0\u03bf\u03c5 \u03c0\u03b1\u03c1\u03ad\u03c7\u03b5\u03b9 \u03b8\u03ad\u03c1\u03bc\u03b1\u03bd\u03c3\u03b7 \u03bf\u03bb\u03cc\u03ba\u03bb\u03b7\u03c1\u03b7\u03c2 \u03c4\u03b7\u03c2 \u03b5\u03c0\u03b9\u03c6\u03ac\u03bd\u03b5\u03b9\u03b1\u03c2 \u03c7\u03c9\u03c1\u03af\u03c2 \u03bf\u03c1\u03b1\u03c4\u03ac \u03c3\u03c4\u03bf\u03b9\u03c7\u03b5\u03af\u03b1.<\/p>\n<p data-start=\"1195\" data-end=\"1332\">\u039a\u03b1\u03b9 \u03bf\u03b9 \u03b4\u03cd\u03bf \u03b5\u03c0\u03b9\u03bb\u03bf\u03b3\u03ad\u03c2 \u03ad\u03c7\u03bf\u03c5\u03bd \u03c3\u03c7\u03b5\u03b4\u03b9\u03b1\u03c3\u03c4\u03b5\u03af \u03b3\u03b9\u03b1 \u03bd\u03b1 \u03b5\u03be\u03b1\u03c3\u03c6\u03b1\u03bb\u03af\u03b6\u03bf\u03c5\u03bd <strong data-start=\"1233\" data-end=\"1264\">\u03b3\u03c1\u03ae\u03b3\u03bf\u03c1\u03b7 \u03b1\u03c0\u03bf\u03c0\u03ac\u03b3\u03c9\u03c3\u03b7 \u03ba\u03b1\u03b9 \u03be\u03b5\u03b8\u03ac\u03bc\u03c0\u03c9\u03bc\u03b1<\/strong>, \u03b2\u03b5\u03bb\u03c4\u03b9\u03ce\u03bd\u03bf\u03bd\u03c4\u03b1\u03c2 \u03c4\u03b7\u03bd \u03b1\u03c3\u03c6\u03ac\u03bb\u03b5\u03b9\u03b1 \u03ba\u03b1\u03b9 \u03c4\u03b7\u03bd \u03ac\u03bd\u03b5\u03c3\u03b7 \u03c0\u03bb\u03bf\u03ae\u03b3\u03b7\u03c3\u03b7\u03c2 \u03c3\u03b5 \u03cc\u03bb\u03b5\u03c2 \u03c4\u03b9\u03c2 \u03ba\u03b1\u03b9\u03c1\u03b9\u03ba\u03ad\u03c2 \u03c3\u03c5\u03bd\u03b8\u03ae\u03ba\u03b5\u03c2.<\/p>\n\t\t\t\t\t\t\t\t<\/div>\n\t\t\t\t<\/div>\n\t\t\t\t\t<\/div>\n\t\t\t\t<\/div>\n\t\t<div class=\"elementor-element elementor-element-8e4fd01 e-flex e-con-boxed e-con e-parent\" data-id=\"8e4fd01\" data-element_type=\"container\" data-e-type=\"container\">\n\t\t\t\t\t<div class=\"e-con-inner\">\n\t\t\t\t<div class=\"elementor-element elementor-element-c87e9f2 elementor-widget elementor-widget-heading\" data-id=\"c87e9f2\" data-element_type=\"widget\" data-e-type=\"widget\" data-widget_type=\"heading.default\">\n\t\t\t\t<div class=\"elementor-widget-container\">\n\t\t\t\t\t<h2 class=\"elementor-heading-title elementor-size-default\">\u039c\u03a0\u039f\u03a1\u039f\u03a5\u039c\u0395 \u039d\u0391 \u03a0\u03a1\u039f\u03a3\u03a6\u0395\u03a1\u039f\u03a5\u039c\u0395<\/h2>\t\t\t\t<\/div>\n\t\t\t\t<\/div>\n\t\t\t\t<div class=\"elementor-element elementor-element-1ad67cb elementor-widget elementor-widget-text-editor\" data-id=\"1ad67cb\" data-element_type=\"widget\" data-e-type=\"widget\" data-widget_type=\"text-editor.default\">\n\t\t\t\t<div class=\"elementor-widget-container\">\n\t\t\t\t\t\t\t\t\t<table cellspacing=\"0\" cellpadding=\"0\">\n<tbody>\n<tr>\n<th>\u039c\u03ad\u03b3\u03b9\u03c3\u03c4\u03b5\u03c2 \u0394\u03b9\u03b1\u03c3\u03c4\u03ac\u03c3\u03b5\u03b9\u03c2<\/th>\n<th>\u03a4\u03ac\u03c3\u03b7<\/th>\n<th>\u03a0\u03c5\u03ba\u03bd\u03cc\u03c4\u03b7\u03c4\u03b1 \u0399\u03c3\u03c7\u03cd\u03bf\u03c2<\/th>\n<\/tr>\n<tr>\n<td>8000x3210mm<\/td>\n<td>\u03b1\u03c0\u03cc 12 \u03b2\u03bf\u03bb\u03c4 \u03ad\u03c9\u03c2 440 \u03b2\u03bf\u03bb\u03c4<br \/>\n(\u039c\u03bf\u03bd\u03bf\u03c6\u03b1\u03c3\u03b9\u03ba\u03cc \u03ae 3\u03c6\u03b1\u03c3\u03b9\u03ba\u03cc)<\/td>\n<td>\u03b1\u03c0\u03cc 1W\/dm2 \u03ad\u03c9\u03c2 55W\/dm2<\/td>\n<\/tr>\n<\/tbody>\n<\/table>\n\t\t\t\t\t\t\t\t<\/div>\n\t\t\t\t<\/div>\n\t\t\t\t\t<\/div>\n\t\t\t\t<\/div>\n\t\t<div class=\"elementor-element elementor-element-2b0d3e2 e-flex e-con-boxed e-con e-parent\" data-id=\"2b0d3e2\" data-element_type=\"container\" data-e-type=\"container\" data-settings=\"{&quot;background_background&quot;:&quot;classic&quot;}\">\n\t\t\t\t\t<div class=\"e-con-inner\">\n\t\t\t\t<div class=\"elementor-element elementor-element-3145ea1 elementor-widget elementor-widget-heading\" data-id=\"3145ea1\" data-element_type=\"widget\" data-e-type=\"widget\" data-widget_type=\"heading.default\">\n\t\t\t\t<div class=\"elementor-widget-container\">\n\t\t\t\t\t<h2 class=\"elementor-heading-title elementor-size-default\">\u0393\u03b9\u03b1\u03c4\u03af T Grup Cam;<\/h2>\t\t\t\t<\/div>\n\t\t\t\t<\/div>\n\t\t\t\t<div class=\"elementor-element elementor-element-5331489 elementor-widget elementor-widget-text-editor\" data-id=\"5331489\" data-element_type=\"widget\" data-e-type=\"widget\" data-widget_type=\"text-editor.default\">\n\t\t\t\t<div class=\"elementor-widget-container\">\n\t\t\t\t\t\t\t\t\t<p data-start=\"3301\" data-end=\"3629\">\u039c\u03b5 \u03c4\u03b7\u03bd <strong data-start=\"3310\" data-end=\"3325\">\u03bf\u03bc\u03ac\u03b4\u03b1 \u03b5\u03b9\u03b4\u03b9\u03ba\u03ce\u03bd<\/strong> \u03bc\u03b1\u03c2, \u03c4\u03b7\u03bd \u03c0\u03c1\u03bf\u03b7\u03b3\u03bc\u03ad\u03bd\u03b7 \u03b5\u03c3\u03c9\u03c4\u03b5\u03c1\u03b9\u03ba\u03ae \u03c4\u03b5\u03c7\u03bd\u03bf\u03bb\u03bf\u03b3\u03af\u03b1 \u03bc\u03b1\u03c2 \u03ba\u03b1\u03b9 \u03c4\u03b7 \u03b4\u03ad\u03c3\u03bc\u03b5\u03c5\u03c3\u03ae \u03bc\u03b1\u03c2 \u03c3\u03c4\u03b1 \u03b4\u03b9\u03b5\u03b8\u03bd\u03ae \u03c0\u03c1\u03cc\u03c4\u03c5\u03c0\u03b1, \u03b7 <strong data-start=\"3400\" data-end=\"3414\">T Grup Cam<\/strong> \u03b5\u03af\u03bd\u03b1\u03b9 \u03bf \u03ad\u03bc\u03c0\u03b9\u03c3\u03c4\u03bf\u03c2 \u03c3\u03c5\u03bd\u03b5\u03c1\u03b3\u03ac\u03c4\u03b7\u03c2 \u03c3\u03b1\u03c2 \u03c3\u03b5 <strong data-start=\"3442\" data-end=\"3482\">\u03c0\u03c1\u03bf\u03c3\u03b1\u03c1\u03bc\u03bf\u03c3\u03bc\u03ad\u03bd\u03b5\u03c2 \u03bb\u03cd\u03c3\u03b5\u03b9\u03c2 \u03c7\u03b7\u03bc\u03b9\u03ba\u03ae\u03c2 \u03c3\u03ba\u03bb\u03ae\u03c1\u03c5\u03bd\u03c3\u03b7\u03c2<\/strong>. \u0395\u03be\u03c5\u03c0\u03b7\u03c1\u03b5\u03c4\u03bf\u03cd\u03bc\u03b5 \u03c0\u03b5\u03bb\u03ac\u03c4\u03b5\u03c2 \u03c3\u03b5 \u03cc\u03bb\u03b7 \u03c4\u03b7\u03bd <strong data-start=\"3508\" data-end=\"3555\">\u03a4\u03bf\u03c5\u03c1\u03ba\u03af\u03b1, \u03c4\u03b7\u03bd \u0395\u03c5\u03c1\u03ce\u03c0\u03b7, \u03c4\u03bf \u0397\u03bd\u03c9\u03bc\u03ad\u03bd\u03bf \u0392\u03b1\u03c3\u03af\u03bb\u03b5\u03b9\u03bf, \u03c4\u03b9\u03c2 \u0397\u03a0\u0391 \u03ba\u03b1\u03b9 \u03c4\u03bf \u0399\u03c3\u03c1\u03b1\u03ae\u03bb<\/strong>, \u03c0\u03b1\u03c1\u03ad\u03c7\u03bf\u03bd\u03c4\u03b1\u03c2 <strong data-start=\"3567\" data-end=\"3609\">\u03b1\u03ba\u03c1\u03af\u03b2\u03b5\u03b9\u03b1, \u03b1\u03be\u03b9\u03bf\u03c0\u03b9\u03c3\u03c4\u03af\u03b1 \u03ba\u03b1\u03b9 \u03ba\u03b1\u03b9\u03bd\u03bf\u03c4\u03bf\u03bc\u03af\u03b1<\/strong> \u03c3\u03b5 \u03ba\u03ac\u03b8\u03b5 \u03ad\u03c1\u03b3\u03bf.<\/p>\n<p data-start=\"3631\" data-end=\"3931\" data-is-last-node=\"\" data-is-only-node=\"\">\ud83d\udce9 <strong data-start=\"3634\" data-end=\"3704\">\u0393\u03b9\u03b1 \u03bd\u03b1 \u03bc\u03ac\u03b8\u03b5\u03c4\u03b5 \u03c0\u03b5\u03c1\u03b9\u03c3\u03c3\u03cc\u03c4\u03b5\u03c1\u03b1 \u03ae \u03bd\u03b1 \u03b6\u03b7\u03c4\u03ae\u03c3\u03b5\u03c4\u03b5 \u03bc\u03b9\u03b1 \u03c0\u03c1\u03bf\u03c3\u03c6\u03bf\u03c1\u03ac \u03b3\u03b9\u03b1 \u03c5\u03c0\u03b7\u03c1\u03b5\u03c3\u03af\u03b5\u03c2 \u03c7\u03b7\u03bc\u03b9\u03ba\u03ae\u03c2 \u03c3\u03ba\u03bb\u03ae\u03c1\u03c5\u03bd\u03c3\u03b7\u03c2:<\/strong><br data-start=\"3704\" data-end=\"3707\" \/>\ud83d\udcde +90 531 430 79 77 | +90 531 430 79 57 | +90 532 404 48 09<br data-start=\"3767\" data-end=\"3770\" \/>\ud83d\udccd <strong data-start=\"3773\" data-end=\"3784\">\u03a4\u03bf\u03c5\u03c1\u03ba\u03af\u03b1:<\/strong> Ak\u00e7aburgaz Mah. 1575. \u03a3\u03ba. 4 Ca Blok No: 4ca \u0130\u00e7 Kap\u0131 No: 3 Esenyurt\/\u0130stanbul<br data-start=\"3860\" data-end=\"3863\" \/>\ud83d\udccd <strong data-start=\"3866\" data-end=\"3879\">\u0392\u03bf\u03c5\u03bb\u03b3\u03b1\u03c1\u03af\u03b1:<\/strong> T Grup Cam Eood,<\/strong> T Grup Cam Eood,<\/strong> T Grup Cam Eood,<\/strong>13ULGAR, Stoyan Zaimof<\/p>\n\t\t\t\t\t\t\t\t<\/div>\n\t\t\t\t<\/div>\n\t\t\t\t\t<\/div>\n\t\t\t\t<\/div>\n\t\t\t\t<\/div>\n\t\t","protected":false},"excerpt":{"rendered":"<p>\u0398\u03b5\u03c1\u03bc\u03b1\u03b9\u03bd\u03cc\u03bc\u03b5\u03bd\u03b1 \u03c0\u03b1\u03c1\u03ac\u03b8\u03c5\u03c1\u03b1 \u03b3\u03b9\u03b1 \u03bd\u03b1\u03c5\u03c4\u03b9\u03bb\u03b9\u03b1\u03ba\u03ad\u03c2 \u03b5\u03c6\u03b1\u03c1\u03bc\u03bf\u03b3\u03ad\u03c2 \u0398\u03b5\u03c1\u03bc\u03b1\u03b9\u03bd\u03cc\u03bc\u03b5\u03bd\u03b1 \u03c0\u03b1\u03c1\u03ac\u03b8\u03c5\u03c1\u03b1 \u03b3\u03b9\u03b1 \u03bd\u03b1\u03c5\u03c4\u03b9\u03bb\u03b9\u03b1\u03ba\u03ad\u03c2 \u03b5\u03c6\u03b1\u03c1\u03bc\u03bf\u03b3\u03ad\u03c2 \u03a3\u03c4\u03b7\u03bd T Grup Cam, \u03ba\u03b1\u03c4\u03b1\u03bd\u03bf\u03bf\u03cd\u03bc\u03b5 \u03cc\u03c4\u03b9 \u03b7 \u03ba\u03b1\u03bb\u03ae \u03bf\u03c1\u03b1\u03c4\u03cc\u03c4\u03b7\u03c4\u03b1 \u03b5\u03af\u03bd\u03b1\u03b9 \u03ba\u03c1\u03af\u03c3\u03b9\u03bc\u03b7 \u03c3\u03b5 \u03b8\u03b1\u03bb\u03ac\u03c3\u03c3\u03b9\u03b1 \u03c0\u03b5\u03c1\u03b9\u03b2\u03ac\u03bb\u03bb\u03bf\u03bd\u03c4\u03b1, \u03b5\u03b9\u03b4\u03b9\u03ba\u03ac \u03c5\u03c0\u03cc \u03b1\u03bd\u03c4\u03af\u03be\u03bf\u03b5\u03c2 \u03ba\u03b1\u03b9\u03c1\u03b9\u03ba\u03ad\u03c2 \u03c3\u03c5\u03bd\u03b8\u03ae\u03ba\u03b5\u03c2 \u03cc\u03c0\u03c9\u03c2 \u03bf\u03bc\u03af\u03c7\u03bb\u03b7, \u03c0\u03b1\u03b3\u03b5\u03c4\u03cc\u03c2 \u03ba\u03b1\u03b9 \u03b8\u03b5\u03c1\u03bc\u03bf\u03ba\u03c1\u03b1\u03c3\u03af\u03b5\u03c2 \u03bc\u03b7\u03b4\u03ad\u03bd. \u039f\u03b9 \u03bb\u03cd\u03c3\u03b5\u03b9\u03c2 \u03b8\u03b5\u03c1\u03bc\u03b1\u03b9\u03bd\u03cc\u03bc\u03b5\u03bd\u03bf\u03c5 \u03b3\u03c5\u03b1\u03bb\u03b9\u03bf\u03cd \u03bc\u03b1\u03c2, \u03c0\u03bf\u03c5 \u03ad\u03c7\u03bf\u03c5\u03bd \u03b1\u03bd\u03b1\u03c0\u03c4\u03c5\u03c7\u03b8\u03b5\u03af \u03b5\u03b9\u03b4\u03b9\u03ba\u03ac \u03b3\u03b9\u03b1 \u03b5\u03c6\u03b1\u03c1\u03bc\u03bf\u03b3\u03ad\u03c2 \u03c3\u03b5 \u03b8\u03b1\u03bb\u03ac\u03c3\u03c3\u03b9\u03b5\u03c2 \u03ba\u03b1\u03b9 \u03b3\u03b9\u03bf\u03c4 \u03b5\u03c6\u03b1\u03c1\u03bc\u03bf\u03b3\u03ad\u03c2, \u03c0\u03c1\u03bf\u03c3\u03c6\u03ad\u03c1\u03bf\u03c5\u03bd \u03b1\u03b4\u03b9\u03ac\u03bb\u03b5\u03b9\u03c0\u03c4\u03b7 \u03bf\u03c1\u03b1\u03c4\u03cc\u03c4\u03b7\u03c4\u03b1 \u03ba\u03b1\u03b9 [&hellip;]<\/p>\n","protected":false},"author":1,"featured_media":0,"parent":0,"menu_order":0,"comment_status":"closed","ping_status":"closed","template":"elementor_header_footer","meta":{"footnotes":""},"class_list":["post-4862","page","type-page","status-publish","hentry"],"_links":{"self":[{"href":"https:\/\/tgrupcam.com\/index.php\/wp-json\/wp\/v2\/pages\/4862","targetHints":{"allow":["GET"]}}],"collection":[{"href":"https:\/\/tgrupcam.com\/index.php\/wp-json\/wp\/v2\/pages"}],"about":[{"href":"https:\/\/tgrupcam.com\/index.php\/wp-json\/wp\/v2\/types\/page"}],"author":[{"embeddable":true,"href":"https:\/\/tgrupcam.com\/index.php\/wp-json\/wp\/v2\/users\/1"}],"replies":[{"embeddable":true,"href":"https:\/\/tgrupcam.com\/index.php\/wp-json\/wp\/v2\/comments?post=4862"}],"version-history":[{"count":1,"href":"https:\/\/tgrupcam.com\/index.php\/wp-json\/wp\/v2\/pages\/4862\/revisions"}],"predecessor-version":[{"id":6567,"href":"https:\/\/tgrupcam.com\/index.php\/wp-json\/wp\/v2\/pages\/4862\/revisions\/6567"}],"wp:attachment":[{"href":"https:\/\/tgrupcam.com\/index.php\/wp-json\/wp\/v2\/media?parent=4862"}],"curies":[{"name":"wp","href":"https:\/\/api.w.org\/{rel}","templated":true}]}}