{"id":4864,"date":"2025-05-28T13:05:15","date_gmt":"2025-05-28T10:05:15","guid":{"rendered":"https:\/\/tgrupcam.com\/index.php\/beheizbare-fenster-fuer-marineanwendungen\/"},"modified":"2025-06-03T17:59:12","modified_gmt":"2025-06-03T14:59:12","slug":"beheizbare-fenster-fuer-marineanwendungen","status":"publish","type":"page","link":"https:\/\/tgrupcam.com\/index.php\/beheizbare-fenster-fuer-marineanwendungen\/?lang=de","title":{"rendered":"Beheizbare Fenster f\u00fcr Marineanwendungen"},"content":{"rendered":"\t\t<div data-elementor-type=\"wp-page\" data-elementor-id=\"4864\" class=\"elementor elementor-4864 elementor-3600\" data-elementor-post-type=\"page\">\n\t\t\t\t<div class=\"elementor-element elementor-element-79c9af8 e-con-full e-flex e-con e-parent\" data-id=\"79c9af8\" data-element_type=\"container\" data-e-type=\"container\" data-settings=\"{&quot;background_background&quot;:&quot;classic&quot;,&quot;shape_divider_bottom&quot;:&quot;opacity-fan&quot;}\">\n\t\t\t\t<div class=\"elementor-shape elementor-shape-bottom\" aria-hidden=\"true\" data-negative=\"false\">\n\t\t\t<svg xmlns=\"http:\/\/www.w3.org\/2000\/svg\" viewBox=\"0 0 283.5 19.6\" preserveAspectRatio=\"none\">\n\t<path class=\"elementor-shape-fill\" style=\"opacity:0.33\" d=\"M0 0L0 18.8 141.8 4.1 283.5 18.8 283.5 0z\"\/>\n\t<path class=\"elementor-shape-fill\" style=\"opacity:0.33\" d=\"M0 0L0 12.6 141.8 4 283.5 12.6 283.5 0z\"\/>\n\t<path class=\"elementor-shape-fill\" style=\"opacity:0.33\" d=\"M0 0L0 6.4 141.8 4 283.5 6.4 283.5 0z\"\/>\n\t<path class=\"elementor-shape-fill\" d=\"M0 0L0 1.2 141.8 4 283.5 1.2 283.5 0z\"\/>\n<\/svg>\t\t<\/div>\n\t\t\t\t<div class=\"elementor-element elementor-element-d85c1e5 elementor-widget elementor-widget-heading\" data-id=\"d85c1e5\" data-element_type=\"widget\" data-e-type=\"widget\" data-widget_type=\"heading.default\">\n\t\t\t\t<div class=\"elementor-widget-container\">\n\t\t\t\t\t<h2 class=\"elementor-heading-title elementor-size-default\">Beheizbare Fenster f\u00fcr Marineanwendungen<\/h2>\t\t\t\t<\/div>\n\t\t\t\t<\/div>\n\t\t\t\t<\/div>\n\t\t<div class=\"elementor-element elementor-element-2cc499d e-flex e-con-boxed e-con e-parent\" data-id=\"2cc499d\" data-element_type=\"container\" data-e-type=\"container\">\n\t\t\t\t\t<div class=\"e-con-inner\">\n\t\t\t\t<div class=\"elementor-element elementor-element-4eeebef elementor-widget elementor-widget-heading\" data-id=\"4eeebef\" data-element_type=\"widget\" data-e-type=\"widget\" data-widget_type=\"heading.default\">\n\t\t\t\t<div class=\"elementor-widget-container\">\n\t\t\t\t\t<h2 class=\"elementor-heading-title elementor-size-default\">Beheizbare Fenster f\u00fcr Marineanwendungen<\/h2>\t\t\t\t<\/div>\n\t\t\t\t<\/div>\n\t\t\t\t<div class=\"elementor-element elementor-element-96ca51e elementor-widget elementor-widget-text-editor\" data-id=\"96ca51e\" data-element_type=\"widget\" data-e-type=\"widget\" data-widget_type=\"text-editor.default\">\n\t\t\t\t<div class=\"elementor-widget-container\">\n\t\t\t\t\t\t\t\t\t<p data-start=\"65\" data-end=\"440\">Bei <strong data-start=\"68\" data-end=\"82\">T Grup Cam<\/strong> wissen wir, dass <strong data-start=\"103\" data-end=\"158\">klare Sicht in Meeresumgebungen entscheidend ist<\/strong>, insbesondere unter rauen Wetterbedingungen wie <strong data-start=\"210\" data-end=\"251\">Nebel, Frost und Minustemperaturen<\/strong>. Unsere <strong data-start=\"257\" data-end=\"285\">beheizbaren Glasl\u00f6sungen<\/strong>, die speziell f\u00fcr <strong data-start=\"314\" data-end=\"347\">Schifffahrts- und Yachtanwendungen<\/strong> entwickelt wurden, bieten <strong data-start=\"355\" data-end=\"383\">ununterbrochene Sicht<\/strong> und <strong data-start=\"388\" data-end=\"406\">optimale Sicherheit<\/strong> auf See \u2013 unabh\u00e4ngig vom Klima.<\/p>\n<p><\/p>\n<p data-start=\"442\" data-end=\"489\"><strong data-start=\"446\" data-end=\"487\">Was macht unser beheizbares Glas einzigartig?<\/strong><\/p>\n<p><\/p>\n<p data-start=\"490\" data-end=\"855\">Unser beheizbares Glas verf\u00fcgt \u00fcber eine <strong data-start=\"518\" data-end=\"543\">integrierte Technologie<\/strong>, die ein <strong data-start=\"562\" data-end=\"592\">schnelles Auftauen und Beschlagfrei<\/strong> innerhalb von <strong data-start=\"600\" data-end=\"611\">Minuten<\/strong> \u2013 selbst bei extremen Temperaturen bis zu <strong data-start=\"651\" data-end=\"660\">-10\u00b0C<\/strong>. Im Gegensatz zu Fl\u00e4chenheizungen ist die Heizfunktion direkt in die <strong data-start=\"742\" data-end=\"761\">Glasstruktur<\/strong> integriert. Dies sorgt f\u00fcr eine <strong data-start=\"773\" data-end=\"799\">gleichm\u00e4\u00dfige W\u00e4rmeverteilung<\/strong> und bewahrt die <strong data-start=\"819\" data-end=\"840\">\u00e4sthetische Klarheit<\/strong> des Fensters.<\/p>\n<p><\/p>\n<p data-start=\"857\" data-end=\"1193\">Sie k\u00f6nnen zwischen zwei Hochleistungsoptionen w\u00e4hlen:<br data-start=\"909\" data-end=\"912\" \/>\ud83d\udd39 <strong data-start=\"915\" data-end=\"942\">Unsichtbare Heizdr\u00e4hte<\/strong> \u2013 Ultrafeine, leitf\u00e4hige Dr\u00e4hte, die im Glas eingebettet sind, sorgen f\u00fcr eine schnelle und gleichm\u00e4\u00dfige W\u00e4rmeverteilung.<br data-start=\"1039\" data-end=\"1042\" \/>\ud83d\udd39 <strong data-start=\"1045\" data-end=\"1077\">Unsichtbare leitf\u00e4hige Beschichtung<\/strong> \u2013 Eine vollst\u00e4ndig transparente, flache L\u00f6sung, die eine vollfl\u00e4chige Erw\u00e4rmung ohne sichtbare Elemente erm\u00f6glicht.<\/p>\n<p><\/p>\n<p data-start=\"1195\" data-end=\"1332\">Beide Optionen sind so konstruiert, dass sie eine <strong data-start=\"1233\" data-end=\"1264\">schnelle Enteisung und Beschlagentfernung<\/strong> gew\u00e4hrleisten und so die Navigationssicherheit und den Komfort bei allen Wetterbedingungen verbessern.<\/p>\n\t\t\t\t\t\t\t\t<\/div>\n\t\t\t\t<\/div>\n\t\t\t\t\t<\/div>\n\t\t\t\t<\/div>\n\t\t<div class=\"elementor-element elementor-element-8e4fd01 e-flex e-con-boxed e-con e-parent\" data-id=\"8e4fd01\" data-element_type=\"container\" data-e-type=\"container\">\n\t\t\t\t\t<div class=\"e-con-inner\">\n\t\t\t\t<div class=\"elementor-element elementor-element-c87e9f2 elementor-widget elementor-widget-heading\" data-id=\"c87e9f2\" data-element_type=\"widget\" data-e-type=\"widget\" data-widget_type=\"heading.default\">\n\t\t\t\t<div class=\"elementor-widget-container\">\n\t\t\t\t\t<h2 class=\"elementor-heading-title elementor-size-default\">WIR BIETEN<\/h2>\t\t\t\t<\/div>\n\t\t\t\t<\/div>\n\t\t\t\t<div class=\"elementor-element elementor-element-1ad67cb elementor-widget elementor-widget-text-editor\" data-id=\"1ad67cb\" data-element_type=\"widget\" data-e-type=\"widget\" data-widget_type=\"text-editor.default\">\n\t\t\t\t<div class=\"elementor-widget-container\">\n\t\t\t\t\t\t\t\t\t<table cellspacing=\"0\" cellpadding=\"0\">\n<tbody>\n<tr>\n<th>Maximale Abmessungen<\/th>\n<th>Spannung<\/th>\n<th>Leistungsdichte<\/th>\n<\/tr>\n<tr>\n<td>8000 x 3210 mm<\/td>\n<td>von 12 Volt bis 440 Volt<br \/>(Einphasig oder dreiphasig)<\/td>\n<td>von 1 W\/dm\u00b2 bis 55 W\/dm\u00b2<\/td>\n<\/tr>\n<\/tbody>\n<\/table>\n\t\t\t\t\t\t\t\t<\/div>\n\t\t\t\t<\/div>\n\t\t\t\t\t<\/div>\n\t\t\t\t<\/div>\n\t\t<div class=\"elementor-element elementor-element-2b0d3e2 e-flex e-con-boxed e-con e-parent\" data-id=\"2b0d3e2\" data-element_type=\"container\" data-e-type=\"container\" data-settings=\"{&quot;background_background&quot;:&quot;classic&quot;}\">\n\t\t\t\t\t<div class=\"e-con-inner\">\n\t\t\t\t<div class=\"elementor-element elementor-element-3145ea1 elementor-widget elementor-widget-heading\" data-id=\"3145ea1\" data-element_type=\"widget\" data-e-type=\"widget\" data-widget_type=\"heading.default\">\n\t\t\t\t<div class=\"elementor-widget-container\">\n\t\t\t\t\t<h2 class=\"elementor-heading-title elementor-size-default\">Warum T Grup Cam?<\/h2>\t\t\t\t<\/div>\n\t\t\t\t<\/div>\n\t\t\t\t<div class=\"elementor-element elementor-element-5331489 elementor-widget elementor-widget-text-editor\" data-id=\"5331489\" data-element_type=\"widget\" data-e-type=\"widget\" data-widget_type=\"text-editor.default\">\n\t\t\t\t<div class=\"elementor-widget-container\">\n\t\t\t\t\t\t\t\t\t<p data-start=\"3301\" data-end=\"3629\">Mit unserem <strong data-start=\"3310\" data-end=\"3325\">Expertenteam<\/strong>, fortschrittlicher hauseigener Technologie und der Verpflichtung zu internationalen Standards ist <strong data-start=\"3400\" data-end=\"3414\">T Grup Cam<\/strong> Ihr zuverl\u00e4ssiger Partner f\u00fcr <strong data-start=\"3442\" data-end=\"3482\">kundenspezifische chemische H\u00e4rtungsl\u00f6sungen<\/strong>. Wir betreuen Kunden in der <strong data-start=\"3508\" data-end=\"3555\">T\u00fcrkei, Europa, Gro\u00dfbritannien, den USA und Israel<\/strong> und bieten in jedem Projekt <strong data-start=\"3567\" data-end=\"3609\">Pr\u00e4zision, Zuverl\u00e4ssigkeit und Innovation<\/strong>.<\/p>\n<p data-start=\"3631\" data-end=\"3931\" data-is-last-node=\"\" data-is-only-node=\"\">\ud83d\udce9 <strong data-start=\"3634\" data-end=\"3704\">Um mehr zu erfahren oder ein Angebot f\u00fcr chemische H\u00e4rtungsdienste anzufordern:<\/strong><br data-start=\"3704\" data-end=\"3707\" \/>\ud83d\udcde +90 531 430 79 77 | +90 531 430 79 57 | +90 532 404 48 09<br data-start=\"3767\" data-end=\"3770\" \/>\ud83d\udccd <strong data-start=\"3773\" data-end=\"3784\">T\u00fcrkei:<\/strong> Ak\u00e7aburgaz Mah. 1575. Sk. 4 Ca Blok No: 4ca \u0130\u00e7 Kap\u0131 No: 3 Esenyurt\/\u0130stanbul<br data-start=\"3860\" data-end=\"3863\" \/>\ud83d\udccd <strong data-start=\"3866\" data-end=\"3879\">Bulgarien:<\/strong> T Grup Cam Eood, Stoyan Zaimof 13, Haskovo\/BULGARIEN<\/p>\n\t\t\t\t\t\t\t\t<\/div>\n\t\t\t\t<\/div>\n\t\t\t\t\t<\/div>\n\t\t\t\t<\/div>\n\t\t\t\t<\/div>\n\t\t","protected":false},"excerpt":{"rendered":"<p>Beheizbare Fenster f\u00fcr Marineanwendungen Beheizbare Fenster f\u00fcr Marineanwendungen Bei T Grup Cam wissen wir, dass klare Sicht in Meeresumgebungen entscheidend ist, insbesondere unter rauen Wetterbedingungen wie Nebel, Frost und Minustemperaturen. Unsere beheizbaren Glasl\u00f6sungen, die speziell f\u00fcr Schifffahrts- und Yachtanwendungen entwickelt wurden, bieten ununterbrochene Sicht und optimale Sicherheit auf See \u2013 unabh\u00e4ngig vom Klima. Was macht [&hellip;]<\/p>\n","protected":false},"author":1,"featured_media":0,"parent":0,"menu_order":0,"comment_status":"closed","ping_status":"closed","template":"elementor_header_footer","meta":{"footnotes":""},"class_list":["post-4864","page","type-page","status-publish","hentry"],"_links":{"self":[{"href":"https:\/\/tgrupcam.com\/index.php\/wp-json\/wp\/v2\/pages\/4864","targetHints":{"allow":["GET"]}}],"collection":[{"href":"https:\/\/tgrupcam.com\/index.php\/wp-json\/wp\/v2\/pages"}],"about":[{"href":"https:\/\/tgrupcam.com\/index.php\/wp-json\/wp\/v2\/types\/page"}],"author":[{"embeddable":true,"href":"https:\/\/tgrupcam.com\/index.php\/wp-json\/wp\/v2\/users\/1"}],"replies":[{"embeddable":true,"href":"https:\/\/tgrupcam.com\/index.php\/wp-json\/wp\/v2\/comments?post=4864"}],"version-history":[{"count":0,"href":"https:\/\/tgrupcam.com\/index.php\/wp-json\/wp\/v2\/pages\/4864\/revisions"}],"wp:attachment":[{"href":"https:\/\/tgrupcam.com\/index.php\/wp-json\/wp\/v2\/media?parent=4864"}],"curies":[{"name":"wp","href":"https:\/\/api.w.org\/{rel}","templated":true}]}}