{"id":4868,"date":"2025-05-28T13:05:15","date_gmt":"2025-05-28T10:05:15","guid":{"rendered":"https:\/\/tgrupcam.com\/index.php\/verwarmbare-ramen-voor-maritieme-toepassingen\/"},"modified":"2025-06-03T18:00:58","modified_gmt":"2025-06-03T15:00:58","slug":"verwarmbare-ramen-voor-maritieme-toepassingen","status":"publish","type":"page","link":"https:\/\/tgrupcam.com\/index.php\/verwarmbare-ramen-voor-maritieme-toepassingen\/?lang=nl","title":{"rendered":"Verwarmbare ramen voor maritieme toepassingen"},"content":{"rendered":"\t\t<div data-elementor-type=\"wp-page\" data-elementor-id=\"4868\" class=\"elementor elementor-4868 elementor-3600\" data-elementor-post-type=\"page\">\n\t\t\t\t<div class=\"elementor-element elementor-element-79c9af8 e-con-full e-flex e-con e-parent\" data-id=\"79c9af8\" data-element_type=\"container\" data-e-type=\"container\" data-settings=\"{&quot;background_background&quot;:&quot;classic&quot;,&quot;shape_divider_bottom&quot;:&quot;opacity-fan&quot;}\">\n\t\t\t\t<div class=\"elementor-shape elementor-shape-bottom\" aria-hidden=\"true\" data-negative=\"false\">\n\t\t\t<svg xmlns=\"http:\/\/www.w3.org\/2000\/svg\" viewBox=\"0 0 283.5 19.6\" preserveAspectRatio=\"none\">\n\t<path class=\"elementor-shape-fill\" style=\"opacity:0.33\" d=\"M0 0L0 18.8 141.8 4.1 283.5 18.8 283.5 0z\"\/>\n\t<path class=\"elementor-shape-fill\" style=\"opacity:0.33\" d=\"M0 0L0 12.6 141.8 4 283.5 12.6 283.5 0z\"\/>\n\t<path class=\"elementor-shape-fill\" style=\"opacity:0.33\" d=\"M0 0L0 6.4 141.8 4 283.5 6.4 283.5 0z\"\/>\n\t<path class=\"elementor-shape-fill\" d=\"M0 0L0 1.2 141.8 4 283.5 1.2 283.5 0z\"\/>\n<\/svg>\t\t<\/div>\n\t\t\t\t<div class=\"elementor-element elementor-element-d85c1e5 elementor-widget elementor-widget-heading\" data-id=\"d85c1e5\" data-element_type=\"widget\" data-e-type=\"widget\" data-widget_type=\"heading.default\">\n\t\t\t\t<div class=\"elementor-widget-container\">\n\t\t\t\t\t<h2 class=\"elementor-heading-title elementor-size-default\">Verwarmbare ramen voor maritieme toepassingen<\/h2>\t\t\t\t<\/div>\n\t\t\t\t<\/div>\n\t\t\t\t<\/div>\n\t\t<div class=\"elementor-element elementor-element-2cc499d e-flex e-con-boxed e-con e-parent\" data-id=\"2cc499d\" data-element_type=\"container\" data-e-type=\"container\">\n\t\t\t\t\t<div class=\"e-con-inner\">\n\t\t\t\t<div class=\"elementor-element elementor-element-4eeebef elementor-widget elementor-widget-heading\" data-id=\"4eeebef\" data-element_type=\"widget\" data-e-type=\"widget\" data-widget_type=\"heading.default\">\n\t\t\t\t<div class=\"elementor-widget-container\">\n\t\t\t\t\t<h2 class=\"elementor-heading-title elementor-size-default\">Verwarmbare ramen voor maritieme toepassingen<\/h2>\t\t\t\t<\/div>\n\t\t\t\t<\/div>\n\t\t\t\t<div class=\"elementor-element elementor-element-96ca51e elementor-widget elementor-widget-text-editor\" data-id=\"96ca51e\" data-element_type=\"widget\" data-e-type=\"widget\" data-widget_type=\"text-editor.default\">\n\t\t\t\t<div class=\"elementor-widget-container\">\n\t\t\t\t\t\t\t\t\t<p data-start=\"65\" data-end=\"440\">Bij <strong data-start=\"68\" data-end=\"82\">T Grup Cam<\/strong> begrijpen we dat <strong data-start=\"103\" data-end=\"158\">duidelijk zicht van cruciaal belang is in maritieme omgevingen<\/strong>, vooral bij zware weersomstandigheden zoals <strong data-start=\"210\" data-end=\"251\">mist, vorst en temperaturen onder het vriespunt<\/strong>. Onze <strong data-start=\"257\" data-end=\"285\">verwarmbare glasoplossingen<\/strong>, speciaal ontwikkeld voor <strong data-start=\"314\" data-end=\"347\">toepassingen in de scheepvaart en op jachten<\/strong>, bieden <strong data-start=\"355\" data-end=\"383\">ononderbroken zicht<\/strong> en <strong data-start=\"388\" data-end=\"406\">optimale veiligheid<\/strong> op zee, ongeacht het klimaat.<\/p>\n<p data-start=\"442\" data-end=\"489\"><strong data-start=\"446\" data-end=\"487\">Wat maakt ons verwarmbare glas uniek?<\/strong><\/p>\n<p data-start=\"490\" data-end=\"855\">Ons verwarmbare glas is voorzien van <strong data-start=\"518\" data-end=\"543\">ge\u00efntegreerde technologie<\/strong> die het mogelijk maakt om <strong data-start=\"562\" data-end=\"592\">snel ontdooien en ontwasemen<\/strong> binnen <strong data-start=\"600\" data-end=\"611\">minuten<\/strong> \u2014 zelfs bij extreme temperaturen tot <strong data-start=\"651\" data-end=\"660\">-10\u00b0C<\/strong>. In tegenstelling tot oppervlakteverwarmingssystemen is de verwarmingsfunctie direct ingebouwd in de <strong data-start=\"742\" data-end=\"761\">glasstructuur<\/strong>, wat zorgt voor een <strong data-start=\"773\" data-end=\"799\">gelijkmatige warmteverdeling<\/strong> en de <strong data-start=\"819\" data-end=\"840\">esthetische helderheid<\/strong> van het raam behoudt.<\/p>\n<p data-start=\"857\" data-end=\"1193\">U kunt kiezen uit twee hoogwaardige opties:<br data-start=\"909\" data-end=\"912\" \/>\ud83d\udd39 <strong data-start=\"915\" data-end=\"942\">Onzichtbare verwarmingsdraden<\/strong> \u2013 Ultrafijne geleidende draden in het glas voor een snelle en gelijkmatige warmteverdeling.<br data-start=\"1039\" data-end=\"1042\" \/>\ud83d\udd39 <strong data-start=\"1045\" data-end=\"1077\">Onzichtbare geleidende coating<\/strong> \u2013 Een volledig transparante, platte oplossing die het hele oppervlak verwarmt zonder zichtbare elementen.<\/p>\n<p data-start=\"1195\" data-end=\"1332\">Beide opties zijn ontworpen om <strong data-start=\"1233\" data-end=\"1264\">snel te ontdooien en ontwasemen<\/strong>, wat de veiligheid en het comfort van de navigatie verbetert onder alle weersomstandigheden.<\/p>\n\t\t\t\t\t\t\t\t<\/div>\n\t\t\t\t<\/div>\n\t\t\t\t\t<\/div>\n\t\t\t\t<\/div>\n\t\t<div class=\"elementor-element elementor-element-8e4fd01 e-flex e-con-boxed e-con e-parent\" data-id=\"8e4fd01\" data-element_type=\"container\" data-e-type=\"container\">\n\t\t\t\t\t<div class=\"e-con-inner\">\n\t\t\t\t<div class=\"elementor-element elementor-element-c87e9f2 elementor-widget elementor-widget-heading\" data-id=\"c87e9f2\" data-element_type=\"widget\" data-e-type=\"widget\" data-widget_type=\"heading.default\">\n\t\t\t\t<div class=\"elementor-widget-container\">\n\t\t\t\t\t<h2 class=\"elementor-heading-title elementor-size-default\">WIJ KUNNEN BIEDEN<\/h2>\t\t\t\t<\/div>\n\t\t\t\t<\/div>\n\t\t\t\t<div class=\"elementor-element elementor-element-1ad67cb elementor-widget elementor-widget-text-editor\" data-id=\"1ad67cb\" data-element_type=\"widget\" data-e-type=\"widget\" data-widget_type=\"text-editor.default\">\n\t\t\t\t<div class=\"elementor-widget-container\">\n\t\t\t\t\t\t\t\t\t<table cellspacing=\"0\" cellpadding=\"0\">\n<tbody>\n<tr>\n<th>Maximale afmetingen<\/th>\n<th>Spanning<\/th>\n<th>Vermogensdichtheid<\/th>\n<\/tr>\n<tr>\n<td>8000x3210mm<\/td>\n<td>van 12 volt tot 440 volt<br \/>(Enkelfase of driefase)<\/td>\n<td>van 1 W\/dm2 tot 55 W\/dm2<\/td>\n<\/tr>\n<\/tbody>\n<\/table>\n\t\t\t\t\t\t\t\t<\/div>\n\t\t\t\t<\/div>\n\t\t\t\t\t<\/div>\n\t\t\t\t<\/div>\n\t\t<div class=\"elementor-element elementor-element-2b0d3e2 e-flex e-con-boxed e-con e-parent\" data-id=\"2b0d3e2\" data-element_type=\"container\" data-e-type=\"container\" data-settings=\"{&quot;background_background&quot;:&quot;classic&quot;}\">\n\t\t\t\t\t<div class=\"e-con-inner\">\n\t\t\t\t<div class=\"elementor-element elementor-element-3145ea1 elementor-widget elementor-widget-heading\" data-id=\"3145ea1\" data-element_type=\"widget\" data-e-type=\"widget\" data-widget_type=\"heading.default\">\n\t\t\t\t<div class=\"elementor-widget-container\">\n\t\t\t\t\t<h2 class=\"elementor-heading-title elementor-size-default\">Waarom T Grup Cam?<\/h2>\t\t\t\t<\/div>\n\t\t\t\t<\/div>\n\t\t\t\t<div class=\"elementor-element elementor-element-5331489 elementor-widget elementor-widget-text-editor\" data-id=\"5331489\" data-element_type=\"widget\" data-e-type=\"widget\" data-widget_type=\"text-editor.default\">\n\t\t\t\t<div class=\"elementor-widget-container\">\n\t\t\t\t\t\t\t\t\t<p data-start=\"3301\" data-end=\"3629\">Met ons <strong data-start=\"3310\" data-end=\"3325\">deskundigenteam<\/strong>, geavanceerde interne technologie en toewijding aan internationale normen is <strong data-start=\"3400\" data-end=\"3414\">T Grup Cam<\/strong> uw vertrouwde partner in <strong data-start=\"3442\" data-end=\"3482\">oplossingen voor chemische versterking op maat<\/strong>. Wij bedienen klanten in <strong data-start=\"3508\" data-end=\"3555\">Turkije, Europa, het Verenigd Koninkrijk, de VS en Isra\u00ebl<\/strong> en bieden <strong data-start=\"3567\" data-end=\"3609\">precisie, betrouwbaarheid en innovatie<\/strong> bij elk project.<\/p>\n<p data-start=\"3631\" data-end=\"3931\" data-is-last-node=\"\" data-is-only-node=\"\">\ud83d\udce9 <strong data-start=\"3634\" data-end=\"3704\">Kijk voor meer informatie of vraag een offerte aan voor chemische verstevigingsdiensten:<\/strong><br data-start=\"3704\" data-end=\"3707\" \/>\ud83d\udcde +90 531 430 79 77 | +90 531 430 79 57 | +90 532 404 48 09<br data-start=\"3767\" data-end=\"3770\" \/>\ud83d\udccd <strong data-start=\"3773\" data-end=\"3784\">Turkije:<\/strong> Ak\u00e7aburgaz Mah. 1575. Sk. 4 Ca Blok No: 4ca \u0130\u00e7 Kap\u0131 No: 3 Esenyurt\/\u0130stanbul<br data-start=\"3860\" data-end=\"3863\" \/>\ud83d\udccd <strong data-start=\"3866\" data-end=\"3879\">Bulgarije:<\/strong> T Grup Cam Eood, Stoyan Zaimof 13, Haskovo\/BULGARIJE<\/p>\n\t\t\t\t\t\t\t\t<\/div>\n\t\t\t\t<\/div>\n\t\t\t\t\t<\/div>\n\t\t\t\t<\/div>\n\t\t\t\t<\/div>\n\t\t","protected":false},"excerpt":{"rendered":"<p>Verwarmbare ramen voor maritieme toepassingen Verwarmbare ramen voor maritieme toepassingen Bij T Grup Cam begrijpen we dat duidelijk zicht van cruciaal belang is in maritieme omgevingen, vooral bij zware weersomstandigheden zoals mist, vorst en temperaturen onder het vriespunt. Onze verwarmbare glasoplossingen, speciaal ontwikkeld voor toepassingen in de scheepvaart en op jachten, bieden ononderbroken zicht en [&hellip;]<\/p>\n","protected":false},"author":1,"featured_media":0,"parent":0,"menu_order":0,"comment_status":"closed","ping_status":"closed","template":"elementor_header_footer","meta":{"footnotes":""},"class_list":["post-4868","page","type-page","status-publish","hentry"],"_links":{"self":[{"href":"https:\/\/tgrupcam.com\/index.php\/wp-json\/wp\/v2\/pages\/4868","targetHints":{"allow":["GET"]}}],"collection":[{"href":"https:\/\/tgrupcam.com\/index.php\/wp-json\/wp\/v2\/pages"}],"about":[{"href":"https:\/\/tgrupcam.com\/index.php\/wp-json\/wp\/v2\/types\/page"}],"author":[{"embeddable":true,"href":"https:\/\/tgrupcam.com\/index.php\/wp-json\/wp\/v2\/users\/1"}],"replies":[{"embeddable":true,"href":"https:\/\/tgrupcam.com\/index.php\/wp-json\/wp\/v2\/comments?post=4868"}],"version-history":[{"count":0,"href":"https:\/\/tgrupcam.com\/index.php\/wp-json\/wp\/v2\/pages\/4868\/revisions"}],"wp:attachment":[{"href":"https:\/\/tgrupcam.com\/index.php\/wp-json\/wp\/v2\/media?parent=4868"}],"curies":[{"name":"wp","href":"https:\/\/api.w.org\/{rel}","templated":true}]}}