{"id":4872,"date":"2025-05-28T13:06:56","date_gmt":"2025-05-28T10:06:56","guid":{"rendered":"https:\/\/tgrupcam.com\/index.php\/lamine-cam-kenar-korumasi\/"},"modified":"2025-06-03T18:02:46","modified_gmt":"2025-06-03T15:02:46","slug":"lamine-cam-kenar-korumasi","status":"publish","type":"page","link":"https:\/\/tgrupcam.com\/index.php\/lamine-cam-kenar-korumasi\/?lang=tr","title":{"rendered":"Lamine Cam Kenar Korumas\u0131"},"content":{"rendered":"\t\t<div data-elementor-type=\"wp-page\" data-elementor-id=\"4872\" class=\"elementor elementor-4872 elementor-3604\" data-elementor-post-type=\"page\">\n\t\t\t\t<div class=\"elementor-element elementor-element-79c9af8 e-con-full e-flex e-con e-parent\" data-id=\"79c9af8\" data-element_type=\"container\" data-e-type=\"container\" data-settings=\"{&quot;background_background&quot;:&quot;classic&quot;,&quot;shape_divider_bottom&quot;:&quot;opacity-fan&quot;}\">\n\t\t\t\t<div class=\"elementor-shape elementor-shape-bottom\" aria-hidden=\"true\" data-negative=\"false\">\n\t\t\t<svg xmlns=\"http:\/\/www.w3.org\/2000\/svg\" viewBox=\"0 0 283.5 19.6\" preserveAspectRatio=\"none\">\n\t<path class=\"elementor-shape-fill\" style=\"opacity:0.33\" d=\"M0 0L0 18.8 141.8 4.1 283.5 18.8 283.5 0z\"\/>\n\t<path class=\"elementor-shape-fill\" style=\"opacity:0.33\" d=\"M0 0L0 12.6 141.8 4 283.5 12.6 283.5 0z\"\/>\n\t<path class=\"elementor-shape-fill\" style=\"opacity:0.33\" d=\"M0 0L0 6.4 141.8 4 283.5 6.4 283.5 0z\"\/>\n\t<path class=\"elementor-shape-fill\" d=\"M0 0L0 1.2 141.8 4 283.5 1.2 283.5 0z\"\/>\n<\/svg>\t\t<\/div>\n\t\t\t\t<div class=\"elementor-element elementor-element-d85c1e5 elementor-widget elementor-widget-heading\" data-id=\"d85c1e5\" data-element_type=\"widget\" data-e-type=\"widget\" data-widget_type=\"heading.default\">\n\t\t\t\t<div class=\"elementor-widget-container\">\n\t\t\t\t\t<h2 class=\"elementor-heading-title elementor-size-default\">Lamine Cam Kenar Korumas\u0131<\/h2>\t\t\t\t<\/div>\n\t\t\t\t<\/div>\n\t\t\t\t<\/div>\n\t\t<div class=\"elementor-element elementor-element-2cc499d e-flex e-con-boxed e-con e-parent\" data-id=\"2cc499d\" data-element_type=\"container\" data-e-type=\"container\">\n\t\t\t\t\t<div class=\"e-con-inner\">\n\t\t\t\t<div class=\"elementor-element elementor-element-4eeebef elementor-widget elementor-widget-heading\" data-id=\"4eeebef\" data-element_type=\"widget\" data-e-type=\"widget\" data-widget_type=\"heading.default\">\n\t\t\t\t<div class=\"elementor-widget-container\">\n\t\t\t\t\t<h2 class=\"elementor-heading-title elementor-size-default\">Lamine Cam Kenar Korumas\u0131<\/h2>\t\t\t\t<\/div>\n\t\t\t\t<\/div>\n\t\t\t\t<div class=\"elementor-element elementor-element-96ca51e elementor-widget elementor-widget-text-editor\" data-id=\"96ca51e\" data-element_type=\"widget\" data-e-type=\"widget\" data-widget_type=\"text-editor.default\">\n\t\t\t\t<div class=\"elementor-widget-container\">\n\t\t\t\t\t\t\t\t\t<p data-start=\"65\" data-end=\"440\"><strong data-start=\"85\" data-end=\"99\">T Grup Cam<\/strong>&#8216;da, <strong data-start=\"114\" data-end=\"155\">deniz ve y\u00fcksek nemli ortamlar\u0131n<\/strong> sadece dayan\u0131kl\u0131l\u0131k ve berrakl\u0131ktan daha fazlas\u0131n\u0131 gerektirdi\u011fini biliyoruz; bunlar <strong data-start=\"214\" data-end=\"238\">uzun vadeli dayan\u0131kl\u0131l\u0131k<\/strong> gerektirir. Bu nedenle, <strong data-start=\"370\" data-end=\"428\">deniz, yat ve d\u0131\u015f mimari uygulamalar\u0131nda<\/strong> kullan\u0131lan <strong data-start=\"342\" data-end=\"361\">lamine cam<\/strong> i\u00e7in \u00f6zel olarak tasarlanm\u0131\u015f <strong data-start=\"278\" data-end=\"315\">patentli kenar koruma \u00e7\u00f6z\u00fcm\u00fc<\/strong> sunuyoruz.<\/p>\n\t\t\t\t\t\t\t\t<\/div>\n\t\t\t\t<\/div>\n\t\t\t\t\t<\/div>\n\t\t\t\t<\/div>\n\t\t\t\t<\/div>\n\t\t","protected":false},"excerpt":{"rendered":"<p>Lamine Cam Kenar Korumas\u0131 Lamine Cam Kenar Korumas\u0131 T Grup Cam&#8216;da, deniz ve y\u00fcksek nemli ortamlar\u0131n sadece dayan\u0131kl\u0131l\u0131k ve berrakl\u0131ktan daha fazlas\u0131n\u0131 gerektirdi\u011fini biliyoruz; bunlar uzun vadeli dayan\u0131kl\u0131l\u0131k gerektirir. Bu nedenle, deniz, yat ve d\u0131\u015f mimari uygulamalar\u0131nda kullan\u0131lan lamine cam i\u00e7in \u00f6zel olarak tasarlanm\u0131\u015f patentli kenar koruma \u00e7\u00f6z\u00fcm\u00fc sunuyoruz.<\/p>\n","protected":false},"author":1,"featured_media":0,"parent":0,"menu_order":0,"comment_status":"closed","ping_status":"closed","template":"elementor_header_footer","meta":{"footnotes":""},"class_list":["post-4872","page","type-page","status-publish","hentry"],"_links":{"self":[{"href":"https:\/\/tgrupcam.com\/index.php\/wp-json\/wp\/v2\/pages\/4872","targetHints":{"allow":["GET"]}}],"collection":[{"href":"https:\/\/tgrupcam.com\/index.php\/wp-json\/wp\/v2\/pages"}],"about":[{"href":"https:\/\/tgrupcam.com\/index.php\/wp-json\/wp\/v2\/types\/page"}],"author":[{"embeddable":true,"href":"https:\/\/tgrupcam.com\/index.php\/wp-json\/wp\/v2\/users\/1"}],"replies":[{"embeddable":true,"href":"https:\/\/tgrupcam.com\/index.php\/wp-json\/wp\/v2\/comments?post=4872"}],"version-history":[{"count":0,"href":"https:\/\/tgrupcam.com\/index.php\/wp-json\/wp\/v2\/pages\/4872\/revisions"}],"wp:attachment":[{"href":"https:\/\/tgrupcam.com\/index.php\/wp-json\/wp\/v2\/media?parent=4872"}],"curies":[{"name":"wp","href":"https:\/\/api.w.org\/{rel}","templated":true}]}}