{"id":4880,"date":"2025-05-28T13:06:56","date_gmt":"2025-05-28T10:06:56","guid":{"rendered":"https:\/\/tgrupcam.com\/index.php\/laminalt-uveg-elvedelme\/"},"modified":"2025-06-03T18:04:21","modified_gmt":"2025-06-03T15:04:21","slug":"laminalt-uveg-elvedelme","status":"publish","type":"page","link":"https:\/\/tgrupcam.com\/index.php\/laminalt-uveg-elvedelme\/?lang=hu","title":{"rendered":"Lamin\u00e1lt \u00fcveg \u00e9lv\u00e9delme"},"content":{"rendered":"\t\t<div data-elementor-type=\"wp-page\" data-elementor-id=\"4880\" class=\"elementor elementor-4880 elementor-3604\" data-elementor-post-type=\"page\">\n\t\t\t\t<div class=\"elementor-element elementor-element-79c9af8 e-con-full e-flex e-con e-parent\" data-id=\"79c9af8\" data-element_type=\"container\" data-e-type=\"container\" data-settings=\"{&quot;background_background&quot;:&quot;classic&quot;,&quot;shape_divider_bottom&quot;:&quot;opacity-fan&quot;}\">\n\t\t\t\t<div class=\"elementor-shape elementor-shape-bottom\" aria-hidden=\"true\" data-negative=\"false\">\n\t\t\t<svg xmlns=\"http:\/\/www.w3.org\/2000\/svg\" viewBox=\"0 0 283.5 19.6\" preserveAspectRatio=\"none\">\n\t<path class=\"elementor-shape-fill\" style=\"opacity:0.33\" d=\"M0 0L0 18.8 141.8 4.1 283.5 18.8 283.5 0z\"\/>\n\t<path class=\"elementor-shape-fill\" style=\"opacity:0.33\" d=\"M0 0L0 12.6 141.8 4 283.5 12.6 283.5 0z\"\/>\n\t<path class=\"elementor-shape-fill\" style=\"opacity:0.33\" d=\"M0 0L0 6.4 141.8 4 283.5 6.4 283.5 0z\"\/>\n\t<path class=\"elementor-shape-fill\" d=\"M0 0L0 1.2 141.8 4 283.5 1.2 283.5 0z\"\/>\n<\/svg>\t\t<\/div>\n\t\t\t\t<div class=\"elementor-element elementor-element-d85c1e5 elementor-widget elementor-widget-heading\" data-id=\"d85c1e5\" data-element_type=\"widget\" data-e-type=\"widget\" data-widget_type=\"heading.default\">\n\t\t\t\t<div class=\"elementor-widget-container\">\n\t\t\t\t\t<h2 class=\"elementor-heading-title elementor-size-default\">Lamin\u00e1lt \u00fcveg \u00e9lv\u00e9delme<\/h2>\t\t\t\t<\/div>\n\t\t\t\t<\/div>\n\t\t\t\t<\/div>\n\t\t<div class=\"elementor-element elementor-element-2cc499d e-flex e-con-boxed e-con e-parent\" data-id=\"2cc499d\" data-element_type=\"container\" data-e-type=\"container\">\n\t\t\t\t\t<div class=\"e-con-inner\">\n\t\t\t\t<div class=\"elementor-element elementor-element-4eeebef elementor-widget elementor-widget-heading\" data-id=\"4eeebef\" data-element_type=\"widget\" data-e-type=\"widget\" data-widget_type=\"heading.default\">\n\t\t\t\t<div class=\"elementor-widget-container\">\n\t\t\t\t\t<h2 class=\"elementor-heading-title elementor-size-default\">Lamin\u00e1lt \u00fcveg \u00e9lv\u00e9delme<\/h2>\t\t\t\t<\/div>\n\t\t\t\t<\/div>\n\t\t\t\t<div class=\"elementor-element elementor-element-96ca51e elementor-widget elementor-widget-text-editor\" data-id=\"96ca51e\" data-element_type=\"widget\" data-e-type=\"widget\" data-widget_type=\"text-editor.default\">\n\t\t\t\t<div class=\"elementor-widget-container\">\n\t\t\t\t\t\t\t\t\t<p data-start=\"65\" data-end=\"440\">A <strong data-start=\"85\" data-end=\"99\">T Grup Cam<\/strong>-n\u00e1l tudjuk, hogy a <strong data-start=\"114\" data-end=\"155\">tengeri \u00e9s magas p\u00e1ratartalm\u00fa k\u00f6rnyezetek<\/strong> t\u00f6bbet ig\u00e9nyelnek, mint puszt\u00e1n szil\u00e1rds\u00e1got \u00e9s \u00e1tl\u00e1tsz\u00f3s\u00e1got \u2013 <strong data-start=\"214\" data-end=\"238\">hossz\u00fa t\u00e1v\u00fa tart\u00f3ss\u00e1got<\/strong> is ig\u00e9nyelnek. Ez\u00e9rt k\u00edn\u00e1lunk egy <strong data-start=\"278\" data-end=\"315\">szabadalmaztatott \u00e9lv\u00e9delmi megold\u00e1st<\/strong>, amelyet kifejezetten a <strong data-start=\"342\" data-end=\"361\">lamin\u00e1lt \u00fcveghez<\/strong> terveztek, amelyet a <strong data-start=\"370\" data-end=\"428\">tengeri, jachtos \u00e9s k\u00fcls\u0151 \u00e9p\u00edt\u00e9szeti alkalmaz\u00e1sokban<\/strong> haszn\u00e1lnak.<\/p>\n\t\t\t\t\t\t\t\t<\/div>\n\t\t\t\t<\/div>\n\t\t\t\t\t<\/div>\n\t\t\t\t<\/div>\n\t\t\t\t<\/div>\n\t\t","protected":false},"excerpt":{"rendered":"<p>Lamin\u00e1lt \u00fcveg \u00e9lv\u00e9delme Lamin\u00e1lt \u00fcveg \u00e9lv\u00e9delme A T Grup Cam-n\u00e1l tudjuk, hogy a tengeri \u00e9s magas p\u00e1ratartalm\u00fa k\u00f6rnyezetek t\u00f6bbet ig\u00e9nyelnek, mint puszt\u00e1n szil\u00e1rds\u00e1got \u00e9s \u00e1tl\u00e1tsz\u00f3s\u00e1got \u2013 hossz\u00fa t\u00e1v\u00fa tart\u00f3ss\u00e1got is ig\u00e9nyelnek. Ez\u00e9rt k\u00edn\u00e1lunk egy szabadalmaztatott \u00e9lv\u00e9delmi megold\u00e1st, amelyet kifejezetten a lamin\u00e1lt \u00fcveghez terveztek, amelyet a tengeri, jachtos \u00e9s k\u00fcls\u0151 \u00e9p\u00edt\u00e9szeti alkalmaz\u00e1sokban haszn\u00e1lnak.<\/p>\n","protected":false},"author":1,"featured_media":0,"parent":0,"menu_order":0,"comment_status":"closed","ping_status":"closed","template":"elementor_header_footer","meta":{"footnotes":""},"class_list":["post-4880","page","type-page","status-publish","hentry"],"_links":{"self":[{"href":"https:\/\/tgrupcam.com\/index.php\/wp-json\/wp\/v2\/pages\/4880","targetHints":{"allow":["GET"]}}],"collection":[{"href":"https:\/\/tgrupcam.com\/index.php\/wp-json\/wp\/v2\/pages"}],"about":[{"href":"https:\/\/tgrupcam.com\/index.php\/wp-json\/wp\/v2\/types\/page"}],"author":[{"embeddable":true,"href":"https:\/\/tgrupcam.com\/index.php\/wp-json\/wp\/v2\/users\/1"}],"replies":[{"embeddable":true,"href":"https:\/\/tgrupcam.com\/index.php\/wp-json\/wp\/v2\/comments?post=4880"}],"version-history":[{"count":0,"href":"https:\/\/tgrupcam.com\/index.php\/wp-json\/wp\/v2\/pages\/4880\/revisions"}],"wp:attachment":[{"href":"https:\/\/tgrupcam.com\/index.php\/wp-json\/wp\/v2\/media?parent=4880"}],"curies":[{"name":"wp","href":"https:\/\/api.w.org\/{rel}","templated":true}]}}