{"id":4905,"date":"2025-05-28T13:11:04","date_gmt":"2025-05-28T10:11:04","guid":{"rendered":"https:\/\/tgrupcam.com\/index.php\/entegre-fotovoltaik-cam-ile-temiz-ve-yenilenebilir-enerji\/"},"modified":"2025-06-03T18:09:37","modified_gmt":"2025-06-03T15:09:37","slug":"entegre-fotovoltaik-cam-ile-temiz-ve-yenilenebilir-enerji","status":"publish","type":"page","link":"https:\/\/tgrupcam.com\/index.php\/entegre-fotovoltaik-cam-ile-temiz-ve-yenilenebilir-enerji\/?lang=tr","title":{"rendered":"Entegre Fotovoltaik Cam ile Temiz ve Yenilenebilir Enerji"},"content":{"rendered":"\t\t<div data-elementor-type=\"wp-page\" data-elementor-id=\"4905\" class=\"elementor elementor-4905 elementor-3615\" data-elementor-post-type=\"page\">\n\t\t\t\t<div class=\"elementor-element elementor-element-79c9af8 e-con-full e-flex e-con e-parent\" data-id=\"79c9af8\" data-element_type=\"container\" data-e-type=\"container\" data-settings=\"{&quot;background_background&quot;:&quot;classic&quot;,&quot;shape_divider_bottom&quot;:&quot;opacity-fan&quot;}\">\n\t\t\t\t<div class=\"elementor-shape elementor-shape-bottom\" aria-hidden=\"true\" data-negative=\"false\">\n\t\t\t<svg xmlns=\"http:\/\/www.w3.org\/2000\/svg\" viewBox=\"0 0 283.5 19.6\" preserveAspectRatio=\"none\">\n\t<path class=\"elementor-shape-fill\" style=\"opacity:0.33\" d=\"M0 0L0 18.8 141.8 4.1 283.5 18.8 283.5 0z\"\/>\n\t<path class=\"elementor-shape-fill\" style=\"opacity:0.33\" d=\"M0 0L0 12.6 141.8 4 283.5 12.6 283.5 0z\"\/>\n\t<path class=\"elementor-shape-fill\" style=\"opacity:0.33\" d=\"M0 0L0 6.4 141.8 4 283.5 6.4 283.5 0z\"\/>\n\t<path class=\"elementor-shape-fill\" d=\"M0 0L0 1.2 141.8 4 283.5 1.2 283.5 0z\"\/>\n<\/svg>\t\t<\/div>\n\t\t\t\t<div class=\"elementor-element elementor-element-d85c1e5 elementor-widget elementor-widget-heading\" data-id=\"d85c1e5\" data-element_type=\"widget\" data-e-type=\"widget\" data-widget_type=\"heading.default\">\n\t\t\t\t<div class=\"elementor-widget-container\">\n\t\t\t\t\t<h2 class=\"elementor-heading-title elementor-size-default\">Entegre Fotovoltaik Cam ile Temiz ve Yenilenebilir Enerji<\/h2>\t\t\t\t<\/div>\n\t\t\t\t<\/div>\n\t\t\t\t<\/div>\n\t\t<div class=\"elementor-element elementor-element-2cc499d e-flex e-con-boxed e-con e-parent\" data-id=\"2cc499d\" data-element_type=\"container\" data-e-type=\"container\">\n\t\t\t\t\t<div class=\"e-con-inner\">\n\t\t\t\t<div class=\"elementor-element elementor-element-4eeebef elementor-widget elementor-widget-heading\" data-id=\"4eeebef\" data-element_type=\"widget\" data-e-type=\"widget\" data-widget_type=\"heading.default\">\n\t\t\t\t<div class=\"elementor-widget-container\">\n\t\t\t\t\t<h2 class=\"elementor-heading-title elementor-size-default\">Entegre Fotovoltaik Cam ile Temiz ve Yenilenebilir Enerji<\/h2>\t\t\t\t<\/div>\n\t\t\t\t<\/div>\n\t\t\t\t<div class=\"elementor-element elementor-element-96ca51e elementor-widget elementor-widget-text-editor\" data-id=\"96ca51e\" data-element_type=\"widget\" data-e-type=\"widget\" data-widget_type=\"text-editor.default\">\n\t\t\t\t<div class=\"elementor-widget-container\">\n\t\t\t\t\t\t\t\t\t<p data-start=\"65\" data-end=\"440\"><strong data-start=\"141\" data-end=\"155\">T Grup Cam<\/strong>&#8216;da, <strong data-start=\"170\" data-end=\"210\">y\u00fcksek verimli fotovoltaik mod\u00fclleri<\/strong> <strong data-start=\"216\" data-end=\"253\">yap\u0131sal lamine cam panellere<\/strong> entegre ederek enerji \u00fcretimi, tasar\u0131m \u015f\u0131kl\u0131\u011f\u0131 ve g\u00fcvenli\u011fin benzersiz bir sinerjisini sunuyoruz. Bu geli\u015fmi\u015f cam teknolojisi, modern mimari ve denizcilik uygulamalar\u0131 i\u00e7in yenilik\u00e7i ve \u00e7evre dostu bir \u00e7\u00f6z\u00fcm sunar.<\/p>\n<p data-start=\"529\" data-end=\"685\">\u2705 <strong data-start=\"531\" data-end=\"567\">Cam-Cam Mod\u00fcl Teknolojisi<\/strong><br data-start=\"567\" data-end=\"570\" \/>\u00c7ift cam kaps\u00fclleme, zorlu ortamlarda bile <strong data-start=\"605\" data-end=\"650\">maksimum hava direnci ve dayan\u0131kl\u0131l\u0131k<\/strong> sa\u011flar.<\/p>\n<p data-start=\"687\" data-end=\"817\">\u2705 <strong data-start=\"689\" data-end=\"722\">Ayarlanabilir I\u015f\u0131k \u0130letimi<\/strong><br data-start=\"722\" data-end=\"725\" \/>M\u00fckemmel <strong data-start=\"741\" data-end=\"786\">\u0131\u015f\u0131k kontrol\u00fc ve g\u00fcne\u015f enerjisi hasad\u0131<\/strong> elde edin ayn\u0131 cam y\u00fczey i\u00e7inde.<\/p>\n<p data-start=\"819\" data-end=\"952\">\u2705 <strong data-start=\"821\" data-end=\"856\">Y\u00fcksek \u00c7\u0131k\u0131\u015fl\u0131 Zarif Tasar\u0131m<\/strong><br data-start=\"856\" data-end=\"859\" \/>\u00c7a\u011fda\u015f mimariye uygun <strong data-start=\"868\" data-end=\"911\">Estetik \u00e7ekicilik ve enerji performans\u0131n\u0131<\/strong> birle\u015ftirir.<\/p>\n<p data-start=\"954\" data-end=\"1084\">\u2705 <strong data-start=\"956\" data-end=\"992\">\u00dcstten Kurulumlar \u0130\u00e7in \u0130deal<\/strong><br data-start=\"992\" data-end=\"995\" \/><strong data-start=\"1007\" data-end=\"1027\">Deniz tavan pencereleri<\/strong>, <strong data-start=\"1029\" data-end=\"1045\">\u00e7at\u0131 camlama<\/strong>, <strong data-start=\"1047\" data-end=\"1059\">kanopiler<\/strong> ve <strong data-start=\"1065\" data-end=\"1083\">k\u0131\u015f bah\u00e7eleri<\/strong>.<\/p>\n<p data-start=\"1086\" data-end=\"1204\">\u2705 <strong data-start=\"1088\" data-end=\"1116\">25 Y\u0131ll\u0131k \u00c7\u0131kt\u0131 Garantisi<\/strong><br data-start=\"1116\" data-end=\"1119\" \/><strong data-start=\"1153\" data-end=\"1177\">G\u00fcvenilir performans<\/strong> ve yat\u0131r\u0131m korumas\u0131yla desteklenen uzun \u00f6m\u00fcrl\u00fc bir \u00e7\u00f6z\u00fcm.<\/p>\n<p data-start=\"1206\" data-end=\"1336\">\u2705 <strong data-start=\"1208\" data-end=\"1250\">\u00d6zel \u015eekiller ve Boyutlar Mevcuttur<\/strong><br data-start=\"1250\" data-end=\"1253\" \/>Tam tasar\u0131m esnekli\u011fi i\u00e7in <strong data-start=\"1271\" data-end=\"1307\">proje \u00f6zelinde boyutlarda ve formlarda<\/strong> \u00fcretim yap\u0131yoruz.<\/p>\n\t\t\t\t\t\t\t\t<\/div>\n\t\t\t\t<\/div>\n\t\t\t\t\t<\/div>\n\t\t\t\t<\/div>\n\t\t\t\t<\/div>\n\t\t","protected":false},"excerpt":{"rendered":"<p>Entegre Fotovoltaik Cam ile Temiz ve Yenilenebilir Enerji Entegre Fotovoltaik Cam ile Temiz ve Yenilenebilir Enerji T Grup Cam&#8216;da, y\u00fcksek verimli fotovoltaik mod\u00fclleri yap\u0131sal lamine cam panellere entegre ederek enerji \u00fcretimi, tasar\u0131m \u015f\u0131kl\u0131\u011f\u0131 ve g\u00fcvenli\u011fin benzersiz bir sinerjisini sunuyoruz. Bu geli\u015fmi\u015f cam teknolojisi, modern mimari ve denizcilik uygulamalar\u0131 i\u00e7in yenilik\u00e7i ve \u00e7evre dostu bir \u00e7\u00f6z\u00fcm [&hellip;]<\/p>\n","protected":false},"author":1,"featured_media":0,"parent":0,"menu_order":0,"comment_status":"closed","ping_status":"closed","template":"elementor_header_footer","meta":{"footnotes":""},"class_list":["post-4905","page","type-page","status-publish","hentry"],"_links":{"self":[{"href":"https:\/\/tgrupcam.com\/index.php\/wp-json\/wp\/v2\/pages\/4905","targetHints":{"allow":["GET"]}}],"collection":[{"href":"https:\/\/tgrupcam.com\/index.php\/wp-json\/wp\/v2\/pages"}],"about":[{"href":"https:\/\/tgrupcam.com\/index.php\/wp-json\/wp\/v2\/types\/page"}],"author":[{"embeddable":true,"href":"https:\/\/tgrupcam.com\/index.php\/wp-json\/wp\/v2\/users\/1"}],"replies":[{"embeddable":true,"href":"https:\/\/tgrupcam.com\/index.php\/wp-json\/wp\/v2\/comments?post=4905"}],"version-history":[{"count":0,"href":"https:\/\/tgrupcam.com\/index.php\/wp-json\/wp\/v2\/pages\/4905\/revisions"}],"wp:attachment":[{"href":"https:\/\/tgrupcam.com\/index.php\/wp-json\/wp\/v2\/media?parent=4905"}],"curies":[{"name":"wp","href":"https:\/\/api.w.org\/{rel}","templated":true}]}}