{"id":4909,"date":"2025-05-28T13:11:04","date_gmt":"2025-05-28T10:11:04","guid":{"rendered":"https:\/\/tgrupcam.com\/index.php\/cuci-thaj-renovirime-energia-e-integrime-fotovoltaikane-staklosa\/"},"modified":"2025-06-03T18:10:24","modified_gmt":"2025-06-03T15:10:24","slug":"cuci-thaj-renovirime-energia-e-integrime-fotovoltaikane-staklosa","status":"publish","type":"page","link":"https:\/\/tgrupcam.com\/index.php\/cuci-thaj-renovirime-energia-e-integrime-fotovoltaikane-staklosa\/?lang=ro","title":{"rendered":"\u0106u\u0107i thaj Renovirime Energia e Integrime Fotovoltaikane Staklosa"},"content":{"rendered":"\t\t<div data-elementor-type=\"wp-page\" data-elementor-id=\"4909\" class=\"elementor elementor-4909 elementor-3615\" data-elementor-post-type=\"page\">\n\t\t\t\t<div class=\"elementor-element elementor-element-79c9af8 e-con-full e-flex e-con e-parent\" data-id=\"79c9af8\" data-element_type=\"container\" data-e-type=\"container\" data-settings=\"{&quot;background_background&quot;:&quot;classic&quot;,&quot;shape_divider_bottom&quot;:&quot;opacity-fan&quot;}\">\n\t\t\t\t<div class=\"elementor-shape elementor-shape-bottom\" aria-hidden=\"true\" data-negative=\"false\">\n\t\t\t<svg xmlns=\"http:\/\/www.w3.org\/2000\/svg\" viewBox=\"0 0 283.5 19.6\" preserveAspectRatio=\"none\">\n\t<path class=\"elementor-shape-fill\" style=\"opacity:0.33\" d=\"M0 0L0 18.8 141.8 4.1 283.5 18.8 283.5 0z\"\/>\n\t<path class=\"elementor-shape-fill\" style=\"opacity:0.33\" d=\"M0 0L0 12.6 141.8 4 283.5 12.6 283.5 0z\"\/>\n\t<path class=\"elementor-shape-fill\" style=\"opacity:0.33\" d=\"M0 0L0 6.4 141.8 4 283.5 6.4 283.5 0z\"\/>\n\t<path class=\"elementor-shape-fill\" d=\"M0 0L0 1.2 141.8 4 283.5 1.2 283.5 0z\"\/>\n<\/svg>\t\t<\/div>\n\t\t\t\t<div class=\"elementor-element elementor-element-d85c1e5 elementor-widget elementor-widget-heading\" data-id=\"d85c1e5\" data-element_type=\"widget\" data-e-type=\"widget\" data-widget_type=\"heading.default\">\n\t\t\t\t<div class=\"elementor-widget-container\">\n\t\t\t\t\t<h2 class=\"elementor-heading-title elementor-size-default\">\u0106u\u0107i thaj Renovirime Energia e Integrime Fotovoltaikane Staklosa<\/h2>\t\t\t\t<\/div>\n\t\t\t\t<\/div>\n\t\t\t\t<\/div>\n\t\t<div class=\"elementor-element elementor-element-2cc499d e-flex e-con-boxed e-con e-parent\" data-id=\"2cc499d\" data-element_type=\"container\" data-e-type=\"container\">\n\t\t\t\t\t<div class=\"e-con-inner\">\n\t\t\t\t<div class=\"elementor-element elementor-element-4eeebef elementor-widget elementor-widget-heading\" data-id=\"4eeebef\" data-element_type=\"widget\" data-e-type=\"widget\" data-widget_type=\"heading.default\">\n\t\t\t\t<div class=\"elementor-widget-container\">\n\t\t\t\t\t<h2 class=\"elementor-heading-title elementor-size-default\">\u0106u\u0107i thaj Renovirime Energia e Integrime Fotovoltaikane Staklosa<\/h2>\t\t\t\t<\/div>\n\t\t\t\t<\/div>\n\t\t\t\t<div class=\"elementor-element elementor-element-96ca51e elementor-widget elementor-widget-text-editor\" data-id=\"96ca51e\" data-element_type=\"widget\" data-e-type=\"widget\" data-widget_type=\"text-editor.default\">\n\t\t\t\t<div class=\"elementor-widget-container\">\n\t\t\t\t\t\t\t\t\t<p data-start=\"65\" data-end=\"440\">Ko <strong data-start=\"141\" data-end=\"155\">T Grup Cam<\/strong>, amen integrisaras <strong data-start=\"170\" data-end=\"210\">bari-efikasno fotovoltaikane modulura<\/strong> ko <strong data-start=\"16\" data-end=\"253\">strukturalno laminirime stakloske panelura<\/strong>, so del jekh unikalno sinergia e energiaki generaciaki, dizajnoski eleganca thaj sekuritato. Akaja avansime stakloski teknologia del jekh inovativno thaj eko-prijatelsko solucia vash moderno arxitektura thaj maripnaske aplikacie.<\/p>\n<p data-start=\"529\" data-end=\"685\">\u2705 <strong data-start=\"531\" data-end=\"567\">Glass-on-Glass Module Technology<\/strong><b>d=&#8221;567&#8243; data-end=&#8221;570&#8243; \/>Duble-stakloski enkapsulacia siguril <strong data-start=\"605\" data-end=\"650\">maximalno resistenca thaj duryaripe<\/strong>, vi ande phare ambijentura.<\/p>\n<p data-start=\"687\" data-end=\"817\">\u2705-start = data-end=&#8221;722&#8243;>Adjustable Light Transmission<\/strong><br data-start=\"722\" data-end=\"725\" \/>Aresl pes perfektno <strong data-start=\"741\" data-end=\"786\">lumiako kontrolo thaj solarno energiako \u0107hivipen<\/strong> andar i sasti stakloski rig.<\/p>\n<p=t data-start=\"725\"\" <strong data-start=\"821\" data-end=\"856\">Elegantno Dizajno e bare rezultatosa<\/strong><br data-start=\"856\" data-end=\"859\" \/>Kombinisarel <strong data-start=\"856\" data-end=\"859\" \/>Kombinisarel <strong data-start=\"868\" data-end=\"911\">estetikano apelacia thaj energijaki performanca<\/strong>, la\u010dhe vash akanutni arxitektura. data-start=&#8221;954&#8243; data-end=&#8221;1084&#8243;>\u2705 <strong data-start=\"956\" data-end=\"992\">Idealno va\u015b e instal\u00e0cie opral<\/strong><br data-start=\"992\" data-end=\"995\" \/>Perfekto va\u015b <strong data-start=\"1007-end=\"1077\"marine\" skylights<\/strong>, <strong data-start=\"1029\" data-end=\"1045\">roof glazing<\/strong>, <strong data-start=\"1047\" data-end=\"1059\">kanopi<\/strong>, thaj <strong data-start=\"1065\" data-end=\"1083\"<\/strong>p. data-start=&#8221;1086&#8243; data-end=&#8221;1204&#8243;>\u2705 <strong data-start=\"1088\" data-end=\"1116\">25-ber\u015besqo Garantia va\u015b o Rezult\u00e0to<\/strong><br data-start=\"1116\" data-end=\"1119\" \/>Jekh lungo-trajoski solucia bazirime katar <strong data-end=\"1116\" data-end=\"1177\">reliable performanso<\/strong> thaj investiciaki protekcia.<\/p>\n<p data-start=\"1206\" data-end=\"1336\">\u2705 <strong data-start=\"1208\" data-end=\"1250\">Custom Shapes and Dimensions Available<\/strong><br-start=\"1250\" data-end=\"1253\" \/>Ame keras te <strong data-start=\"1271\" data-end=\"1307\">projektoske-specifike bare thaj forme<\/strong> vash pherdo fleksibilno dizajno.<\/p>\n\t\t\t\t\t\t\t\t<\/div>\n\t\t\t\t<\/div>\n\t\t\t\t\t<\/div>\n\t\t\t\t<\/div>\n\t\t\t\t<\/div>\n\t\t","protected":false},"excerpt":{"rendered":"<p>\u0106u\u0107i thaj Renovirime Energia e Integrime Fotovoltaikane Staklosa \u0106u\u0107i thaj Renovirime Energia e Integrime Fotovoltaikane Staklosa Ko T Grup Cam, amen integrisaras bari-efikasno fotovoltaikane modulura ko strukturalno laminirime stakloske panelura, so del jekh unikalno sinergia e energiaki generaciaki, dizajnoski eleganca thaj sekuritato. Akaja avansime stakloski teknologia del jekh inovativno thaj eko-prijatelsko solucia vash moderno arxitektura [&hellip;]<\/p>\n","protected":false},"author":1,"featured_media":0,"parent":0,"menu_order":0,"comment_status":"closed","ping_status":"closed","template":"elementor_header_footer","meta":{"footnotes":""},"class_list":["post-4909","page","type-page","status-publish","hentry"],"_links":{"self":[{"href":"https:\/\/tgrupcam.com\/index.php\/wp-json\/wp\/v2\/pages\/4909","targetHints":{"allow":["GET"]}}],"collection":[{"href":"https:\/\/tgrupcam.com\/index.php\/wp-json\/wp\/v2\/pages"}],"about":[{"href":"https:\/\/tgrupcam.com\/index.php\/wp-json\/wp\/v2\/types\/page"}],"author":[{"embeddable":true,"href":"https:\/\/tgrupcam.com\/index.php\/wp-json\/wp\/v2\/users\/1"}],"replies":[{"embeddable":true,"href":"https:\/\/tgrupcam.com\/index.php\/wp-json\/wp\/v2\/comments?post=4909"}],"version-history":[{"count":0,"href":"https:\/\/tgrupcam.com\/index.php\/wp-json\/wp\/v2\/pages\/4909\/revisions"}],"wp:attachment":[{"href":"https:\/\/tgrupcam.com\/index.php\/wp-json\/wp\/v2\/media?parent=4909"}],"curies":[{"name":"wp","href":"https:\/\/api.w.org\/{rel}","templated":true}]}}