{"id":4913,"date":"2025-05-28T13:11:04","date_gmt":"2025-05-28T10:11:04","guid":{"rendered":"https:\/\/tgrupcam.com\/index.php\/tiszta-es-megujulo-energia-integralt-fotovoltaikus-uveggel\/"},"modified":"2025-06-03T18:11:11","modified_gmt":"2025-06-03T15:11:11","slug":"tiszta-es-megujulo-energia-integralt-fotovoltaikus-uveggel","status":"publish","type":"page","link":"https:\/\/tgrupcam.com\/index.php\/tiszta-es-megujulo-energia-integralt-fotovoltaikus-uveggel\/?lang=hu","title":{"rendered":"Tiszta \u00e9s meg\u00fajul\u00f3 energia integr\u00e1lt fotovoltaikus \u00fcveggel"},"content":{"rendered":"\t\t<div data-elementor-type=\"wp-page\" data-elementor-id=\"4913\" class=\"elementor elementor-4913 elementor-3615\" data-elementor-post-type=\"page\">\n\t\t\t\t<div class=\"elementor-element elementor-element-79c9af8 e-con-full e-flex e-con e-parent\" data-id=\"79c9af8\" data-element_type=\"container\" data-e-type=\"container\" data-settings=\"{&quot;background_background&quot;:&quot;classic&quot;,&quot;shape_divider_bottom&quot;:&quot;opacity-fan&quot;}\">\n\t\t\t\t<div class=\"elementor-shape elementor-shape-bottom\" aria-hidden=\"true\" data-negative=\"false\">\n\t\t\t<svg xmlns=\"http:\/\/www.w3.org\/2000\/svg\" viewBox=\"0 0 283.5 19.6\" preserveAspectRatio=\"none\">\n\t<path class=\"elementor-shape-fill\" style=\"opacity:0.33\" d=\"M0 0L0 18.8 141.8 4.1 283.5 18.8 283.5 0z\"\/>\n\t<path class=\"elementor-shape-fill\" style=\"opacity:0.33\" d=\"M0 0L0 12.6 141.8 4 283.5 12.6 283.5 0z\"\/>\n\t<path class=\"elementor-shape-fill\" style=\"opacity:0.33\" d=\"M0 0L0 6.4 141.8 4 283.5 6.4 283.5 0z\"\/>\n\t<path class=\"elementor-shape-fill\" d=\"M0 0L0 1.2 141.8 4 283.5 1.2 283.5 0z\"\/>\n<\/svg>\t\t<\/div>\n\t\t\t\t<div class=\"elementor-element elementor-element-d85c1e5 elementor-widget elementor-widget-heading\" data-id=\"d85c1e5\" data-element_type=\"widget\" data-e-type=\"widget\" data-widget_type=\"heading.default\">\n\t\t\t\t<div class=\"elementor-widget-container\">\n\t\t\t\t\t<h2 class=\"elementor-heading-title elementor-size-default\">Tiszta \u00e9s meg\u00fajul\u00f3 energia integr\u00e1lt fotovoltaikus \u00fcveggel<\/h2>\t\t\t\t<\/div>\n\t\t\t\t<\/div>\n\t\t\t\t<\/div>\n\t\t<div class=\"elementor-element elementor-element-2cc499d e-flex e-con-boxed e-con e-parent\" data-id=\"2cc499d\" data-element_type=\"container\" data-e-type=\"container\">\n\t\t\t\t\t<div class=\"e-con-inner\">\n\t\t\t\t<div class=\"elementor-element elementor-element-4eeebef elementor-widget elementor-widget-heading\" data-id=\"4eeebef\" data-element_type=\"widget\" data-e-type=\"widget\" data-widget_type=\"heading.default\">\n\t\t\t\t<div class=\"elementor-widget-container\">\n\t\t\t\t\t<h2 class=\"elementor-heading-title elementor-size-default\">Tiszta \u00e9s meg\u00fajul\u00f3 energia integr\u00e1lt fotovoltaikus \u00fcveggel<\/h2>\t\t\t\t<\/div>\n\t\t\t\t<\/div>\n\t\t\t\t<div class=\"elementor-element elementor-element-96ca51e elementor-widget elementor-widget-text-editor\" data-id=\"96ca51e\" data-element_type=\"widget\" data-e-type=\"widget\" data-widget_type=\"text-editor.default\">\n\t\t\t\t<div class=\"elementor-widget-container\">\n\t\t\t\t\t\t\t\t\t<p data-start=\"65\" data-end=\"440\">A <strong data-start=\"141\" data-end=\"155\">T Grup Cam<\/strong>-n\u00e1l <strong data-start=\"170\" data-end=\"210\">nagy hat\u00e9konys\u00e1g\u00fa fotovoltaikus modulokat<\/strong> integr\u00e1lunk <strong data-start=\"216\" data-end=\"253\">szerkezeti lamin\u00e1lt \u00fcvegpanelekbe<\/strong>, ami az energiatermel\u00e9s, a formatervez\u00e9s eleganci\u00e1ja \u00e9s a biztons\u00e1g egyed\u00fcl\u00e1ll\u00f3 szinergi\u00e1j\u00e1t biztos\u00edtja. Ez a fejlett \u00fcvegtechnol\u00f3gia innovat\u00edv \u00e9s k\u00f6rnyezetbar\u00e1t megold\u00e1st k\u00edn\u00e1l a modern \u00e9p\u00edt\u00e9szet \u00e9s a haj\u00f3z\u00e1si alkalmaz\u00e1sok sz\u00e1m\u00e1ra.<\/p>\n<p data-start=\"529\" data-end=\"685\">\u2705 <strong data-start=\"531\" data-end=\"567\">\u00dcveg az \u00fcvegen modultechnol\u00f3gia<\/strong><br data-start=\"567\" data-end=\"570\" \/>A dupla \u00fcvegbevonat biztos\u00edtja a <strong data-start=\"605\" data-end=\"650\">maxim\u00e1lis id\u0151j\u00e1r\u00e1s\u00e1ll\u00f3s\u00e1got \u00e9s tart\u00f3ss\u00e1got<\/strong>, m\u00e9g kih\u00edv\u00e1st jelent\u0151 k\u00f6rnyezetben is.<\/p>\n<p data-start=\"687\" data-end=\"817\">\u2705 <strong data-start=\"689\" data-end=\"722\">\u00c1ll\u00edthat\u00f3 f\u00e9ny\u00e1tereszt\u00e9s<\/strong><br data-start=\"722\" data-end=\"725\" \/>T\u00f6k\u00e9letes <strong data-start=\"741\" data-end=\"786\">f\u00e9nyvez\u00e9rl\u00e9st \u00e9s napenergia-hasznos\u00edt\u00e1st<\/strong> \u00e9rhet el ugyanazon \u00fcvegfel\u00fcleten bel\u00fcl.<\/p>\n<p data-start=\"819\" data-end=\"952\">\u2705 <strong data-start=\"821\" data-end=\"856\">Eleg\u00e1ns diz\u00e1jn nagy teljes\u00edtm\u00e9nnyel<\/strong><br data-start=\"856\" data-end=\"859\" \/>\u00d6sszekapcsolja az <strong data-start=\"868\" data-end=\"911\">eszt\u00e9tikai megjelen\u00e9st \u00e9s az energiahat\u00e9konys\u00e1got<\/strong>, alkalmas a kort\u00e1rs \u00e9p\u00edt\u00e9szetbe.<\/p>\n<p data-start=\"954\" data-end=\"1084\">\u2705 <strong data-start=\"956\" data-end=\"992\">Ide\u00e1lis fels\u0151vezet\u00e9kes telep\u00edt\u00e9sekhez<\/strong><br data-start=\"992\" data-end=\"995\" \/>T\u00f6k\u00e9letes <strong data-start=\"1007\" data-end=\"1027\">haj\u00f3 tet\u0151ablakokhoz<\/strong>, <strong data-start=\"1029\" data-end=\"1045\">tet\u0151\u00fcvegez\u00e9shez<\/strong>, <strong data-start=\"1047\" data-end=\"1059\">el\u0151tet\u0151k<\/strong> \u00e9s <strong data-start=\"1065\" data-end=\"1083\">t\u00e9likertek<\/strong>.<\/p>\n<p data-start=\"1086\" data-end=\"1204\">\u2705 <strong data-start=\"1088\" data-end=\"1116\">25 \u00e9ves teljes\u00edtm\u00e9nygarancia<\/strong><br data-start=\"1116\" data-end=\"1119\" \/>Hossz\u00fa t\u00e1v\u00fa megold\u00e1s, amelyet <strong data-start=\"1153\" data-end=\"1177\">megb\u00edzhat\u00f3 teljes\u00edtm\u00e9ny<\/strong> \u00e9s befektet\u00e9sv\u00e9delem t\u00e1mogat.<\/p>\n<p data-start=\"1206\" data-end=\"1336\">\u2705 <strong data-start=\"1208\" data-end=\"1250\">Egyedi form\u00e1k \u00e9s m\u00e9retek el\u00e9rhet\u0151k<\/strong><br data-start=\"1250\" data-end=\"1253\" \/>Gy\u00e1rtunk <strong data-start=\"1271\" szerint data-end=\"1307\">projektspecifikus m\u00e9retek \u00e9s form\u00e1k<\/strong> a teljes tervez\u00e9si rugalmass\u00e1g \u00e9rdek\u00e9ben.<\/p>\n\t\t\t\t\t\t\t\t<\/div>\n\t\t\t\t<\/div>\n\t\t\t\t\t<\/div>\n\t\t\t\t<\/div>\n\t\t\t\t<\/div>\n\t\t","protected":false},"excerpt":{"rendered":"<p>Tiszta \u00e9s meg\u00fajul\u00f3 energia integr\u00e1lt fotovoltaikus \u00fcveggel Tiszta \u00e9s meg\u00fajul\u00f3 energia integr\u00e1lt fotovoltaikus \u00fcveggel A T Grup Cam-n\u00e1l nagy hat\u00e9konys\u00e1g\u00fa fotovoltaikus modulokat integr\u00e1lunk szerkezeti lamin\u00e1lt \u00fcvegpanelekbe, ami az energiatermel\u00e9s, a formatervez\u00e9s eleganci\u00e1ja \u00e9s a biztons\u00e1g egyed\u00fcl\u00e1ll\u00f3 szinergi\u00e1j\u00e1t biztos\u00edtja. Ez a fejlett \u00fcvegtechnol\u00f3gia innovat\u00edv \u00e9s k\u00f6rnyezetbar\u00e1t megold\u00e1st k\u00edn\u00e1l a modern \u00e9p\u00edt\u00e9szet \u00e9s a haj\u00f3z\u00e1si alkalmaz\u00e1sok sz\u00e1m\u00e1ra. [&hellip;]<\/p>\n","protected":false},"author":1,"featured_media":0,"parent":0,"menu_order":0,"comment_status":"closed","ping_status":"closed","template":"elementor_header_footer","meta":{"footnotes":""},"class_list":["post-4913","page","type-page","status-publish","hentry"],"_links":{"self":[{"href":"https:\/\/tgrupcam.com\/index.php\/wp-json\/wp\/v2\/pages\/4913","targetHints":{"allow":["GET"]}}],"collection":[{"href":"https:\/\/tgrupcam.com\/index.php\/wp-json\/wp\/v2\/pages"}],"about":[{"href":"https:\/\/tgrupcam.com\/index.php\/wp-json\/wp\/v2\/types\/page"}],"author":[{"embeddable":true,"href":"https:\/\/tgrupcam.com\/index.php\/wp-json\/wp\/v2\/users\/1"}],"replies":[{"embeddable":true,"href":"https:\/\/tgrupcam.com\/index.php\/wp-json\/wp\/v2\/comments?post=4913"}],"version-history":[{"count":0,"href":"https:\/\/tgrupcam.com\/index.php\/wp-json\/wp\/v2\/pages\/4913\/revisions"}],"wp:attachment":[{"href":"https:\/\/tgrupcam.com\/index.php\/wp-json\/wp\/v2\/media?parent=4913"}],"curies":[{"name":"wp","href":"https:\/\/api.w.org\/{rel}","templated":true}]}}