{"id":4921,"date":"2025-05-28T13:11:04","date_gmt":"2025-05-28T10:11:04","guid":{"rendered":"https:\/\/tgrupcam.com\/index.php\/energie-propre-et-renouvelable-avec-verre-photovoltaique-integre\/"},"modified":"2025-06-03T18:14:58","modified_gmt":"2025-06-03T15:14:58","slug":"energie-propre-et-renouvelable-avec-verre-photovoltaique-integre","status":"publish","type":"page","link":"https:\/\/tgrupcam.com\/index.php\/energie-propre-et-renouvelable-avec-verre-photovoltaique-integre\/?lang=fr","title":{"rendered":"\u00c9nergie propre et renouvelable avec verre photovolta\u00efque int\u00e9gr\u00e9"},"content":{"rendered":"\t\t<div data-elementor-type=\"wp-page\" data-elementor-id=\"4921\" class=\"elementor elementor-4921 elementor-3615\" data-elementor-post-type=\"page\">\n\t\t\t\t<div class=\"elementor-element elementor-element-79c9af8 e-con-full e-flex e-con e-parent\" data-id=\"79c9af8\" data-element_type=\"container\" data-e-type=\"container\" data-settings=\"{&quot;background_background&quot;:&quot;classic&quot;,&quot;shape_divider_bottom&quot;:&quot;opacity-fan&quot;}\">\n\t\t\t\t<div class=\"elementor-shape elementor-shape-bottom\" aria-hidden=\"true\" data-negative=\"false\">\n\t\t\t<svg xmlns=\"http:\/\/www.w3.org\/2000\/svg\" viewBox=\"0 0 283.5 19.6\" preserveAspectRatio=\"none\">\n\t<path class=\"elementor-shape-fill\" style=\"opacity:0.33\" d=\"M0 0L0 18.8 141.8 4.1 283.5 18.8 283.5 0z\"\/>\n\t<path class=\"elementor-shape-fill\" style=\"opacity:0.33\" d=\"M0 0L0 12.6 141.8 4 283.5 12.6 283.5 0z\"\/>\n\t<path class=\"elementor-shape-fill\" style=\"opacity:0.33\" d=\"M0 0L0 6.4 141.8 4 283.5 6.4 283.5 0z\"\/>\n\t<path class=\"elementor-shape-fill\" d=\"M0 0L0 1.2 141.8 4 283.5 1.2 283.5 0z\"\/>\n<\/svg>\t\t<\/div>\n\t\t\t\t<div class=\"elementor-element elementor-element-d85c1e5 elementor-widget elementor-widget-heading\" data-id=\"d85c1e5\" data-element_type=\"widget\" data-e-type=\"widget\" data-widget_type=\"heading.default\">\n\t\t\t\t<div class=\"elementor-widget-container\">\n\t\t\t\t\t<h2 class=\"elementor-heading-title elementor-size-default\">\u00c9nergie propre et renouvelable avec verre photovolta\u00efque int\u00e9gr\u00e9<\/h2>\t\t\t\t<\/div>\n\t\t\t\t<\/div>\n\t\t\t\t<\/div>\n\t\t<div class=\"elementor-element elementor-element-2cc499d e-flex e-con-boxed e-con e-parent\" data-id=\"2cc499d\" data-element_type=\"container\" data-e-type=\"container\">\n\t\t\t\t\t<div class=\"e-con-inner\">\n\t\t\t\t<div class=\"elementor-element elementor-element-4eeebef elementor-widget elementor-widget-heading\" data-id=\"4eeebef\" data-element_type=\"widget\" data-e-type=\"widget\" data-widget_type=\"heading.default\">\n\t\t\t\t<div class=\"elementor-widget-container\">\n\t\t\t\t\t<h2 class=\"elementor-heading-title elementor-size-default\">\u00c9nergie propre et renouvelable avec verre photovolta\u00efque int\u00e9gr\u00e9<\/h2>\t\t\t\t<\/div>\n\t\t\t\t<\/div>\n\t\t\t\t<div class=\"elementor-element elementor-element-96ca51e elementor-widget elementor-widget-text-editor\" data-id=\"96ca51e\" data-element_type=\"widget\" data-e-type=\"widget\" data-widget_type=\"text-editor.default\">\n\t\t\t\t<div class=\"elementor-widget-container\">\n\t\t\t\t\t\t\t\t\t<p data-start=\"65\" data-end=\"440\">Chez <strong data-start=\"141\" data-end=\"155\">T Grup Cam<\/strong>, nous int\u00e9grons des <strong data-start=\"170\" data-end=\"210\">modules photovolta\u00efques \u00e0 haut rendement<\/strong> dans des <strong data-start=\"216\" data-end=\"253\">panneaux de verre feuillet\u00e9 structurel<\/strong>, offrant une synergie unique de production d&#8217;\u00e9nergie, d&#8217;\u00e9l\u00e9gance du design et de s\u00e9curit\u00e9. Cette technologie de verre avanc\u00e9e offre une solution innovante et \u00e9cologique pour l&#8217;architecture moderne et les applications marines.<\/p>\n<p data-start=\"529\" data-end=\"685\">\u2705 <strong data-start=\"531\" data-end=\"567\">Technologie de module verre sur verre<\/strong><br data-start=\"567\" data-end=\"570\" \/>L&#8217;encapsulation \u00e0 double verre garantit une <strong data-start=\"605\" data-end=\"650\">r\u00e9sistance aux intemp\u00e9ries et une durabilit\u00e9 maximales<\/strong>, m\u00eame dans des environnements difficiles.<\/p>\n<p data-start=\"687\" data-end=\"817\">\u2705 <strong data-start=\"689\" data-end=\"722\">Transmission lumineuse r\u00e9glable<\/strong><br data-start=\"722\" data-end=\"725\" \/>Obtenez un <strong data-start=\"741\" data-end=\"786\">contr\u00f4le de la lumi\u00e8re et une r\u00e9cup\u00e9ration d&#8217;\u00e9nergie solaire<\/strong> parfaits sur la m\u00eame surface vitr\u00e9e.<\/p>\n<p data-start=\"819\" data-end=\"952\">\u2705 <strong data-start=\"821\" data-end=\"856\">Design \u00e9l\u00e9gant \u00e0 haut rendement<\/strong><br data-start=\"856\" data-end=\"859\" \/>Combine <strong data-start=\"868\" data-end=\"911\">esth\u00e9tique et performance \u00e9nerg\u00e9tique<\/strong>, adapt\u00e9 \u00e0 l&#8217;architecture contemporaine.<\/p>\n<p data-start=\"954\" data-end=\"1084\">\u2705 <strong data-start=\"956\" data-end=\"992\">Id\u00e9al pour les installations en hauteur<\/strong><br data-start=\"992\" data-end=\"995\" \/>Parfait pour les <strong data-start=\"1007\" data-end=\"1027\">puits de lumi\u00e8re marins<\/strong>, les <strong data-start=\"1029\" data-end=\"1045\">vitrages de toit<\/strong> et les <strong data-start=\"1047\" data-end=\"1059\">auvents<\/strong> et <strong data-start=\"1065\" data-end=\"1083\">jardins d&#8217;hiver<\/strong>.<\/p>\n<p data-start=\"1086\" data-end=\"1204\">\u2705 <strong data-start=\"1088\" data-end=\"1116\">Garantie de rendement de 25 ans<\/strong><br data-start=\"1116\" data-end=\"1119\" \/>Une solution durable soutenue par des <strong data-start=\"1153\" data-end=\"1177\">performances fiables<\/strong> et une protection de l&#8217;investissement.<\/p>\n<p data-start=\"1206\" data-end=\"1336\">\u2705 <strong data-start=\"1208\" data-end=\"1250\">Formes et dimensions personnalis\u00e9es disponibles<\/strong><br data-start=\"1250\" data-end=\"1253\" \/>Nous fabriquons selon <strong data-start=\"1271\" data-end=\"1307\">tailles et formes sp\u00e9cifiques au projet<\/strong> pour une flexibilit\u00e9 de conception totale.<\/p>\n\t\t\t\t\t\t\t\t<\/div>\n\t\t\t\t<\/div>\n\t\t\t\t\t<\/div>\n\t\t\t\t<\/div>\n\t\t\t\t<\/div>\n\t\t","protected":false},"excerpt":{"rendered":"<p>\u00c9nergie propre et renouvelable avec verre photovolta\u00efque int\u00e9gr\u00e9 \u00c9nergie propre et renouvelable avec verre photovolta\u00efque int\u00e9gr\u00e9 Chez T Grup Cam, nous int\u00e9grons des modules photovolta\u00efques \u00e0 haut rendement dans des panneaux de verre feuillet\u00e9 structurel, offrant une synergie unique de production d&#8217;\u00e9nergie, d&#8217;\u00e9l\u00e9gance du design et de s\u00e9curit\u00e9. Cette technologie de verre avanc\u00e9e offre une [&hellip;]<\/p>\n","protected":false},"author":1,"featured_media":0,"parent":0,"menu_order":0,"comment_status":"closed","ping_status":"closed","template":"elementor_header_footer","meta":{"footnotes":""},"class_list":["post-4921","page","type-page","status-publish","hentry"],"_links":{"self":[{"href":"https:\/\/tgrupcam.com\/index.php\/wp-json\/wp\/v2\/pages\/4921","targetHints":{"allow":["GET"]}}],"collection":[{"href":"https:\/\/tgrupcam.com\/index.php\/wp-json\/wp\/v2\/pages"}],"about":[{"href":"https:\/\/tgrupcam.com\/index.php\/wp-json\/wp\/v2\/types\/page"}],"author":[{"embeddable":true,"href":"https:\/\/tgrupcam.com\/index.php\/wp-json\/wp\/v2\/users\/1"}],"replies":[{"embeddable":true,"href":"https:\/\/tgrupcam.com\/index.php\/wp-json\/wp\/v2\/comments?post=4921"}],"version-history":[{"count":0,"href":"https:\/\/tgrupcam.com\/index.php\/wp-json\/wp\/v2\/pages\/4921\/revisions"}],"wp:attachment":[{"href":"https:\/\/tgrupcam.com\/index.php\/wp-json\/wp\/v2\/media?parent=4921"}],"curies":[{"name":"wp","href":"https:\/\/api.w.org\/{rel}","templated":true}]}}