{"id":4923,"date":"2025-05-28T13:11:04","date_gmt":"2025-05-28T10:11:04","guid":{"rendered":"https:\/\/tgrupcam.com\/index.php\/schone-en-hernieuwbare-energie-met-geintegreerd-fotovoltaisch-glas\/"},"modified":"2025-06-03T18:15:34","modified_gmt":"2025-06-03T15:15:34","slug":"schone-en-hernieuwbare-energie-met-geintegreerd-fotovoltaisch-glas","status":"publish","type":"page","link":"https:\/\/tgrupcam.com\/index.php\/schone-en-hernieuwbare-energie-met-geintegreerd-fotovoltaisch-glas\/?lang=nl","title":{"rendered":"Schone en hernieuwbare energie met ge\u00efntegreerd fotovolta\u00efsch glas"},"content":{"rendered":"\t\t<div data-elementor-type=\"wp-page\" data-elementor-id=\"4923\" class=\"elementor elementor-4923 elementor-3615\" data-elementor-post-type=\"page\">\n\t\t\t\t<div class=\"elementor-element elementor-element-79c9af8 e-con-full e-flex e-con e-parent\" data-id=\"79c9af8\" data-element_type=\"container\" data-e-type=\"container\" data-settings=\"{&quot;background_background&quot;:&quot;classic&quot;,&quot;shape_divider_bottom&quot;:&quot;opacity-fan&quot;}\">\n\t\t\t\t<div class=\"elementor-shape elementor-shape-bottom\" aria-hidden=\"true\" data-negative=\"false\">\n\t\t\t<svg xmlns=\"http:\/\/www.w3.org\/2000\/svg\" viewBox=\"0 0 283.5 19.6\" preserveAspectRatio=\"none\">\n\t<path class=\"elementor-shape-fill\" style=\"opacity:0.33\" d=\"M0 0L0 18.8 141.8 4.1 283.5 18.8 283.5 0z\"\/>\n\t<path class=\"elementor-shape-fill\" style=\"opacity:0.33\" d=\"M0 0L0 12.6 141.8 4 283.5 12.6 283.5 0z\"\/>\n\t<path class=\"elementor-shape-fill\" style=\"opacity:0.33\" d=\"M0 0L0 6.4 141.8 4 283.5 6.4 283.5 0z\"\/>\n\t<path class=\"elementor-shape-fill\" d=\"M0 0L0 1.2 141.8 4 283.5 1.2 283.5 0z\"\/>\n<\/svg>\t\t<\/div>\n\t\t\t\t<div class=\"elementor-element elementor-element-d85c1e5 elementor-widget elementor-widget-heading\" data-id=\"d85c1e5\" data-element_type=\"widget\" data-e-type=\"widget\" data-widget_type=\"heading.default\">\n\t\t\t\t<div class=\"elementor-widget-container\">\n\t\t\t\t\t<h2 class=\"elementor-heading-title elementor-size-default\">Schone en hernieuwbare energie met ge\u00efntegreerd fotovolta\u00efsch glas<\/h2>\t\t\t\t<\/div>\n\t\t\t\t<\/div>\n\t\t\t\t<\/div>\n\t\t<div class=\"elementor-element elementor-element-2cc499d e-flex e-con-boxed e-con e-parent\" data-id=\"2cc499d\" data-element_type=\"container\" data-e-type=\"container\">\n\t\t\t\t\t<div class=\"e-con-inner\">\n\t\t\t\t<div class=\"elementor-element elementor-element-4eeebef elementor-widget elementor-widget-heading\" data-id=\"4eeebef\" data-element_type=\"widget\" data-e-type=\"widget\" data-widget_type=\"heading.default\">\n\t\t\t\t<div class=\"elementor-widget-container\">\n\t\t\t\t\t<h2 class=\"elementor-heading-title elementor-size-default\">Schone en hernieuwbare energie met ge\u00efntegreerd fotovolta\u00efsch glas<\/h2>\t\t\t\t<\/div>\n\t\t\t\t<\/div>\n\t\t\t\t<div class=\"elementor-element elementor-element-96ca51e elementor-widget elementor-widget-text-editor\" data-id=\"96ca51e\" data-element_type=\"widget\" data-e-type=\"widget\" data-widget_type=\"text-editor.default\">\n\t\t\t\t<div class=\"elementor-widget-container\">\n\t\t\t\t\t\t\t\t\t<p data-start=\"65\" data-end=\"440\">Bij <strong data-start=\"141\" data-end=\"155\">T Grup Cam<\/strong> integreren we <strong data-start=\"170\" data-end=\"210\">hoogrenderende fotovolta\u00efsche modules<\/strong> in <strong data-start=\"216\" data-end=\"253\">structurele gelamineerde glaspanelen<\/strong>, wat resulteert in een unieke synergie van energieopwekking, elegant design en veiligheid. Deze geavanceerde glastechnologie biedt een innovatieve en milieuvriendelijke oplossing voor moderne architectuur en maritieme toepassingen.<\/p>\n<p data-start=\"529\" data-end=\"685\">\u2705 <strong data-start=\"531\" data-end=\"567\">Glas-op-glas moduletechnologie<\/strong><br data-start=\"567\" data-end=\"570\" \/>Dubbelglasinkapseling garandeert <strong data-start=\"605\" data-end=\"650\">maximale weersbestendigheid en duurzaamheid<\/strong>, zelfs in uitdagende omgevingen.<\/p>\n<p data-start=\"687\" data-end=\"817\">\u2705 <strong data-start=\"689\" data-end=\"722\">Instelbare lichttransmissie<\/strong><br data-start=\"722\" data-end=\"725\" \/>Bereik perfecte <strong data-start=\"741\" data-end=\"786\">lichtregeling en zonne-energie oogsten<\/strong> binnen hetzelfde glasoppervlak.<\/p>\n<p data-start=\"819\" data-end=\"952\">\u2705 <strong data-start=\"821\" data-end=\"856\">Elegant ontwerp met hoog rendement<\/strong><br data-start=\"856\" data-end=\"859\" \/>Combineert <strong data-start=\"868\" data-end=\"911\">esthetische aantrekkingskracht en energieprestaties<\/strong>, geschikt voor hedendaagse architectuur.<\/p>\n<p data-start=\"954\" data-end=\"1084\">\u2705 <strong data-start=\"956\" data-end=\"992\">Ideaal voor bovengrondse installaties<\/strong><br data-start=\"992\" data-end=\"995\" \/>Perfect voor <strong data-start=\"1007\" data-end=\"1027\">scheepsdakramen<\/strong>, <strong data-start=\"1029\" data-end=\"1045\">dakbeglazing<\/strong>, <strong data-start=\"1047\" data-end=\"1059\">luifels<\/strong> en <strong data-start=\"1065\" data-end=\"1083\">wintertuinen<\/strong>.<\/p>\n<p data-start=\"1086\" data-end=\"1204\">\u2705 <strong data-start=\"1088\" data-end=\"1116\">25 jaar opbrengstgarantie<\/strong><br data-start=\"1116\" data-end=\"1119\" \/>Een duurzame oplossing, ondersteund door <strong data-start=\"1153\" data-end=\"1177\">betrouwbare prestaties<\/strong> en investeringsbescherming.<\/p>\n<p data-start=\"1206\" data-end=\"1336\">\u2705 <strong data-start=\"1208\" data-end=\"1250\">Aangepaste vormen en afmetingen Beschikbaar<\/strong><br data-start=\"1250\" data-end=\"1253\" \/>Wij produceren volgens <strong data-start=\"1271\" data-end=\"1307\">projectspecifieke maten en vormen<\/strong> voor volledige ontwerpflexibiliteit.<\/p>\n\t\t\t\t\t\t\t\t<\/div>\n\t\t\t\t<\/div>\n\t\t\t\t\t<\/div>\n\t\t\t\t<\/div>\n\t\t\t\t<\/div>\n\t\t","protected":false},"excerpt":{"rendered":"<p>Schone en hernieuwbare energie met ge\u00efntegreerd fotovolta\u00efsch glas Schone en hernieuwbare energie met ge\u00efntegreerd fotovolta\u00efsch glas Bij T Grup Cam integreren we hoogrenderende fotovolta\u00efsche modules in structurele gelamineerde glaspanelen, wat resulteert in een unieke synergie van energieopwekking, elegant design en veiligheid. Deze geavanceerde glastechnologie biedt een innovatieve en milieuvriendelijke oplossing voor moderne architectuur en maritieme [&hellip;]<\/p>\n","protected":false},"author":1,"featured_media":0,"parent":0,"menu_order":0,"comment_status":"closed","ping_status":"closed","template":"elementor_header_footer","meta":{"footnotes":""},"class_list":["post-4923","page","type-page","status-publish","hentry"],"_links":{"self":[{"href":"https:\/\/tgrupcam.com\/index.php\/wp-json\/wp\/v2\/pages\/4923","targetHints":{"allow":["GET"]}}],"collection":[{"href":"https:\/\/tgrupcam.com\/index.php\/wp-json\/wp\/v2\/pages"}],"about":[{"href":"https:\/\/tgrupcam.com\/index.php\/wp-json\/wp\/v2\/types\/page"}],"author":[{"embeddable":true,"href":"https:\/\/tgrupcam.com\/index.php\/wp-json\/wp\/v2\/users\/1"}],"replies":[{"embeddable":true,"href":"https:\/\/tgrupcam.com\/index.php\/wp-json\/wp\/v2\/comments?post=4923"}],"version-history":[{"count":0,"href":"https:\/\/tgrupcam.com\/index.php\/wp-json\/wp\/v2\/pages\/4923\/revisions"}],"wp:attachment":[{"href":"https:\/\/tgrupcam.com\/index.php\/wp-json\/wp\/v2\/media?parent=4923"}],"curies":[{"name":"wp","href":"https:\/\/api.w.org\/{rel}","templated":true}]}}