{"id":5007,"date":"2025-05-28T13:24:08","date_gmt":"2025-05-28T10:24:08","guid":{"rendered":"https:\/\/tgrupcam.com\/index.php\/yat-cami\/"},"modified":"2025-06-03T18:41:40","modified_gmt":"2025-06-03T15:41:40","slug":"yat-cami","status":"publish","type":"page","link":"https:\/\/tgrupcam.com\/index.php\/yat-cami\/?lang=tr","title":{"rendered":"Yat Cam\u0131"},"content":{"rendered":"\t\t<div data-elementor-type=\"wp-page\" data-elementor-id=\"5007\" class=\"elementor elementor-5007 elementor-3619\" data-elementor-post-type=\"page\">\n\t\t\t\t<div class=\"elementor-element elementor-element-79c9af8 e-con-full e-flex e-con e-parent\" data-id=\"79c9af8\" data-element_type=\"container\" data-e-type=\"container\" data-settings=\"{&quot;background_background&quot;:&quot;classic&quot;,&quot;shape_divider_bottom&quot;:&quot;opacity-fan&quot;}\">\n\t\t\t\t<div class=\"elementor-shape elementor-shape-bottom\" aria-hidden=\"true\" data-negative=\"false\">\n\t\t\t<svg xmlns=\"http:\/\/www.w3.org\/2000\/svg\" viewBox=\"0 0 283.5 19.6\" preserveAspectRatio=\"none\">\n\t<path class=\"elementor-shape-fill\" style=\"opacity:0.33\" d=\"M0 0L0 18.8 141.8 4.1 283.5 18.8 283.5 0z\"\/>\n\t<path class=\"elementor-shape-fill\" style=\"opacity:0.33\" d=\"M0 0L0 12.6 141.8 4 283.5 12.6 283.5 0z\"\/>\n\t<path class=\"elementor-shape-fill\" style=\"opacity:0.33\" d=\"M0 0L0 6.4 141.8 4 283.5 6.4 283.5 0z\"\/>\n\t<path class=\"elementor-shape-fill\" d=\"M0 0L0 1.2 141.8 4 283.5 1.2 283.5 0z\"\/>\n<\/svg>\t\t<\/div>\n\t\t\t\t<div class=\"elementor-element elementor-element-d85c1e5 elementor-widget elementor-widget-heading\" data-id=\"d85c1e5\" data-element_type=\"widget\" data-e-type=\"widget\" data-widget_type=\"heading.default\">\n\t\t\t\t<div class=\"elementor-widget-container\">\n\t\t\t\t\t<h2 class=\"elementor-heading-title elementor-size-default\">Yat Cam\u0131<\/h2>\t\t\t\t<\/div>\n\t\t\t\t<\/div>\n\t\t\t\t<\/div>\n\t\t<div class=\"elementor-element elementor-element-2cc499d e-flex e-con-boxed e-con e-parent\" data-id=\"2cc499d\" data-element_type=\"container\" data-e-type=\"container\">\n\t\t\t\t\t<div class=\"e-con-inner\">\n\t\t\t\t<div class=\"elementor-element elementor-element-4eeebef elementor-widget elementor-widget-heading\" data-id=\"4eeebef\" data-element_type=\"widget\" data-e-type=\"widget\" data-widget_type=\"heading.default\">\n\t\t\t\t<div class=\"elementor-widget-container\">\n\t\t\t\t\t<h2 class=\"elementor-heading-title elementor-size-default\">Yat Cam\u0131<\/h2>\t\t\t\t<\/div>\n\t\t\t\t<\/div>\n\t\t\t\t<div class=\"elementor-element elementor-element-96ca51e elementor-widget elementor-widget-text-editor\" data-id=\"96ca51e\" data-element_type=\"widget\" data-e-type=\"widget\" data-widget_type=\"text-editor.default\">\n\t\t\t\t<div class=\"elementor-widget-container\">\n\t\t\t\t\t\t\t\t\t<p data-start=\"183\" data-end=\"506\"><strong data-start=\"186\" data-end=\"200\">T Grup Cam<\/strong> olarak, modern yat yap\u0131m\u0131n\u0131n yaln\u0131zca i\u015flevsellik i\u00e7in de\u011fil ayn\u0131 zamanda estetik farkl\u0131l\u0131k i\u00e7in de giderek daha fazla cam kulland\u0131\u011f\u0131n\u0131 anl\u0131yoruz. G\u00fcn\u00fcm\u00fcz\u00fcn s\u00fcper yat tasar\u0131mlar\u0131, cam\u0131n hem performans hem de stil sunmada merkezi bir rol oynad\u0131\u011f\u0131 geni\u015f camlar, kavisli formlar ve kusursuz entegrasyona sahiptir.<\/p>\n<p data-start=\"508\" data-end=\"936\">Yirmi y\u0131l\u0131 a\u015fk\u0131n uzmanl\u0131\u011f\u0131m\u0131z ve <strong data-start=\"586\" data-end=\"622\">250&#8217;den fazla uluslararas\u0131 deniz arac\u0131nda<\/strong> elde etti\u011fimiz ba\u015far\u0131 ge\u00e7mi\u015fimizle, tersanelere, mimarlara ve yat sahiplerine deniz s\u0131n\u0131f\u0131 cam \u00e7\u00f6z\u00fcmlerinden olu\u015fan \u00f6zenle haz\u0131rlanm\u0131\u015f bir portf\u00f6y sunuyoruz. Her \u00fcr\u00fcn, l\u00fcks yat\u00e7\u0131l\u0131kta beklenen zarafeti korurken, denizin benzersiz zorluklar\u0131na (UV maruziyeti, tuzlu su korozyonu, bas\u0131n\u00e7 farklar\u0131 ve mekanik stres) dayanacak \u015fekilde tasarlanm\u0131\u015ft\u0131r.<\/p>\n<p data-start=\"938\" data-end=\"965\">\u00dcr\u00fcn yelpazemiz \u015funlar\u0131 i\u00e7erir:<\/p>\n<ul data-start=\"967\" data-end=\"1307\">\n<li data-start=\"967\" data-end=\"1020\">\n<p data-start=\"969\" data-end=\"1020\"><strong data-start=\"969\" data-end=\"1018\">Kimyasal ve Termal Olarak G\u00fc\u00e7lendirilmi\u015f Deniz Cam\u0131<\/strong><\/p>\n<\/li>\n<li data-start=\"1021\" data-end=\"1083\">\n<p data-start=\"1023\" data-end=\"1083\"><strong data-start=\"1023\" data-end=\"1081\">Lamine G\u00fcvenlik ve Kenar Korumal\u0131 G\u00fcvenlik Cam\u0131<\/strong><\/p>\n<\/li>\n<li data-start=\"1084\" data-end=\"1125\">\n<p data-start=\"1086\" data-end=\"1125\"><strong data-start=\"1086\" data-end=\"1123\">Kavisli ve Is\u0131tmal\u0131 Cam \u00c7\u00f6z\u00fcmleri<\/strong><\/p>\n<\/li>\n<li data-start=\"1126\" data-end=\"1184\">\n<p data-start=\"1128\" data-end=\"1184\"><strong data-start=\"1128\" data-end=\"1182\">Elektromanyetik Giri\u015fim (EMI) Korumal\u0131 Cam<\/strong><\/p>\n<\/li>\n<li data-start=\"1185\" data-end=\"1245\">\n<p data-start=\"1187\" data-end=\"1245\"><strong data-start=\"1187\" data-end=\"1243\">S\u00fcrd\u00fcr\u00fclebilir Enerji i\u00e7in Fotovoltaik Entegre Cam<\/strong><\/p>\n<\/li>\n<li data-start=\"1246\" data-end=\"1307\">\n<p data-start=\"1248\" data-end=\"1307\"><strong data-start=\"1248\" data-end=\"1307\">\u00d6zel Dijital Bask\u0131l\u0131 ve Serigrafi Dekoratif Cam<\/strong><\/p>\n<\/li>\n<\/ul>\n<p data-start=\"1309\" data-end=\"1523\">Konseptten tamamlanmaya kadar gemi mimarlar\u0131 ve proje m\u00fchendisleriyle yak\u0131n bir \u015fekilde \u00e7al\u0131\u015f\u0131yoruz; her cam panelinin <strong data-start=\"1435\" data-end=\"1458\">ger\u00e7ek yat standard\u0131n\u0131<\/strong> kar\u015f\u0131lamas\u0131n\u0131 sa\u011fl\u0131yoruz: e\u015fsiz berrakl\u0131k, \u00f6d\u00fcns\u00fcz g\u00fcvenlik ve kal\u0131c\u0131 dayan\u0131kl\u0131l\u0131k.<\/p>\n<p data-start=\"1525\" data-end=\"1692\">\u0130ster bir s\u00fcper yat in\u015fa ediyor olun, ister bir deniz arac\u0131n\u0131 yeniliyor olun, <strong data-start=\"1592\" data-end=\"1606\">T Grup Cam<\/strong> vizyonu, yenilik\u00e7ili\u011fi ve tavizsiz kaliteyi yans\u0131tan cam \u00e7\u00f6z\u00fcmleri sunar.<\/p>\n\t\t\t\t\t\t\t\t<\/div>\n\t\t\t\t<\/div>\n\t\t\t\t\t<\/div>\n\t\t\t\t<\/div>\n\t\t<div class=\"elementor-element elementor-element-8d613f1 e-flex e-con-boxed e-con e-parent\" data-id=\"8d613f1\" data-element_type=\"container\" data-e-type=\"container\">\n\t\t\t\t\t<div class=\"e-con-inner\">\n\t\t<div class=\"elementor-element elementor-element-94becf6 e-con-full e-flex e-con e-child\" data-id=\"94becf6\" data-element_type=\"container\" data-e-type=\"container\" data-settings=\"{&quot;background_background&quot;:&quot;classic&quot;}\">\n\t\t\t\t<div class=\"elementor-element elementor-element-e06ee10 elementor-widget elementor-widget-heading\" data-id=\"e06ee10\" data-element_type=\"widget\" data-e-type=\"widget\" data-widget_type=\"heading.default\">\n\t\t\t\t<div class=\"elementor-widget-container\">\n\t\t\t\t\t<h2 class=\"elementor-heading-title elementor-size-default\"><a href=\"https:\/\/tgrupcam.com\/index.php\/pazar-teklifi\/ozel-cam\/kavisli-tavlanmis-cam\/?lang=tr\">Tavlanm\u0131\u015f E\u011fri<\/a><\/h2>\t\t\t\t<\/div>\n\t\t\t\t<\/div>\n\t\t\t\t<\/div>\n\t\t<div class=\"elementor-element elementor-element-5b36c7b e-con-full e-flex e-con e-child\" data-id=\"5b36c7b\" data-element_type=\"container\" data-e-type=\"container\" data-settings=\"{&quot;background_background&quot;:&quot;classic&quot;}\">\n\t\t\t\t<div class=\"elementor-element elementor-element-a11e9c1 elementor-widget elementor-widget-heading\" data-id=\"a11e9c1\" data-element_type=\"widget\" data-e-type=\"widget\" data-widget_type=\"heading.default\">\n\t\t\t\t<div class=\"elementor-widget-container\">\n\t\t\t\t\t<h2 class=\"elementor-heading-title elementor-size-default\"><a href=\"https:\/\/tgrupcam.com\/index.php\/pazar-teklifi\/ozel-cam\/lamine-cam\/?lang=tr\">Laminasyon<\/a><\/h2>\t\t\t\t<\/div>\n\t\t\t\t<\/div>\n\t\t\t\t<\/div>\n\t\t<div class=\"elementor-element elementor-element-c5f9aac e-con-full e-flex e-con e-child\" data-id=\"c5f9aac\" data-element_type=\"container\" data-e-type=\"container\" data-settings=\"{&quot;background_background&quot;:&quot;classic&quot;}\">\n\t\t\t\t<div class=\"elementor-element elementor-element-dd528a3 elementor-widget elementor-widget-heading\" data-id=\"dd528a3\" data-element_type=\"widget\" data-e-type=\"widget\" data-widget_type=\"heading.default\">\n\t\t\t\t<div class=\"elementor-widget-container\">\n\t\t\t\t\t<h2 class=\"elementor-heading-title elementor-size-default\"><a href=\"https:\/\/tgrupcam.com\/index.php\/pazar-teklifi\/camli-uniteler\/gunes-kontrol-cami\/?lang=tr\">G\u00fcne\u015f Kontrol\u00fc<\/a><\/h2>\t\t\t\t<\/div>\n\t\t\t\t<\/div>\n\t\t\t\t<\/div>\n\t\t<div class=\"elementor-element elementor-element-b6865f9 e-con-full e-flex e-con e-child\" data-id=\"b6865f9\" data-element_type=\"container\" data-e-type=\"container\" data-settings=\"{&quot;background_background&quot;:&quot;classic&quot;}\">\n\t\t\t\t<div class=\"elementor-element elementor-element-40f9216 elementor-widget elementor-widget-heading\" data-id=\"40f9216\" data-element_type=\"widget\" data-e-type=\"widget\" data-widget_type=\"heading.default\">\n\t\t\t\t<div class=\"elementor-widget-container\">\n\t\t\t\t\t<h2 class=\"elementor-heading-title elementor-size-default\"><a href=\"https:\/\/tgrupcam.com\/index.php\/chemical-toughening\/\">Kimyasal Tavlama<\/a><\/h2>\t\t\t\t<\/div>\n\t\t\t\t<\/div>\n\t\t\t\t<\/div>\n\t\t\t\t\t<\/div>\n\t\t\t\t<\/div>\n\t\t<div class=\"elementor-element elementor-element-58f5486 e-flex e-con-boxed e-con e-parent\" data-id=\"58f5486\" data-element_type=\"container\" data-e-type=\"container\">\n\t\t\t\t\t<div class=\"e-con-inner\">\n\t\t<div class=\"elementor-element elementor-element-4539606 e-con-full e-flex e-con e-child\" data-id=\"4539606\" data-element_type=\"container\" data-e-type=\"container\" data-settings=\"{&quot;background_background&quot;:&quot;classic&quot;}\">\n\t\t\t\t<div class=\"elementor-element elementor-element-76f638d elementor-widget elementor-widget-heading\" data-id=\"76f638d\" data-element_type=\"widget\" data-e-type=\"widget\" data-widget_type=\"heading.default\">\n\t\t\t\t<div class=\"elementor-widget-container\">\n\t\t\t\t\t<h2 class=\"elementor-heading-title elementor-size-default\"><a href=\"https:\/\/tgrupcam.com\/index.php\/deniz-uygulamalari-icin-isitilabilir-pencereler\/?lang=tr\">Is\u0131tma<\/a><\/h2>\t\t\t\t<\/div>\n\t\t\t\t<\/div>\n\t\t\t\t<\/div>\n\t\t<div class=\"elementor-element elementor-element-1bdffc5 e-con-full e-flex e-con e-child\" data-id=\"1bdffc5\" data-element_type=\"container\" data-e-type=\"container\" data-settings=\"{&quot;background_background&quot;:&quot;classic&quot;}\">\n\t\t\t\t<div class=\"elementor-element elementor-element-b48fabb elementor-widget elementor-widget-heading\" data-id=\"b48fabb\" data-element_type=\"widget\" data-e-type=\"widget\" data-widget_type=\"heading.default\">\n\t\t\t\t<div class=\"elementor-widget-container\">\n\t\t\t\t\t<h2 class=\"elementor-heading-title elementor-size-default\"><a href=\"https:\/\/tgrupcam.com\/index.php\/pazar-teklifi\/ozel-cam\/dijital-baski\/?lang=tr\">Bask\u0131 ve Tasar\u0131m<\/a><\/h2>\t\t\t\t<\/div>\n\t\t\t\t<\/div>\n\t\t\t\t<\/div>\n\t\t<div class=\"elementor-element elementor-element-b5a1483 e-con-full e-flex e-con e-child\" data-id=\"b5a1483\" data-element_type=\"container\" data-e-type=\"container\" data-settings=\"{&quot;background_background&quot;:&quot;classic&quot;}\">\n\t\t\t\t<div class=\"elementor-element elementor-element-708b14e elementor-widget elementor-widget-heading\" data-id=\"708b14e\" data-element_type=\"widget\" data-e-type=\"widget\" data-widget_type=\"heading.default\">\n\t\t\t\t<div class=\"elementor-widget-container\">\n\t\t\t\t\t<h2 class=\"elementor-heading-title elementor-size-default\"><a href=\"https:\/\/tgrupcam.com\/index.php\/lamine-cam-kenar-korumasi\/?lang=tr\">Kenar Korumas\u0131<\/a><\/h2>\t\t\t\t<\/div>\n\t\t\t\t<\/div>\n\t\t\t\t<\/div>\n\t\t<div class=\"elementor-element elementor-element-906e34a e-con-full e-flex e-con e-child\" data-id=\"906e34a\" data-element_type=\"container\" data-e-type=\"container\" data-settings=\"{&quot;background_background&quot;:&quot;classic&quot;}\">\n\t\t\t\t<div class=\"elementor-element elementor-element-de8aac7 elementor-widget elementor-widget-heading\" data-id=\"de8aac7\" data-element_type=\"widget\" data-e-type=\"widget\" data-widget_type=\"heading.default\">\n\t\t\t\t<div class=\"elementor-widget-container\">\n\t\t\t\t\t<h2 class=\"elementor-heading-title elementor-size-default\"><a href=\"https:\/\/tgrupcam.com\/index.php\/entegre-fotovoltaik-cam-ile-temiz-ve-yenilenebilir-enerji\/?lang=tr\">Fotovoltaik Cam<\/a><\/h2>\t\t\t\t<\/div>\n\t\t\t\t<\/div>\n\t\t\t\t<\/div>\n\t\t\t\t\t<\/div>\n\t\t\t\t<\/div>\n\t\t<div class=\"elementor-element elementor-element-862d6cc e-flex e-con-boxed e-con e-parent\" data-id=\"862d6cc\" data-element_type=\"container\" data-e-type=\"container\">\n\t\t\t\t\t<div class=\"e-con-inner\">\n\t\t<div class=\"elementor-element elementor-element-fbd8dc0 e-con-full e-flex e-con e-child\" data-id=\"fbd8dc0\" data-element_type=\"container\" data-e-type=\"container\" data-settings=\"{&quot;background_background&quot;:&quot;classic&quot;}\">\n\t\t\t\t<div class=\"elementor-element elementor-element-f351ed1 elementor-widget elementor-widget-heading\" data-id=\"f351ed1\" data-element_type=\"widget\" data-e-type=\"widget\" data-widget_type=\"heading.default\">\n\t\t\t\t<div class=\"elementor-widget-container\">\n\t\t\t\t\t<h2 class=\"elementor-heading-title elementor-size-default\"><a href=\"https:\/\/tgrupcam.com\/index.php\/protection-against-electromagnetic-interference\/\">Elektromanyetik<\/a><\/h2>\t\t\t\t<\/div>\n\t\t\t\t<\/div>\n\t\t\t\t<\/div>\n\t\t<div class=\"elementor-element elementor-element-632ee8d e-con-full e-flex e-con e-child\" data-id=\"632ee8d\" data-element_type=\"container\" data-e-type=\"container\" data-settings=\"{&quot;background_background&quot;:&quot;classic&quot;}\">\n\t\t\t\t<\/div>\n\t\t<div class=\"elementor-element elementor-element-6b022e3 e-con-full e-flex e-con e-child\" data-id=\"6b022e3\" data-element_type=\"container\" data-e-type=\"container\" data-settings=\"{&quot;background_background&quot;:&quot;classic&quot;}\">\n\t\t\t\t<\/div>\n\t\t<div class=\"elementor-element elementor-element-05955df e-con-full e-flex e-con e-child\" data-id=\"05955df\" data-element_type=\"container\" data-e-type=\"container\" data-settings=\"{&quot;background_background&quot;:&quot;classic&quot;}\">\n\t\t\t\t<\/div>\n\t\t\t\t\t<\/div>\n\t\t\t\t<\/div>\n\t\t\t\t<\/div>\n\t\t","protected":false},"excerpt":{"rendered":"<p>Yat Cam\u0131 Yat Cam\u0131 T Grup Cam olarak, modern yat yap\u0131m\u0131n\u0131n yaln\u0131zca i\u015flevsellik i\u00e7in de\u011fil ayn\u0131 zamanda estetik farkl\u0131l\u0131k i\u00e7in de giderek daha fazla cam kulland\u0131\u011f\u0131n\u0131 anl\u0131yoruz. G\u00fcn\u00fcm\u00fcz\u00fcn s\u00fcper yat tasar\u0131mlar\u0131, cam\u0131n hem performans hem de stil sunmada merkezi bir rol oynad\u0131\u011f\u0131 geni\u015f camlar, kavisli formlar ve kusursuz entegrasyona sahiptir. Yirmi y\u0131l\u0131 a\u015fk\u0131n uzmanl\u0131\u011f\u0131m\u0131z ve [&hellip;]<\/p>\n","protected":false},"author":1,"featured_media":0,"parent":0,"menu_order":0,"comment_status":"closed","ping_status":"closed","template":"elementor_header_footer","meta":{"footnotes":""},"class_list":["post-5007","page","type-page","status-publish","hentry"],"_links":{"self":[{"href":"https:\/\/tgrupcam.com\/index.php\/wp-json\/wp\/v2\/pages\/5007","targetHints":{"allow":["GET"]}}],"collection":[{"href":"https:\/\/tgrupcam.com\/index.php\/wp-json\/wp\/v2\/pages"}],"about":[{"href":"https:\/\/tgrupcam.com\/index.php\/wp-json\/wp\/v2\/types\/page"}],"author":[{"embeddable":true,"href":"https:\/\/tgrupcam.com\/index.php\/wp-json\/wp\/v2\/users\/1"}],"replies":[{"embeddable":true,"href":"https:\/\/tgrupcam.com\/index.php\/wp-json\/wp\/v2\/comments?post=5007"}],"version-history":[{"count":0,"href":"https:\/\/tgrupcam.com\/index.php\/wp-json\/wp\/v2\/pages\/5007\/revisions"}],"wp:attachment":[{"href":"https:\/\/tgrupcam.com\/index.php\/wp-json\/wp\/v2\/media?parent=5007"}],"curies":[{"name":"wp","href":"https:\/\/api.w.org\/{rel}","templated":true}]}}