{"id":5011,"date":"2025-05-28T13:24:08","date_gmt":"2025-05-28T10:24:08","guid":{"rendered":"https:\/\/tgrupcam.com\/index.php\/yacht-glass\/"},"modified":"2025-06-03T18:50:49","modified_gmt":"2025-06-03T15:50:49","slug":"yacht-glass","status":"publish","type":"page","link":"https:\/\/tgrupcam.com\/index.php\/yacht-glass\/?lang=ro","title":{"rendered":"Yacht Glass"},"content":{"rendered":"\t\t<div data-elementor-type=\"wp-page\" data-elementor-id=\"5011\" class=\"elementor elementor-5011 elementor-3619\" data-elementor-post-type=\"page\">\n\t\t\t\t<div class=\"elementor-element elementor-element-79c9af8 e-con-full e-flex e-con e-parent\" data-id=\"79c9af8\" data-element_type=\"container\" data-e-type=\"container\" data-settings=\"{&quot;background_background&quot;:&quot;classic&quot;,&quot;shape_divider_bottom&quot;:&quot;opacity-fan&quot;}\">\n\t\t\t\t<div class=\"elementor-shape elementor-shape-bottom\" aria-hidden=\"true\" data-negative=\"false\">\n\t\t\t<svg xmlns=\"http:\/\/www.w3.org\/2000\/svg\" viewBox=\"0 0 283.5 19.6\" preserveAspectRatio=\"none\">\n\t<path class=\"elementor-shape-fill\" style=\"opacity:0.33\" d=\"M0 0L0 18.8 141.8 4.1 283.5 18.8 283.5 0z\"\/>\n\t<path class=\"elementor-shape-fill\" style=\"opacity:0.33\" d=\"M0 0L0 12.6 141.8 4 283.5 12.6 283.5 0z\"\/>\n\t<path class=\"elementor-shape-fill\" style=\"opacity:0.33\" d=\"M0 0L0 6.4 141.8 4 283.5 6.4 283.5 0z\"\/>\n\t<path class=\"elementor-shape-fill\" d=\"M0 0L0 1.2 141.8 4 283.5 1.2 283.5 0z\"\/>\n<\/svg>\t\t<\/div>\n\t\t\t\t<div class=\"elementor-element elementor-element-d85c1e5 elementor-widget elementor-widget-heading\" data-id=\"d85c1e5\" data-element_type=\"widget\" data-e-type=\"widget\" data-widget_type=\"heading.default\">\n\t\t\t\t<div class=\"elementor-widget-container\">\n\t\t\t\t\t<h2 class=\"elementor-heading-title elementor-size-default\">Yacht Glass<\/h2>\t\t\t\t<\/div>\n\t\t\t\t<\/div>\n\t\t\t\t<\/div>\n\t\t<div class=\"elementor-element elementor-element-2cc499d e-flex e-con-boxed e-con e-parent\" data-id=\"2cc499d\" data-element_type=\"container\" data-e-type=\"container\">\n\t\t\t\t\t<div class=\"e-con-inner\">\n\t\t\t\t<div class=\"elementor-element elementor-element-4eeebef elementor-widget elementor-widget-heading\" data-id=\"4eeebef\" data-element_type=\"widget\" data-e-type=\"widget\" data-widget_type=\"heading.default\">\n\t\t\t\t<div class=\"elementor-widget-container\">\n\t\t\t\t\t<h2 class=\"elementor-heading-title elementor-size-default\">Yacht Glass<\/h2>\t\t\t\t<\/div>\n\t\t\t\t<\/div>\n\t\t\t\t<div class=\"elementor-element elementor-element-96ca51e elementor-widget elementor-widget-text-editor\" data-id=\"96ca51e\" data-element_type=\"widget\" data-e-type=\"widget\" data-widget_type=\"text-editor.default\">\n\t\t\t\t<div class=\"elementor-widget-container\">\n\t\t\t\t\t\t\t\t\t<p data-start=\"183\" data-end=\"506\">Ko <strong data-start=\"186\" data-end=\"200\">T Grup Cam<\/strong>, amen ha\u0107aras kaj e moderno jahtaki konstrukcia maj but dependil pe staklo na numaj vash e funkcionaliteta numaj vi vash e estetikani distinkcia. E avdiveskere superjahtake dizajnia si len ekspanzivno glazura, kurve forme, thaj bi-problemosqi integr\u00e0cia\u2014kaj o staklo khelel jekh centralo r\u00f2lo an\u03b8-o del performanso thaj stilo.<\/p>\n<p data-start=\"508\" data-end=\"936\">Sas maj but de\u015be dekada ekspert\u00ecza thaj jekh rekordo suksesosqo an\u03b8-e maj but desar <strong data-start=\"508\" data-end=\"936\">2025 ma\u0161karthemutne maripnaske be\u015bimata<\/strong>, amen das e \u015berutnenge, e arxitekturenqe thaj e jahtenqe ga\u017aenqe jekh portfolio kerdo va\u015b e maripnaske \u015bukar solucie. Sako produkto si kerdo te \u015baj te inkrel e unikalune pharipa e maripnaske\u2014UV ekspozicia, korozia e \u015bukar pajesqi, diferencie e presiake, thaj mekanikano streso\u2014thaj te inkrel i eleganca savi a\u017aukerel pes an\u03b8-o luksuzno jahting.<\/p>\n<p data-start=\"938\" data-end=\"965\">Amaro produktosqo spektro si: data-end=&#8221;1307&#8243;><\/p>\n<li data-start=\"967\" data-end=\"1020\">\n<p data-start=\"969\" data-end=\"1020\"><strong data-start=\"969\" data-end=\"1018\">Hemically &amp; Thermically Toughened Marine Glass<\/strong><\/p>\n<\/li>\n<li data-start=\"1021\" data-end=\"1083\">\n<p data-start=\"1023\" data-end=\"1083\"><strong data-start=\"1023\" data-end=\"1081\">Laminated Safety &amp; Security Glass with Edge Protection<\/strong><\/p>\n<\/li>\n<li data-start=\"1084\" data-end=\"1125\">\n<p data-start=\"1086\" data-end=\"1125\"><strong data-start=\"1086\" data-end=\"1123\">Kurve &amp; Heated Glazing Solutions<\/strong><\/p>\n<\/li>\n<li data-start=\"1126\" data-end=\"1184\">\n<p data-start=\"1128\" data-end=\"1184\"><strong data-start=\"1128\" data-end=\"1182\">Elektromagnetikani Interferencija (EMIGlazing)<\/strong><\/li>\n<p><\/ data-start=\"1185\" data-end=\"1245\"><\/p>\n<p data-start=\"1187\" data-end=\"1245\"><strong data-start=\"1187\" data-end=\"1243\">Photovoltaic-Integrated Glass for Sustainable Energy<\/strong><\/li>\n<li\/li\/start-2446\" data-end=\"1307\">\n<p data-start=\"1248\" data-end=\"1307\"><strong data-start=\"1248\" data-end=\"1307\">Custom Digital Printed and Silk-Screen Decorative Glass<\/strong><\/p>\n<\/li>\n<\/ul>\n<p data-start=\"1248\" data-end=\"1307\"> pashe e maripnaske arxitektonca thaj e projektoske in\u017eenjerenca katar o koncepto d\u017ei ko agorisardipe\u2014te sigurinel pes kaj sako panelo e staklosko resljarel o <strong data-start=\"1435\" data-end=\"1458\">\u0107a\u0107utno standardo e jahtako<\/strong>: bi-matchno klariteto, bi-kompromiso siguripe, thaj dureder zor.<\/p>\n<p data-start=\"1435\" data-end=\"1458\">&#8221; kana keres jekh superjahta vaj kana thoves jekh maripnasko bero, <strong data-start=\"1592\" data-end=\"1606\">T Grup Cam<\/strong> del solucie katar staklo save sikaven vizia, inovacia thaj bi-kompromisno kvaliteto.<\/p>\n\t\t\t\t\t\t\t\t<\/div>\n\t\t\t\t<\/div>\n\t\t\t\t\t<\/div>\n\t\t\t\t<\/div>\n\t\t<div class=\"elementor-element elementor-element-8d613f1 e-flex e-con-boxed e-con e-parent\" data-id=\"8d613f1\" data-element_type=\"container\" data-e-type=\"container\">\n\t\t\t\t\t<div class=\"e-con-inner\">\n\t\t<div class=\"elementor-element elementor-element-94becf6 e-con-full e-flex e-con e-child\" data-id=\"94becf6\" data-element_type=\"container\" data-e-type=\"container\" data-settings=\"{&quot;background_background&quot;:&quot;classic&quot;}\">\n\t\t\t\t<div class=\"elementor-element elementor-element-e06ee10 elementor-widget elementor-widget-heading\" data-id=\"e06ee10\" data-element_type=\"widget\" data-e-type=\"widget\" data-widget_type=\"heading.default\">\n\t\t\t\t<div class=\"elementor-widget-container\">\n\t\t\t\t\t<h2 class=\"elementor-heading-title elementor-size-default\"><a href=\"https:\/\/tgrupcam.com\/index.php\/oferta-de-piata\/sticla-speciala\/sticla-recoapta-curbata\/?lang=ro\">Kurva pherdo<\/a><\/h2>\t\t\t\t<\/div>\n\t\t\t\t<\/div>\n\t\t\t\t<\/div>\n\t\t<div class=\"elementor-element elementor-element-5b36c7b e-con-full e-flex e-con e-child\" data-id=\"5b36c7b\" data-element_type=\"container\" data-e-type=\"container\" data-settings=\"{&quot;background_background&quot;:&quot;classic&quot;}\">\n\t\t\t\t<div class=\"elementor-element elementor-element-a11e9c1 elementor-widget elementor-widget-heading\" data-id=\"a11e9c1\" data-element_type=\"widget\" data-e-type=\"widget\" data-widget_type=\"heading.default\">\n\t\t\t\t<div class=\"elementor-widget-container\">\n\t\t\t\t\t<h2 class=\"elementor-heading-title elementor-size-default\"><a href=\"https:\/\/tgrupcam.com\/index.php\/oferta-de-piata\/sticla-speciala\/sticla-laminata\/?lang=ro\">Lamin\u00e0cia<\/a><\/h2>\t\t\t\t<\/div>\n\t\t\t\t<\/div>\n\t\t\t\t<\/div>\n\t\t<div class=\"elementor-element elementor-element-c5f9aac e-con-full e-flex e-con e-child\" data-id=\"c5f9aac\" data-element_type=\"container\" data-e-type=\"container\" data-settings=\"{&quot;background_background&quot;:&quot;classic&quot;}\">\n\t\t\t\t<div class=\"elementor-element elementor-element-dd528a3 elementor-widget elementor-widget-heading\" data-id=\"dd528a3\" data-element_type=\"widget\" data-e-type=\"widget\" data-widget_type=\"heading.default\">\n\t\t\t\t<div class=\"elementor-widget-container\">\n\t\t\t\t\t<h2 class=\"elementor-heading-title elementor-size-default\"><a href=\"https:\/\/tgrupcam.com\/index.php\/oferta-de-piata\/unitati-vitrate\/solarno-kontrolno-staklo\/?lang=ro\">Solarno Kontrolo<\/a><\/h2>\t\t\t\t<\/div>\n\t\t\t\t<\/div>\n\t\t\t\t<\/div>\n\t\t<div class=\"elementor-element elementor-element-b6865f9 e-con-full e-flex e-con e-child\" data-id=\"b6865f9\" data-element_type=\"container\" data-e-type=\"container\" data-settings=\"{&quot;background_background&quot;:&quot;classic&quot;}\">\n\t\t\t\t<div class=\"elementor-element elementor-element-40f9216 elementor-widget elementor-widget-heading\" data-id=\"40f9216\" data-element_type=\"widget\" data-e-type=\"widget\" data-widget_type=\"heading.default\">\n\t\t\t\t<div class=\"elementor-widget-container\">\n\t\t\t\t\t<h2 class=\"elementor-heading-title elementor-size-default\"><a href=\"https:\/\/tgrupcam.com\/index.php\/chemical-toughening\/\">Temperiripe e ximikane<\/a><\/h2>\t\t\t\t<\/div>\n\t\t\t\t<\/div>\n\t\t\t\t<\/div>\n\t\t\t\t\t<\/div>\n\t\t\t\t<\/div>\n\t\t<div class=\"elementor-element elementor-element-58f5486 e-flex e-con-boxed e-con e-parent\" data-id=\"58f5486\" data-element_type=\"container\" data-e-type=\"container\">\n\t\t\t\t\t<div class=\"e-con-inner\">\n\t\t<div class=\"elementor-element elementor-element-4539606 e-con-full e-flex e-con e-child\" data-id=\"4539606\" data-element_type=\"container\" data-e-type=\"container\" data-settings=\"{&quot;background_background&quot;:&quot;classic&quot;}\">\n\t\t\t\t<div class=\"elementor-element elementor-element-76f638d elementor-widget elementor-widget-heading\" data-id=\"76f638d\" data-element_type=\"widget\" data-e-type=\"widget\" data-widget_type=\"heading.default\">\n\t\t\t\t<div class=\"elementor-widget-container\">\n\t\t\t\t\t<h2 class=\"elementor-heading-title elementor-size-default\"><a href=\"https:\/\/tgrupcam.com\/index.php\/phendura-save-saj-te-aven-tato-vas-e-maripnaske-aplikacie\/?lang=ro\">Toplina<\/a><\/h2>\t\t\t\t<\/div>\n\t\t\t\t<\/div>\n\t\t\t\t<\/div>\n\t\t<div class=\"elementor-element elementor-element-1bdffc5 e-con-full e-flex e-con e-child\" data-id=\"1bdffc5\" data-element_type=\"container\" data-e-type=\"container\" data-settings=\"{&quot;background_background&quot;:&quot;classic&quot;}\">\n\t\t\t\t<div class=\"elementor-element elementor-element-b48fabb elementor-widget elementor-widget-heading\" data-id=\"b48fabb\" data-element_type=\"widget\" data-e-type=\"widget\" data-widget_type=\"heading.default\">\n\t\t\t\t<div class=\"elementor-widget-container\">\n\t\t\t\t\t<h2 class=\"elementor-heading-title elementor-size-default\"><a href=\"https:\/\/tgrupcam.com\/index.php\/oferta-de-piata\/sticla-speciala\/imprimare-digitala\/?lang=ro\">Printo thaj Dizajno<\/a><\/h2>\t\t\t\t<\/div>\n\t\t\t\t<\/div>\n\t\t\t\t<\/div>\n\t\t<div class=\"elementor-element elementor-element-b5a1483 e-con-full e-flex e-con e-child\" data-id=\"b5a1483\" data-element_type=\"container\" data-e-type=\"container\" data-settings=\"{&quot;background_background&quot;:&quot;classic&quot;}\">\n\t\t\t\t<div class=\"elementor-element elementor-element-708b14e elementor-widget elementor-widget-heading\" data-id=\"708b14e\" data-element_type=\"widget\" data-e-type=\"widget\" data-widget_type=\"heading.default\">\n\t\t\t\t<div class=\"elementor-widget-container\">\n\t\t\t\t\t<h2 class=\"elementor-heading-title elementor-size-default\"><a href=\"https:\/\/tgrupcam.com\/index.php\/protekcia-e-kanturenqi-vas-laminaciaqo-staklo\/?lang=ro\">Protekcia e kanturenqi<\/a><\/h2>\t\t\t\t<\/div>\n\t\t\t\t<\/div>\n\t\t\t\t<\/div>\n\t\t<div class=\"elementor-element elementor-element-906e34a e-con-full e-flex e-con e-child\" data-id=\"906e34a\" data-element_type=\"container\" data-e-type=\"container\" data-settings=\"{&quot;background_background&quot;:&quot;classic&quot;}\">\n\t\t\t\t<div class=\"elementor-element elementor-element-de8aac7 elementor-widget elementor-widget-heading\" data-id=\"de8aac7\" data-element_type=\"widget\" data-e-type=\"widget\" data-widget_type=\"heading.default\">\n\t\t\t\t<div class=\"elementor-widget-container\">\n\t\t\t\t\t<h2 class=\"elementor-heading-title elementor-size-default\"><a href=\"https:\/\/tgrupcam.com\/index.php\/cuci-thaj-renovirime-energia-e-integrime-fotovoltaikane-staklosa\/?lang=ro\">Fotovoltaikano Staklo<\/a><\/h2>\t\t\t\t<\/div>\n\t\t\t\t<\/div>\n\t\t\t\t<\/div>\n\t\t\t\t\t<\/div>\n\t\t\t\t<\/div>\n\t\t<div class=\"elementor-element elementor-element-862d6cc e-flex e-con-boxed e-con e-parent\" data-id=\"862d6cc\" data-element_type=\"container\" data-e-type=\"container\">\n\t\t\t\t\t<div class=\"e-con-inner\">\n\t\t<div class=\"elementor-element elementor-element-fbd8dc0 e-con-full e-flex e-con e-child\" data-id=\"fbd8dc0\" data-element_type=\"container\" data-e-type=\"container\" data-settings=\"{&quot;background_background&quot;:&quot;classic&quot;}\">\n\t\t\t\t<div class=\"elementor-element elementor-element-f351ed1 elementor-widget elementor-widget-heading\" data-id=\"f351ed1\" data-element_type=\"widget\" data-e-type=\"widget\" data-widget_type=\"heading.default\">\n\t\t\t\t<div class=\"elementor-widget-container\">\n\t\t\t\t\t<h2 class=\"elementor-heading-title elementor-size-default\"><a href=\"https:\/\/tgrupcam.com\/index.php\/protection-against-electromagnetic-interference\/\">Elektromagnetikano<\/a><\/h2>\t\t\t\t<\/div>\n\t\t\t\t<\/div>\n\t\t\t\t<\/div>\n\t\t<div class=\"elementor-element elementor-element-632ee8d e-con-full e-flex e-con e-child\" data-id=\"632ee8d\" data-element_type=\"container\" data-e-type=\"container\" data-settings=\"{&quot;background_background&quot;:&quot;classic&quot;}\">\n\t\t\t\t<\/div>\n\t\t<div class=\"elementor-element elementor-element-6b022e3 e-con-full e-flex e-con e-child\" data-id=\"6b022e3\" data-element_type=\"container\" data-e-type=\"container\" data-settings=\"{&quot;background_background&quot;:&quot;classic&quot;}\">\n\t\t\t\t<\/div>\n\t\t<div class=\"elementor-element elementor-element-05955df e-con-full e-flex e-con e-child\" data-id=\"05955df\" data-element_type=\"container\" data-e-type=\"container\" data-settings=\"{&quot;background_background&quot;:&quot;classic&quot;}\">\n\t\t\t\t<\/div>\n\t\t\t\t\t<\/div>\n\t\t\t\t<\/div>\n\t\t\t\t<\/div>\n\t\t","protected":false},"excerpt":{"rendered":"<p>Yacht Glass Yacht Glass Ko T Grup Cam, amen ha\u0107aras kaj e moderno jahtaki konstrukcia maj but dependil pe staklo na numaj vash e funkcionaliteta numaj vi vash e estetikani distinkcia. E avdiveskere superjahtake dizajnia si len ekspanzivno glazura, kurve forme, thaj bi-problemosqi integr\u00e0cia\u2014kaj o staklo khelel jekh centralo r\u00f2lo an\u03b8-o del performanso thaj stilo. [&hellip;]<\/p>\n","protected":false},"author":1,"featured_media":0,"parent":0,"menu_order":0,"comment_status":"closed","ping_status":"closed","template":"elementor_header_footer","meta":{"footnotes":""},"class_list":["post-5011","page","type-page","status-publish","hentry"],"_links":{"self":[{"href":"https:\/\/tgrupcam.com\/index.php\/wp-json\/wp\/v2\/pages\/5011","targetHints":{"allow":["GET"]}}],"collection":[{"href":"https:\/\/tgrupcam.com\/index.php\/wp-json\/wp\/v2\/pages"}],"about":[{"href":"https:\/\/tgrupcam.com\/index.php\/wp-json\/wp\/v2\/types\/page"}],"author":[{"embeddable":true,"href":"https:\/\/tgrupcam.com\/index.php\/wp-json\/wp\/v2\/users\/1"}],"replies":[{"embeddable":true,"href":"https:\/\/tgrupcam.com\/index.php\/wp-json\/wp\/v2\/comments?post=5011"}],"version-history":[{"count":0,"href":"https:\/\/tgrupcam.com\/index.php\/wp-json\/wp\/v2\/pages\/5011\/revisions"}],"wp:attachment":[{"href":"https:\/\/tgrupcam.com\/index.php\/wp-json\/wp\/v2\/media?parent=5011"}],"curies":[{"name":"wp","href":"https:\/\/api.w.org\/{rel}","templated":true}]}}