{"id":5015,"date":"2025-05-28T13:24:08","date_gmt":"2025-05-28T10:24:08","guid":{"rendered":"https:\/\/tgrupcam.com\/index.php\/yacht-uveg\/"},"modified":"2025-06-03T18:53:31","modified_gmt":"2025-06-03T15:53:31","slug":"yacht-uveg","status":"publish","type":"page","link":"https:\/\/tgrupcam.com\/index.php\/yacht-uveg\/?lang=hu","title":{"rendered":"Yacht \u00fcveg"},"content":{"rendered":"\t\t<div data-elementor-type=\"wp-page\" data-elementor-id=\"5015\" class=\"elementor elementor-5015 elementor-3619\" data-elementor-post-type=\"page\">\n\t\t\t\t<div class=\"elementor-element elementor-element-79c9af8 e-con-full e-flex e-con e-parent\" data-id=\"79c9af8\" data-element_type=\"container\" data-e-type=\"container\" data-settings=\"{&quot;background_background&quot;:&quot;classic&quot;,&quot;shape_divider_bottom&quot;:&quot;opacity-fan&quot;}\">\n\t\t\t\t<div class=\"elementor-shape elementor-shape-bottom\" aria-hidden=\"true\" data-negative=\"false\">\n\t\t\t<svg xmlns=\"http:\/\/www.w3.org\/2000\/svg\" viewBox=\"0 0 283.5 19.6\" preserveAspectRatio=\"none\">\n\t<path class=\"elementor-shape-fill\" style=\"opacity:0.33\" d=\"M0 0L0 18.8 141.8 4.1 283.5 18.8 283.5 0z\"\/>\n\t<path class=\"elementor-shape-fill\" style=\"opacity:0.33\" d=\"M0 0L0 12.6 141.8 4 283.5 12.6 283.5 0z\"\/>\n\t<path class=\"elementor-shape-fill\" style=\"opacity:0.33\" d=\"M0 0L0 6.4 141.8 4 283.5 6.4 283.5 0z\"\/>\n\t<path class=\"elementor-shape-fill\" d=\"M0 0L0 1.2 141.8 4 283.5 1.2 283.5 0z\"\/>\n<\/svg>\t\t<\/div>\n\t\t\t\t<div class=\"elementor-element elementor-element-d85c1e5 elementor-widget elementor-widget-heading\" data-id=\"d85c1e5\" data-element_type=\"widget\" data-e-type=\"widget\" data-widget_type=\"heading.default\">\n\t\t\t\t<div class=\"elementor-widget-container\">\n\t\t\t\t\t<h2 class=\"elementor-heading-title elementor-size-default\">Yacht \u00fcveg<\/h2>\t\t\t\t<\/div>\n\t\t\t\t<\/div>\n\t\t\t\t<\/div>\n\t\t<div class=\"elementor-element elementor-element-2cc499d e-flex e-con-boxed e-con e-parent\" data-id=\"2cc499d\" data-element_type=\"container\" data-e-type=\"container\">\n\t\t\t\t\t<div class=\"e-con-inner\">\n\t\t\t\t<div class=\"elementor-element elementor-element-4eeebef elementor-widget elementor-widget-heading\" data-id=\"4eeebef\" data-element_type=\"widget\" data-e-type=\"widget\" data-widget_type=\"heading.default\">\n\t\t\t\t<div class=\"elementor-widget-container\">\n\t\t\t\t\t<h2 class=\"elementor-heading-title elementor-size-default\">Yacht \u00fcveg<\/h2>\t\t\t\t<\/div>\n\t\t\t\t<\/div>\n\t\t\t\t<div class=\"elementor-element elementor-element-96ca51e elementor-widget elementor-widget-text-editor\" data-id=\"96ca51e\" data-element_type=\"widget\" data-e-type=\"widget\" data-widget_type=\"text-editor.default\">\n\t\t\t\t<div class=\"elementor-widget-container\">\n\t\t\t\t\t\t\t\t\t<p data-start=\"183\" data-end=\"506\">A <strong data-start=\"186\" data-end=\"200\">T Grup Cam<\/strong>-n\u00e1l meg\u00e9rtj\u00fck, hogy a modern jacht\u00e9p\u00edt\u00e9s egyre ink\u00e1bb az \u00fcvegre t\u00e1maszkodik nemcsak a funkcionalit\u00e1s, hanem az eszt\u00e9tikai megk\u00fcl\u00f6nb\u00f6ztet\u00e9s miatt is. A mai szuperjachtok tervez\u00e9se kiterjedt \u00fcvegez\u00e9st, \u00edvelt form\u00e1kat \u00e9s z\u00f6kken\u0151mentes integr\u00e1ci\u00f3t k\u00edn\u00e1l \u2013 ahol az \u00fcveg k\u00f6zponti szerepet j\u00e1tszik mind a teljes\u00edtm\u00e9ny, mind a st\u00edlus biztos\u00edt\u00e1s\u00e1ban.<\/p>\n<p data-start=\"508\" data-end=\"936\">T\u00f6bb mint k\u00e9t \u00e9vtizedes szak\u00e9rtelemmel \u00e9s t\u00f6bb mint <strong data-start=\"586\" data-end=\"622\">250 nemzetk\u00f6zi tengeri haj\u00f3n<\/strong> el\u00e9rt sikert\u00f6rt\u00e9nettel haj\u00f3gy\u00e1raknak, \u00e9p\u00edt\u00e9szeknek \u00e9s jachttulajdonosoknak k\u00edn\u00e1lunk tengeri min\u0151s\u00e9g\u0171 \u00fcvegmegold\u00e1sok gondosan v\u00e1logatott portf\u00f3li\u00f3j\u00e1t. Minden egyes term\u00e9ket \u00fagy tervez\u00fcnk, hogy ellen\u00e1lljon a tenger egyedi kih\u00edv\u00e1sainak \u2013 UV-sug\u00e1rz\u00e1snak, s\u00f3sv\u00edzi korr\u00f3zi\u00f3nak, nyom\u00e1sk\u00fcl\u00f6nbs\u00e9geknek \u00e9s mechanikai ig\u00e9nybev\u00e9telnek \u2013, mik\u00f6zben meg\u0151rzi a luxusjachtokt\u00f3l elv\u00e1rt eleganci\u00e1t.<\/p>\n<p data-start=\"938\" data-end=\"965\">Term\u00e9kk\u00edn\u00e1latunk a k\u00f6vetkez\u0151ket tartalmazza:<\/p>\n<ul data-start=\"967\" data-end=\"1307\">\n<li data-start=\"967\" data-end=\"1020\">\n<p data-start=\"969\" data-end=\"1020\"><strong data-start=\"969\" data-end=\"1018\">K\u00e9miailag \u00e9s h\u0151vel edzett tenger\u00e9szeti \u00fcveg<\/strong><\/p>\n<\/li>\n<li data-start=\"1021\" data-end=\"1083\">\n<p data-start=\"1023\" data-end=\"1083\"><strong data-start=\"1023\" data-end=\"1081\">Lamin\u00e1lt biztons\u00e1gi \u00e9s Biztons\u00e1gi \u00fcveg \u00e9lv\u00e9delemmel<\/strong><\/p>\n<\/li>\n<li data-start=\"1084\" data-end=\"1125\">\n<p data-start=\"1086\" data-end=\"1125\"><strong data-start=\"1086\" data-end=\"1123\">\u00cdvelt \u00e9s F\u0171t\u00f6tt \u00fcvegez\u00e9si megold\u00e1sok<\/strong><\/p>\n<\/li>\n<li data-start=\"1126\" data-end=\"1184\">\n<p data-start=\"1128\" data-end=\"1184\"><strong data-start=\"1128\" data-end=\"1182\">Elektrom\u00e1gneses interferencia (EMI) \u00e1rny\u00e9kol\u00f3 \u00fcveg<\/strong><\/p>\n<\/li>\n<li data-start=\"1185\" data-end=\"1245\">\n<p data-start=\"1187\" data-end=\"1245\"><strong data-start=\"1187\" data-end=\"1243\">Fotovoltaikus integr\u00e1lt \u00fcveg a fenntarthat\u00f3 energi\u00e1hoz<\/strong><\/p>\n<\/li>\n<li data-start=\"1246\" data-end=\"1307\">\n<p data-start=\"1248\" data-end=\"1307\"><strong data-start=\"1248\" data-end=\"1307\">Egyedi digit\u00e1lis nyomtat\u00e1s\u00fa \u00e9s szitanyom\u00e1sos dekor\u00e1ci\u00f3s \u00fcveg \u00dcveg<\/strong><\/p>\n<\/li>\n<\/ul>\n<p data-start=\"1309\" data-end=\"1523\">A koncepci\u00f3t\u00f3l a befejez\u00e9sig szorosan egy\u00fcttm\u0171k\u00f6d\u00fcnk haj\u00f3\u00e9p\u00edt\u00e9szekkel \u00e9s projektm\u00e9rn\u00f6k\u00f6kkel \u2013 biztos\u00edtva, hogy minden egyes \u00fcvegt\u00e1bla megfeleljen a <strong data-start=\"1435\" data-end=\"1458\">igazi jacht-szabv\u00e1nynak<\/strong>: p\u00e1ratlan tisztas\u00e1g, kompromisszumok n\u00e9lk\u00fcli biztons\u00e1g \u00e9s tart\u00f3s szil\u00e1rds\u00e1g.<\/p>\n<p data-start=\"1525\" data-end=\"1692\">Ak\u00e1r szuperjachtot \u00e9p\u00edt, ak\u00e1r tengeri haj\u00f3t \u00faj\u00edt fel, a <strong data-start=\"1592\" data-end=\"1606\">T Grup Cam<\/strong> olyan \u00fcvegmegold\u00e1sokat k\u00edn\u00e1l, amelyek a j\u00f6v\u0151k\u00e9pet, az innov\u00e1ci\u00f3t \u00e9s a kompromisszumok n\u00e9lk\u00fcli min\u0151s\u00e9get t\u00fckr\u00f6zik.<\/p>\n\t\t\t\t\t\t\t\t<\/div>\n\t\t\t\t<\/div>\n\t\t\t\t\t<\/div>\n\t\t\t\t<\/div>\n\t\t<div class=\"elementor-element elementor-element-8d613f1 e-flex e-con-boxed e-con e-parent\" data-id=\"8d613f1\" data-element_type=\"container\" data-e-type=\"container\">\n\t\t\t\t\t<div class=\"e-con-inner\">\n\t\t<div class=\"elementor-element elementor-element-94becf6 e-con-full e-flex e-con e-child\" data-id=\"94becf6\" data-element_type=\"container\" data-e-type=\"container\" data-settings=\"{&quot;background_background&quot;:&quot;classic&quot;}\">\n\t\t\t\t<div class=\"elementor-element elementor-element-e06ee10 elementor-widget elementor-widget-heading\" data-id=\"e06ee10\" data-element_type=\"widget\" data-e-type=\"widget\" data-widget_type=\"heading.default\">\n\t\t\t\t<div class=\"elementor-widget-container\">\n\t\t\t\t\t<h2 class=\"elementor-heading-title elementor-size-default\"><a href=\"https:\/\/tgrupcam.com\/index.php\/piaci-ajanlat\/specialis-uveg\/ivelt-lagyitott-uveg\/?lang=hu\">L\u00e1gy\u00edtott g\u00f6rbe<\/a><\/h2>\t\t\t\t<\/div>\n\t\t\t\t<\/div>\n\t\t\t\t<\/div>\n\t\t<div class=\"elementor-element elementor-element-5b36c7b e-con-full e-flex e-con e-child\" data-id=\"5b36c7b\" data-element_type=\"container\" data-e-type=\"container\" data-settings=\"{&quot;background_background&quot;:&quot;classic&quot;}\">\n\t\t\t\t<div class=\"elementor-element elementor-element-a11e9c1 elementor-widget elementor-widget-heading\" data-id=\"a11e9c1\" data-element_type=\"widget\" data-e-type=\"widget\" data-widget_type=\"heading.default\">\n\t\t\t\t<div class=\"elementor-widget-container\">\n\t\t\t\t\t<h2 class=\"elementor-heading-title elementor-size-default\"><a href=\"https:\/\/tgrupcam.com\/index.php\/piaci-ajanlat\/specialis-uveg\/laminalt-uveg\/?lang=hu\">Lamin\u00e1l\u00e1s<\/a><\/h2>\t\t\t\t<\/div>\n\t\t\t\t<\/div>\n\t\t\t\t<\/div>\n\t\t<div class=\"elementor-element elementor-element-c5f9aac e-con-full e-flex e-con e-child\" data-id=\"c5f9aac\" data-element_type=\"container\" data-e-type=\"container\" data-settings=\"{&quot;background_background&quot;:&quot;classic&quot;}\">\n\t\t\t\t<div class=\"elementor-element elementor-element-dd528a3 elementor-widget elementor-widget-heading\" data-id=\"dd528a3\" data-element_type=\"widget\" data-e-type=\"widget\" data-widget_type=\"heading.default\">\n\t\t\t\t<div class=\"elementor-widget-container\">\n\t\t\t\t\t<h2 class=\"elementor-heading-title elementor-size-default\"><a href=\"https:\/\/tgrupcam.com\/index.php\/piaci-ajanlat\/uvegezett-egysegek\/napvedo-uveg\/?lang=hu\">Napv\u00e9delem<\/a><\/h2>\t\t\t\t<\/div>\n\t\t\t\t<\/div>\n\t\t\t\t<\/div>\n\t\t<div class=\"elementor-element elementor-element-b6865f9 e-con-full e-flex e-con e-child\" data-id=\"b6865f9\" data-element_type=\"container\" data-e-type=\"container\" data-settings=\"{&quot;background_background&quot;:&quot;classic&quot;}\">\n\t\t\t\t<div class=\"elementor-element elementor-element-40f9216 elementor-widget elementor-widget-heading\" data-id=\"40f9216\" data-element_type=\"widget\" data-e-type=\"widget\" data-widget_type=\"heading.default\">\n\t\t\t\t<div class=\"elementor-widget-container\">\n\t\t\t\t\t<h2 class=\"elementor-heading-title elementor-size-default\"><a href=\"https:\/\/tgrupcam.com\/index.php\/chemical-toughening\/\">K\u00e9miai edz\u00e9s<\/a><\/h2>\t\t\t\t<\/div>\n\t\t\t\t<\/div>\n\t\t\t\t<\/div>\n\t\t\t\t\t<\/div>\n\t\t\t\t<\/div>\n\t\t<div class=\"elementor-element elementor-element-58f5486 e-flex e-con-boxed e-con e-parent\" data-id=\"58f5486\" data-element_type=\"container\" data-e-type=\"container\">\n\t\t\t\t\t<div class=\"e-con-inner\">\n\t\t<div class=\"elementor-element elementor-element-4539606 e-con-full e-flex e-con e-child\" data-id=\"4539606\" data-element_type=\"container\" data-e-type=\"container\" data-settings=\"{&quot;background_background&quot;:&quot;classic&quot;}\">\n\t\t\t\t<div class=\"elementor-element elementor-element-76f638d elementor-widget elementor-widget-heading\" data-id=\"76f638d\" data-element_type=\"widget\" data-e-type=\"widget\" data-widget_type=\"heading.default\">\n\t\t\t\t<div class=\"elementor-widget-container\">\n\t\t\t\t\t<h2 class=\"elementor-heading-title elementor-size-default\"><a href=\"https:\/\/tgrupcam.com\/index.php\/futheto-ablakok-hajozasi-alkalmazasokhoz\/?lang=hu\">F\u0171t\u00e9s<\/a><\/h2>\t\t\t\t<\/div>\n\t\t\t\t<\/div>\n\t\t\t\t<\/div>\n\t\t<div class=\"elementor-element elementor-element-1bdffc5 e-con-full e-flex e-con e-child\" data-id=\"1bdffc5\" data-element_type=\"container\" data-e-type=\"container\" data-settings=\"{&quot;background_background&quot;:&quot;classic&quot;}\">\n\t\t\t\t<div class=\"elementor-element elementor-element-b48fabb elementor-widget elementor-widget-heading\" data-id=\"b48fabb\" data-element_type=\"widget\" data-e-type=\"widget\" data-widget_type=\"heading.default\">\n\t\t\t\t<div class=\"elementor-widget-container\">\n\t\t\t\t\t<h2 class=\"elementor-heading-title elementor-size-default\"><a href=\"https:\/\/tgrupcam.com\/index.php\/piaci-ajanlat\/specialis-uveg\/digitalis-nyomtatas\/?lang=hu\">Nyomtat\u00e1s \u00e9s tervez\u00e9s<\/a><\/h2>\t\t\t\t<\/div>\n\t\t\t\t<\/div>\n\t\t\t\t<\/div>\n\t\t<div class=\"elementor-element elementor-element-b5a1483 e-con-full e-flex e-con e-child\" data-id=\"b5a1483\" data-element_type=\"container\" data-e-type=\"container\" data-settings=\"{&quot;background_background&quot;:&quot;classic&quot;}\">\n\t\t\t\t<div class=\"elementor-element elementor-element-708b14e elementor-widget elementor-widget-heading\" data-id=\"708b14e\" data-element_type=\"widget\" data-e-type=\"widget\" data-widget_type=\"heading.default\">\n\t\t\t\t<div class=\"elementor-widget-container\">\n\t\t\t\t\t<h2 class=\"elementor-heading-title elementor-size-default\"><a href=\"https:\/\/tgrupcam.com\/index.php\/laminalt-uveg-elvedelme\/?lang=hu\">\u00c9lv\u00e9delem<\/a><\/h2>\t\t\t\t<\/div>\n\t\t\t\t<\/div>\n\t\t\t\t<\/div>\n\t\t<div class=\"elementor-element elementor-element-906e34a e-con-full e-flex e-con e-child\" data-id=\"906e34a\" data-element_type=\"container\" data-e-type=\"container\" data-settings=\"{&quot;background_background&quot;:&quot;classic&quot;}\">\n\t\t\t\t<div class=\"elementor-element elementor-element-de8aac7 elementor-widget elementor-widget-heading\" data-id=\"de8aac7\" data-element_type=\"widget\" data-e-type=\"widget\" data-widget_type=\"heading.default\">\n\t\t\t\t<div class=\"elementor-widget-container\">\n\t\t\t\t\t<h2 class=\"elementor-heading-title elementor-size-default\"><a href=\"https:\/\/tgrupcam.com\/index.php\/tiszta-es-megujulo-energia-integralt-fotovoltaikus-uveggel\/?lang=hu\">Fotovoltaikus \u00fcveg<\/a><\/h2>\t\t\t\t<\/div>\n\t\t\t\t<\/div>\n\t\t\t\t<\/div>\n\t\t\t\t\t<\/div>\n\t\t\t\t<\/div>\n\t\t<div class=\"elementor-element elementor-element-862d6cc e-flex e-con-boxed e-con e-parent\" data-id=\"862d6cc\" data-element_type=\"container\" data-e-type=\"container\">\n\t\t\t\t\t<div class=\"e-con-inner\">\n\t\t<div class=\"elementor-element elementor-element-fbd8dc0 e-con-full e-flex e-con e-child\" data-id=\"fbd8dc0\" data-element_type=\"container\" data-e-type=\"container\" data-settings=\"{&quot;background_background&quot;:&quot;classic&quot;}\">\n\t\t\t\t<div class=\"elementor-element elementor-element-f351ed1 elementor-widget elementor-widget-heading\" data-id=\"f351ed1\" data-element_type=\"widget\" data-e-type=\"widget\" data-widget_type=\"heading.default\">\n\t\t\t\t<div class=\"elementor-widget-container\">\n\t\t\t\t\t<h2 class=\"elementor-heading-title elementor-size-default\"><a href=\"https:\/\/tgrupcam.com\/index.php\/protection-against-electromagnetic-interference\/\">Elektrom\u00e1gneses<\/a><\/h2>\t\t\t\t<\/div>\n\t\t\t\t<\/div>\n\t\t\t\t<\/div>\n\t\t<div class=\"elementor-element elementor-element-632ee8d e-con-full e-flex e-con e-child\" data-id=\"632ee8d\" data-element_type=\"container\" data-e-type=\"container\" data-settings=\"{&quot;background_background&quot;:&quot;classic&quot;}\">\n\t\t\t\t<\/div>\n\t\t<div class=\"elementor-element elementor-element-6b022e3 e-con-full e-flex e-con e-child\" data-id=\"6b022e3\" data-element_type=\"container\" data-e-type=\"container\" data-settings=\"{&quot;background_background&quot;:&quot;classic&quot;}\">\n\t\t\t\t<\/div>\n\t\t<div class=\"elementor-element elementor-element-05955df e-con-full e-flex e-con e-child\" data-id=\"05955df\" data-element_type=\"container\" data-e-type=\"container\" data-settings=\"{&quot;background_background&quot;:&quot;classic&quot;}\">\n\t\t\t\t<\/div>\n\t\t\t\t\t<\/div>\n\t\t\t\t<\/div>\n\t\t\t\t<\/div>\n\t\t","protected":false},"excerpt":{"rendered":"<p>Yacht \u00fcveg Yacht \u00fcveg A T Grup Cam-n\u00e1l meg\u00e9rtj\u00fck, hogy a modern jacht\u00e9p\u00edt\u00e9s egyre ink\u00e1bb az \u00fcvegre t\u00e1maszkodik nemcsak a funkcionalit\u00e1s, hanem az eszt\u00e9tikai megk\u00fcl\u00f6nb\u00f6ztet\u00e9s miatt is. A mai szuperjachtok tervez\u00e9se kiterjedt \u00fcvegez\u00e9st, \u00edvelt form\u00e1kat \u00e9s z\u00f6kken\u0151mentes integr\u00e1ci\u00f3t k\u00edn\u00e1l \u2013 ahol az \u00fcveg k\u00f6zponti szerepet j\u00e1tszik mind a teljes\u00edtm\u00e9ny, mind a st\u00edlus biztos\u00edt\u00e1s\u00e1ban. T\u00f6bb mint [&hellip;]<\/p>\n","protected":false},"author":1,"featured_media":0,"parent":0,"menu_order":0,"comment_status":"closed","ping_status":"closed","template":"elementor_header_footer","meta":{"footnotes":""},"class_list":["post-5015","page","type-page","status-publish","hentry"],"_links":{"self":[{"href":"https:\/\/tgrupcam.com\/index.php\/wp-json\/wp\/v2\/pages\/5015","targetHints":{"allow":["GET"]}}],"collection":[{"href":"https:\/\/tgrupcam.com\/index.php\/wp-json\/wp\/v2\/pages"}],"about":[{"href":"https:\/\/tgrupcam.com\/index.php\/wp-json\/wp\/v2\/types\/page"}],"author":[{"embeddable":true,"href":"https:\/\/tgrupcam.com\/index.php\/wp-json\/wp\/v2\/users\/1"}],"replies":[{"embeddable":true,"href":"https:\/\/tgrupcam.com\/index.php\/wp-json\/wp\/v2\/comments?post=5015"}],"version-history":[{"count":0,"href":"https:\/\/tgrupcam.com\/index.php\/wp-json\/wp\/v2\/pages\/5015\/revisions"}],"wp:attachment":[{"href":"https:\/\/tgrupcam.com\/index.php\/wp-json\/wp\/v2\/media?parent=5015"}],"curies":[{"name":"wp","href":"https:\/\/api.w.org\/{rel}","templated":true}]}}