{"id":5021,"date":"2025-05-28T13:24:08","date_gmt":"2025-05-28T10:24:08","guid":{"rendered":"https:\/\/tgrupcam.com\/index.php\/yachtglas\/"},"modified":"2025-06-03T18:57:51","modified_gmt":"2025-06-03T15:57:51","slug":"yachtglas","status":"publish","type":"page","link":"https:\/\/tgrupcam.com\/index.php\/yachtglas\/?lang=de","title":{"rendered":"Yachtglas"},"content":{"rendered":"\t\t<div data-elementor-type=\"wp-page\" data-elementor-id=\"5021\" class=\"elementor elementor-5021 elementor-3619\" data-elementor-post-type=\"page\">\n\t\t\t\t<div class=\"elementor-element elementor-element-79c9af8 e-con-full e-flex e-con e-parent\" data-id=\"79c9af8\" data-element_type=\"container\" data-e-type=\"container\" data-settings=\"{&quot;background_background&quot;:&quot;classic&quot;,&quot;shape_divider_bottom&quot;:&quot;opacity-fan&quot;}\">\n\t\t\t\t<div class=\"elementor-shape elementor-shape-bottom\" aria-hidden=\"true\" data-negative=\"false\">\n\t\t\t<svg xmlns=\"http:\/\/www.w3.org\/2000\/svg\" viewBox=\"0 0 283.5 19.6\" preserveAspectRatio=\"none\">\n\t<path class=\"elementor-shape-fill\" style=\"opacity:0.33\" d=\"M0 0L0 18.8 141.8 4.1 283.5 18.8 283.5 0z\"\/>\n\t<path class=\"elementor-shape-fill\" style=\"opacity:0.33\" d=\"M0 0L0 12.6 141.8 4 283.5 12.6 283.5 0z\"\/>\n\t<path class=\"elementor-shape-fill\" style=\"opacity:0.33\" d=\"M0 0L0 6.4 141.8 4 283.5 6.4 283.5 0z\"\/>\n\t<path class=\"elementor-shape-fill\" d=\"M0 0L0 1.2 141.8 4 283.5 1.2 283.5 0z\"\/>\n<\/svg>\t\t<\/div>\n\t\t\t\t<div class=\"elementor-element elementor-element-d85c1e5 elementor-widget elementor-widget-heading\" data-id=\"d85c1e5\" data-element_type=\"widget\" data-e-type=\"widget\" data-widget_type=\"heading.default\">\n\t\t\t\t<div class=\"elementor-widget-container\">\n\t\t\t\t\t<h2 class=\"elementor-heading-title elementor-size-default\">Yachtglas<\/h2>\t\t\t\t<\/div>\n\t\t\t\t<\/div>\n\t\t\t\t<\/div>\n\t\t<div class=\"elementor-element elementor-element-2cc499d e-flex e-con-boxed e-con e-parent\" data-id=\"2cc499d\" data-element_type=\"container\" data-e-type=\"container\">\n\t\t\t\t\t<div class=\"e-con-inner\">\n\t\t\t\t<div class=\"elementor-element elementor-element-4eeebef elementor-widget elementor-widget-heading\" data-id=\"4eeebef\" data-element_type=\"widget\" data-e-type=\"widget\" data-widget_type=\"heading.default\">\n\t\t\t\t<div class=\"elementor-widget-container\">\n\t\t\t\t\t<h2 class=\"elementor-heading-title elementor-size-default\">Yachtglas<\/h2>\t\t\t\t<\/div>\n\t\t\t\t<\/div>\n\t\t\t\t<div class=\"elementor-element elementor-element-96ca51e elementor-widget elementor-widget-text-editor\" data-id=\"96ca51e\" data-element_type=\"widget\" data-e-type=\"widget\" data-widget_type=\"text-editor.default\">\n\t\t\t\t<div class=\"elementor-widget-container\">\n\t\t\t\t\t\t\t\t\t<p data-start=\"183\" data-end=\"506\">Bei <strong data-start=\"186\" data-end=\"200\">T Grup Cam<\/strong> wissen wir, dass Glas im modernen Yachtbau zunehmend nicht nur aus funktionalen, sondern auch aus \u00e4sthetischen Gr\u00fcnden eine wichtige Rolle spielt. Moderne Superyacht-Designs zeichnen sich durch gro\u00dfz\u00fcgige Verglasungen, geschwungene Formen und nahtlose Integration aus \u2013 Glas spielt dabei eine zentrale Rolle f\u00fcr Leistung und Stil.<\/p>\n<p data-start=\"508\" data-end=\"936\">Mit \u00fcber zwei Jahrzehnten Erfahrung und einer Erfolgsbilanz auf \u00fcber <strong data-start=\"586\" data-end=\"622\">250 internationalen Schiffen<\/strong> bieten wir Werften, Architekten und Yachteignern ein sorgf\u00e4ltig ausgew\u00e4hltes Portfolio an Glasl\u00f6sungen in Marinequalit\u00e4t. Jedes Produkt ist so konstruiert, dass es den einzigartigen Herausforderungen des Meeres standh\u00e4lt \u2013 UV-Belastung, Salzwasserkorrosion, Druckunterschiede und mechanische Beanspruchung \u2013 und gleichzeitig die Eleganz bewahrt, die man von Luxusyachten erwartet.<\/p>\n<p data-start=\"938\" data-end=\"965\">Unsere Produktpalette umfasst:<\/p>\n<ul data-start=\"967\" data-end=\"1307\">\n<li data-start=\"967\" data-end=\"1020\">\n<p data-start=\"969\" data-end=\"1020\"><strong data-start=\"969\" data-end=\"1018\">Chemisch und thermisch geh\u00e4rtetes Marineglas<\/strong><\/p>\n<\/li>\n<li data-start=\"1021\" data-end=\"1083\">\n<p data-start=\"1023\" data-end=\"1083\"><strong data-start=\"1023\" data-end=\"1081\">Laminiertes Sicherheits- und Sicherheitsglas mit Kantenschutz<\/strong><\/p>\n<\/li>\n<li data-start=\"1084\" data-end=\"1125\">\n<p data-start=\"1086\" data-end=\"1125\"><strong data-start=\"1086\" data-end=\"1123\">Gebogen &amp; Beheizte Verglasungsl\u00f6sungen<\/strong><\/p>\n<\/li>\n<li data-start=\"1126\" data-end=\"1184\">\n<p data-start=\"1128\" data-end=\"1184\"><strong data-start=\"1128\" data-end=\"1182\">Elektromagnetische Interferenz (EMI) Schutzglas<\/strong><\/p>\n<\/li>\n<li data-start=\"1185\" data-end=\"1245\">\n<p data-start=\"1187\" data-end=\"1245\"><strong data-start=\"1187\" data-end=\"1243\">Photovoltaik-integriertes Glas f\u00fcr nachhaltige Energie<\/strong><\/p>\n<\/li>\n<li data-start=\"1246\" data-end=\"1307\">\n<p data-start=\"1248\" data-end=\"1307\"><strong data-start=\"1248\" data-end=\"1307\">Individuell bedruckte und bedruckte Dekorfolien Glas<\/strong><\/p>\n<\/li>\n<\/ul>\n<p data-start=\"1309\" data-end=\"1523\">Wir arbeiten vom Konzept bis zur Fertigstellung eng mit Schiffsarchitekten und Projektingenieuren zusammen und stellen sicher, dass jede Glasscheibe dem <strong data-start=\"1435\" data-end=\"1458\">wahren Yachtstandard<\/strong> entspricht: un\u00fcbertroffene Klarheit, kompromisslose Sicherheit und dauerhafte St\u00e4rke.<\/p>\n<p data-start=\"1525\" data-end=\"1692\">Ob Sie eine Superyacht bauen oder ein Schiff umr\u00fcsten, <strong data-start=\"1592\" data-end=\"1606\">T Grup Cam<\/strong> liefert Glasl\u00f6sungen, die Vision, Innovation und kompromisslose Qualit\u00e4t widerspiegeln.<\/p>\n\t\t\t\t\t\t\t\t<\/div>\n\t\t\t\t<\/div>\n\t\t\t\t\t<\/div>\n\t\t\t\t<\/div>\n\t\t<div class=\"elementor-element elementor-element-8d613f1 e-flex e-con-boxed e-con e-parent\" data-id=\"8d613f1\" data-element_type=\"container\" data-e-type=\"container\">\n\t\t\t\t\t<div class=\"e-con-inner\">\n\t\t<div class=\"elementor-element elementor-element-94becf6 e-con-full e-flex e-con e-child\" data-id=\"94becf6\" data-element_type=\"container\" data-e-type=\"container\" data-settings=\"{&quot;background_background&quot;:&quot;classic&quot;}\">\n\t\t\t\t<div class=\"elementor-element elementor-element-e06ee10 elementor-widget elementor-widget-heading\" data-id=\"e06ee10\" data-element_type=\"widget\" data-e-type=\"widget\" data-widget_type=\"heading.default\">\n\t\t\t\t<div class=\"elementor-widget-container\">\n\t\t\t\t\t<h2 class=\"elementor-heading-title elementor-size-default\"><a href=\"https:\/\/tgrupcam.com\/index.php\/marktangebot\/spezialglas\/gebogenes-gegluehtes-glas\/?lang=de\">Gegl\u00fchte Kurve<\/a><\/h2>\t\t\t\t<\/div>\n\t\t\t\t<\/div>\n\t\t\t\t<\/div>\n\t\t<div class=\"elementor-element elementor-element-5b36c7b e-con-full e-flex e-con e-child\" data-id=\"5b36c7b\" data-element_type=\"container\" data-e-type=\"container\" data-settings=\"{&quot;background_background&quot;:&quot;classic&quot;}\">\n\t\t\t\t<div class=\"elementor-element elementor-element-a11e9c1 elementor-widget elementor-widget-heading\" data-id=\"a11e9c1\" data-element_type=\"widget\" data-e-type=\"widget\" data-widget_type=\"heading.default\">\n\t\t\t\t<div class=\"elementor-widget-container\">\n\t\t\t\t\t<h2 class=\"elementor-heading-title elementor-size-default\"><a href=\"https:\/\/tgrupcam.com\/index.php\/marktangebot\/spezialglas\/laminiertes-glas\/?lang=de\">Laminating<\/a><\/h2>\t\t\t\t<\/div>\n\t\t\t\t<\/div>\n\t\t\t\t<\/div>\n\t\t<div class=\"elementor-element elementor-element-c5f9aac e-con-full e-flex e-con e-child\" data-id=\"c5f9aac\" data-element_type=\"container\" data-e-type=\"container\" data-settings=\"{&quot;background_background&quot;:&quot;classic&quot;}\">\n\t\t\t\t<div class=\"elementor-element elementor-element-dd528a3 elementor-widget elementor-widget-heading\" data-id=\"dd528a3\" data-element_type=\"widget\" data-e-type=\"widget\" data-widget_type=\"heading.default\">\n\t\t\t\t<div class=\"elementor-widget-container\">\n\t\t\t\t\t<h2 class=\"elementor-heading-title elementor-size-default\"><a href=\"https:\/\/tgrupcam.com\/index.php\/marktangebot\/verglaste-einheiten\/sonnenschutzglas\/?lang=de\">Sonnenschutz<\/a><\/h2>\t\t\t\t<\/div>\n\t\t\t\t<\/div>\n\t\t\t\t<\/div>\n\t\t<div class=\"elementor-element elementor-element-b6865f9 e-con-full e-flex e-con e-child\" data-id=\"b6865f9\" data-element_type=\"container\" data-e-type=\"container\" data-settings=\"{&quot;background_background&quot;:&quot;classic&quot;}\">\n\t\t\t\t<div class=\"elementor-element elementor-element-40f9216 elementor-widget elementor-widget-heading\" data-id=\"40f9216\" data-element_type=\"widget\" data-e-type=\"widget\" data-widget_type=\"heading.default\">\n\t\t\t\t<div class=\"elementor-widget-container\">\n\t\t\t\t\t<h2 class=\"elementor-heading-title elementor-size-default\"><a href=\"https:\/\/tgrupcam.com\/index.php\/chemical-toughening\/\">Chemisches Tempern<\/a><\/h2>\t\t\t\t<\/div>\n\t\t\t\t<\/div>\n\t\t\t\t<\/div>\n\t\t\t\t\t<\/div>\n\t\t\t\t<\/div>\n\t\t<div class=\"elementor-element elementor-element-58f5486 e-flex e-con-boxed e-con e-parent\" data-id=\"58f5486\" data-element_type=\"container\" data-e-type=\"container\">\n\t\t\t\t\t<div class=\"e-con-inner\">\n\t\t<div class=\"elementor-element elementor-element-4539606 e-con-full e-flex e-con e-child\" data-id=\"4539606\" data-element_type=\"container\" data-e-type=\"container\" data-settings=\"{&quot;background_background&quot;:&quot;classic&quot;}\">\n\t\t\t\t<div class=\"elementor-element elementor-element-76f638d elementor-widget elementor-widget-heading\" data-id=\"76f638d\" data-element_type=\"widget\" data-e-type=\"widget\" data-widget_type=\"heading.default\">\n\t\t\t\t<div class=\"elementor-widget-container\">\n\t\t\t\t\t<h2 class=\"elementor-heading-title elementor-size-default\"><a href=\"https:\/\/tgrupcam.com\/index.php\/beheizbare-fenster-fuer-marineanwendungen\/?lang=de\">Heizung<\/a><\/h2>\t\t\t\t<\/div>\n\t\t\t\t<\/div>\n\t\t\t\t<\/div>\n\t\t<div class=\"elementor-element elementor-element-1bdffc5 e-con-full e-flex e-con e-child\" data-id=\"1bdffc5\" data-element_type=\"container\" data-e-type=\"container\" data-settings=\"{&quot;background_background&quot;:&quot;classic&quot;}\">\n\t\t\t\t<div class=\"elementor-element elementor-element-b48fabb elementor-widget elementor-widget-heading\" data-id=\"b48fabb\" data-element_type=\"widget\" data-e-type=\"widget\" data-widget_type=\"heading.default\">\n\t\t\t\t<div class=\"elementor-widget-container\">\n\t\t\t\t\t<h2 class=\"elementor-heading-title elementor-size-default\"><a href=\"https:\/\/tgrupcam.com\/index.php\/marktangebot\/spezialglas\/digitaldruck\/?lang=de\">Druck und Design<\/a><\/h2>\t\t\t\t<\/div>\n\t\t\t\t<\/div>\n\t\t\t\t<\/div>\n\t\t<div class=\"elementor-element elementor-element-b5a1483 e-con-full e-flex e-con e-child\" data-id=\"b5a1483\" data-element_type=\"container\" data-e-type=\"container\" data-settings=\"{&quot;background_background&quot;:&quot;classic&quot;}\">\n\t\t\t\t<div class=\"elementor-element elementor-element-708b14e elementor-widget elementor-widget-heading\" data-id=\"708b14e\" data-element_type=\"widget\" data-e-type=\"widget\" data-widget_type=\"heading.default\">\n\t\t\t\t<div class=\"elementor-widget-container\">\n\t\t\t\t\t<h2 class=\"elementor-heading-title elementor-size-default\"><a href=\"https:\/\/tgrupcam.com\/index.php\/kantenschutz-fuer-verbundglas\/?lang=de\">Kantenschutz<\/a><\/h2>\t\t\t\t<\/div>\n\t\t\t\t<\/div>\n\t\t\t\t<\/div>\n\t\t<div class=\"elementor-element elementor-element-906e34a e-con-full e-flex e-con e-child\" data-id=\"906e34a\" data-element_type=\"container\" data-e-type=\"container\" data-settings=\"{&quot;background_background&quot;:&quot;classic&quot;}\">\n\t\t\t\t<div class=\"elementor-element elementor-element-de8aac7 elementor-widget elementor-widget-heading\" data-id=\"de8aac7\" data-element_type=\"widget\" data-e-type=\"widget\" data-widget_type=\"heading.default\">\n\t\t\t\t<div class=\"elementor-widget-container\">\n\t\t\t\t\t<h2 class=\"elementor-heading-title elementor-size-default\"><a href=\"https:\/\/tgrupcam.com\/index.php\/saubere-und-erneuerbare-energie-mit-integriertem-photovoltaikglas\/?lang=de\">Photovoltaikglas<\/a><\/h2>\t\t\t\t<\/div>\n\t\t\t\t<\/div>\n\t\t\t\t<\/div>\n\t\t\t\t\t<\/div>\n\t\t\t\t<\/div>\n\t\t<div class=\"elementor-element elementor-element-862d6cc e-flex e-con-boxed e-con e-parent\" data-id=\"862d6cc\" data-element_type=\"container\" data-e-type=\"container\">\n\t\t\t\t\t<div class=\"e-con-inner\">\n\t\t<div class=\"elementor-element elementor-element-fbd8dc0 e-con-full e-flex e-con e-child\" data-id=\"fbd8dc0\" data-element_type=\"container\" data-e-type=\"container\" data-settings=\"{&quot;background_background&quot;:&quot;classic&quot;}\">\n\t\t\t\t<div class=\"elementor-element elementor-element-f351ed1 elementor-widget elementor-widget-heading\" data-id=\"f351ed1\" data-element_type=\"widget\" data-e-type=\"widget\" data-widget_type=\"heading.default\">\n\t\t\t\t<div class=\"elementor-widget-container\">\n\t\t\t\t\t<h2 class=\"elementor-heading-title elementor-size-default\"><a href=\"https:\/\/tgrupcam.com\/index.php\/protection-against-electromagnetic-interference\/\">Elektromagnetisch<\/a><\/h2>\t\t\t\t<\/div>\n\t\t\t\t<\/div>\n\t\t\t\t<\/div>\n\t\t<div class=\"elementor-element elementor-element-632ee8d e-con-full e-flex e-con e-child\" data-id=\"632ee8d\" data-element_type=\"container\" data-e-type=\"container\" data-settings=\"{&quot;background_background&quot;:&quot;classic&quot;}\">\n\t\t\t\t<\/div>\n\t\t<div class=\"elementor-element elementor-element-6b022e3 e-con-full e-flex e-con e-child\" data-id=\"6b022e3\" data-element_type=\"container\" data-e-type=\"container\" data-settings=\"{&quot;background_background&quot;:&quot;classic&quot;}\">\n\t\t\t\t<\/div>\n\t\t<div class=\"elementor-element elementor-element-05955df e-con-full e-flex e-con e-child\" data-id=\"05955df\" data-element_type=\"container\" data-e-type=\"container\" data-settings=\"{&quot;background_background&quot;:&quot;classic&quot;}\">\n\t\t\t\t<\/div>\n\t\t\t\t\t<\/div>\n\t\t\t\t<\/div>\n\t\t\t\t<\/div>\n\t\t","protected":false},"excerpt":{"rendered":"<p>Yachtglas Yachtglas Bei T Grup Cam wissen wir, dass Glas im modernen Yachtbau zunehmend nicht nur aus funktionalen, sondern auch aus \u00e4sthetischen Gr\u00fcnden eine wichtige Rolle spielt. Moderne Superyacht-Designs zeichnen sich durch gro\u00dfz\u00fcgige Verglasungen, geschwungene Formen und nahtlose Integration aus \u2013 Glas spielt dabei eine zentrale Rolle f\u00fcr Leistung und Stil. Mit \u00fcber zwei Jahrzehnten [&hellip;]<\/p>\n","protected":false},"author":1,"featured_media":0,"parent":0,"menu_order":0,"comment_status":"closed","ping_status":"closed","template":"elementor_header_footer","meta":{"footnotes":""},"class_list":["post-5021","page","type-page","status-publish","hentry"],"_links":{"self":[{"href":"https:\/\/tgrupcam.com\/index.php\/wp-json\/wp\/v2\/pages\/5021","targetHints":{"allow":["GET"]}}],"collection":[{"href":"https:\/\/tgrupcam.com\/index.php\/wp-json\/wp\/v2\/pages"}],"about":[{"href":"https:\/\/tgrupcam.com\/index.php\/wp-json\/wp\/v2\/types\/page"}],"author":[{"embeddable":true,"href":"https:\/\/tgrupcam.com\/index.php\/wp-json\/wp\/v2\/users\/1"}],"replies":[{"embeddable":true,"href":"https:\/\/tgrupcam.com\/index.php\/wp-json\/wp\/v2\/comments?post=5021"}],"version-history":[{"count":0,"href":"https:\/\/tgrupcam.com\/index.php\/wp-json\/wp\/v2\/pages\/5021\/revisions"}],"wp:attachment":[{"href":"https:\/\/tgrupcam.com\/index.php\/wp-json\/wp\/v2\/media?parent=5021"}],"curies":[{"name":"wp","href":"https:\/\/api.w.org\/{rel}","templated":true}]}}