{"id":5023,"date":"2025-05-28T13:24:08","date_gmt":"2025-05-28T10:24:08","guid":{"rendered":"https:\/\/tgrupcam.com\/index.php\/verre-de-yacht\/"},"modified":"2025-06-03T18:59:41","modified_gmt":"2025-06-03T15:59:41","slug":"verre-de-yacht","status":"publish","type":"page","link":"https:\/\/tgrupcam.com\/index.php\/verre-de-yacht\/?lang=fr","title":{"rendered":"Verre de yacht"},"content":{"rendered":"\t\t<div data-elementor-type=\"wp-page\" data-elementor-id=\"5023\" class=\"elementor elementor-5023 elementor-3619\" data-elementor-post-type=\"page\">\n\t\t\t\t<div class=\"elementor-element elementor-element-79c9af8 e-con-full e-flex e-con e-parent\" data-id=\"79c9af8\" data-element_type=\"container\" data-e-type=\"container\" data-settings=\"{&quot;background_background&quot;:&quot;classic&quot;,&quot;shape_divider_bottom&quot;:&quot;opacity-fan&quot;}\">\n\t\t\t\t<div class=\"elementor-shape elementor-shape-bottom\" aria-hidden=\"true\" data-negative=\"false\">\n\t\t\t<svg xmlns=\"http:\/\/www.w3.org\/2000\/svg\" viewBox=\"0 0 283.5 19.6\" preserveAspectRatio=\"none\">\n\t<path class=\"elementor-shape-fill\" style=\"opacity:0.33\" d=\"M0 0L0 18.8 141.8 4.1 283.5 18.8 283.5 0z\"\/>\n\t<path class=\"elementor-shape-fill\" style=\"opacity:0.33\" d=\"M0 0L0 12.6 141.8 4 283.5 12.6 283.5 0z\"\/>\n\t<path class=\"elementor-shape-fill\" style=\"opacity:0.33\" d=\"M0 0L0 6.4 141.8 4 283.5 6.4 283.5 0z\"\/>\n\t<path class=\"elementor-shape-fill\" d=\"M0 0L0 1.2 141.8 4 283.5 1.2 283.5 0z\"\/>\n<\/svg>\t\t<\/div>\n\t\t\t\t<div class=\"elementor-element elementor-element-d85c1e5 elementor-widget elementor-widget-heading\" data-id=\"d85c1e5\" data-element_type=\"widget\" data-e-type=\"widget\" data-widget_type=\"heading.default\">\n\t\t\t\t<div class=\"elementor-widget-container\">\n\t\t\t\t\t<h2 class=\"elementor-heading-title elementor-size-default\">Verre de yacht<\/h2>\t\t\t\t<\/div>\n\t\t\t\t<\/div>\n\t\t\t\t<\/div>\n\t\t<div class=\"elementor-element elementor-element-2cc499d e-flex e-con-boxed e-con e-parent\" data-id=\"2cc499d\" data-element_type=\"container\" data-e-type=\"container\">\n\t\t\t\t\t<div class=\"e-con-inner\">\n\t\t\t\t<div class=\"elementor-element elementor-element-4eeebef elementor-widget elementor-widget-heading\" data-id=\"4eeebef\" data-element_type=\"widget\" data-e-type=\"widget\" data-widget_type=\"heading.default\">\n\t\t\t\t<div class=\"elementor-widget-container\">\n\t\t\t\t\t<h2 class=\"elementor-heading-title elementor-size-default\">Verre de yacht<\/h2>\t\t\t\t<\/div>\n\t\t\t\t<\/div>\n\t\t\t\t<div class=\"elementor-element elementor-element-96ca51e elementor-widget elementor-widget-text-editor\" data-id=\"96ca51e\" data-element_type=\"widget\" data-e-type=\"widget\" data-widget_type=\"text-editor.default\">\n\t\t\t\t<div class=\"elementor-widget-container\">\n\t\t\t\t\t\t\t\t\t<p data-start=\"183\" data-end=\"506\">Chez <strong data-start=\"186\" data-end=\"200\">T Grup Cam<\/strong>, nous comprenons que la construction de yachts modernes repose de plus en plus sur le verre, non seulement pour des raisons de fonctionnalit\u00e9, mais aussi pour son esth\u00e9tique. Les superyachts d&#8217;aujourd&#8217;hui se caract\u00e9risent par de vastes vitrages, des formes courbes et une int\u00e9gration harmonieuse, o\u00f9 le verre joue un r\u00f4le central pour allier performance et style.<\/p>\n<p data-start=\"508\" data-end=\"936\">Forts de plus de deux d\u00e9cennies d&#8217;expertise et d&#8217;un historique de r\u00e9ussite sur plus de <strong data-start=\"586\" data-end=\"622\">250 navires internationaux<\/strong>, nous proposons aux chantiers navals, aux architectes et aux propri\u00e9taires de yachts une gamme de solutions de verre de qualit\u00e9 marine soigneusement s\u00e9lectionn\u00e9es. Chaque produit est con\u00e7u pour r\u00e9sister aux d\u00e9fis uniques de la mer (exposition aux UV, corrosion par l&#8217;eau sal\u00e9e, diff\u00e9rences de pression et contraintes m\u00e9caniques), tout en conservant l&#8217;\u00e9l\u00e9gance attendue dans le yachting de luxe.<\/p>\n<p data-start=\"938\" data-end=\"965\">Notre gamme de produits comprend\u00a0:<\/p>\n<ul data-start=\"967\" data-end=\"1307\">\n<li data-start=\"967\" data-end=\"1020\">\n<p data-start=\"969\" data-end=\"1020\"><strong data-start=\"969\" data-end=\"1018\">Verre marin tremp\u00e9 chimiquement et thermiquement<\/strong><\/p>\n<\/li>\n<li data-start=\"1021\" data-end=\"1083\">\n<p data-start=\"1023\" data-end=\"1083\"><strong data-start=\"1023\" data-end=\"1081\">Verre de s\u00e9curit\u00e9 et Verre de s\u00e9curit\u00e9 avec protection des bords<\/strong><\/p>\n<\/li>\n<li data-start=\"1084\" data-end=\"1125\">\n<p data-start=\"1086\" data-end=\"1125\"><strong data-start=\"1086\" data-end=\"1123\">Verre incurv\u00e9 et Solutions de vitrage chauffant<\/strong><\/p>\n<\/li>\n<li data-start=\"1126\" data-end=\"1184\">\n<p data-start=\"1128\" data-end=\"1184\"><strong data-start=\"1128\" data-end=\"1182\">Verre de protection contre les interf\u00e9rences \u00e9lectromagn\u00e9tiques (EMI)<\/strong><\/p>\n<\/li>\n<li data-start=\"1185\" data-end=\"1245\">\n<p data-start=\"1187\" data-end=\"1245\"><strong data-start=\"1187\" data-end=\"1243\">Verre int\u00e9gr\u00e9 au photovolta\u00efque pour une \u00e9nergie durable<\/strong><\/p>\n<\/li>\n<li data-start=\"1246\" data-end=\"1307\">\n<p data-start=\"1248\" data-end=\"1307\"><strong data-start=\"1248\" data-end=\"1307\">Impression num\u00e9rique et s\u00e9rigraphie personnalis\u00e9es Verre d\u00e9coratif<\/strong><\/p>\n<\/li>\n<\/ul>\n<p data-start=\"1309\" data-end=\"1523\">Nous travaillons en \u00e9troite collaboration avec des architectes navals et des ing\u00e9nieurs de projet, de la conception \u00e0 la r\u00e9alisation, garantissant que chaque panneau de verre r\u00e9pond aux <strong data-start=\"1435\" data-end=\"1458\">v\u00e9ritables normes de yacht<\/strong>\u00a0: clart\u00e9 in\u00e9gal\u00e9e, s\u00e9curit\u00e9 sans compromis et r\u00e9sistance durable.<\/p>\n<p data-start=\"1525\" data-end=\"1692\">Que vous construisiez un superyacht ou que vous r\u00e9am\u00e9nagiez un navire, <strong data-start=\"1592\" data-end=\"1606\">T Grup Cam<\/strong> propose des solutions de verre qui refl\u00e8tent la vision, l&#8217;innovation et une qualit\u00e9 sans compromis.<\/p>\n\t\t\t\t\t\t\t\t<\/div>\n\t\t\t\t<\/div>\n\t\t\t\t\t<\/div>\n\t\t\t\t<\/div>\n\t\t<div class=\"elementor-element elementor-element-8d613f1 e-flex e-con-boxed e-con e-parent\" data-id=\"8d613f1\" data-element_type=\"container\" data-e-type=\"container\">\n\t\t\t\t\t<div class=\"e-con-inner\">\n\t\t<div class=\"elementor-element elementor-element-94becf6 e-con-full e-flex e-con e-child\" data-id=\"94becf6\" data-element_type=\"container\" data-e-type=\"container\" data-settings=\"{&quot;background_background&quot;:&quot;classic&quot;}\">\n\t\t\t\t<div class=\"elementor-element elementor-element-e06ee10 elementor-widget elementor-widget-heading\" data-id=\"e06ee10\" data-element_type=\"widget\" data-e-type=\"widget\" data-widget_type=\"heading.default\">\n\t\t\t\t<div class=\"elementor-widget-container\">\n\t\t\t\t\t<h2 class=\"elementor-heading-title elementor-size-default\"><a href=\"https:\/\/tgrupcam.com\/index.php\/offre-de-marche\/verre-special\/verre-recuit-incurve\/?lang=fr\">Courbe recuite<\/a><\/h2>\t\t\t\t<\/div>\n\t\t\t\t<\/div>\n\t\t\t\t<\/div>\n\t\t<div class=\"elementor-element elementor-element-5b36c7b e-con-full e-flex e-con e-child\" data-id=\"5b36c7b\" data-element_type=\"container\" data-e-type=\"container\" data-settings=\"{&quot;background_background&quot;:&quot;classic&quot;}\">\n\t\t\t\t<div class=\"elementor-element elementor-element-a11e9c1 elementor-widget elementor-widget-heading\" data-id=\"a11e9c1\" data-element_type=\"widget\" data-e-type=\"widget\" data-widget_type=\"heading.default\">\n\t\t\t\t<div class=\"elementor-widget-container\">\n\t\t\t\t\t<h2 class=\"elementor-heading-title elementor-size-default\"><a href=\"https:\/\/tgrupcam.com\/index.php\/offre-de-marche\/verre-special\/verre-feuillete\/?lang=fr\">Laminage<\/a><\/h2>\t\t\t\t<\/div>\n\t\t\t\t<\/div>\n\t\t\t\t<\/div>\n\t\t<div class=\"elementor-element elementor-element-c5f9aac e-con-full e-flex e-con e-child\" data-id=\"c5f9aac\" data-element_type=\"container\" data-e-type=\"container\" data-settings=\"{&quot;background_background&quot;:&quot;classic&quot;}\">\n\t\t\t\t<div class=\"elementor-element elementor-element-dd528a3 elementor-widget elementor-widget-heading\" data-id=\"dd528a3\" data-element_type=\"widget\" data-e-type=\"widget\" data-widget_type=\"heading.default\">\n\t\t\t\t<div class=\"elementor-widget-container\">\n\t\t\t\t\t<h2 class=\"elementor-heading-title elementor-size-default\"><a href=\"https:\/\/tgrupcam.com\/index.php\/offre-de-marche\/unites-vitrees\/verre-a-controle-solaire\/?lang=fr\">Contr\u00f4le solaire<\/a><\/h2>\t\t\t\t<\/div>\n\t\t\t\t<\/div>\n\t\t\t\t<\/div>\n\t\t<div class=\"elementor-element elementor-element-b6865f9 e-con-full e-flex e-con e-child\" data-id=\"b6865f9\" data-element_type=\"container\" data-e-type=\"container\" data-settings=\"{&quot;background_background&quot;:&quot;classic&quot;}\">\n\t\t\t\t<div class=\"elementor-element elementor-element-40f9216 elementor-widget elementor-widget-heading\" data-id=\"40f9216\" data-element_type=\"widget\" data-e-type=\"widget\" data-widget_type=\"heading.default\">\n\t\t\t\t<div class=\"elementor-widget-container\">\n\t\t\t\t\t<h2 class=\"elementor-heading-title elementor-size-default\"><a href=\"https:\/\/tgrupcam.com\/index.php\/chemical-toughening\/\">trempe chimique<\/a><\/h2>\t\t\t\t<\/div>\n\t\t\t\t<\/div>\n\t\t\t\t<\/div>\n\t\t\t\t\t<\/div>\n\t\t\t\t<\/div>\n\t\t<div class=\"elementor-element elementor-element-58f5486 e-flex e-con-boxed e-con e-parent\" data-id=\"58f5486\" data-element_type=\"container\" data-e-type=\"container\">\n\t\t\t\t\t<div class=\"e-con-inner\">\n\t\t<div class=\"elementor-element elementor-element-4539606 e-con-full e-flex e-con e-child\" data-id=\"4539606\" data-element_type=\"container\" data-e-type=\"container\" data-settings=\"{&quot;background_background&quot;:&quot;classic&quot;}\">\n\t\t\t\t<div class=\"elementor-element elementor-element-76f638d elementor-widget elementor-widget-heading\" data-id=\"76f638d\" data-element_type=\"widget\" data-e-type=\"widget\" data-widget_type=\"heading.default\">\n\t\t\t\t<div class=\"elementor-widget-container\">\n\t\t\t\t\t<h2 class=\"elementor-heading-title elementor-size-default\"><a href=\"https:\/\/tgrupcam.com\/index.php\/fenetres-chauffantes-pour-applications-marines\/?lang=fr\">Chauffage<\/a><\/h2>\t\t\t\t<\/div>\n\t\t\t\t<\/div>\n\t\t\t\t<\/div>\n\t\t<div class=\"elementor-element elementor-element-1bdffc5 e-con-full e-flex e-con e-child\" data-id=\"1bdffc5\" data-element_type=\"container\" data-e-type=\"container\" data-settings=\"{&quot;background_background&quot;:&quot;classic&quot;}\">\n\t\t\t\t<div class=\"elementor-element elementor-element-b48fabb elementor-widget elementor-widget-heading\" data-id=\"b48fabb\" data-element_type=\"widget\" data-e-type=\"widget\" data-widget_type=\"heading.default\">\n\t\t\t\t<div class=\"elementor-widget-container\">\n\t\t\t\t\t<h2 class=\"elementor-heading-title elementor-size-default\"><a href=\"https:\/\/tgrupcam.com\/index.php\/offre-de-marche\/verre-special\/impression-numerique\/?lang=fr\">Impression et conception<\/a><\/h2>\t\t\t\t<\/div>\n\t\t\t\t<\/div>\n\t\t\t\t<\/div>\n\t\t<div class=\"elementor-element elementor-element-b5a1483 e-con-full e-flex e-con e-child\" data-id=\"b5a1483\" data-element_type=\"container\" data-e-type=\"container\" data-settings=\"{&quot;background_background&quot;:&quot;classic&quot;}\">\n\t\t\t\t<div class=\"elementor-element elementor-element-708b14e elementor-widget elementor-widget-heading\" data-id=\"708b14e\" data-element_type=\"widget\" data-e-type=\"widget\" data-widget_type=\"heading.default\">\n\t\t\t\t<div class=\"elementor-widget-container\">\n\t\t\t\t\t<h2 class=\"elementor-heading-title elementor-size-default\"><a href=\"https:\/\/tgrupcam.com\/index.php\/protection-des-bords-pour-verre-feuillete\/?lang=fr\">Protection des bords<\/a><\/h2>\t\t\t\t<\/div>\n\t\t\t\t<\/div>\n\t\t\t\t<\/div>\n\t\t<div class=\"elementor-element elementor-element-906e34a e-con-full e-flex e-con e-child\" data-id=\"906e34a\" data-element_type=\"container\" data-e-type=\"container\" data-settings=\"{&quot;background_background&quot;:&quot;classic&quot;}\">\n\t\t\t\t<div class=\"elementor-element elementor-element-de8aac7 elementor-widget elementor-widget-heading\" data-id=\"de8aac7\" data-element_type=\"widget\" data-e-type=\"widget\" data-widget_type=\"heading.default\">\n\t\t\t\t<div class=\"elementor-widget-container\">\n\t\t\t\t\t<h2 class=\"elementor-heading-title elementor-size-default\"><a href=\"https:\/\/tgrupcam.com\/index.php\/energie-propre-et-renouvelable-avec-verre-photovoltaique-integre\/?lang=fr\">Verre photovolta\u00efque<\/a><\/h2>\t\t\t\t<\/div>\n\t\t\t\t<\/div>\n\t\t\t\t<\/div>\n\t\t\t\t\t<\/div>\n\t\t\t\t<\/div>\n\t\t<div class=\"elementor-element elementor-element-862d6cc e-flex e-con-boxed e-con e-parent\" data-id=\"862d6cc\" data-element_type=\"container\" data-e-type=\"container\">\n\t\t\t\t\t<div class=\"e-con-inner\">\n\t\t<div class=\"elementor-element elementor-element-fbd8dc0 e-con-full e-flex e-con e-child\" data-id=\"fbd8dc0\" data-element_type=\"container\" data-e-type=\"container\" data-settings=\"{&quot;background_background&quot;:&quot;classic&quot;}\">\n\t\t\t\t<div class=\"elementor-element elementor-element-f351ed1 elementor-widget elementor-widget-heading\" data-id=\"f351ed1\" data-element_type=\"widget\" data-e-type=\"widget\" data-widget_type=\"heading.default\">\n\t\t\t\t<div class=\"elementor-widget-container\">\n\t\t\t\t\t<h2 class=\"elementor-heading-title elementor-size-default\"><a href=\"https:\/\/tgrupcam.com\/index.php\/protection-against-electromagnetic-interference\/\">\u00c9lectromagn\u00e9tique<\/a><\/h2>\t\t\t\t<\/div>\n\t\t\t\t<\/div>\n\t\t\t\t<\/div>\n\t\t<div class=\"elementor-element elementor-element-632ee8d e-con-full e-flex e-con e-child\" data-id=\"632ee8d\" data-element_type=\"container\" data-e-type=\"container\" data-settings=\"{&quot;background_background&quot;:&quot;classic&quot;}\">\n\t\t\t\t<\/div>\n\t\t<div class=\"elementor-element elementor-element-6b022e3 e-con-full e-flex e-con e-child\" data-id=\"6b022e3\" data-element_type=\"container\" data-e-type=\"container\" data-settings=\"{&quot;background_background&quot;:&quot;classic&quot;}\">\n\t\t\t\t<\/div>\n\t\t<div class=\"elementor-element elementor-element-05955df e-con-full e-flex e-con e-child\" data-id=\"05955df\" data-element_type=\"container\" data-e-type=\"container\" data-settings=\"{&quot;background_background&quot;:&quot;classic&quot;}\">\n\t\t\t\t<\/div>\n\t\t\t\t\t<\/div>\n\t\t\t\t<\/div>\n\t\t\t\t<\/div>\n\t\t","protected":false},"excerpt":{"rendered":"<p>Verre de yacht Verre de yacht Chez T Grup Cam, nous comprenons que la construction de yachts modernes repose de plus en plus sur le verre, non seulement pour des raisons de fonctionnalit\u00e9, mais aussi pour son esth\u00e9tique. Les superyachts d&#8217;aujourd&#8217;hui se caract\u00e9risent par de vastes vitrages, des formes courbes et une int\u00e9gration harmonieuse, o\u00f9 [&hellip;]<\/p>\n","protected":false},"author":1,"featured_media":0,"parent":0,"menu_order":0,"comment_status":"closed","ping_status":"closed","template":"elementor_header_footer","meta":{"footnotes":""},"class_list":["post-5023","page","type-page","status-publish","hentry"],"_links":{"self":[{"href":"https:\/\/tgrupcam.com\/index.php\/wp-json\/wp\/v2\/pages\/5023","targetHints":{"allow":["GET"]}}],"collection":[{"href":"https:\/\/tgrupcam.com\/index.php\/wp-json\/wp\/v2\/pages"}],"about":[{"href":"https:\/\/tgrupcam.com\/index.php\/wp-json\/wp\/v2\/types\/page"}],"author":[{"embeddable":true,"href":"https:\/\/tgrupcam.com\/index.php\/wp-json\/wp\/v2\/users\/1"}],"replies":[{"embeddable":true,"href":"https:\/\/tgrupcam.com\/index.php\/wp-json\/wp\/v2\/comments?post=5023"}],"version-history":[{"count":0,"href":"https:\/\/tgrupcam.com\/index.php\/wp-json\/wp\/v2\/pages\/5023\/revisions"}],"wp:attachment":[{"href":"https:\/\/tgrupcam.com\/index.php\/wp-json\/wp\/v2\/media?parent=5023"}],"curies":[{"name":"wp","href":"https:\/\/api.w.org\/{rel}","templated":true}]}}