{"id":5055,"date":"2025-05-28T13:08:12","date_gmt":"2025-05-28T10:08:12","guid":{"rendered":"https:\/\/tgrupcam.com\/index.php\/elektromanyetik-girisime-karsi-koruma\/"},"modified":"2025-06-03T19:08:01","modified_gmt":"2025-06-03T16:08:01","slug":"elektromanyetik-girisime-karsi-koruma","status":"publish","type":"page","link":"https:\/\/tgrupcam.com\/index.php\/elektromanyetik-girisime-karsi-koruma\/?lang=tr","title":{"rendered":"Elektromanyetik Giri\u015fime Kar\u015f\u0131 Koruma"},"content":{"rendered":"\t\t<div data-elementor-type=\"wp-page\" data-elementor-id=\"5055\" class=\"elementor elementor-5055 elementor-3608\" data-elementor-post-type=\"page\">\n\t\t\t\t<div class=\"elementor-element elementor-element-79c9af8 e-con-full e-flex e-con e-parent\" data-id=\"79c9af8\" data-element_type=\"container\" data-e-type=\"container\" data-settings=\"{&quot;background_background&quot;:&quot;classic&quot;,&quot;shape_divider_bottom&quot;:&quot;opacity-fan&quot;}\">\n\t\t\t\t<div class=\"elementor-shape elementor-shape-bottom\" aria-hidden=\"true\" data-negative=\"false\">\n\t\t\t<svg xmlns=\"http:\/\/www.w3.org\/2000\/svg\" viewBox=\"0 0 283.5 19.6\" preserveAspectRatio=\"none\">\n\t<path class=\"elementor-shape-fill\" style=\"opacity:0.33\" d=\"M0 0L0 18.8 141.8 4.1 283.5 18.8 283.5 0z\"\/>\n\t<path class=\"elementor-shape-fill\" style=\"opacity:0.33\" d=\"M0 0L0 12.6 141.8 4 283.5 12.6 283.5 0z\"\/>\n\t<path class=\"elementor-shape-fill\" style=\"opacity:0.33\" d=\"M0 0L0 6.4 141.8 4 283.5 6.4 283.5 0z\"\/>\n\t<path class=\"elementor-shape-fill\" d=\"M0 0L0 1.2 141.8 4 283.5 1.2 283.5 0z\"\/>\n<\/svg>\t\t<\/div>\n\t\t\t\t<div class=\"elementor-element elementor-element-d85c1e5 elementor-widget elementor-widget-heading\" data-id=\"d85c1e5\" data-element_type=\"widget\" data-e-type=\"widget\" data-widget_type=\"heading.default\">\n\t\t\t\t<div class=\"elementor-widget-container\">\n\t\t\t\t\t<h2 class=\"elementor-heading-title elementor-size-default\">Elektromanyetik Giri\u015fime Kar\u015f\u0131 Koruma<\/h2>\t\t\t\t<\/div>\n\t\t\t\t<\/div>\n\t\t\t\t<\/div>\n\t\t<div class=\"elementor-element elementor-element-2cc499d e-flex e-con-boxed e-con e-parent\" data-id=\"2cc499d\" data-element_type=\"container\" data-e-type=\"container\">\n\t\t\t\t\t<div class=\"e-con-inner\">\n\t\t\t\t<div class=\"elementor-element elementor-element-4eeebef elementor-widget elementor-widget-heading\" data-id=\"4eeebef\" data-element_type=\"widget\" data-e-type=\"widget\" data-widget_type=\"heading.default\">\n\t\t\t\t<div class=\"elementor-widget-container\">\n\t\t\t\t\t<h2 class=\"elementor-heading-title elementor-size-default\">Elektromanyetik Giri\u015fime Kar\u015f\u0131 Koruma<\/h2>\t\t\t\t<\/div>\n\t\t\t\t<\/div>\n\t\t\t\t<div class=\"elementor-element elementor-element-96ca51e elementor-widget elementor-widget-text-editor\" data-id=\"96ca51e\" data-element_type=\"widget\" data-e-type=\"widget\" data-widget_type=\"text-editor.default\">\n\t\t\t\t<div class=\"elementor-widget-container\">\n\t\t\t\t\t\t\t\t\t<p data-start=\"65\" data-end=\"440\"><strong data-start=\"101\" data-end=\"115\">T Grup Cam<\/strong>&#8216;da, <strong data-start=\"168\" data-end=\"199\">gemi i\u00e7i elektronik sistemleri (EMI)<\/strong> <strong data-start=\"205\" data-end=\"243\">elektromanyetik giri\u015fimden<\/strong> koruman\u0131n kritik \u00f6neminin fark\u0131nday\u0131z, \u00f6zellikle <strong data-start=\"259\" data-end=\"289\">denizcilik, savunma, havac\u0131l\u0131k<\/strong> ve <strong data-start=\"295\" data-end=\"332\">y\u00fcksek teknoloji end\u00fcstriyel uygulamalar\u0131nda<\/strong>.<\/p>\n<p data-start=\"65\" data-end=\"440\"><strong data-start=\"377\" data-end=\"408\">radarlar, HF\/UHF vericileri<\/strong> ve <strong data-start=\"115\">UHF vericileri<\/strong> taraf\u0131ndan olu\u015fturulan elektromanyetik ortamlar data-start=&#8221;414&#8243; data-end=&#8221;454&#8243;>y\u00fcksek enerjili elektromanyetik darbeler<\/strong> <strong data-start=\"486\" data-end=\"538\">navigasyon, ileti\u015fim ve kontrol ekipmanlar\u0131n\u0131n<\/strong> performans\u0131n\u0131 bozabilir. Bunu ele almak i\u00e7in, hem <strong data-start=\"641\" data-end=\"674\">maksimum koruma performans\u0131<\/strong> hem de <strong data-start=\"679\" data-end=\"703\">y\u00fcksek optik netlik<\/strong> sa\u011flayan \u00f6zel bir <strong data-start=\"589\" data-end=\"622\">EMI koruma cam\u0131 \u00e7\u00f6z\u00fcmleri<\/strong> yelpazesi sunuyoruz.<\/p>\n\t\t\t\t\t\t\t\t<\/div>\n\t\t\t\t<\/div>\n\t\t\t\t\t<\/div>\n\t\t\t\t<\/div>\n\t\t\t\t<\/div>\n\t\t","protected":false},"excerpt":{"rendered":"<p>Elektromanyetik Giri\u015fime Kar\u015f\u0131 Koruma Elektromanyetik Giri\u015fime Kar\u015f\u0131 Koruma T Grup Cam&#8216;da, gemi i\u00e7i elektronik sistemleri (EMI) elektromanyetik giri\u015fimden koruman\u0131n kritik \u00f6neminin fark\u0131nday\u0131z, \u00f6zellikle denizcilik, savunma, havac\u0131l\u0131k ve y\u00fcksek teknoloji end\u00fcstriyel uygulamalar\u0131nda. radarlar, HF\/UHF vericileri ve UHF vericileri taraf\u0131ndan olu\u015fturulan elektromanyetik ortamlar data-start=&#8221;414&#8243; data-end=&#8221;454&#8243;>y\u00fcksek enerjili elektromanyetik darbeler navigasyon, ileti\u015fim ve kontrol ekipmanlar\u0131n\u0131n performans\u0131n\u0131 bozabilir. Bunu ele [&hellip;]<\/p>\n","protected":false},"author":1,"featured_media":0,"parent":0,"menu_order":0,"comment_status":"closed","ping_status":"closed","template":"elementor_header_footer","meta":{"footnotes":""},"class_list":["post-5055","page","type-page","status-publish","hentry"],"_links":{"self":[{"href":"https:\/\/tgrupcam.com\/index.php\/wp-json\/wp\/v2\/pages\/5055","targetHints":{"allow":["GET"]}}],"collection":[{"href":"https:\/\/tgrupcam.com\/index.php\/wp-json\/wp\/v2\/pages"}],"about":[{"href":"https:\/\/tgrupcam.com\/index.php\/wp-json\/wp\/v2\/types\/page"}],"author":[{"embeddable":true,"href":"https:\/\/tgrupcam.com\/index.php\/wp-json\/wp\/v2\/users\/1"}],"replies":[{"embeddable":true,"href":"https:\/\/tgrupcam.com\/index.php\/wp-json\/wp\/v2\/comments?post=5055"}],"version-history":[{"count":0,"href":"https:\/\/tgrupcam.com\/index.php\/wp-json\/wp\/v2\/pages\/5055\/revisions"}],"wp:attachment":[{"href":"https:\/\/tgrupcam.com\/index.php\/wp-json\/wp\/v2\/media?parent=5055"}],"curies":[{"name":"wp","href":"https:\/\/api.w.org\/{rel}","templated":true}]}}