{"id":5077,"date":"2025-05-28T12:55:31","date_gmt":"2025-05-28T09:55:31","guid":{"rendered":"https:\/\/tgrupcam.com\/index.php\/kimyasal-sertlestirme\/"},"modified":"2025-06-03T19:17:01","modified_gmt":"2025-06-03T16:17:01","slug":"kimyasal-sertlestirme","status":"publish","type":"page","link":"https:\/\/tgrupcam.com\/index.php\/kimyasal-sertlestirme\/?lang=tr","title":{"rendered":"Kimyasal sertle\u015ftirme"},"content":{"rendered":"\t\t<div data-elementor-type=\"wp-page\" data-elementor-id=\"5077\" class=\"elementor elementor-5077 elementor-3584\" data-elementor-post-type=\"page\">\n\t\t\t\t<div class=\"elementor-element elementor-element-79c9af8 e-con-full e-flex e-con e-parent\" data-id=\"79c9af8\" data-element_type=\"container\" data-e-type=\"container\" data-settings=\"{&quot;background_background&quot;:&quot;classic&quot;,&quot;shape_divider_bottom&quot;:&quot;opacity-fan&quot;}\">\n\t\t\t\t<div class=\"elementor-shape elementor-shape-bottom\" aria-hidden=\"true\" data-negative=\"false\">\n\t\t\t<svg xmlns=\"http:\/\/www.w3.org\/2000\/svg\" viewBox=\"0 0 283.5 19.6\" preserveAspectRatio=\"none\">\n\t<path class=\"elementor-shape-fill\" style=\"opacity:0.33\" d=\"M0 0L0 18.8 141.8 4.1 283.5 18.8 283.5 0z\"\/>\n\t<path class=\"elementor-shape-fill\" style=\"opacity:0.33\" d=\"M0 0L0 12.6 141.8 4 283.5 12.6 283.5 0z\"\/>\n\t<path class=\"elementor-shape-fill\" style=\"opacity:0.33\" d=\"M0 0L0 6.4 141.8 4 283.5 6.4 283.5 0z\"\/>\n\t<path class=\"elementor-shape-fill\" d=\"M0 0L0 1.2 141.8 4 283.5 1.2 283.5 0z\"\/>\n<\/svg>\t\t<\/div>\n\t\t\t\t<div class=\"elementor-element elementor-element-d85c1e5 elementor-widget elementor-widget-heading\" data-id=\"d85c1e5\" data-element_type=\"widget\" data-e-type=\"widget\" data-widget_type=\"heading.default\">\n\t\t\t\t<div class=\"elementor-widget-container\">\n\t\t\t\t\t<h2 class=\"elementor-heading-title elementor-size-default\">Kimyasal sertle\u015ftirme<\/h2>\t\t\t\t<\/div>\n\t\t\t\t<\/div>\n\t\t\t\t<\/div>\n\t\t<div class=\"elementor-element elementor-element-2cc499d e-flex e-con-boxed e-con e-parent\" data-id=\"2cc499d\" data-element_type=\"container\" data-e-type=\"container\">\n\t\t\t\t\t<div class=\"e-con-inner\">\n\t\t\t\t<div class=\"elementor-element elementor-element-4eeebef elementor-widget elementor-widget-heading\" data-id=\"4eeebef\" data-element_type=\"widget\" data-e-type=\"widget\" data-widget_type=\"heading.default\">\n\t\t\t\t<div class=\"elementor-widget-container\">\n\t\t\t\t\t<h2 class=\"elementor-heading-title elementor-size-default\">Kimyasal sertle\u015ftirme<\/h2>\t\t\t\t<\/div>\n\t\t\t\t<\/div>\n\t\t\t\t<div class=\"elementor-element elementor-element-96ca51e elementor-widget elementor-widget-text-editor\" data-id=\"96ca51e\" data-element_type=\"widget\" data-e-type=\"widget\" data-widget_type=\"text-editor.default\">\n\t\t\t\t<div class=\"elementor-widget-container\">\n\t\t\t\t\t\t\t\t\t<p data-start=\"53\" data-end=\"469\"><strong data-start=\"56\" data-end=\"70\">T Grup Cam<\/strong> olarak, mimari, otomotiv, denizcilik ve y\u00fcksek performansl\u0131 tasar\u0131m sekt\u00f6rlerindeki m\u00fc\u015fterilerimizin y\u00fcksek beklentilerini kar\u015f\u0131layan <strong data-start=\"103\" data-end=\"132\">ola\u011fan\u00fcst\u00fc cam kalitesi<\/strong> sunmaya kendimizi adad\u0131k. <strong data-start=\"267\" data-end=\"301\">Kimyasal sertle\u015ftirme teknolojimiz<\/strong>, geleneksel termal sertle\u015ftirmenin yeteneklerinin \u00f6tesinde <strong data-start=\"353\" data-end=\"408\">\u00fcst\u00fcn optik netlik, dayan\u0131kl\u0131l\u0131k ve g\u00fcvenilirlik<\/strong> gerektiren projeler i\u00e7in birinci s\u0131n\u0131f bir \u00e7\u00f6z\u00fcm sunar.<\/p>\n<p data-start=\"471\" data-end=\"719\"><strong data-start=\"520\" data-end=\"571\">Bozulmalar, yerel g\u00f6lgelenmeler veya renk farkl\u0131l\u0131klar\u0131<\/strong> g\u00f6sterebilen termal olarak sertle\u015ftirilmi\u015f cam\u0131n aksine, <strong data-start=\"577\" data-end=\"607\">kimyasal olarak sertle\u015ftirilmi\u015f cam\u0131m\u0131z<\/strong> <strong data-start=\"618\" data-end=\"648\">m\u00fckemmel g\u00f6rsel tutarl\u0131l\u0131\u011f\u0131<\/strong> korur; <strong data-start=\"678\" data-end=\"700\">optik m\u00fckemmelli\u011fin<\/strong> pazarl\u0131k konusu olmad\u0131\u011f\u0131 uygulamalar i\u00e7in idealdir.<\/p>\n\t\t\t\t\t\t\t\t<\/div>\n\t\t\t\t<\/div>\n\t\t\t\t\t<\/div>\n\t\t\t\t<\/div>\n\t\t<div class=\"elementor-element elementor-element-cf186d8 e-flex e-con-boxed e-con e-parent\" data-id=\"cf186d8\" data-element_type=\"container\" data-e-type=\"container\" data-settings=\"{&quot;background_background&quot;:&quot;classic&quot;}\">\n\t\t\t\t\t<div class=\"e-con-inner\">\n\t\t\t\t<div class=\"elementor-element elementor-element-46d732c elementor-widget elementor-widget-heading\" data-id=\"46d732c\" data-element_type=\"widget\" data-e-type=\"widget\" data-widget_type=\"heading.default\">\n\t\t\t\t<div class=\"elementor-widget-container\">\n\t\t\t\t\t<h2 class=\"elementor-heading-title elementor-size-default\">Kimyasal Sertle\u015ftirme Nedir?<\/h2>\t\t\t\t<\/div>\n\t\t\t\t<\/div>\n\t\t\t\t<div class=\"elementor-element elementor-element-3e76596 elementor-widget elementor-widget-text-editor\" data-id=\"3e76596\" data-element_type=\"widget\" data-e-type=\"widget\" data-widget_type=\"text-editor.default\">\n\t\t\t\t<div class=\"elementor-widget-container\">\n\t\t\t\t\t\t\t\t\t<p data-start=\"766\" data-end=\"1092\"><strong data-start=\"766\" data-end=\"789\">Kimyasal sertle\u015ftirme<\/strong>, cam\u0131n hem <strong data-start=\"879\" data-end=\"899\">y\u00fczey mukavemetini<\/strong> hem de <strong data-start=\"904\" data-end=\"926\">\u0131s\u0131l direncini<\/strong> art\u0131ran, <strong data-start=\"842\" data-end=\"858\">iyon de\u011fi\u015fimine<\/strong> dayal\u0131 geli\u015fmi\u015f bir cam g\u00fc\u00e7lendirme i\u015flemidir ve cam\u0131n g\u00f6r\u00fcn\u00fcm\u00fcn\u00fc de\u011fi\u015ftirmez. Bu, onu <strong data-start=\"997\" data-end=\"1091\">estetik mimari uygulamalar, elektronik ekranlar ve \u00f6zel cam sistemleri<\/strong> i\u00e7in ideal hale getirir.<\/p>\n<p data-start=\"1094\" data-end=\"1117\"><strong data-start=\"1099\" data-end=\"1115\">Nas\u0131l \u00c7al\u0131\u015f\u0131r<\/strong><\/p>\n<ol data-start=\"1118\" data-end=\"1933\">\n<li data-start=\"1118\" data-end=\"1211\">\n<p data-start=\"1121\" data-end=\"1211\"><strong data-start=\"1121\" data-end=\"1136\">Haz\u0131rl\u0131k<\/strong> \u2013 Kirlenmemi\u015f bir y\u00fczey sa\u011flamak i\u00e7in cam titizlikle temizlenir.<\/p>\n<\/li>\n<li data-start=\"1212\" data-end=\"1523\">\n<p data-start=\"1215\" data-end=\"1322\"><strong data-start=\"1215\" data-end=\"1231\">\u0130yon De\u011fi\u015fimi<\/strong> \u2013 Cam, <strong data-start=\"1257\" data-end=\"1297\">y\u00fcksek safl\u0131kta potasyum nitrat (KNO\u2083)<\/strong> banyosuna <strong data-start=\"1306\" data-end=\"1319\">380\u2013450\u00b0C<\/strong>&#8216;de dald\u0131r\u0131l\u0131r.<\/p>\n<ul data-start=\"1326\" data-end=\"1523\">\n<li data-start=\"1326\" data-end=\"1428\">\n<p data-start=\"1328\" data-end=\"1428\"><strong data-start=\"1328\" data-end=\"1357\">Cam y\u00fczeyindeki daha k\u00fc\u00e7\u00fck sodyum iyonlar\u0131 (Na\u207a)<\/strong> <strong data-start=\"1383\" data-end=\"1425\">ile de\u011fi\u015ftirilir daha b\u00fcy\u00fck potasyum iyonlar\u0131 (K\u207a)<\/strong>.<\/p>\n<\/li>\n<li data-start=\"1432\" data-end=\"1523\">\n<p data-start=\"1434\" data-end=\"1523\">Bu de\u011fi\u015fim, y\u00fczey tabakas\u0131nda <strong data-start=\"1456\" data-end=\"1478\">s\u0131k\u0131\u015ft\u0131rmal\u0131 gerilim<\/strong> olu\u015fturarak mukavemeti art\u0131r\u0131r.<\/p>\n<\/li>\n<\/ul>\n<\/li>\n<li data-start=\"1524\" data-end=\"1679\">\n<p data-start=\"1527\" data-end=\"1679\"><strong data-start=\"1527\" data-end=\"1553\">Gerilim Tabakas\u0131 Olu\u015fumu<\/strong> \u2013 \u0130yon de\u011fi\u015fimi, <strong data-start=\"1603\" data-end=\"1623\">100 mikron derinli\u011fe<\/strong> kadar sertle\u015ftirilmi\u015f bir tabaka olu\u015fturarak \u00e7atlama ve darbeye kar\u015f\u0131 direnci b\u00fcy\u00fck \u00f6l\u00e7\u00fcde art\u0131r\u0131r.<\/p>\n<\/li>\n<li data-start=\"1680\" data-end=\"1786\">\n<p data-start=\"1683\" data-end=\"1786\"><strong data-start=\"1683\" data-end=\"1705\">Kontroll\u00fc So\u011futma<\/strong> \u2013 Cam, gerilim tabakas\u0131n\u0131n b\u00fct\u00fcnl\u00fc\u011f\u00fcn\u00fc korumak i\u00e7in kademeli olarak so\u011futulur.<\/p>\n<\/li>\n<li data-start=\"1787\" data-end=\"1933\">\n<p data-start=\"1790\" data-end=\"1933\"><strong data-start=\"1790\" data-end=\"1810\">Son \u0130nceleme<\/strong> \u2013 Her cam<\/p>\n<\/li>\n<\/ol>\n\t\t\t\t\t\t\t\t<\/div>\n\t\t\t\t<\/div>\n\t\t\t\t\t<\/div>\n\t\t\t\t<\/div>\n\t\t<div class=\"elementor-element elementor-element-8e4fd01 e-flex e-con-boxed e-con e-parent\" data-id=\"8e4fd01\" data-element_type=\"container\" data-e-type=\"container\">\n\t\t\t\t\t<div class=\"e-con-inner\">\n\t\t\t\t<div class=\"elementor-element elementor-element-c87e9f2 elementor-widget elementor-widget-heading\" data-id=\"c87e9f2\" data-element_type=\"widget\" data-e-type=\"widget\" data-widget_type=\"heading.default\">\n\t\t\t\t<div class=\"elementor-widget-container\">\n\t\t\t\t\t<h2 class=\"elementor-heading-title elementor-size-default\">Neden Kimyasal Sertle\u015ftirmeyi Se\u00e7melisiniz?<\/h2>\t\t\t\t<\/div>\n\t\t\t\t<\/div>\n\t\t\t\t<div class=\"elementor-element elementor-element-1ad67cb elementor-widget elementor-widget-text-editor\" data-id=\"1ad67cb\" data-element_type=\"widget\" data-e-type=\"widget\" data-widget_type=\"text-editor.default\">\n\t\t\t\t<div class=\"elementor-widget-container\">\n\t\t\t\t\t\t\t\t\t<p data-start=\"53\" data-end=\"469\">\u2705 <strong data-start=\"1985\" data-end=\"2013\">\u00dcst\u00fcn Optik Netlik<\/strong> \u2013 Termal sertle\u015ftirmede oldu\u011fu gibi e\u011filme, renk de\u011fi\u015fimi veya silindir dalgas\u0131 bozulmalar\u0131 yok.<br data-start=\"2096\" data-end=\"2099\" \/>\u2705 <strong data-start=\"2101\" data-end=\"2130\">Geli\u015fmi\u015f Y\u00fczey G\u00fcc\u00fc<\/strong> \u2013 \u00c7izilmeye, darbeye ve mekanik strese kar\u015f\u0131 daha fazla diren\u00e7.<br data-start=\"2197\" data-end=\"2200\" \/>\u2705 <strong data-start=\"2202\" data-end=\"2239\">Geli\u015fmi\u015f Termal \u015eok Direnci<\/strong> \u2013 S\u0131cakl\u0131k dalgalanmalar\u0131n\u0131n oldu\u011fu ortamlar i\u00e7in idealdir.<br data-start=\"2295\" data-end=\"2298\" \/>\u2705 <strong data-start=\"2300\" data-end=\"2320\">G\u00fcvenlik Avantaj\u0131<\/strong> \u2013 Daha az tehlikeli, gran\u00fcler par\u00e7alara ayr\u0131l\u0131r.<br data-start=\"2370\" data-end=\"2373\" \/>\u2705 <strong data-start=\"2375\" data-end=\"2413\">\u0130nce ve \u00d6zel Camlar \u0130\u00e7in M\u00fckemmel<\/strong> \u2013 Termal i\u015flemlerle m\u00fcmk\u00fcn olmayan <strong data-start=\"2455\" data-end=\"2463\">2 mm<\/strong> kadar ince camlar\u0131n sertle\u015ftirilmesini sa\u011flar.<\/p>\n\t\t\t\t\t\t\t\t<\/div>\n\t\t\t\t<\/div>\n\t\t\t\t\t<\/div>\n\t\t\t\t<\/div>\n\t\t<div class=\"elementor-element elementor-element-2ae6d74 e-flex e-con-boxed e-con e-parent\" data-id=\"2ae6d74\" data-element_type=\"container\" data-e-type=\"container\" data-settings=\"{&quot;background_background&quot;:&quot;classic&quot;}\">\n\t\t\t\t\t<div class=\"e-con-inner\">\n\t\t\t\t<div class=\"elementor-element elementor-element-5f0bd9c elementor-widget elementor-widget-heading\" data-id=\"5f0bd9c\" data-element_type=\"widget\" data-e-type=\"widget\" data-widget_type=\"heading.default\">\n\t\t\t\t<div class=\"elementor-widget-container\">\n\t\t\t\t\t<h2 class=\"elementor-heading-title elementor-size-default\">\u00d6zel Boyutlar \u0130\u00e7in \u00d6zel Kimyasal Sertle\u015ftirme<\/h2>\t\t\t\t<\/div>\n\t\t\t\t<\/div>\n\t\t\t\t<div class=\"elementor-element elementor-element-259ae8a elementor-widget elementor-widget-text-editor\" data-id=\"259ae8a\" data-element_type=\"widget\" data-e-type=\"widget\" data-widget_type=\"text-editor.default\">\n\t\t\t\t<div class=\"elementor-widget-container\">\n\t\t\t\t\t\t\t\t\t<p data-start=\"766\" data-end=\"1092\"><strong data-start=\"2605\" data-end=\"2654\">M\u00fc\u015fteriye ait cam (COG)<\/strong> i\u00e7in ki\u015fiselle\u015ftirilmi\u015f bir hizmet olarak <strong data-start=\"2659\" data-end=\"2689\">kimyasal sertle\u015ftirme<\/strong> sunmaktan gurur duyuyoruz. Dahili <strong data-start=\"2704\" data-end=\"2745\">son teknoloji kimyasal banyo sistemimiz<\/strong>, <strong data-start=\"2780\" data-end=\"2802\">8,00 x 3,21 metreye<\/strong> kadar cam boyutlar\u0131na uyum sa\u011flayabilir ve bu da bizi <strong data-start=\"2864\" data-end=\"2909\">b\u00fcy\u00fck formatl\u0131 ve \u00f6zel camlar\u0131<\/strong> <strong data-start=\"2915\" data-end=\"2940\">d\u00fcnya standartlar\u0131nda hassasiyetle<\/strong> i\u015fleyebilen b\u00f6lgedeki birka\u00e7 tedarik\u00e7iden biri yapar.<\/p>\n\t\t\t\t\t\t\t\t<\/div>\n\t\t\t\t<\/div>\n\t\t\t\t\t<\/div>\n\t\t\t\t<\/div>\n\t\t<div class=\"elementor-element elementor-element-2181cc8 e-flex e-con-boxed e-con e-parent\" data-id=\"2181cc8\" data-element_type=\"container\" data-e-type=\"container\">\n\t\t\t\t\t<div class=\"e-con-inner\">\n\t\t<div class=\"elementor-element elementor-element-e8bbdb3 e-con-full e-flex e-con e-child\" data-id=\"e8bbdb3\" data-element_type=\"container\" data-e-type=\"container\">\n\t\t\t\t<div class=\"elementor-element elementor-element-e435af1 elementor-widget elementor-widget-heading\" data-id=\"e435af1\" data-element_type=\"widget\" data-e-type=\"widget\" data-widget_type=\"heading.default\">\n\t\t\t\t<div class=\"elementor-widget-container\">\n\t\t\t\t\t<h2 class=\"elementor-heading-title elementor-size-default\">Uygulamalar<\/h2>\t\t\t\t<\/div>\n\t\t\t\t<\/div>\n\t\t\t\t<div class=\"elementor-element elementor-element-ad043d1 elementor-widget elementor-widget-text-editor\" data-id=\"ad043d1\" data-element_type=\"widget\" data-e-type=\"widget\" data-widget_type=\"text-editor.default\">\n\t\t\t\t<div class=\"elementor-widget-container\">\n\t\t\t\t\t\t\t\t\t<ul>\n<li data-start=\"2971\" data-end=\"3009\">\n<p data-start=\"2973\" data-end=\"3009\">\u00dcst d\u00fczey <strong data-start=\"2982\" data-end=\"3007\">mimari cepheler<\/strong><\/p>\n<\/li>\n<li data-start=\"3010\" data-end=\"3052\">\n<p data-start=\"3012\" data-end=\"3052\"><strong data-start=\"3012\" data-end=\"3027\">Korkuluklar<\/strong> ve yap\u0131sal camlar<\/p>\n<\/li>\n<li data-start=\"3053\" data-end=\"3085\">\n<p data-start=\"3055\" data-end=\"3085\"><strong data-start=\"3055\" data-end=\"3083\">Deniz ve yat pencereleri<\/strong><\/p>\n<\/li>\n<li data-start=\"3086\" data-end=\"3146\">\n<p data-start=\"3088\" data-end=\"3146\"><strong data-start=\"3088\" data-end=\"3109\">Du\u015f kabinleri<\/strong> ve <strong data-start=\"3114\" data-end=\"3144\">kavisli cam tesisatlar\u0131<\/strong><\/p>\n<\/li>\n<li data-start=\"3147\" data-end=\"3211\">\n<p data-start=\"3149\" data-end=\"3211\"><strong data-start=\"3149\" data-end=\"3165\">Dokunmatik ekranlar<\/strong>, elektronikler ve y\u00fcksek de\u011ferli ekran panelleri<\/p>\n<\/li>\n<li data-start=\"3212\" data-end=\"3268\">\n<p data-start=\"3214\" data-end=\"3268\"><strong data-start=\"3214\" data-end=\"3233\">Mobilya cam\u0131<\/strong>, masalar ve dekoratif elemanlar<\/p>\n<\/li>\n<\/ul>\n\t\t\t\t\t\t\t\t<\/div>\n\t\t\t\t<\/div>\n\t\t\t\t<\/div>\n\t\t<div class=\"elementor-element elementor-element-c451f41 e-con-full e-flex e-con e-child\" data-id=\"c451f41\" data-element_type=\"container\" data-e-type=\"container\">\n\t\t\t\t<div class=\"elementor-element elementor-element-68f83dc elementor-widget elementor-widget-image\" data-id=\"68f83dc\" data-element_type=\"widget\" data-e-type=\"widget\" data-widget_type=\"image.default\">\n\t\t\t\t<div class=\"elementor-widget-container\">\n\t\t\t\t\t\t\t\t\t\t\t\t\t\t\t<img fetchpriority=\"high\" decoding=\"async\" width=\"500\" height=\"437\" src=\"https:\/\/tgrupcam.com\/wp-content\/uploads\/2025\/05\/csm_Chemical-Toughening-Ion-Exchange-Illustration_623dc1b8f8.png\" class=\"attachment-large size-large wp-image-3596\" alt=\"\" srcset=\"https:\/\/tgrupcam.com\/wp-content\/uploads\/2025\/05\/csm_Chemical-Toughening-Ion-Exchange-Illustration_623dc1b8f8.png 500w, https:\/\/tgrupcam.com\/wp-content\/uploads\/2025\/05\/csm_Chemical-Toughening-Ion-Exchange-Illustration_623dc1b8f8-300x262.png 300w\" sizes=\"(max-width: 500px) 100vw, 500px\" \/>\t\t\t\t\t\t\t\t\t\t\t\t\t\t\t<\/div>\n\t\t\t\t<\/div>\n\t\t\t\t<\/div>\n\t\t\t\t\t<\/div>\n\t\t\t\t<\/div>\n\t\t<div class=\"elementor-element elementor-element-2b0d3e2 e-flex e-con-boxed e-con e-parent\" data-id=\"2b0d3e2\" data-element_type=\"container\" data-e-type=\"container\" data-settings=\"{&quot;background_background&quot;:&quot;classic&quot;}\">\n\t\t\t\t\t<div class=\"e-con-inner\">\n\t\t\t\t<div class=\"elementor-element elementor-element-3145ea1 elementor-widget elementor-widget-heading\" data-id=\"3145ea1\" data-element_type=\"widget\" data-e-type=\"widget\" data-widget_type=\"heading.default\">\n\t\t\t\t<div class=\"elementor-widget-container\">\n\t\t\t\t\t<h2 class=\"elementor-heading-title elementor-size-default\">Neden T Grup Cam?<\/h2>\t\t\t\t<\/div>\n\t\t\t\t<\/div>\n\t\t\t\t<div class=\"elementor-element elementor-element-5331489 elementor-widget elementor-widget-text-editor\" data-id=\"5331489\" data-element_type=\"widget\" data-e-type=\"widget\" data-widget_type=\"text-editor.default\">\n\t\t\t\t<div class=\"elementor-widget-container\">\n\t\t\t\t\t\t\t\t\t<p data-start=\"3301\" data-end=\"3629\"><strong data-start=\"3310\" data-end=\"3325\">Uzman ekibimiz<\/strong>, geli\u015fmi\u015f \u015firket i\u00e7i teknolojimiz ve uluslararas\u0131 standartlara olan ba\u011fl\u0131l\u0131\u011f\u0131m\u0131zla <strong data-start=\"3400\" data-end=\"3414\">T Grup Cam<\/strong>, <strong data-start=\"3442\" data-end=\"3482\">\u00f6zel kimyasal sertle\u015ftirme \u00e7\u00f6z\u00fcmlerinde<\/strong> g\u00fcvenilir orta\u011f\u0131n\u0131zd\u0131r. <strong data-start=\"3508\" data-end=\"3555\">T\u00fcrkiye, Avrupa, \u0130ngiltere, ABD ve \u0130srail<\/strong> genelindeki m\u00fc\u015fterilerimize hizmet veriyor ve her projede <strong data-start=\"3567\" data-end=\"3609\">hassasiyet, g\u00fcvenilirlik ve yenilik<\/strong> sa\u011fl\u0131yoruz.<\/p>\n<p data-start=\"3631\" data-end=\"3931\" data-is-last-node=\"\" data-is-only-node=\"\">\ud83d\udce9 <strong data-start=\"3634\" data-end=\"3704\">Kimyasal sertle\u015ftirme hizmetleri hakk\u0131nda daha fazla bilgi edinmek veya teklif talep etmek i\u00e7in:<\/strong><br data-start=\"3704\" data-end=\"3707\" \/>\ud83d\udcde +90 531 430 79 77 | +90 531 430 79 57 | +90 532 404 48 09<br data-start = \"3767\" data-end = \"3770\" \/>\ud83d\udccd <strong data-start = \"3773\" data-end = \"3784\">T\u00fcrkiye:<\/strong> Ak\u00e7aburgaz Mah. 1575. Sk. 4 Ca Blok No: 4ca \u0130\u00e7 Kap\u0131 No: 3 Esenyurt\/\u0130stanbul<br data-start = \"3860\" data-end = \"3863\" \/>\ud83d\udccd <strong data-start = \"3866\" data-end = \"3879\">Bulgaristan:<\/strong> T Grup Cam Eood, Stoyan Zaimof 13, Haskovo\/BULGAR\u0130STAN<\/p>\n\t\t\t\t\t\t\t\t<\/div>\n\t\t\t\t<\/div>\n\t\t\t\t\t<\/div>\n\t\t\t\t<\/div>\n\t\t\t\t<\/div>\n\t\t","protected":false},"excerpt":{"rendered":"<p>Kimyasal sertle\u015ftirme Kimyasal sertle\u015ftirme T Grup Cam olarak, mimari, otomotiv, denizcilik ve y\u00fcksek performansl\u0131 tasar\u0131m sekt\u00f6rlerindeki m\u00fc\u015fterilerimizin y\u00fcksek beklentilerini kar\u015f\u0131layan ola\u011fan\u00fcst\u00fc cam kalitesi sunmaya kendimizi adad\u0131k. Kimyasal sertle\u015ftirme teknolojimiz, geleneksel termal sertle\u015ftirmenin yeteneklerinin \u00f6tesinde \u00fcst\u00fcn optik netlik, dayan\u0131kl\u0131l\u0131k ve g\u00fcvenilirlik gerektiren projeler i\u00e7in birinci s\u0131n\u0131f bir \u00e7\u00f6z\u00fcm sunar. Bozulmalar, yerel g\u00f6lgelenmeler veya renk farkl\u0131l\u0131klar\u0131 g\u00f6sterebilen [&hellip;]<\/p>\n","protected":false},"author":1,"featured_media":0,"parent":0,"menu_order":0,"comment_status":"closed","ping_status":"closed","template":"elementor_header_footer","meta":{"footnotes":""},"class_list":["post-5077","page","type-page","status-publish","hentry"],"_links":{"self":[{"href":"https:\/\/tgrupcam.com\/index.php\/wp-json\/wp\/v2\/pages\/5077","targetHints":{"allow":["GET"]}}],"collection":[{"href":"https:\/\/tgrupcam.com\/index.php\/wp-json\/wp\/v2\/pages"}],"about":[{"href":"https:\/\/tgrupcam.com\/index.php\/wp-json\/wp\/v2\/types\/page"}],"author":[{"embeddable":true,"href":"https:\/\/tgrupcam.com\/index.php\/wp-json\/wp\/v2\/users\/1"}],"replies":[{"embeddable":true,"href":"https:\/\/tgrupcam.com\/index.php\/wp-json\/wp\/v2\/comments?post=5077"}],"version-history":[{"count":0,"href":"https:\/\/tgrupcam.com\/index.php\/wp-json\/wp\/v2\/pages\/5077\/revisions"}],"wp:attachment":[{"href":"https:\/\/tgrupcam.com\/index.php\/wp-json\/wp\/v2\/media?parent=5077"}],"curies":[{"name":"wp","href":"https:\/\/api.w.org\/{rel}","templated":true}]}}