{"id":5085,"date":"2025-05-28T13:36:11","date_gmt":"2025-05-28T10:36:11","guid":{"rendered":"https:\/\/tgrupcam.com\/index.php\/nij-0108-01\/"},"modified":"2025-06-03T19:21:14","modified_gmt":"2025-06-03T16:21:14","slug":"nij-0108-01","status":"publish","type":"page","link":"https:\/\/tgrupcam.com\/index.php\/nij-0108-01\/?lang=ru","title":{"rendered":"NIJ 0108.01"},"content":{"rendered":"\t\t<div data-elementor-type=\"wp-page\" data-elementor-id=\"5085\" class=\"elementor elementor-5085 elementor-3657\" data-elementor-post-type=\"page\">\n\t\t\t\t<div class=\"elementor-element elementor-element-79c9af8 e-con-full e-flex e-con e-parent\" data-id=\"79c9af8\" data-element_type=\"container\" data-e-type=\"container\" data-settings=\"{&quot;background_background&quot;:&quot;classic&quot;,&quot;shape_divider_bottom&quot;:&quot;opacity-fan&quot;}\">\n\t\t\t\t<div class=\"elementor-shape elementor-shape-bottom\" aria-hidden=\"true\" data-negative=\"false\">\n\t\t\t<svg xmlns=\"http:\/\/www.w3.org\/2000\/svg\" viewBox=\"0 0 283.5 19.6\" preserveAspectRatio=\"none\">\n\t<path class=\"elementor-shape-fill\" style=\"opacity:0.33\" d=\"M0 0L0 18.8 141.8 4.1 283.5 18.8 283.5 0z\"\/>\n\t<path class=\"elementor-shape-fill\" style=\"opacity:0.33\" d=\"M0 0L0 12.6 141.8 4 283.5 12.6 283.5 0z\"\/>\n\t<path class=\"elementor-shape-fill\" style=\"opacity:0.33\" d=\"M0 0L0 6.4 141.8 4 283.5 6.4 283.5 0z\"\/>\n\t<path class=\"elementor-shape-fill\" d=\"M0 0L0 1.2 141.8 4 283.5 1.2 283.5 0z\"\/>\n<\/svg>\t\t<\/div>\n\t\t\t\t<div class=\"elementor-element elementor-element-d85c1e5 elementor-widget elementor-widget-heading\" data-id=\"d85c1e5\" data-element_type=\"widget\" data-e-type=\"widget\" data-widget_type=\"heading.default\">\n\t\t\t\t<div class=\"elementor-widget-container\">\n\t\t\t\t\t<h2 class=\"elementor-heading-title elementor-size-default\">NIJ 0108.01<\/h2>\t\t\t\t<\/div>\n\t\t\t\t<\/div>\n\t\t\t\t<\/div>\n\t\t<div class=\"elementor-element elementor-element-2cc499d e-flex e-con-boxed e-con e-parent\" data-id=\"2cc499d\" data-element_type=\"container\" data-e-type=\"container\">\n\t\t\t\t\t<div class=\"e-con-inner\">\n\t\t\t\t<div class=\"elementor-element elementor-element-4eeebef elementor-widget elementor-widget-heading\" data-id=\"4eeebef\" data-element_type=\"widget\" data-e-type=\"widget\" data-widget_type=\"heading.default\">\n\t\t\t\t<div class=\"elementor-widget-container\">\n\t\t\t\t\t<h2 class=\"elementor-heading-title elementor-size-default\">NIJ 0108.01<\/h2>\t\t\t\t<\/div>\n\t\t\t\t<\/div>\n\t\t\t\t<div class=\"elementor-element elementor-element-4e0388f elementor-widget elementor-widget-text-editor\" data-id=\"4e0388f\" data-element_type=\"widget\" data-e-type=\"widget\" data-widget_type=\"text-editor.default\">\n\t\t\t\t<div class=\"elementor-widget-container\">\n\t\t\t\t\t\t\t\t\t<table class=\"cart cms-woo-cartform shop_table\" border=\"1\" cellpacing=\"1\" cellpadding=\"1\">\n<tbody>\n<tr>\n<td>\u0417\u0438\u0440\u0445<\/td>\n<td colspan=\"3\">\u0422\u0435\u0441\u0442 \u0414\u0435\u0433\u0438\u0448\u043a\u0435\u043d\u043b\u0435\u0440\u0438<\/td>\n<td colspan=\"2\">\u0418\u0441\u043f\u043e\u043b\u043d\u0438\u0442\u0435\u043b\u0438 gereklilikleri<\/td>\n<\/tr>\n<tr>\n<td>\u0421\u043e\u0432\u0435\u0442<\/td>\n<td>Test M\u00fchimmat\u0131<\/td>\n<td>\u041d\u043e\u043c\u0438\u043d\u0430\u043b\u044c\u043d\u044b\u0439 Mermi K\u00fctlesi<\/td>\n<td>\u00d6nerilen Namlu Uzunlu\u011fu<\/td>\n<td>Gerekli Mermi H\u0131z\u0131<\/td>\n<td>Z\u0131rh \u00f6rne\u011fi ba\u015f\u0131na gerekli \u0410\u0434\u0438\u043b\u044c \u0418\u0441\u0430\u0431\u0435\u0442\u043b\u0435\u0440<\/td>\n<\/tr>\n<tr>\n<td rowspan=\"4\">I<\/td>\n<td rowspan=\"2\">22 LRHV \u0421\u0432\u0438\u043d\u0435\u0446<\/td>\n<td>2,6 \u0433<\/td>\n<td>15- 16,5 \u0441\u043c<\/td>\n<td>320 \u00b1 12 \u043c\/\u0441<\/td>\n<td rowspan=\"2\">5<\/td>\n<\/tr>\n<tr>\n<td>40 \u0433<\/td>\n<td>6 &#8211; 6,5 \u0434\u044e\u0439\u043c\u043e\u0432<\/td>\n<td>1050 \u00b1 40 \u0444\u0443\u0442\/\u0441<\/td>\n<\/tr>\n<tr>\n<td rowspan=\"2\">38 \u0421\u043f\u0435\u0446\u0438\u0430\u043b\u044c\u043d\u044b\u0439 RN \u0421\u0432\u0438\u043d\u0435\u0446<\/td>\n<td>10,2 \u0433<\/td>\n<td>15- 16,5 \u0441\u043c<\/td>\n<td>259 \u00b1 15 \u043c\/\u0441<\/td>\n<td rowspan=\"2\">5<\/td>\n<\/tr>\n<tr>\n<td>158 \u0433<\/td>\n<td>6 &#8211; 6,5 \u0434\u044e\u0439\u043c\u043e\u0432<\/td>\n<td>850 \u00b1 50 \u0444\u0443\u0442\u043e\u0432\/\u0441<\/td>\n<\/tr>\n<tr>\n<td rowspan=\"4\">II-A<\/td>\n<td rowspan=\"2\">357 Magnum JSP<\/td>\n<td>102 \u0433<\/td>\n<td>10 &#8211; 12 \u0441\u043c<\/td>\n<td>381 \u00b1 15 \u043c\/\u0441<\/td>\n<td rowspan=\"2\">5<\/td>\n<\/tr>\n<tr>\n<td>158 \u0433<\/td>\n<td>4 &#8211; 4,75 \u0434\u044e\u0439\u043c\u0430<\/td>\n<td>1250 \u00b1 50 \u0444\u0443\u0442\u043e\u0432\/\u0441<\/td>\n<\/tr>\n<tr>\n<td rowspan=\"2\">9 \u043c\u043c FMJ<\/td>\n<td>2,6 \u0433<\/td>\n<td>15- 16,5 \u0441\u043c<\/td>\n<td>332 \u00b1 12 \u043c\/\u0441<\/td>\n<td rowspan=\"2\">5<\/td>\n<\/tr>\n<tr>\n<td>40 \u0433<\/td>\n<td>6 &#8211; 6,5 \u0434\u044e\u0439\u043c\u043e\u0432<\/td>\n<td>1090 \u00b1 40 \u0444\u0443\u0442\u043e\u0432\/\u0441<\/td>\n<\/tr>\n<tr>\n<td rowspan=\"4\">II<\/td>\n<td rowspan=\"2\">357 Magnum JSP<\/td>\n<td>10,2 \u0433<\/td>\n<td>15 &#8211; 16,5 \u0441\u043c<\/td>\n<td>425 \u00b1 15 \u043c\/\u0441<\/td>\n<td rowspan=\"2\">5<\/td>\n<\/tr>\n<tr>\n<td>158 \u0433<\/td>\n<td>6 &#8211; 6,5 \u0434\u044e\u0439\u043c\u043e\u0432<\/td>\n<td>1395 \u00b1 50 \u0444\u0443\u0442\u043e\u0432\/\u0441<\/td>\n<\/tr>\n<tr>\n<td rowspan=\"2\">9 \u043c\u043c FMJ<\/td>\n<td>8,0 \u0433<\/td>\n<td>10 &#8211; 12 \u0441\u043c<\/td>\n<td>358 \u00b1 12 \u043c\/\u0441<\/td>\n<td rowspan=\"2\">5<\/td>\n<\/tr>\n<tr>\n<td>124 \u0433<\/td>\n<td>4 &#8211; 4,75 \u0434\u044e\u0439\u043c\u0430<\/td>\n<td>1175 \u00b1 40 \u0444\u0443\u0442\u043e\u0432\/\u0441<\/td>\n<\/tr>\n<tr>\n<td rowspan=\"4\">III-A<\/td>\n<td rowspan=\"2\">44 Magnum Lead SWC Gas Checked<\/td>\n<td>15,55 \u0433<\/td>\n<td>14 &#8211; 16 \u0441\u043c<\/td>\n<td>426 \u00b1 15 \u043c\/\u0441<\/td>\n<td rowspan=\"2\">5<\/td>\n<\/tr>\n<tr>\n<td>240 \u0433<\/td>\n<td>5,5 &#8211; 6,25 \u0434\u044e\u0439\u043c\u0430<\/td>\n<td>1400 \u00b1 50 \u0444\u0443\u0442\/\u0441<\/td>\n<\/tr>\n<tr>\n<td rowspan=\"2\">9 \u043c\u043c FMJ<\/td>\n<td>8,0 \u0433<\/td>\n<td>24 &#8211; 26 \u0441\u043c<\/td>\n<td>426 \u00b1 15 \u043c\/\u0441<\/td>\n<td rowspan=\"2\">5<\/td>\n<\/tr>\n<tr>\n<td>124 \u0433<\/td>\n<td>9,5 &#8211; 10,25 \u0434\u044e\u0439\u043c\u0430<\/td>\n<td>1400 \u00b1 50 \u0444\u0443\u0442\u043e\u0432\/\u0441<\/td>\n<\/tr>\n<tr>\n<td rowspan=\"2\">III<\/td>\n<td rowspan=\"2\">7,62 \u043c\u043c (308 Winchester) FMJ<\/td>\n<td>9,7 \u0433<\/td>\n<td>56 \u0441\u043c<\/td>\n<td>838 \u00b1 15 \u043c\/\u0441<\/td>\n<td rowspan=\"2\">5<\/td>\n<\/tr>\n<tr>\n<td>150 \u0433<\/td>\n<td>22 \u0434\u044e\u0439\u043c\u0430<\/td>\n<td>2750 \u00b1 50 \u0444\u0443\u0442\u043e\u0432\/\u0441<\/td>\n<\/tr>\n<tr>\n<td rowspan=\"2\">IV<\/td>\n<td rowspan=\"2\">30-06 AP<\/td>\n<td>10,8 \u0433<\/td>\n<td>56 \u0441\u043c<\/td>\n<td>868 \u00b1 15 \u043c\/\u0441<\/td>\n<td rowspan=\"2\">5<\/td>\n<\/tr>\n<\/tbody>\n<\/table>\n\t\t\t\t\t\t\t\t<\/div>\n\t\t\t\t<\/div>\n\t\t\t\t\t<\/div>\n\t\t\t\t<\/div>\n\t\t\t\t<\/div>\n\t\t","protected":false},"excerpt":{"rendered":"<p>NIJ 0108.01 NIJ 0108.01 \u0417\u0438\u0440\u0445 \u0422\u0435\u0441\u0442 \u0414\u0435\u0433\u0438\u0448\u043a\u0435\u043d\u043b\u0435\u0440\u0438 \u0418\u0441\u043f\u043e\u043b\u043d\u0438\u0442\u0435\u043b\u0438 gereklilikleri \u0421\u043e\u0432\u0435\u0442 Test M\u00fchimmat\u0131 \u041d\u043e\u043c\u0438\u043d\u0430\u043b\u044c\u043d\u044b\u0439 Mermi K\u00fctlesi \u00d6nerilen Namlu Uzunlu\u011fu Gerekli Mermi H\u0131z\u0131 Z\u0131rh \u00f6rne\u011fi ba\u015f\u0131na gerekli \u0410\u0434\u0438\u043b\u044c \u0418\u0441\u0430\u0431\u0435\u0442\u043b\u0435\u0440 I 22 LRHV \u0421\u0432\u0438\u043d\u0435\u0446 2,6 \u0433 15- 16,5 \u0441\u043c 320 \u00b1 12 \u043c\/\u0441 5 40 \u0433 6 &#8211; 6,5 \u0434\u044e\u0439\u043c\u043e\u0432 1050 \u00b1 40 \u0444\u0443\u0442\/\u0441 38 \u0421\u043f\u0435\u0446\u0438\u0430\u043b\u044c\u043d\u044b\u0439 RN \u0421\u0432\u0438\u043d\u0435\u0446 [&hellip;]<\/p>\n","protected":false},"author":1,"featured_media":0,"parent":0,"menu_order":0,"comment_status":"closed","ping_status":"closed","template":"elementor_header_footer","meta":{"footnotes":""},"class_list":["post-5085","page","type-page","status-publish","hentry"],"_links":{"self":[{"href":"https:\/\/tgrupcam.com\/index.php\/wp-json\/wp\/v2\/pages\/5085","targetHints":{"allow":["GET"]}}],"collection":[{"href":"https:\/\/tgrupcam.com\/index.php\/wp-json\/wp\/v2\/pages"}],"about":[{"href":"https:\/\/tgrupcam.com\/index.php\/wp-json\/wp\/v2\/types\/page"}],"author":[{"embeddable":true,"href":"https:\/\/tgrupcam.com\/index.php\/wp-json\/wp\/v2\/users\/1"}],"replies":[{"embeddable":true,"href":"https:\/\/tgrupcam.com\/index.php\/wp-json\/wp\/v2\/comments?post=5085"}],"version-history":[{"count":0,"href":"https:\/\/tgrupcam.com\/index.php\/wp-json\/wp\/v2\/pages\/5085\/revisions"}],"wp:attachment":[{"href":"https:\/\/tgrupcam.com\/index.php\/wp-json\/wp\/v2\/media?parent=5085"}],"curies":[{"name":"wp","href":"https:\/\/api.w.org\/{rel}","templated":true}]}}