{"id":5108,"date":"2025-05-28T12:55:31","date_gmt":"2025-05-28T09:55:31","guid":{"rendered":"https:\/\/tgrupcam.com\/index.php\/khimikano-zoralipen\/"},"modified":"2025-06-04T12:04:21","modified_gmt":"2025-06-04T09:04:21","slug":"khimikano-zoralipen","status":"publish","type":"page","link":"https:\/\/tgrupcam.com\/index.php\/khimikano-zoralipen\/?lang=ro","title":{"rendered":"Kh\u00ecmikano zoralipen"},"content":{"rendered":"\t\t<div data-elementor-type=\"wp-page\" data-elementor-id=\"5108\" class=\"elementor elementor-5108 elementor-3584\" data-elementor-post-type=\"page\">\n\t\t\t\t<div class=\"elementor-element elementor-element-79c9af8 e-con-full e-flex e-con e-parent\" data-id=\"79c9af8\" data-element_type=\"container\" data-e-type=\"container\" data-settings=\"{&quot;background_background&quot;:&quot;classic&quot;,&quot;shape_divider_bottom&quot;:&quot;opacity-fan&quot;}\">\n\t\t\t\t<div class=\"elementor-shape elementor-shape-bottom\" aria-hidden=\"true\" data-negative=\"false\">\n\t\t\t<svg xmlns=\"http:\/\/www.w3.org\/2000\/svg\" viewBox=\"0 0 283.5 19.6\" preserveAspectRatio=\"none\">\n\t<path class=\"elementor-shape-fill\" style=\"opacity:0.33\" d=\"M0 0L0 18.8 141.8 4.1 283.5 18.8 283.5 0z\"\/>\n\t<path class=\"elementor-shape-fill\" style=\"opacity:0.33\" d=\"M0 0L0 12.6 141.8 4 283.5 12.6 283.5 0z\"\/>\n\t<path class=\"elementor-shape-fill\" style=\"opacity:0.33\" d=\"M0 0L0 6.4 141.8 4 283.5 6.4 283.5 0z\"\/>\n\t<path class=\"elementor-shape-fill\" d=\"M0 0L0 1.2 141.8 4 283.5 1.2 283.5 0z\"\/>\n<\/svg>\t\t<\/div>\n\t\t\t\t<div class=\"elementor-element elementor-element-d85c1e5 elementor-widget elementor-widget-heading\" data-id=\"d85c1e5\" data-element_type=\"widget\" data-e-type=\"widget\" data-widget_type=\"heading.default\">\n\t\t\t\t<div class=\"elementor-widget-container\">\n\t\t\t\t\t<h2 class=\"elementor-heading-title elementor-size-default\">Kh\u00ecmikano zoralipen<\/h2>\t\t\t\t<\/div>\n\t\t\t\t<\/div>\n\t\t\t\t<\/div>\n\t\t<div class=\"elementor-element elementor-element-2cc499d e-flex e-con-boxed e-con e-parent\" data-id=\"2cc499d\" data-element_type=\"container\" data-e-type=\"container\">\n\t\t\t\t\t<div class=\"e-con-inner\">\n\t\t\t\t<div class=\"elementor-element elementor-element-4eeebef elementor-widget elementor-widget-heading\" data-id=\"4eeebef\" data-element_type=\"widget\" data-e-type=\"widget\" data-widget_type=\"heading.default\">\n\t\t\t\t<div class=\"elementor-widget-container\">\n\t\t\t\t\t<h2 class=\"elementor-heading-title elementor-size-default\">Kh\u00ecmikano zoralipen<\/h2>\t\t\t\t<\/div>\n\t\t\t\t<\/div>\n\t\t\t\t<div class=\"elementor-element elementor-element-96ca51e elementor-widget elementor-widget-text-editor\" data-id=\"96ca51e\" data-element_type=\"widget\" data-e-type=\"widget\" data-widget_type=\"text-editor.default\">\n\t\t\t\t<div class=\"elementor-widget-container\">\n\t\t\t\t\t\t\t\t\t<p data-start=\"53\" data-end=\"469\">Ko <strong data-start=\"56\" data-end=\"70\">T Grup Cam<\/strong>, amen sam dedikuime te del <strong data-start=\"103\" data-end=\"132\">eksepcionalno staklosko kvaliteto<\/strong> savo resljarel o baro a\u017autipe amare klijentonge, automobilikane, arxitekturake maripnaske, thaj bare performansoske dizajnoske industrije. Amari <strong data-start=\"267\" data-end=\"301\">teknologia va\u015b o zoralipe e ximikane<\/strong> del jekh premium solucia va\u015b e projektur\u0103 save mangen <strong data-start=\"353\" data-end=\"408\">maj bari optikani klariteta, zor thaj pat\u01d0vipen<\/strong> maj but katar e \u015bajutnimata va\u015b o tradicionalo zoralipe<\/strong>. data-start=&#8221;471&#8243; data-end=&#8221;719&#8243;>Na sar o termikane zoralo staklo, savo \u015baj te sikavel <strong data-start=\"520\" data-end=\"571\">distorzie, lokalno \u015bukaripen, vaj koloresqe vari\u00e0cie<\/strong>, amare <strong data-start=\"577\" data-end=\"607\"<\/strong>mikane zorale staklo <strong> data-start=&#8221;618&#8243; data-end=&#8221;648&#8243;>perfektno vizualno konzist\u00e8nca<\/strong>\u2014idealo va\u015b aplikacie kaj <strong data-start=\"678\" data-end=\"700\">optikani perfekcia<\/strong> si bi-negociaciaqi.<\/p>\n\t\t\t\t\t\t\t\t<\/div>\n\t\t\t\t<\/div>\n\t\t\t\t\t<\/div>\n\t\t\t\t<\/div>\n\t\t<div class=\"elementor-element elementor-element-cf186d8 e-flex e-con-boxed e-con e-parent\" data-id=\"cf186d8\" data-element_type=\"container\" data-e-type=\"container\" data-settings=\"{&quot;background_background&quot;:&quot;classic&quot;}\">\n\t\t\t\t\t<div class=\"e-con-inner\">\n\t\t\t\t<div class=\"elementor-element elementor-element-46d732c elementor-widget elementor-widget-heading\" data-id=\"46d732c\" data-element_type=\"widget\" data-e-type=\"widget\" data-widget_type=\"heading.default\">\n\t\t\t\t<div class=\"elementor-widget-container\">\n\t\t\t\t\t<h2 class=\"elementor-heading-title elementor-size-default\">So si o khemikano zuralipe?<\/h2>\t\t\t\t<\/div>\n\t\t\t\t<\/div>\n\t\t\t\t<div class=\"elementor-element elementor-element-3e76596 elementor-widget elementor-widget-text-editor\" data-id=\"3e76596\" data-element_type=\"widget\" data-e-type=\"widget\" data-widget_type=\"text-editor.default\">\n\t\t\t\t<div class=\"elementor-widget-container\">\n\t\t\t\t\t\t\t\t\t<p data-start=\"766\" data-end=\"1092\"><strong data-start=\"766\" data-end=\"789\">O khemikano zuralipe<\/strong> si jekh avansime proceso vash o zuralipe e staklosko bazirime pe <strong data-start=\"842\" data-end=\"858\">ionosko paruvipe<\/strong>, vazdel o <strong>788&#8243; data-end=&#8221;899&#8243;>surface strength<\/strong> thaj <strong data-start=\"904\" data-end=\"926\">termikani resistenca<\/strong> e stakloski bi te paruvel lesko dikhipe. Akava kerel la idealno vash <strong data-start=\"997\" data-end=\"1091\">estetikane arxitekturake aplikacie, elektronikane displeja, thaj specializirime glazurake sistemura<\/strong>.<\/p>\n<p data-start=\"1094\" data-end=\"1117\"><strong data-start=\"1099-end=\"1117\"><strong data-start=\"1099\"-end=\"1091\" Kerel buti<\/strong><\/p>\n<ol data-start=\"1118\" data-end=\"1933\">\n<li data-start=\"1118\" data-end=\"1211\">\n<p data-start=\"1121\" data-end=\"1211\"><strong data-start=\"1121\" data-end=\"1136<\/strong>P<\/strong><strong>a<\/strong><strong>ra<\/strong><strong>luz thovdo te avel sigurime jekh bi-kontaminirime rig.<\/p>\n<\/li>\n<li data-start=\"1212\" data-end=\"1523\">\n<p data-start=\"1215\" data-end=\"1322\"><strong data-start=\"1215\" data-end=\"1231\">Ion Exchange<\/strong> \u2013 si thodino and-o <strong staklo data-start=\"1257\" data-end=\"1297\">high-purity potassium nitrate (KNO\u2083)<\/strong> pani ko <strong data-start=\"1306\" data-end=\"1319\">380\u2013450\u00b0C<\/strong>.<\/p>\n<ul data-start=\"1362-end=1306\" data-start=\"1326\" data-end=\"1428\">\n<p data-start=\"1328\" data-end=\"1428\"><strong data-start=\"1328\" data-end=\"1357\">Maj cikne natriumoske ionura (Na\u207a) ande stakloski rig si <strong data-start=\"1383-end=\"1357\"\" maj bare kaliumoske ionura (K\u207a)<\/strong>.<\/p>\n<\/li>\n<li data-start=\"1432\" data-end=\"1523\">\n<p data-start=\"1434\" data-end=\"1523\">Kado paruvipe kerel <strong data-start=\"1456\" data-end=\"147\"<\/strong>&#8221; maj baro streso pe rig e rigaki zor.<\/p>\n<\/li>\n<\/ul>\n<\/li>\n<li data-start=\"1524\" data-end=\"1679\">\n<p data-start=\"1527\" data-end=\"1679\"><strong data-start=\"1527\" data-end=\"1553\">Stress Layer Formation<\/strong> \u2013 O paruvipen e ionengo paruvdi ko jekh layer data-start=&#8221;1603&#8243; data-end=&#8221;1623&#8243;>100 mikronura fundone<\/strong>, but vazdel i resistenca karing o phagipe thaj o \u0107hivipen.<\/p>\n<\/li>\n<li data-start=\"1680\" data-end=\"1786\">\n<p data-start=\"1683\" data-end=\"1786=strong\" data-start=\"1686\" data-end=\"1705\">Kontrolime ushtipe<\/strong> \u2013 O staklo si gradualno ushtilo te arakhel o integriteto e stresoske stratosko.<\/p>\n<\/li>\n<li data-start=\"1787\" data-end=\"1933\">\n<p data-start=\"1790\" data-end=\"1933-\"=strong data-start=\"1933\"=strong data-start data-end=\"1810\">Finalno Inspekcia<\/strong> \u2013 Sako panelo unde<\/p>\n<\/li>\n<\/ol>\n\t\t\t\t\t\t\t\t<\/div>\n\t\t\t\t<\/div>\n\t\t\t\t\t<\/div>\n\t\t\t\t<\/div>\n\t\t<div class=\"elementor-element elementor-element-8e4fd01 e-flex e-con-boxed e-con e-parent\" data-id=\"8e4fd01\" data-element_type=\"container\" data-e-type=\"container\">\n\t\t\t\t\t<div class=\"e-con-inner\">\n\t\t\t\t<div class=\"elementor-element elementor-element-c87e9f2 elementor-widget elementor-widget-heading\" data-id=\"c87e9f2\" data-element_type=\"widget\" data-e-type=\"widget\" data-widget_type=\"heading.default\">\n\t\t\t\t<div class=\"elementor-widget-container\">\n\t\t\t\t\t<h2 class=\"elementor-heading-title elementor-size-default\">Sostar te alosarel pes o khemikano zuralipe?<\/h2>\t\t\t\t<\/div>\n\t\t\t\t<\/div>\n\t\t\t\t<div class=\"elementor-element elementor-element-1ad67cb elementor-widget elementor-widget-text-editor\" data-id=\"1ad67cb\" data-element_type=\"widget\" data-e-type=\"widget\" data-widget_type=\"text-editor.default\">\n\t\t\t\t<div class=\"elementor-widget-container\">\n\t\t\t\t\t\t\t\t\t<p data-start=\"53\" data-end=\"469\">\u2705 <strong data-start=\"1985\" data-end=\"2013\">Superior Optical Clarity<\/strong> \u2013 Naj deformacia, paruvipe e koloresko, vaj roller wave distorzije sar ko termikano zoralipe.<br data-start=\"2096\"-end=\"2013\" data-start=\"2101\" data-end=\"2130\">Bari Surface Strength<\/strong> \u2013 Maj bari resistenca karing o \u0107hivipen, o \u0107hivipen, thaj o mekanikano streso.<br data-start=\"2197\" data-end=\"2200\" \/>\u2705 <strong data-start=\"2202\" data-end=\"2130\"2200\" I sikavd\u0103s o \u015bukar \u015bok Rezistenca<\/strong> \u2013 Idealno va\u015b e ambi\u00e8ntur\u01ce kaj si len fluktu\u00e0cie e temperaturaqe.<br data-start=\"2295\" data-end=\"2298\" \/>\u2705 <strong data-start=\"2300\" data-end=\"2320\">Avant\u00e0\u0292o va\u015b i sekuriteta<\/strong> \u2013 \u0106hivel pes an\u03b8-e maj tikne phare, granularne fragmentur\u0103 data-start<br=\"207\"<br. data-end=\"2373\" \/>\u2705 <strong data-start=\"2375\" data-end=\"2413\">Perfekto va\u015b o Thin &amp; Specialno staklo<\/strong> \u2013 \u0160aj te kerel o staklo te zurarel pes sar <strong data-start=\"2455\" data-end=\"2463\">2 mm<\/strong>, so na si \u015bajdo e termikane procesurenca.<\/p>\n\t\t\t\t\t\t\t\t<\/div>\n\t\t\t\t<\/div>\n\t\t\t\t\t<\/div>\n\t\t\t\t<\/div>\n\t\t<div class=\"elementor-element elementor-element-2ae6d74 e-flex e-con-boxed e-con e-parent\" data-id=\"2ae6d74\" data-element_type=\"container\" data-e-type=\"container\" data-settings=\"{&quot;background_background&quot;:&quot;classic&quot;}\">\n\t\t\t\t\t<div class=\"e-con-inner\">\n\t\t\t\t<div class=\"elementor-element elementor-element-5f0bd9c elementor-widget elementor-widget-heading\" data-id=\"5f0bd9c\" data-element_type=\"widget\" data-e-type=\"widget\" data-widget_type=\"heading.default\">\n\t\t\t\t<div class=\"elementor-widget-container\">\n\t\t\t\t\t<h2 class=\"elementor-heading-title elementor-size-default\">Personalizirimo khemikano zoralipe vash personalizirime dimenzije<\/h2>\t\t\t\t<\/div>\n\t\t\t\t<\/div>\n\t\t\t\t<div class=\"elementor-element elementor-element-259ae8a elementor-widget elementor-widget-text-editor\" data-id=\"259ae8a\" data-element_type=\"widget\" data-e-type=\"widget\" data-widget_type=\"text-editor.default\">\n\t\t\t\t<div class=\"elementor-widget-container\">\n\t\t\t\t\t\t\t\t\t<p data-start=\"766\" data-end=\"1092\">Amen gordosa das <strong data-start=\"2605\" data-end=\"2654\">khemikani zoralipe sar personalizirime serviso<\/strong> vash <strong data-start=\"2659\" data-end=\"2689\">staklo (COG) savo si les e klientia<\/strong>. Amaro andruno kher <strong data-start=\"2704\" data-end=\"2745\">state-of-the-art sistemo e kimikane pajesqo<\/strong> \u015baj te akomodil \u015bu\u017ae bare \u017ai ka <strong data-start=\"2780\" data-end=\"2802\">8.00 x 3.21 metre<\/strong>, so kerel te del jekh andar e maj tikne \u015berutne ande <strong regionura data-start=\"2864\" data-end=\"2909\">kerdo buti e bare formatesa thaj specialno staklosa<\/strong> e <strong data-start=\"2915\" data-end=\"2940\">precizia e lumjaki klasa<\/strong>.<\/p>\n\t\t\t\t\t\t\t\t<\/div>\n\t\t\t\t<\/div>\n\t\t\t\t\t<\/div>\n\t\t\t\t<\/div>\n\t\t<div class=\"elementor-element elementor-element-2181cc8 e-flex e-con-boxed e-con e-parent\" data-id=\"2181cc8\" data-element_type=\"container\" data-e-type=\"container\">\n\t\t\t\t\t<div class=\"e-con-inner\">\n\t\t<div class=\"elementor-element elementor-element-e8bbdb3 e-con-full e-flex e-con e-child\" data-id=\"e8bbdb3\" data-element_type=\"container\" data-e-type=\"container\">\n\t\t\t\t<div class=\"elementor-element elementor-element-e435af1 elementor-widget elementor-widget-heading\" data-id=\"e435af1\" data-element_type=\"widget\" data-e-type=\"widget\" data-widget_type=\"heading.default\">\n\t\t\t\t<div class=\"elementor-widget-container\">\n\t\t\t\t\t<h2 class=\"elementor-heading-title elementor-size-default\">Aplik\u00e0cie<\/h2>\t\t\t\t<\/div>\n\t\t\t\t<\/div>\n\t\t\t\t<div class=\"elementor-element elementor-element-ad043d1 elementor-widget elementor-widget-text-editor\" data-id=\"ad043d1\" data-element_type=\"widget\" data-e-type=\"widget\" data-widget_type=\"text-editor.default\">\n\t\t\t\t<div class=\"elementor-widget-container\">\n\t\t\t\t\t\t\t\t\t<ul>\n<li data-start=\"2971\" data-end=\"3009\">\n<p data-start=\"2973\" data-end=\"3009\">High-end <strong data-start=\"2982\" data-end=\"3007\">architectural fa\u00e7ades<\/strong><\/p>\n<\/li>\n<li data-start=\"3010\" data-end=\"3052\">\n<p data-start=\"3012\" data-end=\"3052\"><strong data-start=\"3012\" data-end=\"3027\">Balustrades<\/strong> and structural glazing<\/p>\n<\/li>\n<li data-start=\"3053\" data-end=\"3085\">\n<p data-start=\"3055\" data-end=\"3085\"><strong data-start=\"3055\" data-end=\"3083\">Marine and yacht windows<\/strong><\/p>\n<\/li>\n<li data-start=\"3086\" data-end=\"3146\">\n<p data-start=\"3088\" data-end=\"3146\"><strong data-start=\"3088\" data-end=\"3109\">Shower enclosures<\/strong> and <strong data-start=\"3114\" data-end=\"3144\">curved glass installations<\/strong><\/p>\n<\/li>\n<li data-start=\"3147\" data-end=\"3211\">\n<p data-start=\"3149\" data-end=\"3211\"><strong data-start=\"3149\" data-end=\"3165\">Touchscreens<\/strong>, electronics, and high-value display panels<\/p>\n<\/li>\n<li data-start=\"3212\" data-end=\"3268\">\n<p data-start=\"3214\" data-end=\"3268\"><strong data-start=\"3214\" data-end=\"3233\">Furniture glass<\/strong>, tables, and decorative elements<\/p>\n<\/li>\n<\/ul>\n\t\t\t\t\t\t\t\t<\/div>\n\t\t\t\t<\/div>\n\t\t\t\t<\/div>\n\t\t<div class=\"elementor-element elementor-element-c451f41 e-con-full e-flex e-con e-child\" data-id=\"c451f41\" data-element_type=\"container\" data-e-type=\"container\">\n\t\t\t\t<div class=\"elementor-element elementor-element-68f83dc elementor-widget elementor-widget-image\" data-id=\"68f83dc\" data-element_type=\"widget\" data-e-type=\"widget\" data-widget_type=\"image.default\">\n\t\t\t\t<div class=\"elementor-widget-container\">\n\t\t\t\t\t\t\t\t\t\t\t\t\t\t\t<img fetchpriority=\"high\" decoding=\"async\" width=\"500\" height=\"437\" src=\"https:\/\/tgrupcam.com\/wp-content\/uploads\/2025\/05\/csm_Chemical-Toughening-Ion-Exchange-Illustration_623dc1b8f8.png\" class=\"attachment-large size-large wp-image-3594\" alt=\"\" srcset=\"https:\/\/tgrupcam.com\/wp-content\/uploads\/2025\/05\/csm_Chemical-Toughening-Ion-Exchange-Illustration_623dc1b8f8.png 500w, https:\/\/tgrupcam.com\/wp-content\/uploads\/2025\/05\/csm_Chemical-Toughening-Ion-Exchange-Illustration_623dc1b8f8-300x262.png 300w\" sizes=\"(max-width: 500px) 100vw, 500px\" \/>\t\t\t\t\t\t\t\t\t\t\t\t\t\t\t<\/div>\n\t\t\t\t<\/div>\n\t\t\t\t<\/div>\n\t\t\t\t\t<\/div>\n\t\t\t\t<\/div>\n\t\t<div class=\"elementor-element elementor-element-2b0d3e2 e-flex e-con-boxed e-con e-parent\" data-id=\"2b0d3e2\" data-element_type=\"container\" data-e-type=\"container\" data-settings=\"{&quot;background_background&quot;:&quot;classic&quot;}\">\n\t\t\t\t\t<div class=\"e-con-inner\">\n\t\t\t\t<div class=\"elementor-element elementor-element-3145ea1 elementor-widget elementor-widget-heading\" data-id=\"3145ea1\" data-element_type=\"widget\" data-e-type=\"widget\" data-widget_type=\"heading.default\">\n\t\t\t\t<div class=\"elementor-widget-container\">\n\t\t\t\t\t<h2 class=\"elementor-heading-title elementor-size-default\">Sostar T Grup Cam?<\/h2>\t\t\t\t<\/div>\n\t\t\t\t<\/div>\n\t\t\t\t<div class=\"elementor-element elementor-element-5331489 elementor-widget elementor-widget-text-editor\" data-id=\"5331489\" data-element_type=\"widget\" data-e-type=\"widget\" data-widget_type=\"text-editor.default\">\n\t\t\t\t<div class=\"elementor-widget-container\">\n\t\t\t\t\t\t\t\t\t<p data-start=\"3301\" data-end=\"3629\">Amare <strong data-start=\"3310\" data-end=\"3325\">ekspertoski ekipa<\/strong>, avansime andruni teknologia, thaj anga\u017emano karing e ma\u0161karthemutne standardura, <strong data-start=\"3400\" data-end=\"341\"<\/strong>T Grup si pat\u01d0valo partnero<\/strong> data-start=&#8221;3442&#8243; data-end=&#8221;3482&#8243;>personalizirime solucie vash o zuralipe e kemikaliengo<\/strong>. Amen keras buti e kli\u00e8nturenqe an\u03b8-i <strong data-start=\"3508\" data-end=\"3555\">Turcia, Evropa, o UK, o USA, thaj o Israel<\/strong>, dendoj <strong data-start=\"3567\" data-end=\"3609\">precizia, reli\u00e0bilit\u00e8ta thaj inovacia<\/strong> an\u03b8-e svako proj\u00e8kto. data-is-last-node=&#8221;&#8221; data-is-only-node=&#8221;&#8221;>\ud83d\udce9 <strong data-start=\"3634\" data-end=\"3704\">Te sikl\u01d2ves maj but vaj te manges jekh citato va\u015b e servisur\u0103 va\u015b o zoralipen e ximikane:<\/strong><br data-start=\"3704\" data-end=\"3707> \/&#8221; \ud83d\udcde \ud83d\udcde +937 77 | +90 531 430 79 57 | +90 532 404 48 09<br data-start=\"3767\" data-end=\"3770\" \/>\ud83d\udccd <strong data-start=\"3773\" data-end=\"3784\">Turcia:<\/strong> Ak\u00e7aburgaz Mah. 1575. Sk. 4 Ca Blok No: 4ca \u0130\u00e7 Kap\u0131 No: 3 Esenyurt\/\u0130stanbul<br data-start=\"3860\" data-end=\"3863\" \/>\ud83d\udccd <strong data-start=\"3866\" data-end=\"3879\">Bulgaria:<\/strong> T Grup Cam Eood, Stoim Zaim, 13 Haskovo\/BULGARIA<\/p>\n\t\t\t\t\t\t\t\t<\/div>\n\t\t\t\t<\/div>\n\t\t\t\t\t<\/div>\n\t\t\t\t<\/div>\n\t\t\t\t<\/div>\n\t\t","protected":false},"excerpt":{"rendered":"<p>Kh\u00ecmikano zoralipen Kh\u00ecmikano zoralipen Ko T Grup Cam, amen sam dedikuime te del eksepcionalno staklosko kvaliteto savo resljarel o baro a\u017autipe amare klijentonge, automobilikane, arxitekturake maripnaske, thaj bare performansoske dizajnoske industrije. Amari teknologia va\u015b o zoralipe e ximikane del jekh premium solucia va\u015b e projektur\u0103 save mangen maj bari optikani klariteta, zor thaj pat\u01d0vipen maj [&hellip;]<\/p>\n","protected":false},"author":1,"featured_media":0,"parent":0,"menu_order":0,"comment_status":"closed","ping_status":"closed","template":"elementor_header_footer","meta":{"footnotes":""},"class_list":["post-5108","page","type-page","status-publish","hentry"],"_links":{"self":[{"href":"https:\/\/tgrupcam.com\/index.php\/wp-json\/wp\/v2\/pages\/5108","targetHints":{"allow":["GET"]}}],"collection":[{"href":"https:\/\/tgrupcam.com\/index.php\/wp-json\/wp\/v2\/pages"}],"about":[{"href":"https:\/\/tgrupcam.com\/index.php\/wp-json\/wp\/v2\/types\/page"}],"author":[{"embeddable":true,"href":"https:\/\/tgrupcam.com\/index.php\/wp-json\/wp\/v2\/users\/1"}],"replies":[{"embeddable":true,"href":"https:\/\/tgrupcam.com\/index.php\/wp-json\/wp\/v2\/comments?post=5108"}],"version-history":[{"count":0,"href":"https:\/\/tgrupcam.com\/index.php\/wp-json\/wp\/v2\/pages\/5108\/revisions"}],"wp:attachment":[{"href":"https:\/\/tgrupcam.com\/index.php\/wp-json\/wp\/v2\/media?parent=5108"}],"curies":[{"name":"wp","href":"https:\/\/api.w.org\/{rel}","templated":true}]}}