{"id":5156,"date":"2025-05-28T12:55:31","date_gmt":"2025-05-28T09:55:31","guid":{"rendered":"https:\/\/tgrupcam.com\/index.php\/kemiai-edzes\/"},"modified":"2025-06-04T12:40:10","modified_gmt":"2025-06-04T09:40:10","slug":"kemiai-edzes","status":"publish","type":"page","link":"https:\/\/tgrupcam.com\/index.php\/kemiai-edzes\/?lang=hu","title":{"rendered":"K\u00e9miai edz\u00e9s"},"content":{"rendered":"\t\t<div data-elementor-type=\"wp-page\" data-elementor-id=\"5156\" class=\"elementor elementor-5156 elementor-3584\" data-elementor-post-type=\"page\">\n\t\t\t\t<div class=\"elementor-element elementor-element-79c9af8 e-con-full e-flex e-con e-parent\" data-id=\"79c9af8\" data-element_type=\"container\" data-e-type=\"container\" data-settings=\"{&quot;background_background&quot;:&quot;classic&quot;,&quot;shape_divider_bottom&quot;:&quot;opacity-fan&quot;}\">\n\t\t\t\t<div class=\"elementor-shape elementor-shape-bottom\" aria-hidden=\"true\" data-negative=\"false\">\n\t\t\t<svg xmlns=\"http:\/\/www.w3.org\/2000\/svg\" viewBox=\"0 0 283.5 19.6\" preserveAspectRatio=\"none\">\n\t<path class=\"elementor-shape-fill\" style=\"opacity:0.33\" d=\"M0 0L0 18.8 141.8 4.1 283.5 18.8 283.5 0z\"\/>\n\t<path class=\"elementor-shape-fill\" style=\"opacity:0.33\" d=\"M0 0L0 12.6 141.8 4 283.5 12.6 283.5 0z\"\/>\n\t<path class=\"elementor-shape-fill\" style=\"opacity:0.33\" d=\"M0 0L0 6.4 141.8 4 283.5 6.4 283.5 0z\"\/>\n\t<path class=\"elementor-shape-fill\" d=\"M0 0L0 1.2 141.8 4 283.5 1.2 283.5 0z\"\/>\n<\/svg>\t\t<\/div>\n\t\t\t\t<div class=\"elementor-element elementor-element-d85c1e5 elementor-widget elementor-widget-heading\" data-id=\"d85c1e5\" data-element_type=\"widget\" data-e-type=\"widget\" data-widget_type=\"heading.default\">\n\t\t\t\t<div class=\"elementor-widget-container\">\n\t\t\t\t\t<h2 class=\"elementor-heading-title elementor-size-default\">K\u00e9miai edz\u00e9s<\/h2>\t\t\t\t<\/div>\n\t\t\t\t<\/div>\n\t\t\t\t<\/div>\n\t\t<div class=\"elementor-element elementor-element-2cc499d e-flex e-con-boxed e-con e-parent\" data-id=\"2cc499d\" data-element_type=\"container\" data-e-type=\"container\">\n\t\t\t\t\t<div class=\"e-con-inner\">\n\t\t\t\t<div class=\"elementor-element elementor-element-4eeebef elementor-widget elementor-widget-heading\" data-id=\"4eeebef\" data-element_type=\"widget\" data-e-type=\"widget\" data-widget_type=\"heading.default\">\n\t\t\t\t<div class=\"elementor-widget-container\">\n\t\t\t\t\t<h2 class=\"elementor-heading-title elementor-size-default\">K\u00e9miai edz\u00e9s<\/h2>\t\t\t\t<\/div>\n\t\t\t\t<\/div>\n\t\t\t\t<div class=\"elementor-element elementor-element-96ca51e elementor-widget elementor-widget-text-editor\" data-id=\"96ca51e\" data-element_type=\"widget\" data-e-type=\"widget\" data-widget_type=\"text-editor.default\">\n\t\t\t\t<div class=\"elementor-widget-container\">\n\t\t\t\t\t\t\t\t\t<p data-start=\"53\" data-end=\"469\">A <strong data-start=\"56\" data-end=\"70\">T Grup Cam<\/strong>-n\u00e1l elk\u00f6telezettek vagyunk amellett, hogy <strong data-start=\"103\" data-end=\"132\">kiv\u00e9teles \u00fcvegmin\u0151s\u00e9get<\/strong> biztos\u00edtsunk, amely megfelel \u00fcgyfeleink magas elv\u00e1r\u00e1sainak az \u00e9p\u00edt\u00e9szeti, aut\u00f3ipari, haj\u00f3ipari \u00e9s nagy teljes\u00edtm\u00e9ny\u0171 formatervez\u00e9si ipar\u00e1gakban. <strong data-start=\"267\" data-end=\"301\">k\u00e9miai edz\u00e9si technol\u00f3gi\u00e1nk<\/strong> pr\u00e9mium megold\u00e1st k\u00edn\u00e1l olyan projektekhez, amelyek a hagyom\u00e1nyos h\u0151edz\u00e9s k\u00e9pess\u00e9geit meghalad\u00f3 <strong data-start=\"353\" data-end=\"408\">kiv\u00e1l\u00f3 optikai tisztas\u00e1got, szil\u00e1rds\u00e1got \u00e9s megb\u00edzhat\u00f3s\u00e1got<\/strong> ig\u00e9nyelnek.<\/p>\n<p data-start=\"471\" data-end=\"719\">A h\u0151edzett \u00fcveggel ellent\u00e9tben, amely <strong data-start=\"520\" data-end=\"571\">torzul\u00e1sokat, helyi \u00e1rny\u00e9kol\u00e1st vagy sz\u00ednv\u00e1ltoz\u00e1sokat<\/strong> mutathat, <strong data-start=\"577\" data-end=\"607\">k\u00e9miailag edzett \u00fcveg\u00fcnk<\/strong> <strong data-start=\"618\" data-end=\"648\">t\u00f6k\u00e9letes vizu\u00e1lis konzisztenci\u00e1t<\/strong> biztos\u00edt \u2013 ide\u00e1lis olyan alkalmaz\u00e1sokhoz, ahol az <strong data-start=\"678\" data-end=\"700\">optikai t\u00f6k\u00e9letess\u00e9g<\/strong> nem k\u00e9pezheti vita t\u00e1rgy\u00e1t.<\/p>\n\t\t\t\t\t\t\t\t<\/div>\n\t\t\t\t<\/div>\n\t\t\t\t\t<\/div>\n\t\t\t\t<\/div>\n\t\t<div class=\"elementor-element elementor-element-cf186d8 e-flex e-con-boxed e-con e-parent\" data-id=\"cf186d8\" data-element_type=\"container\" data-e-type=\"container\" data-settings=\"{&quot;background_background&quot;:&quot;classic&quot;}\">\n\t\t\t\t\t<div class=\"e-con-inner\">\n\t\t\t\t<div class=\"elementor-element elementor-element-46d732c elementor-widget elementor-widget-heading\" data-id=\"46d732c\" data-element_type=\"widget\" data-e-type=\"widget\" data-widget_type=\"heading.default\">\n\t\t\t\t<div class=\"elementor-widget-container\">\n\t\t\t\t\t<h2 class=\"elementor-heading-title elementor-size-default\">Mi a k\u00e9miai edz\u00e9s?<\/h2>\t\t\t\t<\/div>\n\t\t\t\t<\/div>\n\t\t\t\t<div class=\"elementor-element elementor-element-3e76596 elementor-widget elementor-widget-text-editor\" data-id=\"3e76596\" data-element_type=\"widget\" data-e-type=\"widget\" data-widget_type=\"text-editor.default\">\n\t\t\t\t<div class=\"elementor-widget-container\">\n\t\t\t\t\t\t\t\t\t<p data-start=\"766\" data-end=\"1092\"><strong data-start=\"766\" data-end=\"789\">A k\u00e9miai edz\u00e9s<\/strong> egy fejlett \u00fcveger\u0151s\u00edt\u0151 elj\u00e1r\u00e1s, amely az <strong data-start=\"842\" data-end=\"858\">ioncser\u00e9n<\/strong> alapul, \u00e9s jav\u00edtja mind az \u00fcveg <strong data-start=\"879\" data-end=\"899\">fel\u00fcleti szil\u00e1rds\u00e1g\u00e1t<\/strong>, mind a <strong data-start=\"904\" data-end=\"926\">h\u0151\u00e1ll\u00f3s\u00e1g\u00e1t<\/strong> an\u00e9lk\u00fcl, hogy megv\u00e1ltoztatn\u00e1 a megjelen\u00e9s\u00e9t. Ez ide\u00e1liss\u00e1 teszi **eszt\u00e9tikus \u00e9p\u00edt\u00e9szeti alkalmaz\u00e1sokhoz, elektronikus kijelz\u0151kh\u00f6z \u00e9s speci\u00e1lis \u00fcvegez\u00e9si rendszerekhez**.<\/p>\n<p data-start=\"1094\" data-end=\"1117\"><strong data-start=\"1099\" data-end=\"1115\">Hogyan m\u0171k\u00f6dik<\/strong><\/p>\n<ol data-start=\"1118\" data-end=\"1933\">\n<li data-start=\"1118\" data-end=\"1211\">\n<p data-start=\"1121\" data-end=\"1211\"><strong data-start=\"1121\" data-end=\"1136\">El\u0151k\u00e9sz\u00edt\u00e9s<\/strong> \u2013 Az \u00fcveget apr\u00f3l\u00e9kosan megtiszt\u00edtj\u00e1k a szennyez\u0151d\u00e9smentes fel\u00fclet biztos\u00edt\u00e1sa \u00e9rdek\u00e9ben.<\/p>\n<\/li>\n<li data-start=\"1212\" data-end=\"1523\">\n<p data-start=\"1215\" data-end=\"1322\"><strong data-start=\"1215\" data-end=\"1231\">Ioncsere<\/strong> \u2013 Az \u00fcveget <strong data-start=\"1257\" data-end=\"1297\">nagy tisztas\u00e1g\u00fa k\u00e1lium-nitr\u00e1t (KNO\u2083)<\/strong> f\u00fcrd\u0151be mer\u00edtik <strong data-start=\"1306\" data-end=\"1319\">380\u2013450\u00b0C-on<\/strong>.<\/p>\n<ul data-start=\"1326\" data-end=\"1523\">\n<li data-start=\"1326\" data-end=\"1428\">\n<p data-start=\"1328\" data-end=\"1428\"><strong data-start=\"1328\" data-end=\"1357\">Az \u00fcveg fel\u00fclet\u00e9n tal\u00e1lhat\u00f3 kisebb n\u00e1triumionokat (Na\u207a)<\/strong> <strong data-start=\"1383\" data-end=\"1425\">nagyobb k\u00e1liumionok (K\u207a) v\u00e1ltj\u00e1k fel<\/strong>.<\/p>\n<\/li>\n<li data-start=\"1432\" data-end=\"1523\">\n<p data-start=\"1434\" data-end=\"1523\">Ez az ioncsere <strong data-start=\"1456\" data-end=\"1478\">nyom\u00f3fesz\u00fclts\u00e9get<\/strong> hoz l\u00e9tre a fel\u00fcleti r\u00e9tegen, n\u00f6velve a szil\u00e1rds\u00e1got.<\/p>\n<\/li>\n<\/ul>\n<\/li>\n<li data-start=\"1524\" data-end=\"1679\">\n<p data-start=\"1527\" data-end=\"1679\"><strong data-start=\"1527\" data-end=\"1553\">Fesz\u00fclts\u00e9gr\u00e9teg kialakul\u00e1sa<\/strong> \u2013 Az ioncsere ak\u00e1r <strong data-start=\"1603\" data-end=\"1623\">100 mikron vastags\u00e1g\u00fa<\/strong> edzett r\u00e9teget k\u00e9pez, ami nagym\u00e9rt\u00e9kben n\u00f6veli a reped\u00e9s- \u00e9s \u00fct\u00e9s\u00e1ll\u00f3s\u00e1got.<\/p>\n<\/li>\n<li data-start=\"1680\" data-end=\"1786\">\n<p data-start=\"1683\" data-end=\"1786\"><strong data-start=\"1683\" data-end=\"1705\">Szab\u00e1lyozott h\u0171t\u00e9s<\/strong> \u2013 Az \u00fcveg fokozatosan h\u0171l, hogy meg\u0151rizze a fesz\u00fclts\u00e9gr\u00e9teg \u00e9ps\u00e9g\u00e9t.<\/p>\n<\/li>\n<li data-start=\"1787\" data-end=\"1933\">\n<p data-start=\"1790\" data-end=\"1933\"><strong data-start=\"1790\" data-end=\"1810\">V\u00e9gs\u0151 ellen\u0151rz\u00e9s<\/strong> \u2013 Minden \u00fcveglap alatta<\/p>\n<\/li>\n<\/ol>\n\t\t\t\t\t\t\t\t<\/div>\n\t\t\t\t<\/div>\n\t\t\t\t\t<\/div>\n\t\t\t\t<\/div>\n\t\t<div class=\"elementor-element elementor-element-8e4fd01 e-flex e-con-boxed e-con e-parent\" data-id=\"8e4fd01\" data-element_type=\"container\" data-e-type=\"container\">\n\t\t\t\t\t<div class=\"e-con-inner\">\n\t\t\t\t<div class=\"elementor-element elementor-element-c87e9f2 elementor-widget elementor-widget-heading\" data-id=\"c87e9f2\" data-element_type=\"widget\" data-e-type=\"widget\" data-widget_type=\"heading.default\">\n\t\t\t\t<div class=\"elementor-widget-container\">\n\t\t\t\t\t<h2 class=\"elementor-heading-title elementor-size-default\">Mi\u00e9rt v\u00e1lassza a k\u00e9miai edz\u00e9st?<\/h2>\t\t\t\t<\/div>\n\t\t\t\t<\/div>\n\t\t\t\t<div class=\"elementor-element elementor-element-1ad67cb elementor-widget elementor-widget-text-editor\" data-id=\"1ad67cb\" data-element_type=\"widget\" data-e-type=\"widget\" data-widget_type=\"text-editor.default\">\n\t\t\t\t<div class=\"elementor-widget-container\">\n\t\t\t\t\t\t\t\t\t<p data-start=\"53\" data-end=\"469\">\u2705 <strong data-start=\"1985\" data-end=\"2013\">Kiv\u00e1l\u00f3 optikai tisztas\u00e1g<\/strong> \u2013 Nincs vetemed\u00e9s, sz\u00ednv\u00e1ltoz\u00e1s vagy g\u00f6rg\u0151hull\u00e1m-torzul\u00e1s, mint a h\u0151edz\u00e9sn\u00e9l.<br data-start=\"2096\" data-end=\"2099\" \/>\u2705 <strong data-start=\"2101\" data-end=\"2130\">Megn\u00f6velt fel\u00fcleti szil\u00e1rds\u00e1g<\/strong> \u2013 Nagyobb ellen\u00e1ll\u00e1s a karcol\u00e1sokkal, \u00fct\u00e9sekkel \u00e9s mechanikai ig\u00e9nybev\u00e9tellel szemben.<br data-start=\"2197\" data-end=\"2200\" \/>\u2705 <strong data-start=\"2202\" data-end=\"2239\">Fokozott h\u0151sokk-\u00e1ll\u00f3s\u00e1g<\/strong> \u2013 Ide\u00e1lis h\u0151m\u00e9rs\u00e9klet-ingadoz\u00e1s\u00fa k\u00f6rnyezetekhez.<br data-start=\"2295\" data-end=\"2298\" \/>\u2705 <strong data-start=\"2300\" data-end=\"2320\">Biztons\u00e1g El\u0151ny<\/strong> \u2013 Kev\u00e9sb\u00e9 vesz\u00e9lyes, szemcs\u00e9s darabokra t\u00f6rik.<br data-start=\"2370\" data-end=\"2373\" \/>\u2705 <strong data-start=\"2375\" data-end=\"2413\">T\u00f6k\u00e9letes v\u00e9kony \u00e9s speci\u00e1lis \u00fcvegekhez<\/strong> \u2013 Lehet\u0151v\u00e9 teszi ak\u00e1r <strong data-start=\"2455\" data-end=\"2463\">2 mm<\/strong> v\u00e9kony \u00fcveg edz\u00e9s\u00e9t, ami termikus elj\u00e1r\u00e1sokkal nem lehets\u00e9ges.<\/p>\n\t\t\t\t\t\t\t\t<\/div>\n\t\t\t\t<\/div>\n\t\t\t\t\t<\/div>\n\t\t\t\t<\/div>\n\t\t<div class=\"elementor-element elementor-element-2ae6d74 e-flex e-con-boxed e-con e-parent\" data-id=\"2ae6d74\" data-element_type=\"container\" data-e-type=\"container\" data-settings=\"{&quot;background_background&quot;:&quot;classic&quot;}\">\n\t\t\t\t\t<div class=\"e-con-inner\">\n\t\t\t\t<div class=\"elementor-element elementor-element-5f0bd9c elementor-widget elementor-widget-heading\" data-id=\"5f0bd9c\" data-element_type=\"widget\" data-e-type=\"widget\" data-widget_type=\"heading.default\">\n\t\t\t\t<div class=\"elementor-widget-container\">\n\t\t\t\t\t<h2 class=\"elementor-heading-title elementor-size-default\">Egyedi k\u00e9miai edz\u00e9s egyedi m\u00e9retekhez<\/h2>\t\t\t\t<\/div>\n\t\t\t\t<\/div>\n\t\t\t\t<div class=\"elementor-element elementor-element-259ae8a elementor-widget elementor-widget-text-editor\" data-id=\"259ae8a\" data-element_type=\"widget\" data-e-type=\"widget\" data-widget_type=\"text-editor.default\">\n\t\t\t\t<div class=\"elementor-widget-container\">\n\t\t\t\t\t\t\t\t\t<p data-start=\"766\" data-end=\"1092\">B\u00fcszk\u00e9n k\u00edn\u00e1ljuk a <strong data-start=\"2605\" data-end=\"2654\">szem\u00e9lyre szabott k\u00e9miai edz\u00e9st<\/strong> <strong data-start=\"2659\" data-end=\"2689\">\u00fcgyf\u00e9ltulajdon\u00fa \u00fcveg (COG)<\/strong> eset\u00e9ben. Saj\u00e1t fejleszt\u00e9s\u0171 <strong data-start=\"2704\" data-end=\"2745\">korszer\u0171 k\u00e9miai f\u00fcrd\u0151rendszer\u00fcnk<\/strong> ak\u00e1r <strong data-start=\"2780\" data-end=\"2802\">8,00 x 3,21 m\u00e9teres<\/strong> \u00fcvegm\u00e9reteket is k\u00e9pes kezelni, \u00edgy a r\u00e9gi\u00f3 azon kev\u00e9s szolg\u00e1ltat\u00f3i k\u00f6z\u00e9 tartozunk, amelyek <strong data-start=\"2864\" data-end=\"2909\">vil\u00e1gsz\u00ednvonal\u00fa pontoss\u00e1ggal<\/strong> k\u00e9pesek kezelni a nagym\u00e9ret\u0171 \u00e9s speci\u00e1lis \u00fcvegeket.<\/strong><\/p>\n\t\t\t\t\t\t\t\t<\/div>\n\t\t\t\t<\/div>\n\t\t\t\t\t<\/div>\n\t\t\t\t<\/div>\n\t\t<div class=\"elementor-element elementor-element-2181cc8 e-flex e-con-boxed e-con e-parent\" data-id=\"2181cc8\" data-element_type=\"container\" data-e-type=\"container\">\n\t\t\t\t\t<div class=\"e-con-inner\">\n\t\t<div class=\"elementor-element elementor-element-e8bbdb3 e-con-full e-flex e-con e-child\" data-id=\"e8bbdb3\" data-element_type=\"container\" data-e-type=\"container\">\n\t\t\t\t<div class=\"elementor-element elementor-element-e435af1 elementor-widget elementor-widget-heading\" data-id=\"e435af1\" data-element_type=\"widget\" data-e-type=\"widget\" data-widget_type=\"heading.default\">\n\t\t\t\t<div class=\"elementor-widget-container\">\n\t\t\t\t\t<h2 class=\"elementor-heading-title elementor-size-default\">Alkalmaz\u00e1sok<\/h2>\t\t\t\t<\/div>\n\t\t\t\t<\/div>\n\t\t\t\t<div class=\"elementor-element elementor-element-ad043d1 elementor-widget elementor-widget-text-editor\" data-id=\"ad043d1\" data-element_type=\"widget\" data-e-type=\"widget\" data-widget_type=\"text-editor.default\">\n\t\t\t\t<div class=\"elementor-widget-container\">\n\t\t\t\t\t\t\t\t\t<ul>\n<li data-start=\"2971\" data-end=\"3009\">\n<p data-start=\"2973\" data-end=\"3009\">Kiv\u00e1l\u00f3 min\u0151s\u00e9g\u0171 <strong data-start=\"2982\" data-end=\"3007\">\u00e9p\u00edt\u00e9szeti homlokzatok<\/strong><\/p>\n<\/li>\n<li data-start=\"3010\" data-end=\"3052\">\n<p data-start=\"3012\" data-end=\"3052\"><strong data-start=\"3012\" data-end=\"3027\">korl\u00e1tok<\/strong> \u00e9s struktur\u00e1lis \u00fcvegez\u00e9s<\/p>\n<\/li>\n<li data-start=\"3053\" data-end=\"3085\">\n<p data-start=\"3055\" data-end=\"3085\"><strong data-start=\"3055\" data-end=\"3083\">Haj\u00f3- \u00e9s jacht ablakok<\/strong><\/p>\n<\/li>\n<li data-start=\"3086\" data-end=\"3146\">\n<p data-start=\"3088\" data-end=\"3146\"><strong data-start=\"3088\" data-end=\"3109\">Zuhanykabinok<\/strong> \u00e9s <strong data-start=\"3114\" data-end=\"3144\">\u00edvelt \u00fcvegberendez\u00e9sek<\/strong><\/p>\n<\/li>\n<li data-start=\"3147\" data-end=\"3211\">\n<p data-start=\"3149\" data-end=\"3211\"><strong data-start=\"3149\" data-end=\"3165\">\u00c9rint\u0151k\u00e9perny\u0151k<\/strong>, elektronika \u00e9s nagy \u00e9rt\u00e9k\u0171 kijelz\u0151panelek<\/p>\n<\/li>\n<li data-start=\"3212\" data-end=\"3268\">\n<p data-start=\"3214\" data-end=\"3268\"><strong data-start=\"3214\" data-end=\"3233\">B\u00fator\u00fcvegek<\/strong>, asztalok \u00e9s dekorat\u00edv elemek elemek<\/p>\n<\/li>\n<\/ul>\n\t\t\t\t\t\t\t\t<\/div>\n\t\t\t\t<\/div>\n\t\t\t\t<\/div>\n\t\t<div class=\"elementor-element elementor-element-c451f41 e-con-full e-flex e-con e-child\" data-id=\"c451f41\" data-element_type=\"container\" data-e-type=\"container\">\n\t\t\t\t<div class=\"elementor-element elementor-element-68f83dc elementor-widget elementor-widget-image\" data-id=\"68f83dc\" data-element_type=\"widget\" data-e-type=\"widget\" data-widget_type=\"image.default\">\n\t\t\t\t<div class=\"elementor-widget-container\">\n\t\t\t\t\t\t\t\t\t\t\t\t\t\t\t<img fetchpriority=\"high\" decoding=\"async\" width=\"500\" height=\"437\" src=\"https:\/\/tgrupcam.com\/wp-content\/uploads\/2025\/05\/csm_Chemical-Toughening-Ion-Exchange-Illustration_623dc1b8f8.png\" class=\"attachment-large size-large wp-image-3592\" alt=\"\" srcset=\"https:\/\/tgrupcam.com\/wp-content\/uploads\/2025\/05\/csm_Chemical-Toughening-Ion-Exchange-Illustration_623dc1b8f8.png 500w, https:\/\/tgrupcam.com\/wp-content\/uploads\/2025\/05\/csm_Chemical-Toughening-Ion-Exchange-Illustration_623dc1b8f8-300x262.png 300w\" sizes=\"(max-width: 500px) 100vw, 500px\" \/>\t\t\t\t\t\t\t\t\t\t\t\t\t\t\t<\/div>\n\t\t\t\t<\/div>\n\t\t\t\t<\/div>\n\t\t\t\t\t<\/div>\n\t\t\t\t<\/div>\n\t\t<div class=\"elementor-element elementor-element-2b0d3e2 e-flex e-con-boxed e-con e-parent\" data-id=\"2b0d3e2\" data-element_type=\"container\" data-e-type=\"container\" data-settings=\"{&quot;background_background&quot;:&quot;classic&quot;}\">\n\t\t\t\t\t<div class=\"e-con-inner\">\n\t\t\t\t<div class=\"elementor-element elementor-element-3145ea1 elementor-widget elementor-widget-heading\" data-id=\"3145ea1\" data-element_type=\"widget\" data-e-type=\"widget\" data-widget_type=\"heading.default\">\n\t\t\t\t<div class=\"elementor-widget-container\">\n\t\t\t\t\t<h2 class=\"elementor-heading-title elementor-size-default\">Mi\u00e9rt a T Grup Cam?<\/h2>\t\t\t\t<\/div>\n\t\t\t\t<\/div>\n\t\t\t\t<div class=\"elementor-element elementor-element-5331489 elementor-widget elementor-widget-text-editor\" data-id=\"5331489\" data-element_type=\"widget\" data-e-type=\"widget\" data-widget_type=\"text-editor.default\">\n\t\t\t\t<div class=\"elementor-widget-container\">\n\t\t\t\t\t\t\t\t\t<p data-start=\"3301\" data-end=\"3629\">Szak\u00e9rt\u0151i csapatunkkal, <strong data-start=\"3310\" data-end=\"3325\">fejlett bels\u0151 technol\u00f3gi\u00e1nkkal \u00e9s a nemzetk\u00f6zi szabv\u00e1nyok ir\u00e1nti elk\u00f6telezetts\u00e9g\u00fcnkkel a <strong data-start=\"3400\" data-end=\"3414\">T Grup Cam<\/strong> az \u00d6n megb\u00edzhat\u00f3 partnere az <strong data-start=\"3442\" data-end=\"3482\">egyedi k\u00e9miai edz\u00e9si megold\u00e1sokban<\/strong>. \u00dcgyfeleinket <strong data-start=\"3508\" data-end=\"3555\">T\u00f6r\u00f6korsz\u00e1gban, Eur\u00f3p\u00e1ban, az Egyes\u00fclt Kir\u00e1lys\u00e1gban, az USA-ban \u00e9s Izraelben<\/strong> szolg\u00e1ljuk ki, <strong data-start=\"3567\" data-end=\"3609\">pontoss\u00e1got, megb\u00edzhat\u00f3s\u00e1got \u00e9s innov\u00e1ci\u00f3t<\/strong> biztos\u00edtva minden projektben.<\/p>\n<p data-start=\"3631\" data-end=\"3931\" data-is-last-node=\"\" data-is-only-node=\"\">\ud83d\udce9 <strong data-start=\"3634\" data-end=\"3704\">Tov\u00e1bbi inform\u00e1ci\u00f3k\u00e9rt vagy k\u00e9miai edz\u00e9si szolg\u00e1ltat\u00e1sokra vonatkoz\u00f3 \u00e1raj\u00e1nlatk\u00e9r\u00e9s\u00e9rt:<\/strong><br data-start=\"3704\" data-end=\"3707\" \/>\ud83d\udcde +90 531 430 79 77 | +90 531 430 79 57 | +90 532 404 48 09<br data-start=\"3767\" data-end=\"3770\" \/>\ud83d\udccd <strong data-start=\"3773\" data-end=\"3784\">T\u00f6r\u00f6korsz\u00e1g:<\/strong> Ak\u00e7aburgaz Mah. 1575. Sk. 4 Ca Blok No: 4ca \u0130\u00e7 Kap\u0131 No: 3 Esenyurt\/\u0130stanbul<br data-start=\"3860\" data-end=\"3863\" \/>\ud83d\udccd <strong data-start=\"3866\" data-end=\"3879\">Bulg\u00e1ria:<\/strong> T Grup Cam Eood, Haskovof IAR1AR3<\/p>\n\t\t\t\t\t\t\t\t<\/div>\n\t\t\t\t<\/div>\n\t\t\t\t\t<\/div>\n\t\t\t\t<\/div>\n\t\t\t\t<\/div>\n\t\t","protected":false},"excerpt":{"rendered":"<p>K\u00e9miai edz\u00e9s K\u00e9miai edz\u00e9s A T Grup Cam-n\u00e1l elk\u00f6telezettek vagyunk amellett, hogy kiv\u00e9teles \u00fcvegmin\u0151s\u00e9get biztos\u00edtsunk, amely megfelel \u00fcgyfeleink magas elv\u00e1r\u00e1sainak az \u00e9p\u00edt\u00e9szeti, aut\u00f3ipari, haj\u00f3ipari \u00e9s nagy teljes\u00edtm\u00e9ny\u0171 formatervez\u00e9si ipar\u00e1gakban. k\u00e9miai edz\u00e9si technol\u00f3gi\u00e1nk pr\u00e9mium megold\u00e1st k\u00edn\u00e1l olyan projektekhez, amelyek a hagyom\u00e1nyos h\u0151edz\u00e9s k\u00e9pess\u00e9geit meghalad\u00f3 kiv\u00e1l\u00f3 optikai tisztas\u00e1got, szil\u00e1rds\u00e1got \u00e9s megb\u00edzhat\u00f3s\u00e1got ig\u00e9nyelnek. A h\u0151edzett \u00fcveggel ellent\u00e9tben, amely [&hellip;]<\/p>\n","protected":false},"author":1,"featured_media":0,"parent":0,"menu_order":0,"comment_status":"closed","ping_status":"closed","template":"elementor_header_footer","meta":{"footnotes":""},"class_list":["post-5156","page","type-page","status-publish","hentry"],"_links":{"self":[{"href":"https:\/\/tgrupcam.com\/index.php\/wp-json\/wp\/v2\/pages\/5156","targetHints":{"allow":["GET"]}}],"collection":[{"href":"https:\/\/tgrupcam.com\/index.php\/wp-json\/wp\/v2\/pages"}],"about":[{"href":"https:\/\/tgrupcam.com\/index.php\/wp-json\/wp\/v2\/types\/page"}],"author":[{"embeddable":true,"href":"https:\/\/tgrupcam.com\/index.php\/wp-json\/wp\/v2\/users\/1"}],"replies":[{"embeddable":true,"href":"https:\/\/tgrupcam.com\/index.php\/wp-json\/wp\/v2\/comments?post=5156"}],"version-history":[{"count":0,"href":"https:\/\/tgrupcam.com\/index.php\/wp-json\/wp\/v2\/pages\/5156\/revisions"}],"wp:attachment":[{"href":"https:\/\/tgrupcam.com\/index.php\/wp-json\/wp\/v2\/media?parent=5156"}],"curies":[{"name":"wp","href":"https:\/\/api.w.org\/{rel}","templated":true}]}}