{"id":5162,"date":"2025-05-28T13:08:12","date_gmt":"2025-05-28T10:08:12","guid":{"rendered":"https:\/\/tgrupcam.com\/index.php\/elektromagneses-interferencia-elleni-vedelem\/"},"modified":"2025-06-04T12:46:17","modified_gmt":"2025-06-04T09:46:17","slug":"elektromagneses-interferencia-elleni-vedelem","status":"publish","type":"page","link":"https:\/\/tgrupcam.com\/index.php\/elektromagneses-interferencia-elleni-vedelem\/?lang=hu","title":{"rendered":"Elektrom\u00e1gneses interferencia elleni v\u00e9delem"},"content":{"rendered":"\t\t<div data-elementor-type=\"wp-page\" data-elementor-id=\"5162\" class=\"elementor elementor-5162 elementor-3608\" data-elementor-post-type=\"page\">\n\t\t\t\t<div class=\"elementor-element elementor-element-79c9af8 e-con-full e-flex e-con e-parent\" data-id=\"79c9af8\" data-element_type=\"container\" data-e-type=\"container\" data-settings=\"{&quot;background_background&quot;:&quot;classic&quot;,&quot;shape_divider_bottom&quot;:&quot;opacity-fan&quot;}\">\n\t\t\t\t<div class=\"elementor-shape elementor-shape-bottom\" aria-hidden=\"true\" data-negative=\"false\">\n\t\t\t<svg xmlns=\"http:\/\/www.w3.org\/2000\/svg\" viewBox=\"0 0 283.5 19.6\" preserveAspectRatio=\"none\">\n\t<path class=\"elementor-shape-fill\" style=\"opacity:0.33\" d=\"M0 0L0 18.8 141.8 4.1 283.5 18.8 283.5 0z\"\/>\n\t<path class=\"elementor-shape-fill\" style=\"opacity:0.33\" d=\"M0 0L0 12.6 141.8 4 283.5 12.6 283.5 0z\"\/>\n\t<path class=\"elementor-shape-fill\" style=\"opacity:0.33\" d=\"M0 0L0 6.4 141.8 4 283.5 6.4 283.5 0z\"\/>\n\t<path class=\"elementor-shape-fill\" d=\"M0 0L0 1.2 141.8 4 283.5 1.2 283.5 0z\"\/>\n<\/svg>\t\t<\/div>\n\t\t\t\t<div class=\"elementor-element elementor-element-d85c1e5 elementor-widget elementor-widget-heading\" data-id=\"d85c1e5\" data-element_type=\"widget\" data-e-type=\"widget\" data-widget_type=\"heading.default\">\n\t\t\t\t<div class=\"elementor-widget-container\">\n\t\t\t\t\t<h2 class=\"elementor-heading-title elementor-size-default\">Elektrom\u00e1gneses interferencia elleni v\u00e9delem<\/h2>\t\t\t\t<\/div>\n\t\t\t\t<\/div>\n\t\t\t\t<\/div>\n\t\t<div class=\"elementor-element elementor-element-2cc499d e-flex e-con-boxed e-con e-parent\" data-id=\"2cc499d\" data-element_type=\"container\" data-e-type=\"container\">\n\t\t\t\t\t<div class=\"e-con-inner\">\n\t\t\t\t<div class=\"elementor-element elementor-element-4eeebef elementor-widget elementor-widget-heading\" data-id=\"4eeebef\" data-element_type=\"widget\" data-e-type=\"widget\" data-widget_type=\"heading.default\">\n\t\t\t\t<div class=\"elementor-widget-container\">\n\t\t\t\t\t<h2 class=\"elementor-heading-title elementor-size-default\">Elektrom\u00e1gneses interferencia elleni v\u00e9delem<\/h2>\t\t\t\t<\/div>\n\t\t\t\t<\/div>\n\t\t\t\t<div class=\"elementor-element elementor-element-96ca51e elementor-widget elementor-widget-text-editor\" data-id=\"96ca51e\" data-element_type=\"widget\" data-e-type=\"widget\" data-widget_type=\"text-editor.default\">\n\t\t\t\t<div class=\"elementor-widget-container\">\n\t\t\t\t\t\t\t\t\t<p data-start=\"65\" data-end=\"440\">A <strong data-start=\"101\" data-end=\"115\">T Grup Cam<\/strong>-n\u00e1l felismerj\u00fck a <strong data-start=\"168\" data-end=\"199\">fed\u00e9lzeti elektronikus rendszerek (EMI)<\/strong> <strong data-start=\"205\" data-end=\"243\">elektrom\u00e1gneses interferenci\u00e1val<\/strong> szembeni v\u00e9delm\u00e9nek kritikus fontoss\u00e1g\u00e1t, k\u00fcl\u00f6n\u00f6sen a <strong data-start=\"259\" data-end=\"289\">tengeri, v\u00e9delmi, rep\u00fcl\u0151g\u00e9pipari<\/strong> \u00e9s a <strong data-start=\"295\" data-end=\"332\">cs\u00facstechnol\u00f3gi\u00e1s ipari alkalmaz\u00e1sokban<\/strong>.<\/p>\n<p data-start=\"65\" data-end=\"440\">A <strong data-start=\"377\" data-end=\"408\">radarok, HF\/UHF ad\u00f3k<\/strong> \u00e9s a <strong data-start=\"414\" data-end=\"454\">nagy energi\u00e1j\u00fa elektrom\u00e1gneses sug\u00e1rz\u00e1s \u00e1ltal l\u00e9trehozott elektrom\u00e1gneses k\u00f6rnyezetek az impulzusok<\/strong> megzavarhatj\u00e1k a <strong data-start=\"486\" data-end=\"538\">navig\u00e1ci\u00f3s, kommunik\u00e1ci\u00f3s \u00e9s vez\u00e9rl\u0151berendez\u00e9sek<\/strong> teljes\u00edtm\u00e9ny\u00e9t. Ennek megold\u00e1s\u00e1ra speci\u00e1lis <strong data-start=\"589\" data-end=\"622\">EMI \u00e1rny\u00e9kol\u00f3 \u00fcvegmegold\u00e1sokat<\/strong> k\u00edn\u00e1lunk, amelyek <strong data-start=\"641\" data-end=\"674\">maxim\u00e1lis \u00e1rny\u00e9kol\u00e1si teljes\u00edtm\u00e9nyt<\/strong> \u00e9s <strong data-start=\"679\" data-end=\"703\">nagy optikai tisztas\u00e1got<\/strong> biztos\u00edtanak.<\/p>\n\t\t\t\t\t\t\t\t<\/div>\n\t\t\t\t<\/div>\n\t\t\t\t\t<\/div>\n\t\t\t\t<\/div>\n\t\t\t\t<\/div>\n\t\t","protected":false},"excerpt":{"rendered":"<p>Elektrom\u00e1gneses interferencia elleni v\u00e9delem Elektrom\u00e1gneses interferencia elleni v\u00e9delem A T Grup Cam-n\u00e1l felismerj\u00fck a fed\u00e9lzeti elektronikus rendszerek (EMI) elektrom\u00e1gneses interferenci\u00e1val szembeni v\u00e9delm\u00e9nek kritikus fontoss\u00e1g\u00e1t, k\u00fcl\u00f6n\u00f6sen a tengeri, v\u00e9delmi, rep\u00fcl\u0151g\u00e9pipari \u00e9s a cs\u00facstechnol\u00f3gi\u00e1s ipari alkalmaz\u00e1sokban. A radarok, HF\/UHF ad\u00f3k \u00e9s a nagy energi\u00e1j\u00fa elektrom\u00e1gneses sug\u00e1rz\u00e1s \u00e1ltal l\u00e9trehozott elektrom\u00e1gneses k\u00f6rnyezetek az impulzusok megzavarhatj\u00e1k a navig\u00e1ci\u00f3s, kommunik\u00e1ci\u00f3s \u00e9s [&hellip;]<\/p>\n","protected":false},"author":1,"featured_media":0,"parent":0,"menu_order":0,"comment_status":"closed","ping_status":"closed","template":"elementor_header_footer","meta":{"footnotes":""},"class_list":["post-5162","page","type-page","status-publish","hentry"],"_links":{"self":[{"href":"https:\/\/tgrupcam.com\/index.php\/wp-json\/wp\/v2\/pages\/5162","targetHints":{"allow":["GET"]}}],"collection":[{"href":"https:\/\/tgrupcam.com\/index.php\/wp-json\/wp\/v2\/pages"}],"about":[{"href":"https:\/\/tgrupcam.com\/index.php\/wp-json\/wp\/v2\/types\/page"}],"author":[{"embeddable":true,"href":"https:\/\/tgrupcam.com\/index.php\/wp-json\/wp\/v2\/users\/1"}],"replies":[{"embeddable":true,"href":"https:\/\/tgrupcam.com\/index.php\/wp-json\/wp\/v2\/comments?post=5162"}],"version-history":[{"count":0,"href":"https:\/\/tgrupcam.com\/index.php\/wp-json\/wp\/v2\/pages\/5162\/revisions"}],"wp:attachment":[{"href":"https:\/\/tgrupcam.com\/index.php\/wp-json\/wp\/v2\/media?parent=5162"}],"curies":[{"name":"wp","href":"https:\/\/api.w.org\/{rel}","templated":true}]}}