{"id":5189,"date":"2025-05-28T13:36:11","date_gmt":"2025-05-28T10:36:11","guid":{"rendered":"https:\/\/tgrupcam.com\/index.php\/nij-0108-01\/"},"modified":"2025-06-04T14:04:01","modified_gmt":"2025-06-04T11:04:01","slug":"nij-0108-01","status":"publish","type":"page","link":"https:\/\/tgrupcam.com\/index.php\/nij-0108-01\/?lang=he","title":{"rendered":"NIJ 0108.01"},"content":{"rendered":"\t\t<div data-elementor-type=\"wp-page\" data-elementor-id=\"5189\" class=\"elementor elementor-5189 elementor-3657\" data-elementor-post-type=\"page\">\n\t\t\t\t<div class=\"elementor-element elementor-element-79c9af8 e-con-full e-flex e-con e-parent\" data-id=\"79c9af8\" data-element_type=\"container\" data-e-type=\"container\" data-settings=\"{&quot;background_background&quot;:&quot;classic&quot;,&quot;shape_divider_bottom&quot;:&quot;opacity-fan&quot;}\">\n\t\t\t\t<div class=\"elementor-shape elementor-shape-bottom\" aria-hidden=\"true\" data-negative=\"false\">\n\t\t\t<svg xmlns=\"http:\/\/www.w3.org\/2000\/svg\" viewBox=\"0 0 283.5 19.6\" preserveAspectRatio=\"none\">\n\t<path class=\"elementor-shape-fill\" style=\"opacity:0.33\" d=\"M0 0L0 18.8 141.8 4.1 283.5 18.8 283.5 0z\"\/>\n\t<path class=\"elementor-shape-fill\" style=\"opacity:0.33\" d=\"M0 0L0 12.6 141.8 4 283.5 12.6 283.5 0z\"\/>\n\t<path class=\"elementor-shape-fill\" style=\"opacity:0.33\" d=\"M0 0L0 6.4 141.8 4 283.5 6.4 283.5 0z\"\/>\n\t<path class=\"elementor-shape-fill\" d=\"M0 0L0 1.2 141.8 4 283.5 1.2 283.5 0z\"\/>\n<\/svg>\t\t<\/div>\n\t\t\t\t<div class=\"elementor-element elementor-element-d85c1e5 elementor-widget elementor-widget-heading\" data-id=\"d85c1e5\" data-element_type=\"widget\" data-e-type=\"widget\" data-widget_type=\"heading.default\">\n\t\t\t\t<div class=\"elementor-widget-container\">\n\t\t\t\t\t<h2 class=\"elementor-heading-title elementor-size-default\">NIJ 0108.01<\/h2>\t\t\t\t<\/div>\n\t\t\t\t<\/div>\n\t\t\t\t<\/div>\n\t\t<div class=\"elementor-element elementor-element-2cc499d e-flex e-con-boxed e-con e-parent\" data-id=\"2cc499d\" data-element_type=\"container\" data-e-type=\"container\">\n\t\t\t\t\t<div class=\"e-con-inner\">\n\t\t\t\t<div class=\"elementor-element elementor-element-4eeebef elementor-widget elementor-widget-heading\" data-id=\"4eeebef\" data-element_type=\"widget\" data-e-type=\"widget\" data-widget_type=\"heading.default\">\n\t\t\t\t<div class=\"elementor-widget-container\">\n\t\t\t\t\t<h2 class=\"elementor-heading-title elementor-size-default\">NIJ 0108.01<\/h2>\t\t\t\t<\/div>\n\t\t\t\t<\/div>\n\t\t\t\t<div class=\"elementor-element elementor-element-4e0388f elementor-widget elementor-widget-text-editor\" data-id=\"4e0388f\" data-element_type=\"widget\" data-e-type=\"widget\" data-widget_type=\"text-editor.default\">\n\t\t\t\t<div class=\"elementor-widget-container\">\n\t\t\t\t\t\t\t\t\t<table class=\"cart cms-woo-cartform shop_table\" border=\"1\" cellspacing=\"1\" cellpadding=\"1\">\n<tbody>\n<tr>\n<td>Z\u0131rh<\/td>\n<td colspan=\"3\">\u05de\u05d1\u05d7\u05df De\u011fi\u015fkenleri<\/td>\n<td colspan=\"2\">\u05de\u05d5\u05e4\u05e2\u05d9\u05dd gereklilikleri<\/td>\n<\/tr>\n<tr>\n<td>\u05d8\u05d9\u05e4<\/td>\n<td>Test M\u00fchimmat\u0131<\/td>\n<td>Mermi K\u00fctlesi \u05e0\u05d5\u05de\u05d9\u05e0\u05dc\u05d9<\/td>\n<td>\u00d6nerilen Namlu Uzunlu\u011fu<\/td>\n<td>Gerekli Mermi H\u0131z\u0131<\/td>\n<td\u0131 gerei\u011fl\u015f \u00f6rnekli \u0130sabetler<\/td>\n<\/tr>\n<tr>\n<td rowspan=\"4\">I<\/td>\n<td rowspan=\"2\">22 LRHV Lead<\/td>\n<td>2.6 \u05d2\u05e8\u05dd<\/td>\n<td>15- 16.5 \u05e1&#8221;\u05de<\/td>\n<td>320 \u00b1 12 \u05de\u05d8\u05e8\/\u05e9\u05e0\u05d9\u05d9\u05d4<\/td>\n<td rowspan=\"2\">5<\/td>\n<\/tr>\n<tr>\n<td>40 \u05d2\u05e8\u05dd<\/td>\n<td>6 &#8211; 6.5 \u05d0\u05d9\u05e0\u05e5&#8217;<\/td>\n<td>1050 \u00b1 40 \u05e8\u05d2\u05dc\/\u05e9\u05e0\u05d9\u05d9\u05d4<\/td>\n<\/tr>\n<tr>\n<td rowspan=\"2\">38 \u05e2\u05d5\u05e4\u05e8\u05ea \u05de\u05d9\u05d5\u05d7\u05d3\u05ea \u05e9\u05dc RN<\/td>\n<td>10.2 \u05d2\u05e8\u05dd<\/td>\n<td>15- 16.5 \u05e1&#8221;\u05de<\/td>\n<td>259 \u00b1 15 \u05de\u05d8\u05e8\/\u05e9\u05e0\u05d9\u05d9\u05d4<\/td>\n<td rowspan=\"2\">5<\/td>\n<\/tr>\n<tr>\n<td>158 \u05d2\u05e8\u05dd<\/td>\n<td>6 &#8211; 6.5 \u05d0\u05d9\u05e0\u05e5&#8217;<\/td>\n<td>850 \u00b1 50 \u05e8\u05d2\u05dc\/\u05e9\u05e0\u05d9\u05d9\u05d4<\/td>\n<\/tr>\n<tr>\n<td rowspan=\"4\">II-A<\/td>\n<td rowspan=\"2\">357 \u05de\u05d2\u05e0\u05d5\u05dd JSP<\/td>\n<td>102 \u05d2\u05e8\u05dd<\/td>\n<td>10 &#8211; 12 \u05e1&#8221;\u05de<\/td>\n<td>381 \u00b1 15 \u05de\u05d8\u05e8\/\u05e9\u05e0\u05d9\u05d9\u05d4<\/td>\n<td rowspan=\"2\">5<\/td>\n<\/tr>\n<tr>\n<td>158 \u05d2\u05e8\u05dd<\/td>\n<td>4 &#8211; 4.75 \u05d0\u05d9\u05e0\u05e5&#8217;<\/td>\n<td>1250 \u00b1 50 \u05e8\u05d2\u05dc\/\u05e9\u05e0\u05d9\u05d9\u05d4<\/td>\n<\/tr>\n<tr>\n<td rowspan=\"2\">9 \u05de&#8221;\u05de FMJ<\/td>\n<td>2.6 \u05d2\u05e8\u05dd<\/td>\n<td>15- 16.5 \u05e1&#8221;\u05de<\/td>\n<td>332 \u00b1 12 \u05de\u05d8\u05e8\/\u05e9\u05e0\u05d9\u05d9\u05d4<\/td>\n<td rowspan=\"2\">5<\/td>\n<\/tr>\n<tr>\n<td>40 \u05d2\u05e8\u05dd<\/td>\n<td>6 &#8211; 6.5 \u05d0\u05d9\u05e0\u05e5&#8217;<\/td>\n<td>1090 \u00b1 40 \u05e8\u05d2\u05dc\/\u05e9\u05e0\u05d9\u05d9\u05d4<\/td>\n<\/tr>\n<td rowspan=\"4\">II<\/td>\n<td rowspan=\"2\">357 \u05de\u05d2\u05e0\u05d5\u05dd JSP<\/td>\n<td>10.2 \u05d2\u05e8\u05dd<\/td>\n<td>15 &#8211; 16.5 \u05e1&#8221;\u05de<\/td>\n<td>425 \u00b1 15 \u05de\u05d8\u05e8\/\u05e9\u05e0\u05d9\u05d9\u05d4<\/td>\n<td rowspan=\"2\">5<\/td>\n<\/tr>\n<tr>\n<td>158 \u05d2\u05e8\u05dd<\/td>\n<td>6 &#8211; 6.5 \u05d0\u05d9\u05e0\u05e5&#8217;<\/td>\n<td>1395 \u00b1 50 \u05e8\u05d2\u05dc\/\u05e9\u05e0\u05d9\u05d9\u05d4<\/td>\n<\/tr>\n<tr>\n<td rowspan=\"2\">9 \u05de&#8221;\u05de FMJ<\/td>\n<td>8.0 \u05d2\u05e8\u05dd<\/td>\n<td>10 &#8211; 12 \u05e1&#8221;\u05de<\/td>\n<td>358 \u00b1 12 \u05de\u05d8\u05e8\/\u05e9\u05e0\u05d9\u05d9\u05d4<\/td>\n<td rowspan=\"2\">5<\/td>\n<\/tr>\n<tr>\n<td>124 \u05d2\u05e8\u05dd<\/td>\n<td>4 &#8211; 4.75 \u05d0\u05d9\u05e0\u05e5&#8217;<\/td>\n<td>1175 \u00b1 40 \u05e8\u05d2\u05dc\/\u05e9\u05e0\u05d9\u05d9\u05d4<\/td>\n<\/tr>\n<td rowspan=\"4\">III-A<\/td>\n<td rowspan=\"2\">44 \u05de\u05d2\u05e0\u05d5\u05dd \u05e2\u05d5\u05e4\u05e8\u05ea SWC \u05d2\u05d6 \u05d1\u05d3\u05d5\u05e7<\/td>\n<td>15.55 \u05d2\u05e8\u05dd<\/td>\n<td>14 &#8211; 16 \u05e1&#8221;\u05de<\/td>\n<td>426 \u00b1 15 \u05de\u05d8\u05e8\/\u05e9\u05e0\u05d9\u05d9\u05d4<\/td>\n<td rowspan=\"2\">5<\/td>\n<\/tr>\n<tr>\n<td>240 \u05d2\u05e8\u05dd<\/td>\n<td>5.5 &#8211; 6.25 \u05d0\u05d9\u05e0\u05e5&#8217;<\/td>\n<td>1400 \u00b1 50 \u05e8\u05d2\u05dc\/\u05e9\u05e0\u05d9\u05d9\u05d4<\/td>\n<\/tr>\n<tr>\n<td rowspan=\"2\">9 \u05de&#8221;\u05de FMJ<\/td>\n<td>8.0 \u05d2\u05e8\u05dd<\/td>\n<td>24 &#8211; 26 \u05e1&#8221;\u05de<\/td>\n<td>426 \u00b1 15 \u05de\u05d8\u05e8\/\u05e9\u05e0\u05d9\u05d9\u05d4<\/td>\n<td rowspan=\"2\">5<\/td>\n<\/tr>\n<tr>\n<td>124 \u05d2\u05e8\u05dd<\/td>\n<td>9.5 &#8211; 10.25 \u05d0\u05d9\u05e0\u05e5&#8217;<\/td>\n<td>1400 \u00b1 50 \u05e8\u05d2\u05dc\/\u05e9\u05e0\u05d9\u05d9\u05d4<\/td>\n<\/tr>\n<tr>\n<td rowspan=\"2\">III<\/td>\n<td rowspan=\"2\">7.62 \u05de&#8221;\u05de (308 \u05d5\u05d9\u05e0\u05e6&#8217;\u05e1\u05d8\u05e8) FMJ<\/td>\n<td>9.7 \u05d2\u05e8\u05dd<\/td>\n<td>56 \u05e1&#8221;\u05de<\/td>\n<td>838 \u00b1 15 \u05de\u05d8\u05e8\/\u05e9\u05e0\u05d9\u05d9\u05d4<\/td>\n<td rowspan=\"2\">5<\/td>\n<\/tr>\n<tr>\n<td>150 \u05d2\u05e8\u05dd<\/td>\n<td>22 \u05d0\u05d9\u05e0\u05e5&#8217;<\/td>\n<td>2750 \u00b1 50 \u05e8\u05d2\u05dc\/\u05e9\u05e0\u05d9\u05d9\u05d4<\/td>\n<\/tr>\n<tr>\n<td rowspan=\"2\">IV<\/td>\n<td rowspan=\"2\">30-06 AP<\/td>\n<td>10.8 \u05d2\u05e8\u05dd<\/td>\n<td>56 \u05e1&#8221;\u05de<\/td>\n<td>868 \u00b1 15 \u05de\u05d8\u05e8\/\u05e9\u05e0\u05d9\u05d9\u05d4<\/td>\n<td rowspan=\"2\">5<\/td>\n<\/tr>\n<\/tbody>\n<\/table>\n\t\t\t\t\t\t\t\t<\/div>\n\t\t\t\t<\/div>\n\t\t\t\t\t<\/div>\n\t\t\t\t<\/div>\n\t\t\t\t<\/div>\n\t\t","protected":false},"excerpt":{"rendered":"<p>NIJ 0108.01 NIJ 0108.01 Z\u0131rh \u05de\u05d1\u05d7\u05df De\u011fi\u015fkenleri \u05de\u05d5\u05e4\u05e2\u05d9\u05dd gereklilikleri \u05d8\u05d9\u05e4 Test M\u00fchimmat\u0131 Mermi K\u00fctlesi \u05e0\u05d5\u05de\u05d9\u05e0\u05dc\u05d9 \u00d6nerilen Namlu Uzunlu\u011fu Gerekli Mermi H\u0131z\u0131<\/p>\n","protected":false},"author":1,"featured_media":0,"parent":0,"menu_order":0,"comment_status":"closed","ping_status":"closed","template":"elementor_header_footer","meta":{"footnotes":""},"class_list":["post-5189","page","type-page","status-publish","hentry"],"_links":{"self":[{"href":"https:\/\/tgrupcam.com\/index.php\/wp-json\/wp\/v2\/pages\/5189","targetHints":{"allow":["GET"]}}],"collection":[{"href":"https:\/\/tgrupcam.com\/index.php\/wp-json\/wp\/v2\/pages"}],"about":[{"href":"https:\/\/tgrupcam.com\/index.php\/wp-json\/wp\/v2\/types\/page"}],"author":[{"embeddable":true,"href":"https:\/\/tgrupcam.com\/index.php\/wp-json\/wp\/v2\/users\/1"}],"replies":[{"embeddable":true,"href":"https:\/\/tgrupcam.com\/index.php\/wp-json\/wp\/v2\/comments?post=5189"}],"version-history":[{"count":0,"href":"https:\/\/tgrupcam.com\/index.php\/wp-json\/wp\/v2\/pages\/5189\/revisions"}],"wp:attachment":[{"href":"https:\/\/tgrupcam.com\/index.php\/wp-json\/wp\/v2\/media?parent=5189"}],"curies":[{"name":"wp","href":"https:\/\/api.w.org\/{rel}","templated":true}]}}