{"id":5238,"date":"2025-05-28T12:55:31","date_gmt":"2025-05-28T09:55:31","guid":{"rendered":"https:\/\/tgrupcam.com\/index.php\/chemische-haertung\/"},"modified":"2025-06-04T14:19:58","modified_gmt":"2025-06-04T11:19:58","slug":"chemische-haertung","status":"publish","type":"page","link":"https:\/\/tgrupcam.com\/index.php\/chemische-haertung\/?lang=de","title":{"rendered":"Chemische H\u00e4rtung"},"content":{"rendered":"\t\t<div data-elementor-type=\"wp-page\" data-elementor-id=\"5238\" class=\"elementor elementor-5238 elementor-3584\" data-elementor-post-type=\"page\">\n\t\t\t\t<div class=\"elementor-element elementor-element-79c9af8 e-con-full e-flex e-con e-parent\" data-id=\"79c9af8\" data-element_type=\"container\" data-e-type=\"container\" data-settings=\"{&quot;background_background&quot;:&quot;classic&quot;,&quot;shape_divider_bottom&quot;:&quot;opacity-fan&quot;}\">\n\t\t\t\t<div class=\"elementor-shape elementor-shape-bottom\" aria-hidden=\"true\" data-negative=\"false\">\n\t\t\t<svg xmlns=\"http:\/\/www.w3.org\/2000\/svg\" viewBox=\"0 0 283.5 19.6\" preserveAspectRatio=\"none\">\n\t<path class=\"elementor-shape-fill\" style=\"opacity:0.33\" d=\"M0 0L0 18.8 141.8 4.1 283.5 18.8 283.5 0z\"\/>\n\t<path class=\"elementor-shape-fill\" style=\"opacity:0.33\" d=\"M0 0L0 12.6 141.8 4 283.5 12.6 283.5 0z\"\/>\n\t<path class=\"elementor-shape-fill\" style=\"opacity:0.33\" d=\"M0 0L0 6.4 141.8 4 283.5 6.4 283.5 0z\"\/>\n\t<path class=\"elementor-shape-fill\" d=\"M0 0L0 1.2 141.8 4 283.5 1.2 283.5 0z\"\/>\n<\/svg>\t\t<\/div>\n\t\t\t\t<div class=\"elementor-element elementor-element-d85c1e5 elementor-widget elementor-widget-heading\" data-id=\"d85c1e5\" data-element_type=\"widget\" data-e-type=\"widget\" data-widget_type=\"heading.default\">\n\t\t\t\t<div class=\"elementor-widget-container\">\n\t\t\t\t\t<h2 class=\"elementor-heading-title elementor-size-default\">Chemische H\u00e4rtung<\/h2>\t\t\t\t<\/div>\n\t\t\t\t<\/div>\n\t\t\t\t<\/div>\n\t\t<div class=\"elementor-element elementor-element-2cc499d e-flex e-con-boxed e-con e-parent\" data-id=\"2cc499d\" data-element_type=\"container\" data-e-type=\"container\">\n\t\t\t\t\t<div class=\"e-con-inner\">\n\t\t\t\t<div class=\"elementor-element elementor-element-4eeebef elementor-widget elementor-widget-heading\" data-id=\"4eeebef\" data-element_type=\"widget\" data-e-type=\"widget\" data-widget_type=\"heading.default\">\n\t\t\t\t<div class=\"elementor-widget-container\">\n\t\t\t\t\t<h2 class=\"elementor-heading-title elementor-size-default\">Chemische H\u00e4rtung<\/h2>\t\t\t\t<\/div>\n\t\t\t\t<\/div>\n\t\t\t\t<div class=\"elementor-element elementor-element-96ca51e elementor-widget elementor-widget-text-editor\" data-id=\"96ca51e\" data-element_type=\"widget\" data-e-type=\"widget\" data-widget_type=\"text-editor.default\">\n\t\t\t\t<div class=\"elementor-widget-container\">\n\t\t\t\t\t\t\t\t\t<p data-start=\"53\" data-end=\"469\">Bei <strong data-start=\"56\" data-end=\"70\">T Grup Cam<\/strong> haben wir uns der Bereitstellung einer <strong data-start=\"103\" data-end=\"132\">au\u00dfergew\u00f6hnlichen Glasqualit\u00e4t<\/strong> verschrieben, die die hohen Erwartungen unserer Kunden aus den Bereichen Architektur, Automobil, Schifffahrt und Hochleistungsdesign erf\u00fcllt. Unsere <strong data-start=\"267\" data-end=\"301\">chemische H\u00e4rtungstechnologie<\/strong> bietet eine Premiuml\u00f6sung f\u00fcr Projekte, die eine <strong data-start=\"353\" data-end=\"408\">\u00fcberragende optische Klarheit, Festigkeit und Zuverl\u00e4ssigkeit<\/strong> erfordern, die \u00fcber die M\u00f6glichkeiten der herk\u00f6mmlichen thermischen H\u00e4rtung hinausgehen.<\/p>\n<p data-start=\"471\" data-end=\"719\">Im Gegensatz zu thermisch geh\u00e4rtetem Glas, das <strong data-start=\"520\" data-end=\"571\">Verzerrungen, lokale Schattierungen oder Farbabweichungen<\/strong> aufweisen kann, beh\u00e4lt unser <strong data-start=\"577\" data-end=\"607\">chemisch geh\u00e4rtetes Glas<\/strong> eine <strong data-start=\"618\" data-end=\"648\">perfekte visuelle Konsistenz<\/strong> \u2013 ideal f\u00fcr Anwendungen, bei denen <strong data-start=\"678\" data-end=\"700\">optische Perfektion<\/strong> nicht verhandelbar ist.<\/p>\n\t\t\t\t\t\t\t\t<\/div>\n\t\t\t\t<\/div>\n\t\t\t\t\t<\/div>\n\t\t\t\t<\/div>\n\t\t<div class=\"elementor-element elementor-element-cf186d8 e-flex e-con-boxed e-con e-parent\" data-id=\"cf186d8\" data-element_type=\"container\" data-e-type=\"container\" data-settings=\"{&quot;background_background&quot;:&quot;classic&quot;}\">\n\t\t\t\t\t<div class=\"e-con-inner\">\n\t\t\t\t<div class=\"elementor-element elementor-element-46d732c elementor-widget elementor-widget-heading\" data-id=\"46d732c\" data-element_type=\"widget\" data-e-type=\"widget\" data-widget_type=\"heading.default\">\n\t\t\t\t<div class=\"elementor-widget-container\">\n\t\t\t\t\t<h2 class=\"elementor-heading-title elementor-size-default\">Was ist chemisches Vorspannen?<\/h2>\t\t\t\t<\/div>\n\t\t\t\t<\/div>\n\t\t\t\t<div class=\"elementor-element elementor-element-3e76596 elementor-widget elementor-widget-text-editor\" data-id=\"3e76596\" data-element_type=\"widget\" data-e-type=\"widget\" data-widget_type=\"text-editor.default\">\n\t\t\t\t<div class=\"elementor-widget-container\">\n\t\t\t\t\t\t\t\t\t<p data-start=\"766\" data-end=\"1092\"><strong data-start=\"766\" data-end=\"789\">Chemisches Vorspannen<\/strong> ist ein fortschrittlicher Glash\u00e4rtungsprozess auf Basis von <strong data-start=\"842\" data-end=\"858\">Ionenaustausch<\/strong>, der sowohl die <strong data-start=\"879\" data-end=\"899\">Oberfl\u00e4chenfestigkeit<\/strong> als auch die <strong data-start=\"904\" data-end=\"926\">W\u00e4rmebest\u00e4ndigkeit<\/strong> des Glases verbessert, ohne sein Aussehen zu ver\u00e4ndern. Dies macht es ideal f\u00fcr <strong data-start=\"997\" data-end=\"1091\">\u00e4sthetische Architekturanwendungen, elektronische Displays und spezielle Verglasungssysteme<\/strong>.<\/p>\n<p data-start=\"1094\" data-end=\"1117\"><strong data-start=\"1099\" data-end=\"1115\">So funktioniert es<\/strong><\/p>\n<ol data-start=\"1118\" data-end=\"1933\">\n<li data-start=\"1118\" data-end=\"1211\">\n<p data-start=\"1121\" data-end=\"1211\"><strong data-start=\"1121\" data-end=\"1136\">Vorbereitung<\/strong> \u2013 Das Glas wird sorgf\u00e4ltig gereinigt, um eine saubere Oberfl\u00e4che zu gew\u00e4hrleisten.<\/p>\n<\/li>\n<li data-start=\"1212\" data-end=\"1523\">\n<p data-start=\"1215\" data-end=\"1322\"><strong data-start=\"1215\" data-end=\"1231\">Ionenaustausch<\/strong> \u2013 Glas wird in ein <strong data-start=\"1257\" data-end=\"1297\">hochreines Kaliumnitratbad (KNO\u2083)<\/strong> bei <strong data-start=\"1306\" data-end=\"1319\">380\u2013450 \u00b0C<\/strong> getaucht.<\/p>\n<ul data-start=\"1326\" data-end=\"1523\">\n<li data-start=\"1326\" data-end=\"1428\">\n<p data-start=\"1328\" data-end=\"1428\"><strong data-start=\"1328\" data-end=\"1357\">Kleinere Natriumionen (Na\u207a)<\/strong> in der Glasoberfl\u00e4che werden <strong data-start=\"1383\" data-end=\"1425\">durch gr\u00f6\u00dfere Kaliumionen ersetzt. (K\u207a)<\/strong>.<\/p>\n<\/li>\n<li data-start=\"1432\" data-end=\"1523\">\n<p data-start=\"1434\" data-end=\"1523\">Dieser Austausch erzeugt eine <strong data-start=\"1456\" data-end=\"1478\">Druckspannung<\/strong> auf der Oberfl\u00e4chenschicht, wodurch die Festigkeit erh\u00f6ht wird.<\/p>\n<\/li>\n<\/ul>\n<\/li>\n<li data-start=\"1524\" data-end=\"1679\">\n<p data-start=\"1527\" data-end=\"1679\"><strong data-start=\"1527\" data-end=\"1553\">Spannungsschichtbildung<\/strong> \u2013 Der Ionenaustausch bildet eine geh\u00e4rtete Schicht mit einer Tiefe von bis zu <strong data-start=\"1603\" data-end=\"1623\">100 Mikrometern<\/strong>, wodurch die Widerstandsf\u00e4higkeit gegen Risse und St\u00f6\u00dfe erheblich verbessert wird.<\/p>\n<\/li>\n<li data-start=\"1680\" data-end=\"1786\">\n<p data-start=\"1683\" data-end=\"1786\"><strong data-start=\"1683\" data-end=\"1705\">Kontrollierte Abk\u00fchlung<\/strong> \u2013 Das Glas wird schrittweise abgek\u00fchlt, um die Integrit\u00e4t der Spannungsschicht zu erhalten.<\/p>\n<\/li>\n<li data-start=\"1787\" data-end=\"1933\">\n<p data-start=\"1790\" data-end=\"1933\"><strong data-start=\"1790\" data-end=\"1810\">Endkontrolle<\/strong> \u2013 Jede Scheibe wird unter <\/p>\n<\/li>\n<\/ol>\n\t\t\t\t\t\t\t\t<\/div>\n\t\t\t\t<\/div>\n\t\t\t\t\t<\/div>\n\t\t\t\t<\/div>\n\t\t<div class=\"elementor-element elementor-element-8e4fd01 e-flex e-con-boxed e-con e-parent\" data-id=\"8e4fd01\" data-element_type=\"container\" data-e-type=\"container\">\n\t\t\t\t\t<div class=\"e-con-inner\">\n\t\t\t\t<div class=\"elementor-element elementor-element-c87e9f2 elementor-widget elementor-widget-heading\" data-id=\"c87e9f2\" data-element_type=\"widget\" data-e-type=\"widget\" data-widget_type=\"heading.default\">\n\t\t\t\t<div class=\"elementor-widget-container\">\n\t\t\t\t\t<h2 class=\"elementor-heading-title elementor-size-default\">Warum chemisches Vorspannen w\u00e4hlen?<\/h2>\t\t\t\t<\/div>\n\t\t\t\t<\/div>\n\t\t\t\t<div class=\"elementor-element elementor-element-1ad67cb elementor-widget elementor-widget-text-editor\" data-id=\"1ad67cb\" data-element_type=\"widget\" data-e-type=\"widget\" data-widget_type=\"text-editor.default\">\n\t\t\t\t<div class=\"elementor-widget-container\">\n\t\t\t\t\t\t\t\t\t<p data-start=\"53\" data-end=\"469\">\u2705 <strong data-start=\"1985\" data-end=\"2013\">Hervorragende optische Klarheit<\/strong> \u2013 Kein Verziehen, keine Farbver\u00e4nderungen oder Walzenwellenverzerrungen wie beim thermischen Vorspannen.<br data-start=\"2096\" data-end=\"2099\" \/>\u2705 <strong data-start=\"2101\" data-end=\"2130\">Verbesserte Oberfl\u00e4chenfestigkeit<\/strong> \u2013 H\u00f6here Widerstandsf\u00e4higkeit gegen Kratzer, St\u00f6\u00dfe und mechanische Beanspruchung.<br data-start=\"2197\" data-end=\"2200\" \/>\u2705 <strong data-start=\"2202\" data-end=\"2239\">Verbesserte Thermoschockbest\u00e4ndigkeit<\/strong> \u2013 Ideal f\u00fcr Umgebungen mit Temperaturschwankungen.<br data-start=\"2295\" data-end=\"2298\" \/>\u2705 <strong data-start=\"2300\" data-end=\"2320\">Sicherheit Vorteil<\/strong> \u2013 Zerbricht in weniger gef\u00e4hrliche, k\u00f6rnige Fragmente.<br data-start=\"2370\" data-end=\"2373\" \/>\u2705 <strong data-start=\"2375\" data-end=\"2413\">Perfekt f\u00fcr d\u00fcnnes und Spezialglas<\/strong> \u2013 Erm\u00f6glicht das Vorspannen von Glas mit einer Dicke von nur <strong data-start=\"2455\" data-end=\"2463\">2 mm<\/strong>, was mit thermischen Prozessen nicht m\u00f6glich ist.<\/p>\n\t\t\t\t\t\t\t\t<\/div>\n\t\t\t\t<\/div>\n\t\t\t\t\t<\/div>\n\t\t\t\t<\/div>\n\t\t<div class=\"elementor-element elementor-element-2ae6d74 e-flex e-con-boxed e-con e-parent\" data-id=\"2ae6d74\" data-element_type=\"container\" data-e-type=\"container\" data-settings=\"{&quot;background_background&quot;:&quot;classic&quot;}\">\n\t\t\t\t\t<div class=\"e-con-inner\">\n\t\t\t\t<div class=\"elementor-element elementor-element-5f0bd9c elementor-widget elementor-widget-heading\" data-id=\"5f0bd9c\" data-element_type=\"widget\" data-e-type=\"widget\" data-widget_type=\"heading.default\">\n\t\t\t\t<div class=\"elementor-widget-container\">\n\t\t\t\t\t<h2 class=\"elementor-heading-title elementor-size-default\">Kundenspezifische chemische H\u00e4rtung f\u00fcr kundenspezifische Gr\u00f6\u00dfen<\/h2>\t\t\t\t<\/div>\n\t\t\t\t<\/div>\n\t\t\t\t<div class=\"elementor-element elementor-element-259ae8a elementor-widget elementor-widget-text-editor\" data-id=\"259ae8a\" data-element_type=\"widget\" data-e-type=\"widget\" data-widget_type=\"text-editor.default\">\n\t\t\t\t<div class=\"elementor-widget-container\">\n\t\t\t\t\t\t\t\t\t<p data-start=\"766\" data-end=\"1092\">Wir sind stolz darauf, <strong data-start=\"2605\" data-end=\"2654\">chemisches Vorspannen als personalisierten Service<\/strong> f\u00fcr <strong data-start=\"2659\" data-end=\"2689\">Kundenglas (COG)<\/strong> anbieten zu k\u00f6nnen. Unser hauseigenes <strong data-start=\"2704\" data-end=\"2745\">modernes chemisches Badsystem<\/strong> kann Glasgr\u00f6\u00dfen bis zu <strong data-start=\"2780\" data-end=\"2802\">8,00 x 3,21 Meter<\/strong> verarbeiten. Damit sind wir einer der wenigen Anbieter in der Region, der <strong data-start=\"2864\" data-end=\"2909\">Gro\u00dfformat- und Spezialglas<\/strong> mit <strong data-start=\"2915\" data-end=\"2940\">Weltklasse-Pr\u00e4zision<\/strong> verarbeiten kann.<\/p>\n\t\t\t\t\t\t\t\t<\/div>\n\t\t\t\t<\/div>\n\t\t\t\t\t<\/div>\n\t\t\t\t<\/div>\n\t\t<div class=\"elementor-element elementor-element-2181cc8 e-flex e-con-boxed e-con e-parent\" data-id=\"2181cc8\" data-element_type=\"container\" data-e-type=\"container\">\n\t\t\t\t\t<div class=\"e-con-inner\">\n\t\t<div class=\"elementor-element elementor-element-e8bbdb3 e-con-full e-flex e-con e-child\" data-id=\"e8bbdb3\" data-element_type=\"container\" data-e-type=\"container\">\n\t\t\t\t<div class=\"elementor-element elementor-element-e435af1 elementor-widget elementor-widget-heading\" data-id=\"e435af1\" data-element_type=\"widget\" data-e-type=\"widget\" data-widget_type=\"heading.default\">\n\t\t\t\t<div class=\"elementor-widget-container\">\n\t\t\t\t\t<h2 class=\"elementor-heading-title elementor-size-default\">Anwendungen<\/h2>\t\t\t\t<\/div>\n\t\t\t\t<\/div>\n\t\t\t\t<div class=\"elementor-element elementor-element-ad043d1 elementor-widget elementor-widget-text-editor\" data-id=\"ad043d1\" data-element_type=\"widget\" data-e-type=\"widget\" data-widget_type=\"text-editor.default\">\n\t\t\t\t<div class=\"elementor-widget-container\">\n\t\t\t\t\t\t\t\t\t<ul>\n<li data-start=\"2971\" data-end=\"3009\">\n<p data-start=\"2973\" data-end=\"3009\">Hochwertige <strong data-start=\"2982\" data-end=\"3007\">architektonische Fassaden<\/strong><\/p>\n<\/li>\n<li data-start=\"3010\" data-end=\"3052\">\n<p data-start=\"3012\" data-end=\"3052\"><strong data-start=\"3012\" data-end=\"3027\">Balustraden<\/strong> und Strukturverglasung<\/p>\n<\/li>\n<li data-start=\"3053\" data-end=\"3085\">\n<p data-start=\"3055\" data-end=\"3085\"><strong data-start=\"3055\" data-end=\"3083\">Schiffs- und Yachtfenster<\/strong><\/p>\n<\/li>\n<li data-start=\"3086\" data-end=\"3146\">\n<p data-start=\"3088\" data-end=\"3146\"><strong data-start=\"3088\" data-end=\"3109\">Duschabtrennungen<\/strong> und <strong data-start=\"3114\" data-end=\"3144\">gebogene Glasinstallationen<\/strong><\/p>\n<\/li>\n<li data-start=\"3147\" data-end=\"3211\">\n<p data-start=\"3149\" data-end=\"3211\"><strong data-start=\"3149\" data-end=\"3165\">Touchscreens<\/strong>, Elektronik und hochwertige Anzeigetafeln<\/p>\n<\/li>\n<li data-start=\"3212\" data-end=\"3268\">\n<p data-start=\"3214\" data-end=\"3268\"><strong data-start=\"3214\" data-end=\"3233\">M\u00f6belglas<\/strong>, Tische und dekorative Elemente<\/p>\n<\/li>\n<\/ul>\n\t\t\t\t\t\t\t\t<\/div>\n\t\t\t\t<\/div>\n\t\t\t\t<\/div>\n\t\t<div class=\"elementor-element elementor-element-c451f41 e-con-full e-flex e-con e-child\" data-id=\"c451f41\" data-element_type=\"container\" data-e-type=\"container\">\n\t\t\t\t<div class=\"elementor-element elementor-element-68f83dc elementor-widget elementor-widget-image\" data-id=\"68f83dc\" data-element_type=\"widget\" data-e-type=\"widget\" data-widget_type=\"image.default\">\n\t\t\t\t<div class=\"elementor-widget-container\">\n\t\t\t\t\t\t\t\t\t\t\t\t\t\t\t<img fetchpriority=\"high\" decoding=\"async\" width=\"500\" height=\"437\" src=\"https:\/\/tgrupcam.com\/wp-content\/uploads\/2025\/05\/csm_Chemical-Toughening-Ion-Exchange-Illustration_623dc1b8f8.png\" class=\"attachment-large size-large wp-image-3589\" alt=\"\" srcset=\"https:\/\/tgrupcam.com\/wp-content\/uploads\/2025\/05\/csm_Chemical-Toughening-Ion-Exchange-Illustration_623dc1b8f8.png 500w, https:\/\/tgrupcam.com\/wp-content\/uploads\/2025\/05\/csm_Chemical-Toughening-Ion-Exchange-Illustration_623dc1b8f8-300x262.png 300w\" sizes=\"(max-width: 500px) 100vw, 500px\" \/>\t\t\t\t\t\t\t\t\t\t\t\t\t\t\t<\/div>\n\t\t\t\t<\/div>\n\t\t\t\t<\/div>\n\t\t\t\t\t<\/div>\n\t\t\t\t<\/div>\n\t\t<div class=\"elementor-element elementor-element-2b0d3e2 e-flex e-con-boxed e-con e-parent\" data-id=\"2b0d3e2\" data-element_type=\"container\" data-e-type=\"container\" data-settings=\"{&quot;background_background&quot;:&quot;classic&quot;}\">\n\t\t\t\t\t<div class=\"e-con-inner\">\n\t\t\t\t<div class=\"elementor-element elementor-element-3145ea1 elementor-widget elementor-widget-heading\" data-id=\"3145ea1\" data-element_type=\"widget\" data-e-type=\"widget\" data-widget_type=\"heading.default\">\n\t\t\t\t<div class=\"elementor-widget-container\">\n\t\t\t\t\t<h2 class=\"elementor-heading-title elementor-size-default\">Warum T Grup Cam?<\/h2>\t\t\t\t<\/div>\n\t\t\t\t<\/div>\n\t\t\t\t<div class=\"elementor-element elementor-element-5331489 elementor-widget elementor-widget-text-editor\" data-id=\"5331489\" data-element_type=\"widget\" data-e-type=\"widget\" data-widget_type=\"text-editor.default\">\n\t\t\t\t<div class=\"elementor-widget-container\">\n\t\t\t\t\t\t\t\t\t<p data-start=\"3301\" data-end=\"3629\">Mit unserem <strong data-start=\"3310\" data-end=\"3325\">Expertenteam<\/strong>, fortschrittlicher hauseigener Technologie und der Verpflichtung zu internationalen Standards ist <strong data-start=\"3400\" data-end=\"3414\">T Grup Cam<\/strong> Ihr zuverl\u00e4ssiger Partner f\u00fcr <strong data-start=\"3442\" data-end=\"3482\">kundenspezifische chemische H\u00e4rtungsl\u00f6sungen<\/strong>. Wir betreuen Kunden in der <strong data-start=\"3508\" data-end=\"3555\">T\u00fcrkei, Europa, Gro\u00dfbritannien, den USA und Israel<\/strong> und bieten in jedem Projekt <strong data-start=\"3567\" data-end=\"3609\">Pr\u00e4zision, Zuverl\u00e4ssigkeit und Innovation<\/strong>.<\/p>\n<p data-start=\"3631\" data-end=\"3931\" data-is-last-node=\"\" data-is-only-node=\"\">\ud83d\udce9 <strong data-start=\"3634\" data-end=\"3704\">Um mehr zu erfahren oder ein Angebot f\u00fcr chemische H\u00e4rtungsdienste anzufordern:<\/strong><br data-start=\"3704\" data-end=\"3707\" \/>\ud83d\udcde +90 531 430 79 77 | +90 531 430 79 57 | +90 532 404 48 09<br data-start=\"3767\" data-end=\"3770\" \/>\ud83d\udccd <strong data-start=\"3773\" data-end=\"3784\">T\u00fcrkei:<\/strong> Ak\u00e7aburgaz Mah. 1575. Sk. 4 Ca Blok No: 4ca \u0130\u00e7 Kap\u0131 No: 3 Esenyurt\/\u0130stanbul<br data-start=\"3860\" data-end=\"3863\" \/>\ud83d\udccd <strong data-start=\"3866\" data-end=\"3879\">Bulgarien:<\/strong> T Grup Cam Eood, Stoyan Zaimof 13, Haskovo\/BULGARIEN<\/p>\n\t\t\t\t\t\t\t\t<\/div>\n\t\t\t\t<\/div>\n\t\t\t\t\t<\/div>\n\t\t\t\t<\/div>\n\t\t\t\t<\/div>\n\t\t","protected":false},"excerpt":{"rendered":"<p>Chemische H\u00e4rtung Chemische H\u00e4rtung Bei T Grup Cam haben wir uns der Bereitstellung einer au\u00dfergew\u00f6hnlichen Glasqualit\u00e4t verschrieben, die die hohen Erwartungen unserer Kunden aus den Bereichen Architektur, Automobil, Schifffahrt und Hochleistungsdesign erf\u00fcllt. Unsere chemische H\u00e4rtungstechnologie bietet eine Premiuml\u00f6sung f\u00fcr Projekte, die eine \u00fcberragende optische Klarheit, Festigkeit und Zuverl\u00e4ssigkeit erfordern, die \u00fcber die M\u00f6glichkeiten der herk\u00f6mmlichen [&hellip;]<\/p>\n","protected":false},"author":1,"featured_media":0,"parent":0,"menu_order":0,"comment_status":"closed","ping_status":"closed","template":"elementor_header_footer","meta":{"footnotes":""},"class_list":["post-5238","page","type-page","status-publish","hentry"],"_links":{"self":[{"href":"https:\/\/tgrupcam.com\/index.php\/wp-json\/wp\/v2\/pages\/5238","targetHints":{"allow":["GET"]}}],"collection":[{"href":"https:\/\/tgrupcam.com\/index.php\/wp-json\/wp\/v2\/pages"}],"about":[{"href":"https:\/\/tgrupcam.com\/index.php\/wp-json\/wp\/v2\/types\/page"}],"author":[{"embeddable":true,"href":"https:\/\/tgrupcam.com\/index.php\/wp-json\/wp\/v2\/users\/1"}],"replies":[{"embeddable":true,"href":"https:\/\/tgrupcam.com\/index.php\/wp-json\/wp\/v2\/comments?post=5238"}],"version-history":[{"count":0,"href":"https:\/\/tgrupcam.com\/index.php\/wp-json\/wp\/v2\/pages\/5238\/revisions"}],"wp:attachment":[{"href":"https:\/\/tgrupcam.com\/index.php\/wp-json\/wp\/v2\/media?parent=5238"}],"curies":[{"name":"wp","href":"https:\/\/api.w.org\/{rel}","templated":true}]}}