{"id":5244,"date":"2025-05-28T13:08:12","date_gmt":"2025-05-28T10:08:12","guid":{"rendered":"https:\/\/tgrupcam.com\/index.php\/schutz-vor-elektromagnetischen-stoerungen\/"},"modified":"2025-06-04T14:24:41","modified_gmt":"2025-06-04T11:24:41","slug":"schutz-vor-elektromagnetischen-stoerungen","status":"publish","type":"page","link":"https:\/\/tgrupcam.com\/index.php\/schutz-vor-elektromagnetischen-stoerungen\/?lang=de","title":{"rendered":"Schutz vor elektromagnetischen St\u00f6rungen"},"content":{"rendered":"\t\t<div data-elementor-type=\"wp-page\" data-elementor-id=\"5244\" class=\"elementor elementor-5244 elementor-3608\" data-elementor-post-type=\"page\">\n\t\t\t\t<div class=\"elementor-element elementor-element-79c9af8 e-con-full e-flex e-con e-parent\" data-id=\"79c9af8\" data-element_type=\"container\" data-e-type=\"container\" data-settings=\"{&quot;background_background&quot;:&quot;classic&quot;,&quot;shape_divider_bottom&quot;:&quot;opacity-fan&quot;}\">\n\t\t\t\t<div class=\"elementor-shape elementor-shape-bottom\" aria-hidden=\"true\" data-negative=\"false\">\n\t\t\t<svg xmlns=\"http:\/\/www.w3.org\/2000\/svg\" viewBox=\"0 0 283.5 19.6\" preserveAspectRatio=\"none\">\n\t<path class=\"elementor-shape-fill\" style=\"opacity:0.33\" d=\"M0 0L0 18.8 141.8 4.1 283.5 18.8 283.5 0z\"\/>\n\t<path class=\"elementor-shape-fill\" style=\"opacity:0.33\" d=\"M0 0L0 12.6 141.8 4 283.5 12.6 283.5 0z\"\/>\n\t<path class=\"elementor-shape-fill\" style=\"opacity:0.33\" d=\"M0 0L0 6.4 141.8 4 283.5 6.4 283.5 0z\"\/>\n\t<path class=\"elementor-shape-fill\" d=\"M0 0L0 1.2 141.8 4 283.5 1.2 283.5 0z\"\/>\n<\/svg>\t\t<\/div>\n\t\t\t\t<div class=\"elementor-element elementor-element-d85c1e5 elementor-widget elementor-widget-heading\" data-id=\"d85c1e5\" data-element_type=\"widget\" data-e-type=\"widget\" data-widget_type=\"heading.default\">\n\t\t\t\t<div class=\"elementor-widget-container\">\n\t\t\t\t\t<h2 class=\"elementor-heading-title elementor-size-default\">Schutz vor elektromagnetischen St\u00f6rungen<\/h2>\t\t\t\t<\/div>\n\t\t\t\t<\/div>\n\t\t\t\t<\/div>\n\t\t<div class=\"elementor-element elementor-element-2cc499d e-flex e-con-boxed e-con e-parent\" data-id=\"2cc499d\" data-element_type=\"container\" data-e-type=\"container\">\n\t\t\t\t\t<div class=\"e-con-inner\">\n\t\t\t\t<div class=\"elementor-element elementor-element-4eeebef elementor-widget elementor-widget-heading\" data-id=\"4eeebef\" data-element_type=\"widget\" data-e-type=\"widget\" data-widget_type=\"heading.default\">\n\t\t\t\t<div class=\"elementor-widget-container\">\n\t\t\t\t\t<h2 class=\"elementor-heading-title elementor-size-default\">Schutz vor elektromagnetischen St\u00f6rungen<\/h2>\t\t\t\t<\/div>\n\t\t\t\t<\/div>\n\t\t\t\t<div class=\"elementor-element elementor-element-96ca51e elementor-widget elementor-widget-text-editor\" data-id=\"96ca51e\" data-element_type=\"widget\" data-e-type=\"widget\" data-widget_type=\"text-editor.default\">\n\t\t\t\t<div class=\"elementor-widget-container\">\n\t\t\t\t\t\t\t\t\t<p data-start=\"65\" data-end=\"440\">Bei <strong data-start=\"101\" data-end=\"115\">T Grup Cam<\/strong> wissen wir, wie wichtig es ist, <strong data-start=\"168\" data-end=\"199\">elektromagnetische Bordsysteme (EMI)<\/strong> vor <strong data-start=\"205\" data-end=\"243\">elektromagnetischen St\u00f6rungen<\/strong> zu sch\u00fctzen, insbesondere in <strong data-start=\"259\" data-end=\"289\">Schifffahrt, Verteidigung, Luft- und Raumfahrt<\/strong> und <strong data-start=\"295\" data-end=\"332\">High-Tech-Industrieanwendungen<\/strong>.<\/p>\n<p data-start=\"65\" data-end=\"440\">Elektromagnetische Umgebungen, die durch <strong data-start=\"377\" data-end=\"408\">Radare, HF\/UHF-Sender<\/strong> und <strong data-start=\"414\" data-end=\"454\">Hochenergetische elektromagnetische Impulse<\/strong> k\u00f6nnen die Leistung von <strong data-start=\"486\" data-end=\"538\">Navigations-, Kommunikations- und Steuerger\u00e4ten<\/strong> beeintr\u00e4chtigen. Daher bieten wir eine spezielle Palette an <strong data-start=\"589\" data-end=\"622\">EMI-Schutzglasl\u00f6sungen<\/strong> an, die sowohl <strong data-start=\"641\" data-end=\"674\">maximale Abschirmleistung<\/strong> als auch <strong data-start=\"679\" data-end=\"703\">hohe optische Klarheit<\/strong> bieten.<\/p>\n\t\t\t\t\t\t\t\t<\/div>\n\t\t\t\t<\/div>\n\t\t\t\t\t<\/div>\n\t\t\t\t<\/div>\n\t\t\t\t<\/div>\n\t\t","protected":false},"excerpt":{"rendered":"<p>Schutz vor elektromagnetischen St\u00f6rungen Schutz vor elektromagnetischen St\u00f6rungen Bei T Grup Cam wissen wir, wie wichtig es ist, elektromagnetische Bordsysteme (EMI) vor elektromagnetischen St\u00f6rungen zu sch\u00fctzen, insbesondere in Schifffahrt, Verteidigung, Luft- und Raumfahrt und High-Tech-Industrieanwendungen. Elektromagnetische Umgebungen, die durch Radare, HF\/UHF-Sender und Hochenergetische elektromagnetische Impulse k\u00f6nnen die Leistung von Navigations-, Kommunikations- und Steuerger\u00e4ten beeintr\u00e4chtigen. Daher [&hellip;]<\/p>\n","protected":false},"author":1,"featured_media":0,"parent":0,"menu_order":0,"comment_status":"closed","ping_status":"closed","template":"elementor_header_footer","meta":{"footnotes":""},"class_list":["post-5244","page","type-page","status-publish","hentry"],"_links":{"self":[{"href":"https:\/\/tgrupcam.com\/index.php\/wp-json\/wp\/v2\/pages\/5244","targetHints":{"allow":["GET"]}}],"collection":[{"href":"https:\/\/tgrupcam.com\/index.php\/wp-json\/wp\/v2\/pages"}],"about":[{"href":"https:\/\/tgrupcam.com\/index.php\/wp-json\/wp\/v2\/types\/page"}],"author":[{"embeddable":true,"href":"https:\/\/tgrupcam.com\/index.php\/wp-json\/wp\/v2\/users\/1"}],"replies":[{"embeddable":true,"href":"https:\/\/tgrupcam.com\/index.php\/wp-json\/wp\/v2\/comments?post=5244"}],"version-history":[{"count":0,"href":"https:\/\/tgrupcam.com\/index.php\/wp-json\/wp\/v2\/pages\/5244\/revisions"}],"wp:attachment":[{"href":"https:\/\/tgrupcam.com\/index.php\/wp-json\/wp\/v2\/media?parent=5244"}],"curies":[{"name":"wp","href":"https:\/\/api.w.org\/{rel}","templated":true}]}}