{"id":5262,"date":"2025-05-28T12:55:31","date_gmt":"2025-05-28T09:55:31","guid":{"rendered":"https:\/\/tgrupcam.com\/index.php\/trempe-chimique\/"},"modified":"2025-06-04T14:29:54","modified_gmt":"2025-06-04T11:29:54","slug":"trempe-chimique","status":"publish","type":"page","link":"https:\/\/tgrupcam.com\/index.php\/trempe-chimique\/?lang=fr","title":{"rendered":"Trempe chimique"},"content":{"rendered":"\t\t<div data-elementor-type=\"wp-page\" data-elementor-id=\"5262\" class=\"elementor elementor-5262 elementor-3584\" data-elementor-post-type=\"page\">\n\t\t\t\t<div class=\"elementor-element elementor-element-79c9af8 e-con-full e-flex e-con e-parent\" data-id=\"79c9af8\" data-element_type=\"container\" data-e-type=\"container\" data-settings=\"{&quot;background_background&quot;:&quot;classic&quot;,&quot;shape_divider_bottom&quot;:&quot;opacity-fan&quot;}\">\n\t\t\t\t<div class=\"elementor-shape elementor-shape-bottom\" aria-hidden=\"true\" data-negative=\"false\">\n\t\t\t<svg xmlns=\"http:\/\/www.w3.org\/2000\/svg\" viewBox=\"0 0 283.5 19.6\" preserveAspectRatio=\"none\">\n\t<path class=\"elementor-shape-fill\" style=\"opacity:0.33\" d=\"M0 0L0 18.8 141.8 4.1 283.5 18.8 283.5 0z\"\/>\n\t<path class=\"elementor-shape-fill\" style=\"opacity:0.33\" d=\"M0 0L0 12.6 141.8 4 283.5 12.6 283.5 0z\"\/>\n\t<path class=\"elementor-shape-fill\" style=\"opacity:0.33\" d=\"M0 0L0 6.4 141.8 4 283.5 6.4 283.5 0z\"\/>\n\t<path class=\"elementor-shape-fill\" d=\"M0 0L0 1.2 141.8 4 283.5 1.2 283.5 0z\"\/>\n<\/svg>\t\t<\/div>\n\t\t\t\t<div class=\"elementor-element elementor-element-d85c1e5 elementor-widget elementor-widget-heading\" data-id=\"d85c1e5\" data-element_type=\"widget\" data-e-type=\"widget\" data-widget_type=\"heading.default\">\n\t\t\t\t<div class=\"elementor-widget-container\">\n\t\t\t\t\t<h2 class=\"elementor-heading-title elementor-size-default\">Trempe chimique<\/h2>\t\t\t\t<\/div>\n\t\t\t\t<\/div>\n\t\t\t\t<\/div>\n\t\t<div class=\"elementor-element elementor-element-2cc499d e-flex e-con-boxed e-con e-parent\" data-id=\"2cc499d\" data-element_type=\"container\" data-e-type=\"container\">\n\t\t\t\t\t<div class=\"e-con-inner\">\n\t\t\t\t<div class=\"elementor-element elementor-element-4eeebef elementor-widget elementor-widget-heading\" data-id=\"4eeebef\" data-element_type=\"widget\" data-e-type=\"widget\" data-widget_type=\"heading.default\">\n\t\t\t\t<div class=\"elementor-widget-container\">\n\t\t\t\t\t<h2 class=\"elementor-heading-title elementor-size-default\">Trempe chimique<\/h2>\t\t\t\t<\/div>\n\t\t\t\t<\/div>\n\t\t\t\t<div class=\"elementor-element elementor-element-96ca51e elementor-widget elementor-widget-text-editor\" data-id=\"96ca51e\" data-element_type=\"widget\" data-e-type=\"widget\" data-widget_type=\"text-editor.default\">\n\t\t\t\t<div class=\"elementor-widget-container\">\n\t\t\t\t\t\t\t\t\t<p data-start=\"53\" data-end=\"469\">Chez <strong data-start=\"56\" data-end=\"70\">T Grup Cam<\/strong>, nous nous engageons \u00e0 fournir une <strong data-start=\"103\" data-end=\"132\">qualit\u00e9 de verre exceptionnelle<\/strong> qui r\u00e9pond aux attentes \u00e9lev\u00e9es de nos clients dans les secteurs de l&#8217;architecture, de l&#8217;automobile, de la marine et de la conception haute performance. Notre <strong data-start=\"267\" data-end=\"301\">technologie de trempe chimique<\/strong> offre une solution haut de gamme pour les projets qui exigent une <strong data-start=\"353\" data-end=\"408\">clart\u00e9 optique, une r\u00e9sistance et une fiabilit\u00e9 sup\u00e9rieures<\/strong>, au-del\u00e0 des capacit\u00e9s de la trempe thermique traditionnelle.<\/p>\n<p data-start=\"471\" data-end=\"719\">Contrairement au verre tremp\u00e9 thermiquement, qui peut pr\u00e9senter des <strong data-start=\"520\" data-end=\"571\">distorsions, des nuances locales ou des variations de couleur<\/strong>, notre <strong data-start=\"577\" data-end=\"607\">verre tremp\u00e9 chimiquement<\/strong> maintient une <strong data-start=\"618\" data-end=\"648\">coh\u00e9rence visuelle parfaite<\/strong>, id\u00e9ale pour les applications o\u00f9 la <strong data-start=\"678\" data-end=\"700\">perfection optique<\/strong> est essentielle.<\/p>\n\t\t\t\t\t\t\t\t<\/div>\n\t\t\t\t<\/div>\n\t\t\t\t\t<\/div>\n\t\t\t\t<\/div>\n\t\t<div class=\"elementor-element elementor-element-cf186d8 e-flex e-con-boxed e-con e-parent\" data-id=\"cf186d8\" data-element_type=\"container\" data-e-type=\"container\" data-settings=\"{&quot;background_background&quot;:&quot;classic&quot;}\">\n\t\t\t\t\t<div class=\"e-con-inner\">\n\t\t\t\t<div class=\"elementor-element elementor-element-46d732c elementor-widget elementor-widget-heading\" data-id=\"46d732c\" data-element_type=\"widget\" data-e-type=\"widget\" data-widget_type=\"heading.default\">\n\t\t\t\t<div class=\"elementor-widget-container\">\n\t\t\t\t\t<h2 class=\"elementor-heading-title elementor-size-default\">Qu'est-ce que le durcissement chimique ?<\/h2>\t\t\t\t<\/div>\n\t\t\t\t<\/div>\n\t\t\t\t<div class=\"elementor-element elementor-element-3e76596 elementor-widget elementor-widget-text-editor\" data-id=\"3e76596\" data-element_type=\"widget\" data-e-type=\"widget\" data-widget_type=\"text-editor.default\">\n\t\t\t\t<div class=\"elementor-widget-container\">\n\t\t\t\t\t\t\t\t\t<p data-start=\"766\" data-end=\"1092\"><strong data-start=\"766\" data-end=\"789\">La trempe chimique<\/strong> est un proc\u00e9d\u00e9 avanc\u00e9 de renforcement du verre bas\u00e9 sur l&#8217;<strong data-start=\"842\" data-end=\"858\">\u00e9change d&#8217;ions<\/strong>, am\u00e9liorant \u00e0 la fois la <strong data-start=\"879\" data-end=\"899\">r\u00e9sistance de surface<\/strong> et la <strong data-start=\"904\" data-end=\"926\">r\u00e9sistance thermique<\/strong> du verre sans alt\u00e9rer son apparence. Cela le rend id\u00e9al pour les <strong data-start=\"997\" data-end=\"1091\">applications architecturales esth\u00e9tiques, les \u00e9crans \u00e9lectroniques et les syst\u00e8mes de vitrage sp\u00e9cialis\u00e9s<\/strong>.<\/p>\n<p data-start=\"1094\" data-end=\"1117\"><strong data-start=\"1099\" data-end=\"1115\">Fonctionnement<\/strong><\/p>\n<ol data-start=\"1118\" data-end=\"1933\">\n<li data-start=\"1118\" data-end=\"1211\">\n<p data-start=\"1121\" data-end=\"1211\"><strong data-start=\"1121\" data-end=\"1136\">Pr\u00e9paration<\/strong> \u2013 Le verre est m\u00e9ticuleusement nettoy\u00e9 pour garantir une surface non contamin\u00e9e.<\/p>\n<\/li>\n<li data-start=\"1212\" data-end=\"1523\">\n<p data-start=\"1215\" data-end=\"1322\"><strong data-start=\"1215\" data-end=\"1231\">\u00c9change d&#8217;ions<\/strong> \u2013 Le verre est immerg\u00e9 dans un bain de <strong data-start=\"1257\" data-end=\"1297\">nitrate de potassium (KNO\u2083) de haute puret\u00e9<\/strong> \u00e0 <strong data-start=\"1306\" data-end=\"1319\">380\u2013450 \u00b0C<\/strong>.<\/p>\n<ul data-start=\"1326\" data-end=\"1523\">\n<li data-start=\"1326\" data-end=\"1428\">\n<p data-start=\"1328\" data-end=\"1428\"><strong data-start=\"1328\" data-end=\"1357\">Les ions sodium (Na\u207a) plus petits<\/strong> \u00e0 la surface du verre sont <strong data-start=\"1383\" data-end=\"1425\">remplac\u00e9s par des ions potassium plus gros (K\u207a)<\/strong>.<\/p>\n<\/li>\n<li data-start=\"1432\" data-end=\"1523\">\n<p data-start=\"1434\" data-end=\"1523\">Cet \u00e9change cr\u00e9e une <strong data-start=\"1456\" data-end=\"1478\">contrainte de compression<\/strong> sur la couche superficielle, augmentant ainsi la r\u00e9sistance.<\/p>\n<\/li>\n<\/ul>\n<\/li>\n<li data-start=\"1524\" data-end=\"1679\">\n<p data-start=\"1527\" data-end=\"1679\"><strong data-start=\"1527\" data-end=\"1553\">Formation d&#8217;une couche de contrainte<\/strong> \u2013 L&#8217;\u00e9change d&#8217;ions forme une couche renforc\u00e9e jusqu&#8217;\u00e0 <strong data-start=\"1603\" data-end=\"1623\">100 microns d&#8217;\u00e9paisseur<\/strong>, am\u00e9liorant consid\u00e9rablement la r\u00e9sistance aux fissures et aux chocs.<\/p>\n<\/li>\n<li data-start=\"1680\" data-end=\"1786\">\n<p data-start=\"1683\" data-end=\"1786\"><strong data-start=\"1683\" data-end=\"1705\">Refroidissement contr\u00f4l\u00e9<\/strong> \u2013 Le verre est refroidi progressivement pour maintenir l&#8217;int\u00e9grit\u00e9 de la couche de contrainte.<\/p>\n<\/li>\n<li data-start=\"1787\" data-end=\"1933\">\n<p data-start=\"1790\" data-end=\"1933\"><strong data-start=\"1790\" data-end=\"1810\">Inspection finale<\/strong> \u2013 Chaque vitre est<\/p>\n<\/li>\n<\/ol>\n\t\t\t\t\t\t\t\t<\/div>\n\t\t\t\t<\/div>\n\t\t\t\t\t<\/div>\n\t\t\t\t<\/div>\n\t\t<div class=\"elementor-element elementor-element-8e4fd01 e-flex e-con-boxed e-con e-parent\" data-id=\"8e4fd01\" data-element_type=\"container\" data-e-type=\"container\">\n\t\t\t\t\t<div class=\"e-con-inner\">\n\t\t\t\t<div class=\"elementor-element elementor-element-c87e9f2 elementor-widget elementor-widget-heading\" data-id=\"c87e9f2\" data-element_type=\"widget\" data-e-type=\"widget\" data-widget_type=\"heading.default\">\n\t\t\t\t<div class=\"elementor-widget-container\">\n\t\t\t\t\t<h2 class=\"elementor-heading-title elementor-size-default\">Pourquoi choisir le durcissement chimique ?<\/h2>\t\t\t\t<\/div>\n\t\t\t\t<\/div>\n\t\t\t\t<div class=\"elementor-element elementor-element-1ad67cb elementor-widget elementor-widget-text-editor\" data-id=\"1ad67cb\" data-element_type=\"widget\" data-e-type=\"widget\" data-widget_type=\"text-editor.default\">\n\t\t\t\t<div class=\"elementor-widget-container\">\n\t\t\t\t\t\t\t\t\t<p data-start=\"53\" data-end=\"469\">\u2705 <strong data-start=\"1985\" data-end=\"2013\">Clart\u00e9 optique sup\u00e9rieure<\/strong> \u2013 Pas de d\u00e9formation, de changement de couleur ni de distorsion des ondes de rouleau comme lors de la trempe thermique.<br data-start=\"2096\" data-end=\"2099\" \/>\u2705 <strong data-start=\"2101\" data-end=\"2130\">R\u00e9sistance de surface am\u00e9lior\u00e9e<\/strong> \u2013 Meilleure r\u00e9sistance aux rayures, aux chocs et aux contraintes m\u00e9caniques.<br data-start=\"2197\" data-end=\"2200\" \/>\u2705 <strong data-start=\"2202\" data-end=\"2239\">R\u00e9sistance am\u00e9lior\u00e9e aux chocs thermiques<\/strong> \u2013 Id\u00e9al pour les environnements soumis \u00e0 des fluctuations de temp\u00e9rature.<br data-start=\"2295\" data-end=\"2298\" \/>\u2705 <strong data-start=\"2300\" data-end=\"2320\">S\u00e9curit\u00e9 Avantage\u00a0: Se d\u00e9compose en fragments granuleux moins dangereux.<br data-start=\"2370\" data-end=\"2373\" \/>\u2705 <strong data-start=\"2375\" data-end=\"2413\">Parfait pour le verre fin et sp\u00e9cial<\/strong>\u00a0: Permet de tremper du verre aussi fin que <strong data-start=\"2455\" data-end=\"2463\">2\u00a0mm<\/strong>, ce qui n\u2019est pas possible avec les proc\u00e9d\u00e9s thermiques.<\/p>\n\t\t\t\t\t\t\t\t<\/div>\n\t\t\t\t<\/div>\n\t\t\t\t\t<\/div>\n\t\t\t\t<\/div>\n\t\t<div class=\"elementor-element elementor-element-2ae6d74 e-flex e-con-boxed e-con e-parent\" data-id=\"2ae6d74\" data-element_type=\"container\" data-e-type=\"container\" data-settings=\"{&quot;background_background&quot;:&quot;classic&quot;}\">\n\t\t\t\t\t<div class=\"e-con-inner\">\n\t\t\t\t<div class=\"elementor-element elementor-element-5f0bd9c elementor-widget elementor-widget-heading\" data-id=\"5f0bd9c\" data-element_type=\"widget\" data-e-type=\"widget\" data-widget_type=\"heading.default\">\n\t\t\t\t<div class=\"elementor-widget-container\">\n\t\t\t\t\t<h2 class=\"elementor-heading-title elementor-size-default\">Trempe chimique personnalis\u00e9e pour tailles personnalis\u00e9es<\/h2>\t\t\t\t<\/div>\n\t\t\t\t<\/div>\n\t\t\t\t<div class=\"elementor-element elementor-element-259ae8a elementor-widget elementor-widget-text-editor\" data-id=\"259ae8a\" data-element_type=\"widget\" data-e-type=\"widget\" data-widget_type=\"text-editor.default\">\n\t\t\t\t<div class=\"elementor-widget-container\">\n\t\t\t\t\t\t\t\t\t<p data-start=\"766\" data-end=\"1092\">Nous sommes fiers de proposer la <strong data-start=\"2605\" data-end=\"2654\">trempe chimique en tant que service personnalis\u00e9<\/strong> pour le <strong data-start=\"2659\" data-end=\"2689\">verre appartenant au client (COG)<\/strong>. Notre <strong data-start=\"2704\" data-end=\"2745\">syst\u00e8me de bain chimique de pointe<\/strong>, int\u00e9gr\u00e9 \u00e0 notre usine, peut traiter des verres jusqu&#8217;\u00e0 <strong data-start=\"2780\" data-end=\"2802\">8,00 x 3,21 m\u00e8tres<\/strong>, ce qui fait de nous l&#8217;un des rares fournisseurs de la r\u00e9gion \u00e0 pouvoir traiter le verre grand format et le verre sp\u00e9cial avec une <strong data-start=\"2915\" data-end=\"2940\">pr\u00e9cision de classe mondiale<\/strong>.<\/p>\n\t\t\t\t\t\t\t\t<\/div>\n\t\t\t\t<\/div>\n\t\t\t\t\t<\/div>\n\t\t\t\t<\/div>\n\t\t<div class=\"elementor-element elementor-element-2181cc8 e-flex e-con-boxed e-con e-parent\" data-id=\"2181cc8\" data-element_type=\"container\" data-e-type=\"container\">\n\t\t\t\t\t<div class=\"e-con-inner\">\n\t\t<div class=\"elementor-element elementor-element-e8bbdb3 e-con-full e-flex e-con e-child\" data-id=\"e8bbdb3\" data-element_type=\"container\" data-e-type=\"container\">\n\t\t\t\t<div class=\"elementor-element elementor-element-e435af1 elementor-widget elementor-widget-heading\" data-id=\"e435af1\" data-element_type=\"widget\" data-e-type=\"widget\" data-widget_type=\"heading.default\">\n\t\t\t\t<div class=\"elementor-widget-container\">\n\t\t\t\t\t<h2 class=\"elementor-heading-title elementor-size-default\">Applications<\/h2>\t\t\t\t<\/div>\n\t\t\t\t<\/div>\n\t\t\t\t<div class=\"elementor-element elementor-element-ad043d1 elementor-widget elementor-widget-text-editor\" data-id=\"ad043d1\" data-element_type=\"widget\" data-e-type=\"widget\" data-widget_type=\"text-editor.default\">\n\t\t\t\t<div class=\"elementor-widget-container\">\n\t\t\t\t\t\t\t\t\t<ul>\n<li data-start=\"2971\" data-end=\"3009\">\n<p data-start=\"2973\" data-end=\"3009\">Fa\u00e7ades architecturales haut de gamme <strong data-start=\"2982\" data-end=\"3007\"><\/strong><\/p>\n<\/li>\n<li data-start=\"3010\" data-end=\"3052\">\n<p data-start=\"3012\" data-end=\"3052\"><strong data-start=\"3012\" data-end=\"3027\">Balustrades<\/strong> et vitrage structurel<\/p>\n<\/li>\n<li data-start=\"3053\" data-end=\"3085\">\n<p data-start=\"3055\" data-end=\"3085\"><strong data-start=\"3055\" data-end=\"3083\">Fen\u00eatres pour bateaux et yachts<\/strong><\/p>\n<\/li>\n<li data-start=\"3086\" data-end=\"3146\">\n<p data-start=\"3088\" data-end=\"3146\"><strong data-start=\"3088\" data-end=\"3109\">Parois de douche<\/strong> et <strong data-start=\"3114\" data-end=\"3144\">installations en verre bomb\u00e9<\/strong><\/p>\n<\/li>\n<li data-start=\"3147\" data-end=\"3211\">\n<p data-start=\"3149\" data-end=\"3211\"><strong data-start=\"3149\" data-end=\"3165\">\u00c9crans tactiles<\/strong>, appareils \u00e9lectroniques et panneaux d&#8217;affichage de grande valeur<\/p>\n<\/li>\n<li data-start=\"3212\" data-end=\"3268\">\n<p data-start=\"3214\" data-end=\"3268\"><strong data-start=\"3214\" data-end=\"3233\">Verre pour meubles<\/strong>, tables et \u00e9l\u00e9ments d\u00e9coratifs \u00e9l\u00e9ments<\/p>\n<\/li>\n<\/ul>\n\t\t\t\t\t\t\t\t<\/div>\n\t\t\t\t<\/div>\n\t\t\t\t<\/div>\n\t\t<div class=\"elementor-element elementor-element-c451f41 e-con-full e-flex e-con e-child\" data-id=\"c451f41\" data-element_type=\"container\" data-e-type=\"container\">\n\t\t\t\t<div class=\"elementor-element elementor-element-68f83dc elementor-widget elementor-widget-image\" data-id=\"68f83dc\" data-element_type=\"widget\" data-e-type=\"widget\" data-widget_type=\"image.default\">\n\t\t\t\t<div class=\"elementor-widget-container\">\n\t\t\t\t\t\t\t\t\t\t\t\t\t\t\t<img fetchpriority=\"high\" decoding=\"async\" width=\"500\" height=\"437\" src=\"https:\/\/tgrupcam.com\/wp-content\/uploads\/2025\/05\/csm_Chemical-Toughening-Ion-Exchange-Illustration_623dc1b8f8.png\" class=\"attachment-large size-large wp-image-3588\" alt=\"\" srcset=\"https:\/\/tgrupcam.com\/wp-content\/uploads\/2025\/05\/csm_Chemical-Toughening-Ion-Exchange-Illustration_623dc1b8f8.png 500w, https:\/\/tgrupcam.com\/wp-content\/uploads\/2025\/05\/csm_Chemical-Toughening-Ion-Exchange-Illustration_623dc1b8f8-300x262.png 300w\" sizes=\"(max-width: 500px) 100vw, 500px\" \/>\t\t\t\t\t\t\t\t\t\t\t\t\t\t\t<\/div>\n\t\t\t\t<\/div>\n\t\t\t\t<\/div>\n\t\t\t\t\t<\/div>\n\t\t\t\t<\/div>\n\t\t<div class=\"elementor-element elementor-element-2b0d3e2 e-flex e-con-boxed e-con e-parent\" data-id=\"2b0d3e2\" data-element_type=\"container\" data-e-type=\"container\" data-settings=\"{&quot;background_background&quot;:&quot;classic&quot;}\">\n\t\t\t\t\t<div class=\"e-con-inner\">\n\t\t\t\t<div class=\"elementor-element elementor-element-3145ea1 elementor-widget elementor-widget-heading\" data-id=\"3145ea1\" data-element_type=\"widget\" data-e-type=\"widget\" data-widget_type=\"heading.default\">\n\t\t\t\t<div class=\"elementor-widget-container\">\n\t\t\t\t\t<h2 class=\"elementor-heading-title elementor-size-default\">Pourquoi T Grup Cam ?<\/h2>\t\t\t\t<\/div>\n\t\t\t\t<\/div>\n\t\t\t\t<div class=\"elementor-element elementor-element-5331489 elementor-widget elementor-widget-text-editor\" data-id=\"5331489\" data-element_type=\"widget\" data-e-type=\"widget\" data-widget_type=\"text-editor.default\">\n\t\t\t\t<div class=\"elementor-widget-container\">\n\t\t\t\t\t\t\t\t\t<p data-start=\"3301\" data-end=\"3629\">Avec notre <strong data-start=\"3310\" data-end=\"3325\">\u00e9quipe d&#8217;experts<\/strong>, notre technologie interne avanc\u00e9e et notre engagement envers les normes internationales, <strong data-start=\"3400\" data-end=\"3414\">T Grup Cam<\/strong> est votre partenaire de confiance pour les <strong data-start=\"3442\" data-end=\"3482\">solutions de trempe chimique personnalis\u00e9es<\/strong>. Nous servons des clients en <strong data-start=\"3508\" data-end=\"3555\">Turquie, Europe, Royaume-Uni, \u00c9tats-Unis et Isra\u00ebl<\/strong>, offrant <strong data-start=\"3567\" data-end=\"3609\">pr\u00e9cision, fiabilit\u00e9 et innovation<\/strong> dans chaque projet.<\/p>\n<p data-start=\"3631\" data-end=\"3931\" data-is-last-node=\"\" data-is-only-node=\"\">\ud83d\udce9 <strong data-start=\"3634\" data-end=\"3704\">Pour en savoir plus ou demander un devis pour des services de trempe chimique\u00a0:<\/strong><br data-start=\"3704\" data-end=\"3707\" \/>\ud83d\udcde +90 531 430 79 77 | +90 531 430 79 57 | +90 532 404 48 09<br data-start=\"3767\" data-end=\"3770\" \/>\ud83d\udccd <strong data-start=\"3773\" data-end=\"3784\">Turquie\u00a0:<\/strong> Ak\u00e7aburgaz Mah. 1575. Sk. 4 Ca Blok No\u00a0: 4ca \u0130\u00e7 Kap\u0131 No\u00a0: 3 Esenyurt\/Istanbul<br data-start=\"3860\" data-end=\"3863\" \/>\ud83d\udccd <strong data-start=\"3866\" data-end=\"3879\">Bulgarie\u00a0:<\/strong> T Grup Cam Eood, Stoyan Zaimof 13, Haskovo\/BULGARIE<\/p>\n\t\t\t\t\t\t\t\t<\/div>\n\t\t\t\t<\/div>\n\t\t\t\t\t<\/div>\n\t\t\t\t<\/div>\n\t\t\t\t<\/div>\n\t\t","protected":false},"excerpt":{"rendered":"<p>Trempe chimique Trempe chimique Chez T Grup Cam, nous nous engageons \u00e0 fournir une qualit\u00e9 de verre exceptionnelle qui r\u00e9pond aux attentes \u00e9lev\u00e9es de nos clients dans les secteurs de l&#8217;architecture, de l&#8217;automobile, de la marine et de la conception haute performance. Notre technologie de trempe chimique offre une solution haut de gamme pour les [&hellip;]<\/p>\n","protected":false},"author":1,"featured_media":0,"parent":0,"menu_order":0,"comment_status":"closed","ping_status":"closed","template":"elementor_header_footer","meta":{"footnotes":""},"class_list":["post-5262","page","type-page","status-publish","hentry"],"_links":{"self":[{"href":"https:\/\/tgrupcam.com\/index.php\/wp-json\/wp\/v2\/pages\/5262","targetHints":{"allow":["GET"]}}],"collection":[{"href":"https:\/\/tgrupcam.com\/index.php\/wp-json\/wp\/v2\/pages"}],"about":[{"href":"https:\/\/tgrupcam.com\/index.php\/wp-json\/wp\/v2\/types\/page"}],"author":[{"embeddable":true,"href":"https:\/\/tgrupcam.com\/index.php\/wp-json\/wp\/v2\/users\/1"}],"replies":[{"embeddable":true,"href":"https:\/\/tgrupcam.com\/index.php\/wp-json\/wp\/v2\/comments?post=5262"}],"version-history":[{"count":0,"href":"https:\/\/tgrupcam.com\/index.php\/wp-json\/wp\/v2\/pages\/5262\/revisions"}],"wp:attachment":[{"href":"https:\/\/tgrupcam.com\/index.php\/wp-json\/wp\/v2\/media?parent=5262"}],"curies":[{"name":"wp","href":"https:\/\/api.w.org\/{rel}","templated":true}]}}